{"id":60438,"date":"2018-11-18T08:54:25","date_gmt":"2018-11-18T08:54:25","guid":{"rendered":"https:\/\/redfoxlotto.eu\/?page_id=60438"},"modified":"2023-05-29T18:41:39","modified_gmt":"2023-05-29T18:41:39","slug":"superenalotto","status":"publish","type":"page","link":"https:\/\/redfoxlotto.com\/it\/lotteria\/superenalotto\/","title":{"rendered":"Informazioni su SuperEnalotto"},"content":{"rendered":"<p>Questo lotto italiano \u00e8 stato introdotto con il nome di &#8220;EnaLotto&#8221; negli anni &#8217;50 e successivamente rinominato SuperEnaLotto. La vincita pi\u00f9 alta registrata al Superenalotto \u00e8 stata di 177.729.043,16 euro.<br \/>\n<img decoding=\"async\" class=\" wp-image alignright\" src=\"https:\/\/redfoxlotto.org\/wp-content\/uploads\/2023\/04\/powerball-draw-youtube1-300x300-1.jpg\" alt=\"Superenalotto gioca online\" \/><\/p>\n<p>Questa lotteria prevede tre estrazioni settimanali, ogni marted\u00ec, gioved\u00ec e sabato.<\/p>\n<h2>SuperEnalotto nel mondo<\/h2>\n<p>Fino all&#8217;introduzione di Eurojackpot, la lotteria del Superenalotto era la regina delle lotterie europee. Oggi non viene giocata solo in Italia, ma anche online da giocatori di altri Paesi.<\/p>\n<h2>Come acquistare il biglietto del Superenalotto online<\/h2>\n<p>Il processo di acquisto del biglietto del Superenalotto online \u00e8 molto semplice. Il nostro sito vi guider\u00e0 nell&#8217;acquisto del biglietto e nel pagamento.<\/p>\n<p>Quando siete pronti ad acquistare il vostro biglietto online, potete farlo in due modi diversi:<\/p>\n<ul>\n<li>Iniziate registrando un conto al RedFoxLotto (non dimenticate di cliccare sul link nell&#8217;e-mail di verifica che vi invieremo!) e poi depositate del denaro sul vostro conto. Ora che avete del denaro sul conto, potete scegliere una lotteria, scegliere i numeri e pagare con il saldo del conto. Questo metodo \u00e8 ideale se si desidera acquistare alcuni biglietti online oggi e tornare ad acquistarne altri in seguito.<\/li>\n<\/ul>\n<p>Oppure:<\/p>\n<ul>\n<li>Scegliere prima una lotteria, poi scegliere i numeri. Se volete, aggiungete altre lotterie e altri biglietti. Quindi fate clic sul pulsante &#8220;paga ora&#8221;. Successivamente, verr\u00e0 visualizzata la schermata di accesso. Poich\u00e9 non avete ancora un account, dovrete crearne uno cliccando sul pulsante &#8220;Iscriviti&#8221;. Una volta registrato e verificato il nuovo account, cercate il simbolo del carrello della spesa e cliccateci sopra. Quindi pagate online, utilizzando il metodo che vi \u00e8 pi\u00f9 congeniale.<\/li>\n<\/ul>\n<p><img loading=\"lazy\" decoding=\"async\" class=\" wp-image alignright\" src=\"https:\/\/redfoxlotto.org\/wp-content\/uploads\/2023\/04\/lotto-online-495x329-1-282x300-1.jpg\" alt=\"vincere al Superenalotto\" width=\"229\" height=\"152\" \/><br \/>\nAssicuratevi di aver completato tutti i passaggi necessari per il pagamento. Dopo aver acquistato con successo i biglietti, riceverete un&#8217;e-mail di conferma. Dopodich\u00e9, non vi resta che aspettare l&#8217;estrazione per vedere se avete vinto!<\/p>\n<h2>Le regole del SuperEnalotto<\/h2>\n<p>Il SuperEnaLotto \u00e8 un gioco con 6 numeri su 90, senza numeri aggiuntivi. Se si azzeccano 6 numeri si vince il jackpot. Se si azzeccano almeno 3 numeri, ci si qualifica per uno dei premi inferiori.<\/p>\n","protected":false},"excerpt":{"rendered":"<p>Questo lotto italiano \u00e8 stato introdotto con il nome di &#8220;EnaLotto&#8221; negli anni &#8217;50 e successivamente rinominato SuperEnaLotto. La vincita pi\u00f9 alta registrata al Superenalotto \u00e8 stata di 177.729.043,16 euro. Questa lotteria prevede tre estrazioni settimanali, ogni marted\u00ec, gioved\u00ec e sabato. SuperEnalotto nel mondo Fino all&#8217;introduzione di Eurojackpot, la lotteria del Superenalotto era la regina [&hellip;]<\/p>\n","protected":false},"author":1,"featured_media":0,"parent":59912,"menu_order":5,"comment_status":"closed","ping_status":"closed","template":"superenalotto-info.php","meta":{"_et_pb_use_builder":"","_et_pb_old_content":"","_et_gb_content_width":"","exclude_from_search":false,"footnotes":""},"class_list":["post-60438","page","type-page","status-publish","hentry"],"yoast_head":"<!-- This site is optimized with the Yoast SEO plugin v23.8 - https:\/\/yoast.com\/wordpress\/plugins\/seo\/ -->\n<title>Acquista i biglietti del Superenalotto online | Anche tu puoi vincere al Superenalotto<\/title>\n<meta name=\"description\" content=\"Anche se non vivi in Italia, i biglietti per il Superenalotto possono essere acquistati online ora!\" \/>\n<meta name=\"robots\" content=\"index, follow, max-snippet:-1, max-image-preview:large, max-video-preview:-1\" \/>\n<link rel=\"canonical\" href=\"https:\/\/redfoxlotto.com\/it\/lotteria\/superenalotto\/\" \/>\n<meta property=\"og:locale\" content=\"it_IT\" \/>\n<meta property=\"og:type\" content=\"article\" \/>\n<meta property=\"og:title\" content=\"Acquista i biglietti del Superenalotto online | Anche tu puoi vincere al Superenalotto\" \/>\n<meta property=\"og:description\" content=\"Anche se non vivi in Italia, i biglietti per il Superenalotto possono essere acquistati online ora!\" \/>\n<meta property=\"og:url\" content=\"https:\/\/redfoxlotto.com\/it\/lotteria\/superenalotto\/\" \/>\n<meta property=\"og:site_name\" content=\"Get Tickets for the World\u2019s largest jackpots\" \/>\n<meta property=\"article:modified_time\" content=\"2023-05-29T18:41:39+00:00\" \/>\n<meta property=\"og:image\" content=\"https:\/\/redfoxlotto.org\/wp-content\/uploads\/2023\/04\/powerball-draw-youtube1-300x300-1.jpg\" \/>\n<meta name=\"twitter:card\" content=\"summary_large_image\" \/>\n<meta name=\"twitter:label1\" content=\"Tempo di lettura stimato\" \/>\n\t<meta name=\"twitter:data1\" content=\"2 minuti\" \/>\n<script type=\"application\/ld+json\" class=\"yoast-schema-graph\">{\"@context\":\"https:\/\/schema.org\",\"@graph\":[{\"@type\":\"WebPage\",\"@id\":\"https:\/\/redfoxlotto.com\/it\/lotteria\/superenalotto\/\",\"url\":\"https:\/\/redfoxlotto.com\/it\/lotteria\/superenalotto\/\",\"name\":\"Acquista i biglietti del Superenalotto online | Anche tu puoi vincere al Superenalotto\",\"isPartOf\":{\"@id\":\"https:\/\/redfoxlotto.com\/it\/#website\"},\"primaryImageOfPage\":{\"@id\":\"https:\/\/redfoxlotto.com\/it\/lotteria\/superenalotto\/#primaryimage\"},\"image\":{\"@id\":\"https:\/\/redfoxlotto.com\/it\/lotteria\/superenalotto\/#primaryimage\"},\"thumbnailUrl\":\"https:\/\/redfoxlotto.org\/wp-content\/uploads\/2023\/04\/powerball-draw-youtube1-300x300-1.jpg\",\"datePublished\":\"2018-11-18T08:54:25+00:00\",\"dateModified\":\"2023-05-29T18:41:39+00:00\",\"description\":\"Anche se non vivi in Italia, i biglietti per il Superenalotto possono essere acquistati online ora!\",\"breadcrumb\":{\"@id\":\"https:\/\/redfoxlotto.com\/it\/lotteria\/superenalotto\/#breadcrumb\"},\"inLanguage\":\"it-IT\",\"potentialAction\":[{\"@type\":\"ReadAction\",\"target\":[\"https:\/\/redfoxlotto.com\/it\/lotteria\/superenalotto\/\"]}]},{\"@type\":\"ImageObject\",\"inLanguage\":\"it-IT\",\"@id\":\"https:\/\/redfoxlotto.com\/it\/lotteria\/superenalotto\/#primaryimage\",\"url\":\"https:\/\/redfoxlotto.org\/wp-content\/uploads\/2023\/04\/powerball-draw-youtube1-300x300-1.jpg\",\"contentUrl\":\"https:\/\/redfoxlotto.org\/wp-content\/uploads\/2023\/04\/powerball-draw-youtube1-300x300-1.jpg\"},{\"@type\":\"BreadcrumbList\",\"@id\":\"https:\/\/redfoxlotto.com\/it\/lotteria\/superenalotto\/#breadcrumb\",\"itemListElement\":[{\"@type\":\"ListItem\",\"position\":1,\"name\":\"Home\",\"item\":\"https:\/\/redfoxlotto.com\/it\/\"},{\"@type\":\"ListItem\",\"position\":2,\"name\":\"Il processo di acquisto dei tuoi biglietti\",\"item\":\"https:\/\/redfoxlotto.com\/it\/lotteria\/\"},{\"@type\":\"ListItem\",\"position\":3,\"name\":\"Informazioni su SuperEnalotto\"}]},{\"@type\":\"WebSite\",\"@id\":\"https:\/\/redfoxlotto.com\/it\/#website\",\"url\":\"https:\/\/redfoxlotto.com\/it\/\",\"name\":\"Get Tickets for the World\u2019s largest jackpots\",\"description\":\"Participate in worldwide lottery jackpots from any country\",\"publisher\":{\"@id\":\"https:\/\/redfoxlotto.com\/it\/#organization\"},\"potentialAction\":[{\"@type\":\"SearchAction\",\"target\":{\"@type\":\"EntryPoint\",\"urlTemplate\":\"https:\/\/redfoxlotto.com\/it\/?s={search_term_string}\"},\"query-input\":{\"@type\":\"PropertyValueSpecification\",\"valueRequired\":true,\"valueName\":\"search_term_string\"}}],\"inLanguage\":\"it-IT\"},{\"@type\":\"Organization\",\"@id\":\"https:\/\/redfoxlotto.com\/it\/#organization\",\"name\":\"Get Tickets for the World\u2019s largest jackpots\",\"url\":\"https:\/\/redfoxlotto.com\/it\/\",\"logo\":{\"@type\":\"ImageObject\",\"inLanguage\":\"it-IT\",\"@id\":\"https:\/\/redfoxlotto.com\/it\/#\/schema\/logo\/image\/\",\"url\":\"https:\/\/redfoxlotto.com\/wp-content\/uploads\/2023\/04\/logo.png\",\"contentUrl\":\"https:\/\/redfoxlotto.com\/wp-content\/uploads\/2023\/04\/logo.png\",\"width\":269,\"height\":53,\"caption\":\"Get Tickets for the World\u2019s largest jackpots\"},\"image\":{\"@id\":\"https:\/\/redfoxlotto.com\/it\/#\/schema\/logo\/image\/\"}}]}<\/script>\n<!-- \/ Yoast SEO plugin. -->","yoast_head_json":{"title":"Acquista i biglietti del Superenalotto online | Anche tu puoi vincere al Superenalotto","description":"Anche se non vivi in Italia, i biglietti per il Superenalotto possono essere acquistati online ora!","robots":{"index":"index","follow":"follow","max-snippet":"max-snippet:-1","max-image-preview":"max-image-preview:large","max-video-preview":"max-video-preview:-1"},"canonical":"https:\/\/redfoxlotto.com\/it\/lotteria\/superenalotto\/","og_locale":"it_IT","og_type":"article","og_title":"Acquista i biglietti del Superenalotto online | Anche tu puoi vincere al Superenalotto","og_description":"Anche se non vivi in Italia, i biglietti per il Superenalotto possono essere acquistati online ora!","og_url":"https:\/\/redfoxlotto.com\/it\/lotteria\/superenalotto\/","og_site_name":"Get Tickets for the World\u2019s largest jackpots","article_modified_time":"2023-05-29T18:41:39+00:00","og_image":[{"url":"https:\/\/redfoxlotto.org\/wp-content\/uploads\/2023\/04\/powerball-draw-youtube1-300x300-1.jpg"}],"twitter_card":"summary_large_image","twitter_misc":{"Tempo di lettura stimato":"2 minuti"},"schema":{"@context":"https:\/\/schema.org","@graph":[{"@type":"WebPage","@id":"https:\/\/redfoxlotto.com\/it\/lotteria\/superenalotto\/","url":"https:\/\/redfoxlotto.com\/it\/lotteria\/superenalotto\/","name":"Acquista i biglietti del Superenalotto online | Anche tu puoi vincere al Superenalotto","isPartOf":{"@id":"https:\/\/redfoxlotto.com\/it\/#website"},"primaryImageOfPage":{"@id":"https:\/\/redfoxlotto.com\/it\/lotteria\/superenalotto\/#primaryimage"},"image":{"@id":"https:\/\/redfoxlotto.com\/it\/lotteria\/superenalotto\/#primaryimage"},"thumbnailUrl":"https:\/\/redfoxlotto.org\/wp-content\/uploads\/2023\/04\/powerball-draw-youtube1-300x300-1.jpg","datePublished":"2018-11-18T08:54:25+00:00","dateModified":"2023-05-29T18:41:39+00:00","description":"Anche se non vivi in Italia, i biglietti per il Superenalotto possono essere acquistati online ora!","breadcrumb":{"@id":"https:\/\/redfoxlotto.com\/it\/lotteria\/superenalotto\/#breadcrumb"},"inLanguage":"it-IT","potentialAction":[{"@type":"ReadAction","target":["https:\/\/redfoxlotto.com\/it\/lotteria\/superenalotto\/"]}]},{"@type":"ImageObject","inLanguage":"it-IT","@id":"https:\/\/redfoxlotto.com\/it\/lotteria\/superenalotto\/#primaryimage","url":"https:\/\/redfoxlotto.org\/wp-content\/uploads\/2023\/04\/powerball-draw-youtube1-300x300-1.jpg","contentUrl":"https:\/\/redfoxlotto.org\/wp-content\/uploads\/2023\/04\/powerball-draw-youtube1-300x300-1.jpg"},{"@type":"BreadcrumbList","@id":"https:\/\/redfoxlotto.com\/it\/lotteria\/superenalotto\/#breadcrumb","itemListElement":[{"@type":"ListItem","position":1,"name":"Home","item":"https:\/\/redfoxlotto.com\/it\/"},{"@type":"ListItem","position":2,"name":"Il processo di acquisto dei tuoi biglietti","item":"https:\/\/redfoxlotto.com\/it\/lotteria\/"},{"@type":"ListItem","position":3,"name":"Informazioni su SuperEnalotto"}]},{"@type":"WebSite","@id":"https:\/\/redfoxlotto.com\/it\/#website","url":"https:\/\/redfoxlotto.com\/it\/","name":"Get Tickets for the World\u2019s largest jackpots","description":"Participate in worldwide lottery jackpots from any country","publisher":{"@id":"https:\/\/redfoxlotto.com\/it\/#organization"},"potentialAction":[{"@type":"SearchAction","target":{"@type":"EntryPoint","urlTemplate":"https:\/\/redfoxlotto.com\/it\/?s={search_term_string}"},"query-input":{"@type":"PropertyValueSpecification","valueRequired":true,"valueName":"search_term_string"}}],"inLanguage":"it-IT"},{"@type":"Organization","@id":"https:\/\/redfoxlotto.com\/it\/#organization","name":"Get Tickets for the World\u2019s largest jackpots","url":"https:\/\/redfoxlotto.com\/it\/","logo":{"@type":"ImageObject","inLanguage":"it-IT","@id":"https:\/\/redfoxlotto.com\/it\/#\/schema\/logo\/image\/","url":"https:\/\/redfoxlotto.com\/wp-content\/uploads\/2023\/04\/logo.png","contentUrl":"https:\/\/redfoxlotto.com\/wp-content\/uploads\/2023\/04\/logo.png","width":269,"height":53,"caption":"Get Tickets for the World\u2019s largest jackpots"},"image":{"@id":"https:\/\/redfoxlotto.com\/it\/#\/schema\/logo\/image\/"}}]}},"_links":{"self":[{"href":"https:\/\/redfoxlotto.com\/it\/wp-json\/wp\/v2\/pages\/60438","targetHints":{"allow":["GET"]}}],"collection":[{"href":"https:\/\/redfoxlotto.com\/it\/wp-json\/wp\/v2\/pages"}],"about":[{"href":"https:\/\/redfoxlotto.com\/it\/wp-json\/wp\/v2\/types\/page"}],"author":[{"embeddable":true,"href":"https:\/\/redfoxlotto.com\/it\/wp-json\/wp\/v2\/users\/1"}],"replies":[{"embeddable":true,"href":"https:\/\/redfoxlotto.com\/it\/wp-json\/wp\/v2\/comments?post=60438"}],"version-history":[{"count":0,"href":"https:\/\/redfoxlotto.com\/it\/wp-json\/wp\/v2\/pages\/60438\/revisions"}],"up":[{"embeddable":true,"href":"https:\/\/redfoxlotto.com\/it\/wp-json\/wp\/v2\/pages\/59912"}],"wp:attachment":[{"href":"https:\/\/redfoxlotto.com\/it\/wp-json\/wp\/v2\/media?parent=60438"}],"curies":[{"name":"wp","href":"https:\/\/api.w.org\/{rel}","templated":true}]}}