{"id":60421,"date":"2018-11-18T08:54:25","date_gmt":"2018-11-18T08:54:25","guid":{"rendered":"https:\/\/redfoxlotto.eu\/?page_id=60421"},"modified":"2025-12-18T13:49:58","modified_gmt":"2025-12-18T13:49:58","slug":"eurojackpot","status":"publish","type":"page","link":"https:\/\/redfoxlotto.com\/it\/lotteria\/eurojackpot\/","title":{"rendered":"Informazioni su Eurojackpot"},"content":{"rendered":"<p><script type=\"application\/ld+json\">\n{\n  \"@context\": \"https:\/\/schema.org\",\n  \"@type\": \"Service\",\n  \"name\": \"Gioca a Eurojackpot online\",\n  \"url\": \"https:\/\/redfoxlotto.com\/it\/lotteries\/eurojackpot\/\",\n  \"description\": \"Acquista biglietti ufficiali Eurojackpot online da qualsiasi paese. Visita RedFoxLotto, scegli i tuoi numeri e partecipa alla prossima estrazione.\",\n  \"serviceType\": \"Servizio online di intermediazione biglietti della lotteria\",<\/p>\n<p>  \"provider\": {\n    \"@type\": \"Organization\",\n    \"name\": \"RedFoxLotto\",\n    \"url\": \"https:\/\/redfoxlotto.com\/it\",\n    \"image\": \"https:\/\/redfoxlotto.com\/it\/wp-content\/uploads\/2025\/12\/ticket_scans.jpg\",\n    \"sameAs\": []\n  },<\/p>\n<p>  \"areaServed\": \"Worldwide\",\n  \"termsOfService\": \"https:\/\/redfoxlotto.com\/terms-and-conditions\",<\/p>\n<p>  \"additionalProperty\": {\n    \"@type\": \"PropertyValue\",\n    \"name\": \"FAQ\",\n    \"value\": \"https:\/\/redfoxlotto.com\/it\/faq\/\"\n  },<\/p>\n<p>  \"hasOfferCatalog\": {\n    \"@type\": \"OfferCatalog\",\n    \"name\": \"Biglietti Eurojackpot\",\n    \"itemListElement\": [\n      {\n        \"@type\": \"Offer\",\n        \"name\": \"Biglietti Eurojackpot\",\n        \"url\": \"https:\/\/redfoxlotto.com\/it\/lotteries\/eurojackpot\",\n        \"description\": \"Acquista biglietti reali online per la prossima estrazione Eurojackpot su RedFoxLotto.\",\n        \"price\": \"6.00\",\n        \"priceCurrency\": \"\u20ac\",\n        \"availability\": \"https:\/\/schema.org\/InStock\",<\/p>\n<p>        \"itemOffered\": {\n          \"@type\": \"Service\",\n          \"name\": \"Biglietti lotteria Eurojackpot\",\n          \"description\": \"Partecipa alla prossima estrazione Eurojackpot \u2013 acquista i biglietti online tramite RedFoxLotto.\"\n        }\n      }\n    ]\n  },<\/p>\n<p>  \"mainEntityOfPage\": {\n    \"@type\": \"WebPage\",\n    \"@id\": \"https:\/\/redfoxlotto.com\/it\/lotteries\/eurojackpot\/\"\n  }\n}\n<\/script><\/p>\n<p>L&#8217;Eurojackpot esiste dal 2012 e da allora ha continuato a guadagnare popolarit\u00e0. Uno dei motivi \u00e8 che sta iniziando a guadagnare qualcosa in termini di jackpot e si pu\u00f2 effettivamente vincere una discreta somma di denaro (ne parleremo pi\u00f9 avanti).<\/p>\n<p>I biglietti possono essere acquistati in 17 paesi europei partecipanti, il che lo rende davvero ottimo per i paesi che gi\u00e0 fanno parte di questa regione.<\/p>\n<p>Ma che dire di chi vive in Italia: non pu\u00f2 recarsi in un negozio per acquistare i biglietti di Eurojackpot? Se vivete in Italia, l&#8217;acquisto online \u00e8 la soluzione giusta. Anche se non vivete in uno di questi Paesi europei, potete acquistare i biglietti online da noi.<\/p>\n<h2>Il jackpot<\/h2>\n<p>La lotteria Eurojackpot ha un montepremi minimo di 10.000.000 euro. Questo sar\u00e0 sicuramente un grande vantaggio per voi e una grande differenza nella vostra vita, giusto? Non avrete alcun problema a comprare cose davvero interessanti con quel denaro o a pagare debiti o altro. Ma questo \u00e8 solo il minimo. L&#8217;importo pu\u00f2 diventare molto pi\u00f9 grande. Infatti, la vincita massima pu\u00f2 raggiungere i 120.000.000 euro. Si tratta di una cifra davvero enorme e di una grande differenza nella vostra vita, ma cosa succede se nessuno vince? Tutti gli importi superiori a questa cifra saranno trasferiti alla seconda classe di premi.<img decoding=\"async\" class=\" wp-image alignright\" src=\"https:\/\/content.redfoxlotto.com\/uploads\/sites\/9\/1_ticket_eurojackpot2.jpg\" alt=\"eurojackpot\" \/><\/p>\n<p>Ci\u00f2 significa che avrete la possibilit\u00e0 di vincere quel gigantesco jackpot fino a quando non raggiunger\u00e0 quel limite. Da quel momento, l&#8217;importo pi\u00f9 alto inizier\u00e0 a salire sempre di pi\u00f9. Ci\u00f2 significa che potreste ritrovarvi con un jackpot enorme anche in presenza di un minor numero di numeri, perch\u00e9 il premio di secondo livello diventer\u00e0 un bonus davvero eccezionale e una seconda possibilit\u00e0 di vincere alla grande.<\/p>\n<h2>Le regole di Eurojackpot<\/h2>\n<p>Se volete giocare all&#8217;Eurojackpot dall&#8217;Italia, dovete assicurarvi di avere la procedura giusta per farlo. Volete essere sicuri di giocare nel modo giusto e che il vostro biglietto sia scelto nel modo giusto. Siete fortunati, perch\u00e9 questi biglietti sono semplicissimi da scegliere e non avrete problemi a scegliere esattamente quello che volete.<\/p>\n<p>Si scelgono 5 numeri principali compresi tra 1 e 50 e poi due numeri aggiuntivi compresi tra 1 e 12. Quindi, i 5 numeri principali vi daranno comunque un premio anche se non corrispondono ai numeri aggiuntivi o ai numeri stella. Ci sono 12 livelli di premio.<\/p>\n<p>Ci\u00f2 significa che \u00e8 possibile avere un certo numero di combinazioni diverse di numeri corrispondenti, che vi faranno ottenere un qualche tipo di premio. Potreste vincere solo quanto basta per coprire il costo del biglietto, oppure potreste vincere milioni di euro senza dover abbinare tutti i numeri.<\/p>\n<p>Naturalmente, per vincere il premio principale, \u00e8 necessario azzeccare tutti e 5 i numeri principali e i 2 numeri aggiuntivi. Questo sar\u00e0 complicato e sar\u00e0 una cosa davvero rara, ma \u00e8<\/p>\n<p>sicuramente possibile. Dopo tutto, qualcuno lo vincer\u00e0, giusto? Perch\u00e9 non potreste essere voi? Noi pensiamo che sia assolutamente possibile e tutto ci\u00f2 che dovete fare \u00e8 dare un&#8217;occhiata al processo di selezione del vostro biglietto e poi prepararvi all&#8217;acquisto.<\/p>\n<h2>Acquistare il biglietto di Eurojackpot<\/h2>\n<p>Se sei pronto a giocare a Eurojackpot online, sei pronto a dare un&#8217;occhiata al nostro sistema e al nostro sito web. Tutto ci\u00f2 che devi fare \u00e8 collegarti e dare un&#8217;occhiata, ma sei gi\u00e0 l\u00ec. Quindi, cosa farete adesso? Volete dare un&#8217;occhiata ai diversi biglietti che abbiamo a disposizione.<\/p>\n<p>Offriamo i biglietti migliori e i giochi pi\u00f9 popolari, per offrirvi i jackpot pi\u00f9 grandi. Dopo aver dato un&#8217;occhiata, si pu\u00f2 decidere di acquistare i biglietti di Eurojackpot e si accede a una pagina separata.<\/p>\n<p>In questa pagina si ottengono ulteriori informazioni sull&#8217;Eurojackpot e si possono scegliere i biglietti desiderati. Potete scegliere il numero di biglietti che desiderate e i numeri che volete sul vostro biglietto. Finch\u00e9 i numeri corrispondono alle regole di cui abbiamo parlato sopra, potete scegliere qualsiasi combinazione di numeri su ciascuno dei vostri biglietti.<\/p>\n<p>Naturalmente, se non sapete quali numeri volete effettivamente scegliere, potete assolutamente scegliere un biglietto quick pick.<br \/>\n<img loading=\"lazy\" decoding=\"async\" class=\" wp-image alignright\" src=\"https:\/\/content.redfoxlotto.com\/uploads\/sites\/9\/1_eurojackpot_buy_ticket.jpg\" alt=\"acquista biglietto eurojackpot\" width=\"229\" height=\"152\" \/><br \/>\nCon un biglietto quick pick, riceverete un&#8217;assegnazione casuale di numeri che corrispondono ai requisiti. Questo vi permette di ottenere un biglietto senza dovervi preoccupare di nient&#8217;altro. Se volete scegliere alcune opzioni ma non volete scegliere tutti i numeri, potete combinare le due cose, il che vi faciliter\u00e0 sicuramente l&#8217;acquisto del biglietto.<\/p>\n<h2>Crea il tuo account<\/h2>\n<p>Una volta individuati tutti i numeri, non resta che procedere alla creazione di un account. La creazione dell&#8217;account \u00e8 semplicissima e richiede solo la compilazione di alcune informazioni personali. Queste informazioni vi permetteranno di versare facilmente del denaro sul vostro conto, che potrete utilizzare per pagare i biglietti, e di prelevare facilmente del denaro dal vostro conto in caso di vincita. \u00c8 anche molto semplice e facile.<\/p>\n<p>Quando sarete pronti a scegliere i vostri biglietti, vi baster\u00e0 accedere al vostro conto e potrete scegliere i biglietti che desiderate. Se volete scegliere rapidamente, \u00e8 ancora pi\u00f9 facile e potete anche impostare la preparazione dei biglietti per pi\u00f9 estrazioni. Ci\u00f2 significa che non dovrete preoccuparvi di acquistare altri biglietti per l&#8217;estrazione successiva. Basta conservare lo stesso biglietto e si \u00e8 pronti a partire.<\/p>\n","protected":false},"excerpt":{"rendered":"<p>L&#8217;Eurojackpot esiste dal 2012 e da allora ha continuato a guadagnare popolarit\u00e0. Uno dei motivi \u00e8 che sta iniziando a guadagnare qualcosa in termini di jackpot e si pu\u00f2 effettivamente vincere una discreta somma di denaro (ne parleremo pi\u00f9 avanti). I biglietti possono essere acquistati in 17 paesi europei partecipanti, il che lo rende davvero [&hellip;]<\/p>\n","protected":false},"author":1,"featured_media":0,"parent":59912,"menu_order":4,"comment_status":"closed","ping_status":"closed","template":"eurojackpot-info.php","meta":{"_et_pb_use_builder":"","_et_pb_old_content":"","_et_gb_content_width":"","exclude_from_search":false,"footnotes":""},"class_list":["post-60421","page","type-page","status-publish","hentry"],"yoast_head":"<!-- This site is optimized with the Yoast SEO plugin v27.3 - https:\/\/yoast.com\/product\/yoast-seo-wordpress\/ -->\n<title>I residenti in Italia possono acquistare online i biglietti dell&#039;Eurojackpot.<\/title>\n<meta name=\"description\" content=\"Acquista online i biglietti dell&#039;Eurojackpot se vivi in Italia. Utilizza il nostro servizio per avere la tua possibilit\u00e0 di vincere, con un biglietto ufficiale dell&#039;Eurojackpot.\" \/>\n<meta name=\"robots\" content=\"index, follow, max-snippet:-1, max-image-preview:large, max-video-preview:-1\" \/>\n<link rel=\"canonical\" href=\"https:\/\/redfoxlotto.com\/it\/lotteria\/eurojackpot\/\" \/>\n<meta property=\"og:locale\" content=\"it_IT\" \/>\n<meta property=\"og:type\" content=\"article\" \/>\n<meta property=\"og:title\" content=\"I residenti in Italia possono acquistare online i biglietti dell&#039;Eurojackpot.\" \/>\n<meta property=\"og:description\" content=\"Acquista online i biglietti dell&#039;Eurojackpot se vivi in Italia. Utilizza il nostro servizio per avere la tua possibilit\u00e0 di vincere, con un biglietto ufficiale dell&#039;Eurojackpot.\" \/>\n<meta property=\"og:url\" content=\"https:\/\/redfoxlotto.com\/it\/lotteria\/eurojackpot\/\" \/>\n<meta property=\"og:site_name\" content=\"Get Tickets for the World\u2019s largest jackpots\" \/>\n<meta property=\"article:modified_time\" content=\"2025-12-18T13:49:58+00:00\" \/>\n<meta property=\"og:image\" content=\"https:\/\/content.redfoxlotto.com\/uploads\/sites\/9\/1_ticket_eurojackpot2.jpg\" \/>\n<meta name=\"twitter:card\" content=\"summary_large_image\" \/>\n<meta name=\"twitter:label1\" content=\"Tempo di lettura stimato\" \/>\n\t<meta name=\"twitter:data1\" content=\"5 minuti\" \/>\n<script type=\"application\/ld+json\" class=\"yoast-schema-graph\">{\"@context\":\"https:\\\/\\\/schema.org\",\"@graph\":[{\"@type\":\"WebPage\",\"@id\":\"https:\\\/\\\/redfoxlotto.com\\\/it\\\/lotteria\\\/eurojackpot\\\/\",\"url\":\"https:\\\/\\\/redfoxlotto.com\\\/it\\\/lotteria\\\/eurojackpot\\\/\",\"name\":\"I residenti in Italia possono acquistare online i biglietti dell'Eurojackpot.\",\"isPartOf\":{\"@id\":\"https:\\\/\\\/redfoxlotto.com\\\/it\\\/#website\"},\"primaryImageOfPage\":{\"@id\":\"https:\\\/\\\/redfoxlotto.com\\\/it\\\/lotteria\\\/eurojackpot\\\/#primaryimage\"},\"image\":{\"@id\":\"https:\\\/\\\/redfoxlotto.com\\\/it\\\/lotteria\\\/eurojackpot\\\/#primaryimage\"},\"thumbnailUrl\":\"https:\\\/\\\/content.redfoxlotto.com\\\/uploads\\\/sites\\\/9\\\/1_ticket_eurojackpot2.jpg\",\"datePublished\":\"2018-11-18T08:54:25+00:00\",\"dateModified\":\"2025-12-18T13:49:58+00:00\",\"description\":\"Acquista online i biglietti dell'Eurojackpot se vivi in Italia. Utilizza il nostro servizio per avere la tua possibilit\u00e0 di vincere, con un biglietto ufficiale dell'Eurojackpot.\",\"breadcrumb\":{\"@id\":\"https:\\\/\\\/redfoxlotto.com\\\/it\\\/lotteria\\\/eurojackpot\\\/#breadcrumb\"},\"inLanguage\":\"it-IT\",\"potentialAction\":[{\"@type\":\"ReadAction\",\"target\":[\"https:\\\/\\\/redfoxlotto.com\\\/it\\\/lotteria\\\/eurojackpot\\\/\"]}]},{\"@type\":\"ImageObject\",\"inLanguage\":\"it-IT\",\"@id\":\"https:\\\/\\\/redfoxlotto.com\\\/it\\\/lotteria\\\/eurojackpot\\\/#primaryimage\",\"url\":\"https:\\\/\\\/content.redfoxlotto.com\\\/uploads\\\/sites\\\/9\\\/1_ticket_eurojackpot2.jpg\",\"contentUrl\":\"https:\\\/\\\/content.redfoxlotto.com\\\/uploads\\\/sites\\\/9\\\/1_ticket_eurojackpot2.jpg\"},{\"@type\":\"BreadcrumbList\",\"@id\":\"https:\\\/\\\/redfoxlotto.com\\\/it\\\/lotteria\\\/eurojackpot\\\/#breadcrumb\",\"itemListElement\":[{\"@type\":\"ListItem\",\"position\":1,\"name\":\"Home\",\"item\":\"https:\\\/\\\/redfoxlotto.com\\\/it\\\/\"},{\"@type\":\"ListItem\",\"position\":2,\"name\":\"Il processo di acquisto dei tuoi biglietti\",\"item\":\"https:\\\/\\\/redfoxlotto.com\\\/it\\\/lotteria\\\/\"},{\"@type\":\"ListItem\",\"position\":3,\"name\":\"Informazioni su Eurojackpot\"}]},{\"@type\":\"WebSite\",\"@id\":\"https:\\\/\\\/redfoxlotto.com\\\/it\\\/#website\",\"url\":\"https:\\\/\\\/redfoxlotto.com\\\/it\\\/\",\"name\":\"Get Tickets for the World\u2019s largest jackpots\",\"description\":\"Participate in worldwide lottery jackpots from any country\",\"publisher\":{\"@id\":\"https:\\\/\\\/redfoxlotto.com\\\/it\\\/#organization\"},\"potentialAction\":[{\"@type\":\"SearchAction\",\"target\":{\"@type\":\"EntryPoint\",\"urlTemplate\":\"https:\\\/\\\/redfoxlotto.com\\\/it\\\/?s={search_term_string}\"},\"query-input\":{\"@type\":\"PropertyValueSpecification\",\"valueRequired\":true,\"valueName\":\"search_term_string\"}}],\"inLanguage\":\"it-IT\"},{\"@type\":\"Organization\",\"@id\":\"https:\\\/\\\/redfoxlotto.com\\\/it\\\/#organization\",\"name\":\"Get Tickets for the World\u2019s largest jackpots\",\"url\":\"https:\\\/\\\/redfoxlotto.com\\\/it\\\/\",\"logo\":{\"@type\":\"ImageObject\",\"inLanguage\":\"it-IT\",\"@id\":\"https:\\\/\\\/redfoxlotto.com\\\/it\\\/#\\\/schema\\\/logo\\\/image\\\/\",\"url\":\"https:\\\/\\\/redfoxlotto.com\\\/wp-content\\\/uploads\\\/2023\\\/04\\\/logo.png\",\"contentUrl\":\"https:\\\/\\\/redfoxlotto.com\\\/wp-content\\\/uploads\\\/2023\\\/04\\\/logo.png\",\"width\":269,\"height\":53,\"caption\":\"Get Tickets for the World\u2019s largest jackpots\"},\"image\":{\"@id\":\"https:\\\/\\\/redfoxlotto.com\\\/it\\\/#\\\/schema\\\/logo\\\/image\\\/\"}}]}<\/script>\n<!-- \/ Yoast SEO plugin. -->","yoast_head_json":{"title":"I residenti in Italia possono acquistare online i biglietti dell'Eurojackpot.","description":"Acquista online i biglietti dell'Eurojackpot se vivi in Italia. Utilizza il nostro servizio per avere la tua possibilit\u00e0 di vincere, con un biglietto ufficiale dell'Eurojackpot.","robots":{"index":"index","follow":"follow","max-snippet":"max-snippet:-1","max-image-preview":"max-image-preview:large","max-video-preview":"max-video-preview:-1"},"canonical":"https:\/\/redfoxlotto.com\/it\/lotteria\/eurojackpot\/","og_locale":"it_IT","og_type":"article","og_title":"I residenti in Italia possono acquistare online i biglietti dell'Eurojackpot.","og_description":"Acquista online i biglietti dell'Eurojackpot se vivi in Italia. Utilizza il nostro servizio per avere la tua possibilit\u00e0 di vincere, con un biglietto ufficiale dell'Eurojackpot.","og_url":"https:\/\/redfoxlotto.com\/it\/lotteria\/eurojackpot\/","og_site_name":"Get Tickets for the World\u2019s largest jackpots","article_modified_time":"2025-12-18T13:49:58+00:00","og_image":[{"url":"https:\/\/content.redfoxlotto.com\/uploads\/sites\/9\/1_ticket_eurojackpot2.jpg","type":"","width":"","height":""}],"twitter_card":"summary_large_image","twitter_misc":{"Tempo di lettura stimato":"5 minuti"},"schema":{"@context":"https:\/\/schema.org","@graph":[{"@type":"WebPage","@id":"https:\/\/redfoxlotto.com\/it\/lotteria\/eurojackpot\/","url":"https:\/\/redfoxlotto.com\/it\/lotteria\/eurojackpot\/","name":"I residenti in Italia possono acquistare online i biglietti dell'Eurojackpot.","isPartOf":{"@id":"https:\/\/redfoxlotto.com\/it\/#website"},"primaryImageOfPage":{"@id":"https:\/\/redfoxlotto.com\/it\/lotteria\/eurojackpot\/#primaryimage"},"image":{"@id":"https:\/\/redfoxlotto.com\/it\/lotteria\/eurojackpot\/#primaryimage"},"thumbnailUrl":"https:\/\/content.redfoxlotto.com\/uploads\/sites\/9\/1_ticket_eurojackpot2.jpg","datePublished":"2018-11-18T08:54:25+00:00","dateModified":"2025-12-18T13:49:58+00:00","description":"Acquista online i biglietti dell'Eurojackpot se vivi in Italia. Utilizza il nostro servizio per avere la tua possibilit\u00e0 di vincere, con un biglietto ufficiale dell'Eurojackpot.","breadcrumb":{"@id":"https:\/\/redfoxlotto.com\/it\/lotteria\/eurojackpot\/#breadcrumb"},"inLanguage":"it-IT","potentialAction":[{"@type":"ReadAction","target":["https:\/\/redfoxlotto.com\/it\/lotteria\/eurojackpot\/"]}]},{"@type":"ImageObject","inLanguage":"it-IT","@id":"https:\/\/redfoxlotto.com\/it\/lotteria\/eurojackpot\/#primaryimage","url":"https:\/\/content.redfoxlotto.com\/uploads\/sites\/9\/1_ticket_eurojackpot2.jpg","contentUrl":"https:\/\/content.redfoxlotto.com\/uploads\/sites\/9\/1_ticket_eurojackpot2.jpg"},{"@type":"BreadcrumbList","@id":"https:\/\/redfoxlotto.com\/it\/lotteria\/eurojackpot\/#breadcrumb","itemListElement":[{"@type":"ListItem","position":1,"name":"Home","item":"https:\/\/redfoxlotto.com\/it\/"},{"@type":"ListItem","position":2,"name":"Il processo di acquisto dei tuoi biglietti","item":"https:\/\/redfoxlotto.com\/it\/lotteria\/"},{"@type":"ListItem","position":3,"name":"Informazioni su Eurojackpot"}]},{"@type":"WebSite","@id":"https:\/\/redfoxlotto.com\/it\/#website","url":"https:\/\/redfoxlotto.com\/it\/","name":"Get Tickets for the World\u2019s largest jackpots","description":"Participate in worldwide lottery jackpots from any country","publisher":{"@id":"https:\/\/redfoxlotto.com\/it\/#organization"},"potentialAction":[{"@type":"SearchAction","target":{"@type":"EntryPoint","urlTemplate":"https:\/\/redfoxlotto.com\/it\/?s={search_term_string}"},"query-input":{"@type":"PropertyValueSpecification","valueRequired":true,"valueName":"search_term_string"}}],"inLanguage":"it-IT"},{"@type":"Organization","@id":"https:\/\/redfoxlotto.com\/it\/#organization","name":"Get Tickets for the World\u2019s largest jackpots","url":"https:\/\/redfoxlotto.com\/it\/","logo":{"@type":"ImageObject","inLanguage":"it-IT","@id":"https:\/\/redfoxlotto.com\/it\/#\/schema\/logo\/image\/","url":"https:\/\/redfoxlotto.com\/wp-content\/uploads\/2023\/04\/logo.png","contentUrl":"https:\/\/redfoxlotto.com\/wp-content\/uploads\/2023\/04\/logo.png","width":269,"height":53,"caption":"Get Tickets for the World\u2019s largest jackpots"},"image":{"@id":"https:\/\/redfoxlotto.com\/it\/#\/schema\/logo\/image\/"}}]}},"_links":{"self":[{"href":"https:\/\/redfoxlotto.com\/it\/wp-json\/wp\/v2\/pages\/60421","targetHints":{"allow":["GET"]}}],"collection":[{"href":"https:\/\/redfoxlotto.com\/it\/wp-json\/wp\/v2\/pages"}],"about":[{"href":"https:\/\/redfoxlotto.com\/it\/wp-json\/wp\/v2\/types\/page"}],"author":[{"embeddable":true,"href":"https:\/\/redfoxlotto.com\/it\/wp-json\/wp\/v2\/users\/1"}],"replies":[{"embeddable":true,"href":"https:\/\/redfoxlotto.com\/it\/wp-json\/wp\/v2\/comments?post=60421"}],"version-history":[{"count":0,"href":"https:\/\/redfoxlotto.com\/it\/wp-json\/wp\/v2\/pages\/60421\/revisions"}],"up":[{"embeddable":true,"href":"https:\/\/redfoxlotto.com\/it\/wp-json\/wp\/v2\/pages\/59912"}],"wp:attachment":[{"href":"https:\/\/redfoxlotto.com\/it\/wp-json\/wp\/v2\/media?parent=60421"}],"curies":[{"name":"wp","href":"https:\/\/api.w.org\/{rel}","templated":true}]}}