{"id":60281,"date":"2018-11-18T08:54:25","date_gmt":"2018-11-18T08:54:25","guid":{"rendered":"https:\/\/redfoxlotto.eu\/?page_id=60281"},"modified":"2025-12-18T14:36:31","modified_gmt":"2025-12-18T14:36:31","slug":"euromilioni","status":"publish","type":"page","link":"https:\/\/redfoxlotto.com\/it\/lotteria\/euromilioni\/","title":{"rendered":"Informazioni su EuroMillions"},"content":{"rendered":"<p><script type=\"application\/ld+json\">\n{\n  \"@context\": \"https:\/\/schema.org\",\n  \"@type\": \"Service\",\n  \"name\": \"Gioca a Euromillions online\",\n  \"url\": \"https:\/\/redfoxlotto.com\/it\/lotteries\/euromillions\/\",\n  \"description\": \"Acquista biglietti ufficiali della lotteria Euromillions online da qualsiasi paese. Visita RedFoxLotto, scegli i tuoi numeri e partecipa al prossimo sorteggio.\",\n  \"serviceType\": \"Servizio di intermediazione biglietti della lotteria online\",\n  \"provider\": {\n    \"@type\": \"Organization\",\n    \"name\": \"RedFoxLotto\",\n    \"url\": \"https:\/\/redfoxlotto.com\/it\",\n    \"image\": \"https:\/\/redfoxlotto.com\/it\/wp-content\/uploads\/2025\/12\/ticket_scans.jpg\",\n    \"sameAs\": []\n  },\n  \"areaServed\": \"Worldwide\",\n  \"termsOfService\": \"https:\/\/redfoxlotto.com\/terms-and-conditions\",\n  \"additionalProperty\": {\n    \"@type\": \"PropertyValue\",\n    \"name\": \"FAQ\",\n    \"value\": \"https:\/\/redfoxlotto.com\/it\/faq\/\"\n  },\n  \"hasOfferCatalog\": {\n    \"@type\": \"OfferCatalog\",\n    \"name\": \"Biglietti Euromillions\",\n    \"itemListElement\": [\n      {\n        \"@type\": \"Offer\",\n        \"name\": \"Biglietti Euromillions\",\n        \"url\": \"https:\/\/redfoxlotto.com\/it\/lotteries\/euromillions\",\n        \"description\": \"Acquista biglietti reali online per il prossimo sorteggio Euromillions tramite RedFoxLotto.\",\n        \"price\": \"7.00\",\n        \"priceCurrency\": \"\u20ac\",\n        \"availability\": \"https:\/\/schema.org\/InStock\",\n        \"itemOffered\": {\n          \"@type\": \"Service\",\n          \"name\": \"Biglietti Euromillions\",\n          \"description\": \"Partecipa al prossimo sorteggio Euromillions \u2013 acquista i tuoi biglietti online tramite RedFoxLotto.\"\n        }\n      }\n    ]\n  },\n  \"mainEntityOfPage\": {\n    \"@type\": \"WebPage\",\n    \"@id\": \"https:\/\/redfoxlotto.com\/it\/lotteries\/euromillions\"\n  }\n}\n<\/script><\/p>\n<p>Euro Millions \u00e8 la pi\u00f9 grande lotteria europea. Lanciata nel 2004, i biglietti possono essere acquistati in nove Paesi europei &#8211; oppure, se siete italiani, potete acquistare i vostri biglietti online qui.<\/p>\n<h2>Acquista il tuo biglietto EuroMillions dall&#8217;Italia<\/h2>\n<p>Siete pronti a iniziare a comprare i biglietti dell&#8217;EuroMillions online? Se lo siete, allora vorrete sapere alcune cose sul gioco prima di lanciarvi, giusto? Volete essere sicuri di essere preparati e di sapere tutto il possibile sul gioco. La prima cosa da sapere \u00e8 quando si svolgeranno le estrazioni, perch\u00e9 volete essere sicuri di prendere il vostro biglietto della lotteria prima della prossima estrazione. Le estrazioni dell&#8217;EuroMillions hanno luogo ogni marted\u00ec e venerd\u00ec a Parigi.<br \/>\n<img loading=\"lazy\" decoding=\"async\" class=\"alignright wp-image\" src=\"https:\/\/content.redfoxlotto.com\/uploads\/sites\/9\/1_buy_euromillions_online.jpg\" alt=\"jackpot euromillions\" width=\"284\" height=\"190\" \/><br \/>\nParleremo pi\u00f9 diffusamente dei numeri tra cui potete scegliere e di come ottenere il biglietto che desiderate tra un minuto, ma per ora diamo un&#8217;occhiata pi\u00f9 da vicino al jackpot che potreste vincere. Dopo tutto, questo \u00e8 uno dei motivi per cui vorrete giocare all&#8217;EuroMillions.<\/p>\n<h2>Jackpot dell&#8217;EuroMillions<\/h2>\n<p>Essendo la pi\u00f9 grande lotteria d&#8217;Europa, l&#8217;EuroMillions ha anche enormi jackpot. In effetti, i jackpot si aggirano spesso intorno ai milioni di dollari e i pi\u00f9 grandi si collocano sicuramente nella fascia alta. Il jackpot pi\u00f9 alto di questa lotteria \u00e8 stato finora di 190.000.000 euro. \u00c8 stato vinto da un giocatore anonimo il 24 ottobre 2014.<\/p>\n<p>Questo \u00e8 un motivo sufficiente per dare un&#8217;occhiata pi\u00f9 da vicino a questo gioco e pensare di acquistare un biglietto, giusto? Beh, vi piacer\u00e0 l&#8217;idea di vincere quel denaro e potrete comunque vincere una buona somma di denaro anche se non raggiungerete il jackpot. Questo perch\u00e9 l&#8217;importo di partenza \u00e8 un ottimo premio e anche quelli che si trovano a met\u00e0 tra i livelli pi\u00f9 bassi e quelli pi\u00f9 alti saranno ottimi.<\/p>\n<h2>Le regole dell&#8217;EuroMillions<\/h2>\n<p>Siete pronti ad acquistare i biglietti dell&#8217;EuroMillions online ma non sapete bene dove e come farlo, magari perch\u00e9 vivete in Italia? Bene, ora vi spiegheremo esattamente cosa dovete fare e come scegliere i numeri che desiderate per assicurarvi di avere le migliori possibilit\u00e0 di vincere il gioco.<\/p>\n<h2>Quindi, cosa dovete fare?<\/h2>\n<p>Qui si scelgono 5 numeri principali compresi tra 1 e 50 e due numeri aggiuntivi, chiamati Lucky Star, compresi tra 1 e 12. Per vincere nella fascia di prezzo pi\u00f9 bassa, solo due numeri principali devono corrispondere. Ci\u00f2 significa che avrete molte possibilit\u00e0 di vincita, anche se non vincerete molto denaro se vi abbinate solo a pochi numeri.<\/p>\n<p>Se si abbinano pi\u00f9 numeri e soprattutto se si abbinano i numeri della stella fortunata, si avr\u00e0 a disposizione un premio migliore. Questo sar\u00e0 sicuramente un buon vantaggio, giusto? Potete migliorare le vostre probabilit\u00e0 di ottenere qualcosa e potete sicuramente divertirvi a giocare.<\/p>\n<h2>Scegliere il biglietto<\/h2>\n<p>Siete pronti a scegliere un biglietto? Sicuramente vorrete dare un&#8217;occhiata alla nostra procedura, perch\u00e9 vi renderemo le cose molto semplici. Sappiamo che non avete molto tempo a disposizione e volete essere sicuri di sfruttarlo al massimo. Ma volete comunque divertirvi giocando all&#8217;EuroMillions e questo significa che dovete acquistare i biglietti dell&#8217;EuroMillions online.<\/p>\n<p>La prima fase del nostro processo consiste nel decidere quale biglietto acquistare. Se avete gi\u00e0 deciso per l&#8217;EuroMillions, allora siete a posto. Ma se non siete ancora sicuri, vi consigliamo di dare un&#8217;occhiata alla pagina principale, dove vi mostreremo tutti i migliori jackpot e quali giochi vi conviene prendere in considerazione. Questi sono i giochi per i quali offriamo i biglietti.<\/p>\n<p>Una volta deciso il biglietto che desiderate, entrate nella pagina e iniziate a scegliere i numeri per il vostro biglietto. Se volete, potete scegliere assolutamente tutti i numeri, in modo da ottenere un biglietto personalizzato che si adatti a ci\u00f2 che vi piace di pi\u00f9.<\/p>\n<p>Potete anche scegliere di acquistare biglietti selezionati a caso. In questo modo \u00e8 davvero facile ottenere un biglietto senza doverci dedicare molto tempo. Inoltre, potrete decidere quanti biglietti acquistare, in modo da avere tutto ci\u00f2 che vi serve per vincere potenzialmente un grande jackpot.<\/p>\n<h2>Il processo di acquisto di EuroMillions<\/h2>\n<p>Una volta scelti i biglietti, l&#8217;ultima cosa da fare \u00e8 assicurarsi di inserire i dati del proprio conto. Vi spiegheremo subito come creare il conto, in modo che possiate assicurarvi di ottenere i biglietti che desiderate proprio quando li desiderate. Qui potete anche impostare i conti di pagamento che volete utilizzare.<img loading=\"lazy\" decoding=\"async\" class=\"alignright wp-image\" src=\"https:\/\/content.redfoxlotto.com\/uploads\/sites\/9\/1_buy_lottery_ticket.jpg\" alt=\"acquista i biglietti online\" width=\"312\" height=\"107\" \/><\/p>\n<p>Una volta configurato il tutto, dovrete inserire i biglietti che desiderate nel carrello e poi potrete acquistarli tutti insieme. Potete anche aggiungere al carrello i biglietti di diverse partite e acquistare tutto quello che vi serve.<\/p>\n<p>Una volta decisi i biglietti, sarete a posto e potrete aspettare e vedere cosa succede con i vostri biglietti. Quelli acquistati appariranno subito sul vostro conto e potrete controllare se avete vinto in seguito.<\/p>\n<p>In caso di vincita, vi invieremo un&#8217;e-mail e potrete consultare il vostro conto per vedere quali numeri corrispondono a quelli estratti. In questo modo sar\u00e0 pi\u00f9 facile per voi sapere quando dovrete riscattare un biglietto.<\/p>\n<h2>L&#8217;EuroMillions e il Millionaire Maker del Regno Unito<\/h2>\n<p>I giocatori pagano un po&#8217; di pi\u00f9 se i biglietti dell&#8217;EuroMillions vengono acquistati nel Regno Unito. Ci\u00f2 \u00e8 dovuto al fatto che i biglietti del Regno Unito sono accompagnati da una partecipazione automatica all&#8217;estrazione Millionaire Maker, che offre un&#8217;ulteriore opportunit\u00e0 di vincere un premio di 1 milione di sterline.<\/p>\n<p>Il Millionaire Maker funziona generando un codice unico per ogni biglietto acquistato. Questo codice \u00e8 composto da quattro lettere seguite da cinque numeri (ad esempio, ABCD12345). In ogni estrazione, uno o pi\u00f9 di questi codici vengono selezionati casualmente e il possessore del biglietto con il codice corrispondente vince istantaneamente 1 milione di sterline, indipendentemente dai numeri principali di EuroMillions estratti.<\/p>\n<p>Questa caratteristica rende particolarmente interessante giocare all&#8217;EuroMillions nel Regno Unito, in quanto offre un&#8217;opportunit\u00e0 in pi\u00f9 di vincere un premio significativo, oltre al jackpot standard e ai premi di livello inferiore.<\/p>\n","protected":false},"excerpt":{"rendered":"<p>Euro Millions \u00e8 la pi\u00f9 grande lotteria europea. Lanciata nel 2004, i biglietti possono essere acquistati in nove Paesi europei &#8211; oppure, se siete italiani, potete acquistare i vostri biglietti online qui. Acquista il tuo biglietto EuroMillions dall&#8217;Italia Siete pronti a iniziare a comprare i biglietti dell&#8217;EuroMillions online? Se lo siete, allora vorrete sapere alcune [&hellip;]<\/p>\n","protected":false},"author":1,"featured_media":0,"parent":59912,"menu_order":3,"comment_status":"closed","ping_status":"closed","template":"euromillions-info.php","meta":{"_et_pb_use_builder":"","_et_pb_old_content":"","_et_gb_content_width":"","exclude_from_search":false,"footnotes":""},"class_list":["post-60281","page","type-page","status-publish","hentry"],"yoast_head":"<!-- This site is optimized with the Yoast SEO plugin v23.8 - https:\/\/yoast.com\/wordpress\/plugins\/seo\/ -->\n<title>Acquista i biglietti dell&#039;EuroMillions online dall&#039;Italia<\/title>\n<meta name=\"description\" content=\"Informazioni su come i residenti in Italia possono acquistare i biglietti Euromillions online. La lotteria Euromillions ha il pi\u00f9 grande jackpot d&#039;Europa.\" \/>\n<meta name=\"robots\" content=\"index, follow, max-snippet:-1, max-image-preview:large, max-video-preview:-1\" \/>\n<link rel=\"canonical\" href=\"https:\/\/redfoxlotto.com\/it\/lotteria\/euromilioni\/\" \/>\n<meta property=\"og:locale\" content=\"it_IT\" \/>\n<meta property=\"og:type\" content=\"article\" \/>\n<meta property=\"og:title\" content=\"Acquista i biglietti dell&#039;EuroMillions online dall&#039;Italia\" \/>\n<meta property=\"og:description\" content=\"Informazioni su come i residenti in Italia possono acquistare i biglietti Euromillions online. La lotteria Euromillions ha il pi\u00f9 grande jackpot d&#039;Europa.\" \/>\n<meta property=\"og:url\" content=\"https:\/\/redfoxlotto.com\/it\/lotteria\/euromilioni\/\" \/>\n<meta property=\"og:site_name\" content=\"Get Tickets for the World\u2019s largest jackpots\" \/>\n<meta property=\"article:modified_time\" content=\"2025-12-18T14:36:31+00:00\" \/>\n<meta property=\"og:image\" content=\"https:\/\/content.redfoxlotto.com\/uploads\/sites\/9\/1_buy_euromillions_online.jpg\" \/>\n<meta name=\"twitter:card\" content=\"summary_large_image\" \/>\n<meta name=\"twitter:label1\" content=\"Tempo di lettura stimato\" \/>\n\t<meta name=\"twitter:data1\" content=\"5 minuti\" \/>\n<script type=\"application\/ld+json\" class=\"yoast-schema-graph\">{\"@context\":\"https:\/\/schema.org\",\"@graph\":[{\"@type\":\"WebPage\",\"@id\":\"https:\/\/redfoxlotto.com\/it\/lotteria\/euromilioni\/\",\"url\":\"https:\/\/redfoxlotto.com\/it\/lotteria\/euromilioni\/\",\"name\":\"Acquista i biglietti dell'EuroMillions online dall'Italia\",\"isPartOf\":{\"@id\":\"https:\/\/redfoxlotto.com\/it\/#website\"},\"primaryImageOfPage\":{\"@id\":\"https:\/\/redfoxlotto.com\/it\/lotteria\/euromilioni\/#primaryimage\"},\"image\":{\"@id\":\"https:\/\/redfoxlotto.com\/it\/lotteria\/euromilioni\/#primaryimage\"},\"thumbnailUrl\":\"https:\/\/content.redfoxlotto.com\/uploads\/sites\/9\/1_buy_euromillions_online.jpg\",\"datePublished\":\"2018-11-18T08:54:25+00:00\",\"dateModified\":\"2025-12-18T14:36:31+00:00\",\"description\":\"Informazioni su come i residenti in Italia possono acquistare i biglietti Euromillions online. La lotteria Euromillions ha il pi\u00f9 grande jackpot d'Europa.\",\"breadcrumb\":{\"@id\":\"https:\/\/redfoxlotto.com\/it\/lotteria\/euromilioni\/#breadcrumb\"},\"inLanguage\":\"it-IT\",\"potentialAction\":[{\"@type\":\"ReadAction\",\"target\":[\"https:\/\/redfoxlotto.com\/it\/lotteria\/euromilioni\/\"]}]},{\"@type\":\"ImageObject\",\"inLanguage\":\"it-IT\",\"@id\":\"https:\/\/redfoxlotto.com\/it\/lotteria\/euromilioni\/#primaryimage\",\"url\":\"https:\/\/content.redfoxlotto.com\/uploads\/sites\/9\/1_buy_euromillions_online.jpg\",\"contentUrl\":\"https:\/\/content.redfoxlotto.com\/uploads\/sites\/9\/1_buy_euromillions_online.jpg\"},{\"@type\":\"BreadcrumbList\",\"@id\":\"https:\/\/redfoxlotto.com\/it\/lotteria\/euromilioni\/#breadcrumb\",\"itemListElement\":[{\"@type\":\"ListItem\",\"position\":1,\"name\":\"Home\",\"item\":\"https:\/\/redfoxlotto.com\/it\/\"},{\"@type\":\"ListItem\",\"position\":2,\"name\":\"Il processo di acquisto dei tuoi biglietti\",\"item\":\"https:\/\/redfoxlotto.com\/it\/lotteria\/\"},{\"@type\":\"ListItem\",\"position\":3,\"name\":\"Informazioni su EuroMillions\"}]},{\"@type\":\"WebSite\",\"@id\":\"https:\/\/redfoxlotto.com\/it\/#website\",\"url\":\"https:\/\/redfoxlotto.com\/it\/\",\"name\":\"Get Tickets for the World\u2019s largest jackpots\",\"description\":\"Participate in worldwide lottery jackpots from any country\",\"publisher\":{\"@id\":\"https:\/\/redfoxlotto.com\/it\/#organization\"},\"potentialAction\":[{\"@type\":\"SearchAction\",\"target\":{\"@type\":\"EntryPoint\",\"urlTemplate\":\"https:\/\/redfoxlotto.com\/it\/?s={search_term_string}\"},\"query-input\":{\"@type\":\"PropertyValueSpecification\",\"valueRequired\":true,\"valueName\":\"search_term_string\"}}],\"inLanguage\":\"it-IT\"},{\"@type\":\"Organization\",\"@id\":\"https:\/\/redfoxlotto.com\/it\/#organization\",\"name\":\"Get Tickets for the World\u2019s largest jackpots\",\"url\":\"https:\/\/redfoxlotto.com\/it\/\",\"logo\":{\"@type\":\"ImageObject\",\"inLanguage\":\"it-IT\",\"@id\":\"https:\/\/redfoxlotto.com\/it\/#\/schema\/logo\/image\/\",\"url\":\"https:\/\/redfoxlotto.com\/wp-content\/uploads\/2023\/04\/logo.png\",\"contentUrl\":\"https:\/\/redfoxlotto.com\/wp-content\/uploads\/2023\/04\/logo.png\",\"width\":269,\"height\":53,\"caption\":\"Get Tickets for the World\u2019s largest jackpots\"},\"image\":{\"@id\":\"https:\/\/redfoxlotto.com\/it\/#\/schema\/logo\/image\/\"}}]}<\/script>\n<!-- \/ Yoast SEO plugin. -->","yoast_head_json":{"title":"Acquista i biglietti dell'EuroMillions online dall'Italia","description":"Informazioni su come i residenti in Italia possono acquistare i biglietti Euromillions online. La lotteria Euromillions ha il pi\u00f9 grande jackpot d'Europa.","robots":{"index":"index","follow":"follow","max-snippet":"max-snippet:-1","max-image-preview":"max-image-preview:large","max-video-preview":"max-video-preview:-1"},"canonical":"https:\/\/redfoxlotto.com\/it\/lotteria\/euromilioni\/","og_locale":"it_IT","og_type":"article","og_title":"Acquista i biglietti dell'EuroMillions online dall'Italia","og_description":"Informazioni su come i residenti in Italia possono acquistare i biglietti Euromillions online. La lotteria Euromillions ha il pi\u00f9 grande jackpot d'Europa.","og_url":"https:\/\/redfoxlotto.com\/it\/lotteria\/euromilioni\/","og_site_name":"Get Tickets for the World\u2019s largest jackpots","article_modified_time":"2025-12-18T14:36:31+00:00","og_image":[{"url":"https:\/\/content.redfoxlotto.com\/uploads\/sites\/9\/1_buy_euromillions_online.jpg"}],"twitter_card":"summary_large_image","twitter_misc":{"Tempo di lettura stimato":"5 minuti"},"schema":{"@context":"https:\/\/schema.org","@graph":[{"@type":"WebPage","@id":"https:\/\/redfoxlotto.com\/it\/lotteria\/euromilioni\/","url":"https:\/\/redfoxlotto.com\/it\/lotteria\/euromilioni\/","name":"Acquista i biglietti dell'EuroMillions online dall'Italia","isPartOf":{"@id":"https:\/\/redfoxlotto.com\/it\/#website"},"primaryImageOfPage":{"@id":"https:\/\/redfoxlotto.com\/it\/lotteria\/euromilioni\/#primaryimage"},"image":{"@id":"https:\/\/redfoxlotto.com\/it\/lotteria\/euromilioni\/#primaryimage"},"thumbnailUrl":"https:\/\/content.redfoxlotto.com\/uploads\/sites\/9\/1_buy_euromillions_online.jpg","datePublished":"2018-11-18T08:54:25+00:00","dateModified":"2025-12-18T14:36:31+00:00","description":"Informazioni su come i residenti in Italia possono acquistare i biglietti Euromillions online. La lotteria Euromillions ha il pi\u00f9 grande jackpot d'Europa.","breadcrumb":{"@id":"https:\/\/redfoxlotto.com\/it\/lotteria\/euromilioni\/#breadcrumb"},"inLanguage":"it-IT","potentialAction":[{"@type":"ReadAction","target":["https:\/\/redfoxlotto.com\/it\/lotteria\/euromilioni\/"]}]},{"@type":"ImageObject","inLanguage":"it-IT","@id":"https:\/\/redfoxlotto.com\/it\/lotteria\/euromilioni\/#primaryimage","url":"https:\/\/content.redfoxlotto.com\/uploads\/sites\/9\/1_buy_euromillions_online.jpg","contentUrl":"https:\/\/content.redfoxlotto.com\/uploads\/sites\/9\/1_buy_euromillions_online.jpg"},{"@type":"BreadcrumbList","@id":"https:\/\/redfoxlotto.com\/it\/lotteria\/euromilioni\/#breadcrumb","itemListElement":[{"@type":"ListItem","position":1,"name":"Home","item":"https:\/\/redfoxlotto.com\/it\/"},{"@type":"ListItem","position":2,"name":"Il processo di acquisto dei tuoi biglietti","item":"https:\/\/redfoxlotto.com\/it\/lotteria\/"},{"@type":"ListItem","position":3,"name":"Informazioni su EuroMillions"}]},{"@type":"WebSite","@id":"https:\/\/redfoxlotto.com\/it\/#website","url":"https:\/\/redfoxlotto.com\/it\/","name":"Get Tickets for the World\u2019s largest jackpots","description":"Participate in worldwide lottery jackpots from any country","publisher":{"@id":"https:\/\/redfoxlotto.com\/it\/#organization"},"potentialAction":[{"@type":"SearchAction","target":{"@type":"EntryPoint","urlTemplate":"https:\/\/redfoxlotto.com\/it\/?s={search_term_string}"},"query-input":{"@type":"PropertyValueSpecification","valueRequired":true,"valueName":"search_term_string"}}],"inLanguage":"it-IT"},{"@type":"Organization","@id":"https:\/\/redfoxlotto.com\/it\/#organization","name":"Get Tickets for the World\u2019s largest jackpots","url":"https:\/\/redfoxlotto.com\/it\/","logo":{"@type":"ImageObject","inLanguage":"it-IT","@id":"https:\/\/redfoxlotto.com\/it\/#\/schema\/logo\/image\/","url":"https:\/\/redfoxlotto.com\/wp-content\/uploads\/2023\/04\/logo.png","contentUrl":"https:\/\/redfoxlotto.com\/wp-content\/uploads\/2023\/04\/logo.png","width":269,"height":53,"caption":"Get Tickets for the World\u2019s largest jackpots"},"image":{"@id":"https:\/\/redfoxlotto.com\/it\/#\/schema\/logo\/image\/"}}]}},"_links":{"self":[{"href":"https:\/\/redfoxlotto.com\/it\/wp-json\/wp\/v2\/pages\/60281","targetHints":{"allow":["GET"]}}],"collection":[{"href":"https:\/\/redfoxlotto.com\/it\/wp-json\/wp\/v2\/pages"}],"about":[{"href":"https:\/\/redfoxlotto.com\/it\/wp-json\/wp\/v2\/types\/page"}],"author":[{"embeddable":true,"href":"https:\/\/redfoxlotto.com\/it\/wp-json\/wp\/v2\/users\/1"}],"replies":[{"embeddable":true,"href":"https:\/\/redfoxlotto.com\/it\/wp-json\/wp\/v2\/comments?post=60281"}],"version-history":[{"count":0,"href":"https:\/\/redfoxlotto.com\/it\/wp-json\/wp\/v2\/pages\/60281\/revisions"}],"up":[{"embeddable":true,"href":"https:\/\/redfoxlotto.com\/it\/wp-json\/wp\/v2\/pages\/59912"}],"wp:attachment":[{"href":"https:\/\/redfoxlotto.com\/it\/wp-json\/wp\/v2\/media?parent=60281"}],"curies":[{"name":"wp","href":"https:\/\/api.w.org\/{rel}","templated":true}]}}