{"id":60274,"date":"2018-11-18T08:54:25","date_gmt":"2018-11-18T08:54:25","guid":{"rendered":"https:\/\/redfoxlotto.eu\/?page_id=60274"},"modified":"2025-12-18T13:04:36","modified_gmt":"2025-12-18T13:04:36","slug":"mega-milioni","status":"publish","type":"page","link":"https:\/\/redfoxlotto.com\/it\/lotteria\/mega-milioni\/","title":{"rendered":"Informazioni su Mega Millions"},"content":{"rendered":"<p><script type=\"application\/ld+json\">\n{\n  \"@context\": \"https:\/\/schema.org\",\n  \"@type\": \"Service\",\n  \"name\": \"Gioca a Mega Millions online\",\n  \"url\": \"https:\/\/redfoxlotto.com\/it\/lotteries\/mega-millions\",\n  \"description\": \"Acquista biglietti ufficiali Mega Millions online da qualsiasi paese. Visita RedFoxLotto, scegli i tuoi numeri e partecipa alla prossima estrazione.\",\n  \"serviceType\": \"Servizio di intermediazione online per biglietti della lotteria\",<\/p>\n<p>  \"provider\": {\n    \"@type\": \"Organization\",\n    \"name\": \"RedFoxLotto\",\n    \"url\": \"https:\/\/redfoxlotto.com\/it\",\n    \"image\": \"https:\/\/redfoxlotto.com\/it\/wp-content\/uploads\/2025\/12\/ticket_scans.jpg\",\n    \"sameAs\": []\n  },<\/p>\n<p>  \"areaServed\": \"Worldwide\",\n  \"termsOfService\": \"https:\/\/redfoxlotto.com\/terms-and-conditions\",<\/p>\n<p>  \"additionalProperty\": {\n    \"@type\": \"PropertyValue\",\n    \"name\": \"FAQ\",\n    \"value\": \"https:\/\/redfoxlotto.com\/it\/faq\/\"\n  },<\/p>\n<p>  \"hasOfferCatalog\": {\n    \"@type\": \"OfferCatalog\",\n    \"name\": \"Biglietti Mega Millions\",\n    \"itemListElement\": [\n      {\n        \"@type\": \"Offer\",\n        \"name\": \"Biglietti Mega Millions\",\n        \"url\": \"https:\/\/redfoxlotto.com\/it\/lotteries\/powerball\",\n        \"description\": \"Acquista veri biglietti online per la prossima estrazione Mega Millions su RedFoxLotto.\",\n        \"price\": \"13.00\",\n        \"priceCurrency\": \"\u20ac\",\n        \"availability\": \"https:\/\/schema.org\/InStock\",<\/p>\n<p>        \"itemOffered\": {\n          \"@type\": \"Service\",\n          \"name\": \"Biglietti della lotteria Mega Millions\",\n          \"description\": \"Partecipa alla prossima estrazione Mega Millions \u2013 acquista i tuoi biglietti online tramite RedFoxLotto.\"\n        }\n      }\n    ]\n  },<\/p>\n<p>  \"mainEntityOfPage\": {\n    \"@type\": \"WebPage\",\n    \"@id\": \"https:\/\/redfoxlotto.com\/it\/lotteries\/mega-millions\"\n  }\n}\n<\/script><\/p>\n<p>Conosciuta fino al 2002 come &#8220;The Big Game&#8221;, questa lotteria di 44 stati americani \u00e8 ora nota in tutto il mondo come Mega Millions. A questo scopo vengono effettuate due estrazioni alla settimana (ogni marted\u00ec e venerd\u00ec). Se non avete mai sentito parlare di questo gioco o se non avete mai prestato attenzione fino ad ora, vi consigliamo di dare un&#8217;occhiata pi\u00f9 da vicino e vedere cosa ne pensate di questo gioco.<\/p>\n<p>Sar\u00e0 sicuramente un premio che vorrete vincere ed \u00e8 anche un gioco super facile da giocare. Questo rende vincente l&#8217;acquisto dei biglietti Mega Millions online dall&#8217;Italia.<\/p>\n<h2>Jackpot di Mega Millions<\/h2>\n<p>Mega Millions \u00e8 noto per i suoi grandi jackpot. Nel 2018, un singolo fortunato ha vinto un jackpot record di oltre 1,5 miliardi di dollari. \u00c8 sicuramente il tipo di jackpot che si vuole vincere, giusto? E le probabilit\u00e0 non sono poi cos\u00ec basse come per alcune vincite di jackpot.<\/p>\n<p>La cosa migliore del Mega Millions \u00e8 che i jackpot saranno sempre alti. Infatti, il jackpot parte da 40 milioni di dollari. Quindi, anche se si vince il jackpot di base prima che inizi a salire (cosa che accade raramente), si otterr\u00e0 comunque un&#8217;ottima vincita.<br \/>\n<img loading=\"lazy\" decoding=\"async\" class=\"alignright wp-image\" src=\"https:\/\/content.redfoxlotto.com\/uploads\/sites\/9\/2_ticket_mega_millions2.jpg\" alt=\"Mega Millions online\" width=\"200\" height=\"207\" \/><br \/>\nSe si vince il jackpot pi\u00f9 tardi, quando inizia a salire, si pu\u00f2 vincere molto di pi\u00f9. Inoltre, questi jackpot aumentano molto rapidamente. Quindi, quello che oggi inizia con 40 milioni di dollari potrebbe facilmente superare i 100 milioni di dollari nel giro di una settimana o meno. Da l\u00ec si pu\u00f2 arrivare a diverse centinaia di milioni e si pu\u00f2 anche partecipare a un&#8217;altra estrazione da un miliardo di dollari. Questo varrebbe sicuramente l&#8217;investimento di qualche dollaro per i biglietti, giusto?<\/p>\n<p>Sul nostro sito web, avete la possibilit\u00e0 di acquistare i biglietti del Mega Millions online, anche se vivete in Italia. Basta scegliere i numeri, acquistare il biglietto e attendere i risultati dell&#8217;estrazione! Tra poco vi illustreremo alcuni dei passaggi generali e di ci\u00f2 che serve per iniziare, ma prima concentriamoci sul Mega Millions in s\u00e9, d&#8217;accordo?<\/p>\n<h2>Le regole del Mega Millions<\/h2>\n<p>Le regole del Mega Millions sono semplici. Bisogna selezionare 5 numeri compresi tra 1 e 70, pi\u00f9 un numero MegaBall aggiuntivo. Tutti i numeri devono essere abbinati per vincere il jackpot. Ci\u00f2 non significa che non si possa vincere nulla se non si ottiene il jackpot. Ci sono infatti diversi premi che si possono vincere. Al Mega Millions si pu\u00f2 vincere in nove fasce di premio.<\/p>\n<p>L&#8217;aspetto davvero eccezionale \u00e8 che si pu\u00f2 vincere in base all&#8217;abbinamento di un solo numero, purch\u00e9 si tratti del MegaBall. Se si indovina quel numero, si vince un premio automatico e questo \u00e8 solo l&#8217;inizio. Si possono vincere premi molto piccoli, che permettono di recuperare il denaro speso per acquistare il biglietto, oppure grandi premi, ma comunque inferiori al jackpot vero e proprio.<br \/>\nInoltre, ogni premio sotto il jackpot viene vinto singolarmente. Ci\u00f2 significa che non dovrete dividere il denaro se anche qualcun altro vince quel premio.<\/p>\n<h2>Acquistare un biglietto Mega Millions online in Italia<\/h2>\n<p>Siete pronti ad acquistare il vostro primo biglietto Mega Millions online? Se lo siete, allora vorrete sicuramente dare un&#8217;occhiata alle fasi del processo. La rendiamo il pi\u00f9 semplice possibile perch\u00e9 sappiamo che volete acquistare il vostro biglietto, partecipare all&#8217;estrazione e poi dedicarvi alle altre cose della vostra vita. Per questo motivo, abbiamo previsto solo pochi passaggi.<\/p>\n<p>Il primo passo \u00e8 decidere cosa acquistare. Se volete acquistare i biglietti di Mega Millions online, sar\u00e0 facile. Basta trovare il gioco e accedere alla pagina specifica.<\/p>\n<p>Se volete acquistare biglietti per altri giochi, potrete vedere ciascuno di essi e i relativi jackpot attuali disponibili nella stessa schermata e potrete accedere a ciascuno di essi singolarmente. In questo modo sar\u00e0 molto facile decidere cosa fare e scegliere i biglietti desiderati.<br \/>\n<img loading=\"lazy\" decoding=\"async\" class=\"alignright wp-image\" src=\"https:\/\/content.redfoxlotto.com\/uploads\/sites\/9\/1_buy_mega_millions_lottery_tickets.jpg\" alt=\"acquistare i biglietti online\" width=\"287\" height=\"202\" \/><br \/>\nUna volta entrati nella pagina, potete scoprire di pi\u00f9 sul Mega Millions e poi scegliere i numeri che volete giocare. Se avete dei numeri specifici che desiderate, potete sceglierli proprio su quella schermata. Se avete solo alcuni numeri e volete che gli altri siano assegnati in modo casuale, anche questa \u00e8 un&#8217;opzione. Oppure si pu\u00f2 scegliere di ottenere un biglietto completamente randomizzato. La decisione spetta esclusivamente a voi. In ogni caso, saprete se avete abbastanza numeri, troppo pochi o troppi, perch\u00e9 ci assicureremo che il vostro biglietto sia valido prima ancora di arrivare alla pagina successiva.<\/p>\n<h2>Processo di pagamento<\/h2>\n<p>Dopo aver scelto i biglietti Mega Millions desiderati, potete aggiungerli al carrello e selezionare altri biglietti, se lo desiderate, oppure procedere alla cassa. Al momento del pagamento \u00e8 necessario avere un account, ma anche questo \u00e8 molto semplice da configurare.<\/p>\n<p>Basta inserire alcune informazioni di base su di s\u00e9 per poter richiedere i premi, se necessario.<\/p>\n<p>\u00c8 tutto qui. Confermate l&#8217;acquisto, noi vi procuriamo i biglietti, che appariranno direttamente sul vostro conto, in modo che possiate guardare e vedere se avete vinto. Vi invieremo anche un&#8217;e-mail se il vostro biglietto vince e vi mostreremo direttamente sul vostro conto quali numeri sono stati abbinati all&#8217;estrazione. Non avrete problemi a vivere una grande esperienza con il Mega Millions e vorrete continuare a giocare ogni volta.<\/p>\n","protected":false},"excerpt":{"rendered":"<p>Conosciuta fino al 2002 come &#8220;The Big Game&#8221;, questa lotteria di 44 stati americani \u00e8 ora nota in tutto il mondo come Mega Millions. A questo scopo vengono effettuate due estrazioni alla settimana (ogni marted\u00ec e venerd\u00ec). Se non avete mai sentito parlare di questo gioco o se non avete mai prestato attenzione fino ad [&hellip;]<\/p>\n","protected":false},"author":1,"featured_media":0,"parent":59912,"menu_order":2,"comment_status":"closed","ping_status":"closed","template":"megamillion-info.php","meta":{"_et_pb_use_builder":"","_et_pb_old_content":"","_et_gb_content_width":"","exclude_from_search":false,"footnotes":""},"class_list":["post-60274","page","type-page","status-publish","hentry"],"yoast_head":"<!-- This site is optimized with the Yoast SEO plugin v27.4 - https:\/\/yoast.com\/product\/yoast-seo-wordpress\/ -->\n<title>Compra i biglietti del Mega Millions online | Mega Millions \u00e8 ora disponibile dall&#039;Italia<\/title>\n<meta name=\"description\" content=\"Scopri il Mega Millions Lotto USA e come acquistare i biglietti Mega Millions online, dall&#039;Italia o da qualsiasi altro paese del mondo.\" \/>\n<meta name=\"robots\" content=\"index, follow, max-snippet:-1, max-image-preview:large, max-video-preview:-1\" \/>\n<link rel=\"canonical\" href=\"https:\/\/redfoxlotto.com\/it\/lotteria\/mega-milioni\/\" \/>\n<meta property=\"og:locale\" content=\"it_IT\" \/>\n<meta property=\"og:type\" content=\"article\" \/>\n<meta property=\"og:title\" content=\"Compra i biglietti del Mega Millions online | Mega Millions \u00e8 ora disponibile dall&#039;Italia\" \/>\n<meta property=\"og:description\" content=\"Scopri il Mega Millions Lotto USA e come acquistare i biglietti Mega Millions online, dall&#039;Italia o da qualsiasi altro paese del mondo.\" \/>\n<meta property=\"og:url\" content=\"https:\/\/redfoxlotto.com\/it\/lotteria\/mega-milioni\/\" \/>\n<meta property=\"og:site_name\" content=\"Get Tickets for the World\u2019s largest jackpots\" \/>\n<meta property=\"article:modified_time\" content=\"2025-12-18T13:04:36+00:00\" \/>\n<meta property=\"og:image\" content=\"https:\/\/content.redfoxlotto.com\/uploads\/sites\/9\/2_ticket_mega_millions2.jpg\" \/>\n<meta name=\"twitter:card\" content=\"summary_large_image\" \/>\n<meta name=\"twitter:label1\" content=\"Tempo di lettura stimato\" \/>\n\t<meta name=\"twitter:data1\" content=\"5 minuti\" \/>\n<script type=\"application\/ld+json\" class=\"yoast-schema-graph\">{\"@context\":\"https:\\\/\\\/schema.org\",\"@graph\":[{\"@type\":\"WebPage\",\"@id\":\"https:\\\/\\\/redfoxlotto.com\\\/it\\\/lotteria\\\/mega-milioni\\\/\",\"url\":\"https:\\\/\\\/redfoxlotto.com\\\/it\\\/lotteria\\\/mega-milioni\\\/\",\"name\":\"Compra i biglietti del Mega Millions online | Mega Millions \u00e8 ora disponibile dall'Italia\",\"isPartOf\":{\"@id\":\"https:\\\/\\\/redfoxlotto.com\\\/it\\\/#website\"},\"primaryImageOfPage\":{\"@id\":\"https:\\\/\\\/redfoxlotto.com\\\/it\\\/lotteria\\\/mega-milioni\\\/#primaryimage\"},\"image\":{\"@id\":\"https:\\\/\\\/redfoxlotto.com\\\/it\\\/lotteria\\\/mega-milioni\\\/#primaryimage\"},\"thumbnailUrl\":\"https:\\\/\\\/content.redfoxlotto.com\\\/uploads\\\/sites\\\/9\\\/2_ticket_mega_millions2.jpg\",\"datePublished\":\"2018-11-18T08:54:25+00:00\",\"dateModified\":\"2025-12-18T13:04:36+00:00\",\"description\":\"Scopri il Mega Millions Lotto USA e come acquistare i biglietti Mega Millions online, dall'Italia o da qualsiasi altro paese del mondo.\",\"breadcrumb\":{\"@id\":\"https:\\\/\\\/redfoxlotto.com\\\/it\\\/lotteria\\\/mega-milioni\\\/#breadcrumb\"},\"inLanguage\":\"it-IT\",\"potentialAction\":[{\"@type\":\"ReadAction\",\"target\":[\"https:\\\/\\\/redfoxlotto.com\\\/it\\\/lotteria\\\/mega-milioni\\\/\"]}]},{\"@type\":\"ImageObject\",\"inLanguage\":\"it-IT\",\"@id\":\"https:\\\/\\\/redfoxlotto.com\\\/it\\\/lotteria\\\/mega-milioni\\\/#primaryimage\",\"url\":\"https:\\\/\\\/content.redfoxlotto.com\\\/uploads\\\/sites\\\/9\\\/2_ticket_mega_millions2.jpg\",\"contentUrl\":\"https:\\\/\\\/content.redfoxlotto.com\\\/uploads\\\/sites\\\/9\\\/2_ticket_mega_millions2.jpg\"},{\"@type\":\"BreadcrumbList\",\"@id\":\"https:\\\/\\\/redfoxlotto.com\\\/it\\\/lotteria\\\/mega-milioni\\\/#breadcrumb\",\"itemListElement\":[{\"@type\":\"ListItem\",\"position\":1,\"name\":\"Home\",\"item\":\"https:\\\/\\\/redfoxlotto.com\\\/it\\\/\"},{\"@type\":\"ListItem\",\"position\":2,\"name\":\"Il processo di acquisto dei tuoi biglietti\",\"item\":\"https:\\\/\\\/redfoxlotto.com\\\/it\\\/lotteria\\\/\"},{\"@type\":\"ListItem\",\"position\":3,\"name\":\"Informazioni su Mega Millions\"}]},{\"@type\":\"WebSite\",\"@id\":\"https:\\\/\\\/redfoxlotto.com\\\/it\\\/#website\",\"url\":\"https:\\\/\\\/redfoxlotto.com\\\/it\\\/\",\"name\":\"Get Tickets for the World\u2019s largest jackpots\",\"description\":\"Participate in worldwide lottery jackpots from any country\",\"publisher\":{\"@id\":\"https:\\\/\\\/redfoxlotto.com\\\/it\\\/#organization\"},\"potentialAction\":[{\"@type\":\"SearchAction\",\"target\":{\"@type\":\"EntryPoint\",\"urlTemplate\":\"https:\\\/\\\/redfoxlotto.com\\\/it\\\/?s={search_term_string}\"},\"query-input\":{\"@type\":\"PropertyValueSpecification\",\"valueRequired\":true,\"valueName\":\"search_term_string\"}}],\"inLanguage\":\"it-IT\"},{\"@type\":\"Organization\",\"@id\":\"https:\\\/\\\/redfoxlotto.com\\\/it\\\/#organization\",\"name\":\"Get Tickets for the World\u2019s largest jackpots\",\"url\":\"https:\\\/\\\/redfoxlotto.com\\\/it\\\/\",\"logo\":{\"@type\":\"ImageObject\",\"inLanguage\":\"it-IT\",\"@id\":\"https:\\\/\\\/redfoxlotto.com\\\/it\\\/#\\\/schema\\\/logo\\\/image\\\/\",\"url\":\"https:\\\/\\\/redfoxlotto.com\\\/wp-content\\\/uploads\\\/2023\\\/04\\\/logo.png\",\"contentUrl\":\"https:\\\/\\\/redfoxlotto.com\\\/wp-content\\\/uploads\\\/2023\\\/04\\\/logo.png\",\"width\":269,\"height\":53,\"caption\":\"Get Tickets for the World\u2019s largest jackpots\"},\"image\":{\"@id\":\"https:\\\/\\\/redfoxlotto.com\\\/it\\\/#\\\/schema\\\/logo\\\/image\\\/\"}}]}<\/script>\n<!-- \/ Yoast SEO plugin. -->","yoast_head_json":{"title":"Compra i biglietti del Mega Millions online | Mega Millions \u00e8 ora disponibile dall'Italia","description":"Scopri il Mega Millions Lotto USA e come acquistare i biglietti Mega Millions online, dall'Italia o da qualsiasi altro paese del mondo.","robots":{"index":"index","follow":"follow","max-snippet":"max-snippet:-1","max-image-preview":"max-image-preview:large","max-video-preview":"max-video-preview:-1"},"canonical":"https:\/\/redfoxlotto.com\/it\/lotteria\/mega-milioni\/","og_locale":"it_IT","og_type":"article","og_title":"Compra i biglietti del Mega Millions online | Mega Millions \u00e8 ora disponibile dall'Italia","og_description":"Scopri il Mega Millions Lotto USA e come acquistare i biglietti Mega Millions online, dall'Italia o da qualsiasi altro paese del mondo.","og_url":"https:\/\/redfoxlotto.com\/it\/lotteria\/mega-milioni\/","og_site_name":"Get Tickets for the World\u2019s largest jackpots","article_modified_time":"2025-12-18T13:04:36+00:00","og_image":[{"url":"https:\/\/content.redfoxlotto.com\/uploads\/sites\/9\/2_ticket_mega_millions2.jpg","type":"","width":"","height":""}],"twitter_card":"summary_large_image","twitter_misc":{"Tempo di lettura stimato":"5 minuti"},"schema":{"@context":"https:\/\/schema.org","@graph":[{"@type":"WebPage","@id":"https:\/\/redfoxlotto.com\/it\/lotteria\/mega-milioni\/","url":"https:\/\/redfoxlotto.com\/it\/lotteria\/mega-milioni\/","name":"Compra i biglietti del Mega Millions online | Mega Millions \u00e8 ora disponibile dall'Italia","isPartOf":{"@id":"https:\/\/redfoxlotto.com\/it\/#website"},"primaryImageOfPage":{"@id":"https:\/\/redfoxlotto.com\/it\/lotteria\/mega-milioni\/#primaryimage"},"image":{"@id":"https:\/\/redfoxlotto.com\/it\/lotteria\/mega-milioni\/#primaryimage"},"thumbnailUrl":"https:\/\/content.redfoxlotto.com\/uploads\/sites\/9\/2_ticket_mega_millions2.jpg","datePublished":"2018-11-18T08:54:25+00:00","dateModified":"2025-12-18T13:04:36+00:00","description":"Scopri il Mega Millions Lotto USA e come acquistare i biglietti Mega Millions online, dall'Italia o da qualsiasi altro paese del mondo.","breadcrumb":{"@id":"https:\/\/redfoxlotto.com\/it\/lotteria\/mega-milioni\/#breadcrumb"},"inLanguage":"it-IT","potentialAction":[{"@type":"ReadAction","target":["https:\/\/redfoxlotto.com\/it\/lotteria\/mega-milioni\/"]}]},{"@type":"ImageObject","inLanguage":"it-IT","@id":"https:\/\/redfoxlotto.com\/it\/lotteria\/mega-milioni\/#primaryimage","url":"https:\/\/content.redfoxlotto.com\/uploads\/sites\/9\/2_ticket_mega_millions2.jpg","contentUrl":"https:\/\/content.redfoxlotto.com\/uploads\/sites\/9\/2_ticket_mega_millions2.jpg"},{"@type":"BreadcrumbList","@id":"https:\/\/redfoxlotto.com\/it\/lotteria\/mega-milioni\/#breadcrumb","itemListElement":[{"@type":"ListItem","position":1,"name":"Home","item":"https:\/\/redfoxlotto.com\/it\/"},{"@type":"ListItem","position":2,"name":"Il processo di acquisto dei tuoi biglietti","item":"https:\/\/redfoxlotto.com\/it\/lotteria\/"},{"@type":"ListItem","position":3,"name":"Informazioni su Mega Millions"}]},{"@type":"WebSite","@id":"https:\/\/redfoxlotto.com\/it\/#website","url":"https:\/\/redfoxlotto.com\/it\/","name":"Get Tickets for the World\u2019s largest jackpots","description":"Participate in worldwide lottery jackpots from any country","publisher":{"@id":"https:\/\/redfoxlotto.com\/it\/#organization"},"potentialAction":[{"@type":"SearchAction","target":{"@type":"EntryPoint","urlTemplate":"https:\/\/redfoxlotto.com\/it\/?s={search_term_string}"},"query-input":{"@type":"PropertyValueSpecification","valueRequired":true,"valueName":"search_term_string"}}],"inLanguage":"it-IT"},{"@type":"Organization","@id":"https:\/\/redfoxlotto.com\/it\/#organization","name":"Get Tickets for the World\u2019s largest jackpots","url":"https:\/\/redfoxlotto.com\/it\/","logo":{"@type":"ImageObject","inLanguage":"it-IT","@id":"https:\/\/redfoxlotto.com\/it\/#\/schema\/logo\/image\/","url":"https:\/\/redfoxlotto.com\/wp-content\/uploads\/2023\/04\/logo.png","contentUrl":"https:\/\/redfoxlotto.com\/wp-content\/uploads\/2023\/04\/logo.png","width":269,"height":53,"caption":"Get Tickets for the World\u2019s largest jackpots"},"image":{"@id":"https:\/\/redfoxlotto.com\/it\/#\/schema\/logo\/image\/"}}]}},"_links":{"self":[{"href":"https:\/\/redfoxlotto.com\/it\/wp-json\/wp\/v2\/pages\/60274","targetHints":{"allow":["GET"]}}],"collection":[{"href":"https:\/\/redfoxlotto.com\/it\/wp-json\/wp\/v2\/pages"}],"about":[{"href":"https:\/\/redfoxlotto.com\/it\/wp-json\/wp\/v2\/types\/page"}],"author":[{"embeddable":true,"href":"https:\/\/redfoxlotto.com\/it\/wp-json\/wp\/v2\/users\/1"}],"replies":[{"embeddable":true,"href":"https:\/\/redfoxlotto.com\/it\/wp-json\/wp\/v2\/comments?post=60274"}],"version-history":[{"count":0,"href":"https:\/\/redfoxlotto.com\/it\/wp-json\/wp\/v2\/pages\/60274\/revisions"}],"up":[{"embeddable":true,"href":"https:\/\/redfoxlotto.com\/it\/wp-json\/wp\/v2\/pages\/59912"}],"wp:attachment":[{"href":"https:\/\/redfoxlotto.com\/it\/wp-json\/wp\/v2\/media?parent=60274"}],"curies":[{"name":"wp","href":"https:\/\/api.w.org\/{rel}","templated":true}]}}