{"id":60264,"date":"2018-11-18T08:54:25","date_gmt":"2018-11-18T08:54:25","guid":{"rendered":"https:\/\/redfoxlotto.eu\/?page_id=60264"},"modified":"2025-12-18T11:03:22","modified_gmt":"2025-12-18T11:03:22","slug":"powerball","status":"publish","type":"page","link":"https:\/\/redfoxlotto.com\/it\/lotteria\/powerball\/","title":{"rendered":"Informazioni sul Powerball"},"content":{"rendered":"<p><script type=\"application\/ld+json\">\n{\n  \"@context\": \"https:\/\/schema.org\",\n  \"@type\": \"Service\",\n  \"name\": \"Gioca a Powerball online\",\n  \"url\": \"https:\/\/redfoxlotto.com\/it\/lotteries\/powerball\",\n  \"description\": \"Acquista i biglietti ufficiali del Powerball online, da qualsiasi paese. Visita RedFoxLotto, scegli i tuoi numeri e partecipa all\u2019estrazione successiva.\",\n  \"serviceType\": \"Servizio di biglietteria lotteria online\",<\/p>\n<p>  \"provider\": {\n    \"@type\": \"Organization\",\n    \"name\": \"RedFoxLotto\",\n    \"url\": \"https:\/\/redfoxlotto.com\/it\/\",\n    \"image\": \"https:\/\/redfoxlotto.com\/wp-content\/uploads\/2025\/12\/ticket_scans.jpg\",\n    \"sameAs\": []\n  },<\/p>\n<p>  \"areaServed\": \"Worldwide\",\n  \"termsOfService\": \"https:\/\/redfoxlotto.com\/terms-and-conditions\",<\/p>\n<p>  \"additionalProperty\": {\n    \"@type\": \"PropertyValue\",\n    \"name\": \"FAQ\",\n    \"value\": \"https:\/\/redfoxlotto.com\/it\/faq\/\"\n  },<\/p>\n<p>  \"hasOfferCatalog\": {\n    \"@type\": \"OfferCatalog\",\n    \"name\": \"Biglietti Powerball\",\n    \"itemListElement\": [\n      {\n        \"@type\": \"Offer\",\n        \"name\": \"Biglietti Powerball\",\n        \"url\": \"https:\/\/redfoxlotto.com\/it\/lotteries\/powerball\",\n        \"description\": \"Acquista biglietti reali online per la prossima estrazione Powerball su RedFoxLotto.\",\n        \"price\": \"5.90\",\n        \"priceCurrency\": \"\u20ac\",\n        \"availability\": \"https:\/\/schema.org\/InStock\",<\/p>\n<p>        \"itemOffered\": {\n          \"@type\": \"Service\",\n          \"name\": \"Biglietti Powerball\",\n          \"description\": \"Partecipa alla prossima estrazione Powerball \u2013 acquista i tuoi biglietti online tramite RedFoxLotto.\"\n        }\n      }\n    ]\n  },<\/p>\n<p>  \"mainEntityOfPage\": {\n    \"@type\": \"WebPage\",\n    \"@id\": \"https:\/\/redfoxlotto.com\/it\/lotteries\/powerball\"\n  }\n}\n<\/script><\/p>\n<p>Il Powerball \u00e8 probabilmente la lotteria pi\u00f9 conosciuta al mondo e ci sono ottime ragioni per questo.<\/p>\n<p>Milioni di giocatori di tutto il mondo giocano a questa lotteria. Inoltre, non solo negli Stati Uniti, ma anche online da altri Paesi come l&#8217;Estonia, si pu\u00f2 scegliere di acquistare i biglietti Powerball online.<\/p>\n<p>Le estrazioni avvengono ogni sabato e mercoled\u00ec, il che significa che avrete il doppio delle opportunit\u00e0 per partecipare e acquistare un biglietto. Ci\u00f2 che \u00e8 davvero entusiasmante \u00e8 che il pi\u00f9 grande jackpot mai raggiunto nel Powerball \u00e8 stato di 1.586.400.000 dollari!<\/p>\n<h2>Powerball Lotto in tutto il mondo<\/h2>\n<p>Con l&#8217;aiuto del nostro sito web, ora potete diventare multimilionari del Powerball. Vi diamo l&#8217;opportunit\u00e0 di acquistare i biglietti del Powerball online. Tutto ci\u00f2 che dovete fare \u00e8 dare un&#8217;occhiata al nostro sistema. Vedrete che potrete passare dal semplice controllo del nostro sito web ad avere il vostro primo biglietto sul vostro conto in pochi semplici passi. Diamo quindi un&#8217;occhiata pi\u00f9 da vicino a ci\u00f2 che dovete fare.<img decoding=\"async\" class=\"wp-image alignright\" src=\"https:\/\/redfoxlotto.com\/wp-content\/uploads\/sites\/9\/ticket_powerball3.jpg\" alt=\"lotteria powerball\" \/><\/p>\n<h2>Come acquistare il biglietto del Powerball online dall&#8217;Italia<\/h2>\n<p>Il primo passo \u00e8 semplicemente quello di controllare i diversi giochi della lotteria che abbiamo a disposizione. Fortunatamente per voi, sono disponibili numerosi biglietti e giochi di grande qualit\u00e0, perch\u00e9 vogliamo assicurarci che possiate partecipare a tutti i jackpot pi\u00f9 importanti. Quindi, tutti i pi\u00f9 grandi giochi del mondo sono disponibili in Estonia, attraverso il nostro sito web. Basta dare un&#8217;occhiata ai giochi disponibili e decidere quale giocare.<\/p>\n<p>Una volta scelto il gioco (in questo caso il Powerball), basta cliccare sul link e accedere alla pagina. Vedrete ulteriori informazioni sul gioco e su come ottenere il vostro biglietto. Tutto ci\u00f2 che serve \u00e8 scegliere i numeri che si desidera. Naturalmente, potete anche scegliere una selezione rapida se non sapete quali numeri volete.<\/p>\n<p>Con il nostro sito web, quando inizierete a scegliere i numeri, vi comunicheremo esattamente quanti ve ne servono e ci assicureremo che non ne abbiate troppi o troppo pochi per ottenere un biglietto valido. Avrete anche la possibilit\u00e0 di scegliere una combinazione di numeri selezionati a caso e selezionati personalmente, a seconda delle vostre esigenze. \u00c8 inoltre possibile selezionare pi\u00f9 biglietti per il gioco.<\/p>\n<p>Da qui, potrete aggiungere i biglietti al vostro carrello e poi scegliere altri biglietti del Powerball o di altri giochi che desiderate. A questo punto, non vi resta che creare il vostro conto. A questo punto, vi chiederemo alcune informazioni personali che vi renderanno pi\u00f9 sicuri quando vorrete acquistare i biglietti e quando vorrete prelevare denaro dal vostro conto. Potrete inoltre impostare tutti i conti che desiderate.<\/p>\n<h2>Le regole dei biglietti Powerball online<\/h2>\n<p>Quando si tratta di impostare il vostro biglietto Powerball, dovete sapere quali sono le regole da seguire e come scegliere il biglietto. Quindi, cosa dovete fare?<\/p>\n<p>\u00c8 necessario scegliere 5 numeri compresi tra 1 e 69, pi\u00f9 un numero Powerball da 1 a 26. Tutti e sei i numeri devono essere abbinati sul biglietto. Allora avrete vinto il jackpot. Se invece i primi 5 numeri sono corretti, il biglietto vince il secondo premio. In questo caso, si \u00e8 comunque pi\u00f9 ricchi di 1 milione di dollari. Le vincite del jackpot Powerball possono essere pagate in un&#8217;unica soluzione o in 30 rate annuali.<\/p>\n<h2>Acquistate un biglietto Powerball online e vincete!<\/h2>\n<p>Cosa succeder\u00e0 se vincerete davvero il jackpot del Powerball? Sar\u00e0 molto divertente e sarete sicuramente molto eccitati. Ma dovrete anche programmare un viaggio negli Stati Uniti, perch\u00e9 a loro piace fare un grande affare con le persone che vincono.<\/p>\n<p>Questo significa che vi faranno delle foto, vi consegneranno un grosso assegno e molto altro ancora, e noi ci assicureremo che siate preparati per questo con il biglietto e le informazioni necessarie per reclamare il vostro premio.<\/p>\n<p>Se vincete un premio di livello inferiore, possiamo versare il denaro direttamente sul vostro conto, in modo che possiate ritirarlo o usarlo per acquistare altri biglietti. Per coloro che hanno vinto premi pi\u00f9 importanti, ma non il jackpot, sar\u00e0 possibile ottenere un trasferimento diretto sul conto e ci metteremo in contatto con voi per farvi sapere cosa dovete fare e come potete organizzare il tutto. Ma come fare a saperlo?<img decoding=\"async\" class=\"size-full wp-image alignright\" src=\"https:\/\/content.redfoxlotto.com\/uploads\/sites\/9\/1_buy_lottery_online.jpg\" alt=\"acquistare i biglietti online\" \/><\/p>\n<p>Se continuate a controllare il vostro conto, sarete in grado di vedere gli aggiornamenti sul vostro biglietto e vedrete i numeri che corrispondono. Inoltre, i soldi per gli importi minori verranno immediatamente trasferiti sul vostro conto. Qualsiasi importo vinto, invece, verr\u00e0 visualizzato nella vostra e-mail. Ci\u00f2 significa che potrete controllare la vostra e-mail e vedere che avete vinto, in modo da poter accedere immediatamente al vostro conto.<\/p>\n<h2>Giocare a nuovi giochi<\/h2>\n<p>Se siete pronti per iniziare a giocare e volete acquistare i biglietti del Powerball online, vorrete sicuramente dare un&#8217;occhiata anche alle altre opzioni che abbiamo. Infatti, abbiamo i giochi di lotteria pi\u00f9 caldi in corso in tutto il mondo e tutto ci\u00f2 che dovete fare \u00e8 decidere quale sar\u00e0 il vostro preferito e quale volete provare successivamente.<\/p>\n<p>Quindi, date una rapida occhiata a ci\u00f2 che \u00e8 disponibile e a come potete prendere tutti i biglietti che volete. Assicuratevi anche di dare un&#8217;occhiata a tutte le informazioni che potete trovare su ciascuno dei giochi, quando verranno estratti, quanto potreste vincere e molto altro ancora.<\/p>\n<p>Volete giocare e prendere i biglietti del Powerball online? Iniziate subito, proprio qui.<\/p>\n","protected":false},"excerpt":{"rendered":"<p>Il Powerball \u00e8 probabilmente la lotteria pi\u00f9 conosciuta al mondo e ci sono ottime ragioni per questo. Milioni di giocatori di tutto il mondo giocano a questa lotteria. Inoltre, non solo negli Stati Uniti, ma anche online da altri Paesi come l&#8217;Estonia, si pu\u00f2 scegliere di acquistare i biglietti Powerball online. Le estrazioni avvengono ogni [&hellip;]<\/p>\n","protected":false},"author":1,"featured_media":0,"parent":59912,"menu_order":1,"comment_status":"closed","ping_status":"closed","template":"powerball-usa-info.php","meta":{"_et_pb_use_builder":"","_et_pb_old_content":"","_et_gb_content_width":"","exclude_from_search":false,"footnotes":""},"class_list":["post-60264","page","type-page","status-publish","hentry"],"yoast_head":"<!-- This site is optimized with the Yoast SEO plugin v23.8 - https:\/\/yoast.com\/wordpress\/plugins\/seo\/ -->\n<title>Acquista i biglietti Powerball online dall&#039;Italia | Vinci il Powerball qui<\/title>\n<meta name=\"description\" content=\"Come acquistare un biglietto online per il Powerball Lotto USA? Il nostro servizio vi permette di partecipare al Powerball USA dall&#039;Italia.\" \/>\n<meta name=\"robots\" content=\"index, follow, max-snippet:-1, max-image-preview:large, max-video-preview:-1\" \/>\n<link rel=\"canonical\" href=\"https:\/\/redfoxlotto.com\/it\/lotteria\/powerball\/\" \/>\n<meta property=\"og:locale\" content=\"it_IT\" \/>\n<meta property=\"og:type\" content=\"article\" \/>\n<meta property=\"og:title\" content=\"Acquista i biglietti Powerball online dall&#039;Italia | Vinci il Powerball qui\" \/>\n<meta property=\"og:description\" content=\"Come acquistare un biglietto online per il Powerball Lotto USA? Il nostro servizio vi permette di partecipare al Powerball USA dall&#039;Italia.\" \/>\n<meta property=\"og:url\" content=\"https:\/\/redfoxlotto.com\/it\/lotteria\/powerball\/\" \/>\n<meta property=\"og:site_name\" content=\"Get Tickets for the World\u2019s largest jackpots\" \/>\n<meta property=\"article:modified_time\" content=\"2025-12-18T11:03:22+00:00\" \/>\n<meta property=\"og:image\" content=\"https:\/\/redfoxlotto.com\/wp-content\/uploads\/sites\/9\/ticket_powerball3.jpg\" \/>\n<meta name=\"twitter:card\" content=\"summary_large_image\" \/>\n<meta name=\"twitter:label1\" content=\"Tempo di lettura stimato\" \/>\n\t<meta name=\"twitter:data1\" content=\"5 minuti\" \/>\n<script type=\"application\/ld+json\" class=\"yoast-schema-graph\">{\"@context\":\"https:\/\/schema.org\",\"@graph\":[{\"@type\":\"WebPage\",\"@id\":\"https:\/\/redfoxlotto.com\/it\/lotteria\/powerball\/\",\"url\":\"https:\/\/redfoxlotto.com\/it\/lotteria\/powerball\/\",\"name\":\"Acquista i biglietti Powerball online dall'Italia | Vinci il Powerball qui\",\"isPartOf\":{\"@id\":\"https:\/\/redfoxlotto.com\/it\/#website\"},\"primaryImageOfPage\":{\"@id\":\"https:\/\/redfoxlotto.com\/it\/lotteria\/powerball\/#primaryimage\"},\"image\":{\"@id\":\"https:\/\/redfoxlotto.com\/it\/lotteria\/powerball\/#primaryimage\"},\"thumbnailUrl\":\"https:\/\/redfoxlotto.com\/wp-content\/uploads\/sites\/9\/ticket_powerball3.jpg\",\"datePublished\":\"2018-11-18T08:54:25+00:00\",\"dateModified\":\"2025-12-18T11:03:22+00:00\",\"description\":\"Come acquistare un biglietto online per il Powerball Lotto USA? Il nostro servizio vi permette di partecipare al Powerball USA dall'Italia.\",\"breadcrumb\":{\"@id\":\"https:\/\/redfoxlotto.com\/it\/lotteria\/powerball\/#breadcrumb\"},\"inLanguage\":\"it-IT\",\"potentialAction\":[{\"@type\":\"ReadAction\",\"target\":[\"https:\/\/redfoxlotto.com\/it\/lotteria\/powerball\/\"]}]},{\"@type\":\"ImageObject\",\"inLanguage\":\"it-IT\",\"@id\":\"https:\/\/redfoxlotto.com\/it\/lotteria\/powerball\/#primaryimage\",\"url\":\"https:\/\/redfoxlotto.com\/wp-content\/uploads\/sites\/9\/ticket_powerball3.jpg\",\"contentUrl\":\"https:\/\/redfoxlotto.com\/wp-content\/uploads\/sites\/9\/ticket_powerball3.jpg\"},{\"@type\":\"BreadcrumbList\",\"@id\":\"https:\/\/redfoxlotto.com\/it\/lotteria\/powerball\/#breadcrumb\",\"itemListElement\":[{\"@type\":\"ListItem\",\"position\":1,\"name\":\"Home\",\"item\":\"https:\/\/redfoxlotto.com\/it\/\"},{\"@type\":\"ListItem\",\"position\":2,\"name\":\"Il processo di acquisto dei tuoi biglietti\",\"item\":\"https:\/\/redfoxlotto.com\/it\/lotteria\/\"},{\"@type\":\"ListItem\",\"position\":3,\"name\":\"Informazioni sul Powerball\"}]},{\"@type\":\"WebSite\",\"@id\":\"https:\/\/redfoxlotto.com\/it\/#website\",\"url\":\"https:\/\/redfoxlotto.com\/it\/\",\"name\":\"Get Tickets for the World\u2019s largest jackpots\",\"description\":\"Participate in worldwide lottery jackpots from any country\",\"publisher\":{\"@id\":\"https:\/\/redfoxlotto.com\/it\/#organization\"},\"potentialAction\":[{\"@type\":\"SearchAction\",\"target\":{\"@type\":\"EntryPoint\",\"urlTemplate\":\"https:\/\/redfoxlotto.com\/it\/?s={search_term_string}\"},\"query-input\":{\"@type\":\"PropertyValueSpecification\",\"valueRequired\":true,\"valueName\":\"search_term_string\"}}],\"inLanguage\":\"it-IT\"},{\"@type\":\"Organization\",\"@id\":\"https:\/\/redfoxlotto.com\/it\/#organization\",\"name\":\"Get Tickets for the World\u2019s largest jackpots\",\"url\":\"https:\/\/redfoxlotto.com\/it\/\",\"logo\":{\"@type\":\"ImageObject\",\"inLanguage\":\"it-IT\",\"@id\":\"https:\/\/redfoxlotto.com\/it\/#\/schema\/logo\/image\/\",\"url\":\"https:\/\/redfoxlotto.com\/wp-content\/uploads\/2023\/04\/logo.png\",\"contentUrl\":\"https:\/\/redfoxlotto.com\/wp-content\/uploads\/2023\/04\/logo.png\",\"width\":269,\"height\":53,\"caption\":\"Get Tickets for the World\u2019s largest jackpots\"},\"image\":{\"@id\":\"https:\/\/redfoxlotto.com\/it\/#\/schema\/logo\/image\/\"}}]}<\/script>\n<!-- \/ Yoast SEO plugin. -->","yoast_head_json":{"title":"Acquista i biglietti Powerball online dall'Italia | Vinci il Powerball qui","description":"Come acquistare un biglietto online per il Powerball Lotto USA? Il nostro servizio vi permette di partecipare al Powerball USA dall'Italia.","robots":{"index":"index","follow":"follow","max-snippet":"max-snippet:-1","max-image-preview":"max-image-preview:large","max-video-preview":"max-video-preview:-1"},"canonical":"https:\/\/redfoxlotto.com\/it\/lotteria\/powerball\/","og_locale":"it_IT","og_type":"article","og_title":"Acquista i biglietti Powerball online dall'Italia | Vinci il Powerball qui","og_description":"Come acquistare un biglietto online per il Powerball Lotto USA? Il nostro servizio vi permette di partecipare al Powerball USA dall'Italia.","og_url":"https:\/\/redfoxlotto.com\/it\/lotteria\/powerball\/","og_site_name":"Get Tickets for the World\u2019s largest jackpots","article_modified_time":"2025-12-18T11:03:22+00:00","og_image":[{"url":"https:\/\/redfoxlotto.com\/wp-content\/uploads\/sites\/9\/ticket_powerball3.jpg"}],"twitter_card":"summary_large_image","twitter_misc":{"Tempo di lettura stimato":"5 minuti"},"schema":{"@context":"https:\/\/schema.org","@graph":[{"@type":"WebPage","@id":"https:\/\/redfoxlotto.com\/it\/lotteria\/powerball\/","url":"https:\/\/redfoxlotto.com\/it\/lotteria\/powerball\/","name":"Acquista i biglietti Powerball online dall'Italia | Vinci il Powerball qui","isPartOf":{"@id":"https:\/\/redfoxlotto.com\/it\/#website"},"primaryImageOfPage":{"@id":"https:\/\/redfoxlotto.com\/it\/lotteria\/powerball\/#primaryimage"},"image":{"@id":"https:\/\/redfoxlotto.com\/it\/lotteria\/powerball\/#primaryimage"},"thumbnailUrl":"https:\/\/redfoxlotto.com\/wp-content\/uploads\/sites\/9\/ticket_powerball3.jpg","datePublished":"2018-11-18T08:54:25+00:00","dateModified":"2025-12-18T11:03:22+00:00","description":"Come acquistare un biglietto online per il Powerball Lotto USA? Il nostro servizio vi permette di partecipare al Powerball USA dall'Italia.","breadcrumb":{"@id":"https:\/\/redfoxlotto.com\/it\/lotteria\/powerball\/#breadcrumb"},"inLanguage":"it-IT","potentialAction":[{"@type":"ReadAction","target":["https:\/\/redfoxlotto.com\/it\/lotteria\/powerball\/"]}]},{"@type":"ImageObject","inLanguage":"it-IT","@id":"https:\/\/redfoxlotto.com\/it\/lotteria\/powerball\/#primaryimage","url":"https:\/\/redfoxlotto.com\/wp-content\/uploads\/sites\/9\/ticket_powerball3.jpg","contentUrl":"https:\/\/redfoxlotto.com\/wp-content\/uploads\/sites\/9\/ticket_powerball3.jpg"},{"@type":"BreadcrumbList","@id":"https:\/\/redfoxlotto.com\/it\/lotteria\/powerball\/#breadcrumb","itemListElement":[{"@type":"ListItem","position":1,"name":"Home","item":"https:\/\/redfoxlotto.com\/it\/"},{"@type":"ListItem","position":2,"name":"Il processo di acquisto dei tuoi biglietti","item":"https:\/\/redfoxlotto.com\/it\/lotteria\/"},{"@type":"ListItem","position":3,"name":"Informazioni sul Powerball"}]},{"@type":"WebSite","@id":"https:\/\/redfoxlotto.com\/it\/#website","url":"https:\/\/redfoxlotto.com\/it\/","name":"Get Tickets for the World\u2019s largest jackpots","description":"Participate in worldwide lottery jackpots from any country","publisher":{"@id":"https:\/\/redfoxlotto.com\/it\/#organization"},"potentialAction":[{"@type":"SearchAction","target":{"@type":"EntryPoint","urlTemplate":"https:\/\/redfoxlotto.com\/it\/?s={search_term_string}"},"query-input":{"@type":"PropertyValueSpecification","valueRequired":true,"valueName":"search_term_string"}}],"inLanguage":"it-IT"},{"@type":"Organization","@id":"https:\/\/redfoxlotto.com\/it\/#organization","name":"Get Tickets for the World\u2019s largest jackpots","url":"https:\/\/redfoxlotto.com\/it\/","logo":{"@type":"ImageObject","inLanguage":"it-IT","@id":"https:\/\/redfoxlotto.com\/it\/#\/schema\/logo\/image\/","url":"https:\/\/redfoxlotto.com\/wp-content\/uploads\/2023\/04\/logo.png","contentUrl":"https:\/\/redfoxlotto.com\/wp-content\/uploads\/2023\/04\/logo.png","width":269,"height":53,"caption":"Get Tickets for the World\u2019s largest jackpots"},"image":{"@id":"https:\/\/redfoxlotto.com\/it\/#\/schema\/logo\/image\/"}}]}},"_links":{"self":[{"href":"https:\/\/redfoxlotto.com\/it\/wp-json\/wp\/v2\/pages\/60264","targetHints":{"allow":["GET"]}}],"collection":[{"href":"https:\/\/redfoxlotto.com\/it\/wp-json\/wp\/v2\/pages"}],"about":[{"href":"https:\/\/redfoxlotto.com\/it\/wp-json\/wp\/v2\/types\/page"}],"author":[{"embeddable":true,"href":"https:\/\/redfoxlotto.com\/it\/wp-json\/wp\/v2\/users\/1"}],"replies":[{"embeddable":true,"href":"https:\/\/redfoxlotto.com\/it\/wp-json\/wp\/v2\/comments?post=60264"}],"version-history":[{"count":0,"href":"https:\/\/redfoxlotto.com\/it\/wp-json\/wp\/v2\/pages\/60264\/revisions"}],"up":[{"embeddable":true,"href":"https:\/\/redfoxlotto.com\/it\/wp-json\/wp\/v2\/pages\/59912"}],"wp:attachment":[{"href":"https:\/\/redfoxlotto.com\/it\/wp-json\/wp\/v2\/media?parent=60264"}],"curies":[{"name":"wp","href":"https:\/\/api.w.org\/{rel}","templated":true}]}}