{"id":59912,"date":"2023-04-24T14:12:24","date_gmt":"2023-04-24T14:12:24","guid":{"rendered":"https:\/\/redfoxlotto.eu\/?page_id=59912"},"modified":"2025-12-18T09:46:29","modified_gmt":"2025-12-18T09:46:29","slug":"lotteria","status":"publish","type":"page","link":"https:\/\/redfoxlotto.com\/it\/lotteria\/","title":{"rendered":"Il processo di acquisto dei tuoi biglietti"},"content":{"rendered":"<p><script type=\"application\/ld+json\">\n{\n  \"@context\": \"https:\/\/schema.org\",\n  \"@type\": \"Service\",\n  \"name\": \"Acquista biglietti della lotteria online\",\n  \"url\": \"https:\/\/redfoxlotto.com\/it\/lotteries\/\",\n  \"description\": \"Acquista biglietti della lotteria online \u2013 le migliori lotterie del pianeta sono disponibili qui.\",\n  \"serviceType\": \"Servizio di invio biglietti della lotteria online\",<\/p>\n<p>  \"provider\": {\n    \"@type\": \"Organization\",\n    \"name\": \"RedFoxLotto\",\n    \"url\": \"https:\/\/redfoxlotto.com\/it\/\",\n    \"image\": \"https:\/\/redfoxlotto.com\/wp-content\/uploads\/2025\/12\/ticket_scans.jpg\"\n  },<\/p>\n<p>  \"areaServed\": \"Worldwide\",\n  \"termsOfService\": \"https:\/\/redfoxlotto.com\/terms-and-conditions\",<\/p>\n<p>  \"additionalProperty\": {\n    \"@type\": \"PropertyValue\",\n    \"name\": \"FAQ\",\n    \"value\": \"https:\/\/redfoxlotto.com\/it\/faq\/\"\n  },<\/p>\n<p>  \"hasOfferCatalog\": {\n    \"@type\": \"OfferCatalog\",\n    \"name\": \"Biglietti della lotteria mondiali\",\n    \"itemListElement\": [\n      {\n        \"@type\": \"Offer\",\n        \"name\": \"Biglietti della lotteria\",\n        \"url\": \"https:\/\/redfoxlotto.com\/it\/lotteries\/\",\n        \"description\": \"Acquistare biglietti della lotteria online a livello mondiale \u00e8 sicuro e semplice \u2013 ecco come funziona.\",\n        \"availability\": \"https:\/\/schema.org\/InStock\",<\/p>\n<p>        \"itemOffered\": {\n          \"@type\": \"Service\",\n          \"name\": \"Biglietti della lotteria online\",\n          \"description\": \"Partecipa ai jackpot pi\u00f9 grandi del mondo \u2013 acquista i tuoi biglietti online tramite RedFoxLotto.\"\n        }\n      }\n    ]\n  },<\/p>\n<p>  \"mainEntityOfPage\": {\n    \"@type\": \"WebPage\",\n    \"@id\": \"https:\/\/redfoxlotto.com\/it\/lotteries\/\"\n  }\n}\n<\/script><\/p>\n<p>Sul nostro sito web puoi acquistare online i <a href=\"https:\/\/redfoxlotto.com\/it\/lotteria\/\">biglietti per le lotterie pi\u00f9 grandi del mondo<\/a>. Ci\u00f2 include Megamillions e Powerball dagli Stati Uniti, Euromillions, Eurojackpot, El Gordo e La Primitiva dalla Spagna, SuperEna dall&#8217;Italia e molti altri.<!--more--><\/p>\n<p>Ecc<strong>o come funziona acquistare i biglietti online in quattro semplici passaggi:<\/strong><\/p>\n<h2>Step 1 &#8211; Scegliere una lotteria<\/h2>\n<p><img decoding=\"async\" class=\"size-full wp-image alignright\" src=\"https:\/\/content.redfoxlotto.com\/uploads\/sites\/9\/1_lottery_ticket.jpg\" alt=\"come acquistare i biglietti della lotteria online\" \/><\/p>\n<p>Su RedFoxLotto.com, <a href=\"https:\/\/redfoxlotto.com\/it\/gioca\/\">scegli la lotteria<\/a> per la quale vuoi acquistare i biglietti. Sulla nostra homepage, puoi vedere le lotterie ordinate in base al valore del jackpot attuale.<\/p>\n<h2>Step 2 &#8211; scegli i tuoi numeri<\/h2>\n<p>Usa il mouse per scegliere i numeri che vuoi giocare. Puoi anche utilizzare la funzione &#8220;Scelta rapida&#8221; per selezionare numeri casuali. Naturalmente, puoi scartare questi numeri casuali del tutto o in parte. Oppure puoi inserire prima alcuni dei tuoi numeri e scegliere gli altri a caso. Non devi preoccuparti di non avere abbastanza numeri o di averne troppi. In tal caso, il sistema ti avviser\u00e0 e ti chieder\u00e0 di aggiungere o rimuovere numeri.<br \/>\nPuoi acquistare pi\u00f9 biglietti per altre lotterie e aggiungerli al tuo ordine. Quando hai preparato tutti i biglietti, clicca su &#8220;Paga adesso&#8221;.<\/p>\n<h3>Step 3 &#8211; registrazione o accesso<\/h3>\n<p>Ora devi registrare un account con noi. Per farlo, abbiamo bisogno di alcune informazioni da parte tua per motivi di sicurezza e per essere avvisato in caso di vincita. Se sei gi\u00e0 registrato, devi solo accedere con i tuoi dati di accesso. Se hai dimenticato la password, utilizza la funzione &#8220;Password dimenticata&#8221;.<\/p>\n<h3>Step 4 &#8211; pagamento<\/h3>\n<p><img decoding=\"async\" class=\"size-full wp-image alignright\" src=\"https:\/\/content.redfoxlotto.com\/uploads\/sites\/9\/1_buy_lottery_online.jpg\" alt=\"pay ticket online\" \/>Seleziona il metodo di pagamento che preferisci nel tuo account. Le opzioni disponibili possono variare in base al Paese di residenza. Mastercard, Visa, Bitcoin, Neteller, Skrill e Paysafecard sono solo alcune delle opzioni di pagamento.<br \/>\nDopo il pagamento, riceverai un&#8217;email di conferma dell&#8217;acquisto al tuo indirizzo email registrato.<\/p>\n<h2>Dopo aver comprato i biglietti online<\/h2>\n<p>Quattro passi e pochi minuti e sarai pronto e in attesa dell&#8217;estrazione. E non devi nemmeno preoccuparti di perderti qualcosa perch\u00e9 ti faremo sapere subito se hai vinto qualcosa dall&#8217;estrazione.<\/p>\n<section class=\"layout\" style=\"border: solid 1px; width: 100%;\">\n<div class=\"img-div\" style=\"margin-top: 5px;\"><img decoding=\"async\" class=\"wp-image-17212 alignleft\" style=\"height: 45px; margin: 8px 8px 0px;\" src=\"https:\/\/redfoxlotto.com\/wp-content\/uploads\/sites\/9\/read1.jpg\" alt=\"buy lottery online\" width=\"\" height=\"\" \/><\/div>\n<div style=\"padding-left: 5px;\">\n<div style=\"font-size: 1.1em;\">\n<p><strong>Posso giocare e vincere legalmente alla lotteria con un biglietto online?<\/strong><\/p>\n<p style=\"font-size: 0.8em; margin-top: -1.5em;\">Giocare alla lotteria online &#8211; legale o meno, e dove giocare<a href=\"https:\/\/redfoxlotto.com\/it\/legale-acquistare-i-biglietti-della-lotteria-online\/\"> Leggi di pi\u00f9<\/a><\/p>\n<\/div>\n<\/div>\n<\/section>\n<p>Naturalmente, se vuoi controllare di persona puoi sempre andare sul tuo conto quando vuoi e potrai vedere i biglietti che hai acquistato e per quali giochi.<\/p>\n<p>Se hai vinto qualcosa o hai indovinato qualche numero dopo un&#8217;estrazione, ti mostreremo i numeri corrispondenti e ti faremo sapere direttamente sulla pagina <a href=\"https:\/\/redfoxlotto.com\/it\/lotteria\/\">del tuo conto se hai vinto<\/a>. Ti faremo anche sapere cosa devi fare per reclamare le tue vincite, cos\u00ec non dovrai preoccuparti di perdere qualcosa.<\/p>\n<p>Giocare al lotto con noi \u00e8 cos\u00ec semplice, e sar\u00e0 molto pi\u00f9 divertente di qualsiasi cosa abbiate mai giocato prima, perch\u00e9 avrete un sacco di opzioni in pi\u00f9. Questo \u00e8 sicuramente andando a farvi l&#8217;opportunit\u00e0 di acquistare i biglietti del lotto on-line.<\/p>\n","protected":false},"excerpt":{"rendered":"<p>Sul nostro sito web puoi acquistare online i biglietti per le lotterie pi\u00f9 grandi del mondo. Ci\u00f2 include Megamillions e Powerball dagli Stati Uniti, Euromillions, Eurojackpot, El Gordo e La Primitiva dalla Spagna, SuperEna dall&#8217;Italia e molti altri.<\/p>\n","protected":false},"author":1,"featured_media":0,"parent":0,"menu_order":3,"comment_status":"closed","ping_status":"closed","template":"Information.php","meta":{"_et_pb_use_builder":"","_et_pb_old_content":"","_et_gb_content_width":"","exclude_from_search":false,"footnotes":""},"class_list":["post-59912","page","type-page","status-publish","hentry"],"yoast_head":"<!-- This site is optimized with the Yoast SEO plugin v23.8 - https:\/\/yoast.com\/wordpress\/plugins\/seo\/ -->\n<title>Acquistare biglietti del lotto online<\/title>\n<meta name=\"description\" content=\"Comprare biglietti della lotteria in tutto il mondo \u00e8 facile e sicuro - ecco come funziona!\" \/>\n<meta name=\"robots\" content=\"index, follow, max-snippet:-1, max-image-preview:large, max-video-preview:-1\" \/>\n<link rel=\"canonical\" href=\"https:\/\/redfoxlotto.com\/it\/lotteria\/\" \/>\n<meta property=\"og:locale\" content=\"it_IT\" \/>\n<meta property=\"og:type\" content=\"article\" \/>\n<meta property=\"og:title\" content=\"Acquistare biglietti del lotto online\" \/>\n<meta property=\"og:description\" content=\"Comprare biglietti della lotteria in tutto il mondo \u00e8 facile e sicuro - ecco come funziona!\" \/>\n<meta property=\"og:url\" content=\"https:\/\/redfoxlotto.com\/it\/lotteria\/\" \/>\n<meta property=\"og:site_name\" content=\"Get Tickets for the World\u2019s largest jackpots\" \/>\n<meta property=\"article:modified_time\" content=\"2025-12-18T09:46:29+00:00\" \/>\n<meta property=\"og:image\" content=\"https:\/\/content.redfoxlotto.com\/uploads\/sites\/9\/1_lottery_ticket.jpg\" \/>\n<meta name=\"twitter:card\" content=\"summary_large_image\" \/>\n<meta name=\"twitter:label1\" content=\"Tempo di lettura stimato\" \/>\n\t<meta name=\"twitter:data1\" content=\"3 minuti\" \/>\n<script type=\"application\/ld+json\" class=\"yoast-schema-graph\">{\"@context\":\"https:\/\/schema.org\",\"@graph\":[{\"@type\":\"WebPage\",\"@id\":\"https:\/\/redfoxlotto.com\/it\/lotteria\/\",\"url\":\"https:\/\/redfoxlotto.com\/it\/lotteria\/\",\"name\":\"Acquistare biglietti del lotto online\",\"isPartOf\":{\"@id\":\"https:\/\/redfoxlotto.com\/it\/#website\"},\"primaryImageOfPage\":{\"@id\":\"https:\/\/redfoxlotto.com\/it\/lotteria\/#primaryimage\"},\"image\":{\"@id\":\"https:\/\/redfoxlotto.com\/it\/lotteria\/#primaryimage\"},\"thumbnailUrl\":\"https:\/\/content.redfoxlotto.com\/uploads\/sites\/9\/1_lottery_ticket.jpg\",\"datePublished\":\"2023-04-24T14:12:24+00:00\",\"dateModified\":\"2025-12-18T09:46:29+00:00\",\"description\":\"Comprare biglietti della lotteria in tutto il mondo \u00e8 facile e sicuro - ecco come funziona!\",\"breadcrumb\":{\"@id\":\"https:\/\/redfoxlotto.com\/it\/lotteria\/#breadcrumb\"},\"inLanguage\":\"it-IT\",\"potentialAction\":[{\"@type\":\"ReadAction\",\"target\":[\"https:\/\/redfoxlotto.com\/it\/lotteria\/\"]}]},{\"@type\":\"ImageObject\",\"inLanguage\":\"it-IT\",\"@id\":\"https:\/\/redfoxlotto.com\/it\/lotteria\/#primaryimage\",\"url\":\"https:\/\/content.redfoxlotto.com\/uploads\/sites\/9\/1_lottery_ticket.jpg\",\"contentUrl\":\"https:\/\/content.redfoxlotto.com\/uploads\/sites\/9\/1_lottery_ticket.jpg\"},{\"@type\":\"BreadcrumbList\",\"@id\":\"https:\/\/redfoxlotto.com\/it\/lotteria\/#breadcrumb\",\"itemListElement\":[{\"@type\":\"ListItem\",\"position\":1,\"name\":\"Home\",\"item\":\"https:\/\/redfoxlotto.com\/it\/\"},{\"@type\":\"ListItem\",\"position\":2,\"name\":\"Il processo di acquisto dei tuoi biglietti\"}]},{\"@type\":\"WebSite\",\"@id\":\"https:\/\/redfoxlotto.com\/it\/#website\",\"url\":\"https:\/\/redfoxlotto.com\/it\/\",\"name\":\"Get Tickets for the World\u2019s largest jackpots\",\"description\":\"Participate in worldwide lottery jackpots from any country\",\"publisher\":{\"@id\":\"https:\/\/redfoxlotto.com\/it\/#organization\"},\"potentialAction\":[{\"@type\":\"SearchAction\",\"target\":{\"@type\":\"EntryPoint\",\"urlTemplate\":\"https:\/\/redfoxlotto.com\/it\/?s={search_term_string}\"},\"query-input\":{\"@type\":\"PropertyValueSpecification\",\"valueRequired\":true,\"valueName\":\"search_term_string\"}}],\"inLanguage\":\"it-IT\"},{\"@type\":\"Organization\",\"@id\":\"https:\/\/redfoxlotto.com\/it\/#organization\",\"name\":\"Get Tickets for the World\u2019s largest jackpots\",\"url\":\"https:\/\/redfoxlotto.com\/it\/\",\"logo\":{\"@type\":\"ImageObject\",\"inLanguage\":\"it-IT\",\"@id\":\"https:\/\/redfoxlotto.com\/it\/#\/schema\/logo\/image\/\",\"url\":\"https:\/\/redfoxlotto.com\/wp-content\/uploads\/2023\/04\/logo.png\",\"contentUrl\":\"https:\/\/redfoxlotto.com\/wp-content\/uploads\/2023\/04\/logo.png\",\"width\":269,\"height\":53,\"caption\":\"Get Tickets for the World\u2019s largest jackpots\"},\"image\":{\"@id\":\"https:\/\/redfoxlotto.com\/it\/#\/schema\/logo\/image\/\"}}]}<\/script>\n<!-- \/ Yoast SEO plugin. -->","yoast_head_json":{"title":"Acquistare biglietti del lotto online","description":"Comprare biglietti della lotteria in tutto il mondo \u00e8 facile e sicuro - ecco come funziona!","robots":{"index":"index","follow":"follow","max-snippet":"max-snippet:-1","max-image-preview":"max-image-preview:large","max-video-preview":"max-video-preview:-1"},"canonical":"https:\/\/redfoxlotto.com\/it\/lotteria\/","og_locale":"it_IT","og_type":"article","og_title":"Acquistare biglietti del lotto online","og_description":"Comprare biglietti della lotteria in tutto il mondo \u00e8 facile e sicuro - ecco come funziona!","og_url":"https:\/\/redfoxlotto.com\/it\/lotteria\/","og_site_name":"Get Tickets for the World\u2019s largest jackpots","article_modified_time":"2025-12-18T09:46:29+00:00","og_image":[{"url":"https:\/\/content.redfoxlotto.com\/uploads\/sites\/9\/1_lottery_ticket.jpg"}],"twitter_card":"summary_large_image","twitter_misc":{"Tempo di lettura stimato":"3 minuti"},"schema":{"@context":"https:\/\/schema.org","@graph":[{"@type":"WebPage","@id":"https:\/\/redfoxlotto.com\/it\/lotteria\/","url":"https:\/\/redfoxlotto.com\/it\/lotteria\/","name":"Acquistare biglietti del lotto online","isPartOf":{"@id":"https:\/\/redfoxlotto.com\/it\/#website"},"primaryImageOfPage":{"@id":"https:\/\/redfoxlotto.com\/it\/lotteria\/#primaryimage"},"image":{"@id":"https:\/\/redfoxlotto.com\/it\/lotteria\/#primaryimage"},"thumbnailUrl":"https:\/\/content.redfoxlotto.com\/uploads\/sites\/9\/1_lottery_ticket.jpg","datePublished":"2023-04-24T14:12:24+00:00","dateModified":"2025-12-18T09:46:29+00:00","description":"Comprare biglietti della lotteria in tutto il mondo \u00e8 facile e sicuro - ecco come funziona!","breadcrumb":{"@id":"https:\/\/redfoxlotto.com\/it\/lotteria\/#breadcrumb"},"inLanguage":"it-IT","potentialAction":[{"@type":"ReadAction","target":["https:\/\/redfoxlotto.com\/it\/lotteria\/"]}]},{"@type":"ImageObject","inLanguage":"it-IT","@id":"https:\/\/redfoxlotto.com\/it\/lotteria\/#primaryimage","url":"https:\/\/content.redfoxlotto.com\/uploads\/sites\/9\/1_lottery_ticket.jpg","contentUrl":"https:\/\/content.redfoxlotto.com\/uploads\/sites\/9\/1_lottery_ticket.jpg"},{"@type":"BreadcrumbList","@id":"https:\/\/redfoxlotto.com\/it\/lotteria\/#breadcrumb","itemListElement":[{"@type":"ListItem","position":1,"name":"Home","item":"https:\/\/redfoxlotto.com\/it\/"},{"@type":"ListItem","position":2,"name":"Il processo di acquisto dei tuoi biglietti"}]},{"@type":"WebSite","@id":"https:\/\/redfoxlotto.com\/it\/#website","url":"https:\/\/redfoxlotto.com\/it\/","name":"Get Tickets for the World\u2019s largest jackpots","description":"Participate in worldwide lottery jackpots from any country","publisher":{"@id":"https:\/\/redfoxlotto.com\/it\/#organization"},"potentialAction":[{"@type":"SearchAction","target":{"@type":"EntryPoint","urlTemplate":"https:\/\/redfoxlotto.com\/it\/?s={search_term_string}"},"query-input":{"@type":"PropertyValueSpecification","valueRequired":true,"valueName":"search_term_string"}}],"inLanguage":"it-IT"},{"@type":"Organization","@id":"https:\/\/redfoxlotto.com\/it\/#organization","name":"Get Tickets for the World\u2019s largest jackpots","url":"https:\/\/redfoxlotto.com\/it\/","logo":{"@type":"ImageObject","inLanguage":"it-IT","@id":"https:\/\/redfoxlotto.com\/it\/#\/schema\/logo\/image\/","url":"https:\/\/redfoxlotto.com\/wp-content\/uploads\/2023\/04\/logo.png","contentUrl":"https:\/\/redfoxlotto.com\/wp-content\/uploads\/2023\/04\/logo.png","width":269,"height":53,"caption":"Get Tickets for the World\u2019s largest jackpots"},"image":{"@id":"https:\/\/redfoxlotto.com\/it\/#\/schema\/logo\/image\/"}}]}},"_links":{"self":[{"href":"https:\/\/redfoxlotto.com\/it\/wp-json\/wp\/v2\/pages\/59912","targetHints":{"allow":["GET"]}}],"collection":[{"href":"https:\/\/redfoxlotto.com\/it\/wp-json\/wp\/v2\/pages"}],"about":[{"href":"https:\/\/redfoxlotto.com\/it\/wp-json\/wp\/v2\/types\/page"}],"author":[{"embeddable":true,"href":"https:\/\/redfoxlotto.com\/it\/wp-json\/wp\/v2\/users\/1"}],"replies":[{"embeddable":true,"href":"https:\/\/redfoxlotto.com\/it\/wp-json\/wp\/v2\/comments?post=59912"}],"version-history":[{"count":0,"href":"https:\/\/redfoxlotto.com\/it\/wp-json\/wp\/v2\/pages\/59912\/revisions"}],"wp:attachment":[{"href":"https:\/\/redfoxlotto.com\/it\/wp-json\/wp\/v2\/media?parent=59912"}],"curies":[{"name":"wp","href":"https:\/\/api.w.org\/{rel}","templated":true}]}}