{"id":49948,"date":"2023-04-13T18:01:41","date_gmt":"2023-04-13T18:01:41","guid":{"rendered":"https:\/\/redfoxlotto.eu\/?page_id=49948"},"modified":"2026-01-06T08:45:22","modified_gmt":"2026-01-06T08:45:22","slug":"home","status":"publish","type":"page","link":"https:\/\/redfoxlotto.com\/it\/","title":{"rendered":"Il vostro paese di residenza non ha importanza, giocate alle pi\u00f9 grandi lotterie del mondo"},"content":{"rendered":"<p><script type=\"application\/ld+json\">\n{\n  \"@context\": \"https:\/\/schema.org\",\n  \"@type\": \"Service\",\n  \"name\": \"Gioca a Powerball online\",\n  \"url\": \"https:\/\/redfoxlotto.com\/it\/\",\n  \"description\": \"I pi\u00f9 grandi jackpot della lotteria al mondo disponibili ovunque \u2013 acquista ora i tuoi biglietti della lotteria online!\",\n  \"serviceType\": \"Servizio di intermediazione online per biglietti della lotteria\",\n  \"provider\": {\n    \"@type\": \"Organization\",\n    \"name\": \"RedFoxLotto\",\n    \"url\": \"https:\/\/redfoxlotto.com\/it\/\",\n    \"image\": \"https:\/\/redfoxlotto.com\/wp-content\/uploads\/2025\/12\/ticket_scans.jpg\"\n  },\n  \"areaServed\": \"In tutto il mondo\",\n  \"termsOfService\": \"https:\/\/redfoxlotto.com\/terms-and-conditions\",\n  \"additionalProperty\": {\n    \"@type\": \"PropertyValue\",\n    \"name\": \"FAQ\",\n    \"value\": \"https:\/\/redfoxlotto.com\/it\/faq\/\"\n  },\n  \"hasOfferCatalog\": {\n    \"@type\": \"OfferCatalog\",\n    \"name\": \"Biglietti della lotteria per lotterie internazionali\",\n    \"itemListElement\": [\n      {\n        \"@type\": \"Offer\",\n        \"name\": \"Biglietti per Powerball, Mega Millions, Euromillions e altro\",\n        \"url\": \"https:\/\/redfoxlotto.com\/it\/\",\n        \"description\": \"Acquista biglietti per i pi\u00f9 grandi jackpot della lotteria al mondo.\",\n        \"availability\": \"https:\/\/schema.org\/InStock\",\n        \"itemOffered\": {\n          \"@type\": \"Service\",\n          \"name\": \"Biglietti della lotteria internazionali\",\n          \"description\": \"Partecipa alle lotterie internazionali tramite RedFoxLotto.\"\n        }\n      }\n    ]\n  },\n  \"mainEntityOfPage\": {\n    \"@type\": \"WebPage\",\n    \"@id\": \"https:\/\/redfoxlotto.com\/it\/\"\n  }\n}\n<\/script><\/p>\n<h2>Il tuo paese di residenza non importa \u2013 gioca alle lotterie pi\u00f9 grandi del mondo<\/h2>\n<p><img loading=\"lazy\" decoding=\"async\" class=\"size-full wp-image-4467 alignright\" src=\"https:\/\/redfoxlotto.com\/wp-content\/uploads\/2024\/03\/Balls_2.png\" alt=\"biglietto della lotteria online\" width=\"212\" height=\"250\" \/>Quante volte hai sentito parlare di vincitori della lotteria in tutto il mondo che hanno vinto somme enormi? Sfortunatamente, queste enormi vincite sono state principalmente ottenute in altri paesi. Certo, anche nel tuo paese ogni tanto spuntano grandi jackpot. Tuttavia, spesso ci vuole un po\u2019 di tempo prima che un jackpot diventi davvero grande. Quindi se stai aspettando un grande jackpot, potresti dover pazientare.<\/p>\n<p>Ora puoi acquistare i biglietti della lotteria online per i jackpot pi\u00f9 grandi del mondo. Ci\u00f2 significa che puoi partecipare a lotterie al di fuori del tuo paese. \u00c8 completamente legale e molto comodo. Puoi ordinare il tuo biglietto online con pochi clic e pagare, ad esempio, con carta di credito in un processo completamente sicuro. In alternativa, puoi utilizzare uno dei nostri altri metodi di pagamento. Riceverai presto una email di conferma. Nessun biglietto pu\u00f2 andare perso, e ti notificheremo automaticamente ogni vincita. Cos\u00ec non puoi perdere una vincita dimenticandoti di controllare i numeri.<\/p>\n<h2>Il vantaggio principale dell\u2019acquisto di un biglietto online<\/h2>\n<p>Il vantaggio maggiore \u00e8 che puoi sempre acquistare biglietti per le lotterie con i jackpot pi\u00f9 alti del momento. Non importa quanto denaro spendi per i biglietti. Conviene sicuramente investire in un jackpot da 150 milioni piuttosto che in un premio da due milioni. Con pi\u00f9 lotterie disponibili online, troverai almeno un enorme jackpot ogni settimana, offrendoti un miglior rapporto costo\/potenziale vincita rispetto alla lotteria locale. A volte questi jackpot raggiungono livelli incredibili.<\/p>\n<p>Il jackpot record mondiale \u00e8 di 2.040.000.000 $ (luglio 2023). \u00c8 stato vinto il 22 novembre 2022 nella Powerball USA. Il 13 gennaio 2016 c\u2019\u00e8 stato un altro jackpot da 1,586 miliardi di dollari, anch\u2019esso vinto nella Powerball americana. Il terzo jackpot pi\u00f9 alto di sempre \u00e8 stato vinto nella Mega Millions il 23 ottobre 2018, con un vincitore fortunato che ha ottenuto 1,537 miliardi di dollari.<\/p>\n<p>Molte delle grandi vincite precedenti sono state ottenute acquistando biglietti online.<\/p>\n<h2>Cosa succede dopo aver ordinato il biglietto online?<\/h2>\n<p><img loading=\"lazy\" decoding=\"async\" class=\"size-medium wp-image-39298 alignright\" src=\"https:\/\/redfoxlotto.com\/wp-content\/uploads\/2023\/04\/1_play_online_lotto.jpg\" alt=\"gioca a lotto online\" width=\"300\" height=\"300\" \/>Il servizio fornito da RedFoxLotto.com prevede personale nei paesi delle varie lotterie che acquista i biglietti ordinati. Si tratta di biglietti ufficiali reali con i numeri selezionati. Dopo l\u2019acquisto riceverai un\u2019email di conferma. Nella tua area clienti potrai visualizzare l\u2019ordine e controllare i numeri. Poco dopo verr\u00e0 caricato il scan del biglietto nel tuo account.<\/p>\n<h2>E se vinco?<\/h2>\n<p>Qualsiasi vincita inferiore a 2.500 \u20ac verr\u00e0 accreditata immediatamente sul tuo account RedFoxLotto. Per vincite superiori, il nostro team di assistenza clienti ti contatter\u00e0 per organizzare il pagamento, comunicando con la commissione della lotteria per tuo conto. Il pagamento avverr\u00e0 di solito tramite bonifico bancario o assegno.<\/p>\n<p>Elaboriamo le vincite gratuitamente, tranne un piccolo costo per alcune banche.<\/p>\n<p>Per ulteriori informazioni consulta le FAQ o contatta il supporto. Non c\u2019\u00e8 pi\u00f9 motivo di accontentarsi di jackpot pi\u00f9 piccoli \u2013 scegli un jackpot pi\u00f9 grande e diventa il prossimo milionario della lotteria!<\/p>\n","protected":false},"excerpt":{"rendered":"<p>Il tuo paese di residenza non importa \u2013 gioca alle lotterie pi\u00f9 grandi del mondo Quante volte hai sentito parlare di vincitori della lotteria in tutto il mondo che hanno vinto somme enormi? Sfortunatamente, queste enormi vincite sono state principalmente ottenute in altri paesi. Certo, anche nel tuo paese ogni tanto spuntano grandi jackpot. Tuttavia, [&hellip;]<\/p>\n","protected":false},"author":1,"featured_media":0,"parent":0,"menu_order":1,"comment_status":"closed","ping_status":"closed","template":"lotto.php","meta":{"_et_pb_use_builder":"","_et_pb_old_content":"","_et_gb_content_width":"","exclude_from_search":false,"footnotes":""},"class_list":["post-49948","page","type-page","status-publish","hentry"],"yoast_head":"<!-- This site is optimized with the Yoast SEO plugin v27.3 - https:\/\/yoast.com\/product\/yoast-seo-wordpress\/ -->\n<title>Lotto online | Acquista biglietti per le piu grande lotterie del mondo<\/title>\n<meta name=\"description\" content=\"Compra qui i biglietti per le grande jackpot lotterie del mondo online\" \/>\n<meta name=\"robots\" content=\"index, follow, max-snippet:-1, max-image-preview:large, max-video-preview:-1\" \/>\n<link rel=\"canonical\" href=\"https:\/\/redfoxlotto.com\/it\/\" \/>\n<meta property=\"og:locale\" content=\"it_IT\" \/>\n<meta property=\"og:type\" content=\"article\" \/>\n<meta property=\"og:title\" content=\"Lotto online | Acquista biglietti per le piu grande lotterie del mondo\" \/>\n<meta property=\"og:description\" content=\"Compra qui i biglietti per le grande jackpot lotterie del mondo online\" \/>\n<meta property=\"og:url\" content=\"https:\/\/redfoxlotto.com\/it\/\" \/>\n<meta property=\"og:site_name\" content=\"Get Tickets for the World\u2019s largest jackpots\" \/>\n<meta property=\"article:modified_time\" content=\"2026-01-06T08:45:22+00:00\" \/>\n<meta property=\"og:image\" content=\"https:\/\/redfoxlotto.com\/wp-content\/uploads\/2024\/03\/Balls_2.png\" \/>\n<meta name=\"twitter:card\" content=\"summary_large_image\" \/>\n<meta name=\"twitter:label1\" content=\"Tempo di lettura stimato\" \/>\n\t<meta name=\"twitter:data1\" content=\"4 minuti\" \/>\n<script type=\"application\/ld+json\" class=\"yoast-schema-graph\">{\"@context\":\"https:\\\/\\\/schema.org\",\"@graph\":[{\"@type\":\"WebPage\",\"@id\":\"https:\\\/\\\/redfoxlotto.com\\\/it\\\/\",\"url\":\"https:\\\/\\\/redfoxlotto.com\\\/it\\\/\",\"name\":\"Lotto online | Acquista biglietti per le piu grande lotterie del mondo\",\"isPartOf\":{\"@id\":\"https:\\\/\\\/redfoxlotto.com\\\/it\\\/#website\"},\"primaryImageOfPage\":{\"@id\":\"https:\\\/\\\/redfoxlotto.com\\\/it\\\/#primaryimage\"},\"image\":{\"@id\":\"https:\\\/\\\/redfoxlotto.com\\\/it\\\/#primaryimage\"},\"thumbnailUrl\":\"https:\\\/\\\/redfoxlotto.com\\\/wp-content\\\/uploads\\\/2024\\\/03\\\/Balls_2.png\",\"datePublished\":\"2023-04-13T18:01:41+00:00\",\"dateModified\":\"2026-01-06T08:45:22+00:00\",\"description\":\"Compra qui i biglietti per le grande jackpot lotterie del mondo online\",\"breadcrumb\":{\"@id\":\"https:\\\/\\\/redfoxlotto.com\\\/it\\\/#breadcrumb\"},\"inLanguage\":\"it-IT\",\"potentialAction\":[{\"@type\":\"ReadAction\",\"target\":[\"https:\\\/\\\/redfoxlotto.com\\\/it\\\/\"]}]},{\"@type\":\"ImageObject\",\"inLanguage\":\"it-IT\",\"@id\":\"https:\\\/\\\/redfoxlotto.com\\\/it\\\/#primaryimage\",\"url\":\"https:\\\/\\\/redfoxlotto.com\\\/wp-content\\\/uploads\\\/2024\\\/03\\\/Balls_2.png\",\"contentUrl\":\"https:\\\/\\\/redfoxlotto.com\\\/wp-content\\\/uploads\\\/2024\\\/03\\\/Balls_2.png\"},{\"@type\":\"BreadcrumbList\",\"@id\":\"https:\\\/\\\/redfoxlotto.com\\\/it\\\/#breadcrumb\",\"itemListElement\":[{\"@type\":\"ListItem\",\"position\":1,\"name\":\"Home\",\"item\":\"https:\\\/\\\/redfoxlotto.com\\\/it\\\/\"},{\"@type\":\"ListItem\",\"position\":2,\"name\":\"Il vostro paese di residenza non ha importanza, giocate alle pi\u00f9 grandi lotterie del mondo\"}]},{\"@type\":\"WebSite\",\"@id\":\"https:\\\/\\\/redfoxlotto.com\\\/it\\\/#website\",\"url\":\"https:\\\/\\\/redfoxlotto.com\\\/it\\\/\",\"name\":\"Get Tickets for the World\u2019s largest jackpots\",\"description\":\"Participate in worldwide lottery jackpots from any country\",\"publisher\":{\"@id\":\"https:\\\/\\\/redfoxlotto.com\\\/it\\\/#organization\"},\"potentialAction\":[{\"@type\":\"SearchAction\",\"target\":{\"@type\":\"EntryPoint\",\"urlTemplate\":\"https:\\\/\\\/redfoxlotto.com\\\/it\\\/?s={search_term_string}\"},\"query-input\":{\"@type\":\"PropertyValueSpecification\",\"valueRequired\":true,\"valueName\":\"search_term_string\"}}],\"inLanguage\":\"it-IT\"},{\"@type\":\"Organization\",\"@id\":\"https:\\\/\\\/redfoxlotto.com\\\/it\\\/#organization\",\"name\":\"Get Tickets for the World\u2019s largest jackpots\",\"url\":\"https:\\\/\\\/redfoxlotto.com\\\/it\\\/\",\"logo\":{\"@type\":\"ImageObject\",\"inLanguage\":\"it-IT\",\"@id\":\"https:\\\/\\\/redfoxlotto.com\\\/it\\\/#\\\/schema\\\/logo\\\/image\\\/\",\"url\":\"https:\\\/\\\/redfoxlotto.com\\\/wp-content\\\/uploads\\\/2023\\\/04\\\/logo.png\",\"contentUrl\":\"https:\\\/\\\/redfoxlotto.com\\\/wp-content\\\/uploads\\\/2023\\\/04\\\/logo.png\",\"width\":269,\"height\":53,\"caption\":\"Get Tickets for the World\u2019s largest jackpots\"},\"image\":{\"@id\":\"https:\\\/\\\/redfoxlotto.com\\\/it\\\/#\\\/schema\\\/logo\\\/image\\\/\"}}]}<\/script>\n<!-- \/ Yoast SEO plugin. -->","yoast_head_json":{"title":"Lotto online | Acquista biglietti per le piu grande lotterie del mondo","description":"Compra qui i biglietti per le grande jackpot lotterie del mondo online","robots":{"index":"index","follow":"follow","max-snippet":"max-snippet:-1","max-image-preview":"max-image-preview:large","max-video-preview":"max-video-preview:-1"},"canonical":"https:\/\/redfoxlotto.com\/it\/","og_locale":"it_IT","og_type":"article","og_title":"Lotto online | Acquista biglietti per le piu grande lotterie del mondo","og_description":"Compra qui i biglietti per le grande jackpot lotterie del mondo online","og_url":"https:\/\/redfoxlotto.com\/it\/","og_site_name":"Get Tickets for the World\u2019s largest jackpots","article_modified_time":"2026-01-06T08:45:22+00:00","og_image":[{"url":"https:\/\/redfoxlotto.com\/wp-content\/uploads\/2024\/03\/Balls_2.png","type":"","width":"","height":""}],"twitter_card":"summary_large_image","twitter_misc":{"Tempo di lettura stimato":"4 minuti"},"schema":{"@context":"https:\/\/schema.org","@graph":[{"@type":"WebPage","@id":"https:\/\/redfoxlotto.com\/it\/","url":"https:\/\/redfoxlotto.com\/it\/","name":"Lotto online | Acquista biglietti per le piu grande lotterie del mondo","isPartOf":{"@id":"https:\/\/redfoxlotto.com\/it\/#website"},"primaryImageOfPage":{"@id":"https:\/\/redfoxlotto.com\/it\/#primaryimage"},"image":{"@id":"https:\/\/redfoxlotto.com\/it\/#primaryimage"},"thumbnailUrl":"https:\/\/redfoxlotto.com\/wp-content\/uploads\/2024\/03\/Balls_2.png","datePublished":"2023-04-13T18:01:41+00:00","dateModified":"2026-01-06T08:45:22+00:00","description":"Compra qui i biglietti per le grande jackpot lotterie del mondo online","breadcrumb":{"@id":"https:\/\/redfoxlotto.com\/it\/#breadcrumb"},"inLanguage":"it-IT","potentialAction":[{"@type":"ReadAction","target":["https:\/\/redfoxlotto.com\/it\/"]}]},{"@type":"ImageObject","inLanguage":"it-IT","@id":"https:\/\/redfoxlotto.com\/it\/#primaryimage","url":"https:\/\/redfoxlotto.com\/wp-content\/uploads\/2024\/03\/Balls_2.png","contentUrl":"https:\/\/redfoxlotto.com\/wp-content\/uploads\/2024\/03\/Balls_2.png"},{"@type":"BreadcrumbList","@id":"https:\/\/redfoxlotto.com\/it\/#breadcrumb","itemListElement":[{"@type":"ListItem","position":1,"name":"Home","item":"https:\/\/redfoxlotto.com\/it\/"},{"@type":"ListItem","position":2,"name":"Il vostro paese di residenza non ha importanza, giocate alle pi\u00f9 grandi lotterie del mondo"}]},{"@type":"WebSite","@id":"https:\/\/redfoxlotto.com\/it\/#website","url":"https:\/\/redfoxlotto.com\/it\/","name":"Get Tickets for the World\u2019s largest jackpots","description":"Participate in worldwide lottery jackpots from any country","publisher":{"@id":"https:\/\/redfoxlotto.com\/it\/#organization"},"potentialAction":[{"@type":"SearchAction","target":{"@type":"EntryPoint","urlTemplate":"https:\/\/redfoxlotto.com\/it\/?s={search_term_string}"},"query-input":{"@type":"PropertyValueSpecification","valueRequired":true,"valueName":"search_term_string"}}],"inLanguage":"it-IT"},{"@type":"Organization","@id":"https:\/\/redfoxlotto.com\/it\/#organization","name":"Get Tickets for the World\u2019s largest jackpots","url":"https:\/\/redfoxlotto.com\/it\/","logo":{"@type":"ImageObject","inLanguage":"it-IT","@id":"https:\/\/redfoxlotto.com\/it\/#\/schema\/logo\/image\/","url":"https:\/\/redfoxlotto.com\/wp-content\/uploads\/2023\/04\/logo.png","contentUrl":"https:\/\/redfoxlotto.com\/wp-content\/uploads\/2023\/04\/logo.png","width":269,"height":53,"caption":"Get Tickets for the World\u2019s largest jackpots"},"image":{"@id":"https:\/\/redfoxlotto.com\/it\/#\/schema\/logo\/image\/"}}]}},"_links":{"self":[{"href":"https:\/\/redfoxlotto.com\/it\/wp-json\/wp\/v2\/pages\/49948","targetHints":{"allow":["GET"]}}],"collection":[{"href":"https:\/\/redfoxlotto.com\/it\/wp-json\/wp\/v2\/pages"}],"about":[{"href":"https:\/\/redfoxlotto.com\/it\/wp-json\/wp\/v2\/types\/page"}],"author":[{"embeddable":true,"href":"https:\/\/redfoxlotto.com\/it\/wp-json\/wp\/v2\/users\/1"}],"replies":[{"embeddable":true,"href":"https:\/\/redfoxlotto.com\/it\/wp-json\/wp\/v2\/comments?post=49948"}],"version-history":[{"count":0,"href":"https:\/\/redfoxlotto.com\/it\/wp-json\/wp\/v2\/pages\/49948\/revisions"}],"wp:attachment":[{"href":"https:\/\/redfoxlotto.com\/it\/wp-json\/wp\/v2\/media?parent=49948"}],"curies":[{"name":"wp","href":"https:\/\/api.w.org\/{rel}","templated":true}]}}