{"id":2776,"date":"2020-04-16T13:14:59","date_gmt":"2020-04-16T13:14:59","guid":{"rendered":"https:\/\/redfoxlotto.com\/?page_id=2776"},"modified":"2019-08-11T08:33:32","modified_gmt":"2019-08-11T07:33:32","slug":"lotto-fr","status":"publish","type":"page","link":"https:\/\/redfoxlotto.com\/it\/risultati\/lotto-fr\/","title":{"rendered":"Risultati della lotteria francese"},"content":{"rendered":"<p>Avete iniziato a giocare al lotto online e ora volete essere sicuri di poter ottenere i numeri vincenti nel modo pi\u00f9 semplice possibile? Diamo un&#8217;occhiata ai risultati della lotteria francese e vediamo cosa potrebbero significare per te. Perch\u00e9 se stai giocando a questa lotteria (cosa puoi fare qui con noi), vuoi essere sicuro di conoscere i risultati non appena sono disponibili, giusto? Beh, per te \u00e8 pi\u00f9 facile che mai fare proprio questo. <\/p><h2 class=\"wp-block-heading\">Trova i numeri vincenti della lotteria francese<\/h2><p>La prima cosa che dovete sapere quando si cerca online per i risultati della lotteria \u00e8 dove trovare quelli ufficiali. Ci sono tutti i tipi di siti web che puoi guardare per avere maggiori informazioni, ma il posto migliore dove andare \u00e8 qui con noi dove hai comprato il biglietto della lotteria. O si guarda pi\u00f9 in alto su questa pagina, o se avete gi\u00e0 acquistato un biglietto della lotteria da noi in Francia, c&#8217;\u00e8 un modo pi\u00f9 semplice. Basta dare un&#8217;occhiata ai biglietti in corso nel tuo account cliente con noi. Potrai cos\u00ec vedere immediatamente quali dei tuoi numeri scelti sono stati vinti &#8211; saranno evidenziati. Cos\u00ec puoi controllare immediatamente se e quanto hai vinto.<\/p><p>Vi informeremo anche via e-mail su ogni vincita, cos\u00ec non dovrete preoccuparvi di non perdere nulla!<\/p><h2 class=\"wp-block-heading\">Comprendere le classi vincenti<\/h2><p>Quando trovi i risultati vincenti, vuoi dare un&#8217;occhiata pi\u00f9 da vicino a cose come le classi vincenti e sapere quali numeri hai effettivamente inserito correttamente. Dopo tutto, la lotteria francese funziona in modo simile a una serie di altri giochi della lotteria in tutto il mondo. Per vincere il jackpot, devi avere tutti i numeri contemporaneamente, in questo caso cinque palline pi\u00f9 il bonus. Questo sar\u00e0 difficile, ma sicuramente non sar\u00e0 impossibile (la gente vince la lotteria tutto il tempo, quindi perch\u00e9 non \u00e8 cos\u00ec?). Quindi, se digiti correttamente ognuno di questi numeri e scegli correttamente il numero bonus, vinci il jackpot che continua a crescere. <\/p><p>Se hai solo pochi numeri giusti, vincerai gi\u00e0 un premio. Non vincerai molto se hai solo il numero bonus, o anche se hai uno o due dei numeri principali. Ma se ne colpisci quattro, otterrai gi\u00e0 un premio abbastanza buono e se ne otterrai almeno quattro con la bonus ball, ne otterrai davvero bene. <\/p><h2 class=\"wp-block-heading\">Giocando i tuoi giochi preferiti<\/h2><p>Se volete trovare i risultati della lotteria francese, la cosa pi\u00f9 importante \u00e8 cercare nei posti giusti. I risultati vengono estratti ogni luned\u00ec, mercoled\u00ec e sabato, il che significa che avrai molte possibilit\u00e0 di vincere, e il jackpot continua a crescere ogni giorno, quindi se non lo vinci oggi, potresti essere un grande vincitore in pochi giorni!<\/p>","protected":false},"excerpt":{"rendered":"<p>Avete iniziato a giocare al lotto online e ora volete essere sicuri di poter ottenere i numeri vincenti nel modo pi\u00f9 semplice possibile? Diamo un&#8217;occhiata ai risultati della lotteria francese e vediamo cosa potrebbero significare per te. Perch\u00e9 se stai giocando a questa lotteria (cosa puoi fare qui con noi), vuoi essere sicuro di conoscere [&hellip;]<\/p>\n","protected":false},"author":1,"featured_media":0,"parent":910,"menu_order":32,"comment_status":"closed","ping_status":"closed","template":"lotto-fr-results.php","meta":{"_et_pb_use_builder":"","_et_pb_old_content":"","_et_gb_content_width":"","exclude_from_search":false,"footnotes":""},"class_list":["post-2776","page","type-page","status-publish","hentry"],"yoast_head":"<!-- This site is optimized with the Yoast SEO plugin v23.8 - https:\/\/yoast.com\/wordpress\/plugins\/seo\/ -->\n<title>Trova i numeri vincenti e i risultati del Lotto francese<\/title>\n<meta name=\"description\" content=\"Ecco i risultati e i numeri vincenti del Lotto francese - semplice e senza complicazioni.\" \/>\n<meta name=\"robots\" content=\"index, follow, max-snippet:-1, max-image-preview:large, max-video-preview:-1\" \/>\n<link rel=\"canonical\" href=\"https:\/\/redfoxlotto.com\/it\/risultati\/lotto-fr\/\" \/>\n<meta property=\"og:locale\" content=\"it_IT\" \/>\n<meta property=\"og:type\" content=\"article\" \/>\n<meta property=\"og:title\" content=\"Trova i numeri vincenti e i risultati del Lotto francese\" \/>\n<meta property=\"og:description\" content=\"Ecco i risultati e i numeri vincenti del Lotto francese - semplice e senza complicazioni.\" \/>\n<meta property=\"og:url\" content=\"https:\/\/redfoxlotto.com\/it\/risultati\/lotto-fr\/\" \/>\n<meta property=\"og:site_name\" content=\"Get Tickets for the World\u2019s largest jackpots\" \/>\n<meta property=\"article:modified_time\" content=\"2019-08-11T07:33:32+00:00\" \/>\n<meta name=\"twitter:card\" content=\"summary_large_image\" \/>\n<meta name=\"twitter:label1\" content=\"Tempo di lettura stimato\" \/>\n\t<meta name=\"twitter:data1\" content=\"2 minuti\" \/>\n<script type=\"application\/ld+json\" class=\"yoast-schema-graph\">{\"@context\":\"https:\/\/schema.org\",\"@graph\":[{\"@type\":\"WebPage\",\"@id\":\"https:\/\/redfoxlotto.com\/it\/risultati\/lotto-fr\/\",\"url\":\"https:\/\/redfoxlotto.com\/it\/risultati\/lotto-fr\/\",\"name\":\"Trova i numeri vincenti e i risultati del Lotto francese\",\"isPartOf\":{\"@id\":\"https:\/\/redfoxlotto.com\/it\/#website\"},\"datePublished\":\"2020-04-16T13:14:59+00:00\",\"dateModified\":\"2019-08-11T07:33:32+00:00\",\"description\":\"Ecco i risultati e i numeri vincenti del Lotto francese - semplice e senza complicazioni.\",\"breadcrumb\":{\"@id\":\"https:\/\/redfoxlotto.com\/it\/risultati\/lotto-fr\/#breadcrumb\"},\"inLanguage\":\"it-IT\",\"potentialAction\":[{\"@type\":\"ReadAction\",\"target\":[\"https:\/\/redfoxlotto.com\/it\/risultati\/lotto-fr\/\"]}]},{\"@type\":\"BreadcrumbList\",\"@id\":\"https:\/\/redfoxlotto.com\/it\/risultati\/lotto-fr\/#breadcrumb\",\"itemListElement\":[{\"@type\":\"ListItem\",\"position\":1,\"name\":\"Home\",\"item\":\"https:\/\/redfoxlotto.com\/it\/\"},{\"@type\":\"ListItem\",\"position\":2,\"name\":\"Risultati della lotteria internazionale\",\"item\":\"https:\/\/redfoxlotto.com\/it\/risultati\/\"},{\"@type\":\"ListItem\",\"position\":3,\"name\":\"Risultati della lotteria francese\"}]},{\"@type\":\"WebSite\",\"@id\":\"https:\/\/redfoxlotto.com\/it\/#website\",\"url\":\"https:\/\/redfoxlotto.com\/it\/\",\"name\":\"Get Tickets for the World\u2019s largest jackpots\",\"description\":\"Participate in worldwide lottery jackpots from any country\",\"publisher\":{\"@id\":\"https:\/\/redfoxlotto.com\/it\/#organization\"},\"potentialAction\":[{\"@type\":\"SearchAction\",\"target\":{\"@type\":\"EntryPoint\",\"urlTemplate\":\"https:\/\/redfoxlotto.com\/it\/?s={search_term_string}\"},\"query-input\":{\"@type\":\"PropertyValueSpecification\",\"valueRequired\":true,\"valueName\":\"search_term_string\"}}],\"inLanguage\":\"it-IT\"},{\"@type\":\"Organization\",\"@id\":\"https:\/\/redfoxlotto.com\/it\/#organization\",\"name\":\"Get Tickets for the World\u2019s largest jackpots\",\"url\":\"https:\/\/redfoxlotto.com\/it\/\",\"logo\":{\"@type\":\"ImageObject\",\"inLanguage\":\"it-IT\",\"@id\":\"https:\/\/redfoxlotto.com\/it\/#\/schema\/logo\/image\/\",\"url\":\"https:\/\/redfoxlotto.com\/wp-content\/uploads\/2023\/04\/logo.png\",\"contentUrl\":\"https:\/\/redfoxlotto.com\/wp-content\/uploads\/2023\/04\/logo.png\",\"width\":269,\"height\":53,\"caption\":\"Get Tickets for the World\u2019s largest jackpots\"},\"image\":{\"@id\":\"https:\/\/redfoxlotto.com\/it\/#\/schema\/logo\/image\/\"}}]}<\/script>\n<!-- \/ Yoast SEO plugin. -->","yoast_head_json":{"title":"Trova i numeri vincenti e i risultati del Lotto francese","description":"Ecco i risultati e i numeri vincenti del Lotto francese - semplice e senza complicazioni.","robots":{"index":"index","follow":"follow","max-snippet":"max-snippet:-1","max-image-preview":"max-image-preview:large","max-video-preview":"max-video-preview:-1"},"canonical":"https:\/\/redfoxlotto.com\/it\/risultati\/lotto-fr\/","og_locale":"it_IT","og_type":"article","og_title":"Trova i numeri vincenti e i risultati del Lotto francese","og_description":"Ecco i risultati e i numeri vincenti del Lotto francese - semplice e senza complicazioni.","og_url":"https:\/\/redfoxlotto.com\/it\/risultati\/lotto-fr\/","og_site_name":"Get Tickets for the World\u2019s largest jackpots","article_modified_time":"2019-08-11T07:33:32+00:00","twitter_card":"summary_large_image","twitter_misc":{"Tempo di lettura stimato":"2 minuti"},"schema":{"@context":"https:\/\/schema.org","@graph":[{"@type":"WebPage","@id":"https:\/\/redfoxlotto.com\/it\/risultati\/lotto-fr\/","url":"https:\/\/redfoxlotto.com\/it\/risultati\/lotto-fr\/","name":"Trova i numeri vincenti e i risultati del Lotto francese","isPartOf":{"@id":"https:\/\/redfoxlotto.com\/it\/#website"},"datePublished":"2020-04-16T13:14:59+00:00","dateModified":"2019-08-11T07:33:32+00:00","description":"Ecco i risultati e i numeri vincenti del Lotto francese - semplice e senza complicazioni.","breadcrumb":{"@id":"https:\/\/redfoxlotto.com\/it\/risultati\/lotto-fr\/#breadcrumb"},"inLanguage":"it-IT","potentialAction":[{"@type":"ReadAction","target":["https:\/\/redfoxlotto.com\/it\/risultati\/lotto-fr\/"]}]},{"@type":"BreadcrumbList","@id":"https:\/\/redfoxlotto.com\/it\/risultati\/lotto-fr\/#breadcrumb","itemListElement":[{"@type":"ListItem","position":1,"name":"Home","item":"https:\/\/redfoxlotto.com\/it\/"},{"@type":"ListItem","position":2,"name":"Risultati della lotteria internazionale","item":"https:\/\/redfoxlotto.com\/it\/risultati\/"},{"@type":"ListItem","position":3,"name":"Risultati della lotteria francese"}]},{"@type":"WebSite","@id":"https:\/\/redfoxlotto.com\/it\/#website","url":"https:\/\/redfoxlotto.com\/it\/","name":"Get Tickets for the World\u2019s largest jackpots","description":"Participate in worldwide lottery jackpots from any country","publisher":{"@id":"https:\/\/redfoxlotto.com\/it\/#organization"},"potentialAction":[{"@type":"SearchAction","target":{"@type":"EntryPoint","urlTemplate":"https:\/\/redfoxlotto.com\/it\/?s={search_term_string}"},"query-input":{"@type":"PropertyValueSpecification","valueRequired":true,"valueName":"search_term_string"}}],"inLanguage":"it-IT"},{"@type":"Organization","@id":"https:\/\/redfoxlotto.com\/it\/#organization","name":"Get Tickets for the World\u2019s largest jackpots","url":"https:\/\/redfoxlotto.com\/it\/","logo":{"@type":"ImageObject","inLanguage":"it-IT","@id":"https:\/\/redfoxlotto.com\/it\/#\/schema\/logo\/image\/","url":"https:\/\/redfoxlotto.com\/wp-content\/uploads\/2023\/04\/logo.png","contentUrl":"https:\/\/redfoxlotto.com\/wp-content\/uploads\/2023\/04\/logo.png","width":269,"height":53,"caption":"Get Tickets for the World\u2019s largest jackpots"},"image":{"@id":"https:\/\/redfoxlotto.com\/it\/#\/schema\/logo\/image\/"}}]}},"_links":{"self":[{"href":"https:\/\/redfoxlotto.com\/it\/wp-json\/wp\/v2\/pages\/2776","targetHints":{"allow":["GET"]}}],"collection":[{"href":"https:\/\/redfoxlotto.com\/it\/wp-json\/wp\/v2\/pages"}],"about":[{"href":"https:\/\/redfoxlotto.com\/it\/wp-json\/wp\/v2\/types\/page"}],"author":[{"embeddable":true,"href":"https:\/\/redfoxlotto.com\/it\/wp-json\/wp\/v2\/users\/1"}],"replies":[{"embeddable":true,"href":"https:\/\/redfoxlotto.com\/it\/wp-json\/wp\/v2\/comments?post=2776"}],"version-history":[{"count":0,"href":"https:\/\/redfoxlotto.com\/it\/wp-json\/wp\/v2\/pages\/2776\/revisions"}],"up":[{"embeddable":true,"href":"https:\/\/redfoxlotto.com\/it\/wp-json\/wp\/v2\/pages\/910"}],"wp:attachment":[{"href":"https:\/\/redfoxlotto.com\/it\/wp-json\/wp\/v2\/media?parent=2776"}],"curies":[{"name":"wp","href":"https:\/\/api.w.org\/{rel}","templated":true}]}}