{"id":2773,"date":"2019-08-09T14:24:22","date_gmt":"2019-08-09T14:24:22","guid":{"rendered":"https:\/\/redfoxlotto.com\/?page_id=2773"},"modified":"2025-12-10T23:26:21","modified_gmt":"2025-12-10T23:26:21","slug":"lotto-fr","status":"publish","type":"page","link":"https:\/\/redfoxlotto.com\/it\/gioca\/lotto-fr\/","title":{"rendered":"Gioca al Lotto francese"},"content":{"rendered":"<script type=\"application\/ld+json\">\r\n{\r\n\"@context\": \"https:\/\/schema.org\",\r\n\"@type\": \"Service\",\r\n\"name\": \"French Lotto online\",\r\n\"url\": \"https:\/\/redfoxlotto.com\/it\/gioca\/lotto-fr\/\",\r\n\"description\": \"Acquista online i biglietti ufficiali del Lotto francese tramite RedFoxLotto. Scegli i tuoi numeri e partecipa alla prossima estrazione.\",\r\n\"serviceType\": \"Online lottery ticket purchase\",\r\n\r\n\"provider\": {\r\n\"@type\": \"Organization\",\r\n\"name\": \"RedFoxLotto\",\r\n\"url\": \"https:\/\/redfoxlotto.com\",\r\n\"logo\": \"https:\/\/redfoxlotto.com\/wp-content\/uploads\/logo.png\"\r\n},\r\n\r\n\"areaServed\": \"Worldwide\",\r\n\"termsOfService\": \"https:\/\/redfoxlotto.com\/terms-and-conditions\",\r\n\r\n\"hasOfferCatalog\": {\r\n\"@type\": \"OfferCatalog\",\r\n\"name\": \"French Lotto Offers\",\r\n\"itemListElement\": [\r\n{\r\n\"@type\": \"Offer\",\r\n\"name\": \"Lotto French Lotto Ticket\",\r\n\"url\": \"https:\/\/redfoxlotto.com\/it\/gioca\/lotto-fr\/\",\r\n\"description\": \"Un ingresso alla prossima estrazione del Lotto francese.\",\r\n\"price\": \"6.00\",\r\n\"priceCurrency\": \"EUR\",\r\n\"availability\": \"https:\/\/schema.org\/InStock\",\r\n\r\n\"itemOffered\": {\r\n\"@type\": \"Service\",\r\n\"name\": \"French Lotto Lottery Entry\",\r\n\"description\": \"Partecipazione alla prossima estrazione del Lotto francese tramite RedFoxLotto.\"\r\n}\r\n}\r\n]\r\n},\r\n\r\n\"mainEntityOfPage\": {\r\n\"@type\": \"WebPage\",\r\n\"@id\": \"https:\/\/redfoxlotto.com\/it\/gioca\/lotto-fr\/\"\r\n}\r\n}\r\n<\/script><p>Sei pronto a giocare un&#8217;altra lotteria? Se lo siete, dovreste dare un&#8217;occhiata pi\u00f9 da vicino alla lotteria francese. Se non ci avete mai giocato prima d&#8217;ora, potreste essere sorpresi di quanto sia simile alla lotteria tedesca. Dopo tutto, si tratta di divertirsi un po&#8217; e avere un&#8217;altra possibilit\u00e0 di vincere un grande premio. E con la lotteria francese ne avrete un sacco, perch\u00e9 i premi qui sono sicuramente abbastanza attraenti.<\/p><h2 class=\"wp-block-heading\">Come giocare alla lotteria francese online <\/h2><p>Avete mai giocato un altro tipo di lotteria online? O forse sei mai andato solo nel tuo negozio locale per comprare i biglietti. Non stiamo parlando di biglietti gratta e vinci dove si vince all&#8217;istante. Qui stiamo parlando di biglietti della lotteria, scegliendo i numeri, e non si sa se hai vinto o meno fino al giorno dell&#8217;estrazione. Questi sono i giochi che sono ancora pi\u00f9 divertenti e vi daranno ancora pi\u00f9 possibilit\u00e0 di vincere un grande premio. Perch\u00e9 con alcuni di loro, si potrebbero vincere molti milioni di euro o dollari.<\/p><p>Nella lotteria francese, tutto quello che dovete fare \u00e8 comprare un biglietto online per iniziare a giocare, e l&#8217;acquisto di quel biglietto \u00e8 super facile. In primo luogo, \u00e8 necessario contrassegnare i numeri che potrebbero farti diventare milionario. Per questo gioco speciale, hai la possibilit\u00e0 di scegliere cinque numeri pi\u00f9 un numero bonus. L&#8217;ordine in cui scegli il tuo originale Five non ha importanza, ma assicurati di prestare attenzione a quale numero vuoi usare per il tuo bonus.<\/p><h2 class=\"wp-block-heading\">Come vincere la Lotteria Francese online<\/h2><p>Una volta selezionati i numeri, \u00e8 tempo di aspettare, che spesso \u00e8 il peggiore. Sicuramente non vuoi aspettare e vedere cosa succede, ma non c&#8217;\u00e8 altra scelta. Le estrazioni sono il luned\u00ec, mercoled\u00ec e sabato, quindi non dovete aspettare a lungo, ma dovete avere un po&#8217; di pazienza, soprattutto perch\u00e9 guardare in diretta non sar\u00e0 davvero un&#8217;opzione, dato che queste estrazioni non vengono trasmesse dalla televisione tedesca. Invece, devi aspettare un po&#8217; per vedere cosa succede. <br>\r\nUna volta estratti i numeri, \u00e8 ora di controllarli. Puoi tornare direttamente da dove hai comprato il biglietto per trovare i numeri vincenti e vedere se hai vinto il jackpot o almeno uno dei piccoli premi che rende facile continuare a giocare. I premi pi\u00f9 piccoli vengono vinti abbinando il numero del bonus, due numeri principali, due numeri pi\u00f9 il numero del bonus, o una combinazione superiore. Si potrebbe vincere una piccola somma che copre solo il costo del biglietto, oppure si potrebbero vincere migliaia o addirittura milioni. <\/p><h2 class=\"wp-block-heading\">Scegliere il lotto successivo<\/h2><p>Una volta che sai se hai vinto o meno, \u00e8 sicuramente il momento di comprare un nuovo biglietto. Una volta che hai vinto qualcosa, \u00e8 facilissimo incassare il tuo biglietto direttamente online, oppure puoi investire quei soldi nel biglietto successivo. Che tu scelga la lotteria francese o un altro gioco, \u00e8 davvero facile scegliere il prossimo biglietto e preparare tutto per la nuova estrazione. <\/p><p>Assicurati di seguire tutte le regole e i regolamenti. Assicurati di sapere quali numeri scegliere. E di sicuro assicuratevi di sapere quando si terr\u00e0 la prossima estrazione. Non commettere l&#8217;errore di perdere il prossimo sorteggio. <\/p>","protected":false},"excerpt":{"rendered":"<p>Sei pronto a giocare un&#8217;altra lotteria? Se lo siete, dovreste dare un&#8217;occhiata pi\u00f9 da vicino alla lotteria francese. Se non ci avete mai giocato prima d&#8217;ora, potreste essere sorpresi di quanto sia simile alla lotteria tedesca. Dopo tutto, si tratta di divertirsi un po&#8217; e avere un&#8217;altra possibilit\u00e0 di vincere un grande premio. E con [&hellip;]<\/p>\n","protected":false},"author":1,"featured_media":0,"parent":920,"menu_order":33,"comment_status":"closed","ping_status":"closed","template":"lotto-fr.php","meta":{"_et_pb_use_builder":"","_et_pb_old_content":"","_et_gb_content_width":"","exclude_from_search":false,"footnotes":""},"class_list":["post-2773","page","type-page","status-publish","hentry"],"yoast_head":"<!-- This site is optimized with the Yoast SEO plugin v23.8 - https:\/\/yoast.com\/wordpress\/plugins\/seo\/ -->\n<title>Come giocare alla lotteria francese online<\/title>\n<meta name=\"description\" content=\"Se sei pronto a giocare alla lotteria francese online, questo \u00e8 il posto giusto!\" \/>\n<meta name=\"robots\" content=\"index, follow, max-snippet:-1, max-image-preview:large, max-video-preview:-1\" \/>\n<link rel=\"canonical\" href=\"https:\/\/redfoxlotto.com\/it\/gioca\/lotto-fr\/\" \/>\n<meta property=\"og:locale\" content=\"it_IT\" \/>\n<meta property=\"og:type\" content=\"article\" \/>\n<meta property=\"og:title\" content=\"Come giocare alla lotteria francese online\" \/>\n<meta property=\"og:description\" content=\"Se sei pronto a giocare alla lotteria francese online, questo \u00e8 il posto giusto!\" \/>\n<meta property=\"og:url\" content=\"https:\/\/redfoxlotto.com\/it\/gioca\/lotto-fr\/\" \/>\n<meta property=\"og:site_name\" content=\"Get Tickets for the World\u2019s largest jackpots\" \/>\n<meta property=\"article:modified_time\" content=\"2025-12-10T23:26:21+00:00\" \/>\n<meta name=\"twitter:card\" content=\"summary_large_image\" \/>\n<meta name=\"twitter:label1\" content=\"Tempo di lettura stimato\" \/>\n\t<meta name=\"twitter:data1\" content=\"3 minuti\" \/>\n<script type=\"application\/ld+json\" class=\"yoast-schema-graph\">{\"@context\":\"https:\/\/schema.org\",\"@graph\":[{\"@type\":\"WebPage\",\"@id\":\"https:\/\/redfoxlotto.com\/it\/gioca\/lotto-fr\/\",\"url\":\"https:\/\/redfoxlotto.com\/it\/gioca\/lotto-fr\/\",\"name\":\"Come giocare alla lotteria francese online\",\"isPartOf\":{\"@id\":\"https:\/\/redfoxlotto.com\/it\/#website\"},\"datePublished\":\"2019-08-09T14:24:22+00:00\",\"dateModified\":\"2025-12-10T23:26:21+00:00\",\"description\":\"Se sei pronto a giocare alla lotteria francese online, questo \u00e8 il posto giusto!\",\"breadcrumb\":{\"@id\":\"https:\/\/redfoxlotto.com\/it\/gioca\/lotto-fr\/#breadcrumb\"},\"inLanguage\":\"it-IT\",\"potentialAction\":[{\"@type\":\"ReadAction\",\"target\":[\"https:\/\/redfoxlotto.com\/it\/gioca\/lotto-fr\/\"]}]},{\"@type\":\"BreadcrumbList\",\"@id\":\"https:\/\/redfoxlotto.com\/it\/gioca\/lotto-fr\/#breadcrumb\",\"itemListElement\":[{\"@type\":\"ListItem\",\"position\":1,\"name\":\"Home\",\"item\":\"https:\/\/redfoxlotto.com\/it\/\"},{\"@type\":\"ListItem\",\"position\":2,\"name\":\"Come si gioca al lotto online\",\"item\":\"https:\/\/redfoxlotto.com\/it\/gioca\/\"},{\"@type\":\"ListItem\",\"position\":3,\"name\":\"Gioca al Lotto francese\"}]},{\"@type\":\"WebSite\",\"@id\":\"https:\/\/redfoxlotto.com\/it\/#website\",\"url\":\"https:\/\/redfoxlotto.com\/it\/\",\"name\":\"Get Tickets for the World\u2019s largest jackpots\",\"description\":\"Participate in worldwide lottery jackpots from any country\",\"publisher\":{\"@id\":\"https:\/\/redfoxlotto.com\/it\/#organization\"},\"potentialAction\":[{\"@type\":\"SearchAction\",\"target\":{\"@type\":\"EntryPoint\",\"urlTemplate\":\"https:\/\/redfoxlotto.com\/it\/?s={search_term_string}\"},\"query-input\":{\"@type\":\"PropertyValueSpecification\",\"valueRequired\":true,\"valueName\":\"search_term_string\"}}],\"inLanguage\":\"it-IT\"},{\"@type\":\"Organization\",\"@id\":\"https:\/\/redfoxlotto.com\/it\/#organization\",\"name\":\"Get Tickets for the World\u2019s largest jackpots\",\"url\":\"https:\/\/redfoxlotto.com\/it\/\",\"logo\":{\"@type\":\"ImageObject\",\"inLanguage\":\"it-IT\",\"@id\":\"https:\/\/redfoxlotto.com\/it\/#\/schema\/logo\/image\/\",\"url\":\"https:\/\/redfoxlotto.com\/wp-content\/uploads\/2023\/04\/logo.png\",\"contentUrl\":\"https:\/\/redfoxlotto.com\/wp-content\/uploads\/2023\/04\/logo.png\",\"width\":269,\"height\":53,\"caption\":\"Get Tickets for the World\u2019s largest jackpots\"},\"image\":{\"@id\":\"https:\/\/redfoxlotto.com\/it\/#\/schema\/logo\/image\/\"}}]}<\/script>\n<!-- \/ Yoast SEO plugin. -->","yoast_head_json":{"title":"Come giocare alla lotteria francese online","description":"Se sei pronto a giocare alla lotteria francese online, questo \u00e8 il posto giusto!","robots":{"index":"index","follow":"follow","max-snippet":"max-snippet:-1","max-image-preview":"max-image-preview:large","max-video-preview":"max-video-preview:-1"},"canonical":"https:\/\/redfoxlotto.com\/it\/gioca\/lotto-fr\/","og_locale":"it_IT","og_type":"article","og_title":"Come giocare alla lotteria francese online","og_description":"Se sei pronto a giocare alla lotteria francese online, questo \u00e8 il posto giusto!","og_url":"https:\/\/redfoxlotto.com\/it\/gioca\/lotto-fr\/","og_site_name":"Get Tickets for the World\u2019s largest jackpots","article_modified_time":"2025-12-10T23:26:21+00:00","twitter_card":"summary_large_image","twitter_misc":{"Tempo di lettura stimato":"3 minuti"},"schema":{"@context":"https:\/\/schema.org","@graph":[{"@type":"WebPage","@id":"https:\/\/redfoxlotto.com\/it\/gioca\/lotto-fr\/","url":"https:\/\/redfoxlotto.com\/it\/gioca\/lotto-fr\/","name":"Come giocare alla lotteria francese online","isPartOf":{"@id":"https:\/\/redfoxlotto.com\/it\/#website"},"datePublished":"2019-08-09T14:24:22+00:00","dateModified":"2025-12-10T23:26:21+00:00","description":"Se sei pronto a giocare alla lotteria francese online, questo \u00e8 il posto giusto!","breadcrumb":{"@id":"https:\/\/redfoxlotto.com\/it\/gioca\/lotto-fr\/#breadcrumb"},"inLanguage":"it-IT","potentialAction":[{"@type":"ReadAction","target":["https:\/\/redfoxlotto.com\/it\/gioca\/lotto-fr\/"]}]},{"@type":"BreadcrumbList","@id":"https:\/\/redfoxlotto.com\/it\/gioca\/lotto-fr\/#breadcrumb","itemListElement":[{"@type":"ListItem","position":1,"name":"Home","item":"https:\/\/redfoxlotto.com\/it\/"},{"@type":"ListItem","position":2,"name":"Come si gioca al lotto online","item":"https:\/\/redfoxlotto.com\/it\/gioca\/"},{"@type":"ListItem","position":3,"name":"Gioca al Lotto francese"}]},{"@type":"WebSite","@id":"https:\/\/redfoxlotto.com\/it\/#website","url":"https:\/\/redfoxlotto.com\/it\/","name":"Get Tickets for the World\u2019s largest jackpots","description":"Participate in worldwide lottery jackpots from any country","publisher":{"@id":"https:\/\/redfoxlotto.com\/it\/#organization"},"potentialAction":[{"@type":"SearchAction","target":{"@type":"EntryPoint","urlTemplate":"https:\/\/redfoxlotto.com\/it\/?s={search_term_string}"},"query-input":{"@type":"PropertyValueSpecification","valueRequired":true,"valueName":"search_term_string"}}],"inLanguage":"it-IT"},{"@type":"Organization","@id":"https:\/\/redfoxlotto.com\/it\/#organization","name":"Get Tickets for the World\u2019s largest jackpots","url":"https:\/\/redfoxlotto.com\/it\/","logo":{"@type":"ImageObject","inLanguage":"it-IT","@id":"https:\/\/redfoxlotto.com\/it\/#\/schema\/logo\/image\/","url":"https:\/\/redfoxlotto.com\/wp-content\/uploads\/2023\/04\/logo.png","contentUrl":"https:\/\/redfoxlotto.com\/wp-content\/uploads\/2023\/04\/logo.png","width":269,"height":53,"caption":"Get Tickets for the World\u2019s largest jackpots"},"image":{"@id":"https:\/\/redfoxlotto.com\/it\/#\/schema\/logo\/image\/"}}]}},"_links":{"self":[{"href":"https:\/\/redfoxlotto.com\/it\/wp-json\/wp\/v2\/pages\/2773","targetHints":{"allow":["GET"]}}],"collection":[{"href":"https:\/\/redfoxlotto.com\/it\/wp-json\/wp\/v2\/pages"}],"about":[{"href":"https:\/\/redfoxlotto.com\/it\/wp-json\/wp\/v2\/types\/page"}],"author":[{"embeddable":true,"href":"https:\/\/redfoxlotto.com\/it\/wp-json\/wp\/v2\/users\/1"}],"replies":[{"embeddable":true,"href":"https:\/\/redfoxlotto.com\/it\/wp-json\/wp\/v2\/comments?post=2773"}],"version-history":[{"count":0,"href":"https:\/\/redfoxlotto.com\/it\/wp-json\/wp\/v2\/pages\/2773\/revisions"}],"up":[{"embeddable":true,"href":"https:\/\/redfoxlotto.com\/it\/wp-json\/wp\/v2\/pages\/920"}],"wp:attachment":[{"href":"https:\/\/redfoxlotto.com\/it\/wp-json\/wp\/v2\/media?parent=2773"}],"curies":[{"name":"wp","href":"https:\/\/api.w.org\/{rel}","templated":true}]}}