{"id":14470,"date":"2020-08-18T09:19:26","date_gmt":"2020-08-18T09:19:26","guid":{"rendered":"https:\/\/redfoxlotto.com\/?page_id=14470"},"modified":"2023-05-22T09:32:20","modified_gmt":"2023-05-22T09:32:20","slug":"lotto-6aus49","status":"publish","type":"page","link":"https:\/\/redfoxlotto.com\/it\/lotteria\/lotto-6aus49\/","title":{"rendered":"Informazioni su Lotto tedesco 6 aus 49"},"content":{"rendered":"<h2>Acquista i biglietti per il German Lotto 6aus49 Online<\/h2>\n<p><img decoding=\"async\" class=\"size-full wp-image alignright\" src=\"https:\/\/content.redfoxlotto.com\/uploads\/sites\/9\/1_buy_lottery_online.jpg\" alt=\"biglietti della lotteria tedesca\" \/><\/p>\n<p>Una volta che hai deciso che vuoi giocare al Lotto tedesco \u00e8 il momento di acquistare i tuoi biglietti. Ma come si fa a comprare i biglietti per il German Lotto 6aus49 online? In realt\u00e0 \u00e8 pi\u00f9 facile di quanto si possa pensare. Tutto quello che devi fare \u00e8 visitare RedFoxLotto.com per iniziare.<!--more--><\/p>\n<h2>Scegliere i tuoi numeri<\/h2>\n<p>Una volta pronti a giocare, basta scegliere 6 numeri tra 1 e 49 e 1 tra 0 e 9. \u00c8 tutto quello che serve. Poi, se si abbinano almeno 3 numeri, si vince qualcosa nel corso del gioco. Abbina ancora di pi\u00f9 e vincerai ancora di pi\u00f9.<\/p>\n<h2>Acquisto dei biglietti<\/h2>\n<p><img loading=\"lazy\" decoding=\"async\" class=\" wp-image alignright\" src=\"https:\/\/content.redfoxlotto.com\/uploads\/sites\/9\/1_lottery_draw_balls.jpg\" alt=\"vinci alla lotteria online\" width=\"245\" height=\"245\" \/><br \/>\nOra, sapete gi\u00e0 come scegliere i vostri numeri, ma come farete ad acquistare i biglietti? \u00c8 semplice. Accedi a RedFoxLotto.com e scegli i numeri che vuoi per il gioco che vuoi. Potrebbe essere questo o qualsiasi altro gioco. Poi, seleziona quanti disegni vuoi che i tuoi biglietti siano validi e inserisci il tuo metodo di pagamento preferito.<\/p>\n<p>Una volta inserite le informazioni per il pagamento e finalizzato l&#8217;acquisto, non vi resta che aspettare di scoprire se avete vinto qualcosa.<\/p>\n<h2>Hai vinto<\/h2>\n<p>Se acquistate i biglietti per il German Lotto 6aus49 online volete anche scoprire se avete vinto online, ed \u00e8 pi\u00f9 facile di quanto possiate pensare. Non devi far altro che collegarti al tuo account e dare un&#8217;occhiata alla sezione Biglietti per vedere i numeri vincenti e il confronto tra i tuoi numeri.<\/p>\n","protected":false},"excerpt":{"rendered":"<p>Acquista i biglietti per il German Lotto 6aus49 Online Una volta che hai deciso che vuoi giocare al Lotto tedesco \u00e8 il momento di acquistare i tuoi biglietti. Ma come si fa a comprare i biglietti per il German Lotto 6aus49 online? In realt\u00e0 \u00e8 pi\u00f9 facile di quanto si possa pensare. Tutto quello che [&hellip;]<\/p>\n","protected":false},"author":1,"featured_media":0,"parent":59912,"menu_order":15,"comment_status":"closed","ping_status":"closed","template":"lotto-german-info.php","meta":{"_et_pb_use_builder":"","_et_pb_old_content":"","_et_gb_content_width":"","exclude_from_search":false,"footnotes":""},"class_list":["post-14470","page","type-page","status-publish","hentry"],"yoast_head":"<!-- This site is optimized with the Yoast SEO plugin v23.8 - https:\/\/yoast.com\/wordpress\/plugins\/seo\/ -->\n<title>Ottieni i biglietti per il Lotto tedesco online<\/title>\n<meta name=\"description\" content=\"I fan del Lotto provenienti da fuori della Germania possono ora acquistare i biglietti per &quot;6 aus 49&quot; online\" \/>\n<meta name=\"robots\" content=\"index, follow, max-snippet:-1, max-image-preview:large, max-video-preview:-1\" \/>\n<link rel=\"canonical\" href=\"https:\/\/redfoxlotto.com\/it\/lotteria\/lotto-6aus49\/\" \/>\n<meta property=\"og:locale\" content=\"it_IT\" \/>\n<meta property=\"og:type\" content=\"article\" \/>\n<meta property=\"og:title\" content=\"Ottieni i biglietti per il Lotto tedesco online\" \/>\n<meta property=\"og:description\" content=\"I fan del Lotto provenienti da fuori della Germania possono ora acquistare i biglietti per &quot;6 aus 49&quot; online\" \/>\n<meta property=\"og:url\" content=\"https:\/\/redfoxlotto.com\/it\/lotteria\/lotto-6aus49\/\" \/>\n<meta property=\"og:site_name\" content=\"Get Tickets for the World\u2019s largest jackpots\" \/>\n<meta property=\"article:modified_time\" content=\"2023-05-22T09:32:20+00:00\" \/>\n<meta property=\"og:image\" content=\"https:\/\/content.redfoxlotto.com\/uploads\/sites\/9\/1_buy_lottery_online.jpg\" \/>\n<meta name=\"twitter:card\" content=\"summary_large_image\" \/>\n<meta name=\"twitter:label1\" content=\"Tempo di lettura stimato\" \/>\n\t<meta name=\"twitter:data1\" content=\"2 minuti\" \/>\n<script type=\"application\/ld+json\" class=\"yoast-schema-graph\">{\"@context\":\"https:\/\/schema.org\",\"@graph\":[{\"@type\":\"WebPage\",\"@id\":\"https:\/\/redfoxlotto.com\/it\/lotteria\/lotto-6aus49\/\",\"url\":\"https:\/\/redfoxlotto.com\/it\/lotteria\/lotto-6aus49\/\",\"name\":\"Ottieni i biglietti per il Lotto tedesco online\",\"isPartOf\":{\"@id\":\"https:\/\/redfoxlotto.com\/it\/#website\"},\"primaryImageOfPage\":{\"@id\":\"https:\/\/redfoxlotto.com\/it\/lotteria\/lotto-6aus49\/#primaryimage\"},\"image\":{\"@id\":\"https:\/\/redfoxlotto.com\/it\/lotteria\/lotto-6aus49\/#primaryimage\"},\"thumbnailUrl\":\"https:\/\/content.redfoxlotto.com\/uploads\/sites\/9\/1_buy_lottery_online.jpg\",\"datePublished\":\"2020-08-18T09:19:26+00:00\",\"dateModified\":\"2023-05-22T09:32:20+00:00\",\"description\":\"I fan del Lotto provenienti da fuori della Germania possono ora acquistare i biglietti per \\\"6 aus 49\\\" online\",\"breadcrumb\":{\"@id\":\"https:\/\/redfoxlotto.com\/it\/lotteria\/lotto-6aus49\/#breadcrumb\"},\"inLanguage\":\"it-IT\",\"potentialAction\":[{\"@type\":\"ReadAction\",\"target\":[\"https:\/\/redfoxlotto.com\/it\/lotteria\/lotto-6aus49\/\"]}]},{\"@type\":\"ImageObject\",\"inLanguage\":\"it-IT\",\"@id\":\"https:\/\/redfoxlotto.com\/it\/lotteria\/lotto-6aus49\/#primaryimage\",\"url\":\"https:\/\/content.redfoxlotto.com\/uploads\/sites\/9\/1_buy_lottery_online.jpg\",\"contentUrl\":\"https:\/\/content.redfoxlotto.com\/uploads\/sites\/9\/1_buy_lottery_online.jpg\"},{\"@type\":\"BreadcrumbList\",\"@id\":\"https:\/\/redfoxlotto.com\/it\/lotteria\/lotto-6aus49\/#breadcrumb\",\"itemListElement\":[{\"@type\":\"ListItem\",\"position\":1,\"name\":\"Home\",\"item\":\"https:\/\/redfoxlotto.com\/it\/\"},{\"@type\":\"ListItem\",\"position\":2,\"name\":\"Il processo di acquisto dei tuoi biglietti\",\"item\":\"https:\/\/redfoxlotto.com\/it\/lotteria\/\"},{\"@type\":\"ListItem\",\"position\":3,\"name\":\"Informazioni su Lotto tedesco 6 aus 49\"}]},{\"@type\":\"WebSite\",\"@id\":\"https:\/\/redfoxlotto.com\/it\/#website\",\"url\":\"https:\/\/redfoxlotto.com\/it\/\",\"name\":\"Get Tickets for the World\u2019s largest jackpots\",\"description\":\"Participate in worldwide lottery jackpots from any country\",\"publisher\":{\"@id\":\"https:\/\/redfoxlotto.com\/it\/#organization\"},\"potentialAction\":[{\"@type\":\"SearchAction\",\"target\":{\"@type\":\"EntryPoint\",\"urlTemplate\":\"https:\/\/redfoxlotto.com\/it\/?s={search_term_string}\"},\"query-input\":{\"@type\":\"PropertyValueSpecification\",\"valueRequired\":true,\"valueName\":\"search_term_string\"}}],\"inLanguage\":\"it-IT\"},{\"@type\":\"Organization\",\"@id\":\"https:\/\/redfoxlotto.com\/it\/#organization\",\"name\":\"Get Tickets for the World\u2019s largest jackpots\",\"url\":\"https:\/\/redfoxlotto.com\/it\/\",\"logo\":{\"@type\":\"ImageObject\",\"inLanguage\":\"it-IT\",\"@id\":\"https:\/\/redfoxlotto.com\/it\/#\/schema\/logo\/image\/\",\"url\":\"https:\/\/redfoxlotto.com\/wp-content\/uploads\/2023\/04\/logo.png\",\"contentUrl\":\"https:\/\/redfoxlotto.com\/wp-content\/uploads\/2023\/04\/logo.png\",\"width\":269,\"height\":53,\"caption\":\"Get Tickets for the World\u2019s largest jackpots\"},\"image\":{\"@id\":\"https:\/\/redfoxlotto.com\/it\/#\/schema\/logo\/image\/\"}}]}<\/script>\n<!-- \/ Yoast SEO plugin. -->","yoast_head_json":{"title":"Ottieni i biglietti per il Lotto tedesco online","description":"I fan del Lotto provenienti da fuori della Germania possono ora acquistare i biglietti per \"6 aus 49\" online","robots":{"index":"index","follow":"follow","max-snippet":"max-snippet:-1","max-image-preview":"max-image-preview:large","max-video-preview":"max-video-preview:-1"},"canonical":"https:\/\/redfoxlotto.com\/it\/lotteria\/lotto-6aus49\/","og_locale":"it_IT","og_type":"article","og_title":"Ottieni i biglietti per il Lotto tedesco online","og_description":"I fan del Lotto provenienti da fuori della Germania possono ora acquistare i biglietti per \"6 aus 49\" online","og_url":"https:\/\/redfoxlotto.com\/it\/lotteria\/lotto-6aus49\/","og_site_name":"Get Tickets for the World\u2019s largest jackpots","article_modified_time":"2023-05-22T09:32:20+00:00","og_image":[{"url":"https:\/\/content.redfoxlotto.com\/uploads\/sites\/9\/1_buy_lottery_online.jpg"}],"twitter_card":"summary_large_image","twitter_misc":{"Tempo di lettura stimato":"2 minuti"},"schema":{"@context":"https:\/\/schema.org","@graph":[{"@type":"WebPage","@id":"https:\/\/redfoxlotto.com\/it\/lotteria\/lotto-6aus49\/","url":"https:\/\/redfoxlotto.com\/it\/lotteria\/lotto-6aus49\/","name":"Ottieni i biglietti per il Lotto tedesco online","isPartOf":{"@id":"https:\/\/redfoxlotto.com\/it\/#website"},"primaryImageOfPage":{"@id":"https:\/\/redfoxlotto.com\/it\/lotteria\/lotto-6aus49\/#primaryimage"},"image":{"@id":"https:\/\/redfoxlotto.com\/it\/lotteria\/lotto-6aus49\/#primaryimage"},"thumbnailUrl":"https:\/\/content.redfoxlotto.com\/uploads\/sites\/9\/1_buy_lottery_online.jpg","datePublished":"2020-08-18T09:19:26+00:00","dateModified":"2023-05-22T09:32:20+00:00","description":"I fan del Lotto provenienti da fuori della Germania possono ora acquistare i biglietti per \"6 aus 49\" online","breadcrumb":{"@id":"https:\/\/redfoxlotto.com\/it\/lotteria\/lotto-6aus49\/#breadcrumb"},"inLanguage":"it-IT","potentialAction":[{"@type":"ReadAction","target":["https:\/\/redfoxlotto.com\/it\/lotteria\/lotto-6aus49\/"]}]},{"@type":"ImageObject","inLanguage":"it-IT","@id":"https:\/\/redfoxlotto.com\/it\/lotteria\/lotto-6aus49\/#primaryimage","url":"https:\/\/content.redfoxlotto.com\/uploads\/sites\/9\/1_buy_lottery_online.jpg","contentUrl":"https:\/\/content.redfoxlotto.com\/uploads\/sites\/9\/1_buy_lottery_online.jpg"},{"@type":"BreadcrumbList","@id":"https:\/\/redfoxlotto.com\/it\/lotteria\/lotto-6aus49\/#breadcrumb","itemListElement":[{"@type":"ListItem","position":1,"name":"Home","item":"https:\/\/redfoxlotto.com\/it\/"},{"@type":"ListItem","position":2,"name":"Il processo di acquisto dei tuoi biglietti","item":"https:\/\/redfoxlotto.com\/it\/lotteria\/"},{"@type":"ListItem","position":3,"name":"Informazioni su Lotto tedesco 6 aus 49"}]},{"@type":"WebSite","@id":"https:\/\/redfoxlotto.com\/it\/#website","url":"https:\/\/redfoxlotto.com\/it\/","name":"Get Tickets for the World\u2019s largest jackpots","description":"Participate in worldwide lottery jackpots from any country","publisher":{"@id":"https:\/\/redfoxlotto.com\/it\/#organization"},"potentialAction":[{"@type":"SearchAction","target":{"@type":"EntryPoint","urlTemplate":"https:\/\/redfoxlotto.com\/it\/?s={search_term_string}"},"query-input":{"@type":"PropertyValueSpecification","valueRequired":true,"valueName":"search_term_string"}}],"inLanguage":"it-IT"},{"@type":"Organization","@id":"https:\/\/redfoxlotto.com\/it\/#organization","name":"Get Tickets for the World\u2019s largest jackpots","url":"https:\/\/redfoxlotto.com\/it\/","logo":{"@type":"ImageObject","inLanguage":"it-IT","@id":"https:\/\/redfoxlotto.com\/it\/#\/schema\/logo\/image\/","url":"https:\/\/redfoxlotto.com\/wp-content\/uploads\/2023\/04\/logo.png","contentUrl":"https:\/\/redfoxlotto.com\/wp-content\/uploads\/2023\/04\/logo.png","width":269,"height":53,"caption":"Get Tickets for the World\u2019s largest jackpots"},"image":{"@id":"https:\/\/redfoxlotto.com\/it\/#\/schema\/logo\/image\/"}}]}},"_links":{"self":[{"href":"https:\/\/redfoxlotto.com\/it\/wp-json\/wp\/v2\/pages\/14470","targetHints":{"allow":["GET"]}}],"collection":[{"href":"https:\/\/redfoxlotto.com\/it\/wp-json\/wp\/v2\/pages"}],"about":[{"href":"https:\/\/redfoxlotto.com\/it\/wp-json\/wp\/v2\/types\/page"}],"author":[{"embeddable":true,"href":"https:\/\/redfoxlotto.com\/it\/wp-json\/wp\/v2\/users\/1"}],"replies":[{"embeddable":true,"href":"https:\/\/redfoxlotto.com\/it\/wp-json\/wp\/v2\/comments?post=14470"}],"version-history":[{"count":0,"href":"https:\/\/redfoxlotto.com\/it\/wp-json\/wp\/v2\/pages\/14470\/revisions"}],"up":[{"embeddable":true,"href":"https:\/\/redfoxlotto.com\/it\/wp-json\/wp\/v2\/pages\/59912"}],"wp:attachment":[{"href":"https:\/\/redfoxlotto.com\/it\/wp-json\/wp\/v2\/media?parent=14470"}],"curies":[{"name":"wp","href":"https:\/\/api.w.org\/{rel}","templated":true}]}}