{"id":14398,"date":"2020-08-18T09:10:34","date_gmt":"2020-08-18T09:10:34","guid":{"rendered":"https:\/\/redfoxlotto.com\/?page_id=14398"},"modified":"2023-05-22T09:31:59","modified_gmt":"2023-05-22T09:31:59","slug":"lotto-america","status":"publish","type":"page","link":"https:\/\/redfoxlotto.com\/it\/lotteria\/lotto-america\/","title":{"rendered":"Informazioni su Lotto America"},"content":{"rendered":"<h2>Acquista online i biglietti per Lotto America<\/h2>\n<p>Quando si tratta di acquistare i biglietti della lotteria online si vuole essere sicuri di partecipare ai migliori giochi. Ma avete mai sentito parlare di tutti i diversi giochi che ci sono in circolazione? Probabilmente no. Tanto pi\u00f9 che ci sono giochi in altri paesi che potresti giocare online. Giochi come Lotto America.<!--more--><\/p>\n<h2>Cos&#8217;\u00e8 il Lotto America?<\/h2>\n<p><img decoding=\"async\" class=\"size-full wp-image alignright\" src=\"https:\/\/content.redfoxlotto.com\/uploads\/sites\/9\/1_ticket_online_buying.jpg\" alt=\"lotto america ticket online\"><\/p>\n<p>Lotto America \u00e8 un gioco multi-stato che si gioca negli Stati Uniti. Pi\u00f9 precisamente, si gioca in 13 stati in tutto il paese. Ma non \u00e8 necessario vivere in uno di questi stati per giocare. Si pu\u00f2 giocare da qualsiasi parte del mondo. Ed \u00e8 qui che entra in gioco il divertimento. Perch\u00e9 questo gioco \u00e8 un&#8217;opportunit\u00e0 per diventare un multimilionario, ed \u00e8 un gioco semplicissimo da giocare.<\/p>\n<h2>Acquisto dei biglietti<\/h2>\n<p>Se sei interessato a giocare al Lotto America devi solo sapere dove prendere i tuoi biglietti. Ma come si fa a comprare i biglietti per il Lotto America online? Hai bisogno di un servizio che ti aiuti ed \u00e8 qui che entra in gioco RedFoxLotto. Possiamo aiutarvi a ottenere i biglietti per questo gioco o per qualsiasi altro gioco della lotteria a cui potreste voler giocare in tutto il mondo. Tutto ci\u00f2 che serve sono pochi passi per iniziare. Il primo \u00e8 che dovrete creare un account con RedFoxLotto. E &#8216;facile da fare e richiede solo pochi minuti per essere completamente impostato e pronto a partire. Da l\u00ec, sarete in grado di iniziare a navigare attraverso tutti i diversi giochi della lotteria che sono disponibili. Potresti volere il Lotto America o qualcos&#8217;altro (o diversi giochi diversi).<br \/>\nUna volta che avete deciso il gioco e siete pronti a giocare al Lotto America \u00e8 il momento di iniziare a scegliere i vostri numeri. Qui \u00e8 dove avrete un sacco di opzioni diverse ed \u00e8 dove la parte divertente sta per iniziare.<\/p>\n<h2>Scegliere i vostri numeri<\/h2>\n<p><img decoding=\"async\" class=\"size-full wp-image alignright\" src=\"https:\/\/content.redfoxlotto.com\/uploads\/sites\/9\/1_usa_lottery_win.jpg\" alt=\"lotto america\"><br \/>\nCi sono cinque numeri standard e un numero bonus con Lotto America. Puoi scegliere quali vuoi, in modo da ottenere una combinazione che pensi sia fortunata o che significhi qualcosa per te. Ma cosa succede se non conosci i numeri che vuoi? O se avete solo un paio di numeri speciali che volete giocare? Anche questo non \u00e8 un problema, perch\u00e9 potete scegliere i numeri che volete e riempirli con numeri a caso. Oppure puoi usare il generatore di numeri per scegliere tutti i tuoi numeri per te.<\/p>\n<h2>Aspetta i risultati<\/h2>\n<p>Una volta scelti i vostri numeri potete scegliere quanti biglietti volete e per quali giochi. Poi, potete pagare i biglietti e aspettare la prossima estrazione. Potete anche scegliere biglietti aggiuntivi per alcuni degli altri giochi che si svolgono in tutto il mondo, se volete avere ancora pi\u00f9 possibilit\u00e0 di vincere un premio da qualche parte. Una volta arrivati i risultati del gioco, potrete vedere immediatamente i numeri vincenti e come si accumulano i vostri numeri. Non solo, ma sarete in grado di vedere ci\u00f2 che avete vinto e otterrete le vostre vincite cos\u00ec velocemente. \u00c8 semplice, divertente e sarete pronti a scegliere i vostri prossimi biglietti in un batter d&#8217;occhio. E siccome \u00e8 cos\u00ec facile, \u00e8 esattamente quello che vorrai fare. Tutto quello che dovete fare \u00e8 decidere a quali giochi giocare.<\/p>\n","protected":false},"excerpt":{"rendered":"<p>Acquista online i biglietti per Lotto America Quando si tratta di acquistare i biglietti della lotteria online si vuole essere sicuri di partecipare ai migliori giochi. Ma avete mai sentito parlare di tutti i diversi giochi che ci sono in circolazione? Probabilmente no. Tanto pi\u00f9 che ci sono giochi in altri paesi che potresti giocare [&hellip;]<\/p>\n","protected":false},"author":1,"featured_media":0,"parent":59912,"menu_order":12,"comment_status":"closed","ping_status":"closed","template":"lotto-america-info.php","meta":{"_et_pb_use_builder":"","_et_pb_old_content":"","_et_gb_content_width":"","exclude_from_search":false,"footnotes":""},"class_list":["post-14398","page","type-page","status-publish","hentry"],"yoast_head":"<!-- This site is optimized with the Yoast SEO plugin v23.8 - https:\/\/yoast.com\/wordpress\/plugins\/seo\/ -->\n<title>Acquista i biglietti per Lotto America online<\/title>\n<meta name=\"description\" content=\"Se vuoi vincere al Lotto America, compra subito il tuo biglietto online!\" \/>\n<meta name=\"robots\" content=\"index, follow, max-snippet:-1, max-image-preview:large, max-video-preview:-1\" \/>\n<link rel=\"canonical\" href=\"https:\/\/redfoxlotto.com\/it\/lotteria\/lotto-america\/\" \/>\n<meta property=\"og:locale\" content=\"it_IT\" \/>\n<meta property=\"og:type\" content=\"article\" \/>\n<meta property=\"og:title\" content=\"Acquista i biglietti per Lotto America online\" \/>\n<meta property=\"og:description\" content=\"Se vuoi vincere al Lotto America, compra subito il tuo biglietto online!\" \/>\n<meta property=\"og:url\" content=\"https:\/\/redfoxlotto.com\/it\/lotteria\/lotto-america\/\" \/>\n<meta property=\"og:site_name\" content=\"Get Tickets for the World\u2019s largest jackpots\" \/>\n<meta property=\"article:modified_time\" content=\"2023-05-22T09:31:59+00:00\" \/>\n<meta property=\"og:image\" content=\"https:\/\/content.redfoxlotto.com\/uploads\/sites\/9\/1_ticket_online_buying.jpg\" \/>\n<meta name=\"twitter:card\" content=\"summary_large_image\" \/>\n<meta name=\"twitter:label1\" content=\"Tempo di lettura stimato\" \/>\n\t<meta name=\"twitter:data1\" content=\"3 minuti\" \/>\n<script type=\"application\/ld+json\" class=\"yoast-schema-graph\">{\"@context\":\"https:\/\/schema.org\",\"@graph\":[{\"@type\":\"WebPage\",\"@id\":\"https:\/\/redfoxlotto.com\/it\/lotteria\/lotto-america\/\",\"url\":\"https:\/\/redfoxlotto.com\/it\/lotteria\/lotto-america\/\",\"name\":\"Acquista i biglietti per Lotto America online\",\"isPartOf\":{\"@id\":\"https:\/\/redfoxlotto.com\/it\/#website\"},\"primaryImageOfPage\":{\"@id\":\"https:\/\/redfoxlotto.com\/it\/lotteria\/lotto-america\/#primaryimage\"},\"image\":{\"@id\":\"https:\/\/redfoxlotto.com\/it\/lotteria\/lotto-america\/#primaryimage\"},\"thumbnailUrl\":\"https:\/\/content.redfoxlotto.com\/uploads\/sites\/9\/1_ticket_online_buying.jpg\",\"datePublished\":\"2020-08-18T09:10:34+00:00\",\"dateModified\":\"2023-05-22T09:31:59+00:00\",\"description\":\"Se vuoi vincere al Lotto America, compra subito il tuo biglietto online!\",\"breadcrumb\":{\"@id\":\"https:\/\/redfoxlotto.com\/it\/lotteria\/lotto-america\/#breadcrumb\"},\"inLanguage\":\"it-IT\",\"potentialAction\":[{\"@type\":\"ReadAction\",\"target\":[\"https:\/\/redfoxlotto.com\/it\/lotteria\/lotto-america\/\"]}]},{\"@type\":\"ImageObject\",\"inLanguage\":\"it-IT\",\"@id\":\"https:\/\/redfoxlotto.com\/it\/lotteria\/lotto-america\/#primaryimage\",\"url\":\"https:\/\/content.redfoxlotto.com\/uploads\/sites\/9\/1_ticket_online_buying.jpg\",\"contentUrl\":\"https:\/\/content.redfoxlotto.com\/uploads\/sites\/9\/1_ticket_online_buying.jpg\"},{\"@type\":\"BreadcrumbList\",\"@id\":\"https:\/\/redfoxlotto.com\/it\/lotteria\/lotto-america\/#breadcrumb\",\"itemListElement\":[{\"@type\":\"ListItem\",\"position\":1,\"name\":\"Home\",\"item\":\"https:\/\/redfoxlotto.com\/it\/\"},{\"@type\":\"ListItem\",\"position\":2,\"name\":\"Il processo di acquisto dei tuoi biglietti\",\"item\":\"https:\/\/redfoxlotto.com\/it\/lotteria\/\"},{\"@type\":\"ListItem\",\"position\":3,\"name\":\"Informazioni su Lotto America\"}]},{\"@type\":\"WebSite\",\"@id\":\"https:\/\/redfoxlotto.com\/it\/#website\",\"url\":\"https:\/\/redfoxlotto.com\/it\/\",\"name\":\"Get Tickets for the World\u2019s largest jackpots\",\"description\":\"Participate in worldwide lottery jackpots from any country\",\"publisher\":{\"@id\":\"https:\/\/redfoxlotto.com\/it\/#organization\"},\"potentialAction\":[{\"@type\":\"SearchAction\",\"target\":{\"@type\":\"EntryPoint\",\"urlTemplate\":\"https:\/\/redfoxlotto.com\/it\/?s={search_term_string}\"},\"query-input\":{\"@type\":\"PropertyValueSpecification\",\"valueRequired\":true,\"valueName\":\"search_term_string\"}}],\"inLanguage\":\"it-IT\"},{\"@type\":\"Organization\",\"@id\":\"https:\/\/redfoxlotto.com\/it\/#organization\",\"name\":\"Get Tickets for the World\u2019s largest jackpots\",\"url\":\"https:\/\/redfoxlotto.com\/it\/\",\"logo\":{\"@type\":\"ImageObject\",\"inLanguage\":\"it-IT\",\"@id\":\"https:\/\/redfoxlotto.com\/it\/#\/schema\/logo\/image\/\",\"url\":\"https:\/\/redfoxlotto.com\/wp-content\/uploads\/2023\/04\/logo.png\",\"contentUrl\":\"https:\/\/redfoxlotto.com\/wp-content\/uploads\/2023\/04\/logo.png\",\"width\":269,\"height\":53,\"caption\":\"Get Tickets for the World\u2019s largest jackpots\"},\"image\":{\"@id\":\"https:\/\/redfoxlotto.com\/it\/#\/schema\/logo\/image\/\"}}]}<\/script>\n<!-- \/ Yoast SEO plugin. -->","yoast_head_json":{"title":"Acquista i biglietti per Lotto America online","description":"Se vuoi vincere al Lotto America, compra subito il tuo biglietto online!","robots":{"index":"index","follow":"follow","max-snippet":"max-snippet:-1","max-image-preview":"max-image-preview:large","max-video-preview":"max-video-preview:-1"},"canonical":"https:\/\/redfoxlotto.com\/it\/lotteria\/lotto-america\/","og_locale":"it_IT","og_type":"article","og_title":"Acquista i biglietti per Lotto America online","og_description":"Se vuoi vincere al Lotto America, compra subito il tuo biglietto online!","og_url":"https:\/\/redfoxlotto.com\/it\/lotteria\/lotto-america\/","og_site_name":"Get Tickets for the World\u2019s largest jackpots","article_modified_time":"2023-05-22T09:31:59+00:00","og_image":[{"url":"https:\/\/content.redfoxlotto.com\/uploads\/sites\/9\/1_ticket_online_buying.jpg"}],"twitter_card":"summary_large_image","twitter_misc":{"Tempo di lettura stimato":"3 minuti"},"schema":{"@context":"https:\/\/schema.org","@graph":[{"@type":"WebPage","@id":"https:\/\/redfoxlotto.com\/it\/lotteria\/lotto-america\/","url":"https:\/\/redfoxlotto.com\/it\/lotteria\/lotto-america\/","name":"Acquista i biglietti per Lotto America online","isPartOf":{"@id":"https:\/\/redfoxlotto.com\/it\/#website"},"primaryImageOfPage":{"@id":"https:\/\/redfoxlotto.com\/it\/lotteria\/lotto-america\/#primaryimage"},"image":{"@id":"https:\/\/redfoxlotto.com\/it\/lotteria\/lotto-america\/#primaryimage"},"thumbnailUrl":"https:\/\/content.redfoxlotto.com\/uploads\/sites\/9\/1_ticket_online_buying.jpg","datePublished":"2020-08-18T09:10:34+00:00","dateModified":"2023-05-22T09:31:59+00:00","description":"Se vuoi vincere al Lotto America, compra subito il tuo biglietto online!","breadcrumb":{"@id":"https:\/\/redfoxlotto.com\/it\/lotteria\/lotto-america\/#breadcrumb"},"inLanguage":"it-IT","potentialAction":[{"@type":"ReadAction","target":["https:\/\/redfoxlotto.com\/it\/lotteria\/lotto-america\/"]}]},{"@type":"ImageObject","inLanguage":"it-IT","@id":"https:\/\/redfoxlotto.com\/it\/lotteria\/lotto-america\/#primaryimage","url":"https:\/\/content.redfoxlotto.com\/uploads\/sites\/9\/1_ticket_online_buying.jpg","contentUrl":"https:\/\/content.redfoxlotto.com\/uploads\/sites\/9\/1_ticket_online_buying.jpg"},{"@type":"BreadcrumbList","@id":"https:\/\/redfoxlotto.com\/it\/lotteria\/lotto-america\/#breadcrumb","itemListElement":[{"@type":"ListItem","position":1,"name":"Home","item":"https:\/\/redfoxlotto.com\/it\/"},{"@type":"ListItem","position":2,"name":"Il processo di acquisto dei tuoi biglietti","item":"https:\/\/redfoxlotto.com\/it\/lotteria\/"},{"@type":"ListItem","position":3,"name":"Informazioni su Lotto America"}]},{"@type":"WebSite","@id":"https:\/\/redfoxlotto.com\/it\/#website","url":"https:\/\/redfoxlotto.com\/it\/","name":"Get Tickets for the World\u2019s largest jackpots","description":"Participate in worldwide lottery jackpots from any country","publisher":{"@id":"https:\/\/redfoxlotto.com\/it\/#organization"},"potentialAction":[{"@type":"SearchAction","target":{"@type":"EntryPoint","urlTemplate":"https:\/\/redfoxlotto.com\/it\/?s={search_term_string}"},"query-input":{"@type":"PropertyValueSpecification","valueRequired":true,"valueName":"search_term_string"}}],"inLanguage":"it-IT"},{"@type":"Organization","@id":"https:\/\/redfoxlotto.com\/it\/#organization","name":"Get Tickets for the World\u2019s largest jackpots","url":"https:\/\/redfoxlotto.com\/it\/","logo":{"@type":"ImageObject","inLanguage":"it-IT","@id":"https:\/\/redfoxlotto.com\/it\/#\/schema\/logo\/image\/","url":"https:\/\/redfoxlotto.com\/wp-content\/uploads\/2023\/04\/logo.png","contentUrl":"https:\/\/redfoxlotto.com\/wp-content\/uploads\/2023\/04\/logo.png","width":269,"height":53,"caption":"Get Tickets for the World\u2019s largest jackpots"},"image":{"@id":"https:\/\/redfoxlotto.com\/it\/#\/schema\/logo\/image\/"}}]}},"_links":{"self":[{"href":"https:\/\/redfoxlotto.com\/it\/wp-json\/wp\/v2\/pages\/14398","targetHints":{"allow":["GET"]}}],"collection":[{"href":"https:\/\/redfoxlotto.com\/it\/wp-json\/wp\/v2\/pages"}],"about":[{"href":"https:\/\/redfoxlotto.com\/it\/wp-json\/wp\/v2\/types\/page"}],"author":[{"embeddable":true,"href":"https:\/\/redfoxlotto.com\/it\/wp-json\/wp\/v2\/users\/1"}],"replies":[{"embeddable":true,"href":"https:\/\/redfoxlotto.com\/it\/wp-json\/wp\/v2\/comments?post=14398"}],"version-history":[{"count":0,"href":"https:\/\/redfoxlotto.com\/it\/wp-json\/wp\/v2\/pages\/14398\/revisions"}],"up":[{"embeddable":true,"href":"https:\/\/redfoxlotto.com\/it\/wp-json\/wp\/v2\/pages\/59912"}],"wp:attachment":[{"href":"https:\/\/redfoxlotto.com\/it\/wp-json\/wp\/v2\/media?parent=14398"}],"curies":[{"name":"wp","href":"https:\/\/api.w.org\/{rel}","templated":true}]}}