{"id":13632,"date":"2020-08-18T09:08:19","date_gmt":"2020-08-18T09:08:19","guid":{"rendered":"https:\/\/redfoxlotto.com\/?page_id=13632"},"modified":"2023-05-22T09:31:25","modified_gmt":"2023-05-22T09:31:25","slug":"thunderball","status":"publish","type":"page","link":"https:\/\/redfoxlotto.com\/it\/risultati\/thunderball\/","title":{"rendered":"Risultati Thunderball"},"content":{"rendered":"<h2 class=\"wp-block-heading\">Thunderball UK Lotto Numeri vincenti del lotto<\/h2><p><img loading=\"lazy\" decoding=\"async\" class=\" wp-image alignright\" src=\"https:\/\/content.redfoxlotto.com\/uploads\/sites\/9\/1_online_lotto_results.jpg\" alt=\"thunderball results\" width=\"244\" height=\"244\" \/><\/p><p>Cosa fate se vi siete persi l&#8217;estrazione e volete controllare gli ultimi numeri vincenti? Beh, siete fortunati, perch\u00e9 controllare i numeri vincenti del Thunderball UK Lotto \u00e8 facile. Se non c&#8217;\u00e8 stata ancora un&#8217;altra estrazione, puoi controllare il sito web. Se c&#8217;\u00e8, potresti aver bisogno di controllare l&#8217;archivio dei risultati.<\/p><h2 class=\"wp-block-heading\">Verifica dei numeri attuali<\/h2><p>Se hai giocato e vuoi controllare gli ultimi numeri vincenti puoi andare direttamente sul tuo conto, quindi clicca su &#8220;I miei biglietti&#8221;. Da l\u00ec potrai vedere come i tuoi numeri si accumulano rispetto ai numeri vincenti. E questo significa che puoi vedere quanto hai vinto.<\/p><p>Tutti i numeri che corrispondono ai numeri vincenti saranno evidenziati, il che rende molto pi\u00f9 facile per voi controllare il vostro premio. E su RedFoxLotto.com reclameremo gi\u00e0 il tuo importo vincente per i premi pi\u00f9 piccoli, in modo che venga scaricato direttamente sul tuo conto.<\/p><h2 class=\"wp-block-heading\">I vecchi numeri vincenti del Thunderball UK Lotto Lotto<\/h2><p><img loading=\"lazy\" decoding=\"async\" class=\" wp-image alignright\" src=\"https:\/\/content.redfoxlotto.com\/uploads\/sites\/9\/1_winner_lottery_jackpot.jpg\" alt=\"numeri vincenti della lotteria\" width=\"272\" height=\"163\" \/><\/p><p>Per alcuni, i numeri attuali non sono sufficienti per prendere una decisione. Potreste volere i numeri pi\u00f9 vecchi in modo da poter decidere come volete giocare. Oppure si possono avere biglietti pi\u00f9 vecchi che si vogliono confrontare con le partite per cui sono stati estratti.<br>Se hai bisogno di vecchi numeri del Thunderball UK Lotto puoi consultare l&#8217;archivio per saperne di pi\u00f9 e controllare qualsiasi informazione ti possa servire. Puoi anche tornare indietro di diverse partite per ottenere tutti i numeri.<\/p>","protected":false},"excerpt":{"rendered":"<p>Thunderball UK Lotto Numeri vincenti del lotto Cosa fate se vi siete persi l&#8217;estrazione e volete controllare gli ultimi numeri vincenti? Beh, siete fortunati, perch\u00e9 controllare i numeri vincenti del Thunderball UK Lotto \u00e8 facile. Se non c&#8217;\u00e8 stata ancora un&#8217;altra estrazione, puoi controllare il sito web. Se c&#8217;\u00e8, potresti aver bisogno di controllare l&#8217;archivio [&hellip;]<\/p>\n","protected":false},"author":1,"featured_media":0,"parent":910,"menu_order":11,"comment_status":"closed","ping_status":"closed","template":"thunderball-results.php","meta":{"_et_pb_use_builder":"","_et_pb_old_content":"","_et_gb_content_width":"","exclude_from_search":false,"footnotes":""},"class_list":["post-13632","page","type-page","status-publish","hentry"],"yoast_head":"<!-- This site is optimized with the Yoast SEO plugin v27.3 - https:\/\/yoast.com\/product\/yoast-seo-wordpress\/ -->\n<title>Numeri e risultati delle vincite attuali e recenti di Thunderball UK<\/title>\n<meta name=\"description\" content=\"Confronta i numeri dei biglietti della lotteria con i risultati dell&#039;estrazione Thunderball qui\" \/>\n<meta name=\"robots\" content=\"index, follow, max-snippet:-1, max-image-preview:large, max-video-preview:-1\" \/>\n<link rel=\"canonical\" href=\"https:\/\/redfoxlotto.com\/it\/risultati\/thunderball\/\" \/>\n<meta property=\"og:locale\" content=\"it_IT\" \/>\n<meta property=\"og:type\" content=\"article\" \/>\n<meta property=\"og:title\" content=\"Numeri e risultati delle vincite attuali e recenti di Thunderball UK\" \/>\n<meta property=\"og:description\" content=\"Confronta i numeri dei biglietti della lotteria con i risultati dell&#039;estrazione Thunderball qui\" \/>\n<meta property=\"og:url\" content=\"https:\/\/redfoxlotto.com\/it\/risultati\/thunderball\/\" \/>\n<meta property=\"og:site_name\" content=\"Get Tickets for the World\u2019s largest jackpots\" \/>\n<meta property=\"article:modified_time\" content=\"2023-05-22T09:31:25+00:00\" \/>\n<meta property=\"og:image\" content=\"https:\/\/content.redfoxlotto.com\/uploads\/sites\/9\/1_online_lotto_results.jpg\" \/>\n<meta name=\"twitter:card\" content=\"summary_large_image\" \/>\n<meta name=\"twitter:label1\" content=\"Tempo di lettura stimato\" \/>\n\t<meta name=\"twitter:data1\" content=\"2 minuti\" \/>\n<script type=\"application\/ld+json\" class=\"yoast-schema-graph\">{\"@context\":\"https:\\\/\\\/schema.org\",\"@graph\":[{\"@type\":\"WebPage\",\"@id\":\"https:\\\/\\\/redfoxlotto.com\\\/it\\\/risultati\\\/thunderball\\\/\",\"url\":\"https:\\\/\\\/redfoxlotto.com\\\/it\\\/risultati\\\/thunderball\\\/\",\"name\":\"Numeri e risultati delle vincite attuali e recenti di Thunderball UK\",\"isPartOf\":{\"@id\":\"https:\\\/\\\/redfoxlotto.com\\\/it\\\/#website\"},\"primaryImageOfPage\":{\"@id\":\"https:\\\/\\\/redfoxlotto.com\\\/it\\\/risultati\\\/thunderball\\\/#primaryimage\"},\"image\":{\"@id\":\"https:\\\/\\\/redfoxlotto.com\\\/it\\\/risultati\\\/thunderball\\\/#primaryimage\"},\"thumbnailUrl\":\"https:\\\/\\\/content.redfoxlotto.com\\\/uploads\\\/sites\\\/9\\\/1_online_lotto_results.jpg\",\"datePublished\":\"2020-08-18T09:08:19+00:00\",\"dateModified\":\"2023-05-22T09:31:25+00:00\",\"description\":\"Confronta i numeri dei biglietti della lotteria con i risultati dell'estrazione Thunderball qui\",\"breadcrumb\":{\"@id\":\"https:\\\/\\\/redfoxlotto.com\\\/it\\\/risultati\\\/thunderball\\\/#breadcrumb\"},\"inLanguage\":\"it-IT\",\"potentialAction\":[{\"@type\":\"ReadAction\",\"target\":[\"https:\\\/\\\/redfoxlotto.com\\\/it\\\/risultati\\\/thunderball\\\/\"]}]},{\"@type\":\"ImageObject\",\"inLanguage\":\"it-IT\",\"@id\":\"https:\\\/\\\/redfoxlotto.com\\\/it\\\/risultati\\\/thunderball\\\/#primaryimage\",\"url\":\"https:\\\/\\\/content.redfoxlotto.com\\\/uploads\\\/sites\\\/9\\\/1_online_lotto_results.jpg\",\"contentUrl\":\"https:\\\/\\\/content.redfoxlotto.com\\\/uploads\\\/sites\\\/9\\\/1_online_lotto_results.jpg\"},{\"@type\":\"BreadcrumbList\",\"@id\":\"https:\\\/\\\/redfoxlotto.com\\\/it\\\/risultati\\\/thunderball\\\/#breadcrumb\",\"itemListElement\":[{\"@type\":\"ListItem\",\"position\":1,\"name\":\"Home\",\"item\":\"https:\\\/\\\/redfoxlotto.com\\\/it\\\/\"},{\"@type\":\"ListItem\",\"position\":2,\"name\":\"Risultati della lotteria internazionale\",\"item\":\"https:\\\/\\\/redfoxlotto.com\\\/it\\\/risultati\\\/\"},{\"@type\":\"ListItem\",\"position\":3,\"name\":\"Risultati Thunderball\"}]},{\"@type\":\"WebSite\",\"@id\":\"https:\\\/\\\/redfoxlotto.com\\\/it\\\/#website\",\"url\":\"https:\\\/\\\/redfoxlotto.com\\\/it\\\/\",\"name\":\"Get Tickets for the World\u2019s largest jackpots\",\"description\":\"Participate in worldwide lottery jackpots from any country\",\"publisher\":{\"@id\":\"https:\\\/\\\/redfoxlotto.com\\\/it\\\/#organization\"},\"potentialAction\":[{\"@type\":\"SearchAction\",\"target\":{\"@type\":\"EntryPoint\",\"urlTemplate\":\"https:\\\/\\\/redfoxlotto.com\\\/it\\\/?s={search_term_string}\"},\"query-input\":{\"@type\":\"PropertyValueSpecification\",\"valueRequired\":true,\"valueName\":\"search_term_string\"}}],\"inLanguage\":\"it-IT\"},{\"@type\":\"Organization\",\"@id\":\"https:\\\/\\\/redfoxlotto.com\\\/it\\\/#organization\",\"name\":\"Get Tickets for the World\u2019s largest jackpots\",\"url\":\"https:\\\/\\\/redfoxlotto.com\\\/it\\\/\",\"logo\":{\"@type\":\"ImageObject\",\"inLanguage\":\"it-IT\",\"@id\":\"https:\\\/\\\/redfoxlotto.com\\\/it\\\/#\\\/schema\\\/logo\\\/image\\\/\",\"url\":\"https:\\\/\\\/redfoxlotto.com\\\/wp-content\\\/uploads\\\/2023\\\/04\\\/logo.png\",\"contentUrl\":\"https:\\\/\\\/redfoxlotto.com\\\/wp-content\\\/uploads\\\/2023\\\/04\\\/logo.png\",\"width\":269,\"height\":53,\"caption\":\"Get Tickets for the World\u2019s largest jackpots\"},\"image\":{\"@id\":\"https:\\\/\\\/redfoxlotto.com\\\/it\\\/#\\\/schema\\\/logo\\\/image\\\/\"}}]}<\/script>\n<!-- \/ Yoast SEO plugin. -->","yoast_head_json":{"title":"Numeri e risultati delle vincite attuali e recenti di Thunderball UK","description":"Confronta i numeri dei biglietti della lotteria con i risultati dell'estrazione Thunderball qui","robots":{"index":"index","follow":"follow","max-snippet":"max-snippet:-1","max-image-preview":"max-image-preview:large","max-video-preview":"max-video-preview:-1"},"canonical":"https:\/\/redfoxlotto.com\/it\/risultati\/thunderball\/","og_locale":"it_IT","og_type":"article","og_title":"Numeri e risultati delle vincite attuali e recenti di Thunderball UK","og_description":"Confronta i numeri dei biglietti della lotteria con i risultati dell'estrazione Thunderball qui","og_url":"https:\/\/redfoxlotto.com\/it\/risultati\/thunderball\/","og_site_name":"Get Tickets for the World\u2019s largest jackpots","article_modified_time":"2023-05-22T09:31:25+00:00","og_image":[{"url":"https:\/\/content.redfoxlotto.com\/uploads\/sites\/9\/1_online_lotto_results.jpg","type":"","width":"","height":""}],"twitter_card":"summary_large_image","twitter_misc":{"Tempo di lettura stimato":"2 minuti"},"schema":{"@context":"https:\/\/schema.org","@graph":[{"@type":"WebPage","@id":"https:\/\/redfoxlotto.com\/it\/risultati\/thunderball\/","url":"https:\/\/redfoxlotto.com\/it\/risultati\/thunderball\/","name":"Numeri e risultati delle vincite attuali e recenti di Thunderball UK","isPartOf":{"@id":"https:\/\/redfoxlotto.com\/it\/#website"},"primaryImageOfPage":{"@id":"https:\/\/redfoxlotto.com\/it\/risultati\/thunderball\/#primaryimage"},"image":{"@id":"https:\/\/redfoxlotto.com\/it\/risultati\/thunderball\/#primaryimage"},"thumbnailUrl":"https:\/\/content.redfoxlotto.com\/uploads\/sites\/9\/1_online_lotto_results.jpg","datePublished":"2020-08-18T09:08:19+00:00","dateModified":"2023-05-22T09:31:25+00:00","description":"Confronta i numeri dei biglietti della lotteria con i risultati dell'estrazione Thunderball qui","breadcrumb":{"@id":"https:\/\/redfoxlotto.com\/it\/risultati\/thunderball\/#breadcrumb"},"inLanguage":"it-IT","potentialAction":[{"@type":"ReadAction","target":["https:\/\/redfoxlotto.com\/it\/risultati\/thunderball\/"]}]},{"@type":"ImageObject","inLanguage":"it-IT","@id":"https:\/\/redfoxlotto.com\/it\/risultati\/thunderball\/#primaryimage","url":"https:\/\/content.redfoxlotto.com\/uploads\/sites\/9\/1_online_lotto_results.jpg","contentUrl":"https:\/\/content.redfoxlotto.com\/uploads\/sites\/9\/1_online_lotto_results.jpg"},{"@type":"BreadcrumbList","@id":"https:\/\/redfoxlotto.com\/it\/risultati\/thunderball\/#breadcrumb","itemListElement":[{"@type":"ListItem","position":1,"name":"Home","item":"https:\/\/redfoxlotto.com\/it\/"},{"@type":"ListItem","position":2,"name":"Risultati della lotteria internazionale","item":"https:\/\/redfoxlotto.com\/it\/risultati\/"},{"@type":"ListItem","position":3,"name":"Risultati Thunderball"}]},{"@type":"WebSite","@id":"https:\/\/redfoxlotto.com\/it\/#website","url":"https:\/\/redfoxlotto.com\/it\/","name":"Get Tickets for the World\u2019s largest jackpots","description":"Participate in worldwide lottery jackpots from any country","publisher":{"@id":"https:\/\/redfoxlotto.com\/it\/#organization"},"potentialAction":[{"@type":"SearchAction","target":{"@type":"EntryPoint","urlTemplate":"https:\/\/redfoxlotto.com\/it\/?s={search_term_string}"},"query-input":{"@type":"PropertyValueSpecification","valueRequired":true,"valueName":"search_term_string"}}],"inLanguage":"it-IT"},{"@type":"Organization","@id":"https:\/\/redfoxlotto.com\/it\/#organization","name":"Get Tickets for the World\u2019s largest jackpots","url":"https:\/\/redfoxlotto.com\/it\/","logo":{"@type":"ImageObject","inLanguage":"it-IT","@id":"https:\/\/redfoxlotto.com\/it\/#\/schema\/logo\/image\/","url":"https:\/\/redfoxlotto.com\/wp-content\/uploads\/2023\/04\/logo.png","contentUrl":"https:\/\/redfoxlotto.com\/wp-content\/uploads\/2023\/04\/logo.png","width":269,"height":53,"caption":"Get Tickets for the World\u2019s largest jackpots"},"image":{"@id":"https:\/\/redfoxlotto.com\/it\/#\/schema\/logo\/image\/"}}]}},"_links":{"self":[{"href":"https:\/\/redfoxlotto.com\/it\/wp-json\/wp\/v2\/pages\/13632","targetHints":{"allow":["GET"]}}],"collection":[{"href":"https:\/\/redfoxlotto.com\/it\/wp-json\/wp\/v2\/pages"}],"about":[{"href":"https:\/\/redfoxlotto.com\/it\/wp-json\/wp\/v2\/types\/page"}],"author":[{"embeddable":true,"href":"https:\/\/redfoxlotto.com\/it\/wp-json\/wp\/v2\/users\/1"}],"replies":[{"embeddable":true,"href":"https:\/\/redfoxlotto.com\/it\/wp-json\/wp\/v2\/comments?post=13632"}],"version-history":[{"count":0,"href":"https:\/\/redfoxlotto.com\/it\/wp-json\/wp\/v2\/pages\/13632\/revisions"}],"up":[{"embeddable":true,"href":"https:\/\/redfoxlotto.com\/it\/wp-json\/wp\/v2\/pages\/910"}],"wp:attachment":[{"href":"https:\/\/redfoxlotto.com\/it\/wp-json\/wp\/v2\/media?parent=13632"}],"curies":[{"name":"wp","href":"https:\/\/api.w.org\/{rel}","templated":true}]}}