{"id":13505,"date":"2020-07-20T08:57:09","date_gmt":"2020-07-20T08:57:09","guid":{"rendered":"https:\/\/redfoxlotto.com\/?page_id=13505"},"modified":"2023-05-22T09:30:47","modified_gmt":"2023-05-22T09:30:47","slug":"mega-sena","status":"publish","type":"page","link":"https:\/\/redfoxlotto.com\/it\/risultati\/mega-sena\/","title":{"rendered":"Risultati Mega Sena"},"content":{"rendered":"<h2 class=\"wp-block-heading\">Mega Sena Brasile numeri vincenti<\/h2><p><img loading=\"lazy\" decoding=\"async\" class=\" wp-image alignright\" src=\"https:\/\/content.redfoxlotto.com\/uploads\/sites\/9\/1_you_win_jackpot.jpg\" alt=\"vinci il jackpot della lotteria\" width=\"261\" height=\"261\" \/><\/p><p>Se hai gi\u00e0 giocato il Mega Sena allora devi sapere se hai vinto, giusto? Allora, come si controllano i numeri vincenti del Mega Sena Brasile? Basta visitare il tuo account su RedFoxLotto.com. Potrai trovare gli ultimi risultati del gioco e, se hai giocato, li troverai ancora pi\u00f9 facilmente.<\/p><h2 class=\"wp-block-heading\">Verifica i tuoi numeri<\/h2><p>Se volete sapere se avete vinto sul Mega Sena Brasile basta andare nella pagina dei biglietti sul vostro conto. Da l\u00ec puoi vedere i tuoi numeri in confronto ai numeri vincenti. In questo modo \u00e8 ancora pi\u00f9 facile per voi sapere cosa avete vinto e quali numeri sono stati buoni o meno.<\/p><p>Ma non devi preoccuparti di nulla, perch\u00e9 tutto ci\u00f2 che vincerai verr\u00e0 automaticamente rivendicato per te e poi depositato sul tuo conto. In questo modo, una volta comprato il biglietto, potrete semplicemente sedervi e rilassarvi. Almeno fino a quando non sar\u00e0 il momento di comprare il prossimo.<\/p><h2 class=\"wp-block-heading\">Verifica dei vecchi numeri vincenti<\/h2><p>Se avete un biglietto pi\u00f9 vecchio che volete controllare potete farlo cercando nell&#8217;archivio. Esaminare i vecchi numeri vincenti del Mega Sena Brasile \u00e8 un&#8217;altra buona idea se hai intenzione di scommettere alcuni di questi numeri. Tutto quello che dovete fare \u00e8 dare un&#8217;occhiata e sarete in grado di vedere quali numeri sono usciti pi\u00f9 (o meno) spesso.<\/p>","protected":false},"excerpt":{"rendered":"<p>Mega Sena Brasile numeri vincenti Se hai gi\u00e0 giocato il Mega Sena allora devi sapere se hai vinto, giusto? Allora, come si controllano i numeri vincenti del Mega Sena Brasile? Basta visitare il tuo account su RedFoxLotto.com. Potrai trovare gli ultimi risultati del gioco e, se hai giocato, li troverai ancora pi\u00f9 facilmente. Verifica i [&hellip;]<\/p>\n","protected":false},"author":1,"featured_media":0,"parent":910,"menu_order":13,"comment_status":"closed","ping_status":"closed","template":"megasena-results.php","meta":{"_et_pb_use_builder":"","_et_pb_old_content":"","_et_gb_content_width":"","exclude_from_search":false,"footnotes":""},"class_list":["post-13505","page","type-page","status-publish","hentry"],"yoast_head":"<!-- This site is optimized with the Yoast SEO plugin v23.8 - https:\/\/yoast.com\/wordpress\/plugins\/seo\/ -->\n<title>Numeri vincenti Mega Sena | Risultati del sorteggio per il Mega Sena del Brasile<\/title>\n<meta name=\"description\" content=\"Controlla i numeri vincenti pi\u00f9 recenti e passati per Mega Sena\" \/>\n<meta name=\"robots\" content=\"index, follow, max-snippet:-1, max-image-preview:large, max-video-preview:-1\" \/>\n<link rel=\"canonical\" href=\"https:\/\/redfoxlotto.com\/it\/risultati\/mega-sena\/\" \/>\n<meta property=\"og:locale\" content=\"it_IT\" \/>\n<meta property=\"og:type\" content=\"article\" \/>\n<meta property=\"og:title\" content=\"Numeri vincenti Mega Sena | Risultati del sorteggio per il Mega Sena del Brasile\" \/>\n<meta property=\"og:description\" content=\"Controlla i numeri vincenti pi\u00f9 recenti e passati per Mega Sena\" \/>\n<meta property=\"og:url\" content=\"https:\/\/redfoxlotto.com\/it\/risultati\/mega-sena\/\" \/>\n<meta property=\"og:site_name\" content=\"Get Tickets for the World\u2019s largest jackpots\" \/>\n<meta property=\"article:modified_time\" content=\"2023-05-22T09:30:47+00:00\" \/>\n<meta property=\"og:image\" content=\"https:\/\/content.redfoxlotto.com\/uploads\/sites\/9\/1_you_win_jackpot.jpg\" \/>\n<meta name=\"twitter:card\" content=\"summary_large_image\" \/>\n<meta name=\"twitter:label1\" content=\"Tempo di lettura stimato\" \/>\n\t<meta name=\"twitter:data1\" content=\"2 minuti\" \/>\n<script type=\"application\/ld+json\" class=\"yoast-schema-graph\">{\"@context\":\"https:\/\/schema.org\",\"@graph\":[{\"@type\":\"WebPage\",\"@id\":\"https:\/\/redfoxlotto.com\/it\/risultati\/mega-sena\/\",\"url\":\"https:\/\/redfoxlotto.com\/it\/risultati\/mega-sena\/\",\"name\":\"Numeri vincenti Mega Sena | Risultati del sorteggio per il Mega Sena del Brasile\",\"isPartOf\":{\"@id\":\"https:\/\/redfoxlotto.com\/it\/#website\"},\"primaryImageOfPage\":{\"@id\":\"https:\/\/redfoxlotto.com\/it\/risultati\/mega-sena\/#primaryimage\"},\"image\":{\"@id\":\"https:\/\/redfoxlotto.com\/it\/risultati\/mega-sena\/#primaryimage\"},\"thumbnailUrl\":\"https:\/\/content.redfoxlotto.com\/uploads\/sites\/9\/1_you_win_jackpot.jpg\",\"datePublished\":\"2020-07-20T08:57:09+00:00\",\"dateModified\":\"2023-05-22T09:30:47+00:00\",\"description\":\"Controlla i numeri vincenti pi\u00f9 recenti e passati per Mega Sena\",\"breadcrumb\":{\"@id\":\"https:\/\/redfoxlotto.com\/it\/risultati\/mega-sena\/#breadcrumb\"},\"inLanguage\":\"it-IT\",\"potentialAction\":[{\"@type\":\"ReadAction\",\"target\":[\"https:\/\/redfoxlotto.com\/it\/risultati\/mega-sena\/\"]}]},{\"@type\":\"ImageObject\",\"inLanguage\":\"it-IT\",\"@id\":\"https:\/\/redfoxlotto.com\/it\/risultati\/mega-sena\/#primaryimage\",\"url\":\"https:\/\/content.redfoxlotto.com\/uploads\/sites\/9\/1_you_win_jackpot.jpg\",\"contentUrl\":\"https:\/\/content.redfoxlotto.com\/uploads\/sites\/9\/1_you_win_jackpot.jpg\"},{\"@type\":\"BreadcrumbList\",\"@id\":\"https:\/\/redfoxlotto.com\/it\/risultati\/mega-sena\/#breadcrumb\",\"itemListElement\":[{\"@type\":\"ListItem\",\"position\":1,\"name\":\"Home\",\"item\":\"https:\/\/redfoxlotto.com\/it\/\"},{\"@type\":\"ListItem\",\"position\":2,\"name\":\"Risultati della lotteria internazionale\",\"item\":\"https:\/\/redfoxlotto.com\/it\/risultati\/\"},{\"@type\":\"ListItem\",\"position\":3,\"name\":\"Risultati Mega Sena\"}]},{\"@type\":\"WebSite\",\"@id\":\"https:\/\/redfoxlotto.com\/it\/#website\",\"url\":\"https:\/\/redfoxlotto.com\/it\/\",\"name\":\"Get Tickets for the World\u2019s largest jackpots\",\"description\":\"Participate in worldwide lottery jackpots from any country\",\"publisher\":{\"@id\":\"https:\/\/redfoxlotto.com\/it\/#organization\"},\"potentialAction\":[{\"@type\":\"SearchAction\",\"target\":{\"@type\":\"EntryPoint\",\"urlTemplate\":\"https:\/\/redfoxlotto.com\/it\/?s={search_term_string}\"},\"query-input\":{\"@type\":\"PropertyValueSpecification\",\"valueRequired\":true,\"valueName\":\"search_term_string\"}}],\"inLanguage\":\"it-IT\"},{\"@type\":\"Organization\",\"@id\":\"https:\/\/redfoxlotto.com\/it\/#organization\",\"name\":\"Get Tickets for the World\u2019s largest jackpots\",\"url\":\"https:\/\/redfoxlotto.com\/it\/\",\"logo\":{\"@type\":\"ImageObject\",\"inLanguage\":\"it-IT\",\"@id\":\"https:\/\/redfoxlotto.com\/it\/#\/schema\/logo\/image\/\",\"url\":\"https:\/\/redfoxlotto.com\/wp-content\/uploads\/2023\/04\/logo.png\",\"contentUrl\":\"https:\/\/redfoxlotto.com\/wp-content\/uploads\/2023\/04\/logo.png\",\"width\":269,\"height\":53,\"caption\":\"Get Tickets for the World\u2019s largest jackpots\"},\"image\":{\"@id\":\"https:\/\/redfoxlotto.com\/it\/#\/schema\/logo\/image\/\"}}]}<\/script>\n<!-- \/ Yoast SEO plugin. -->","yoast_head_json":{"title":"Numeri vincenti Mega Sena | Risultati del sorteggio per il Mega Sena del Brasile","description":"Controlla i numeri vincenti pi\u00f9 recenti e passati per Mega Sena","robots":{"index":"index","follow":"follow","max-snippet":"max-snippet:-1","max-image-preview":"max-image-preview:large","max-video-preview":"max-video-preview:-1"},"canonical":"https:\/\/redfoxlotto.com\/it\/risultati\/mega-sena\/","og_locale":"it_IT","og_type":"article","og_title":"Numeri vincenti Mega Sena | Risultati del sorteggio per il Mega Sena del Brasile","og_description":"Controlla i numeri vincenti pi\u00f9 recenti e passati per Mega Sena","og_url":"https:\/\/redfoxlotto.com\/it\/risultati\/mega-sena\/","og_site_name":"Get Tickets for the World\u2019s largest jackpots","article_modified_time":"2023-05-22T09:30:47+00:00","og_image":[{"url":"https:\/\/content.redfoxlotto.com\/uploads\/sites\/9\/1_you_win_jackpot.jpg"}],"twitter_card":"summary_large_image","twitter_misc":{"Tempo di lettura stimato":"2 minuti"},"schema":{"@context":"https:\/\/schema.org","@graph":[{"@type":"WebPage","@id":"https:\/\/redfoxlotto.com\/it\/risultati\/mega-sena\/","url":"https:\/\/redfoxlotto.com\/it\/risultati\/mega-sena\/","name":"Numeri vincenti Mega Sena | Risultati del sorteggio per il Mega Sena del Brasile","isPartOf":{"@id":"https:\/\/redfoxlotto.com\/it\/#website"},"primaryImageOfPage":{"@id":"https:\/\/redfoxlotto.com\/it\/risultati\/mega-sena\/#primaryimage"},"image":{"@id":"https:\/\/redfoxlotto.com\/it\/risultati\/mega-sena\/#primaryimage"},"thumbnailUrl":"https:\/\/content.redfoxlotto.com\/uploads\/sites\/9\/1_you_win_jackpot.jpg","datePublished":"2020-07-20T08:57:09+00:00","dateModified":"2023-05-22T09:30:47+00:00","description":"Controlla i numeri vincenti pi\u00f9 recenti e passati per Mega Sena","breadcrumb":{"@id":"https:\/\/redfoxlotto.com\/it\/risultati\/mega-sena\/#breadcrumb"},"inLanguage":"it-IT","potentialAction":[{"@type":"ReadAction","target":["https:\/\/redfoxlotto.com\/it\/risultati\/mega-sena\/"]}]},{"@type":"ImageObject","inLanguage":"it-IT","@id":"https:\/\/redfoxlotto.com\/it\/risultati\/mega-sena\/#primaryimage","url":"https:\/\/content.redfoxlotto.com\/uploads\/sites\/9\/1_you_win_jackpot.jpg","contentUrl":"https:\/\/content.redfoxlotto.com\/uploads\/sites\/9\/1_you_win_jackpot.jpg"},{"@type":"BreadcrumbList","@id":"https:\/\/redfoxlotto.com\/it\/risultati\/mega-sena\/#breadcrumb","itemListElement":[{"@type":"ListItem","position":1,"name":"Home","item":"https:\/\/redfoxlotto.com\/it\/"},{"@type":"ListItem","position":2,"name":"Risultati della lotteria internazionale","item":"https:\/\/redfoxlotto.com\/it\/risultati\/"},{"@type":"ListItem","position":3,"name":"Risultati Mega Sena"}]},{"@type":"WebSite","@id":"https:\/\/redfoxlotto.com\/it\/#website","url":"https:\/\/redfoxlotto.com\/it\/","name":"Get Tickets for the World\u2019s largest jackpots","description":"Participate in worldwide lottery jackpots from any country","publisher":{"@id":"https:\/\/redfoxlotto.com\/it\/#organization"},"potentialAction":[{"@type":"SearchAction","target":{"@type":"EntryPoint","urlTemplate":"https:\/\/redfoxlotto.com\/it\/?s={search_term_string}"},"query-input":{"@type":"PropertyValueSpecification","valueRequired":true,"valueName":"search_term_string"}}],"inLanguage":"it-IT"},{"@type":"Organization","@id":"https:\/\/redfoxlotto.com\/it\/#organization","name":"Get Tickets for the World\u2019s largest jackpots","url":"https:\/\/redfoxlotto.com\/it\/","logo":{"@type":"ImageObject","inLanguage":"it-IT","@id":"https:\/\/redfoxlotto.com\/it\/#\/schema\/logo\/image\/","url":"https:\/\/redfoxlotto.com\/wp-content\/uploads\/2023\/04\/logo.png","contentUrl":"https:\/\/redfoxlotto.com\/wp-content\/uploads\/2023\/04\/logo.png","width":269,"height":53,"caption":"Get Tickets for the World\u2019s largest jackpots"},"image":{"@id":"https:\/\/redfoxlotto.com\/it\/#\/schema\/logo\/image\/"}}]}},"_links":{"self":[{"href":"https:\/\/redfoxlotto.com\/it\/wp-json\/wp\/v2\/pages\/13505","targetHints":{"allow":["GET"]}}],"collection":[{"href":"https:\/\/redfoxlotto.com\/it\/wp-json\/wp\/v2\/pages"}],"about":[{"href":"https:\/\/redfoxlotto.com\/it\/wp-json\/wp\/v2\/types\/page"}],"author":[{"embeddable":true,"href":"https:\/\/redfoxlotto.com\/it\/wp-json\/wp\/v2\/users\/1"}],"replies":[{"embeddable":true,"href":"https:\/\/redfoxlotto.com\/it\/wp-json\/wp\/v2\/comments?post=13505"}],"version-history":[{"count":0,"href":"https:\/\/redfoxlotto.com\/it\/wp-json\/wp\/v2\/pages\/13505\/revisions"}],"up":[{"embeddable":true,"href":"https:\/\/redfoxlotto.com\/it\/wp-json\/wp\/v2\/pages\/910"}],"wp:attachment":[{"href":"https:\/\/redfoxlotto.com\/it\/wp-json\/wp\/v2\/media?parent=13505"}],"curies":[{"name":"wp","href":"https:\/\/api.w.org\/{rel}","templated":true}]}}