{"id":13470,"date":"2020-08-18T09:14:14","date_gmt":"2020-08-18T09:14:14","guid":{"rendered":"https:\/\/redfoxlotto.com\/?page_id=13470"},"modified":"2023-05-22T09:30:35","modified_gmt":"2023-05-22T09:30:35","slug":"lotto-at","status":"publish","type":"page","link":"https:\/\/redfoxlotto.com\/it\/risultati\/lotto-at\/","title":{"rendered":"Risultati Lotto Austria"},"content":{"rendered":"<h2>Numeri vincenti del lotto Austrian Lotto<\/h2>\n<p>Dove troverete i numeri vincenti del Lotto austriaco dopo l&#8217;estrazione? Tutto quello che deve fare \u00e8 accedere al nostro sito web dove ha acquistato i biglietti e i numeri saranno l\u00ec per lei.<\/p>\n<h2>Verifica degli ultimi risultati<\/h2>\n<p>Con RedFoxLotto.com puoi trovare gli ultimi risultati di tutti i tuoi giochi preferiti direttamente sul nostro sito web. Non devi preoccuparti di nulla, perch\u00e9 sar\u00e0 tutto l\u00ec. Ma se hai comprato i tuoi biglietti sar\u00e0 ancora pi\u00f9 facile trovare i risultati giusti<\/p>\n<h2>Verifica dei risultati<\/h2>\n<p>Se i vostri biglietti hanno i numeri vincenti dell&#8217;Austrian Lotto lo saprete subito. Questo perch\u00e9 basta accedere al tuo account personale, controllare &#8220;i miei biglietti&#8221; e vedere quali numeri corrispondono ai numeri vincenti delle ultime estrazioni.<\/p>\n<p>Tutti i biglietti che acquistate per qualsiasi gioco saranno disponibili qui e potrete vedere quali numeri avete in comune con il biglietto vincente e cosa avete vinto. Se si tratta di un importo fino a \u20ac2500,00, sar\u00e0 anche depositato sul vostro conto per voi subito.<\/p>\n<h2>Archivio risultati del Lotto austriaco<\/h2>\n<p>Una volta conosciuti gli attuali numeri vincenti del Lotto austriaco, potreste voler conoscere alcuni dei vecchi numeri vincenti. Basta consultare l&#8217;archivio dei risultati per vedere quali numeri hanno vinto in passato e quali tendono a vincere pi\u00f9 spesso.<\/p>\n","protected":false},"excerpt":{"rendered":"<p>Numeri vincenti del lotto Austrian Lotto Dove troverete i numeri vincenti del Lotto austriaco dopo l&#8217;estrazione? Tutto quello che deve fare \u00e8 accedere al nostro sito web dove ha acquistato i biglietti e i numeri saranno l\u00ec per lei. Verifica degli ultimi risultati Con RedFoxLotto.com puoi trovare gli ultimi risultati di tutti i tuoi giochi [&hellip;]<\/p>\n","protected":false},"author":1,"featured_media":0,"parent":910,"menu_order":16,"comment_status":"closed","ping_status":"closed","template":"","meta":{"_et_pb_use_builder":"","_et_pb_old_content":"","_et_gb_content_width":"","exclude_from_search":false,"footnotes":""},"class_list":["post-13470","page","type-page","status-publish","hentry"],"yoast_head":"<!-- This site is optimized with the Yoast SEO plugin v23.8 - https:\/\/yoast.com\/wordpress\/plugins\/seo\/ -->\n<title>Numeri vincenti e risultati della lotteria austriaca<\/title>\n<meta name=\"description\" content=\"Risultati settimanali delle estrazioni nuove e passate per la lotteria austriaca\" \/>\n<meta name=\"robots\" content=\"index, follow, max-snippet:-1, max-image-preview:large, max-video-preview:-1\" \/>\n<link rel=\"canonical\" href=\"https:\/\/redfoxlotto.com\/it\/risultati\/lotto-at\/\" \/>\n<meta property=\"og:locale\" content=\"it_IT\" \/>\n<meta property=\"og:type\" content=\"article\" \/>\n<meta property=\"og:title\" content=\"Numeri vincenti e risultati della lotteria austriaca\" \/>\n<meta property=\"og:description\" content=\"Risultati settimanali delle estrazioni nuove e passate per la lotteria austriaca\" \/>\n<meta property=\"og:url\" content=\"https:\/\/redfoxlotto.com\/it\/risultati\/lotto-at\/\" \/>\n<meta property=\"og:site_name\" content=\"Get Tickets for the World\u2019s largest jackpots\" \/>\n<meta property=\"article:modified_time\" content=\"2023-05-22T09:30:35+00:00\" \/>\n<meta name=\"twitter:card\" content=\"summary_large_image\" \/>\n<meta name=\"twitter:label1\" content=\"Tempo di lettura stimato\" \/>\n\t<meta name=\"twitter:data1\" content=\"1 minuto\" \/>\n<script type=\"application\/ld+json\" class=\"yoast-schema-graph\">{\"@context\":\"https:\/\/schema.org\",\"@graph\":[{\"@type\":\"WebPage\",\"@id\":\"https:\/\/redfoxlotto.com\/it\/risultati\/lotto-at\/\",\"url\":\"https:\/\/redfoxlotto.com\/it\/risultati\/lotto-at\/\",\"name\":\"Numeri vincenti e risultati della lotteria austriaca\",\"isPartOf\":{\"@id\":\"https:\/\/redfoxlotto.com\/it\/#website\"},\"datePublished\":\"2020-08-18T09:14:14+00:00\",\"dateModified\":\"2023-05-22T09:30:35+00:00\",\"description\":\"Risultati settimanali delle estrazioni nuove e passate per la lotteria austriaca\",\"breadcrumb\":{\"@id\":\"https:\/\/redfoxlotto.com\/it\/risultati\/lotto-at\/#breadcrumb\"},\"inLanguage\":\"it-IT\",\"potentialAction\":[{\"@type\":\"ReadAction\",\"target\":[\"https:\/\/redfoxlotto.com\/it\/risultati\/lotto-at\/\"]}]},{\"@type\":\"BreadcrumbList\",\"@id\":\"https:\/\/redfoxlotto.com\/it\/risultati\/lotto-at\/#breadcrumb\",\"itemListElement\":[{\"@type\":\"ListItem\",\"position\":1,\"name\":\"Home\",\"item\":\"https:\/\/redfoxlotto.com\/it\/\"},{\"@type\":\"ListItem\",\"position\":2,\"name\":\"Risultati della lotteria internazionale\",\"item\":\"https:\/\/redfoxlotto.com\/it\/risultati\/\"},{\"@type\":\"ListItem\",\"position\":3,\"name\":\"Risultati Lotto Austria\"}]},{\"@type\":\"WebSite\",\"@id\":\"https:\/\/redfoxlotto.com\/it\/#website\",\"url\":\"https:\/\/redfoxlotto.com\/it\/\",\"name\":\"Get Tickets for the World\u2019s largest jackpots\",\"description\":\"Participate in worldwide lottery jackpots from any country\",\"publisher\":{\"@id\":\"https:\/\/redfoxlotto.com\/it\/#organization\"},\"potentialAction\":[{\"@type\":\"SearchAction\",\"target\":{\"@type\":\"EntryPoint\",\"urlTemplate\":\"https:\/\/redfoxlotto.com\/it\/?s={search_term_string}\"},\"query-input\":{\"@type\":\"PropertyValueSpecification\",\"valueRequired\":true,\"valueName\":\"search_term_string\"}}],\"inLanguage\":\"it-IT\"},{\"@type\":\"Organization\",\"@id\":\"https:\/\/redfoxlotto.com\/it\/#organization\",\"name\":\"Get Tickets for the World\u2019s largest jackpots\",\"url\":\"https:\/\/redfoxlotto.com\/it\/\",\"logo\":{\"@type\":\"ImageObject\",\"inLanguage\":\"it-IT\",\"@id\":\"https:\/\/redfoxlotto.com\/it\/#\/schema\/logo\/image\/\",\"url\":\"https:\/\/redfoxlotto.com\/wp-content\/uploads\/2023\/04\/logo.png\",\"contentUrl\":\"https:\/\/redfoxlotto.com\/wp-content\/uploads\/2023\/04\/logo.png\",\"width\":269,\"height\":53,\"caption\":\"Get Tickets for the World\u2019s largest jackpots\"},\"image\":{\"@id\":\"https:\/\/redfoxlotto.com\/it\/#\/schema\/logo\/image\/\"}}]}<\/script>\n<!-- \/ Yoast SEO plugin. -->","yoast_head_json":{"title":"Numeri vincenti e risultati della lotteria austriaca","description":"Risultati settimanali delle estrazioni nuove e passate per la lotteria austriaca","robots":{"index":"index","follow":"follow","max-snippet":"max-snippet:-1","max-image-preview":"max-image-preview:large","max-video-preview":"max-video-preview:-1"},"canonical":"https:\/\/redfoxlotto.com\/it\/risultati\/lotto-at\/","og_locale":"it_IT","og_type":"article","og_title":"Numeri vincenti e risultati della lotteria austriaca","og_description":"Risultati settimanali delle estrazioni nuove e passate per la lotteria austriaca","og_url":"https:\/\/redfoxlotto.com\/it\/risultati\/lotto-at\/","og_site_name":"Get Tickets for the World\u2019s largest jackpots","article_modified_time":"2023-05-22T09:30:35+00:00","twitter_card":"summary_large_image","twitter_misc":{"Tempo di lettura stimato":"1 minuto"},"schema":{"@context":"https:\/\/schema.org","@graph":[{"@type":"WebPage","@id":"https:\/\/redfoxlotto.com\/it\/risultati\/lotto-at\/","url":"https:\/\/redfoxlotto.com\/it\/risultati\/lotto-at\/","name":"Numeri vincenti e risultati della lotteria austriaca","isPartOf":{"@id":"https:\/\/redfoxlotto.com\/it\/#website"},"datePublished":"2020-08-18T09:14:14+00:00","dateModified":"2023-05-22T09:30:35+00:00","description":"Risultati settimanali delle estrazioni nuove e passate per la lotteria austriaca","breadcrumb":{"@id":"https:\/\/redfoxlotto.com\/it\/risultati\/lotto-at\/#breadcrumb"},"inLanguage":"it-IT","potentialAction":[{"@type":"ReadAction","target":["https:\/\/redfoxlotto.com\/it\/risultati\/lotto-at\/"]}]},{"@type":"BreadcrumbList","@id":"https:\/\/redfoxlotto.com\/it\/risultati\/lotto-at\/#breadcrumb","itemListElement":[{"@type":"ListItem","position":1,"name":"Home","item":"https:\/\/redfoxlotto.com\/it\/"},{"@type":"ListItem","position":2,"name":"Risultati della lotteria internazionale","item":"https:\/\/redfoxlotto.com\/it\/risultati\/"},{"@type":"ListItem","position":3,"name":"Risultati Lotto Austria"}]},{"@type":"WebSite","@id":"https:\/\/redfoxlotto.com\/it\/#website","url":"https:\/\/redfoxlotto.com\/it\/","name":"Get Tickets for the World\u2019s largest jackpots","description":"Participate in worldwide lottery jackpots from any country","publisher":{"@id":"https:\/\/redfoxlotto.com\/it\/#organization"},"potentialAction":[{"@type":"SearchAction","target":{"@type":"EntryPoint","urlTemplate":"https:\/\/redfoxlotto.com\/it\/?s={search_term_string}"},"query-input":{"@type":"PropertyValueSpecification","valueRequired":true,"valueName":"search_term_string"}}],"inLanguage":"it-IT"},{"@type":"Organization","@id":"https:\/\/redfoxlotto.com\/it\/#organization","name":"Get Tickets for the World\u2019s largest jackpots","url":"https:\/\/redfoxlotto.com\/it\/","logo":{"@type":"ImageObject","inLanguage":"it-IT","@id":"https:\/\/redfoxlotto.com\/it\/#\/schema\/logo\/image\/","url":"https:\/\/redfoxlotto.com\/wp-content\/uploads\/2023\/04\/logo.png","contentUrl":"https:\/\/redfoxlotto.com\/wp-content\/uploads\/2023\/04\/logo.png","width":269,"height":53,"caption":"Get Tickets for the World\u2019s largest jackpots"},"image":{"@id":"https:\/\/redfoxlotto.com\/it\/#\/schema\/logo\/image\/"}}]}},"_links":{"self":[{"href":"https:\/\/redfoxlotto.com\/it\/wp-json\/wp\/v2\/pages\/13470","targetHints":{"allow":["GET"]}}],"collection":[{"href":"https:\/\/redfoxlotto.com\/it\/wp-json\/wp\/v2\/pages"}],"about":[{"href":"https:\/\/redfoxlotto.com\/it\/wp-json\/wp\/v2\/types\/page"}],"author":[{"embeddable":true,"href":"https:\/\/redfoxlotto.com\/it\/wp-json\/wp\/v2\/users\/1"}],"replies":[{"embeddable":true,"href":"https:\/\/redfoxlotto.com\/it\/wp-json\/wp\/v2\/comments?post=13470"}],"version-history":[{"count":0,"href":"https:\/\/redfoxlotto.com\/it\/wp-json\/wp\/v2\/pages\/13470\/revisions"}],"up":[{"embeddable":true,"href":"https:\/\/redfoxlotto.com\/it\/wp-json\/wp\/v2\/pages\/910"}],"wp:attachment":[{"href":"https:\/\/redfoxlotto.com\/it\/wp-json\/wp\/v2\/media?parent=13470"}],"curies":[{"name":"wp","href":"https:\/\/api.w.org\/{rel}","templated":true}]}}