{"id":13434,"date":"2020-08-18T09:11:18","date_gmt":"2020-08-18T09:11:18","guid":{"rendered":"https:\/\/redfoxlotto.com\/?page_id=13434"},"modified":"2023-05-22T09:30:28","modified_gmt":"2023-05-22T09:30:28","slug":"lotto-america","status":"publish","type":"page","link":"https:\/\/redfoxlotto.com\/it\/risultati\/lotto-america\/","title":{"rendered":"Risultati Lotto America"},"content":{"rendered":"<p>Sei un fan della lotteria online? Se lo sei, probabilmente hai gi\u00e0 acquistato i biglietti per tutti i tuoi giochi preferiti, ma conosci tutti i diversi giochi che ci sono in circolazione? Sai quanti giochi diversi potresti giocare? Beh, dovresti assolutamente saperlo. E dovresti conoscere soprattutto il Lotto America. \u00c8 l\u00ec che otterrai dei premi fantastici e ti divertirai anche con questo.<\/p><h2 class=\"wp-block-heading\">Giocando il Lotto America<\/h2><p><img loading=\"lazy\" decoding=\"async\" class=\" wp-image alignright\" src=\"https:\/\/content.redfoxlotto.com\/uploads\/sites\/9\/1_draw_results_lotto.jpg\" alt=\"draw results lotto america\" width=\"278\" height=\"196\" \/><\/p><p>Quando sei pronto a giocare a Lotto America tutto quello che devi fare \u00e8 controllare RedFoxLotto, perch\u00e9 il gioco \u00e8 disponibile l\u00ec insieme a molti altri giochi online. Si possono giocare diversi giochi della lotteria da tutto il mondo. Ed \u00e8 qui che entra in gioco il divertimento. Ma se siete interessati a Lotto America, dovete sapere come si gioca.<\/p><p>Per fortuna, giocare a questo gioco \u00e8 semplice. Tutto quello che devi fare \u00e8 scegliere sei numeri che pensi che verranno fuori nell&#8217;estrazione. Cinque di questi sono palline bianche per i numeri standard. Una \u00e8 una palla rossa per il numero bonus. Se tutti i numeri coincidono, si ottiene il jackpot. Se si corrispondono numeri pi\u00f9 bassi si vince comunque un premio!<\/p><h2 class=\"wp-block-heading\">Hai vinto il Lotto America?<\/h2><p><img decoding=\"async\" class=\"size-full wp-image alignright\" src=\"https:\/\/content.redfoxlotto.com\/uploads\/sites\/9\/1_winner_lottery1.jpg\" alt=\"winner lottery america\"><\/p><p>Ma una volta che hai scelto i tuoi numeri e hai comprato il biglietto, come saprai se hai effettivamente vinto? \u00c8 abbastanza semplice. Tutto quello che devi fare \u00e8 controllare RedFoxLotto. Se non hai comprato i biglietti sarai ancora in grado di vedere i numeri vincenti di tutti gli ultimi giochi, il che significa che puoi capire dove le probabilit\u00e0 sono migliori per te. Se hai giocato, puoi anche accedere al tuo account per vedere i numeri vincenti e il confronto dei tuoi biglietti. Sarai in grado di vedere tutti i numeri corrispondenti che potresti avere, cos\u00ec potrai vedere a quali vincite hai diritto. Non che tu debba preoccupartene, perch\u00e9 RedFoxLotto si prende cura anche di quella parte per te.<\/p><h2 class=\"wp-block-heading\">Vincere il Lotto America<\/h2><p>Se vinci il Lotto America o qualsiasi altro gioco di lotteria online, ci si prende cura di te. I piccoli premi usciranno immediatamente, non appena i risultati arriveranno e i biglietti saranno abbinati. Non dovete fare nulla per reclamare questi premi. E saranno aggiunti direttamente sul tuo conto in modo da poter prelevare il denaro o acquistare un altro biglietto. Se si vincono premi pi\u00f9 grandi ci saranno dei requisiti attraverso il gioco della lotteria a cui si gioca. In questo caso, tutto \u00e8 semplificato il pi\u00f9 possibile per voi, per essere sicuri di poter ottenere le vostre vincite con meno problemi. In questo modo, potrete tornare subito a giocare o a fare qualsiasi altra cosa vogliate con i vostri soldi.<\/p><p>Per i premi del jackpot dovrai compilare dei documenti o inviare una qualche forma di verifica. Se questo \u00e8 il caso, RedFoxLotto rende il pi\u00f9 facile possibile per voi sapere cosa fare e come farlo. E questo funziona per qualsiasi gioco della lotteria che potreste vincere da Lotto America a uno qualsiasi degli altri disponibili sul sito web.<\/p><h2 class=\"wp-block-heading\">Riprodurre<\/h2><p>Una volta che sei pronto, puoi prendere le tue vincite (o depositare pi\u00f9 soldi) e iniziare ad acquistare i biglietti per il prossimo round di giochi che vuoi giocare. Potresti anche rimanere sorpreso da quanti giochi diversi ci sono e quanto potresti potenzialmente vincere. Ma non sarete sorpresi di quanto sia divertente per voi stessi giocare a tutti quei giochi diversi. Tutto quello che dovete fare \u00e8 decidere dove volete iniziare e quale gioco giocare per primo.<\/p>","protected":false},"excerpt":{"rendered":"<p>Sei un fan della lotteria online? Se lo sei, probabilmente hai gi\u00e0 acquistato i biglietti per tutti i tuoi giochi preferiti, ma conosci tutti i diversi giochi che ci sono in circolazione? Sai quanti giochi diversi potresti giocare? Beh, dovresti assolutamente saperlo. E dovresti conoscere soprattutto il Lotto America. \u00c8 l\u00ec che otterrai dei premi [&hellip;]<\/p>\n","protected":false},"author":1,"featured_media":0,"parent":910,"menu_order":12,"comment_status":"closed","ping_status":"closed","template":"lotto-america-results.php","meta":{"_et_pb_use_builder":"","_et_pb_old_content":"","_et_gb_content_width":"","exclude_from_search":false,"footnotes":""},"class_list":["post-13434","page","type-page","status-publish","hentry"],"yoast_head":"<!-- This site is optimized with the Yoast SEO plugin v23.8 - https:\/\/yoast.com\/wordpress\/plugins\/seo\/ -->\n<title>Risultati dell&#039;estrazione del Lotto America, numeri vincenti<\/title>\n<meta name=\"description\" content=\"I numeri vincenti del Lotto America di questa settimana e l&#039;archivio dei risultati\" \/>\n<meta name=\"robots\" content=\"index, follow, max-snippet:-1, max-image-preview:large, max-video-preview:-1\" \/>\n<link rel=\"canonical\" href=\"https:\/\/redfoxlotto.com\/it\/risultati\/lotto-america\/\" \/>\n<meta property=\"og:locale\" content=\"it_IT\" \/>\n<meta property=\"og:type\" content=\"article\" \/>\n<meta property=\"og:title\" content=\"Risultati dell&#039;estrazione del Lotto America, numeri vincenti\" \/>\n<meta property=\"og:description\" content=\"I numeri vincenti del Lotto America di questa settimana e l&#039;archivio dei risultati\" \/>\n<meta property=\"og:url\" content=\"https:\/\/redfoxlotto.com\/it\/risultati\/lotto-america\/\" \/>\n<meta property=\"og:site_name\" content=\"Get Tickets for the World\u2019s largest jackpots\" \/>\n<meta property=\"article:modified_time\" content=\"2023-05-22T09:30:28+00:00\" \/>\n<meta property=\"og:image\" content=\"https:\/\/content.redfoxlotto.com\/uploads\/sites\/9\/1_draw_results_lotto.jpg\" \/>\n<meta name=\"twitter:card\" content=\"summary_large_image\" \/>\n<meta name=\"twitter:label1\" content=\"Tempo di lettura stimato\" \/>\n\t<meta name=\"twitter:data1\" content=\"3 minuti\" \/>\n<script type=\"application\/ld+json\" class=\"yoast-schema-graph\">{\"@context\":\"https:\/\/schema.org\",\"@graph\":[{\"@type\":\"WebPage\",\"@id\":\"https:\/\/redfoxlotto.com\/it\/risultati\/lotto-america\/\",\"url\":\"https:\/\/redfoxlotto.com\/it\/risultati\/lotto-america\/\",\"name\":\"Risultati dell'estrazione del Lotto America, numeri vincenti\",\"isPartOf\":{\"@id\":\"https:\/\/redfoxlotto.com\/it\/#website\"},\"primaryImageOfPage\":{\"@id\":\"https:\/\/redfoxlotto.com\/it\/risultati\/lotto-america\/#primaryimage\"},\"image\":{\"@id\":\"https:\/\/redfoxlotto.com\/it\/risultati\/lotto-america\/#primaryimage\"},\"thumbnailUrl\":\"https:\/\/content.redfoxlotto.com\/uploads\/sites\/9\/1_draw_results_lotto.jpg\",\"datePublished\":\"2020-08-18T09:11:18+00:00\",\"dateModified\":\"2023-05-22T09:30:28+00:00\",\"description\":\"I numeri vincenti del Lotto America di questa settimana e l'archivio dei risultati\",\"breadcrumb\":{\"@id\":\"https:\/\/redfoxlotto.com\/it\/risultati\/lotto-america\/#breadcrumb\"},\"inLanguage\":\"it-IT\",\"potentialAction\":[{\"@type\":\"ReadAction\",\"target\":[\"https:\/\/redfoxlotto.com\/it\/risultati\/lotto-america\/\"]}]},{\"@type\":\"ImageObject\",\"inLanguage\":\"it-IT\",\"@id\":\"https:\/\/redfoxlotto.com\/it\/risultati\/lotto-america\/#primaryimage\",\"url\":\"https:\/\/content.redfoxlotto.com\/uploads\/sites\/9\/1_draw_results_lotto.jpg\",\"contentUrl\":\"https:\/\/content.redfoxlotto.com\/uploads\/sites\/9\/1_draw_results_lotto.jpg\"},{\"@type\":\"BreadcrumbList\",\"@id\":\"https:\/\/redfoxlotto.com\/it\/risultati\/lotto-america\/#breadcrumb\",\"itemListElement\":[{\"@type\":\"ListItem\",\"position\":1,\"name\":\"Home\",\"item\":\"https:\/\/redfoxlotto.com\/it\/\"},{\"@type\":\"ListItem\",\"position\":2,\"name\":\"Risultati della lotteria internazionale\",\"item\":\"https:\/\/redfoxlotto.com\/it\/risultati\/\"},{\"@type\":\"ListItem\",\"position\":3,\"name\":\"Risultati Lotto America\"}]},{\"@type\":\"WebSite\",\"@id\":\"https:\/\/redfoxlotto.com\/it\/#website\",\"url\":\"https:\/\/redfoxlotto.com\/it\/\",\"name\":\"Get Tickets for the World\u2019s largest jackpots\",\"description\":\"Participate in worldwide lottery jackpots from any country\",\"publisher\":{\"@id\":\"https:\/\/redfoxlotto.com\/it\/#organization\"},\"potentialAction\":[{\"@type\":\"SearchAction\",\"target\":{\"@type\":\"EntryPoint\",\"urlTemplate\":\"https:\/\/redfoxlotto.com\/it\/?s={search_term_string}\"},\"query-input\":{\"@type\":\"PropertyValueSpecification\",\"valueRequired\":true,\"valueName\":\"search_term_string\"}}],\"inLanguage\":\"it-IT\"},{\"@type\":\"Organization\",\"@id\":\"https:\/\/redfoxlotto.com\/it\/#organization\",\"name\":\"Get Tickets for the World\u2019s largest jackpots\",\"url\":\"https:\/\/redfoxlotto.com\/it\/\",\"logo\":{\"@type\":\"ImageObject\",\"inLanguage\":\"it-IT\",\"@id\":\"https:\/\/redfoxlotto.com\/it\/#\/schema\/logo\/image\/\",\"url\":\"https:\/\/redfoxlotto.com\/wp-content\/uploads\/2023\/04\/logo.png\",\"contentUrl\":\"https:\/\/redfoxlotto.com\/wp-content\/uploads\/2023\/04\/logo.png\",\"width\":269,\"height\":53,\"caption\":\"Get Tickets for the World\u2019s largest jackpots\"},\"image\":{\"@id\":\"https:\/\/redfoxlotto.com\/it\/#\/schema\/logo\/image\/\"}}]}<\/script>\n<!-- \/ Yoast SEO plugin. -->","yoast_head_json":{"title":"Risultati dell'estrazione del Lotto America, numeri vincenti","description":"I numeri vincenti del Lotto America di questa settimana e l'archivio dei risultati","robots":{"index":"index","follow":"follow","max-snippet":"max-snippet:-1","max-image-preview":"max-image-preview:large","max-video-preview":"max-video-preview:-1"},"canonical":"https:\/\/redfoxlotto.com\/it\/risultati\/lotto-america\/","og_locale":"it_IT","og_type":"article","og_title":"Risultati dell'estrazione del Lotto America, numeri vincenti","og_description":"I numeri vincenti del Lotto America di questa settimana e l'archivio dei risultati","og_url":"https:\/\/redfoxlotto.com\/it\/risultati\/lotto-america\/","og_site_name":"Get Tickets for the World\u2019s largest jackpots","article_modified_time":"2023-05-22T09:30:28+00:00","og_image":[{"url":"https:\/\/content.redfoxlotto.com\/uploads\/sites\/9\/1_draw_results_lotto.jpg"}],"twitter_card":"summary_large_image","twitter_misc":{"Tempo di lettura stimato":"3 minuti"},"schema":{"@context":"https:\/\/schema.org","@graph":[{"@type":"WebPage","@id":"https:\/\/redfoxlotto.com\/it\/risultati\/lotto-america\/","url":"https:\/\/redfoxlotto.com\/it\/risultati\/lotto-america\/","name":"Risultati dell'estrazione del Lotto America, numeri vincenti","isPartOf":{"@id":"https:\/\/redfoxlotto.com\/it\/#website"},"primaryImageOfPage":{"@id":"https:\/\/redfoxlotto.com\/it\/risultati\/lotto-america\/#primaryimage"},"image":{"@id":"https:\/\/redfoxlotto.com\/it\/risultati\/lotto-america\/#primaryimage"},"thumbnailUrl":"https:\/\/content.redfoxlotto.com\/uploads\/sites\/9\/1_draw_results_lotto.jpg","datePublished":"2020-08-18T09:11:18+00:00","dateModified":"2023-05-22T09:30:28+00:00","description":"I numeri vincenti del Lotto America di questa settimana e l'archivio dei risultati","breadcrumb":{"@id":"https:\/\/redfoxlotto.com\/it\/risultati\/lotto-america\/#breadcrumb"},"inLanguage":"it-IT","potentialAction":[{"@type":"ReadAction","target":["https:\/\/redfoxlotto.com\/it\/risultati\/lotto-america\/"]}]},{"@type":"ImageObject","inLanguage":"it-IT","@id":"https:\/\/redfoxlotto.com\/it\/risultati\/lotto-america\/#primaryimage","url":"https:\/\/content.redfoxlotto.com\/uploads\/sites\/9\/1_draw_results_lotto.jpg","contentUrl":"https:\/\/content.redfoxlotto.com\/uploads\/sites\/9\/1_draw_results_lotto.jpg"},{"@type":"BreadcrumbList","@id":"https:\/\/redfoxlotto.com\/it\/risultati\/lotto-america\/#breadcrumb","itemListElement":[{"@type":"ListItem","position":1,"name":"Home","item":"https:\/\/redfoxlotto.com\/it\/"},{"@type":"ListItem","position":2,"name":"Risultati della lotteria internazionale","item":"https:\/\/redfoxlotto.com\/it\/risultati\/"},{"@type":"ListItem","position":3,"name":"Risultati Lotto America"}]},{"@type":"WebSite","@id":"https:\/\/redfoxlotto.com\/it\/#website","url":"https:\/\/redfoxlotto.com\/it\/","name":"Get Tickets for the World\u2019s largest jackpots","description":"Participate in worldwide lottery jackpots from any country","publisher":{"@id":"https:\/\/redfoxlotto.com\/it\/#organization"},"potentialAction":[{"@type":"SearchAction","target":{"@type":"EntryPoint","urlTemplate":"https:\/\/redfoxlotto.com\/it\/?s={search_term_string}"},"query-input":{"@type":"PropertyValueSpecification","valueRequired":true,"valueName":"search_term_string"}}],"inLanguage":"it-IT"},{"@type":"Organization","@id":"https:\/\/redfoxlotto.com\/it\/#organization","name":"Get Tickets for the World\u2019s largest jackpots","url":"https:\/\/redfoxlotto.com\/it\/","logo":{"@type":"ImageObject","inLanguage":"it-IT","@id":"https:\/\/redfoxlotto.com\/it\/#\/schema\/logo\/image\/","url":"https:\/\/redfoxlotto.com\/wp-content\/uploads\/2023\/04\/logo.png","contentUrl":"https:\/\/redfoxlotto.com\/wp-content\/uploads\/2023\/04\/logo.png","width":269,"height":53,"caption":"Get Tickets for the World\u2019s largest jackpots"},"image":{"@id":"https:\/\/redfoxlotto.com\/it\/#\/schema\/logo\/image\/"}}]}},"_links":{"self":[{"href":"https:\/\/redfoxlotto.com\/it\/wp-json\/wp\/v2\/pages\/13434","targetHints":{"allow":["GET"]}}],"collection":[{"href":"https:\/\/redfoxlotto.com\/it\/wp-json\/wp\/v2\/pages"}],"about":[{"href":"https:\/\/redfoxlotto.com\/it\/wp-json\/wp\/v2\/types\/page"}],"author":[{"embeddable":true,"href":"https:\/\/redfoxlotto.com\/it\/wp-json\/wp\/v2\/users\/1"}],"replies":[{"embeddable":true,"href":"https:\/\/redfoxlotto.com\/it\/wp-json\/wp\/v2\/comments?post=13434"}],"version-history":[{"count":0,"href":"https:\/\/redfoxlotto.com\/it\/wp-json\/wp\/v2\/pages\/13434\/revisions"}],"up":[{"embeddable":true,"href":"https:\/\/redfoxlotto.com\/it\/wp-json\/wp\/v2\/pages\/910"}],"wp:attachment":[{"href":"https:\/\/redfoxlotto.com\/it\/wp-json\/wp\/v2\/media?parent=13434"}],"curies":[{"name":"wp","href":"https:\/\/api.w.org\/{rel}","templated":true}]}}