{"id":12976,"date":"2023-04-24T18:09:15","date_gmt":"2023-04-24T18:09:15","guid":{"rendered":"https:\/\/redfoxlotto.com\/?page_id=12976"},"modified":"2025-12-10T13:22:14","modified_gmt":"2025-12-10T13:22:14","slug":"lotto-america","status":"publish","type":"page","link":"https:\/\/redfoxlotto.com\/it\/gioca\/lotto-america\/","title":{"rendered":"Come si gioca a Lotto America online"},"content":{"rendered":"<script type=\"application\/ld+json\">\r\n{\r\n\"@context\": \"https:\/\/schema.org\",\r\n\"@type\": \"Service\",\r\n\"name\": \" Lotto America online\",\r\n\"url\": \"https:\/\/redfoxlotto.com\/it\/gioca\/lotto-america\/\",\r\n\"description\": \"Acquista i biglietti ufficiali del Lotto America online tramite RedFoxLotto. Scegli i tuoi numeri e partecipa alla prossima estrazione.\",\r\n\"serviceType\": \"Online lottery ticket purchase\",\r\n\r\n\"provider\": {\r\n\"@type\": \"Organization\",\r\n\"name\": \"RedFoxLotto\",\r\n\"url\": \"https:\/\/redfoxlotto.com\",\r\n\"logo\": \"https:\/\/redfoxlotto.com\/wp-content\/uploads\/logo.png\"\r\n},\r\n\r\n\"areaServed\": \"Worldwide\",\r\n\"termsOfService\": \"https:\/\/redfoxlotto.com\/terms-and-conditions\",\r\n\r\n\"hasOfferCatalog\": {\r\n\"@type\": \"OfferCatalog\",\r\n\"name\": \"Lotto America Offers\",\r\n\"itemListElement\": [\r\n{\r\n\"@type\": \"Offer\",\r\n\"name\": \"Lotto America Lottery Ticket\",\r\n\"url\": \"https:\/\/redfoxlotto.com\/it\/gioca\/lotto-america\/\",\r\n\"description\": \"Una partecipazione alla prossima estrazione della lotteria Lotto America.\",\r\n\"price\": \"2.75\",\r\n\"priceCurrency\": \"EUR\",\r\n\"availability\": \"https:\/\/schema.org\/InStock\",\r\n\r\n\"itemOffered\": {\r\n\"@type\": \"Service\",\r\n\"name\": \"Lotto America Lottery Entry\",\r\n\"description\": \"Partecipa alla prossima estrazione del Lotto America tramite RedFoxLotto.\"\r\n}\r\n}\r\n]\r\n},\r\n\r\n\"mainEntityOfPage\": {\r\n\"@type\": \"WebPage\",\r\n\"@id\": \"https:\/\/redfoxlotto.com\/it\/gioca\/lotto-america\/\"\r\n}\r\n}\r\n<\/script><p>Quando si tratta di giocare al lotto online si potrebbe essere alla ricerca di qualcosa di nuovo. Dopotutto, pu\u00f2 diventare un po&#8217; vecchio giocare gli stessi giochi su nad over, no? Probabilmente \u00e8 per questo che si \u00e8 passati ai giochi online. Beh, sta per diventare molto pi\u00f9 divertente perch\u00e9 non hai ancora visto Lotto America.<\/p><h2 class=\"wp-block-heading\">Cos&#8217;\u00e8 il Lotto America?<\/h2><p><img decoding=\"async\" class=\"size-full wp-image alignright\" src=\"https:\/\/content.redfoxlotto.com\/uploads\/sites\/9\/1_play_lottery_online5.jpg\" alt=\"gioca a lotto america online\"><\/p><p>Lotto America \u00e8 un gioco di lotteria multi-stato che ti d\u00e0 la possibilit\u00e0 di vincere un grande jackpot e ti d\u00e0 alcune buone probabilit\u00e0 di andare avanti. Non solo, ma i biglietti sono economici e questo gioco ti d\u00e0 un sacco di modi per vincere premi pi\u00f9 piccoli gi\u00e0 che ci sei. Questo significa che ti divertirai anche se non vincerai il jackpot.<\/p><h2 class=\"wp-block-heading\">Cosa c&#8217;\u00e8 da sapere sul gioco<\/h2><p>Questa partita si gioca due volte a settimana, il mercoled\u00ec e il sabato. Disegna anche un totale di sei palle diverse. Cinque di queste sono palline bianche regolari, che sono i vostri numeri standard. Una \u00e8 una palla rossa, che \u00e8 il numero bonus.<\/p><h2 class=\"wp-block-heading\">Chi sta giocando?<\/h2><p>Quando si tratta di giocare a questo gioco probabilmente volete sapere in cosa vi state cacciando, giusto? Beh, ci sono un totale di 13 stati diversi che stanno attualmente giocando a questo gioco, tra cui Maine, Idaho, Montana, Nord e Sud Dakota, Minnesota, Iowa, Kansas, New Mexico, Oklahoma, Tennesee, West Virginia e Delaware. Ma non \u00e8 necessario vivere in uno di questi stati, e nemmeno negli Stati Uniti, per poter giocare a questo gioco. Ci sono un sacco di opzioni e modi per iniziare a giocare a questo gioco da qualsiasi posto. Devi solo sapere come si gioca.<\/p><h2 class=\"wp-block-heading\">Giocare per se stessi<\/h2><p>Quando sei pronto per iniziare a giocare a Lotto America tutto quello che devi fare \u00e8 creare un account online con RedFoxLotto. Da l\u00ec, \u00e8 possibile controllare tutti i loro diversi giochi, che include opzioni da tutto il mondo. Lotto America \u00e8 solo uno dei tanti giochi tra cui puoi scegliere, ma sar\u00e0 divertente.<\/p><p>Una volta selezionato il gioco si arriva a vedere qual \u00e8 il jackpot e quando si terr\u00e0 l&#8217;estrazione prima di acquistare un biglietto. In questo modo si sa se si vuole davvero provare o se si vuole provare un gioco diverso questa volta (o se si vogliono biglietti multipezzo). Una volta deciso di acquistare un biglietto, basta scegliere i numeri che si desidera. Potete selezionare tutti i numeri da soli se avete una preferenza o potete scegliere di selezionare solo alcuni numeri e avere il resto generato in modo casuale. Oppure puoi far generare tutti i numeri in modo casuale. Dipende tutto da voi. Poi, una volta che hai tutti i numeri, l&#8217;unica cosa che devi fare \u00e8 scegliere se giocare o meno l&#8217;All Star Bonus e finanziare il tuo acquisto. Sarai pronto in un batter d&#8217;occhio e poi dovrai solo aspettare che il sorteggio abbia luogo per vedere se sei un vincitore.<\/p><h2 class=\"wp-block-heading\">Hai vinto?<\/h2><p>Quando il gioco viene estratto e si \u00e8 in attesa di vedere se i vostri numeri sono quelli che vengono fuori sar\u00e0 ancora pi\u00f9 facile di quanto si possa pensare. Tutto quello che dovete fare \u00e8 guardare online. RedFoxLotto offre tutti i numeri vincenti, e soprattutto quando si acquista un biglietto, perch\u00e9 abbineremo i numeri per voi.<\/p><p>Se vinci un piccolo premio, questo sar\u00e0 automaticamente depositato sul tuo conto. Se vinci un premio grande, ti assisteremo e ti assisteremo nel processo di richiesta del premio. Ma non importa cosa vinci, lo saprai immediatamente sul tuo conto perch\u00e9 ti mostreremo i tuoi numeri e i numeri vincenti.<\/p><p>Allora, perch\u00e9 non provare a dare un&#8217;occhiata a Lotto America? Forse non vi rendete ancora conto di cosa vi state perdendo. Finch\u00e9 non lo provi tu stesso.<\/p>","protected":false},"excerpt":{"rendered":"<p>Quando si tratta di giocare al lotto online si potrebbe essere alla ricerca di qualcosa di nuovo. Dopotutto, pu\u00f2 diventare un po&#8217; vecchio giocare gli stessi giochi su nad over, no? Probabilmente \u00e8 per questo che si \u00e8 passati ai giochi online. Beh, sta per diventare molto pi\u00f9 divertente perch\u00e9 non hai ancora visto Lotto [&hellip;]<\/p>\n","protected":false},"author":1,"featured_media":0,"parent":920,"menu_order":12,"comment_status":"closed","ping_status":"closed","template":"lotto-america.php","meta":{"_et_pb_use_builder":"","_et_pb_old_content":"","_et_gb_content_width":"","exclude_from_search":false,"footnotes":""},"class_list":["post-12976","page","type-page","status-publish","hentry"],"yoast_head":"<!-- This site is optimized with the Yoast SEO plugin v23.8 - https:\/\/yoast.com\/wordpress\/plugins\/seo\/ -->\n<title>Gioca a Lotto America online<\/title>\n<meta name=\"description\" content=\"I giocatori di qualsiasi paese possono ora partecipare e giocare a questa lotteria multi-stato degli Stati Uniti online\" \/>\n<meta name=\"robots\" content=\"index, follow, max-snippet:-1, max-image-preview:large, max-video-preview:-1\" \/>\n<link rel=\"canonical\" href=\"https:\/\/redfoxlotto.com\/it\/gioca\/lotto-america\/\" \/>\n<meta property=\"og:locale\" content=\"it_IT\" \/>\n<meta property=\"og:type\" content=\"article\" \/>\n<meta property=\"og:title\" content=\"Gioca a Lotto America online\" \/>\n<meta property=\"og:description\" content=\"I giocatori di qualsiasi paese possono ora partecipare e giocare a questa lotteria multi-stato degli Stati Uniti online\" \/>\n<meta property=\"og:url\" content=\"https:\/\/redfoxlotto.com\/it\/gioca\/lotto-america\/\" \/>\n<meta property=\"og:site_name\" content=\"Get Tickets for the World\u2019s largest jackpots\" \/>\n<meta property=\"article:modified_time\" content=\"2025-12-10T13:22:14+00:00\" \/>\n<meta property=\"og:image\" content=\"https:\/\/content.redfoxlotto.com\/uploads\/sites\/9\/1_play_lottery_online5.jpg\" \/>\n<meta name=\"twitter:card\" content=\"summary_large_image\" \/>\n<meta name=\"twitter:label1\" content=\"Tempo di lettura stimato\" \/>\n\t<meta name=\"twitter:data1\" content=\"3 minuti\" \/>\n<script type=\"application\/ld+json\" class=\"yoast-schema-graph\">{\"@context\":\"https:\/\/schema.org\",\"@graph\":[{\"@type\":\"WebPage\",\"@id\":\"https:\/\/redfoxlotto.com\/it\/gioca\/lotto-america\/\",\"url\":\"https:\/\/redfoxlotto.com\/it\/gioca\/lotto-america\/\",\"name\":\"Gioca a Lotto America online\",\"isPartOf\":{\"@id\":\"https:\/\/redfoxlotto.com\/it\/#website\"},\"primaryImageOfPage\":{\"@id\":\"https:\/\/redfoxlotto.com\/it\/gioca\/lotto-america\/#primaryimage\"},\"image\":{\"@id\":\"https:\/\/redfoxlotto.com\/it\/gioca\/lotto-america\/#primaryimage\"},\"thumbnailUrl\":\"https:\/\/content.redfoxlotto.com\/uploads\/sites\/9\/1_play_lottery_online5.jpg\",\"datePublished\":\"2023-04-24T18:09:15+00:00\",\"dateModified\":\"2025-12-10T13:22:14+00:00\",\"description\":\"I giocatori di qualsiasi paese possono ora partecipare e giocare a questa lotteria multi-stato degli Stati Uniti online\",\"breadcrumb\":{\"@id\":\"https:\/\/redfoxlotto.com\/it\/gioca\/lotto-america\/#breadcrumb\"},\"inLanguage\":\"it-IT\",\"potentialAction\":[{\"@type\":\"ReadAction\",\"target\":[\"https:\/\/redfoxlotto.com\/it\/gioca\/lotto-america\/\"]}]},{\"@type\":\"ImageObject\",\"inLanguage\":\"it-IT\",\"@id\":\"https:\/\/redfoxlotto.com\/it\/gioca\/lotto-america\/#primaryimage\",\"url\":\"https:\/\/content.redfoxlotto.com\/uploads\/sites\/9\/1_play_lottery_online5.jpg\",\"contentUrl\":\"https:\/\/content.redfoxlotto.com\/uploads\/sites\/9\/1_play_lottery_online5.jpg\"},{\"@type\":\"BreadcrumbList\",\"@id\":\"https:\/\/redfoxlotto.com\/it\/gioca\/lotto-america\/#breadcrumb\",\"itemListElement\":[{\"@type\":\"ListItem\",\"position\":1,\"name\":\"Home\",\"item\":\"https:\/\/redfoxlotto.com\/it\/\"},{\"@type\":\"ListItem\",\"position\":2,\"name\":\"Come si gioca al lotto online\",\"item\":\"https:\/\/redfoxlotto.com\/it\/gioca\/\"},{\"@type\":\"ListItem\",\"position\":3,\"name\":\"Come si gioca a Lotto America online\"}]},{\"@type\":\"WebSite\",\"@id\":\"https:\/\/redfoxlotto.com\/it\/#website\",\"url\":\"https:\/\/redfoxlotto.com\/it\/\",\"name\":\"Get Tickets for the World\u2019s largest jackpots\",\"description\":\"Participate in worldwide lottery jackpots from any country\",\"publisher\":{\"@id\":\"https:\/\/redfoxlotto.com\/it\/#organization\"},\"potentialAction\":[{\"@type\":\"SearchAction\",\"target\":{\"@type\":\"EntryPoint\",\"urlTemplate\":\"https:\/\/redfoxlotto.com\/it\/?s={search_term_string}\"},\"query-input\":{\"@type\":\"PropertyValueSpecification\",\"valueRequired\":true,\"valueName\":\"search_term_string\"}}],\"inLanguage\":\"it-IT\"},{\"@type\":\"Organization\",\"@id\":\"https:\/\/redfoxlotto.com\/it\/#organization\",\"name\":\"Get Tickets for the World\u2019s largest jackpots\",\"url\":\"https:\/\/redfoxlotto.com\/it\/\",\"logo\":{\"@type\":\"ImageObject\",\"inLanguage\":\"it-IT\",\"@id\":\"https:\/\/redfoxlotto.com\/it\/#\/schema\/logo\/image\/\",\"url\":\"https:\/\/redfoxlotto.com\/wp-content\/uploads\/2023\/04\/logo.png\",\"contentUrl\":\"https:\/\/redfoxlotto.com\/wp-content\/uploads\/2023\/04\/logo.png\",\"width\":269,\"height\":53,\"caption\":\"Get Tickets for the World\u2019s largest jackpots\"},\"image\":{\"@id\":\"https:\/\/redfoxlotto.com\/it\/#\/schema\/logo\/image\/\"}}]}<\/script>\n<!-- \/ Yoast SEO plugin. -->","yoast_head_json":{"title":"Gioca a Lotto America online","description":"I giocatori di qualsiasi paese possono ora partecipare e giocare a questa lotteria multi-stato degli Stati Uniti online","robots":{"index":"index","follow":"follow","max-snippet":"max-snippet:-1","max-image-preview":"max-image-preview:large","max-video-preview":"max-video-preview:-1"},"canonical":"https:\/\/redfoxlotto.com\/it\/gioca\/lotto-america\/","og_locale":"it_IT","og_type":"article","og_title":"Gioca a Lotto America online","og_description":"I giocatori di qualsiasi paese possono ora partecipare e giocare a questa lotteria multi-stato degli Stati Uniti online","og_url":"https:\/\/redfoxlotto.com\/it\/gioca\/lotto-america\/","og_site_name":"Get Tickets for the World\u2019s largest jackpots","article_modified_time":"2025-12-10T13:22:14+00:00","og_image":[{"url":"https:\/\/content.redfoxlotto.com\/uploads\/sites\/9\/1_play_lottery_online5.jpg"}],"twitter_card":"summary_large_image","twitter_misc":{"Tempo di lettura stimato":"3 minuti"},"schema":{"@context":"https:\/\/schema.org","@graph":[{"@type":"WebPage","@id":"https:\/\/redfoxlotto.com\/it\/gioca\/lotto-america\/","url":"https:\/\/redfoxlotto.com\/it\/gioca\/lotto-america\/","name":"Gioca a Lotto America online","isPartOf":{"@id":"https:\/\/redfoxlotto.com\/it\/#website"},"primaryImageOfPage":{"@id":"https:\/\/redfoxlotto.com\/it\/gioca\/lotto-america\/#primaryimage"},"image":{"@id":"https:\/\/redfoxlotto.com\/it\/gioca\/lotto-america\/#primaryimage"},"thumbnailUrl":"https:\/\/content.redfoxlotto.com\/uploads\/sites\/9\/1_play_lottery_online5.jpg","datePublished":"2023-04-24T18:09:15+00:00","dateModified":"2025-12-10T13:22:14+00:00","description":"I giocatori di qualsiasi paese possono ora partecipare e giocare a questa lotteria multi-stato degli Stati Uniti online","breadcrumb":{"@id":"https:\/\/redfoxlotto.com\/it\/gioca\/lotto-america\/#breadcrumb"},"inLanguage":"it-IT","potentialAction":[{"@type":"ReadAction","target":["https:\/\/redfoxlotto.com\/it\/gioca\/lotto-america\/"]}]},{"@type":"ImageObject","inLanguage":"it-IT","@id":"https:\/\/redfoxlotto.com\/it\/gioca\/lotto-america\/#primaryimage","url":"https:\/\/content.redfoxlotto.com\/uploads\/sites\/9\/1_play_lottery_online5.jpg","contentUrl":"https:\/\/content.redfoxlotto.com\/uploads\/sites\/9\/1_play_lottery_online5.jpg"},{"@type":"BreadcrumbList","@id":"https:\/\/redfoxlotto.com\/it\/gioca\/lotto-america\/#breadcrumb","itemListElement":[{"@type":"ListItem","position":1,"name":"Home","item":"https:\/\/redfoxlotto.com\/it\/"},{"@type":"ListItem","position":2,"name":"Come si gioca al lotto online","item":"https:\/\/redfoxlotto.com\/it\/gioca\/"},{"@type":"ListItem","position":3,"name":"Come si gioca a Lotto America online"}]},{"@type":"WebSite","@id":"https:\/\/redfoxlotto.com\/it\/#website","url":"https:\/\/redfoxlotto.com\/it\/","name":"Get Tickets for the World\u2019s largest jackpots","description":"Participate in worldwide lottery jackpots from any country","publisher":{"@id":"https:\/\/redfoxlotto.com\/it\/#organization"},"potentialAction":[{"@type":"SearchAction","target":{"@type":"EntryPoint","urlTemplate":"https:\/\/redfoxlotto.com\/it\/?s={search_term_string}"},"query-input":{"@type":"PropertyValueSpecification","valueRequired":true,"valueName":"search_term_string"}}],"inLanguage":"it-IT"},{"@type":"Organization","@id":"https:\/\/redfoxlotto.com\/it\/#organization","name":"Get Tickets for the World\u2019s largest jackpots","url":"https:\/\/redfoxlotto.com\/it\/","logo":{"@type":"ImageObject","inLanguage":"it-IT","@id":"https:\/\/redfoxlotto.com\/it\/#\/schema\/logo\/image\/","url":"https:\/\/redfoxlotto.com\/wp-content\/uploads\/2023\/04\/logo.png","contentUrl":"https:\/\/redfoxlotto.com\/wp-content\/uploads\/2023\/04\/logo.png","width":269,"height":53,"caption":"Get Tickets for the World\u2019s largest jackpots"},"image":{"@id":"https:\/\/redfoxlotto.com\/it\/#\/schema\/logo\/image\/"}}]}},"_links":{"self":[{"href":"https:\/\/redfoxlotto.com\/it\/wp-json\/wp\/v2\/pages\/12976","targetHints":{"allow":["GET"]}}],"collection":[{"href":"https:\/\/redfoxlotto.com\/it\/wp-json\/wp\/v2\/pages"}],"about":[{"href":"https:\/\/redfoxlotto.com\/it\/wp-json\/wp\/v2\/types\/page"}],"author":[{"embeddable":true,"href":"https:\/\/redfoxlotto.com\/it\/wp-json\/wp\/v2\/users\/1"}],"replies":[{"embeddable":true,"href":"https:\/\/redfoxlotto.com\/it\/wp-json\/wp\/v2\/comments?post=12976"}],"version-history":[{"count":0,"href":"https:\/\/redfoxlotto.com\/it\/wp-json\/wp\/v2\/pages\/12976\/revisions"}],"up":[{"embeddable":true,"href":"https:\/\/redfoxlotto.com\/it\/wp-json\/wp\/v2\/pages\/920"}],"wp:attachment":[{"href":"https:\/\/redfoxlotto.com\/it\/wp-json\/wp\/v2\/media?parent=12976"}],"curies":[{"name":"wp","href":"https:\/\/api.w.org\/{rel}","templated":true}]}}