{"id":102338,"date":"2025-02-12T11:20:21","date_gmt":"2025-02-12T11:20:21","guid":{"rendered":"https:\/\/redfoxlotto.com\/?page_id=102338"},"modified":"2026-01-12T10:12:36","modified_gmt":"2026-01-12T10:12:36","slug":"probabilita-di-vincita-al-keno","status":"publish","type":"page","link":"https:\/\/redfoxlotto.com\/it\/keno\/probabilita-di-vincita-al-keno\/","title":{"rendered":"Numeri vincenti del Gold Keno"},"content":{"rendered":"<h2>Il jackpot da 2 milioni di euro ti aspetta nel Gold Keno.<\/h2>\n<p><img loading=\"lazy\" decoding=\"async\" class=\"size-medium wp-image-93652 alignright\" src=\"https:\/\/redfoxlotto.com\/wp-content\/uploads\/2025\/09\/gold-keno-win-2-300x300.jpg\" alt=\"gold keno\" width=\"300\" height=\"300\" \/><br \/>\nIl Gold Keno \u00e8 un gioco di lotteria online davvero divertente. Chiunque giochi pu\u00f2 vincere l&#8217;incredibile primo premio di 2 milioni di euro. \u00c8 facile capire perch\u00e9 Gold Keno sia cos\u00ec popolare: ogni estrazione ti offre una reale possibilit\u00e0 di vincere una somma di denaro che potrebbe cambiarti la vita in meglio. Il divertimento di questo gioco deriva dal fatto che prevede estrazioni rapide, fair play e la possibilit\u00e0 di vincere il jackpot da due milioni di euro. Questo vale sia che tu giochi per divertimento o che voglia guadagnare un sacco di soldi.<\/p>\n<h2>Guida alle probabilit\u00e0 di vincita al Gold Keno<\/h2>\n<p>Nel Gold Keno, 20 numeri vengono estratti a caso da un pool di ottanta. I giocatori scelgono i propri numeri e l&#8217;importo del premio dipende da quante volte le loro scelte corrispondono all&#8217;estrazione. L&#8217;aggiunta di un moltiplicatore aumenta la vincita possibile. Ci\u00f2 significa che i biglietti che costano di pi\u00f9 vinceranno premi pi\u00f9 alti.<\/p>\n<p>Quando hai pi\u00f9 opzioni, hai maggiori possibilit\u00e0 di ottenere una vincita pi\u00f9 alta, ma quando hai meno opzioni, hai maggiori possibilit\u00e0 di ottenere una vincita minore. Le probabilit\u00e0 di vincita al keno si basano su questo equilibrio: pi\u00f9 selezioni significano premi pi\u00f9 alti ma probabilit\u00e0 pi\u00f9 difficili, mentre meno selezioni rendono pi\u00f9 semplice la vincita. Se utilizzi il moltiplicatore, potresti vincere il primo premio di due milioni di euro.<\/p>\n<h2>La chiave per vincere di pi\u00f9 \u00e8 utilizzare i moltiplicatori.<\/h2>\n<p>Grazie alla funzione moltiplicatore, potresti vincere il premio massimo di 2 milioni di euro nel Gold Keno. Ad esempio:<\/p>\n<p>se il moltiplicatore massimo \u00e8 impostato su 5x, un biglietto con un moltiplicatore di 1x ti dar\u00e0 il 20% del premio pi\u00f9 alto. Se i giocatori scommettono con il moltiplicatore massimo, possono ottenere l&#8217;accesso completo al montepremi, che vale pi\u00f9 di 2 milioni di euro.<\/p>\n<p>Questa tecnica offre ai giocatori un altro modo per modificare le probabilit\u00e0 di vincita al keno. Offre sia ai giocatori cauti che a quelli pi\u00f9 audaci un modo equo di giocare.<\/p>\n<h2>Per le transazioni vengono utilizzati contanti e depositi.<\/h2>\n<p>Per giocare a Gold Keno devi versare denaro sul tuo conto e acquistare i biglietti online. Le transazioni sono veloci, sicure e semplici da comprendere, quindi puoi partecipare a qualsiasi estrazione in qualsiasi momento.<\/p>\n<h2>Ci sono molte estrazioni di Gold Keno in corso<\/h2>\n<p>Non \u00e8 necessario aspettare per giocare a Gold Keno come si fa con altre lotterie. Ogni pochi minuti ci sono nuove estrazioni, il che rende la corsa al primo premio di 2 milioni di euro un&#8217;avventura divertente e senza fine. Poich\u00e9 ci sono cos\u00ec tante estrazioni, le probabilit\u00e0 di vincita al keno vengono testate pi\u00f9 e pi\u00f9 volte, il che rende il gioco sempre divertente.<\/p>\n<h2>Un generatore di numeri casuali (RNG) per un gioco equo<\/h2>\n<p>Per garantire che ogni estrazione del Gold Keno sia equa, utilizziamo un generatore di numeri casuali (RNG) convalidato. Poich\u00e9 ogni risultato \u00e8 completamente casuale, la possibilit\u00e0 di vincere il premio di 2 milioni di euro non si basa su supposizioni, ma sulla fortuna. Questo garantisce che tutti abbiano le stesse possibilit\u00e0 di vincere al keno.<\/p>\n<h2>Controllare le vincite e incassarle<\/h2>\n<p>I giocatori possono vedere immediatamente i risultati nella sezione \u201cI miei biglietti\u201d. Le vincite minori vengono accreditate istantaneamente sul tuo conto, mentre quelle pi\u00f9 consistenti, che possono arrivare fino a 2.500 \u20ac, vengono trasferite immediatamente. L&#8217;assicurazione garantisce il primo premio di 2 milioni di euro e altri premi importanti, e il governo controlla che vengano effettivamente assegnati.<\/p>\n<h2>Tutti i vincitori hanno diritto a ricevere il loro denaro<\/h2>\n<p>A differenza della maggior parte delle lotterie, Gold Keno paga indipendentemente dal numero di biglietti venduti. Il gioco non solo \u00e8 sicuro, ma anche redditizio, perch\u00e9 tutti i premi, compreso il jackpot della lotteria da 2 milioni di euro, sono completamente sicuri.<\/p>\n<h2>Non ci sono biglietti cartacei perch\u00e9 tutto viene fatto online.<\/h2>\n<p>Non avrai bisogno di biglietti cartacei perch\u00e9 Gold Keno \u00e8 completamente digitale. Questo sistema tiene traccia di tutte le giocate in modo che nulla possa andare perso o essere rubato.<\/p>\n<h2>Considerazioni finali: cosa rende Gold Keno diverso dagli altri giochi di Keno<\/h2>\n<p>Gold Keno \u00e8 ancora uno dei giochi di lotteria online pi\u00f9 emozionanti, poich\u00e9 prevede estrazioni ogni pochi minuti, generatore di numeri casuali equo, premi garantiti e la possibilit\u00e0 di vincere il jackpot di 2 milioni di euro. Per chi sta valutando le probabilit\u00e0 di vincita al keno, questo gioco \u00e8 sia emozionante che rassicurante, poich\u00e9 ogni biglietto pu\u00f2 cambiare il corso del gioco per i giocatori con grandi obiettivi.<\/p>\n","protected":false},"excerpt":{"rendered":"<p>Il jackpot da 2 milioni di euro ti aspetta nel Gold Keno. Il Gold Keno \u00e8 un gioco di lotteria online davvero divertente. Chiunque giochi pu\u00f2 vincere l&#8217;incredibile primo premio di 2 milioni di euro. \u00c8 facile capire perch\u00e9 Gold Keno sia cos\u00ec popolare: ogni estrazione ti offre una reale possibilit\u00e0 di vincere una somma [&hellip;]<\/p>\n","protected":false},"author":8,"featured_media":0,"parent":84407,"menu_order":42,"comment_status":"closed","ping_status":"closed","template":"","meta":{"_et_pb_use_builder":"","_et_pb_old_content":"","_et_gb_content_width":"","exclude_from_search":false,"footnotes":""},"class_list":["post-102338","page","type-page","status-publish","hentry"],"yoast_head":"<!-- This site is optimized with the Yoast SEO plugin v23.8 - https:\/\/yoast.com\/wordpress\/plugins\/seo\/ -->\n<title>Probabilit\u00e0 di vincita al Keno | I nostri giochi di Keno offrono ottime probabilit\u00e0 e premi<\/title>\n<meta name=\"description\" content=\"Quando giochi a Keno online, controlla le probabilit\u00e0 dei giochi che trovi. Il nostro Gold Keno offre una vincita massima di 2 milioni di euro, combinata con le migliori probabilit\u00e0 che potrai trovare online.\" \/>\n<meta name=\"robots\" content=\"index, follow, max-snippet:-1, max-image-preview:large, max-video-preview:-1\" \/>\n<link rel=\"canonical\" href=\"https:\/\/redfoxlotto.com\/it\/keno\/probabilita-di-vincita-al-keno\/\" \/>\n<meta property=\"og:locale\" content=\"it_IT\" \/>\n<meta property=\"og:type\" content=\"article\" \/>\n<meta property=\"og:title\" content=\"Probabilit\u00e0 di vincita al Keno | I nostri giochi di Keno offrono ottime probabilit\u00e0 e premi\" \/>\n<meta property=\"og:description\" content=\"Quando giochi a Keno online, controlla le probabilit\u00e0 dei giochi che trovi. Il nostro Gold Keno offre una vincita massima di 2 milioni di euro, combinata con le migliori probabilit\u00e0 che potrai trovare online.\" \/>\n<meta property=\"og:url\" content=\"https:\/\/redfoxlotto.com\/it\/keno\/probabilita-di-vincita-al-keno\/\" \/>\n<meta property=\"og:site_name\" content=\"Get Tickets for the World\u2019s largest jackpots\" \/>\n<meta property=\"article:modified_time\" content=\"2026-01-12T10:12:36+00:00\" \/>\n<meta property=\"og:image\" content=\"https:\/\/redfoxlotto.com\/wp-content\/uploads\/2025\/09\/gold-keno-win-2-300x300.jpg\" \/>\n<meta name=\"twitter:card\" content=\"summary_large_image\" \/>\n<meta name=\"twitter:label1\" content=\"Tempo di lettura stimato\" \/>\n\t<meta name=\"twitter:data1\" content=\"4 minuti\" \/>\n<script type=\"application\/ld+json\" class=\"yoast-schema-graph\">{\"@context\":\"https:\/\/schema.org\",\"@graph\":[{\"@type\":\"WebPage\",\"@id\":\"https:\/\/redfoxlotto.com\/it\/keno\/probabilita-di-vincita-al-keno\/\",\"url\":\"https:\/\/redfoxlotto.com\/it\/keno\/probabilita-di-vincita-al-keno\/\",\"name\":\"Probabilit\u00e0 di vincita al Keno | I nostri giochi di Keno offrono ottime probabilit\u00e0 e premi\",\"isPartOf\":{\"@id\":\"https:\/\/redfoxlotto.com\/it\/#website\"},\"primaryImageOfPage\":{\"@id\":\"https:\/\/redfoxlotto.com\/it\/keno\/probabilita-di-vincita-al-keno\/#primaryimage\"},\"image\":{\"@id\":\"https:\/\/redfoxlotto.com\/it\/keno\/probabilita-di-vincita-al-keno\/#primaryimage\"},\"thumbnailUrl\":\"https:\/\/redfoxlotto.com\/wp-content\/uploads\/2025\/09\/gold-keno-win-2-300x300.jpg\",\"datePublished\":\"2025-02-12T11:20:21+00:00\",\"dateModified\":\"2026-01-12T10:12:36+00:00\",\"description\":\"Quando giochi a Keno online, controlla le probabilit\u00e0 dei giochi che trovi. Il nostro Gold Keno offre una vincita massima di 2 milioni di euro, combinata con le migliori probabilit\u00e0 che potrai trovare online.\",\"breadcrumb\":{\"@id\":\"https:\/\/redfoxlotto.com\/it\/keno\/probabilita-di-vincita-al-keno\/#breadcrumb\"},\"inLanguage\":\"it-IT\",\"potentialAction\":[{\"@type\":\"ReadAction\",\"target\":[\"https:\/\/redfoxlotto.com\/it\/keno\/probabilita-di-vincita-al-keno\/\"]}]},{\"@type\":\"ImageObject\",\"inLanguage\":\"it-IT\",\"@id\":\"https:\/\/redfoxlotto.com\/it\/keno\/probabilita-di-vincita-al-keno\/#primaryimage\",\"url\":\"https:\/\/redfoxlotto.com\/wp-content\/uploads\/2025\/09\/gold-keno-win-2-300x300.jpg\",\"contentUrl\":\"https:\/\/redfoxlotto.com\/wp-content\/uploads\/2025\/09\/gold-keno-win-2-300x300.jpg\"},{\"@type\":\"BreadcrumbList\",\"@id\":\"https:\/\/redfoxlotto.com\/it\/keno\/probabilita-di-vincita-al-keno\/#breadcrumb\",\"itemListElement\":[{\"@type\":\"ListItem\",\"position\":1,\"name\":\"Home\",\"item\":\"https:\/\/redfoxlotto.com\/it\/\"},{\"@type\":\"ListItem\",\"position\":2,\"name\":\"Keno\",\"item\":\"https:\/\/redfoxlotto.com\/it\/keno\/\"},{\"@type\":\"ListItem\",\"position\":3,\"name\":\"Numeri vincenti del Gold Keno\"}]},{\"@type\":\"WebSite\",\"@id\":\"https:\/\/redfoxlotto.com\/it\/#website\",\"url\":\"https:\/\/redfoxlotto.com\/it\/\",\"name\":\"Get Tickets for the World\u2019s largest jackpots\",\"description\":\"Participate in worldwide lottery jackpots from any country\",\"publisher\":{\"@id\":\"https:\/\/redfoxlotto.com\/it\/#organization\"},\"potentialAction\":[{\"@type\":\"SearchAction\",\"target\":{\"@type\":\"EntryPoint\",\"urlTemplate\":\"https:\/\/redfoxlotto.com\/it\/?s={search_term_string}\"},\"query-input\":{\"@type\":\"PropertyValueSpecification\",\"valueRequired\":true,\"valueName\":\"search_term_string\"}}],\"inLanguage\":\"it-IT\"},{\"@type\":\"Organization\",\"@id\":\"https:\/\/redfoxlotto.com\/it\/#organization\",\"name\":\"Get Tickets for the World\u2019s largest jackpots\",\"url\":\"https:\/\/redfoxlotto.com\/it\/\",\"logo\":{\"@type\":\"ImageObject\",\"inLanguage\":\"it-IT\",\"@id\":\"https:\/\/redfoxlotto.com\/it\/#\/schema\/logo\/image\/\",\"url\":\"https:\/\/redfoxlotto.com\/wp-content\/uploads\/2023\/04\/logo.png\",\"contentUrl\":\"https:\/\/redfoxlotto.com\/wp-content\/uploads\/2023\/04\/logo.png\",\"width\":269,\"height\":53,\"caption\":\"Get Tickets for the World\u2019s largest jackpots\"},\"image\":{\"@id\":\"https:\/\/redfoxlotto.com\/it\/#\/schema\/logo\/image\/\"}}]}<\/script>\n<!-- \/ Yoast SEO plugin. -->","yoast_head_json":{"title":"Probabilit\u00e0 di vincita al Keno | I nostri giochi di Keno offrono ottime probabilit\u00e0 e premi","description":"Quando giochi a Keno online, controlla le probabilit\u00e0 dei giochi che trovi. Il nostro Gold Keno offre una vincita massima di 2 milioni di euro, combinata con le migliori probabilit\u00e0 che potrai trovare online.","robots":{"index":"index","follow":"follow","max-snippet":"max-snippet:-1","max-image-preview":"max-image-preview:large","max-video-preview":"max-video-preview:-1"},"canonical":"https:\/\/redfoxlotto.com\/it\/keno\/probabilita-di-vincita-al-keno\/","og_locale":"it_IT","og_type":"article","og_title":"Probabilit\u00e0 di vincita al Keno | I nostri giochi di Keno offrono ottime probabilit\u00e0 e premi","og_description":"Quando giochi a Keno online, controlla le probabilit\u00e0 dei giochi che trovi. Il nostro Gold Keno offre una vincita massima di 2 milioni di euro, combinata con le migliori probabilit\u00e0 che potrai trovare online.","og_url":"https:\/\/redfoxlotto.com\/it\/keno\/probabilita-di-vincita-al-keno\/","og_site_name":"Get Tickets for the World\u2019s largest jackpots","article_modified_time":"2026-01-12T10:12:36+00:00","og_image":[{"url":"https:\/\/redfoxlotto.com\/wp-content\/uploads\/2025\/09\/gold-keno-win-2-300x300.jpg"}],"twitter_card":"summary_large_image","twitter_misc":{"Tempo di lettura stimato":"4 minuti"},"schema":{"@context":"https:\/\/schema.org","@graph":[{"@type":"WebPage","@id":"https:\/\/redfoxlotto.com\/it\/keno\/probabilita-di-vincita-al-keno\/","url":"https:\/\/redfoxlotto.com\/it\/keno\/probabilita-di-vincita-al-keno\/","name":"Probabilit\u00e0 di vincita al Keno | I nostri giochi di Keno offrono ottime probabilit\u00e0 e premi","isPartOf":{"@id":"https:\/\/redfoxlotto.com\/it\/#website"},"primaryImageOfPage":{"@id":"https:\/\/redfoxlotto.com\/it\/keno\/probabilita-di-vincita-al-keno\/#primaryimage"},"image":{"@id":"https:\/\/redfoxlotto.com\/it\/keno\/probabilita-di-vincita-al-keno\/#primaryimage"},"thumbnailUrl":"https:\/\/redfoxlotto.com\/wp-content\/uploads\/2025\/09\/gold-keno-win-2-300x300.jpg","datePublished":"2025-02-12T11:20:21+00:00","dateModified":"2026-01-12T10:12:36+00:00","description":"Quando giochi a Keno online, controlla le probabilit\u00e0 dei giochi che trovi. Il nostro Gold Keno offre una vincita massima di 2 milioni di euro, combinata con le migliori probabilit\u00e0 che potrai trovare online.","breadcrumb":{"@id":"https:\/\/redfoxlotto.com\/it\/keno\/probabilita-di-vincita-al-keno\/#breadcrumb"},"inLanguage":"it-IT","potentialAction":[{"@type":"ReadAction","target":["https:\/\/redfoxlotto.com\/it\/keno\/probabilita-di-vincita-al-keno\/"]}]},{"@type":"ImageObject","inLanguage":"it-IT","@id":"https:\/\/redfoxlotto.com\/it\/keno\/probabilita-di-vincita-al-keno\/#primaryimage","url":"https:\/\/redfoxlotto.com\/wp-content\/uploads\/2025\/09\/gold-keno-win-2-300x300.jpg","contentUrl":"https:\/\/redfoxlotto.com\/wp-content\/uploads\/2025\/09\/gold-keno-win-2-300x300.jpg"},{"@type":"BreadcrumbList","@id":"https:\/\/redfoxlotto.com\/it\/keno\/probabilita-di-vincita-al-keno\/#breadcrumb","itemListElement":[{"@type":"ListItem","position":1,"name":"Home","item":"https:\/\/redfoxlotto.com\/it\/"},{"@type":"ListItem","position":2,"name":"Keno","item":"https:\/\/redfoxlotto.com\/it\/keno\/"},{"@type":"ListItem","position":3,"name":"Numeri vincenti del Gold Keno"}]},{"@type":"WebSite","@id":"https:\/\/redfoxlotto.com\/it\/#website","url":"https:\/\/redfoxlotto.com\/it\/","name":"Get Tickets for the World\u2019s largest jackpots","description":"Participate in worldwide lottery jackpots from any country","publisher":{"@id":"https:\/\/redfoxlotto.com\/it\/#organization"},"potentialAction":[{"@type":"SearchAction","target":{"@type":"EntryPoint","urlTemplate":"https:\/\/redfoxlotto.com\/it\/?s={search_term_string}"},"query-input":{"@type":"PropertyValueSpecification","valueRequired":true,"valueName":"search_term_string"}}],"inLanguage":"it-IT"},{"@type":"Organization","@id":"https:\/\/redfoxlotto.com\/it\/#organization","name":"Get Tickets for the World\u2019s largest jackpots","url":"https:\/\/redfoxlotto.com\/it\/","logo":{"@type":"ImageObject","inLanguage":"it-IT","@id":"https:\/\/redfoxlotto.com\/it\/#\/schema\/logo\/image\/","url":"https:\/\/redfoxlotto.com\/wp-content\/uploads\/2023\/04\/logo.png","contentUrl":"https:\/\/redfoxlotto.com\/wp-content\/uploads\/2023\/04\/logo.png","width":269,"height":53,"caption":"Get Tickets for the World\u2019s largest jackpots"},"image":{"@id":"https:\/\/redfoxlotto.com\/it\/#\/schema\/logo\/image\/"}}]}},"_links":{"self":[{"href":"https:\/\/redfoxlotto.com\/it\/wp-json\/wp\/v2\/pages\/102338","targetHints":{"allow":["GET"]}}],"collection":[{"href":"https:\/\/redfoxlotto.com\/it\/wp-json\/wp\/v2\/pages"}],"about":[{"href":"https:\/\/redfoxlotto.com\/it\/wp-json\/wp\/v2\/types\/page"}],"author":[{"embeddable":true,"href":"https:\/\/redfoxlotto.com\/it\/wp-json\/wp\/v2\/users\/8"}],"replies":[{"embeddable":true,"href":"https:\/\/redfoxlotto.com\/it\/wp-json\/wp\/v2\/comments?post=102338"}],"version-history":[{"count":0,"href":"https:\/\/redfoxlotto.com\/it\/wp-json\/wp\/v2\/pages\/102338\/revisions"}],"up":[{"embeddable":true,"href":"https:\/\/redfoxlotto.com\/it\/wp-json\/wp\/v2\/pages\/84407"}],"wp:attachment":[{"href":"https:\/\/redfoxlotto.com\/it\/wp-json\/wp\/v2\/media?parent=102338"}],"curies":[{"name":"wp","href":"https:\/\/api.w.org\/{rel}","templated":true}]}}