{"id":102069,"date":"2025-05-22T08:53:38","date_gmt":"2025-05-22T08:53:38","guid":{"rendered":"https:\/\/redfoxlotto.com\/?page_id=102069"},"modified":"2026-01-10T07:14:10","modified_gmt":"2026-01-10T07:14:10","slug":"risultati-della-lotteria-keno","status":"publish","type":"page","link":"https:\/\/redfoxlotto.com\/it\/keno\/risultati-della-lotteria-keno\/","title":{"rendered":"Numeri vincenti del Platinum Keno"},"content":{"rendered":"<h2>Come vengono selezionate le probabilit\u00e0 e dove trovare i risultati nel Platinum Keno<\/h2>\n<p><img loading=\"lazy\" decoding=\"async\" class=\"size-medium wp-image-83635 alignright\" src=\"https:\/\/redfoxlotto.com\/wp-content\/uploads\/2025\/03\/keno_card-300x300.jpg\" alt=\"platnum keno\" width=\"300\" height=\"300\" srcset=\"https:\/\/redfoxlotto.com\/wp-content\/uploads\/2025\/03\/keno_card-300x300.jpg 300w, https:\/\/redfoxlotto.com\/wp-content\/uploads\/2025\/03\/keno_card-150x150.jpg 150w, https:\/\/redfoxlotto.com\/wp-content\/uploads\/2025\/03\/keno_card-100x100.jpg 100w, https:\/\/redfoxlotto.com\/wp-content\/uploads\/2025\/03\/keno_card.jpg 307w\" sizes=\"auto, (max-width: 300px) 100vw, 300px\" \/><br \/>\nIl Platinum Keno sta per diventare uno dei giochi in stile lotteria pi\u00f9 popolari. Presto, i giocatori potranno godersi tutto il divertimento del Keno tradizionale comodamente dai propri schermi, grazie alle estrazioni rapide, alle regole chiare e alla facilit\u00e0 di gioco online. Non ci sono ancora risultati in tempo reale, ma ecco cosa devi sapere su come vengono selezionati i numeri, dove trovarli e come vedere se hai vinto quando inizia il gioco.<\/p>\n<h2>I passaggi utilizzati per selezionare i numeri del Platinum Keno<\/h2>\n<p>Il Platinum Keno si basa sull&#8217;idea che tutto debba essere equo. Un generatore di numeri casuali (RNG) controllato seleziona i numeri. Questo dovrebbe rendere ogni estrazione completamente casuale. L&#8217;RNG assicura che ogni numero nel pool abbia le stesse possibilit\u00e0 di essere scelto, proprio come quando si estraggono palline numerate da una macchina.<\/p>\n<ul>\n<li>I giocatori scelgono da un pool di numeri da 1 a 80.<\/li>\n<li>Dimensione dell&#8217;estrazione: ogni round vengono estratti 20 numeri a caso.<\/li>\n<li>Pari possibilit\u00e0: non ci sono numeri preferiti, tutto dipende dalla fortuna.<\/li>\n<li>Con questo metodo, ogni estrazione \u00e8 trasparente, pu\u00f2 essere verificata e si basa sulla fiducia.<\/li>\n<\/ul>\n<h2>Come si gioca.<\/h2>\n<p>Platinum Keno \u00e8 pensato sia per i giocatori abituali che per chi vuole vincere grandi jackpot. Scegli i numeri da un pool di 80, 20 dei quali vengono estratti a caso. Ecco come si gioca. L&#8217;obiettivo \u00e8 quello di indovinare il maggior numero possibile di numeri scelti.<\/p>\n<h2>Scegliere i numeri.<\/h2>\n<p>Scegli il numero di \u201cpunti\u201d (numeri) da giocare. Ogni persona sceglie un numero diverso di carte. Il numero di punti che scegli influir\u00e0 direttamente sulle tue possibilit\u00e0 di vincita e sull&#8217;importo che potresti vincere.<\/p>\n<h2>Scegliere un fattore.<\/h2>\n<p>Platinum Keno ha un moltiplicatore che modifica i premi. In questo caso, se il moltiplicatore pi\u00f9 alto \u00e8 5, giocare con un moltiplicatore 1x vi dar\u00e0 il 20% della ricompensa 5x. Se dieci \u00e8 il massimo. Se il premio massimo \u00e8 10, un biglietto 1x pagher\u00e0 il 10% della vincita 10x. Un moltiplicatore pi\u00f9 alto aumenta sia il prezzo del biglietto che le possibilit\u00e0 di vincita.<\/p>\n<h2>Utilizzo dell&#8217;elenco dei pagamenti<\/h2>\n<p>Ti dice esattamente quanto potresti vincere in base ai numeri che scegli e al bonus. Consideralo come una mappa dei premi: ti dice cosa c&#8217;\u00e8 in palio prima ancora che abbia luogo l&#8217;estrazione.<\/p>\n<h2>Come le scelte influenzano ci\u00f2 che accade<\/h2>\n<p>Se scegli pi\u00f9 numeri, il premio pi\u00f9 alto che puoi vincere aumenta, ma le tue possibilit\u00e0 di indovinarli tutti diminuiscono. Al contrario, un moltiplicatore pi\u00f9 alto aumenta la vincita in caso di vincita, ma devi scommettere pi\u00f9 soldi all&#8217;inizio. Platinum Keno \u00e8 eccitante e rischioso perch\u00e9 devi bilanciare rischio e profitto.<\/p>\n<h2>I posti migliori per trovare i risultati di Platinum Keno<\/h2>\n<p>Non appena Platinum Keno inizia, i risultati pi\u00f9 aggiornati saranno disponibili sulla pagina dei risultati di RedFoxLotto. In questo modo non dovrai uscire dall&#8217;app per tenere traccia delle estrazioni passate e presenti.<\/p>\n<p>Puoi fare quanto segue:<\/p>\n<ul>\n<li>Controllare l&#8217;elenco completo dei numeri estratti per ogni gioco.<\/li>\n<li>Guardare le estrazioni passate per vedere temi e tendenze.<\/li>\n<li>Tenersi aggiornato sulle novit\u00e0 senza dover cercare altrove.<\/li>\n<\/ul>\n<h2>Come scoprire se hai vinto<\/h2>\n<p>Non pi\u00f9 con i biglietti cartacei: Platinum Keno \u00e8 solo un gioco per computer. I tuoi numeri vengono salvati nel tuo account RedFoxLotto immediatamente dopo ogni partita. Puoi controllare i risultati subito dopo ogni estrazione:<\/p>\n<p>Clicca su \u201cI miei biglietti\u201d: questa sezione elenca tutti i biglietti che hai acquistato.<\/p>\n<p>Confronta i tuoi numeri con i risultati: se i tuoi numeri sono uguali a quelli estratti nell&#8217;estrazione vincente, il sistema ti mostrer\u00e0 immediatamente le corrispondenze.<\/p>\n<p>Non appena avrai vinto, ti verr\u00e0 mostrato l&#8217;importo del premio che riceverai. I premi di valore inferiore vengono depositati direttamente sul tuo account, mentre quelli di valore superiore potrebbero essere soggetti a verifica prima di essere trasferiti.<\/p>\n<h2>Effettuare depositi e giocare<\/h2>\n<p>Per giocare a Platinum Keno devi avere denaro sul tuo account RedFoxLotto. Effettuare un deposito \u00e8 facile e sicuro e, una volta aggiunto l&#8217;importo, potrai utilizzarlo immediatamente per acquistare i biglietti.<\/p>\n<h2>Perch\u00e9 puoi fidarti dei risultati<\/h2>\n<p>Ogni premio di Platinum Keno \u00e8 coperto da assicurazione, quindi riceverai i tuoi soldi indietro sia che tu vinca 5 \u20ac o 500.000 \u20ac. RedFoxLotto si assicura che tu venga pagato e l&#8217;RNG garantisce che tutto sia equo.<\/p>\n<h2>In conclusione<\/h2>\n<p>\u00c8 come un mix tra il vecchio modo di estrarre i numeri e la facilit\u00e0 dei giochi per computer. Anche se i punteggi finali non sono ancora stati pubblicati, i giocatori possono aspettarsi:<\/p>\n<ul>\n<li>Estrazione equa verificata dall&#8217;RNG.<\/li>\n<li>Il gioco \u00e8 veloce e i risultati vengono pubblicati ogni pochi minuti.<\/li>\n<li>RedFoxLotto rende facile ottenere i risultati direttamente.<\/li>\n<li>Il tuo account terr\u00e0 automaticamente traccia delle vincite.<\/li>\n<li>Una volta iniziato il gioco, tutto quello che devi fare \u00e8 tornare dopo l&#8217;estrazione per vedere se hai vinto.<\/li>\n<\/ul>\n","protected":false},"excerpt":{"rendered":"<p>Come vengono selezionate le probabilit\u00e0 e dove trovare i risultati nel Platinum Keno Il Platinum Keno sta per diventare uno dei giochi in stile lotteria pi\u00f9 popolari. Presto, i giocatori potranno godersi tutto il divertimento del Keno tradizionale comodamente dai propri schermi, grazie alle estrazioni rapide, alle regole chiare e alla facilit\u00e0 di gioco online. [&hellip;]<\/p>\n","protected":false},"author":8,"featured_media":0,"parent":84407,"menu_order":41,"comment_status":"closed","ping_status":"closed","template":"","meta":{"_et_pb_use_builder":"","_et_pb_old_content":"","_et_gb_content_width":"","exclude_from_search":false,"footnotes":""},"class_list":["post-102069","page","type-page","status-publish","hentry"],"yoast_head":"<!-- This site is optimized with the Yoast SEO plugin v23.8 - https:\/\/yoast.com\/wordpress\/plugins\/seo\/ -->\n<title>Risultati della lotteria Keno per questa estrazione giornaliera online da 5 milioni di euro.<\/title>\n<meta name=\"description\" content=\"Questa lotteria Keno estrae ogni giorno un primo premio da 5 milioni di euro: ottieni qui i risultati delle nostre estrazioni Keno. Abbiamo un gioco Keno da 5 milioni di euro e uno da 10 milioni di euro.\" \/>\n<meta name=\"robots\" content=\"index, follow, max-snippet:-1, max-image-preview:large, max-video-preview:-1\" \/>\n<link rel=\"canonical\" href=\"https:\/\/redfoxlotto.com\/it\/keno\/risultati-della-lotteria-keno\/\" \/>\n<meta property=\"og:locale\" content=\"it_IT\" \/>\n<meta property=\"og:type\" content=\"article\" \/>\n<meta property=\"og:title\" content=\"Risultati della lotteria Keno per questa estrazione giornaliera online da 5 milioni di euro.\" \/>\n<meta property=\"og:description\" content=\"Questa lotteria Keno estrae ogni giorno un primo premio da 5 milioni di euro: ottieni qui i risultati delle nostre estrazioni Keno. Abbiamo un gioco Keno da 5 milioni di euro e uno da 10 milioni di euro.\" \/>\n<meta property=\"og:url\" content=\"https:\/\/redfoxlotto.com\/it\/keno\/risultati-della-lotteria-keno\/\" \/>\n<meta property=\"og:site_name\" content=\"Get Tickets for the World\u2019s largest jackpots\" \/>\n<meta property=\"article:modified_time\" content=\"2026-01-10T07:14:10+00:00\" \/>\n<meta property=\"og:image\" content=\"https:\/\/redfoxlotto.com\/wp-content\/uploads\/2025\/03\/keno_card-300x300.jpg\" \/>\n<meta name=\"twitter:card\" content=\"summary_large_image\" \/>\n<meta name=\"twitter:label1\" content=\"Tempo di lettura stimato\" \/>\n\t<meta name=\"twitter:data1\" content=\"4 minuti\" \/>\n<script type=\"application\/ld+json\" class=\"yoast-schema-graph\">{\"@context\":\"https:\/\/schema.org\",\"@graph\":[{\"@type\":\"WebPage\",\"@id\":\"https:\/\/redfoxlotto.com\/it\/keno\/risultati-della-lotteria-keno\/\",\"url\":\"https:\/\/redfoxlotto.com\/it\/keno\/risultati-della-lotteria-keno\/\",\"name\":\"Risultati della lotteria Keno per questa estrazione giornaliera online da 5 milioni di euro.\",\"isPartOf\":{\"@id\":\"https:\/\/redfoxlotto.com\/it\/#website\"},\"primaryImageOfPage\":{\"@id\":\"https:\/\/redfoxlotto.com\/it\/keno\/risultati-della-lotteria-keno\/#primaryimage\"},\"image\":{\"@id\":\"https:\/\/redfoxlotto.com\/it\/keno\/risultati-della-lotteria-keno\/#primaryimage\"},\"thumbnailUrl\":\"https:\/\/redfoxlotto.com\/wp-content\/uploads\/2025\/03\/keno_card-300x300.jpg\",\"datePublished\":\"2025-05-22T08:53:38+00:00\",\"dateModified\":\"2026-01-10T07:14:10+00:00\",\"description\":\"Questa lotteria Keno estrae ogni giorno un primo premio da 5 milioni di euro: ottieni qui i risultati delle nostre estrazioni Keno. Abbiamo un gioco Keno da 5 milioni di euro e uno da 10 milioni di euro.\",\"breadcrumb\":{\"@id\":\"https:\/\/redfoxlotto.com\/it\/keno\/risultati-della-lotteria-keno\/#breadcrumb\"},\"inLanguage\":\"it-IT\",\"potentialAction\":[{\"@type\":\"ReadAction\",\"target\":[\"https:\/\/redfoxlotto.com\/it\/keno\/risultati-della-lotteria-keno\/\"]}]},{\"@type\":\"ImageObject\",\"inLanguage\":\"it-IT\",\"@id\":\"https:\/\/redfoxlotto.com\/it\/keno\/risultati-della-lotteria-keno\/#primaryimage\",\"url\":\"https:\/\/redfoxlotto.com\/wp-content\/uploads\/2025\/03\/keno_card-300x300.jpg\",\"contentUrl\":\"https:\/\/redfoxlotto.com\/wp-content\/uploads\/2025\/03\/keno_card-300x300.jpg\"},{\"@type\":\"BreadcrumbList\",\"@id\":\"https:\/\/redfoxlotto.com\/it\/keno\/risultati-della-lotteria-keno\/#breadcrumb\",\"itemListElement\":[{\"@type\":\"ListItem\",\"position\":1,\"name\":\"Home\",\"item\":\"https:\/\/redfoxlotto.com\/it\/\"},{\"@type\":\"ListItem\",\"position\":2,\"name\":\"Keno\",\"item\":\"https:\/\/redfoxlotto.com\/it\/keno\/\"},{\"@type\":\"ListItem\",\"position\":3,\"name\":\"Numeri vincenti del Platinum Keno\"}]},{\"@type\":\"WebSite\",\"@id\":\"https:\/\/redfoxlotto.com\/it\/#website\",\"url\":\"https:\/\/redfoxlotto.com\/it\/\",\"name\":\"Get Tickets for the World\u2019s largest jackpots\",\"description\":\"Participate in worldwide lottery jackpots from any country\",\"publisher\":{\"@id\":\"https:\/\/redfoxlotto.com\/it\/#organization\"},\"potentialAction\":[{\"@type\":\"SearchAction\",\"target\":{\"@type\":\"EntryPoint\",\"urlTemplate\":\"https:\/\/redfoxlotto.com\/it\/?s={search_term_string}\"},\"query-input\":{\"@type\":\"PropertyValueSpecification\",\"valueRequired\":true,\"valueName\":\"search_term_string\"}}],\"inLanguage\":\"it-IT\"},{\"@type\":\"Organization\",\"@id\":\"https:\/\/redfoxlotto.com\/it\/#organization\",\"name\":\"Get Tickets for the World\u2019s largest jackpots\",\"url\":\"https:\/\/redfoxlotto.com\/it\/\",\"logo\":{\"@type\":\"ImageObject\",\"inLanguage\":\"it-IT\",\"@id\":\"https:\/\/redfoxlotto.com\/it\/#\/schema\/logo\/image\/\",\"url\":\"https:\/\/redfoxlotto.com\/wp-content\/uploads\/2023\/04\/logo.png\",\"contentUrl\":\"https:\/\/redfoxlotto.com\/wp-content\/uploads\/2023\/04\/logo.png\",\"width\":269,\"height\":53,\"caption\":\"Get Tickets for the World\u2019s largest jackpots\"},\"image\":{\"@id\":\"https:\/\/redfoxlotto.com\/it\/#\/schema\/logo\/image\/\"}}]}<\/script>\n<!-- \/ Yoast SEO plugin. -->","yoast_head_json":{"title":"Risultati della lotteria Keno per questa estrazione giornaliera online da 5 milioni di euro.","description":"Questa lotteria Keno estrae ogni giorno un primo premio da 5 milioni di euro: ottieni qui i risultati delle nostre estrazioni Keno. Abbiamo un gioco Keno da 5 milioni di euro e uno da 10 milioni di euro.","robots":{"index":"index","follow":"follow","max-snippet":"max-snippet:-1","max-image-preview":"max-image-preview:large","max-video-preview":"max-video-preview:-1"},"canonical":"https:\/\/redfoxlotto.com\/it\/keno\/risultati-della-lotteria-keno\/","og_locale":"it_IT","og_type":"article","og_title":"Risultati della lotteria Keno per questa estrazione giornaliera online da 5 milioni di euro.","og_description":"Questa lotteria Keno estrae ogni giorno un primo premio da 5 milioni di euro: ottieni qui i risultati delle nostre estrazioni Keno. Abbiamo un gioco Keno da 5 milioni di euro e uno da 10 milioni di euro.","og_url":"https:\/\/redfoxlotto.com\/it\/keno\/risultati-della-lotteria-keno\/","og_site_name":"Get Tickets for the World\u2019s largest jackpots","article_modified_time":"2026-01-10T07:14:10+00:00","og_image":[{"url":"https:\/\/redfoxlotto.com\/wp-content\/uploads\/2025\/03\/keno_card-300x300.jpg"}],"twitter_card":"summary_large_image","twitter_misc":{"Tempo di lettura stimato":"4 minuti"},"schema":{"@context":"https:\/\/schema.org","@graph":[{"@type":"WebPage","@id":"https:\/\/redfoxlotto.com\/it\/keno\/risultati-della-lotteria-keno\/","url":"https:\/\/redfoxlotto.com\/it\/keno\/risultati-della-lotteria-keno\/","name":"Risultati della lotteria Keno per questa estrazione giornaliera online da 5 milioni di euro.","isPartOf":{"@id":"https:\/\/redfoxlotto.com\/it\/#website"},"primaryImageOfPage":{"@id":"https:\/\/redfoxlotto.com\/it\/keno\/risultati-della-lotteria-keno\/#primaryimage"},"image":{"@id":"https:\/\/redfoxlotto.com\/it\/keno\/risultati-della-lotteria-keno\/#primaryimage"},"thumbnailUrl":"https:\/\/redfoxlotto.com\/wp-content\/uploads\/2025\/03\/keno_card-300x300.jpg","datePublished":"2025-05-22T08:53:38+00:00","dateModified":"2026-01-10T07:14:10+00:00","description":"Questa lotteria Keno estrae ogni giorno un primo premio da 5 milioni di euro: ottieni qui i risultati delle nostre estrazioni Keno. Abbiamo un gioco Keno da 5 milioni di euro e uno da 10 milioni di euro.","breadcrumb":{"@id":"https:\/\/redfoxlotto.com\/it\/keno\/risultati-della-lotteria-keno\/#breadcrumb"},"inLanguage":"it-IT","potentialAction":[{"@type":"ReadAction","target":["https:\/\/redfoxlotto.com\/it\/keno\/risultati-della-lotteria-keno\/"]}]},{"@type":"ImageObject","inLanguage":"it-IT","@id":"https:\/\/redfoxlotto.com\/it\/keno\/risultati-della-lotteria-keno\/#primaryimage","url":"https:\/\/redfoxlotto.com\/wp-content\/uploads\/2025\/03\/keno_card-300x300.jpg","contentUrl":"https:\/\/redfoxlotto.com\/wp-content\/uploads\/2025\/03\/keno_card-300x300.jpg"},{"@type":"BreadcrumbList","@id":"https:\/\/redfoxlotto.com\/it\/keno\/risultati-della-lotteria-keno\/#breadcrumb","itemListElement":[{"@type":"ListItem","position":1,"name":"Home","item":"https:\/\/redfoxlotto.com\/it\/"},{"@type":"ListItem","position":2,"name":"Keno","item":"https:\/\/redfoxlotto.com\/it\/keno\/"},{"@type":"ListItem","position":3,"name":"Numeri vincenti del Platinum Keno"}]},{"@type":"WebSite","@id":"https:\/\/redfoxlotto.com\/it\/#website","url":"https:\/\/redfoxlotto.com\/it\/","name":"Get Tickets for the World\u2019s largest jackpots","description":"Participate in worldwide lottery jackpots from any country","publisher":{"@id":"https:\/\/redfoxlotto.com\/it\/#organization"},"potentialAction":[{"@type":"SearchAction","target":{"@type":"EntryPoint","urlTemplate":"https:\/\/redfoxlotto.com\/it\/?s={search_term_string}"},"query-input":{"@type":"PropertyValueSpecification","valueRequired":true,"valueName":"search_term_string"}}],"inLanguage":"it-IT"},{"@type":"Organization","@id":"https:\/\/redfoxlotto.com\/it\/#organization","name":"Get Tickets for the World\u2019s largest jackpots","url":"https:\/\/redfoxlotto.com\/it\/","logo":{"@type":"ImageObject","inLanguage":"it-IT","@id":"https:\/\/redfoxlotto.com\/it\/#\/schema\/logo\/image\/","url":"https:\/\/redfoxlotto.com\/wp-content\/uploads\/2023\/04\/logo.png","contentUrl":"https:\/\/redfoxlotto.com\/wp-content\/uploads\/2023\/04\/logo.png","width":269,"height":53,"caption":"Get Tickets for the World\u2019s largest jackpots"},"image":{"@id":"https:\/\/redfoxlotto.com\/it\/#\/schema\/logo\/image\/"}}]}},"_links":{"self":[{"href":"https:\/\/redfoxlotto.com\/it\/wp-json\/wp\/v2\/pages\/102069","targetHints":{"allow":["GET"]}}],"collection":[{"href":"https:\/\/redfoxlotto.com\/it\/wp-json\/wp\/v2\/pages"}],"about":[{"href":"https:\/\/redfoxlotto.com\/it\/wp-json\/wp\/v2\/types\/page"}],"author":[{"embeddable":true,"href":"https:\/\/redfoxlotto.com\/it\/wp-json\/wp\/v2\/users\/8"}],"replies":[{"embeddable":true,"href":"https:\/\/redfoxlotto.com\/it\/wp-json\/wp\/v2\/comments?post=102069"}],"version-history":[{"count":0,"href":"https:\/\/redfoxlotto.com\/it\/wp-json\/wp\/v2\/pages\/102069\/revisions"}],"up":[{"embeddable":true,"href":"https:\/\/redfoxlotto.com\/it\/wp-json\/wp\/v2\/pages\/84407"}],"wp:attachment":[{"href":"https:\/\/redfoxlotto.com\/it\/wp-json\/wp\/v2\/media?parent=102069"}],"curies":[{"name":"wp","href":"https:\/\/api.w.org\/{rel}","templated":true}]}}