{"id":55008,"date":"2023-04-24T17:37:44","date_gmt":"2023-04-24T17:37:44","guid":{"rendered":"https:\/\/redfoxlotto.com\/?page_id=14793"},"modified":"2025-12-17T09:05:16","modified_gmt":"2025-12-17T09:05:16","slug":"mega-millions","status":"publish","type":"page","link":"https:\/\/redfoxlotto.com\/id\/beli-tiket-lotere-online\/mega-millions\/","title":{"rendered":"Mainkan Mega Millions dari Indonesia"},"content":{"rendered":"<p><script type=\"application\/ld+json\">\n{\n  \"@context\": \"https:\/\/schema.org\",\n  \"@type\": \"Service\",\n  \"name\": \"Mainkan Mega Millions Online\",\n  \"url\": \"https:\/\/redfoxlotto.com\/id\/beli-tiket-lotere-online\/mega-millions\/\",\n  \"description\": \"Mainkan lotere Mega Millions secara online dari negara mana pun. Kunjungi RedFoxLotto, pilih angka Anda dan dapatkan tiket.\",\n  \"serviceType\": \"Layanan perantara tiket lotere online\",<\/p>\n<p>  \"provider\": {\n    \"@type\": \"Organization\",\n    \"name\": \"RedFoxLotto\",\n    \"url\": \"https:\/\/redfoxlotto.com\/id\/beli-tiket-lotere-online\/mega-millions\/\",\n    \"image\": \"https:\/\/redfoxlotto.com\/wp-content\/uploads\/2025\/12\/ticket_scans.jpg\"\n  },<\/p>\n<p>  \"areaServed\": \"Worldwide\",\n  \"termsOfService\": \"https:\/\/redfoxlotto.com\/terms-and-conditions\",<\/p>\n<p>  \"additionalProperty\": {\n    \"@type\": \"PropertyValue\",\n    \"name\": \"FAQ\",\n    \"value\": \"https:\/\/redfoxlotto.com\/id\/faq\/\"\n  },<\/p>\n<p>  \"hasOfferCatalog\": {\n    \"@type\": \"OfferCatalog\",\n    \"name\": \"Tiket Lotere Mega Millions\",\n    \"itemListElement\": [{\n      \"@type\": \"Offer\",\n      \"name\": \"Tiket Mega Millions\",\n      \"url\": \"https:\/\/redfoxlotto.com\/id\/beli-tiket-lotere-online\/mega-millions\/\",\n      \"description\": \"Pilih angka Anda untuk undian Mega Millions berikutnya dan pesan tiket secara online.\",\n      \"price\": \"13.00\",\n      \"priceCurrency\": \"EUR\",\n      \"availability\": \"https:\/\/schema.org\/InStock\"\n    }]\n  },<\/p>\n<p>  \"mainEntityOfPage\": {\n    \"@type\": \"WebPage\",\n    \"@id\": \"https:\/\/redfoxlotto.com\/id\/beli-tiket-lotere-online\/mega-millions\/\"\n  }\n}\n<\/script><\/p>\n<h2>Kuinka pelata Mega Millionsia<\/h2>\n<p>Sinun ei tarvitse matkustaa Yhdysvaltoihin pelataksesi Mega Millions -lottoa! Oletko jo aiemmin halunnut pelata t\u00e4t\u00e4 eritt\u00e4in suosittua peli\u00e4, mutta et tiennyt, miten voisit tehd\u00e4 sen itse? Ehk\u00e4 olet n\u00e4hnyt t\u00e4m\u00e4n pelin numerot ja valtavat j\u00e4ttipotit ja olet ollut todella kiinnostunut p\u00e4\u00e4sem\u00e4\u00e4n mukaan, mutta luulit, ett\u00e4 vain Yhdysvalloissa asuvat ihmiset voivat pelata.<\/p>\n<p>N\u00e4in ei itse asiassa ole lainkaan. Voit pelata Mega Millionsia my\u00f6s Indonesiasta k\u00e4sin.<br \/>\n<img loading=\"lazy\" decoding=\"async\" class=\"alignright  wp-image-5296\" src=\"https:\/\/content.redfoxlotto.com\/uploads\/sites\/9\/1_play_mega_millions_jackpot.jpg\" alt=\"Mega Millions verkossa\" width=\"216\" height=\"144\"><br \/>\nSe toimii niin, ett\u00e4 me toimitamme sinulle Mega Millions -lippusi palvelumme kautta, jotta voit pelata Mega Millionsia verkossa Yhdistyneess\u00e4 kuningaskunnassa. Voit tilata ne verkkosivuiltamme. Sinun tarvitsee vain valita haluamasi numerot ja kuinka monta lippua haluat.<\/p>\n<p>Sielt\u00e4 yksi edustajistamme Yhdysvalloissa ostaa liput (valitsemillasi numeroilla). Seuraavaksi saat meilt\u00e4 s\u00e4hk\u00f6postiviestin, jossa vahvistamme ostosi. Me hoidamme my\u00f6s voittojesi maksun. Lipun hankkiminen on todella n\u00e4in yksinkertaista. Katso lis\u00e4tietoja palvelustamme FAQ-osastostamme.<\/p>\n<h2>Mega Million -loton s\u00e4\u00e4nn\u00f6t<\/h2>\n<p>Jos haluat pelata Mega Millions -lottoa, sinun on tiedett\u00e4v\u00e4, mitk\u00e4 s\u00e4\u00e4nn\u00f6t oikeastaan ovat, eik\u00f6 niin? No, se ei ole kovin vaikeaa. Pelaajat valitsevat viisi numeroa v\u00e4lilt\u00e4 1-70 sek\u00e4 lis\u00e4numeron v\u00e4lilt\u00e4 1-25. T\u00e4m\u00e4 tarkoittaa, ett\u00e4 sinulla on yhteens\u00e4 6 eri palloa, joihin valitset numerot.<\/p>\n<p>Voit voittaa j\u00e4ttipotin, jos kaikki kuusi numeroa on valittu oikein. Viidell\u00e4 oikealla p\u00e4\u00e4numerolla palkinto on 1 miljoona dollaria. Joten saat silti melko hyv\u00e4n voiton, vaikka et saisikaan Megapalloa.<\/p>\n<h2>Mega Millionsin j\u00e4ttipotti<\/h2>\n<p>Mega Millions -lotto on tunnettu nopeasti kasvavista j\u00e4ttipoteistaan. T\u00e4m\u00e4 johtuu siit\u00e4, ett\u00e4 toisaalta Yhdysvalloissa myyd\u00e4\u00e4n viikosta toiseen satoja miljoonia lippuja. Mutta j\u00e4ttipotti ei useinkaan ratkea viikkoihin kerrallaan. Viel\u00e4 parempaa on se, ett\u00e4 j\u00e4ttipotti alkaa aina v\u00e4hint\u00e4\u00e4n 40 miljoonasta dollarista. Se alkaa yleens\u00e4 hitaasti, noin 10-15 miljoonalla dollarilla per arvonta (arvontoja on kaksi viikossa).<\/p>\n<p>Kun kukaan ei voita p\u00e4\u00e4voittoa, 100 miljoonan dollarin summa saavutetaan nopeasti. Kun t\u00e4m\u00e4 raja on ylitetty, lippuja myyd\u00e4\u00e4n tavallista enemm\u00e4n. J\u00e4ttipotti alkaa &#8220;r\u00e4j\u00e4ht\u00e4\u00e4&#8221;. Nousu 200 miljoonasta 500 miljoonaan viikossa on aivan normaalia.<br \/>\nJa jos j\u00e4ttipottia ei ole voitettu 10 viikon kuluessa, se ylitt\u00e4\u00e4 jopa 1 miljardin dollarin summan, mik\u00e4 tapahtui viimeksi 19.10.2018. Jackpotin voitti lopulta yksi voittaja 23.10.2018, jolloin sen suuruus oli 1,6 miljardia.<\/p>\n<p>Aina kun j\u00e4ttipotin koko on huomattava, sinun kannattaa harkita lipun tilaamista siten, ett\u00e4 se osallistuisi useisiin per\u00e4kk\u00e4isiin arvontoihin. N\u00e4in varmistat, ett\u00e4 olet mukana my\u00f6s seuraavissa, viel\u00e4 suuremmissa j\u00e4ttipoteissa.<\/p>\n<p>On t\u00e4rke\u00e4\u00e4 mainita, ett\u00e4 j\u00e4ttipotin voittaja voi valita kahden vaihtoehdon v\u00e4lill\u00e4. Joko h\u00e4n valitsee saavansa koko summan 30 vuotuisena maksuer\u00e4n\u00e4 (jossa on vuosittainen 5 prosentin korotus inflaation huomioon ottamiseksi) tai h\u00e4n p\u00e4\u00e4tt\u00e4\u00e4 saada v\u00e4litt\u00f6m\u00e4n kertamaksun. T\u00e4m\u00e4 maksu olisi pienempi kuin koko j\u00e4ttipotin m\u00e4\u00e4r\u00e4, mutta voittajan ei tarvitse huolehtia siit\u00e4, ett\u00e4 h\u00e4n saa n\u00e4m\u00e4 maksut joka vuosi.<\/p>\n<h2>Onko t\u00e4m\u00e4 palvelu laillinen Indonesian pelaajille?<\/h2>\n<p><img loading=\"lazy\" decoding=\"async\" class=\"alignright size-full wp-image-4455\" src=\"https:\/\/content.redfoxlotto.com\/uploads\/sites\/9\/2_ticket_mega_millions.jpg\" alt=\"pelata Yhdistyneest\u00e4 kuningaskunnasta\" width=\"212\" height=\"142\"><\/p>\n<p>Tietenkin, jos edes harkitset t\u00e4t\u00e4, saatat mietti\u00e4, voitko pelata t\u00e4t\u00e4, jos et asu Yhdysvalloissa. Monet ihmiset luulevat, ett\u00e4 heid\u00e4n t\u00e4ytyy asua maassa, jossa on lottopeli, jota he haluavat pelata, jotta he voivat pelata sit\u00e4. T\u00e4m\u00e4 on 100-prosenttisesti laillista pelaajille kaikista maista, my\u00f6s Indonesiasta.<\/p>\n<p>Periaatteessa se on kuin ostaisit Mega Millionsin lipun oleskellessasi Yhdysvalloissa. Koska Yhdysvalloissa lottokuponkeja saa myyd\u00e4 kaikille yli 18-vuotiaille, ulkomaalaiset voivat voittaa laillisesti. Viime k\u00e4dess\u00e4 t\u00e4rkeint\u00e4 on vain se, ett\u00e4 sinulla on lippu. Lis\u00e4ksi me varmistamme, ett\u00e4 saat voittamasi summan maksettua. Suuremmista voitoista (yli 2500 euroa) saat yleens\u00e4 shekin tai pankkisiirron.<\/p>\n<p>Pienempien voittojen kohdalla saat voitot helposti suoraan verkkosivustomme kautta, ja voit pit\u00e4\u00e4 ne tilill\u00e4si ostaaksesi my\u00f6hemmin lis\u00e4\u00e4 lippuja tai voit siirt\u00e4\u00e4 ne muille tileillesi, jotta voit saada k\u00e4teist\u00e4 rahaa mihin tahansa haluamaasi tarkoitukseen. Se on oikeastaan yht\u00e4 yksinkertaista. Tietenk\u00e4\u00e4n pienet palkinnot eiv\u00e4t kuitenkaan kiinnosta sinua.<\/p>\n<p>Tosin siin\u00e4 tapauksessa, ett\u00e4 voitat j\u00e4ttipotin pelatessasi Mega Millionsia verkossa Indonesiasta k\u00e4sin, sinun on matkustettava Yhdysvaltoihin, jossa shekkisi luovutetaan sinulle henkil\u00f6kohtaisesti. Varmasti olisit iloinen ja innostunut tekem\u00e4\u00e4n tuon matkan! Lottosta vastaavat ihmiset Yhdysvalloissa rakastavat tehd\u00e4 suuren show&#8217;n henkil\u00f6st\u00e4 tai henkil\u00f6ist\u00e4, jotka voittavat j\u00e4ttipotin.<\/p>\n<p>Se tarkoittaa, ett\u00e4 he haluavat ojentaa suuren shekin ja ottaa paljon kuvia ja n\u00e4ytt\u00e4\u00e4 sen televisiossa, mutta jos saat miljoonia (tai jopa yli miljardi) dollaria, se ei varmasti ole ongelma, eik\u00f6 niin?<\/p>\n<p>Onko seuraava Mega Millionsin j\u00e4ttipotti varattu sinulle? Kokeile onneasi nyt &#8211; et voi voittaa, jos et osta lippua!<\/p>\n","protected":false},"excerpt":{"rendered":"<p>Kuinka pelata Mega Millionsia Sinun ei tarvitse matkustaa Yhdysvaltoihin pelataksesi Mega Millions -lottoa! Oletko jo aiemmin halunnut pelata t\u00e4t\u00e4 eritt\u00e4in suosittua peli\u00e4, mutta et tiennyt, miten voisit tehd\u00e4 sen itse? Ehk\u00e4 olet n\u00e4hnyt t\u00e4m\u00e4n pelin numerot ja valtavat j\u00e4ttipotit ja olet ollut todella kiinnostunut p\u00e4\u00e4sem\u00e4\u00e4n mukaan, mutta luulit, ett\u00e4 vain Yhdysvalloissa asuvat ihmiset voivat pelata. [&hellip;]<\/p>\n","protected":false},"author":1,"featured_media":0,"parent":54996,"menu_order":2,"comment_status":"closed","ping_status":"closed","template":"megamillion.php","meta":{"_et_pb_use_builder":"","_et_pb_old_content":"","_et_gb_content_width":"","exclude_from_search":false,"footnotes":""},"class_list":["post-55008","page","type-page","status-publish","hentry"],"yoast_head":"<!-- This site is optimized with the Yoast SEO plugin v23.8 - https:\/\/yoast.com\/wordpress\/plugins\/seo\/ -->\n<title>Mainkan Mega Millions Online | Bagaimana penduduk Inggris dapat berpartisipasi dalam Mega Millions<\/title>\n<meta name=\"description\" content=\"Pesan tiket Mega Millions Anda di sini - mainkan Mega Millions dari Indonesia atau negara lainnya!\" \/>\n<meta name=\"robots\" content=\"index, follow, max-snippet:-1, max-image-preview:large, max-video-preview:-1\" \/>\n<link rel=\"canonical\" href=\"https:\/\/redfoxlotto.com\/id\/beli-tiket-lotere-online\/mega-millions\/\" \/>\n<meta property=\"og:locale\" content=\"id_ID\" \/>\n<meta property=\"og:type\" content=\"article\" \/>\n<meta property=\"og:title\" content=\"Mainkan Mega Millions Online | Bagaimana penduduk Inggris dapat berpartisipasi dalam Mega Millions\" \/>\n<meta property=\"og:description\" content=\"Pesan tiket Mega Millions Anda di sini - mainkan Mega Millions dari Indonesia atau negara lainnya!\" \/>\n<meta property=\"og:url\" content=\"https:\/\/redfoxlotto.com\/id\/beli-tiket-lotere-online\/mega-millions\/\" \/>\n<meta property=\"og:site_name\" content=\"Get Tickets for the World\u2019s largest jackpots\" \/>\n<meta property=\"article:modified_time\" content=\"2025-12-17T09:05:16+00:00\" \/>\n<meta property=\"og:image\" content=\"https:\/\/content.redfoxlotto.com\/uploads\/sites\/9\/1_play_mega_millions_jackpot.jpg\" \/>\n<meta name=\"twitter:card\" content=\"summary_large_image\" \/>\n<meta name=\"twitter:label1\" content=\"Estimasi waktu membaca\" \/>\n\t<meta name=\"twitter:data1\" content=\"4 menit\" \/>\n<script type=\"application\/ld+json\" class=\"yoast-schema-graph\">{\"@context\":\"https:\/\/schema.org\",\"@graph\":[{\"@type\":\"WebPage\",\"@id\":\"https:\/\/redfoxlotto.com\/id\/beli-tiket-lotere-online\/mega-millions\/\",\"url\":\"https:\/\/redfoxlotto.com\/id\/beli-tiket-lotere-online\/mega-millions\/\",\"name\":\"Mainkan Mega Millions Online | Bagaimana penduduk Inggris dapat berpartisipasi dalam Mega Millions\",\"isPartOf\":{\"@id\":\"https:\/\/redfoxlotto.com\/id\/#website\"},\"primaryImageOfPage\":{\"@id\":\"https:\/\/redfoxlotto.com\/id\/beli-tiket-lotere-online\/mega-millions\/#primaryimage\"},\"image\":{\"@id\":\"https:\/\/redfoxlotto.com\/id\/beli-tiket-lotere-online\/mega-millions\/#primaryimage\"},\"thumbnailUrl\":\"https:\/\/content.redfoxlotto.com\/uploads\/sites\/9\/1_play_mega_millions_jackpot.jpg\",\"datePublished\":\"2023-04-24T17:37:44+00:00\",\"dateModified\":\"2025-12-17T09:05:16+00:00\",\"description\":\"Pesan tiket Mega Millions Anda di sini - mainkan Mega Millions dari Indonesia atau negara lainnya!\",\"breadcrumb\":{\"@id\":\"https:\/\/redfoxlotto.com\/id\/beli-tiket-lotere-online\/mega-millions\/#breadcrumb\"},\"inLanguage\":\"id\",\"potentialAction\":[{\"@type\":\"ReadAction\",\"target\":[\"https:\/\/redfoxlotto.com\/id\/beli-tiket-lotere-online\/mega-millions\/\"]}]},{\"@type\":\"ImageObject\",\"inLanguage\":\"id\",\"@id\":\"https:\/\/redfoxlotto.com\/id\/beli-tiket-lotere-online\/mega-millions\/#primaryimage\",\"url\":\"https:\/\/content.redfoxlotto.com\/uploads\/sites\/9\/1_play_mega_millions_jackpot.jpg\",\"contentUrl\":\"https:\/\/content.redfoxlotto.com\/uploads\/sites\/9\/1_play_mega_millions_jackpot.jpg\"},{\"@type\":\"BreadcrumbList\",\"@id\":\"https:\/\/redfoxlotto.com\/id\/beli-tiket-lotere-online\/mega-millions\/#breadcrumb\",\"itemListElement\":[{\"@type\":\"ListItem\",\"position\":1,\"name\":\"Home\",\"item\":\"https:\/\/redfoxlotto.com\/id\/\"},{\"@type\":\"ListItem\",\"position\":2,\"name\":\"Cara bermain lotere negara lain\",\"item\":\"https:\/\/redfoxlotto.com\/id\/beli-tiket-lotere-online\/\"},{\"@type\":\"ListItem\",\"position\":3,\"name\":\"Mainkan Mega Millions dari Indonesia\"}]},{\"@type\":\"WebSite\",\"@id\":\"https:\/\/redfoxlotto.com\/id\/#website\",\"url\":\"https:\/\/redfoxlotto.com\/id\/\",\"name\":\"Get Tickets for the World\u2019s largest jackpots\",\"description\":\"Participate in worldwide lottery jackpots from any country\",\"publisher\":{\"@id\":\"https:\/\/redfoxlotto.com\/id\/#organization\"},\"potentialAction\":[{\"@type\":\"SearchAction\",\"target\":{\"@type\":\"EntryPoint\",\"urlTemplate\":\"https:\/\/redfoxlotto.com\/id\/?s={search_term_string}\"},\"query-input\":{\"@type\":\"PropertyValueSpecification\",\"valueRequired\":true,\"valueName\":\"search_term_string\"}}],\"inLanguage\":\"id\"},{\"@type\":\"Organization\",\"@id\":\"https:\/\/redfoxlotto.com\/id\/#organization\",\"name\":\"Get Tickets for the World\u2019s largest jackpots\",\"url\":\"https:\/\/redfoxlotto.com\/id\/\",\"logo\":{\"@type\":\"ImageObject\",\"inLanguage\":\"id\",\"@id\":\"https:\/\/redfoxlotto.com\/id\/#\/schema\/logo\/image\/\",\"url\":\"https:\/\/redfoxlotto.com\/wp-content\/uploads\/2023\/04\/logo.png\",\"contentUrl\":\"https:\/\/redfoxlotto.com\/wp-content\/uploads\/2023\/04\/logo.png\",\"width\":269,\"height\":53,\"caption\":\"Get Tickets for the World\u2019s largest jackpots\"},\"image\":{\"@id\":\"https:\/\/redfoxlotto.com\/id\/#\/schema\/logo\/image\/\"}}]}<\/script>\n<!-- \/ Yoast SEO plugin. -->","yoast_head_json":{"title":"Mainkan Mega Millions Online | Bagaimana penduduk Inggris dapat berpartisipasi dalam Mega Millions","description":"Pesan tiket Mega Millions Anda di sini - mainkan Mega Millions dari Indonesia atau negara lainnya!","robots":{"index":"index","follow":"follow","max-snippet":"max-snippet:-1","max-image-preview":"max-image-preview:large","max-video-preview":"max-video-preview:-1"},"canonical":"https:\/\/redfoxlotto.com\/id\/beli-tiket-lotere-online\/mega-millions\/","og_locale":"id_ID","og_type":"article","og_title":"Mainkan Mega Millions Online | Bagaimana penduduk Inggris dapat berpartisipasi dalam Mega Millions","og_description":"Pesan tiket Mega Millions Anda di sini - mainkan Mega Millions dari Indonesia atau negara lainnya!","og_url":"https:\/\/redfoxlotto.com\/id\/beli-tiket-lotere-online\/mega-millions\/","og_site_name":"Get Tickets for the World\u2019s largest jackpots","article_modified_time":"2025-12-17T09:05:16+00:00","og_image":[{"url":"https:\/\/content.redfoxlotto.com\/uploads\/sites\/9\/1_play_mega_millions_jackpot.jpg"}],"twitter_card":"summary_large_image","twitter_misc":{"Estimasi waktu membaca":"4 menit"},"schema":{"@context":"https:\/\/schema.org","@graph":[{"@type":"WebPage","@id":"https:\/\/redfoxlotto.com\/id\/beli-tiket-lotere-online\/mega-millions\/","url":"https:\/\/redfoxlotto.com\/id\/beli-tiket-lotere-online\/mega-millions\/","name":"Mainkan Mega Millions Online | Bagaimana penduduk Inggris dapat berpartisipasi dalam Mega Millions","isPartOf":{"@id":"https:\/\/redfoxlotto.com\/id\/#website"},"primaryImageOfPage":{"@id":"https:\/\/redfoxlotto.com\/id\/beli-tiket-lotere-online\/mega-millions\/#primaryimage"},"image":{"@id":"https:\/\/redfoxlotto.com\/id\/beli-tiket-lotere-online\/mega-millions\/#primaryimage"},"thumbnailUrl":"https:\/\/content.redfoxlotto.com\/uploads\/sites\/9\/1_play_mega_millions_jackpot.jpg","datePublished":"2023-04-24T17:37:44+00:00","dateModified":"2025-12-17T09:05:16+00:00","description":"Pesan tiket Mega Millions Anda di sini - mainkan Mega Millions dari Indonesia atau negara lainnya!","breadcrumb":{"@id":"https:\/\/redfoxlotto.com\/id\/beli-tiket-lotere-online\/mega-millions\/#breadcrumb"},"inLanguage":"id","potentialAction":[{"@type":"ReadAction","target":["https:\/\/redfoxlotto.com\/id\/beli-tiket-lotere-online\/mega-millions\/"]}]},{"@type":"ImageObject","inLanguage":"id","@id":"https:\/\/redfoxlotto.com\/id\/beli-tiket-lotere-online\/mega-millions\/#primaryimage","url":"https:\/\/content.redfoxlotto.com\/uploads\/sites\/9\/1_play_mega_millions_jackpot.jpg","contentUrl":"https:\/\/content.redfoxlotto.com\/uploads\/sites\/9\/1_play_mega_millions_jackpot.jpg"},{"@type":"BreadcrumbList","@id":"https:\/\/redfoxlotto.com\/id\/beli-tiket-lotere-online\/mega-millions\/#breadcrumb","itemListElement":[{"@type":"ListItem","position":1,"name":"Home","item":"https:\/\/redfoxlotto.com\/id\/"},{"@type":"ListItem","position":2,"name":"Cara bermain lotere negara lain","item":"https:\/\/redfoxlotto.com\/id\/beli-tiket-lotere-online\/"},{"@type":"ListItem","position":3,"name":"Mainkan Mega Millions dari Indonesia"}]},{"@type":"WebSite","@id":"https:\/\/redfoxlotto.com\/id\/#website","url":"https:\/\/redfoxlotto.com\/id\/","name":"Get Tickets for the World\u2019s largest jackpots","description":"Participate in worldwide lottery jackpots from any country","publisher":{"@id":"https:\/\/redfoxlotto.com\/id\/#organization"},"potentialAction":[{"@type":"SearchAction","target":{"@type":"EntryPoint","urlTemplate":"https:\/\/redfoxlotto.com\/id\/?s={search_term_string}"},"query-input":{"@type":"PropertyValueSpecification","valueRequired":true,"valueName":"search_term_string"}}],"inLanguage":"id"},{"@type":"Organization","@id":"https:\/\/redfoxlotto.com\/id\/#organization","name":"Get Tickets for the World\u2019s largest jackpots","url":"https:\/\/redfoxlotto.com\/id\/","logo":{"@type":"ImageObject","inLanguage":"id","@id":"https:\/\/redfoxlotto.com\/id\/#\/schema\/logo\/image\/","url":"https:\/\/redfoxlotto.com\/wp-content\/uploads\/2023\/04\/logo.png","contentUrl":"https:\/\/redfoxlotto.com\/wp-content\/uploads\/2023\/04\/logo.png","width":269,"height":53,"caption":"Get Tickets for the World\u2019s largest jackpots"},"image":{"@id":"https:\/\/redfoxlotto.com\/id\/#\/schema\/logo\/image\/"}}]}},"_links":{"self":[{"href":"https:\/\/redfoxlotto.com\/id\/wp-json\/wp\/v2\/pages\/55008","targetHints":{"allow":["GET"]}}],"collection":[{"href":"https:\/\/redfoxlotto.com\/id\/wp-json\/wp\/v2\/pages"}],"about":[{"href":"https:\/\/redfoxlotto.com\/id\/wp-json\/wp\/v2\/types\/page"}],"author":[{"embeddable":true,"href":"https:\/\/redfoxlotto.com\/id\/wp-json\/wp\/v2\/users\/1"}],"replies":[{"embeddable":true,"href":"https:\/\/redfoxlotto.com\/id\/wp-json\/wp\/v2\/comments?post=55008"}],"version-history":[{"count":0,"href":"https:\/\/redfoxlotto.com\/id\/wp-json\/wp\/v2\/pages\/55008\/revisions"}],"up":[{"embeddable":true,"href":"https:\/\/redfoxlotto.com\/id\/wp-json\/wp\/v2\/pages\/54996"}],"wp:attachment":[{"href":"https:\/\/redfoxlotto.com\/id\/wp-json\/wp\/v2\/media?parent=55008"}],"curies":[{"name":"wp","href":"https:\/\/api.w.org\/{rel}","templated":true}]}}