{"id":54999,"date":"2023-05-13T06:20:30","date_gmt":"2023-05-13T06:20:30","guid":{"rendered":"https:\/\/redfoxlotto.com\/?page_id=14772"},"modified":"2022-10-26T09:39:28","modified_gmt":"2022-10-26T09:39:28","slug":"el-gordo-primitiva","status":"publish","type":"page","link":"https:\/\/redfoxlotto.com\/id\/beli-tiket-lotere-online\/el-gordo-primitiva\/","title":{"rendered":"Pelaa El Gordo"},"content":{"rendered":"<p>El Gordo on toinen eritt\u00e4in suosittu espanjalainen lotto, jota voit pelata verkossa, Yhdistyneest\u00e4 kuningaskunnasta tai mist\u00e4 tahansa muualta. T\u00e4m\u00e4 arpajaiset tunnetaan l\u00e4hinn\u00e4 jouluarvonnastaan, mutta my\u00f6s viikoittaisen arvonnan pelaaminen on varsin houkuttelevaa.<\/p>\n<h2>El Gordon joulupainos<\/h2>\n<p><img loading=\"lazy\" decoding=\"async\" class=\" wp-image alignright\" src=\"https:\/\/content.redfoxlotto.com\/uploads\/sites\/9\/2_ticket_el_gordo3.jpg\" alt=\"El Gordo Espanja pelata verkossa\" width=\"250\" height=\"125\"><\/p>\n<p>T\u00e4t\u00e4 arpajaista varten myyd\u00e4\u00e4n 100 000 numeroitua lippua. Yhden kokonaisen arvan hinta on 200 \u20ac. Mutta my\u00f6s murto-osia, niin sanottuja &#8220;Decimoja&#8221;, voi ostaa. Arvonta on suuri seremonia, jossa lapset laulavat arvottuja numeroita.<\/p>\n<p>Paikalla on suuri py\u00f6re\u00e4 h\u00e4kki, jossa on 100 000 puupalloa, joissa on lippujen numerot. Sitten on toinen h\u00e4kki, jossa on 1807 palloa, jotka m\u00e4\u00e4r\u00e4\u00e4v\u00e4t, mik\u00e4 palkinto voitetaan. Yksi n\u00e4ist\u00e4 palloista on &#8220;El Gordo&#8221; eli j\u00e4ttipotti. Kaksi palloa arvotaan yht\u00e4 aikaa, ja lapset laulavat tulokset.<\/p>\n<p><img loading=\"lazy\" decoding=\"async\" class=\" wp-image alignright\" src=\"https:\/\/content.redfoxlotto.com\/uploads\/sites\/9\/1_buy_lottery_ticket_online.jpg\" alt=\"voittaa El Gordo\" width=\"250\" height=\"125\"><\/p>\n<p>Heti kun t\u00e4m\u00e4n arvonnan liput ovat saatavilla, voit ostaa ne t\u00e4\u00e4lt\u00e4 sivustoltamme. T\u00e4m\u00e4 verkkopalvelumme on saatavilla my\u00f6s Ison-Britannian lottopelaajille.<\/p>\n","protected":false},"excerpt":{"rendered":"<p>El Gordo on toinen eritt\u00e4in suosittu espanjalainen lotto, jota voit pelata verkossa, Yhdistyneest\u00e4 kuningaskunnasta tai mist\u00e4 tahansa muualta. T\u00e4m\u00e4 arpajaiset tunnetaan l\u00e4hinn\u00e4 jouluarvonnastaan, mutta my\u00f6s viikoittaisen arvonnan pelaaminen on varsin houkuttelevaa. El Gordon joulupainos T\u00e4t\u00e4 arpajaista varten myyd\u00e4\u00e4n 100 000 numeroitua lippua. Yhden kokonaisen arvan hinta on 200 \u20ac. Mutta my\u00f6s murto-osia, niin sanottuja &#8220;Decimoja&#8221;, [&hellip;]<\/p>\n","protected":false},"author":1,"featured_media":0,"parent":54996,"menu_order":6,"comment_status":"closed","ping_status":"closed","template":"el-gordo.php","meta":{"_et_pb_use_builder":"","_et_pb_old_content":"","_et_gb_content_width":"","exclude_from_search":false,"footnotes":""},"class_list":["post-54999","page","type-page","status-publish","hentry"],"yoast_head":"<!-- This site is optimized with the Yoast SEO plugin v23.8 - https:\/\/yoast.com\/wordpress\/plugins\/seo\/ -->\n<title>Mainkan El Gordo online | Warga Inggris sekarang dapat memainkan El Gordo online<\/title>\n<meta name=\"description\" content=\"El Gordo adalah lotere paling populer di Spanyol, dan pemain dari Indonesia bisa mendapatkan tiket El Gordo di situs kami\" \/>\n<meta name=\"robots\" content=\"index, follow, max-snippet:-1, max-image-preview:large, max-video-preview:-1\" \/>\n<link rel=\"canonical\" href=\"https:\/\/redfoxlotto.com\/id\/beli-tiket-lotere-online\/el-gordo-primitiva\/\" \/>\n<meta property=\"og:locale\" content=\"id_ID\" \/>\n<meta property=\"og:type\" content=\"article\" \/>\n<meta property=\"og:title\" content=\"Mainkan El Gordo online | Warga Inggris sekarang dapat memainkan El Gordo online\" \/>\n<meta property=\"og:description\" content=\"El Gordo adalah lotere paling populer di Spanyol, dan pemain dari Indonesia bisa mendapatkan tiket El Gordo di situs kami\" \/>\n<meta property=\"og:url\" content=\"https:\/\/redfoxlotto.com\/id\/beli-tiket-lotere-online\/el-gordo-primitiva\/\" \/>\n<meta property=\"og:site_name\" content=\"Get Tickets for the World\u2019s largest jackpots\" \/>\n<meta property=\"article:modified_time\" content=\"2022-10-26T09:39:28+00:00\" \/>\n<meta property=\"og:image\" content=\"https:\/\/content.redfoxlotto.com\/uploads\/sites\/9\/2_ticket_el_gordo3.jpg\" \/>\n<meta name=\"twitter:card\" content=\"summary_large_image\" \/>\n<meta name=\"twitter:label1\" content=\"Estimasi waktu membaca\" \/>\n\t<meta name=\"twitter:data1\" content=\"2 menit\" \/>\n<script type=\"application\/ld+json\" class=\"yoast-schema-graph\">{\"@context\":\"https:\/\/schema.org\",\"@graph\":[{\"@type\":\"WebPage\",\"@id\":\"https:\/\/redfoxlotto.com\/id\/beli-tiket-lotere-online\/el-gordo-primitiva\/\",\"url\":\"https:\/\/redfoxlotto.com\/id\/beli-tiket-lotere-online\/el-gordo-primitiva\/\",\"name\":\"Mainkan El Gordo online | Warga Inggris sekarang dapat memainkan El Gordo online\",\"isPartOf\":{\"@id\":\"https:\/\/redfoxlotto.com\/id\/#website\"},\"primaryImageOfPage\":{\"@id\":\"https:\/\/redfoxlotto.com\/id\/beli-tiket-lotere-online\/el-gordo-primitiva\/#primaryimage\"},\"image\":{\"@id\":\"https:\/\/redfoxlotto.com\/id\/beli-tiket-lotere-online\/el-gordo-primitiva\/#primaryimage\"},\"thumbnailUrl\":\"https:\/\/content.redfoxlotto.com\/uploads\/sites\/9\/2_ticket_el_gordo3.jpg\",\"datePublished\":\"2023-05-13T06:20:30+00:00\",\"dateModified\":\"2022-10-26T09:39:28+00:00\",\"description\":\"El Gordo adalah lotere paling populer di Spanyol, dan pemain dari Indonesia bisa mendapatkan tiket El Gordo di situs kami\",\"breadcrumb\":{\"@id\":\"https:\/\/redfoxlotto.com\/id\/beli-tiket-lotere-online\/el-gordo-primitiva\/#breadcrumb\"},\"inLanguage\":\"id\",\"potentialAction\":[{\"@type\":\"ReadAction\",\"target\":[\"https:\/\/redfoxlotto.com\/id\/beli-tiket-lotere-online\/el-gordo-primitiva\/\"]}]},{\"@type\":\"ImageObject\",\"inLanguage\":\"id\",\"@id\":\"https:\/\/redfoxlotto.com\/id\/beli-tiket-lotere-online\/el-gordo-primitiva\/#primaryimage\",\"url\":\"https:\/\/content.redfoxlotto.com\/uploads\/sites\/9\/2_ticket_el_gordo3.jpg\",\"contentUrl\":\"https:\/\/content.redfoxlotto.com\/uploads\/sites\/9\/2_ticket_el_gordo3.jpg\"},{\"@type\":\"BreadcrumbList\",\"@id\":\"https:\/\/redfoxlotto.com\/id\/beli-tiket-lotere-online\/el-gordo-primitiva\/#breadcrumb\",\"itemListElement\":[{\"@type\":\"ListItem\",\"position\":1,\"name\":\"Home\",\"item\":\"https:\/\/redfoxlotto.com\/id\/\"},{\"@type\":\"ListItem\",\"position\":2,\"name\":\"Cara bermain lotere negara lain\",\"item\":\"https:\/\/redfoxlotto.com\/id\/beli-tiket-lotere-online\/\"},{\"@type\":\"ListItem\",\"position\":3,\"name\":\"Pelaa El Gordo\"}]},{\"@type\":\"WebSite\",\"@id\":\"https:\/\/redfoxlotto.com\/id\/#website\",\"url\":\"https:\/\/redfoxlotto.com\/id\/\",\"name\":\"Get Tickets for the World\u2019s largest jackpots\",\"description\":\"Participate in worldwide lottery jackpots from any country\",\"publisher\":{\"@id\":\"https:\/\/redfoxlotto.com\/id\/#organization\"},\"potentialAction\":[{\"@type\":\"SearchAction\",\"target\":{\"@type\":\"EntryPoint\",\"urlTemplate\":\"https:\/\/redfoxlotto.com\/id\/?s={search_term_string}\"},\"query-input\":{\"@type\":\"PropertyValueSpecification\",\"valueRequired\":true,\"valueName\":\"search_term_string\"}}],\"inLanguage\":\"id\"},{\"@type\":\"Organization\",\"@id\":\"https:\/\/redfoxlotto.com\/id\/#organization\",\"name\":\"Get Tickets for the World\u2019s largest jackpots\",\"url\":\"https:\/\/redfoxlotto.com\/id\/\",\"logo\":{\"@type\":\"ImageObject\",\"inLanguage\":\"id\",\"@id\":\"https:\/\/redfoxlotto.com\/id\/#\/schema\/logo\/image\/\",\"url\":\"https:\/\/redfoxlotto.com\/wp-content\/uploads\/2023\/04\/logo.png\",\"contentUrl\":\"https:\/\/redfoxlotto.com\/wp-content\/uploads\/2023\/04\/logo.png\",\"width\":269,\"height\":53,\"caption\":\"Get Tickets for the World\u2019s largest jackpots\"},\"image\":{\"@id\":\"https:\/\/redfoxlotto.com\/id\/#\/schema\/logo\/image\/\"}}]}<\/script>\n<!-- \/ Yoast SEO plugin. -->","yoast_head_json":{"title":"Mainkan El Gordo online | Warga Inggris sekarang dapat memainkan El Gordo online","description":"El Gordo adalah lotere paling populer di Spanyol, dan pemain dari Indonesia bisa mendapatkan tiket El Gordo di situs kami","robots":{"index":"index","follow":"follow","max-snippet":"max-snippet:-1","max-image-preview":"max-image-preview:large","max-video-preview":"max-video-preview:-1"},"canonical":"https:\/\/redfoxlotto.com\/id\/beli-tiket-lotere-online\/el-gordo-primitiva\/","og_locale":"id_ID","og_type":"article","og_title":"Mainkan El Gordo online | Warga Inggris sekarang dapat memainkan El Gordo online","og_description":"El Gordo adalah lotere paling populer di Spanyol, dan pemain dari Indonesia bisa mendapatkan tiket El Gordo di situs kami","og_url":"https:\/\/redfoxlotto.com\/id\/beli-tiket-lotere-online\/el-gordo-primitiva\/","og_site_name":"Get Tickets for the World\u2019s largest jackpots","article_modified_time":"2022-10-26T09:39:28+00:00","og_image":[{"url":"https:\/\/content.redfoxlotto.com\/uploads\/sites\/9\/2_ticket_el_gordo3.jpg"}],"twitter_card":"summary_large_image","twitter_misc":{"Estimasi waktu membaca":"2 menit"},"schema":{"@context":"https:\/\/schema.org","@graph":[{"@type":"WebPage","@id":"https:\/\/redfoxlotto.com\/id\/beli-tiket-lotere-online\/el-gordo-primitiva\/","url":"https:\/\/redfoxlotto.com\/id\/beli-tiket-lotere-online\/el-gordo-primitiva\/","name":"Mainkan El Gordo online | Warga Inggris sekarang dapat memainkan El Gordo online","isPartOf":{"@id":"https:\/\/redfoxlotto.com\/id\/#website"},"primaryImageOfPage":{"@id":"https:\/\/redfoxlotto.com\/id\/beli-tiket-lotere-online\/el-gordo-primitiva\/#primaryimage"},"image":{"@id":"https:\/\/redfoxlotto.com\/id\/beli-tiket-lotere-online\/el-gordo-primitiva\/#primaryimage"},"thumbnailUrl":"https:\/\/content.redfoxlotto.com\/uploads\/sites\/9\/2_ticket_el_gordo3.jpg","datePublished":"2023-05-13T06:20:30+00:00","dateModified":"2022-10-26T09:39:28+00:00","description":"El Gordo adalah lotere paling populer di Spanyol, dan pemain dari Indonesia bisa mendapatkan tiket El Gordo di situs kami","breadcrumb":{"@id":"https:\/\/redfoxlotto.com\/id\/beli-tiket-lotere-online\/el-gordo-primitiva\/#breadcrumb"},"inLanguage":"id","potentialAction":[{"@type":"ReadAction","target":["https:\/\/redfoxlotto.com\/id\/beli-tiket-lotere-online\/el-gordo-primitiva\/"]}]},{"@type":"ImageObject","inLanguage":"id","@id":"https:\/\/redfoxlotto.com\/id\/beli-tiket-lotere-online\/el-gordo-primitiva\/#primaryimage","url":"https:\/\/content.redfoxlotto.com\/uploads\/sites\/9\/2_ticket_el_gordo3.jpg","contentUrl":"https:\/\/content.redfoxlotto.com\/uploads\/sites\/9\/2_ticket_el_gordo3.jpg"},{"@type":"BreadcrumbList","@id":"https:\/\/redfoxlotto.com\/id\/beli-tiket-lotere-online\/el-gordo-primitiva\/#breadcrumb","itemListElement":[{"@type":"ListItem","position":1,"name":"Home","item":"https:\/\/redfoxlotto.com\/id\/"},{"@type":"ListItem","position":2,"name":"Cara bermain lotere negara lain","item":"https:\/\/redfoxlotto.com\/id\/beli-tiket-lotere-online\/"},{"@type":"ListItem","position":3,"name":"Pelaa El Gordo"}]},{"@type":"WebSite","@id":"https:\/\/redfoxlotto.com\/id\/#website","url":"https:\/\/redfoxlotto.com\/id\/","name":"Get Tickets for the World\u2019s largest jackpots","description":"Participate in worldwide lottery jackpots from any country","publisher":{"@id":"https:\/\/redfoxlotto.com\/id\/#organization"},"potentialAction":[{"@type":"SearchAction","target":{"@type":"EntryPoint","urlTemplate":"https:\/\/redfoxlotto.com\/id\/?s={search_term_string}"},"query-input":{"@type":"PropertyValueSpecification","valueRequired":true,"valueName":"search_term_string"}}],"inLanguage":"id"},{"@type":"Organization","@id":"https:\/\/redfoxlotto.com\/id\/#organization","name":"Get Tickets for the World\u2019s largest jackpots","url":"https:\/\/redfoxlotto.com\/id\/","logo":{"@type":"ImageObject","inLanguage":"id","@id":"https:\/\/redfoxlotto.com\/id\/#\/schema\/logo\/image\/","url":"https:\/\/redfoxlotto.com\/wp-content\/uploads\/2023\/04\/logo.png","contentUrl":"https:\/\/redfoxlotto.com\/wp-content\/uploads\/2023\/04\/logo.png","width":269,"height":53,"caption":"Get Tickets for the World\u2019s largest jackpots"},"image":{"@id":"https:\/\/redfoxlotto.com\/id\/#\/schema\/logo\/image\/"}}]}},"_links":{"self":[{"href":"https:\/\/redfoxlotto.com\/id\/wp-json\/wp\/v2\/pages\/54999","targetHints":{"allow":["GET"]}}],"collection":[{"href":"https:\/\/redfoxlotto.com\/id\/wp-json\/wp\/v2\/pages"}],"about":[{"href":"https:\/\/redfoxlotto.com\/id\/wp-json\/wp\/v2\/types\/page"}],"author":[{"embeddable":true,"href":"https:\/\/redfoxlotto.com\/id\/wp-json\/wp\/v2\/users\/1"}],"replies":[{"embeddable":true,"href":"https:\/\/redfoxlotto.com\/id\/wp-json\/wp\/v2\/comments?post=54999"}],"version-history":[{"count":0,"href":"https:\/\/redfoxlotto.com\/id\/wp-json\/wp\/v2\/pages\/54999\/revisions"}],"up":[{"embeddable":true,"href":"https:\/\/redfoxlotto.com\/id\/wp-json\/wp\/v2\/pages\/54996"}],"wp:attachment":[{"href":"https:\/\/redfoxlotto.com\/id\/wp-json\/wp\/v2\/media?parent=54999"}],"curies":[{"name":"wp","href":"https:\/\/api.w.org\/{rel}","templated":true}]}}