{"id":87711,"date":"2025-05-19T09:09:27","date_gmt":"2025-05-19T09:09:27","guid":{"rendered":"https:\/\/redfoxlotto.com\/?page_id=87711"},"modified":"2025-05-23T13:10:27","modified_gmt":"2025-05-23T13:10:27","slug":"euromillions-eu","status":"publish","type":"page","link":"https:\/\/redfoxlotto.com\/hu\/eredmenyek\/euromillions-eu\/","title":{"rendered":"Euromillions EU eredm\u00e9nyek"},"content":{"rendered":"","protected":false},"excerpt":{"rendered":"","protected":false},"author":8,"featured_media":0,"parent":55183,"menu_order":4,"comment_status":"closed","ping_status":"closed","template":"euromillions-results.php","meta":{"_et_pb_use_builder":"","_et_pb_old_content":"","_et_gb_content_width":"","exclude_from_search":false,"footnotes":""},"class_list":["post-87711","page","type-page","status-publish","hentry"],"yoast_head":"<!-- This site is optimized with the Yoast SEO plugin v23.8 - https:\/\/yoast.com\/wordpress\/plugins\/seo\/ -->\n<title>Euromillions EU nyer\u0151sz\u00e1mok \u00e9s eredm\u00e9nyek<\/title>\n<meta name=\"description\" content=\"Az Euromilliomos EU-s verzi\u00f3j\u00e1nak nyer\u0151sz\u00e1mait, eredm\u00e9nyeit itt tal\u00e1lja oldalunkon. Haszn\u00e1lja szolg\u00e1ltat\u00e1sunkat az Euromillions online j\u00e1t\u00e9kban val\u00f3 r\u00e9szv\u00e9telhez.\" \/>\n<meta name=\"robots\" content=\"index, follow, max-snippet:-1, max-image-preview:large, max-video-preview:-1\" \/>\n<link rel=\"canonical\" href=\"https:\/\/redfoxlotto.com\/hu\/eredmenyek\/euromillions-eu\/\" \/>\n<meta property=\"og:locale\" content=\"hu_HU\" \/>\n<meta property=\"og:type\" content=\"article\" \/>\n<meta property=\"og:title\" content=\"Euromillions EU nyer\u0151sz\u00e1mok \u00e9s eredm\u00e9nyek\" \/>\n<meta property=\"og:description\" content=\"Az Euromilliomos EU-s verzi\u00f3j\u00e1nak nyer\u0151sz\u00e1mait, eredm\u00e9nyeit itt tal\u00e1lja oldalunkon. Haszn\u00e1lja szolg\u00e1ltat\u00e1sunkat az Euromillions online j\u00e1t\u00e9kban val\u00f3 r\u00e9szv\u00e9telhez.\" \/>\n<meta property=\"og:url\" content=\"https:\/\/redfoxlotto.com\/hu\/eredmenyek\/euromillions-eu\/\" \/>\n<meta property=\"og:site_name\" content=\"Get Tickets for the World\u2019s largest jackpots\" \/>\n<meta property=\"article:modified_time\" content=\"2025-05-23T13:10:27+00:00\" \/>\n<meta name=\"twitter:card\" content=\"summary_large_image\" \/>\n<script type=\"application\/ld+json\" class=\"yoast-schema-graph\">{\"@context\":\"https:\/\/schema.org\",\"@graph\":[{\"@type\":\"WebPage\",\"@id\":\"https:\/\/redfoxlotto.com\/hu\/eredmenyek\/euromillions-eu\/\",\"url\":\"https:\/\/redfoxlotto.com\/hu\/eredmenyek\/euromillions-eu\/\",\"name\":\"Euromillions EU nyer\u0151sz\u00e1mok \u00e9s eredm\u00e9nyek\",\"isPartOf\":{\"@id\":\"https:\/\/redfoxlotto.com\/hu\/#website\"},\"datePublished\":\"2025-05-19T09:09:27+00:00\",\"dateModified\":\"2025-05-23T13:10:27+00:00\",\"description\":\"Az Euromilliomos EU-s verzi\u00f3j\u00e1nak nyer\u0151sz\u00e1mait, eredm\u00e9nyeit itt tal\u00e1lja oldalunkon. Haszn\u00e1lja szolg\u00e1ltat\u00e1sunkat az Euromillions online j\u00e1t\u00e9kban val\u00f3 r\u00e9szv\u00e9telhez.\",\"breadcrumb\":{\"@id\":\"https:\/\/redfoxlotto.com\/hu\/eredmenyek\/euromillions-eu\/#breadcrumb\"},\"inLanguage\":\"hu\",\"potentialAction\":[{\"@type\":\"ReadAction\",\"target\":[\"https:\/\/redfoxlotto.com\/hu\/eredmenyek\/euromillions-eu\/\"]}]},{\"@type\":\"BreadcrumbList\",\"@id\":\"https:\/\/redfoxlotto.com\/hu\/eredmenyek\/euromillions-eu\/#breadcrumb\",\"itemListElement\":[{\"@type\":\"ListItem\",\"position\":1,\"name\":\"Home\",\"item\":\"https:\/\/redfoxlotto.com\/hu\/\"},{\"@type\":\"ListItem\",\"position\":2,\"name\":\"Nemzetk\u00f6zi lott\u00f3 eredm\u00e9nyek\",\"item\":\"https:\/\/redfoxlotto.com\/hu\/eredmenyek\/\"},{\"@type\":\"ListItem\",\"position\":3,\"name\":\"Euromillions EU eredm\u00e9nyek\"}]},{\"@type\":\"WebSite\",\"@id\":\"https:\/\/redfoxlotto.com\/hu\/#website\",\"url\":\"https:\/\/redfoxlotto.com\/hu\/\",\"name\":\"Get Tickets for the World\u2019s largest jackpots\",\"description\":\"Participate in worldwide lottery jackpots from any country\",\"publisher\":{\"@id\":\"https:\/\/redfoxlotto.com\/hu\/#organization\"},\"potentialAction\":[{\"@type\":\"SearchAction\",\"target\":{\"@type\":\"EntryPoint\",\"urlTemplate\":\"https:\/\/redfoxlotto.com\/hu\/?s={search_term_string}\"},\"query-input\":{\"@type\":\"PropertyValueSpecification\",\"valueRequired\":true,\"valueName\":\"search_term_string\"}}],\"inLanguage\":\"hu\"},{\"@type\":\"Organization\",\"@id\":\"https:\/\/redfoxlotto.com\/hu\/#organization\",\"name\":\"Get Tickets for the World\u2019s largest jackpots\",\"url\":\"https:\/\/redfoxlotto.com\/hu\/\",\"logo\":{\"@type\":\"ImageObject\",\"inLanguage\":\"hu\",\"@id\":\"https:\/\/redfoxlotto.com\/hu\/#\/schema\/logo\/image\/\",\"url\":\"https:\/\/redfoxlotto.com\/wp-content\/uploads\/2023\/04\/logo.png\",\"contentUrl\":\"https:\/\/redfoxlotto.com\/wp-content\/uploads\/2023\/04\/logo.png\",\"width\":269,\"height\":53,\"caption\":\"Get Tickets for the World\u2019s largest jackpots\"},\"image\":{\"@id\":\"https:\/\/redfoxlotto.com\/hu\/#\/schema\/logo\/image\/\"}}]}<\/script>\n<!-- \/ Yoast SEO plugin. -->","yoast_head_json":{"title":"Euromillions EU nyer\u0151sz\u00e1mok \u00e9s eredm\u00e9nyek","description":"Az Euromilliomos EU-s verzi\u00f3j\u00e1nak nyer\u0151sz\u00e1mait, eredm\u00e9nyeit itt tal\u00e1lja oldalunkon. Haszn\u00e1lja szolg\u00e1ltat\u00e1sunkat az Euromillions online j\u00e1t\u00e9kban val\u00f3 r\u00e9szv\u00e9telhez.","robots":{"index":"index","follow":"follow","max-snippet":"max-snippet:-1","max-image-preview":"max-image-preview:large","max-video-preview":"max-video-preview:-1"},"canonical":"https:\/\/redfoxlotto.com\/hu\/eredmenyek\/euromillions-eu\/","og_locale":"hu_HU","og_type":"article","og_title":"Euromillions EU nyer\u0151sz\u00e1mok \u00e9s eredm\u00e9nyek","og_description":"Az Euromilliomos EU-s verzi\u00f3j\u00e1nak nyer\u0151sz\u00e1mait, eredm\u00e9nyeit itt tal\u00e1lja oldalunkon. Haszn\u00e1lja szolg\u00e1ltat\u00e1sunkat az Euromillions online j\u00e1t\u00e9kban val\u00f3 r\u00e9szv\u00e9telhez.","og_url":"https:\/\/redfoxlotto.com\/hu\/eredmenyek\/euromillions-eu\/","og_site_name":"Get Tickets for the World\u2019s largest jackpots","article_modified_time":"2025-05-23T13:10:27+00:00","twitter_card":"summary_large_image","schema":{"@context":"https:\/\/schema.org","@graph":[{"@type":"WebPage","@id":"https:\/\/redfoxlotto.com\/hu\/eredmenyek\/euromillions-eu\/","url":"https:\/\/redfoxlotto.com\/hu\/eredmenyek\/euromillions-eu\/","name":"Euromillions EU nyer\u0151sz\u00e1mok \u00e9s eredm\u00e9nyek","isPartOf":{"@id":"https:\/\/redfoxlotto.com\/hu\/#website"},"datePublished":"2025-05-19T09:09:27+00:00","dateModified":"2025-05-23T13:10:27+00:00","description":"Az Euromilliomos EU-s verzi\u00f3j\u00e1nak nyer\u0151sz\u00e1mait, eredm\u00e9nyeit itt tal\u00e1lja oldalunkon. Haszn\u00e1lja szolg\u00e1ltat\u00e1sunkat az Euromillions online j\u00e1t\u00e9kban val\u00f3 r\u00e9szv\u00e9telhez.","breadcrumb":{"@id":"https:\/\/redfoxlotto.com\/hu\/eredmenyek\/euromillions-eu\/#breadcrumb"},"inLanguage":"hu","potentialAction":[{"@type":"ReadAction","target":["https:\/\/redfoxlotto.com\/hu\/eredmenyek\/euromillions-eu\/"]}]},{"@type":"BreadcrumbList","@id":"https:\/\/redfoxlotto.com\/hu\/eredmenyek\/euromillions-eu\/#breadcrumb","itemListElement":[{"@type":"ListItem","position":1,"name":"Home","item":"https:\/\/redfoxlotto.com\/hu\/"},{"@type":"ListItem","position":2,"name":"Nemzetk\u00f6zi lott\u00f3 eredm\u00e9nyek","item":"https:\/\/redfoxlotto.com\/hu\/eredmenyek\/"},{"@type":"ListItem","position":3,"name":"Euromillions EU eredm\u00e9nyek"}]},{"@type":"WebSite","@id":"https:\/\/redfoxlotto.com\/hu\/#website","url":"https:\/\/redfoxlotto.com\/hu\/","name":"Get Tickets for the World\u2019s largest jackpots","description":"Participate in worldwide lottery jackpots from any country","publisher":{"@id":"https:\/\/redfoxlotto.com\/hu\/#organization"},"potentialAction":[{"@type":"SearchAction","target":{"@type":"EntryPoint","urlTemplate":"https:\/\/redfoxlotto.com\/hu\/?s={search_term_string}"},"query-input":{"@type":"PropertyValueSpecification","valueRequired":true,"valueName":"search_term_string"}}],"inLanguage":"hu"},{"@type":"Organization","@id":"https:\/\/redfoxlotto.com\/hu\/#organization","name":"Get Tickets for the World\u2019s largest jackpots","url":"https:\/\/redfoxlotto.com\/hu\/","logo":{"@type":"ImageObject","inLanguage":"hu","@id":"https:\/\/redfoxlotto.com\/hu\/#\/schema\/logo\/image\/","url":"https:\/\/redfoxlotto.com\/wp-content\/uploads\/2023\/04\/logo.png","contentUrl":"https:\/\/redfoxlotto.com\/wp-content\/uploads\/2023\/04\/logo.png","width":269,"height":53,"caption":"Get Tickets for the World\u2019s largest jackpots"},"image":{"@id":"https:\/\/redfoxlotto.com\/hu\/#\/schema\/logo\/image\/"}}]}},"_links":{"self":[{"href":"https:\/\/redfoxlotto.com\/hu\/wp-json\/wp\/v2\/pages\/87711","targetHints":{"allow":["GET"]}}],"collection":[{"href":"https:\/\/redfoxlotto.com\/hu\/wp-json\/wp\/v2\/pages"}],"about":[{"href":"https:\/\/redfoxlotto.com\/hu\/wp-json\/wp\/v2\/types\/page"}],"author":[{"embeddable":true,"href":"https:\/\/redfoxlotto.com\/hu\/wp-json\/wp\/v2\/users\/8"}],"replies":[{"embeddable":true,"href":"https:\/\/redfoxlotto.com\/hu\/wp-json\/wp\/v2\/comments?post=87711"}],"version-history":[{"count":0,"href":"https:\/\/redfoxlotto.com\/hu\/wp-json\/wp\/v2\/pages\/87711\/revisions"}],"up":[{"embeddable":true,"href":"https:\/\/redfoxlotto.com\/hu\/wp-json\/wp\/v2\/pages\/55183"}],"wp:attachment":[{"href":"https:\/\/redfoxlotto.com\/hu\/wp-json\/wp\/v2\/media?parent=87711"}],"curies":[{"name":"wp","href":"https:\/\/api.w.org\/{rel}","templated":true}]}}