{"id":87650,"date":"2025-05-19T09:08:38","date_gmt":"2025-05-19T09:08:38","guid":{"rendered":"https:\/\/redfoxlotto.com\/?page_id=87650"},"modified":"2025-05-28T06:47:26","modified_gmt":"2025-05-28T06:47:26","slug":"euromillions-eu","status":"publish","type":"page","link":"https:\/\/redfoxlotto.com\/hu\/lottojatekok\/euromillions-eu\/","title":{"rendered":"Az Euromillions EU"},"content":{"rendered":"<p data-start=\"68\" data-end=\"677\">Az EuroMillions EU Eur\u00f3pa egyik legnagyobb \u00e9s legn\u00e9pszer\u0171bb lott\u00f3j\u00e1t\u00e9ka, amely hetente t\u00f6bb milli\u00f3 r\u00e9sztvev\u0151t vonz \u00e9letet megv\u00e1ltoztat\u00f3 nyerem\u00e9nyeivel. A hivatalosan \u201eEuroMillions EU-v\u00e1ltozatk\u00e9nt\u201d ismert lott\u00f3 sz\u00e1mos eur\u00f3pai orsz\u00e1gban rendk\u00edv\u00fcl n\u00e9pszer\u0171, t\u00f6bbek k\u00f6z\u00f6tt Franciaorsz\u00e1gban, Spanyolorsz\u00e1gban, Ausztri\u00e1ban, Belgiumban, \u00cdrorsz\u00e1gban, Luxemburgban, Portug\u00e1li\u00e1ban \u00e9s Sv\u00e1jcban. Az EuroMillions eredeti indul\u00e1sa 2004. febru\u00e1r 13-\u00e1n volt, \u00e9s akkor m\u00e9g csak h\u00e1rom orsz\u00e1g \u2013 Franciaorsz\u00e1g, Spanyolorsz\u00e1g \u00e9s az Egyes\u00fclt Kir\u00e1lys\u00e1g \u2013 vett r\u00e9szt benne. A j\u00e1t\u00e9k okt\u00f3berre gyorsan kib\u0151v\u00fclt tov\u00e1bbi orsz\u00e1gokkal.<\/p>\n<p><img loading=\"lazy\" decoding=\"async\" class=\"size-full wp-image-48546 alignright\" src=\"https:\/\/redfoxlotto.com\/wp-content\/uploads\/2023\/04\/powerball-draw-youtube1-300x300-1.jpg\" alt=\"euromillions\" width=\"300\" height=\"300\" srcset=\"https:\/\/redfoxlotto.com\/wp-content\/uploads\/2023\/04\/powerball-draw-youtube1-300x300-1.jpg 300w, https:\/\/redfoxlotto.com\/wp-content\/uploads\/2023\/04\/powerball-draw-youtube1-300x300-1-100x100.jpg 100w, https:\/\/redfoxlotto.com\/wp-content\/uploads\/2023\/04\/powerball-draw-youtube1-300x300-1-150x150.jpg 150w\" sizes=\"auto, (max-width: 300px) 100vw, 300px\" \/><\/p>\n<p data-start=\"679\" data-end=\"1028\">Minden r\u00e9szt vev\u0151 orsz\u00e1g rendelkezik saj\u00e1t nemzeti lott\u00f3t\u00e1rsas\u00e1ggal, amely felel\u0151s a sorsjegyek \u00e9rt\u00e9kes\u00edt\u00e9s\u00e9\u00e9rt, a nyerem\u00e9nyek kifizet\u00e9s\u00e9\u00e9rt \u00e9s az \u00fcgyf\u00e9lszolg\u00e1lat\u00e9rt. A decentraliz\u00e1lt m\u0171k\u00f6d\u00e9s ellen\u00e9re az \u00f6sszes orsz\u00e1g egys\u00e9ges szab\u00e1lyrendszert, nyerem\u00e9nyszinteket \u00e9s sorsol\u00e1si menetrendet k\u00f6vet, biztos\u00edtva ezzel az \u00e1tl\u00e1that\u00f3s\u00e1got \u00e9s m\u00e9lt\u00e1nyoss\u00e1got.<\/p>\n<p data-start=\"1030\" data-end=\"1472\">Az EuroMillions EU sorsol\u00e1sait hetente k\u00e9tszer, kedden \u00e9s p\u00e9nteken este tartj\u00e1k. A j\u00e1t\u00e9k egy k\u00e9tm\u00e1trixos rendszeren alapul, amelyben a j\u00e1t\u00e9kosok \u00f6t f\u0151sz\u00e1mot v\u00e1lasztanak 1 \u00e9s 50 k\u00f6z\u00f6tt, valamint k\u00e9t \u00fagynevezett \u201eLucky Star\u201d sz\u00e1mot 1 \u00e9s 12 k\u00f6z\u00f6tt. A jackpot elnyer\u00e9s\u00e9hez mind a h\u00e9t sz\u00e1mot el kell tal\u00e1lni. Emellett sz\u00e1mos m\u00e1sodlagos nyerem\u00e9nyszint is el\u00e9rhet\u0151, amelyek lehet\u0151s\u00e9get adnak kisebb, de m\u00e9g mindig jelent\u0151s nyerem\u00e9nyek megszerz\u00e9s\u00e9re.<\/p>\n<p data-start=\"1474\" data-end=\"1992\">Az EU- \u00e9s az Egyes\u00fclt Kir\u00e1lys\u00e1g-v\u00e1ltozat k\u00f6z\u00f6tti egyik f\u0151 k\u00fcl\u00f6nbs\u00e9g a csak az Egyes\u00fclt Kir\u00e1lys\u00e1gban el\u00e9rhet\u0151 extra sorsol\u00e1s, a <strong data-start=\"1601\" data-end=\"1622\">Millionaire Maker<\/strong>. Ez az extra j\u00e1t\u00e9k minden egyes sorsol\u00e1s sor\u00e1n garant\u00e1lja, hogy legal\u00e1bb egy brit j\u00e1t\u00e9kos automatikusan milliomos lesz. Ez a biztos\u00edtott plusz nyerem\u00e9ny jelent\u0151sen megemeli az Egyes\u00fclt Kir\u00e1lys\u00e1gban v\u00e1s\u00e1rolt szelv\u00e9nyek \u00e1r\u00e1t az eur\u00f3pai jegyekhez k\u00e9pest. Aki t\u00f6bbet szeretne megtudni a brit v\u00e1ltozatr\u00f3l \u00e9s annak saj\u00e1toss\u00e1gair\u00f3l, az l\u00e1togasson el a RedFoxLotto weboldal\u00e1ra.<\/p>\n<p data-start=\"1994\" data-end=\"2499\">Azon j\u00e1t\u00e9kosok sz\u00e1m\u00e1ra, akik nem az EU-n vagy a r\u00e9szt vev\u0151 orsz\u00e1gokon bel\u00fcl \u00e9lnek, az EuroMillions EU-hoz val\u00f3 hozz\u00e1f\u00e9r\u00e9s lehetetlennek t\u0171nhet. Azonban a nemzetk\u00f6zi lott\u00f3szelv\u00e9ny-k\u00f6zvet\u00edt\u0151 szolg\u00e1ltat\u00e1sok r\u00e9v\u00e9n a r\u00e9szv\u00e9tel rendk\u00edv\u00fcl egyszer\u0171v\u00e9 v\u00e1lt. A k\u00fclf\u00f6ldi j\u00e1t\u00e9kosok \u00e1ltal v\u00e1s\u00e1rolt szelv\u00e9nyeket f\u0151k\u00e9nt Ausztri\u00e1ban v\u00e1s\u00e1rolj\u00e1k meg. Ausztria j\u00f3l szervezett lott\u00f3rendszere lehet\u0151v\u00e9 teszi, hogy b\u00e1rhonnan a vil\u00e1gb\u00f3l, jogszer\u0171en r\u00e9szt lehessen venni a sorsol\u00e1sokon \u2013 f\u00fcggetlen\u00fcl a f\u00f6ldrajzi elhelyezked\u00e9st\u0151l.<\/p>\n<p data-start=\"2501\" data-end=\"2897\">A jackpotokat tekintve az EuroMillions EU magas minim\u00e1lis \u00e9s maxim\u00e1lis nyerem\u00e9nyhat\u00e1rokat k\u00edn\u00e1l, amelyek c\u00e9lja az izgalom fenntart\u00e1sa \u00e9s a j\u00e1t\u00e9kosok \u00e9rdekl\u0151d\u00e9s\u00e9nek meg\u0151rz\u00e9se. A minimum jackpot jelenleg <strong data-start=\"2703\" data-end=\"2721\">17 milli\u00f3 eur\u00f3<\/strong>, amely m\u00e1r \u00f6nmag\u00e1ban is \u00e9letet megv\u00e1ltoztat\u00f3 \u00f6sszeg. A jackpot fels\u0151 hat\u00e1r\u00e1t az \u00e9vek sor\u00e1n a j\u00e1t\u00e9k n\u00e9pszer\u0171s\u00e9g\u00e9vel ar\u00e1nyosan emelt\u00e9k \u2013 jelenleg ez a hat\u00e1r <strong data-start=\"2877\" data-end=\"2896\">250 milli\u00f3 eur\u00f3<\/strong>.<\/p>\n<p data-start=\"2899\" data-end=\"3235\">Amikor a jackpot el\u00e9ri a <strong data-start=\"2924\" data-end=\"2944\">200 milli\u00f3 eur\u00f3t<\/strong>, k\u00fcl\u00f6nleges szab\u00e1lyok l\u00e9pnek \u00e9rv\u00e9nybe: ez az \u00f6sszeg legfeljebb n\u00e9gy egym\u00e1st k\u00f6vet\u0151 sorsol\u00e1son maradhat el\u00e9rhet\u0151. Ha ezen id\u0151 alatt nincs nyertes, a teljes jackpot \u00f6sszege \u00e1tcsoportos\u00edt\u00e1sra ker\u00fcl a k\u00f6vetkez\u0151 nyerem\u00e9nyszintre, lehet\u0151v\u00e9 t\u00e9ve, hogy t\u00f6bb j\u00e1t\u00e9kos ossza meg a hatalmas nyerem\u00e9nyt.<\/p>\n<p data-start=\"3237\" data-end=\"3521\">Amikor a jackpot el\u00e9ri a maxim\u00e1lis <strong data-start=\"3272\" data-end=\"3292\">250 milli\u00f3 eur\u00f3s<\/strong> hat\u00e1rt, ugyanazok a szab\u00e1lyok l\u00e9pnek \u00e9letbe. Ha n\u00e9gy h\u00faz\u00e1s ut\u00e1n m\u00e9g mindig nincs f\u0151nyertes, az \u00f6t\u00f6dik h\u00faz\u00e1s ut\u00e1n a teljes \u00f6sszeg ism\u00e9t \u00e1tcsoportos\u00edt\u00e1sra ker\u00fcl az alacsonyabb nyerem\u00e9nyszintekre, \u00e9s \u00edgy t\u00f6bb \u00faj milliomos sz\u00fcletik.<\/p>\n<p data-start=\"3523\" data-end=\"3845\">Ezek a jackpot-\u00e1tcsoportos\u00edt\u00e1si szab\u00e1lyok strat\u00e9giai m\u00e9lys\u00e9get \u00e9s dr\u00e1m\u00e1t adnak a j\u00e1t\u00e9knak. Amikor a jackpot k\u00f6zel\u00edt a fels\u0151 hat\u00e1rhoz, a szelv\u00e9nyelad\u00e1sok \u00e1ltal\u00e1ban megugranak, mivel a j\u00e1t\u00e9kosok lelkesed\u00e9se \u00e9s rem\u00e9nye fokoz\u00f3dik. A hatalmas nyerem\u00e9nyek m\u00e9diavisszhangot is kiv\u00e1ltanak, amely tov\u00e1bb n\u00f6veli a j\u00e1t\u00e9k ismerts\u00e9g\u00e9t.<\/p>\n<p data-start=\"3847\" data-end=\"4045\">Az EuroMillions eddig is sok nagy nyertest adott Eur\u00f3pa-szerte \u2013 embereket, akik egyik napr\u00f3l a m\u00e1sikra v\u00e1ltak multimilliomoss\u00e1. K\u00fcl\u00f6n\u00f6sen kiemelked\u0151 ebben Ausztria, amelynek er\u0151s j\u00e1t\u00e9kosb\u00e1zisa van.<\/p>\n<p data-start=\"4047\" data-end=\"4460\">A vil\u00e1g b\u00e1rmely pontj\u00e1r\u00f3l val\u00f3 egyszer\u0171 r\u00e9szv\u00e9teli lehet\u0151s\u00e9g, a j\u00f3l meghat\u00e1rozott szab\u00e1lyrendszer \u00e9s a l\u00e1tv\u00e1nyos jackpot-strukt\u00fara mind hozz\u00e1j\u00e1rulnak ahhoz, hogy az EuroMillions EU vonz\u00f3 v\u00e1laszt\u00e1s legyen a nemzetk\u00f6zi lott\u00f3j\u00e1t\u00e9kosok sz\u00e1m\u00e1ra. A kulcsfontoss\u00e1g\u00fa eur\u00f3pai orsz\u00e1gokban val\u00f3 jelenl\u00e9te kultur\u00e1lisan soksz\u00edn\u0171 j\u00e1t\u00e9kosb\u00e1zist eredm\u00e9nyez, m\u00edg a hatalmas nyerem\u00e9nypotenci\u00e1l folyamatosan glob\u00e1lis figyelmet vonz.<\/p>\n<p data-start=\"4462\" data-end=\"4829\">Az Eur\u00f3p\u00e1n k\u00edv\u00fcli r\u00e9sztvev\u0151k megb\u00edzhat\u00f3 k\u00f6zvet\u00edt\u0151 szolg\u00e1ltat\u00e1sokat vehetnek ig\u00e9nybe, amelyek biztos\u00edtj\u00e1k a jegyek t\u00f6rv\u00e9nyes \u00e9s biztons\u00e1gos megv\u00e1s\u00e1rl\u00e1s\u00e1t. Ezek a szolg\u00e1ltat\u00e1sok Ausztri\u00e1ban v\u00e1s\u00e1rolj\u00e1k meg a fizikai szelv\u00e9nyeket, beszkennelik, felt\u00f6ltik a j\u00e1t\u00e9kos fi\u00f3kj\u00e1ba, majd a nyerem\u00e9nyeket k\u00f6zvetlen\u00fcl kifizetik \u2013 \u00edgy b\u00e1rhonnan k\u00f6nnyen lehet csatlakozni a j\u00e1t\u00e9khoz.<\/p>\n<p data-start=\"4831\" data-end=\"5270\">\u00d6sszefoglalva: Az EuroMillions EU szil\u00e1rd fel\u00e9p\u00edt\u00e9s\u00e9vel, vil\u00e1gos szab\u00e1lyaival \u00e9s rendk\u00edv\u00fcli nyerem\u00e9nylehet\u0151s\u00e9geivel kiv\u00e1l\u00f3 lehet\u0151s\u00e9get k\u00edn\u00e1l a vil\u00e1g minden t\u00e1j\u00e1r\u00f3l \u00e9rkez\u0151 j\u00e1t\u00e9kosok sz\u00e1m\u00e1ra. A garant\u00e1lt <strong data-start=\"5033\" data-end=\"5052\">17 milli\u00f3 eur\u00f3s<\/strong> alapnyerem\u00e9ny \u00e9s a <strong data-start=\"5072\" data-end=\"5092\">250 milli\u00f3 eur\u00f3s<\/strong> fels\u0151 hat\u00e1r, valamint az izgalmas jackpot-eloszt\u00e1si szab\u00e1lyok mind hozz\u00e1j\u00e1rulnak ahhoz, hogy ez a j\u00e1t\u00e9k Eur\u00f3p\u00e1ban \u00e9s azon t\u00fal is izgalmat \u00e9s nagyszer\u0171 nyerem\u00e9nyeket biztos\u00edtson.<\/p>\n","protected":false},"excerpt":{"rendered":"<p>Az EuroMillions EU Eur\u00f3pa egyik legnagyobb \u00e9s legn\u00e9pszer\u0171bb lott\u00f3j\u00e1t\u00e9ka, amely hetente t\u00f6bb milli\u00f3 r\u00e9sztvev\u0151t vonz \u00e9letet megv\u00e1ltoztat\u00f3 nyerem\u00e9nyeivel. A hivatalosan \u201eEuroMillions EU-v\u00e1ltozatk\u00e9nt\u201d ismert lott\u00f3 sz\u00e1mos eur\u00f3pai orsz\u00e1gban rendk\u00edv\u00fcl n\u00e9pszer\u0171, t\u00f6bbek k\u00f6z\u00f6tt Franciaorsz\u00e1gban, Spanyolorsz\u00e1gban, Ausztri\u00e1ban, Belgiumban, \u00cdrorsz\u00e1gban, Luxemburgban, Portug\u00e1li\u00e1ban \u00e9s Sv\u00e1jcban. Az EuroMillions eredeti indul\u00e1sa 2004. febru\u00e1r 13-\u00e1n volt, \u00e9s akkor m\u00e9g csak h\u00e1rom orsz\u00e1g \u2013 [&hellip;]<\/p>\n","protected":false},"author":8,"featured_media":0,"parent":55209,"menu_order":4,"comment_status":"closed","ping_status":"closed","template":"euromillions-at-info.php","meta":{"_et_pb_use_builder":"","_et_pb_old_content":"","_et_gb_content_width":"","exclude_from_search":false,"footnotes":""},"class_list":["post-87650","page","type-page","status-publish","hentry"],"yoast_head":"<!-- This site is optimized with the Yoast SEO plugin v27.4 - https:\/\/yoast.com\/product\/yoast-seo-wordpress\/ -->\n<title>Euromillions szelv\u00e9nyek online v\u00e1s\u00e1rl\u00e1sa az EU-n k\u00edv\u00fclr\u0151l<\/title>\n<meta name=\"description\" content=\"Hogyan v\u00e1s\u00e1rolhat Euromillions szelv\u00e9nyeket online, az Egyes\u00fclt Kir\u00e1lys\u00e1gban \u00e9s az Euromillions EU-s verzi\u00f3j\u00e1ban. Szerezz\u00f6n szelv\u00e9nyeket b\u00e1rhonnan, ak\u00e1r az EU-n k\u00edv\u00fclr\u0151l is.\" \/>\n<meta name=\"robots\" content=\"index, follow, max-snippet:-1, max-image-preview:large, max-video-preview:-1\" \/>\n<link rel=\"canonical\" href=\"https:\/\/redfoxlotto.com\/hu\/lottojatekok\/euromillions-eu\/\" \/>\n<meta property=\"og:locale\" content=\"hu_HU\" \/>\n<meta property=\"og:type\" content=\"article\" \/>\n<meta property=\"og:title\" content=\"Euromillions szelv\u00e9nyek online v\u00e1s\u00e1rl\u00e1sa az EU-n k\u00edv\u00fclr\u0151l\" \/>\n<meta property=\"og:description\" content=\"Hogyan v\u00e1s\u00e1rolhat Euromillions szelv\u00e9nyeket online, az Egyes\u00fclt Kir\u00e1lys\u00e1gban \u00e9s az Euromillions EU-s verzi\u00f3j\u00e1ban. Szerezz\u00f6n szelv\u00e9nyeket b\u00e1rhonnan, ak\u00e1r az EU-n k\u00edv\u00fclr\u0151l is.\" \/>\n<meta property=\"og:url\" content=\"https:\/\/redfoxlotto.com\/hu\/lottojatekok\/euromillions-eu\/\" \/>\n<meta property=\"og:site_name\" content=\"Get Tickets for the World\u2019s largest jackpots\" \/>\n<meta property=\"article:modified_time\" content=\"2025-05-28T06:47:26+00:00\" \/>\n<meta property=\"og:image\" content=\"https:\/\/redfoxlotto.com\/wp-content\/uploads\/2023\/04\/powerball-draw-youtube1-300x300-1.jpg\" \/>\n<meta name=\"twitter:card\" content=\"summary_large_image\" \/>\n<meta name=\"twitter:label1\" content=\"Becs\u00fclt olvas\u00e1si id\u0151\" \/>\n\t<meta name=\"twitter:data1\" content=\"4 perc\" \/>\n<script type=\"application\/ld+json\" class=\"yoast-schema-graph\">{\"@context\":\"https:\\\/\\\/schema.org\",\"@graph\":[{\"@type\":\"WebPage\",\"@id\":\"https:\\\/\\\/redfoxlotto.com\\\/hu\\\/lottojatekok\\\/euromillions-eu\\\/\",\"url\":\"https:\\\/\\\/redfoxlotto.com\\\/hu\\\/lottojatekok\\\/euromillions-eu\\\/\",\"name\":\"Euromillions szelv\u00e9nyek online v\u00e1s\u00e1rl\u00e1sa az EU-n k\u00edv\u00fclr\u0151l\",\"isPartOf\":{\"@id\":\"https:\\\/\\\/redfoxlotto.com\\\/hu\\\/#website\"},\"primaryImageOfPage\":{\"@id\":\"https:\\\/\\\/redfoxlotto.com\\\/hu\\\/lottojatekok\\\/euromillions-eu\\\/#primaryimage\"},\"image\":{\"@id\":\"https:\\\/\\\/redfoxlotto.com\\\/hu\\\/lottojatekok\\\/euromillions-eu\\\/#primaryimage\"},\"thumbnailUrl\":\"https:\\\/\\\/redfoxlotto.com\\\/wp-content\\\/uploads\\\/2023\\\/04\\\/powerball-draw-youtube1-300x300-1.jpg\",\"datePublished\":\"2025-05-19T09:08:38+00:00\",\"dateModified\":\"2025-05-28T06:47:26+00:00\",\"description\":\"Hogyan v\u00e1s\u00e1rolhat Euromillions szelv\u00e9nyeket online, az Egyes\u00fclt Kir\u00e1lys\u00e1gban \u00e9s az Euromillions EU-s verzi\u00f3j\u00e1ban. Szerezz\u00f6n szelv\u00e9nyeket b\u00e1rhonnan, ak\u00e1r az EU-n k\u00edv\u00fclr\u0151l is.\",\"breadcrumb\":{\"@id\":\"https:\\\/\\\/redfoxlotto.com\\\/hu\\\/lottojatekok\\\/euromillions-eu\\\/#breadcrumb\"},\"inLanguage\":\"hu\",\"potentialAction\":[{\"@type\":\"ReadAction\",\"target\":[\"https:\\\/\\\/redfoxlotto.com\\\/hu\\\/lottojatekok\\\/euromillions-eu\\\/\"]}]},{\"@type\":\"ImageObject\",\"inLanguage\":\"hu\",\"@id\":\"https:\\\/\\\/redfoxlotto.com\\\/hu\\\/lottojatekok\\\/euromillions-eu\\\/#primaryimage\",\"url\":\"https:\\\/\\\/redfoxlotto.com\\\/wp-content\\\/uploads\\\/2023\\\/04\\\/powerball-draw-youtube1-300x300-1.jpg\",\"contentUrl\":\"https:\\\/\\\/redfoxlotto.com\\\/wp-content\\\/uploads\\\/2023\\\/04\\\/powerball-draw-youtube1-300x300-1.jpg\"},{\"@type\":\"BreadcrumbList\",\"@id\":\"https:\\\/\\\/redfoxlotto.com\\\/hu\\\/lottojatekok\\\/euromillions-eu\\\/#breadcrumb\",\"itemListElement\":[{\"@type\":\"ListItem\",\"position\":1,\"name\":\"Home\",\"item\":\"https:\\\/\\\/redfoxlotto.com\\\/hu\\\/\"},{\"@type\":\"ListItem\",\"position\":2,\"name\":\"Lott\u00f3j\u00e1t\u00e9kok Online &#8211; lott\u00f3 nyerem\u00e9nyek \u00e9s online lotto jackpot\",\"item\":\"https:\\\/\\\/redfoxlotto.com\\\/hu\\\/lottojatekok\\\/\"},{\"@type\":\"ListItem\",\"position\":3,\"name\":\"Az Euromillions EU\"}]},{\"@type\":\"WebSite\",\"@id\":\"https:\\\/\\\/redfoxlotto.com\\\/hu\\\/#website\",\"url\":\"https:\\\/\\\/redfoxlotto.com\\\/hu\\\/\",\"name\":\"Get Tickets for the World\u2019s largest jackpots\",\"description\":\"Participate in worldwide lottery jackpots from any country\",\"publisher\":{\"@id\":\"https:\\\/\\\/redfoxlotto.com\\\/hu\\\/#organization\"},\"potentialAction\":[{\"@type\":\"SearchAction\",\"target\":{\"@type\":\"EntryPoint\",\"urlTemplate\":\"https:\\\/\\\/redfoxlotto.com\\\/hu\\\/?s={search_term_string}\"},\"query-input\":{\"@type\":\"PropertyValueSpecification\",\"valueRequired\":true,\"valueName\":\"search_term_string\"}}],\"inLanguage\":\"hu\"},{\"@type\":\"Organization\",\"@id\":\"https:\\\/\\\/redfoxlotto.com\\\/hu\\\/#organization\",\"name\":\"Get Tickets for the World\u2019s largest jackpots\",\"url\":\"https:\\\/\\\/redfoxlotto.com\\\/hu\\\/\",\"logo\":{\"@type\":\"ImageObject\",\"inLanguage\":\"hu\",\"@id\":\"https:\\\/\\\/redfoxlotto.com\\\/hu\\\/#\\\/schema\\\/logo\\\/image\\\/\",\"url\":\"https:\\\/\\\/redfoxlotto.com\\\/wp-content\\\/uploads\\\/2023\\\/04\\\/logo.png\",\"contentUrl\":\"https:\\\/\\\/redfoxlotto.com\\\/wp-content\\\/uploads\\\/2023\\\/04\\\/logo.png\",\"width\":269,\"height\":53,\"caption\":\"Get Tickets for the World\u2019s largest jackpots\"},\"image\":{\"@id\":\"https:\\\/\\\/redfoxlotto.com\\\/hu\\\/#\\\/schema\\\/logo\\\/image\\\/\"}}]}<\/script>\n<!-- \/ Yoast SEO plugin. -->","yoast_head_json":{"title":"Euromillions szelv\u00e9nyek online v\u00e1s\u00e1rl\u00e1sa az EU-n k\u00edv\u00fclr\u0151l","description":"Hogyan v\u00e1s\u00e1rolhat Euromillions szelv\u00e9nyeket online, az Egyes\u00fclt Kir\u00e1lys\u00e1gban \u00e9s az Euromillions EU-s verzi\u00f3j\u00e1ban. Szerezz\u00f6n szelv\u00e9nyeket b\u00e1rhonnan, ak\u00e1r az EU-n k\u00edv\u00fclr\u0151l is.","robots":{"index":"index","follow":"follow","max-snippet":"max-snippet:-1","max-image-preview":"max-image-preview:large","max-video-preview":"max-video-preview:-1"},"canonical":"https:\/\/redfoxlotto.com\/hu\/lottojatekok\/euromillions-eu\/","og_locale":"hu_HU","og_type":"article","og_title":"Euromillions szelv\u00e9nyek online v\u00e1s\u00e1rl\u00e1sa az EU-n k\u00edv\u00fclr\u0151l","og_description":"Hogyan v\u00e1s\u00e1rolhat Euromillions szelv\u00e9nyeket online, az Egyes\u00fclt Kir\u00e1lys\u00e1gban \u00e9s az Euromillions EU-s verzi\u00f3j\u00e1ban. Szerezz\u00f6n szelv\u00e9nyeket b\u00e1rhonnan, ak\u00e1r az EU-n k\u00edv\u00fclr\u0151l is.","og_url":"https:\/\/redfoxlotto.com\/hu\/lottojatekok\/euromillions-eu\/","og_site_name":"Get Tickets for the World\u2019s largest jackpots","article_modified_time":"2025-05-28T06:47:26+00:00","og_image":[{"url":"https:\/\/redfoxlotto.com\/wp-content\/uploads\/2023\/04\/powerball-draw-youtube1-300x300-1.jpg","type":"","width":"","height":""}],"twitter_card":"summary_large_image","twitter_misc":{"Becs\u00fclt olvas\u00e1si id\u0151":"4 perc"},"schema":{"@context":"https:\/\/schema.org","@graph":[{"@type":"WebPage","@id":"https:\/\/redfoxlotto.com\/hu\/lottojatekok\/euromillions-eu\/","url":"https:\/\/redfoxlotto.com\/hu\/lottojatekok\/euromillions-eu\/","name":"Euromillions szelv\u00e9nyek online v\u00e1s\u00e1rl\u00e1sa az EU-n k\u00edv\u00fclr\u0151l","isPartOf":{"@id":"https:\/\/redfoxlotto.com\/hu\/#website"},"primaryImageOfPage":{"@id":"https:\/\/redfoxlotto.com\/hu\/lottojatekok\/euromillions-eu\/#primaryimage"},"image":{"@id":"https:\/\/redfoxlotto.com\/hu\/lottojatekok\/euromillions-eu\/#primaryimage"},"thumbnailUrl":"https:\/\/redfoxlotto.com\/wp-content\/uploads\/2023\/04\/powerball-draw-youtube1-300x300-1.jpg","datePublished":"2025-05-19T09:08:38+00:00","dateModified":"2025-05-28T06:47:26+00:00","description":"Hogyan v\u00e1s\u00e1rolhat Euromillions szelv\u00e9nyeket online, az Egyes\u00fclt Kir\u00e1lys\u00e1gban \u00e9s az Euromillions EU-s verzi\u00f3j\u00e1ban. Szerezz\u00f6n szelv\u00e9nyeket b\u00e1rhonnan, ak\u00e1r az EU-n k\u00edv\u00fclr\u0151l is.","breadcrumb":{"@id":"https:\/\/redfoxlotto.com\/hu\/lottojatekok\/euromillions-eu\/#breadcrumb"},"inLanguage":"hu","potentialAction":[{"@type":"ReadAction","target":["https:\/\/redfoxlotto.com\/hu\/lottojatekok\/euromillions-eu\/"]}]},{"@type":"ImageObject","inLanguage":"hu","@id":"https:\/\/redfoxlotto.com\/hu\/lottojatekok\/euromillions-eu\/#primaryimage","url":"https:\/\/redfoxlotto.com\/wp-content\/uploads\/2023\/04\/powerball-draw-youtube1-300x300-1.jpg","contentUrl":"https:\/\/redfoxlotto.com\/wp-content\/uploads\/2023\/04\/powerball-draw-youtube1-300x300-1.jpg"},{"@type":"BreadcrumbList","@id":"https:\/\/redfoxlotto.com\/hu\/lottojatekok\/euromillions-eu\/#breadcrumb","itemListElement":[{"@type":"ListItem","position":1,"name":"Home","item":"https:\/\/redfoxlotto.com\/hu\/"},{"@type":"ListItem","position":2,"name":"Lott\u00f3j\u00e1t\u00e9kok Online &#8211; lott\u00f3 nyerem\u00e9nyek \u00e9s online lotto jackpot","item":"https:\/\/redfoxlotto.com\/hu\/lottojatekok\/"},{"@type":"ListItem","position":3,"name":"Az Euromillions EU"}]},{"@type":"WebSite","@id":"https:\/\/redfoxlotto.com\/hu\/#website","url":"https:\/\/redfoxlotto.com\/hu\/","name":"Get Tickets for the World\u2019s largest jackpots","description":"Participate in worldwide lottery jackpots from any country","publisher":{"@id":"https:\/\/redfoxlotto.com\/hu\/#organization"},"potentialAction":[{"@type":"SearchAction","target":{"@type":"EntryPoint","urlTemplate":"https:\/\/redfoxlotto.com\/hu\/?s={search_term_string}"},"query-input":{"@type":"PropertyValueSpecification","valueRequired":true,"valueName":"search_term_string"}}],"inLanguage":"hu"},{"@type":"Organization","@id":"https:\/\/redfoxlotto.com\/hu\/#organization","name":"Get Tickets for the World\u2019s largest jackpots","url":"https:\/\/redfoxlotto.com\/hu\/","logo":{"@type":"ImageObject","inLanguage":"hu","@id":"https:\/\/redfoxlotto.com\/hu\/#\/schema\/logo\/image\/","url":"https:\/\/redfoxlotto.com\/wp-content\/uploads\/2023\/04\/logo.png","contentUrl":"https:\/\/redfoxlotto.com\/wp-content\/uploads\/2023\/04\/logo.png","width":269,"height":53,"caption":"Get Tickets for the World\u2019s largest jackpots"},"image":{"@id":"https:\/\/redfoxlotto.com\/hu\/#\/schema\/logo\/image\/"}}]}},"_links":{"self":[{"href":"https:\/\/redfoxlotto.com\/hu\/wp-json\/wp\/v2\/pages\/87650","targetHints":{"allow":["GET"]}}],"collection":[{"href":"https:\/\/redfoxlotto.com\/hu\/wp-json\/wp\/v2\/pages"}],"about":[{"href":"https:\/\/redfoxlotto.com\/hu\/wp-json\/wp\/v2\/types\/page"}],"author":[{"embeddable":true,"href":"https:\/\/redfoxlotto.com\/hu\/wp-json\/wp\/v2\/users\/8"}],"replies":[{"embeddable":true,"href":"https:\/\/redfoxlotto.com\/hu\/wp-json\/wp\/v2\/comments?post=87650"}],"version-history":[{"count":0,"href":"https:\/\/redfoxlotto.com\/hu\/wp-json\/wp\/v2\/pages\/87650\/revisions"}],"up":[{"embeddable":true,"href":"https:\/\/redfoxlotto.com\/hu\/wp-json\/wp\/v2\/pages\/55209"}],"wp:attachment":[{"href":"https:\/\/redfoxlotto.com\/hu\/wp-json\/wp\/v2\/media?parent=87650"}],"curies":[{"name":"wp","href":"https:\/\/api.w.org\/{rel}","templated":true}]}}