{"id":87588,"date":"2025-05-19T09:07:38","date_gmt":"2025-05-19T09:07:38","guid":{"rendered":"https:\/\/redfoxlotto.com\/?page_id=87588"},"modified":"2025-12-17T06:44:20","modified_gmt":"2025-12-17T06:44:20","slug":"euromillions-eu","status":"publish","type":"page","link":"https:\/\/redfoxlotto.com\/hu\/jatek\/euromillions-eu\/","title":{"rendered":"Euromillions EU j\u00e1t\u00e9k"},"content":{"rendered":"<p><script type=\"application\/ld+json\">\n{\n  \"@context\": \"https:\/\/schema.org\",\n  \"@type\": \"Service\",\n  \"name\": \"J\u00e1tssz Euromillions Online\",\n  \"url\": \"https:\/\/redfoxlotto.com\/hu\/jatek\/euromillions\/\",\n  \"description\": \"J\u00e1tssz Euromillions lott\u00f3t online, b\u00e1rmely orsz\u00e1gb\u00f3l. L\u00e1togass el a RedFoxLotto oldalra, v\u00e1laszd ki a sz\u00e1maidat, \u00e9s szerezd be a jegyeidet.\",\n  \"serviceType\": \"Online lottery ticket messenger service\",\n  \"provider\": {\n    \"@type\": \"Organization\",\n    \"name\": \"RedFoxLotto\",\n    \"url\": \"https:\/\/redfoxlotto.com\/hu\/\",\n    \"image\": \"https:\/\/redfoxlotto.com\/wp-content\/uploads\/2025\/12\/ticket_scans.jpg\",\n    \"sameAs\": []\n  },\n  \"areaServed\": \"Worldwide\",\n  \"termsOfService\": \"https:\/\/redfoxlotto.com\/terms-and-conditions\",\n  \"additionalProperty\": {\n    \"@type\": \"PropertyValue\",\n    \"name\": \"FAQ\",\n    \"value\": \"https:\/\/redfoxlotto.com\/hu\/faq\/\"\n  },\n  \"hasOfferCatalog\": {\n    \"@type\": \"OfferCatalog\",\n    \"name\": \"Euromillions Lott\u00f3jegyek\",\n    \"itemListElement\": [\n      {\n        \"@type\": \"Offer\",\n        \"name\": \"Euromillions Jegyek\",\n        \"url\": \"https:\/\/redfoxlotto.com\/hu\/jatek\/euromillions\/\",\n        \"description\": \"Kattints ide a k\u00f6vetkez\u0151 Euromillions sorsol\u00e1s sz\u00e1mainak kiv\u00e1laszt\u00e1s\u00e1hoz \u2013 rendeld meg jegyeidet online.\",\n        \"price\": \"7.00\",\n        \"priceCurrency\": \"EUR\",\n        \"availability\": \"https:\/\/schema.org\/InStock\",\n        \"itemOffered\": {\n          \"@type\": \"Service\",\n          \"name\": \"Euromillions Lott\u00f3jegyek\",\n          \"description\": \"J\u00e1tssz a k\u00f6vetkez\u0151 Euromillions sorsol\u00e1son a RedFoxLotto seg\u00edts\u00e9g\u00e9vel.\"\n        }\n      }\n    ]\n  },\n  \"mainEntityOfPage\": {\n    \"@type\": \"WebPage\",\n    \"@id\": \"https:\/\/redfoxlotto.com\/hu\/jatek\/euromillions\/\"\n  }\n}\n<\/script><\/p>\n<p><img loading=\"lazy\" decoding=\"async\" class=\" wp-image-67116 alignleft\" src=\"https:\/\/redfoxlotto.com\/wp-content\/uploads\/2024\/03\/Balls-300x300.png\" alt=\"euromillions Ausztria\" width=\"244\" height=\"244\" \/><\/p>\n<h2 data-start=\"29\" data-end=\"79\">Bevezet\u00e9s: Mi az a EuroMillions EU (Ausztria)?<\/h2>\n<p data-start=\"81\" data-end=\"333\">A EuroMillions EU (Ausztria) Eur\u00f3pa egyik legn\u00e9pszer\u0171bb \u00e9s leggazdagabb lott\u00f3j\u00e1t\u00e9ka. 2004-ben indult, \u00e9s hivatalosan kilenc eur\u00f3pai orsz\u00e1gban \u00e9rhet\u0151 el: Franciaorsz\u00e1g, Spanyolorsz\u00e1g, Ausztria, Belgium, \u00cdrorsz\u00e1g, Luxemburg, Portug\u00e1lia, Sv\u00e1jc \u00e9s Andorra.<\/p>\n<p data-start=\"335\" data-end=\"670\">De mi van akkor, ha \u00d6n nem Eur\u00f3p\u00e1ban \u00e9l, vagy nem olyan orsz\u00e1gban, amely r\u00e9szt vesz a EuroMillions j\u00e1t\u00e9kban? R\u00e9szt vehet-e akkor is, \u00e9s megnyerheti-e az \u00e9letet megv\u00e1ltoztat\u00f3 jackpotot? A v\u00e1lasz: igen \u2013 a RedFoxLotto.com weboldalon kereszt\u00fcl b\u00e1rhonnan a vil\u00e1gon megv\u00e1s\u00e1rolhatja a EuroMillions EU (Ausztria) hivatalos szelv\u00e9nyeit online.<\/p>\n<h2 data-start=\"672\" data-end=\"736\">Hogyan lehet EuroMillions-t j\u00e1tszani az EU-n k\u00edv\u00fclr\u0151l online<\/h2>\n<p data-start=\"738\" data-end=\"945\">Ha az \u00d6n orsz\u00e1ga nem r\u00e9sztvev\u0151, akkor nem tud szelv\u00e9nyt v\u00e1s\u00e1rolni a helyi boltban. Szerencs\u00e9re egy megb\u00edzhat\u00f3 k\u00f6zvet\u00edt\u0151 szolg\u00e1ltat\u00e1s, mint a RedFoxLotto, lehet\u0151v\u00e9 teszi a r\u00e9szv\u00e9telt t\u00e1volr\u00f3l is. \u00cdgy m\u0171k\u00f6dik:<\/p>\n<ol data-start=\"947\" data-end=\"1302\">\n<li data-start=\"947\" data-end=\"995\">\n<p data-start=\"950\" data-end=\"995\">L\u00e1togasson el a <a class=\"\" href=\"http:\/\/www.RedFoxLotto.com\" target=\"_new\" rel=\"noopener\" data-start=\"966\" data-end=\"985\">www.RedFoxLotto.com<\/a> oldalra<\/p>\n<\/li>\n<li data-start=\"996\" data-end=\"1051\">\n<p data-start=\"999\" data-end=\"1051\">V\u00e1lassza ki a EuroMillions EU (Ausztria) sorsol\u00e1st<\/p>\n<\/li>\n<li data-start=\"1052\" data-end=\"1127\">\n<p data-start=\"1055\" data-end=\"1127\">V\u00e1lassza ki a saj\u00e1t sz\u00e1mait, vagy haszn\u00e1lja a &#8222;gyors v\u00e1laszt\u00e1s&#8221; opci\u00f3t<\/p>\n<\/li>\n<li data-start=\"1128\" data-end=\"1222\">\n<p data-start=\"1131\" data-end=\"1222\">Fejezze be a rendel\u00e9st \u2013 egy osztr\u00e1k \u00fcgyn\u00f6k megv\u00e1s\u00e1rolja \u00d6n helyett a hivatalos szelv\u00e9nyt<\/p>\n<\/li>\n<li data-start=\"1223\" data-end=\"1302\">\n<p data-start=\"1226\" data-end=\"1302\">A szelv\u00e9ny beszkennelt p\u00e9ld\u00e1nya felt\u00f6lt\u00e9sre ker\u00fcl a fi\u00f3kj\u00e1ba, bizony\u00edt\u00e9kk\u00e9nt<\/p>\n<\/li>\n<\/ol>\n<p data-start=\"1304\" data-end=\"1479\">Ez 100%-ban leg\u00e1lis, \u00e9s biztos m\u00f3dja annak, hogy r\u00e9szt vegyen az EuroMillions EU (Ausztria) hivatalos v\u00e1ltozat\u00e1ban, ak\u00e1r \u00c1zsi\u00e1ban, Afrik\u00e1ban, Amerik\u00e1ban vagy Ausztr\u00e1li\u00e1ban \u00e9l.<\/p>\n<h2 data-start=\"1481\" data-end=\"1566\">K\u00fcl\u00f6nbs\u00e9gek a EuroMillions EU (Ausztria) \u00e9s az Egyes\u00fclt Kir\u00e1lys\u00e1g verzi\u00f3ja k\u00f6z\u00f6tt<\/h2>\n<p data-start=\"1568\" data-end=\"1709\">K\u00e9t k\u00fcl\u00f6nb\u00f6z\u0151 j\u00e1t\u00e9k l\u00e9tezik: a EuroMillions EU \u00e9s a brit EuroMillions. Mindkett\u0151 ugyanabba a csal\u00e1dba tartozik, de elt\u00e9r\u0151 szab\u00e1lyrendszerrel.<\/p>\n<p data-start=\"1711\" data-end=\"1886\">A brit szelv\u00e9nyek dr\u00e1g\u00e1bbak, mivel tartalmaznak egy extra j\u00e1t\u00e9kot, a &#8222;Millionaire Maker&#8221;-t, amely minden sorsol\u00e1s sor\u00e1n garant\u00e1lja, hogy egy brit j\u00e1t\u00e9kos 1 milli\u00f3 fontot nyer.<\/p>\n<p data-start=\"1888\" data-end=\"2017\">A brit verzi\u00f3nak elt\u00e9r\u0151 a nyerem\u00e9nystrukt\u00far\u00e1ja, \u00e9s a bev\u00e9teleket befoly\u00e1solj\u00e1k a szab\u00e1lyoz\u00e1si k\u00f6lts\u00e9gek \u00e9s az \u00e1rfolyamv\u00e1ltoz\u00e1sok.<\/p>\n<p data-start=\"2019\" data-end=\"2264\">Ha \u00d6n a RedFoxLotto-n kereszt\u00fcl j\u00e1tszik, akkor az EU (ausztriai) verzi\u00f3ban vesz r\u00e9szt \u2013 nem a brit sorsol\u00e1sban. Ez a verzi\u00f3 nem tartalmaz Millionaire Maker-t, \u00edgy a szelv\u00e9nyek olcs\u00f3bbak \u00e9s a j\u00e1t\u00e9k egyszer\u0171bb. A brit szelv\u00e9nyek m\u00e1sutt \u00e9rhet\u0151k el.<\/p>\n<h2 data-start=\"2266\" data-end=\"2304\">Hol v\u00e1s\u00e1rolj\u00e1k meg a szelv\u00e9nyeket?<\/h2>\n<p data-start=\"2306\" data-end=\"2507\">A RedFoxLotto-n kereszt\u00fcl v\u00e1s\u00e1rolt \u00f6sszes EuroMillions (EU verzi\u00f3) szelv\u00e9ny fizikailag Ausztri\u00e1ban ker\u00fcl megv\u00e1s\u00e1rl\u00e1sra \u2013 egy hivatalos r\u00e9sztvev\u0151 orsz\u00e1gban, amely ide\u00e1lis helysz\u00edn a szelv\u00e9nyv\u00e1s\u00e1rl\u00e1shoz.<\/p>\n<h2 data-start=\"2509\" data-end=\"2533\">Mi\u00e9rt pont Ausztria?<\/h2>\n<p data-start=\"2535\" data-end=\"2695\">Ausztria az EU tagja, \u00e9s hozz\u00e1f\u00e9r\u00e9st biztos\u00edt az eredeti EuroMillions EU sorsol\u00e1shoz. A szelv\u00e9nyeket szigor\u00fa szab\u00e1lyoz\u00e1s \u00e9s teljes \u00e1tl\u00e1that\u00f3s\u00e1g mellett kezelik.<\/p>\n<p data-start=\"2697\" data-end=\"2928\">Jelenleg Ausztri\u00e1ban a lott\u00f3nyerem\u00e9nyek ad\u00f3mentesek \u2013 ez hatalmas el\u0151ny a k\u00fclf\u00f6ldi j\u00e1t\u00e9kosok sz\u00e1m\u00e1ra. Amint megv\u00e1s\u00e1rolj\u00e1k a szelv\u00e9nyt, annak beszkennelt m\u00e1solata felt\u00f6lt\u00e9sre ker\u00fcl a fi\u00f3kj\u00e1ba, biztos\u00edtva a r\u00e9szv\u00e9telt \u00e9s a nyugalmat.<\/p>\n<h2 data-start=\"2930\" data-end=\"2989\">Jackpot inform\u00e1ci\u00f3k: Minim\u00e1lis \u00e9s maxim\u00e1lis nyerem\u00e9nyek<\/h2>\n<p data-start=\"2991\" data-end=\"3092\">A j\u00e1t\u00e9kosok egyik f\u0151 oka, hogy online szeretn\u00e9nek r\u00e9szt venni a EuroMillions-on, az \u00f3ri\u00e1si jackpotok.<\/p>\n<p data-start=\"3094\" data-end=\"3106\">\u00cdgy m\u0171k\u00f6dik:<\/p>\n<ul data-start=\"3108\" data-end=\"3189\">\n<li data-start=\"3108\" data-end=\"3143\">\n<p data-start=\"3110\" data-end=\"3143\">Minimum jackpot: 17 milli\u00f3 eur\u00f3<\/p>\n<\/li>\n<li data-start=\"3144\" data-end=\"3189\">\n<p data-start=\"3146\" data-end=\"3189\">Maximum jackpot (plafon): 250 milli\u00f3 eur\u00f3<\/p>\n<\/li>\n<\/ul>\n<p data-start=\"3191\" data-end=\"3266\">Ha nincs nyertes, a jackpot \u00e1tg\u00f6rd\u00fcl a k\u00f6vetkez\u0151 sorsol\u00e1sra, \u00e9s gyorsan n\u0151.<\/p>\n<h2 data-start=\"3268\" data-end=\"3323\">Mi t\u00f6rt\u00e9nik, ha a jackpot el\u00e9ri a 200 milli\u00f3 eur\u00f3t?<\/h2>\n<p data-start=\"3325\" data-end=\"3373\">Amikor a nyerem\u00e9nyalap el\u00e9ri a 200 milli\u00f3 eur\u00f3t:<\/p>\n<ul data-start=\"3375\" data-end=\"3486\">\n<li data-start=\"3375\" data-end=\"3425\">\n<p data-start=\"3377\" data-end=\"3425\">A jackpot 10 milli\u00f3 eur\u00f3s l\u00e9pcs\u0151kben emelkedik<\/p>\n<\/li>\n<li data-start=\"3426\" data-end=\"3486\">\n<p data-start=\"3428\" data-end=\"3486\">Ez addig tart, m\u00edg el nem \u00e9ri a 250 milli\u00f3 eur\u00f3s plafont<\/p>\n<\/li>\n<\/ul>\n<h2 data-start=\"3488\" data-end=\"3523\">Mi t\u00f6rt\u00e9nik 250 milli\u00f3 eur\u00f3n\u00e1l?<\/h2>\n<p data-start=\"3525\" data-end=\"3733\">Miut\u00e1n el\u00e9rte a plafont, a jackpot m\u00e9g n\u00e9gy sorsol\u00e1son maradhat ezen a szinten. Ha senki sem nyer ezalatt, az \u00f6sszeg a k\u00f6vetkez\u0151 nyer\u0151 szint nyertesei k\u00f6z\u00f6tt ker\u00fcl sz\u00e9toszt\u00e1sra \u2013 \u00edgy a p\u00e9nz nem marad elz\u00e1rva.<\/p>\n<p data-start=\"3735\" data-end=\"3857\">Ezek a szab\u00e1lyok teszik a EuroMillions EU (Ausztria) j\u00e1t\u00e9kot a vil\u00e1g egyik legizgalmasabb \u00e9s legj\u00e1t\u00e9kosbar\u00e1tabb lott\u00f3j\u00e1v\u00e1.<\/p>\n<h2 data-start=\"3859\" data-end=\"3919\">Mi\u00e9rt \u00e9rdemes EuroMillions EU (Ausztria) online j\u00e1tszani<\/h2>\n<p data-start=\"3921\" data-end=\"3979\">K\u00fcl\u00f6n\u00f6sen az EU-n k\u00edv\u00fcli j\u00e1t\u00e9kosok sz\u00e1m\u00e1ra van sz\u00e1mos \u00e9rv:<\/p>\n<ul data-start=\"3981\" data-end=\"4226\">\n<li data-start=\"3981\" data-end=\"4038\">\n<p data-start=\"3983\" data-end=\"4038\">Vil\u00e1gszint\u0171 el\u00e9rhet\u0151s\u00e9g: B\u00e1rki r\u00e9szt vehet, b\u00e1rhonnan<\/p>\n<\/li>\n<li data-start=\"4039\" data-end=\"4089\">\n<p data-start=\"4041\" data-end=\"4089\">K\u00e9nyelmes: B\u00e1rmikor, b\u00e1rhonnan vehet szelv\u00e9nyt<\/p>\n<\/li>\n<li data-start=\"4090\" data-end=\"4123\">\n<p data-start=\"4092\" data-end=\"4123\">Digit\u00e1lis v\u00e1s\u00e1rl\u00e1si bizonylat<\/p>\n<\/li>\n<li data-start=\"4124\" data-end=\"4181\">\n<p data-start=\"4126\" data-end=\"4181\">Ad\u00f3el\u0151ny\u00f6k: Ausztri\u00e1ban p\u00e9ld\u00e1ul ad\u00f3mentes a nyerem\u00e9ny<\/p>\n<\/li>\n<li data-start=\"4182\" data-end=\"4226\">\n<p data-start=\"4184\" data-end=\"4226\">Hatalmas jackpotok: Ak\u00e1r 250 milli\u00f3 eur\u00f3<\/p>\n<\/li>\n<\/ul>\n<h2 data-start=\"4228\" data-end=\"4247\">Z\u00e1r\u00f3 gondolatok<\/h2>\n<p data-start=\"4249\" data-end=\"4467\">Nem kell Franciaorsz\u00e1gban, Spanyolorsz\u00e1gban vagy Portug\u00e1li\u00e1ban \u00e9lnie ahhoz, hogy j\u00e1tszhasson a EuroMillions EU (Ausztria) lott\u00f3n. A mai internetes vil\u00e1gban m\u00e1r b\u00e1rhonnan r\u00e9szt vehet \u00e9s es\u00e9lye lehet rekordnyerem\u00e9nyekre.<\/p>\n<p data-start=\"4469\" data-end=\"4701\">Ak\u00e1r Eur\u00f3pa k\u00f6vetkez\u0151 milliomos\u00e1v\u00e1 szeretne v\u00e1lni, ak\u00e1r csak \u00e9lvezi a j\u00e1t\u00e9k izgalm\u00e1t, a RedFoxLotto.com oldalon val\u00f3 r\u00e9szv\u00e9tel egyszer\u0171. V\u00e1lassza ki szerencsesz\u00e1mait \u00e9s j\u00e1tsszon m\u00e9g ma \u2013 lehet, hogy a k\u00f6vetkez\u0151 nagy nyertes \u00d6n lesz!<\/p>\n","protected":false},"excerpt":{"rendered":"<p>Bevezet\u00e9s: Mi az a EuroMillions EU (Ausztria)? A EuroMillions EU (Ausztria) Eur\u00f3pa egyik legn\u00e9pszer\u0171bb \u00e9s leggazdagabb lott\u00f3j\u00e1t\u00e9ka. 2004-ben indult, \u00e9s hivatalosan kilenc eur\u00f3pai orsz\u00e1gban \u00e9rhet\u0151 el: Franciaorsz\u00e1g, Spanyolorsz\u00e1g, Ausztria, Belgium, \u00cdrorsz\u00e1g, Luxemburg, Portug\u00e1lia, Sv\u00e1jc \u00e9s Andorra. De mi van akkor, ha \u00d6n nem Eur\u00f3p\u00e1ban \u00e9l, vagy nem olyan orsz\u00e1gban, amely r\u00e9szt vesz a EuroMillions j\u00e1t\u00e9kban? [&hellip;]<\/p>\n","protected":false},"author":8,"featured_media":0,"parent":55156,"menu_order":4,"comment_status":"closed","ping_status":"closed","template":"euromillions-at.php","meta":{"_et_pb_use_builder":"","_et_pb_old_content":"","_et_gb_content_width":"","exclude_from_search":false,"footnotes":""},"class_list":["post-87588","page","type-page","status-publish","hentry"],"yoast_head":"<!-- This site is optimized with the Yoast SEO plugin v23.8 - https:\/\/yoast.com\/wordpress\/plugins\/seo\/ -->\n<title>Euromillions online j\u00e1t\u00e9k az EU-n k\u00edv\u00fclr\u0151l<\/title>\n<meta name=\"description\" content=\"Hogyan j\u00e1tszhat Euromillions online az EU-n k\u00edv\u00fclr\u0151l, vagy ha az \u00d6n orsz\u00e1ga nem vesz r\u00e9szt az Euromillionsban?\" \/>\n<meta name=\"robots\" content=\"index, follow, max-snippet:-1, max-image-preview:large, max-video-preview:-1\" \/>\n<link rel=\"canonical\" href=\"https:\/\/redfoxlotto.com\/hu\/jatek\/euromillions-eu\/\" \/>\n<meta property=\"og:locale\" content=\"hu_HU\" \/>\n<meta property=\"og:type\" content=\"article\" \/>\n<meta property=\"og:title\" content=\"Euromillions online j\u00e1t\u00e9k az EU-n k\u00edv\u00fclr\u0151l\" \/>\n<meta property=\"og:description\" content=\"Hogyan j\u00e1tszhat Euromillions online az EU-n k\u00edv\u00fclr\u0151l, vagy ha az \u00d6n orsz\u00e1ga nem vesz r\u00e9szt az Euromillionsban?\" \/>\n<meta property=\"og:url\" content=\"https:\/\/redfoxlotto.com\/hu\/jatek\/euromillions-eu\/\" \/>\n<meta property=\"og:site_name\" content=\"Get Tickets for the World\u2019s largest jackpots\" \/>\n<meta property=\"article:modified_time\" content=\"2025-12-17T06:44:20+00:00\" \/>\n<meta property=\"og:image\" content=\"https:\/\/redfoxlotto.com\/wp-content\/uploads\/2024\/03\/Balls-300x300.png\" \/>\n<meta name=\"twitter:card\" content=\"summary_large_image\" \/>\n<meta name=\"twitter:label1\" content=\"Becs\u00fclt olvas\u00e1si id\u0151\" \/>\n\t<meta name=\"twitter:data1\" content=\"3 perc\" \/>\n<script type=\"application\/ld+json\" class=\"yoast-schema-graph\">{\"@context\":\"https:\/\/schema.org\",\"@graph\":[{\"@type\":\"WebPage\",\"@id\":\"https:\/\/redfoxlotto.com\/hu\/jatek\/euromillions-eu\/\",\"url\":\"https:\/\/redfoxlotto.com\/hu\/jatek\/euromillions-eu\/\",\"name\":\"Euromillions online j\u00e1t\u00e9k az EU-n k\u00edv\u00fclr\u0151l\",\"isPartOf\":{\"@id\":\"https:\/\/redfoxlotto.com\/hu\/#website\"},\"primaryImageOfPage\":{\"@id\":\"https:\/\/redfoxlotto.com\/hu\/jatek\/euromillions-eu\/#primaryimage\"},\"image\":{\"@id\":\"https:\/\/redfoxlotto.com\/hu\/jatek\/euromillions-eu\/#primaryimage\"},\"thumbnailUrl\":\"https:\/\/redfoxlotto.com\/wp-content\/uploads\/2024\/03\/Balls-300x300.png\",\"datePublished\":\"2025-05-19T09:07:38+00:00\",\"dateModified\":\"2025-12-17T06:44:20+00:00\",\"description\":\"Hogyan j\u00e1tszhat Euromillions online az EU-n k\u00edv\u00fclr\u0151l, vagy ha az \u00d6n orsz\u00e1ga nem vesz r\u00e9szt az Euromillionsban?\",\"breadcrumb\":{\"@id\":\"https:\/\/redfoxlotto.com\/hu\/jatek\/euromillions-eu\/#breadcrumb\"},\"inLanguage\":\"hu\",\"potentialAction\":[{\"@type\":\"ReadAction\",\"target\":[\"https:\/\/redfoxlotto.com\/hu\/jatek\/euromillions-eu\/\"]}]},{\"@type\":\"ImageObject\",\"inLanguage\":\"hu\",\"@id\":\"https:\/\/redfoxlotto.com\/hu\/jatek\/euromillions-eu\/#primaryimage\",\"url\":\"https:\/\/redfoxlotto.com\/wp-content\/uploads\/2024\/03\/Balls-300x300.png\",\"contentUrl\":\"https:\/\/redfoxlotto.com\/wp-content\/uploads\/2024\/03\/Balls-300x300.png\"},{\"@type\":\"BreadcrumbList\",\"@id\":\"https:\/\/redfoxlotto.com\/hu\/jatek\/euromillions-eu\/#breadcrumb\",\"itemListElement\":[{\"@type\":\"ListItem\",\"position\":1,\"name\":\"Home\",\"item\":\"https:\/\/redfoxlotto.com\/hu\/\"},{\"@type\":\"ListItem\",\"position\":2,\"name\":\"Hogyan j\u00e1tszhat m\u00e1s orsz\u00e1gok lott\u00f3j\u00e1t\u00e9kain\",\"item\":\"https:\/\/redfoxlotto.com\/hu\/jatek\/\"},{\"@type\":\"ListItem\",\"position\":3,\"name\":\"Euromillions EU j\u00e1t\u00e9k\"}]},{\"@type\":\"WebSite\",\"@id\":\"https:\/\/redfoxlotto.com\/hu\/#website\",\"url\":\"https:\/\/redfoxlotto.com\/hu\/\",\"name\":\"Get Tickets for the World\u2019s largest jackpots\",\"description\":\"Participate in worldwide lottery jackpots from any country\",\"publisher\":{\"@id\":\"https:\/\/redfoxlotto.com\/hu\/#organization\"},\"potentialAction\":[{\"@type\":\"SearchAction\",\"target\":{\"@type\":\"EntryPoint\",\"urlTemplate\":\"https:\/\/redfoxlotto.com\/hu\/?s={search_term_string}\"},\"query-input\":{\"@type\":\"PropertyValueSpecification\",\"valueRequired\":true,\"valueName\":\"search_term_string\"}}],\"inLanguage\":\"hu\"},{\"@type\":\"Organization\",\"@id\":\"https:\/\/redfoxlotto.com\/hu\/#organization\",\"name\":\"Get Tickets for the World\u2019s largest jackpots\",\"url\":\"https:\/\/redfoxlotto.com\/hu\/\",\"logo\":{\"@type\":\"ImageObject\",\"inLanguage\":\"hu\",\"@id\":\"https:\/\/redfoxlotto.com\/hu\/#\/schema\/logo\/image\/\",\"url\":\"https:\/\/redfoxlotto.com\/wp-content\/uploads\/2023\/04\/logo.png\",\"contentUrl\":\"https:\/\/redfoxlotto.com\/wp-content\/uploads\/2023\/04\/logo.png\",\"width\":269,\"height\":53,\"caption\":\"Get Tickets for the World\u2019s largest jackpots\"},\"image\":{\"@id\":\"https:\/\/redfoxlotto.com\/hu\/#\/schema\/logo\/image\/\"}}]}<\/script>\n<!-- \/ Yoast SEO plugin. -->","yoast_head_json":{"title":"Euromillions online j\u00e1t\u00e9k az EU-n k\u00edv\u00fclr\u0151l","description":"Hogyan j\u00e1tszhat Euromillions online az EU-n k\u00edv\u00fclr\u0151l, vagy ha az \u00d6n orsz\u00e1ga nem vesz r\u00e9szt az Euromillionsban?","robots":{"index":"index","follow":"follow","max-snippet":"max-snippet:-1","max-image-preview":"max-image-preview:large","max-video-preview":"max-video-preview:-1"},"canonical":"https:\/\/redfoxlotto.com\/hu\/jatek\/euromillions-eu\/","og_locale":"hu_HU","og_type":"article","og_title":"Euromillions online j\u00e1t\u00e9k az EU-n k\u00edv\u00fclr\u0151l","og_description":"Hogyan j\u00e1tszhat Euromillions online az EU-n k\u00edv\u00fclr\u0151l, vagy ha az \u00d6n orsz\u00e1ga nem vesz r\u00e9szt az Euromillionsban?","og_url":"https:\/\/redfoxlotto.com\/hu\/jatek\/euromillions-eu\/","og_site_name":"Get Tickets for the World\u2019s largest jackpots","article_modified_time":"2025-12-17T06:44:20+00:00","og_image":[{"url":"https:\/\/redfoxlotto.com\/wp-content\/uploads\/2024\/03\/Balls-300x300.png"}],"twitter_card":"summary_large_image","twitter_misc":{"Becs\u00fclt olvas\u00e1si id\u0151":"3 perc"},"schema":{"@context":"https:\/\/schema.org","@graph":[{"@type":"WebPage","@id":"https:\/\/redfoxlotto.com\/hu\/jatek\/euromillions-eu\/","url":"https:\/\/redfoxlotto.com\/hu\/jatek\/euromillions-eu\/","name":"Euromillions online j\u00e1t\u00e9k az EU-n k\u00edv\u00fclr\u0151l","isPartOf":{"@id":"https:\/\/redfoxlotto.com\/hu\/#website"},"primaryImageOfPage":{"@id":"https:\/\/redfoxlotto.com\/hu\/jatek\/euromillions-eu\/#primaryimage"},"image":{"@id":"https:\/\/redfoxlotto.com\/hu\/jatek\/euromillions-eu\/#primaryimage"},"thumbnailUrl":"https:\/\/redfoxlotto.com\/wp-content\/uploads\/2024\/03\/Balls-300x300.png","datePublished":"2025-05-19T09:07:38+00:00","dateModified":"2025-12-17T06:44:20+00:00","description":"Hogyan j\u00e1tszhat Euromillions online az EU-n k\u00edv\u00fclr\u0151l, vagy ha az \u00d6n orsz\u00e1ga nem vesz r\u00e9szt az Euromillionsban?","breadcrumb":{"@id":"https:\/\/redfoxlotto.com\/hu\/jatek\/euromillions-eu\/#breadcrumb"},"inLanguage":"hu","potentialAction":[{"@type":"ReadAction","target":["https:\/\/redfoxlotto.com\/hu\/jatek\/euromillions-eu\/"]}]},{"@type":"ImageObject","inLanguage":"hu","@id":"https:\/\/redfoxlotto.com\/hu\/jatek\/euromillions-eu\/#primaryimage","url":"https:\/\/redfoxlotto.com\/wp-content\/uploads\/2024\/03\/Balls-300x300.png","contentUrl":"https:\/\/redfoxlotto.com\/wp-content\/uploads\/2024\/03\/Balls-300x300.png"},{"@type":"BreadcrumbList","@id":"https:\/\/redfoxlotto.com\/hu\/jatek\/euromillions-eu\/#breadcrumb","itemListElement":[{"@type":"ListItem","position":1,"name":"Home","item":"https:\/\/redfoxlotto.com\/hu\/"},{"@type":"ListItem","position":2,"name":"Hogyan j\u00e1tszhat m\u00e1s orsz\u00e1gok lott\u00f3j\u00e1t\u00e9kain","item":"https:\/\/redfoxlotto.com\/hu\/jatek\/"},{"@type":"ListItem","position":3,"name":"Euromillions EU j\u00e1t\u00e9k"}]},{"@type":"WebSite","@id":"https:\/\/redfoxlotto.com\/hu\/#website","url":"https:\/\/redfoxlotto.com\/hu\/","name":"Get Tickets for the World\u2019s largest jackpots","description":"Participate in worldwide lottery jackpots from any country","publisher":{"@id":"https:\/\/redfoxlotto.com\/hu\/#organization"},"potentialAction":[{"@type":"SearchAction","target":{"@type":"EntryPoint","urlTemplate":"https:\/\/redfoxlotto.com\/hu\/?s={search_term_string}"},"query-input":{"@type":"PropertyValueSpecification","valueRequired":true,"valueName":"search_term_string"}}],"inLanguage":"hu"},{"@type":"Organization","@id":"https:\/\/redfoxlotto.com\/hu\/#organization","name":"Get Tickets for the World\u2019s largest jackpots","url":"https:\/\/redfoxlotto.com\/hu\/","logo":{"@type":"ImageObject","inLanguage":"hu","@id":"https:\/\/redfoxlotto.com\/hu\/#\/schema\/logo\/image\/","url":"https:\/\/redfoxlotto.com\/wp-content\/uploads\/2023\/04\/logo.png","contentUrl":"https:\/\/redfoxlotto.com\/wp-content\/uploads\/2023\/04\/logo.png","width":269,"height":53,"caption":"Get Tickets for the World\u2019s largest jackpots"},"image":{"@id":"https:\/\/redfoxlotto.com\/hu\/#\/schema\/logo\/image\/"}}]}},"_links":{"self":[{"href":"https:\/\/redfoxlotto.com\/hu\/wp-json\/wp\/v2\/pages\/87588","targetHints":{"allow":["GET"]}}],"collection":[{"href":"https:\/\/redfoxlotto.com\/hu\/wp-json\/wp\/v2\/pages"}],"about":[{"href":"https:\/\/redfoxlotto.com\/hu\/wp-json\/wp\/v2\/types\/page"}],"author":[{"embeddable":true,"href":"https:\/\/redfoxlotto.com\/hu\/wp-json\/wp\/v2\/users\/8"}],"replies":[{"embeddable":true,"href":"https:\/\/redfoxlotto.com\/hu\/wp-json\/wp\/v2\/comments?post=87588"}],"version-history":[{"count":0,"href":"https:\/\/redfoxlotto.com\/hu\/wp-json\/wp\/v2\/pages\/87588\/revisions"}],"up":[{"embeddable":true,"href":"https:\/\/redfoxlotto.com\/hu\/wp-json\/wp\/v2\/pages\/55156"}],"wp:attachment":[{"href":"https:\/\/redfoxlotto.com\/hu\/wp-json\/wp\/v2\/media?parent=87588"}],"curies":[{"name":"wp","href":"https:\/\/api.w.org\/{rel}","templated":true}]}}