{"id":87442,"date":"2025-05-21T09:02:00","date_gmt":"2025-05-21T09:02:00","guid":{"rendered":"https:\/\/redfoxlotto.com\/?page_id=87442"},"modified":"2025-10-07T12:39:14","modified_gmt":"2025-10-07T12:39:14","slug":"platinum-keno-5-millio-euros-fodij","status":"publish","type":"page","link":"https:\/\/redfoxlotto.com\/hu\/keno\/platinum-keno-5-millio-euros-fodij\/","title":{"rendered":"Platinum Keno 5 milli\u00f3 eur\u00f3s f\u0151d\u00edj"},"content":{"rendered":"<p>Ez az 5 milli\u00f3 eur\u00f3s Ken\u00f3 j\u00e1t\u00e9k naponta sorsol &#8211; v\u00e1lasszon sz\u00e1mkombin\u00e1ci\u00f3t most!<\/p>\n<div class=\"keno-banner-wrapper\">\n  <img decoding=\"async\" src=\"https:\/\/redfoxlotto.com\/wp-content\/uploads\/2025\/10\/1-scaled.png\" alt=\"Keno Banner\" class=\"keno-banner-image\"><br \/>\n  <div class=\"keno-banner-overlay\"><div class=\"keno-banner-text\">F\u0151d\u00edj: \u20ac5,000,000<br>Sorsol\u00e1s 8 percenk\u00e9nt<\/div><a href=\"https:\/\/keno.redfoxlotto.com\/play\/platinum-keno\" class=\"keno-banner-button\">J\u00e1tssz Platinum Ken\u00f3t Most<\/a><\/div>\n<\/div>\n","protected":false},"excerpt":{"rendered":"<p>Ez az 5 milli\u00f3 eur\u00f3s Ken\u00f3 j\u00e1t\u00e9k naponta sorsol &#8211; v\u00e1lasszon sz\u00e1mkombin\u00e1ci\u00f3t most!<\/p>\n","protected":false},"author":8,"featured_media":0,"parent":84402,"menu_order":41,"comment_status":"closed","ping_status":"closed","template":"","meta":{"_et_pb_use_builder":"","_et_pb_old_content":"","_et_gb_content_width":"","exclude_from_search":false,"footnotes":""},"class_list":["post-87442","page","type-page","status-publish","hentry"],"yoast_head":"<!-- This site is optimized with the Yoast SEO plugin v23.8 - https:\/\/yoast.com\/wordpress\/plugins\/seo\/ -->\n<title>A legjobb Ken\u00f3 sz\u00e1mkombin\u00e1ci\u00f3k | A legjobb sz\u00e1mok a Ken\u00f3n val\u00f3 j\u00e1t\u00e9khoz<\/title>\n<meta name=\"description\" content=\"V\u00e1lassza ki a legjobb Ken\u00f3 sz\u00e1mkombin\u00e1ci\u00f3kat itt az oldalunkon, \u00e9s j\u00e1tsszon a legjobb 5 milli\u00f3 eur\u00f3s \u00e9s 10 milli\u00f3 eur\u00f3s Ken\u00f3 j\u00e1t\u00e9kokkal.\" \/>\n<meta name=\"robots\" content=\"index, follow, max-snippet:-1, max-image-preview:large, max-video-preview:-1\" \/>\n<link rel=\"canonical\" href=\"https:\/\/redfoxlotto.com\/hu\/keno\/platinum-keno-5-millio-euros-fodij\/\" \/>\n<meta property=\"og:locale\" content=\"hu_HU\" \/>\n<meta property=\"og:type\" content=\"article\" \/>\n<meta property=\"og:title\" content=\"A legjobb Ken\u00f3 sz\u00e1mkombin\u00e1ci\u00f3k | A legjobb sz\u00e1mok a Ken\u00f3n val\u00f3 j\u00e1t\u00e9khoz\" \/>\n<meta property=\"og:description\" content=\"V\u00e1lassza ki a legjobb Ken\u00f3 sz\u00e1mkombin\u00e1ci\u00f3kat itt az oldalunkon, \u00e9s j\u00e1tsszon a legjobb 5 milli\u00f3 eur\u00f3s \u00e9s 10 milli\u00f3 eur\u00f3s Ken\u00f3 j\u00e1t\u00e9kokkal.\" \/>\n<meta property=\"og:url\" content=\"https:\/\/redfoxlotto.com\/hu\/keno\/platinum-keno-5-millio-euros-fodij\/\" \/>\n<meta property=\"og:site_name\" content=\"Get Tickets for the World\u2019s largest jackpots\" \/>\n<meta property=\"article:modified_time\" content=\"2025-10-07T12:39:14+00:00\" \/>\n<meta property=\"og:image\" content=\"https:\/\/redfoxlotto.com\/wp-content\/uploads\/2025\/10\/1-scaled.png\" \/>\n<meta name=\"twitter:card\" content=\"summary_large_image\" \/>\n<meta name=\"twitter:label1\" content=\"Becs\u00fclt olvas\u00e1si id\u0151\" \/>\n\t<meta name=\"twitter:data1\" content=\"1 perc\" \/>\n<script type=\"application\/ld+json\" class=\"yoast-schema-graph\">{\"@context\":\"https:\/\/schema.org\",\"@graph\":[{\"@type\":\"WebPage\",\"@id\":\"https:\/\/redfoxlotto.com\/hu\/keno\/platinum-keno-5-millio-euros-fodij\/\",\"url\":\"https:\/\/redfoxlotto.com\/hu\/keno\/platinum-keno-5-millio-euros-fodij\/\",\"name\":\"A legjobb Ken\u00f3 sz\u00e1mkombin\u00e1ci\u00f3k | A legjobb sz\u00e1mok a Ken\u00f3n val\u00f3 j\u00e1t\u00e9khoz\",\"isPartOf\":{\"@id\":\"https:\/\/redfoxlotto.com\/hu\/#website\"},\"primaryImageOfPage\":{\"@id\":\"https:\/\/redfoxlotto.com\/hu\/keno\/platinum-keno-5-millio-euros-fodij\/#primaryimage\"},\"image\":{\"@id\":\"https:\/\/redfoxlotto.com\/hu\/keno\/platinum-keno-5-millio-euros-fodij\/#primaryimage\"},\"thumbnailUrl\":\"https:\/\/redfoxlotto.com\/wp-content\/uploads\/2025\/10\/1-scaled.png\",\"datePublished\":\"2025-05-21T09:02:00+00:00\",\"dateModified\":\"2025-10-07T12:39:14+00:00\",\"description\":\"V\u00e1lassza ki a legjobb Ken\u00f3 sz\u00e1mkombin\u00e1ci\u00f3kat itt az oldalunkon, \u00e9s j\u00e1tsszon a legjobb 5 milli\u00f3 eur\u00f3s \u00e9s 10 milli\u00f3 eur\u00f3s Ken\u00f3 j\u00e1t\u00e9kokkal.\",\"breadcrumb\":{\"@id\":\"https:\/\/redfoxlotto.com\/hu\/keno\/platinum-keno-5-millio-euros-fodij\/#breadcrumb\"},\"inLanguage\":\"hu\",\"potentialAction\":[{\"@type\":\"ReadAction\",\"target\":[\"https:\/\/redfoxlotto.com\/hu\/keno\/platinum-keno-5-millio-euros-fodij\/\"]}]},{\"@type\":\"ImageObject\",\"inLanguage\":\"hu\",\"@id\":\"https:\/\/redfoxlotto.com\/hu\/keno\/platinum-keno-5-millio-euros-fodij\/#primaryimage\",\"url\":\"https:\/\/redfoxlotto.com\/wp-content\/uploads\/2025\/10\/1-scaled.png\",\"contentUrl\":\"https:\/\/redfoxlotto.com\/wp-content\/uploads\/2025\/10\/1-scaled.png\"},{\"@type\":\"BreadcrumbList\",\"@id\":\"https:\/\/redfoxlotto.com\/hu\/keno\/platinum-keno-5-millio-euros-fodij\/#breadcrumb\",\"itemListElement\":[{\"@type\":\"ListItem\",\"position\":1,\"name\":\"Home\",\"item\":\"https:\/\/redfoxlotto.com\/hu\/\"},{\"@type\":\"ListItem\",\"position\":2,\"name\":\"Ken\u00f3\",\"item\":\"https:\/\/redfoxlotto.com\/hu\/keno\/\"},{\"@type\":\"ListItem\",\"position\":3,\"name\":\"Platinum Keno 5 milli\u00f3 eur\u00f3s f\u0151d\u00edj\"}]},{\"@type\":\"WebSite\",\"@id\":\"https:\/\/redfoxlotto.com\/hu\/#website\",\"url\":\"https:\/\/redfoxlotto.com\/hu\/\",\"name\":\"Get Tickets for the World\u2019s largest jackpots\",\"description\":\"Participate in worldwide lottery jackpots from any country\",\"publisher\":{\"@id\":\"https:\/\/redfoxlotto.com\/hu\/#organization\"},\"potentialAction\":[{\"@type\":\"SearchAction\",\"target\":{\"@type\":\"EntryPoint\",\"urlTemplate\":\"https:\/\/redfoxlotto.com\/hu\/?s={search_term_string}\"},\"query-input\":{\"@type\":\"PropertyValueSpecification\",\"valueRequired\":true,\"valueName\":\"search_term_string\"}}],\"inLanguage\":\"hu\"},{\"@type\":\"Organization\",\"@id\":\"https:\/\/redfoxlotto.com\/hu\/#organization\",\"name\":\"Get Tickets for the World\u2019s largest jackpots\",\"url\":\"https:\/\/redfoxlotto.com\/hu\/\",\"logo\":{\"@type\":\"ImageObject\",\"inLanguage\":\"hu\",\"@id\":\"https:\/\/redfoxlotto.com\/hu\/#\/schema\/logo\/image\/\",\"url\":\"https:\/\/redfoxlotto.com\/wp-content\/uploads\/2023\/04\/logo.png\",\"contentUrl\":\"https:\/\/redfoxlotto.com\/wp-content\/uploads\/2023\/04\/logo.png\",\"width\":269,\"height\":53,\"caption\":\"Get Tickets for the World\u2019s largest jackpots\"},\"image\":{\"@id\":\"https:\/\/redfoxlotto.com\/hu\/#\/schema\/logo\/image\/\"}}]}<\/script>\n<!-- \/ Yoast SEO plugin. -->","yoast_head_json":{"title":"A legjobb Ken\u00f3 sz\u00e1mkombin\u00e1ci\u00f3k | A legjobb sz\u00e1mok a Ken\u00f3n val\u00f3 j\u00e1t\u00e9khoz","description":"V\u00e1lassza ki a legjobb Ken\u00f3 sz\u00e1mkombin\u00e1ci\u00f3kat itt az oldalunkon, \u00e9s j\u00e1tsszon a legjobb 5 milli\u00f3 eur\u00f3s \u00e9s 10 milli\u00f3 eur\u00f3s Ken\u00f3 j\u00e1t\u00e9kokkal.","robots":{"index":"index","follow":"follow","max-snippet":"max-snippet:-1","max-image-preview":"max-image-preview:large","max-video-preview":"max-video-preview:-1"},"canonical":"https:\/\/redfoxlotto.com\/hu\/keno\/platinum-keno-5-millio-euros-fodij\/","og_locale":"hu_HU","og_type":"article","og_title":"A legjobb Ken\u00f3 sz\u00e1mkombin\u00e1ci\u00f3k | A legjobb sz\u00e1mok a Ken\u00f3n val\u00f3 j\u00e1t\u00e9khoz","og_description":"V\u00e1lassza ki a legjobb Ken\u00f3 sz\u00e1mkombin\u00e1ci\u00f3kat itt az oldalunkon, \u00e9s j\u00e1tsszon a legjobb 5 milli\u00f3 eur\u00f3s \u00e9s 10 milli\u00f3 eur\u00f3s Ken\u00f3 j\u00e1t\u00e9kokkal.","og_url":"https:\/\/redfoxlotto.com\/hu\/keno\/platinum-keno-5-millio-euros-fodij\/","og_site_name":"Get Tickets for the World\u2019s largest jackpots","article_modified_time":"2025-10-07T12:39:14+00:00","og_image":[{"url":"https:\/\/redfoxlotto.com\/wp-content\/uploads\/2025\/10\/1-scaled.png"}],"twitter_card":"summary_large_image","twitter_misc":{"Becs\u00fclt olvas\u00e1si id\u0151":"1 perc"},"schema":{"@context":"https:\/\/schema.org","@graph":[{"@type":"WebPage","@id":"https:\/\/redfoxlotto.com\/hu\/keno\/platinum-keno-5-millio-euros-fodij\/","url":"https:\/\/redfoxlotto.com\/hu\/keno\/platinum-keno-5-millio-euros-fodij\/","name":"A legjobb Ken\u00f3 sz\u00e1mkombin\u00e1ci\u00f3k | A legjobb sz\u00e1mok a Ken\u00f3n val\u00f3 j\u00e1t\u00e9khoz","isPartOf":{"@id":"https:\/\/redfoxlotto.com\/hu\/#website"},"primaryImageOfPage":{"@id":"https:\/\/redfoxlotto.com\/hu\/keno\/platinum-keno-5-millio-euros-fodij\/#primaryimage"},"image":{"@id":"https:\/\/redfoxlotto.com\/hu\/keno\/platinum-keno-5-millio-euros-fodij\/#primaryimage"},"thumbnailUrl":"https:\/\/redfoxlotto.com\/wp-content\/uploads\/2025\/10\/1-scaled.png","datePublished":"2025-05-21T09:02:00+00:00","dateModified":"2025-10-07T12:39:14+00:00","description":"V\u00e1lassza ki a legjobb Ken\u00f3 sz\u00e1mkombin\u00e1ci\u00f3kat itt az oldalunkon, \u00e9s j\u00e1tsszon a legjobb 5 milli\u00f3 eur\u00f3s \u00e9s 10 milli\u00f3 eur\u00f3s Ken\u00f3 j\u00e1t\u00e9kokkal.","breadcrumb":{"@id":"https:\/\/redfoxlotto.com\/hu\/keno\/platinum-keno-5-millio-euros-fodij\/#breadcrumb"},"inLanguage":"hu","potentialAction":[{"@type":"ReadAction","target":["https:\/\/redfoxlotto.com\/hu\/keno\/platinum-keno-5-millio-euros-fodij\/"]}]},{"@type":"ImageObject","inLanguage":"hu","@id":"https:\/\/redfoxlotto.com\/hu\/keno\/platinum-keno-5-millio-euros-fodij\/#primaryimage","url":"https:\/\/redfoxlotto.com\/wp-content\/uploads\/2025\/10\/1-scaled.png","contentUrl":"https:\/\/redfoxlotto.com\/wp-content\/uploads\/2025\/10\/1-scaled.png"},{"@type":"BreadcrumbList","@id":"https:\/\/redfoxlotto.com\/hu\/keno\/platinum-keno-5-millio-euros-fodij\/#breadcrumb","itemListElement":[{"@type":"ListItem","position":1,"name":"Home","item":"https:\/\/redfoxlotto.com\/hu\/"},{"@type":"ListItem","position":2,"name":"Ken\u00f3","item":"https:\/\/redfoxlotto.com\/hu\/keno\/"},{"@type":"ListItem","position":3,"name":"Platinum Keno 5 milli\u00f3 eur\u00f3s f\u0151d\u00edj"}]},{"@type":"WebSite","@id":"https:\/\/redfoxlotto.com\/hu\/#website","url":"https:\/\/redfoxlotto.com\/hu\/","name":"Get Tickets for the World\u2019s largest jackpots","description":"Participate in worldwide lottery jackpots from any country","publisher":{"@id":"https:\/\/redfoxlotto.com\/hu\/#organization"},"potentialAction":[{"@type":"SearchAction","target":{"@type":"EntryPoint","urlTemplate":"https:\/\/redfoxlotto.com\/hu\/?s={search_term_string}"},"query-input":{"@type":"PropertyValueSpecification","valueRequired":true,"valueName":"search_term_string"}}],"inLanguage":"hu"},{"@type":"Organization","@id":"https:\/\/redfoxlotto.com\/hu\/#organization","name":"Get Tickets for the World\u2019s largest jackpots","url":"https:\/\/redfoxlotto.com\/hu\/","logo":{"@type":"ImageObject","inLanguage":"hu","@id":"https:\/\/redfoxlotto.com\/hu\/#\/schema\/logo\/image\/","url":"https:\/\/redfoxlotto.com\/wp-content\/uploads\/2023\/04\/logo.png","contentUrl":"https:\/\/redfoxlotto.com\/wp-content\/uploads\/2023\/04\/logo.png","width":269,"height":53,"caption":"Get Tickets for the World\u2019s largest jackpots"},"image":{"@id":"https:\/\/redfoxlotto.com\/hu\/#\/schema\/logo\/image\/"}}]}},"_links":{"self":[{"href":"https:\/\/redfoxlotto.com\/hu\/wp-json\/wp\/v2\/pages\/87442","targetHints":{"allow":["GET"]}}],"collection":[{"href":"https:\/\/redfoxlotto.com\/hu\/wp-json\/wp\/v2\/pages"}],"about":[{"href":"https:\/\/redfoxlotto.com\/hu\/wp-json\/wp\/v2\/types\/page"}],"author":[{"embeddable":true,"href":"https:\/\/redfoxlotto.com\/hu\/wp-json\/wp\/v2\/users\/8"}],"replies":[{"embeddable":true,"href":"https:\/\/redfoxlotto.com\/hu\/wp-json\/wp\/v2\/comments?post=87442"}],"version-history":[{"count":0,"href":"https:\/\/redfoxlotto.com\/hu\/wp-json\/wp\/v2\/pages\/87442\/revisions"}],"up":[{"embeddable":true,"href":"https:\/\/redfoxlotto.com\/hu\/wp-json\/wp\/v2\/pages\/84402"}],"wp:attachment":[{"href":"https:\/\/redfoxlotto.com\/hu\/wp-json\/wp\/v2\/media?parent=87442"}],"curies":[{"name":"wp","href":"https:\/\/api.w.org\/{rel}","templated":true}]}}