{"id":87088,"date":"2025-05-16T10:39:54","date_gmt":"2025-05-16T10:39:54","guid":{"rendered":"https:\/\/redfoxlotto.com\/?page_id=87088"},"modified":"2025-05-17T21:55:00","modified_gmt":"2025-05-17T21:55:00","slug":"diamond-keno-nyero-szamok","status":"publish","type":"page","link":"https:\/\/redfoxlotto.com\/hu\/keno\/diamond-keno-nyero-szamok\/","title":{"rendered":"Diamond Keno nyer\u0151 sz\u00e1mok"},"content":{"rendered":"<p>\u00daj nyer\u0151sz\u00e1mok 20 percenk\u00e9nt &#8211; n\u00e9zd meg a Diamond Keno eredm\u00e9nyeket most<\/p>\n","protected":false},"excerpt":{"rendered":"<p>\u00daj nyer\u0151sz\u00e1mok 20 percenk\u00e9nt &#8211; n\u00e9zd meg a Diamond Keno eredm\u00e9nyeket most<\/p>\n","protected":false},"author":8,"featured_media":0,"parent":84402,"menu_order":40,"comment_status":"closed","ping_status":"closed","template":"","meta":{"_et_pb_use_builder":"","_et_pb_old_content":"","_et_gb_content_width":"","exclude_from_search":false,"footnotes":""},"class_list":["post-87088","page","type-page","status-publish","hentry"],"yoast_head":"<!-- This site is optimized with the Yoast SEO plugin v23.8 - https:\/\/yoast.com\/wordpress\/plugins\/seo\/ -->\n<title>A legjobb Ken\u00f3 lott\u00f3nk nyer\u0151sz\u00e1mai - nyerjen most 10 milli\u00f3 eur\u00f3t!<\/title>\n<meta name=\"description\" content=\"Itt vannak a legnagyobb Ken\u00f3 lott\u00f3nk leg\u00fajabb nyer\u0151sz\u00e1mai - 20 percenk\u00e9nt 10 milli\u00f3 eur\u00f3 a t\u00e9t.\" \/>\n<meta name=\"robots\" content=\"index, follow, max-snippet:-1, max-image-preview:large, max-video-preview:-1\" \/>\n<link rel=\"canonical\" href=\"https:\/\/redfoxlotto.com\/hu\/keno\/diamond-keno-nyero-szamok\/\" \/>\n<meta property=\"og:locale\" content=\"hu_HU\" \/>\n<meta property=\"og:type\" content=\"article\" \/>\n<meta property=\"og:title\" content=\"A legjobb Ken\u00f3 lott\u00f3nk nyer\u0151sz\u00e1mai - nyerjen most 10 milli\u00f3 eur\u00f3t!\" \/>\n<meta property=\"og:description\" content=\"Itt vannak a legnagyobb Ken\u00f3 lott\u00f3nk leg\u00fajabb nyer\u0151sz\u00e1mai - 20 percenk\u00e9nt 10 milli\u00f3 eur\u00f3 a t\u00e9t.\" \/>\n<meta property=\"og:url\" content=\"https:\/\/redfoxlotto.com\/hu\/keno\/diamond-keno-nyero-szamok\/\" \/>\n<meta property=\"og:site_name\" content=\"Get Tickets for the World\u2019s largest jackpots\" \/>\n<meta property=\"article:modified_time\" content=\"2025-05-17T21:55:00+00:00\" \/>\n<meta name=\"twitter:card\" content=\"summary_large_image\" \/>\n<meta name=\"twitter:label1\" content=\"Becs\u00fclt olvas\u00e1si id\u0151\" \/>\n\t<meta name=\"twitter:data1\" content=\"1 perc\" \/>\n<script type=\"application\/ld+json\" class=\"yoast-schema-graph\">{\"@context\":\"https:\/\/schema.org\",\"@graph\":[{\"@type\":\"WebPage\",\"@id\":\"https:\/\/redfoxlotto.com\/hu\/keno\/diamond-keno-nyero-szamok\/\",\"url\":\"https:\/\/redfoxlotto.com\/hu\/keno\/diamond-keno-nyero-szamok\/\",\"name\":\"A legjobb Ken\u00f3 lott\u00f3nk nyer\u0151sz\u00e1mai - nyerjen most 10 milli\u00f3 eur\u00f3t!\",\"isPartOf\":{\"@id\":\"https:\/\/redfoxlotto.com\/hu\/#website\"},\"datePublished\":\"2025-05-16T10:39:54+00:00\",\"dateModified\":\"2025-05-17T21:55:00+00:00\",\"description\":\"Itt vannak a legnagyobb Ken\u00f3 lott\u00f3nk leg\u00fajabb nyer\u0151sz\u00e1mai - 20 percenk\u00e9nt 10 milli\u00f3 eur\u00f3 a t\u00e9t.\",\"breadcrumb\":{\"@id\":\"https:\/\/redfoxlotto.com\/hu\/keno\/diamond-keno-nyero-szamok\/#breadcrumb\"},\"inLanguage\":\"hu\",\"potentialAction\":[{\"@type\":\"ReadAction\",\"target\":[\"https:\/\/redfoxlotto.com\/hu\/keno\/diamond-keno-nyero-szamok\/\"]}]},{\"@type\":\"BreadcrumbList\",\"@id\":\"https:\/\/redfoxlotto.com\/hu\/keno\/diamond-keno-nyero-szamok\/#breadcrumb\",\"itemListElement\":[{\"@type\":\"ListItem\",\"position\":1,\"name\":\"Home\",\"item\":\"https:\/\/redfoxlotto.com\/hu\/\"},{\"@type\":\"ListItem\",\"position\":2,\"name\":\"Ken\u00f3\",\"item\":\"https:\/\/redfoxlotto.com\/hu\/keno\/\"},{\"@type\":\"ListItem\",\"position\":3,\"name\":\"Diamond Keno nyer\u0151 sz\u00e1mok\"}]},{\"@type\":\"WebSite\",\"@id\":\"https:\/\/redfoxlotto.com\/hu\/#website\",\"url\":\"https:\/\/redfoxlotto.com\/hu\/\",\"name\":\"Get Tickets for the World\u2019s largest jackpots\",\"description\":\"Participate in worldwide lottery jackpots from any country\",\"publisher\":{\"@id\":\"https:\/\/redfoxlotto.com\/hu\/#organization\"},\"potentialAction\":[{\"@type\":\"SearchAction\",\"target\":{\"@type\":\"EntryPoint\",\"urlTemplate\":\"https:\/\/redfoxlotto.com\/hu\/?s={search_term_string}\"},\"query-input\":{\"@type\":\"PropertyValueSpecification\",\"valueRequired\":true,\"valueName\":\"search_term_string\"}}],\"inLanguage\":\"hu\"},{\"@type\":\"Organization\",\"@id\":\"https:\/\/redfoxlotto.com\/hu\/#organization\",\"name\":\"Get Tickets for the World\u2019s largest jackpots\",\"url\":\"https:\/\/redfoxlotto.com\/hu\/\",\"logo\":{\"@type\":\"ImageObject\",\"inLanguage\":\"hu\",\"@id\":\"https:\/\/redfoxlotto.com\/hu\/#\/schema\/logo\/image\/\",\"url\":\"https:\/\/redfoxlotto.com\/wp-content\/uploads\/2023\/04\/logo.png\",\"contentUrl\":\"https:\/\/redfoxlotto.com\/wp-content\/uploads\/2023\/04\/logo.png\",\"width\":269,\"height\":53,\"caption\":\"Get Tickets for the World\u2019s largest jackpots\"},\"image\":{\"@id\":\"https:\/\/redfoxlotto.com\/hu\/#\/schema\/logo\/image\/\"}}]}<\/script>\n<!-- \/ Yoast SEO plugin. -->","yoast_head_json":{"title":"A legjobb Ken\u00f3 lott\u00f3nk nyer\u0151sz\u00e1mai - nyerjen most 10 milli\u00f3 eur\u00f3t!","description":"Itt vannak a legnagyobb Ken\u00f3 lott\u00f3nk leg\u00fajabb nyer\u0151sz\u00e1mai - 20 percenk\u00e9nt 10 milli\u00f3 eur\u00f3 a t\u00e9t.","robots":{"index":"index","follow":"follow","max-snippet":"max-snippet:-1","max-image-preview":"max-image-preview:large","max-video-preview":"max-video-preview:-1"},"canonical":"https:\/\/redfoxlotto.com\/hu\/keno\/diamond-keno-nyero-szamok\/","og_locale":"hu_HU","og_type":"article","og_title":"A legjobb Ken\u00f3 lott\u00f3nk nyer\u0151sz\u00e1mai - nyerjen most 10 milli\u00f3 eur\u00f3t!","og_description":"Itt vannak a legnagyobb Ken\u00f3 lott\u00f3nk leg\u00fajabb nyer\u0151sz\u00e1mai - 20 percenk\u00e9nt 10 milli\u00f3 eur\u00f3 a t\u00e9t.","og_url":"https:\/\/redfoxlotto.com\/hu\/keno\/diamond-keno-nyero-szamok\/","og_site_name":"Get Tickets for the World\u2019s largest jackpots","article_modified_time":"2025-05-17T21:55:00+00:00","twitter_card":"summary_large_image","twitter_misc":{"Becs\u00fclt olvas\u00e1si id\u0151":"1 perc"},"schema":{"@context":"https:\/\/schema.org","@graph":[{"@type":"WebPage","@id":"https:\/\/redfoxlotto.com\/hu\/keno\/diamond-keno-nyero-szamok\/","url":"https:\/\/redfoxlotto.com\/hu\/keno\/diamond-keno-nyero-szamok\/","name":"A legjobb Ken\u00f3 lott\u00f3nk nyer\u0151sz\u00e1mai - nyerjen most 10 milli\u00f3 eur\u00f3t!","isPartOf":{"@id":"https:\/\/redfoxlotto.com\/hu\/#website"},"datePublished":"2025-05-16T10:39:54+00:00","dateModified":"2025-05-17T21:55:00+00:00","description":"Itt vannak a legnagyobb Ken\u00f3 lott\u00f3nk leg\u00fajabb nyer\u0151sz\u00e1mai - 20 percenk\u00e9nt 10 milli\u00f3 eur\u00f3 a t\u00e9t.","breadcrumb":{"@id":"https:\/\/redfoxlotto.com\/hu\/keno\/diamond-keno-nyero-szamok\/#breadcrumb"},"inLanguage":"hu","potentialAction":[{"@type":"ReadAction","target":["https:\/\/redfoxlotto.com\/hu\/keno\/diamond-keno-nyero-szamok\/"]}]},{"@type":"BreadcrumbList","@id":"https:\/\/redfoxlotto.com\/hu\/keno\/diamond-keno-nyero-szamok\/#breadcrumb","itemListElement":[{"@type":"ListItem","position":1,"name":"Home","item":"https:\/\/redfoxlotto.com\/hu\/"},{"@type":"ListItem","position":2,"name":"Ken\u00f3","item":"https:\/\/redfoxlotto.com\/hu\/keno\/"},{"@type":"ListItem","position":3,"name":"Diamond Keno nyer\u0151 sz\u00e1mok"}]},{"@type":"WebSite","@id":"https:\/\/redfoxlotto.com\/hu\/#website","url":"https:\/\/redfoxlotto.com\/hu\/","name":"Get Tickets for the World\u2019s largest jackpots","description":"Participate in worldwide lottery jackpots from any country","publisher":{"@id":"https:\/\/redfoxlotto.com\/hu\/#organization"},"potentialAction":[{"@type":"SearchAction","target":{"@type":"EntryPoint","urlTemplate":"https:\/\/redfoxlotto.com\/hu\/?s={search_term_string}"},"query-input":{"@type":"PropertyValueSpecification","valueRequired":true,"valueName":"search_term_string"}}],"inLanguage":"hu"},{"@type":"Organization","@id":"https:\/\/redfoxlotto.com\/hu\/#organization","name":"Get Tickets for the World\u2019s largest jackpots","url":"https:\/\/redfoxlotto.com\/hu\/","logo":{"@type":"ImageObject","inLanguage":"hu","@id":"https:\/\/redfoxlotto.com\/hu\/#\/schema\/logo\/image\/","url":"https:\/\/redfoxlotto.com\/wp-content\/uploads\/2023\/04\/logo.png","contentUrl":"https:\/\/redfoxlotto.com\/wp-content\/uploads\/2023\/04\/logo.png","width":269,"height":53,"caption":"Get Tickets for the World\u2019s largest jackpots"},"image":{"@id":"https:\/\/redfoxlotto.com\/hu\/#\/schema\/logo\/image\/"}}]}},"_links":{"self":[{"href":"https:\/\/redfoxlotto.com\/hu\/wp-json\/wp\/v2\/pages\/87088","targetHints":{"allow":["GET"]}}],"collection":[{"href":"https:\/\/redfoxlotto.com\/hu\/wp-json\/wp\/v2\/pages"}],"about":[{"href":"https:\/\/redfoxlotto.com\/hu\/wp-json\/wp\/v2\/types\/page"}],"author":[{"embeddable":true,"href":"https:\/\/redfoxlotto.com\/hu\/wp-json\/wp\/v2\/users\/8"}],"replies":[{"embeddable":true,"href":"https:\/\/redfoxlotto.com\/hu\/wp-json\/wp\/v2\/comments?post=87088"}],"version-history":[{"count":0,"href":"https:\/\/redfoxlotto.com\/hu\/wp-json\/wp\/v2\/pages\/87088\/revisions"}],"up":[{"embeddable":true,"href":"https:\/\/redfoxlotto.com\/hu\/wp-json\/wp\/v2\/pages\/84402"}],"wp:attachment":[{"href":"https:\/\/redfoxlotto.com\/hu\/wp-json\/wp\/v2\/media?parent=87088"}],"curies":[{"name":"wp","href":"https:\/\/api.w.org\/{rel}","templated":true}]}}