{"id":85547,"date":"2025-02-25T17:29:04","date_gmt":"2025-02-25T17:29:04","guid":{"rendered":"https:\/\/redfoxlotto.com\/?page_id=85547"},"modified":"2025-04-21T07:22:44","modified_gmt":"2025-04-21T07:22:44","slug":"new-york-lotto-eredmenyek","status":"publish","type":"page","link":"https:\/\/redfoxlotto.com\/hu\/eredmenyek\/new-york-lotto-eredmenyek\/","title":{"rendered":"New York lott\u00f3 eredm\u00e9nyek"},"content":{"rendered":"<h2>\ud83d\uddfdA legfrissebb eredm\u00e9nyek a New York-i lott\u00f3 sorsol\u00e1son.<\/h2>\n<p><img loading=\"lazy\" decoding=\"async\" class=\"size-full wp-image-48546 alignright\" src=\"https:\/\/redfoxlotto.com\/wp-content\/uploads\/2023\/04\/powerball-draw-youtube1-300x300-1.jpg\" alt=\"newyork lotto \" width=\"300\" height=\"300\" srcset=\"https:\/\/redfoxlotto.com\/wp-content\/uploads\/2023\/04\/powerball-draw-youtube1-300x300-1.jpg 300w, https:\/\/redfoxlotto.com\/wp-content\/uploads\/2023\/04\/powerball-draw-youtube1-300x300-1-100x100.jpg 100w, https:\/\/redfoxlotto.com\/wp-content\/uploads\/2023\/04\/powerball-draw-youtube1-300x300-1-150x150.jpg 150w\" sizes=\"auto, (max-width: 300px) 100vw, 300px\" \/><br \/>\nAzok a lott\u00f3j\u00e1t\u00e9kosok, akiket a New York-i lott\u00f3 legfrissebb eredm\u00e9nyei \u00e9rdekelnek, kihaszn\u00e1lhatj\u00e1k a RedFoxLotto platformj\u00e1t, amely nemcsak \u00e1tfog\u00f3, hanem egyszer\u0171en haszn\u00e1lhat\u00f3 is. Annak \u00e9rdek\u00e9ben, hogy mindig naprak\u00e9sz legyen, a RedFoxLotto a legfrissebb inform\u00e1ci\u00f3kat ny\u00fajtja, f\u00fcggetlen\u00fcl att\u00f3l, hogy a legut\u00f3bbi sorsol\u00e1st vagy a m\u00faltban nyertes sz\u00e1mkombin\u00e1ci\u00f3kat n\u00e9zi.<\/p>\n<h2>\ud83d\udd0dA legfrissebb felfedez\u00e9sek el\u00e9r\u00e9s\u00e9nek lehet\u0151v\u00e9 t\u00e9tele<\/h2>\n<p>A RedFoxLotto weboldal felel\u0151s egy olyan oldal fenntart\u00e1s\u00e1\u00e9rt, amely kiz\u00e1r\u00f3lag a New York-i lott\u00f3 eredm\u00e9nyeivel foglalkozik. A felhaszn\u00e1l\u00f3k ezt az oldalt felhaszn\u00e1lhatj\u00e1k, hogy lek\u00e9rdezz\u00e9k a legut\u00f3bbi lebonyol\u00edtott sorsol\u00e1sok nyertes sz\u00e1mait. Ez biztos\u00edtja, hogy a j\u00e1t\u00e9kosok minden l\u00e9nyeges inform\u00e1ci\u00f3hoz hozz\u00e1f\u00e9rjenek a rendelkez\u00e9s\u00fckre \u00e1lljon az\u00e1ltal, hogy sz\u00e1mos j\u00e1t\u00e9kr\u00f3l alapos t\u00e1j\u00e9koztat\u00e1st ny\u00fajt sz\u00e1mukra az\u00e1ltal, hogy ezeket az inform\u00e1ci\u00f3kat biztos\u00edtja sz\u00e1mukra.<\/p>\n<h2>A term\u00e9k jellemz\u0151i \u00e9s el\u0151nyei<\/h2>\n<h3>Teljes k\u00f6r\u0171 arch\u00edvumgy\u0171jtem\u00e9nyek:<\/h3>\n<p>A RedFoxLotto felhaszn\u00e1l\u00f3i a lott\u00f3 legfrissebb eredm\u00e9nyei mellett a kor\u00e1bbi nyertes sz\u00e1mok arch\u00edvum\u00e1hoz is hozz\u00e1f\u00e9r\u00e9st kapnak. A felhaszn\u00e1l\u00f3k ennek az arch\u00edvumnak a seg\u00edts\u00e9g\u00e9vel vizsg\u00e1lhatj\u00e1k a mint\u00e1kat vagy ellen\u0151rizhetik a kor\u00e1bbi nyer\u0151sz\u00e1mok eredm\u00e9nyeit.<\/p>\n<p>A j\u00e1t\u00e9kosok a vil\u00e1g minden t\u00e1j\u00e1r\u00f3l r\u00e9szt vehetnek a New York-i lott\u00f3n a RedFoxLotto.com \u00e1ltal biztos\u00edtott platformot haszn\u00e1lva. Ez az el\u00e9rhet\u0151s\u00e9g lehet\u0151v\u00e9 teszi a vil\u00e1g minden t\u00e1j\u00e1r\u00f3l \u00e9rkez\u0151 j\u00e1t\u00e9kosok sz\u00e1m\u00e1ra a r\u00e9szv\u00e9telt. Ezzel sokkal egyszer\u0171bb\u00e9 v\u00e1lik a m\u00e1s nemzetekb\u0151l sz\u00e1rmaz\u00f3 egy\u00e9nek sz\u00e1m\u00e1ra, hogy r\u00e9szt vegyenek az Egyes\u00fclt \u00c1llamokban tartott lott\u00f3j\u00e1t\u00e9kokban.<\/p>\n<p>A RedFoxLotto biztons\u00e1gos tranzakci\u00f3i biztos\u00edtj\u00e1k az \u00f6sszes p\u00e9nz\u00fcgyi tranzakci\u00f3 biztons\u00e1g\u00e1t, \u00edgy a felhaszn\u00e1l\u00f3k mindenf\u00e9le aggodalom n\u00e9lk\u00fcl v\u00e1s\u00e1rolhatnak online szelv\u00e9nyeket. Ez lehet\u0151v\u00e9 tette a felhaszn\u00e1l\u00f3k sz\u00e1m\u00e1ra az online jegyv\u00e1s\u00e1rl\u00e1st.<\/p>\n<h3>Automatikusan gener\u00e1lt figyelmeztet\u00e9sek:<\/h3>\n<p>Abban az esetben, ha egy felhaszn\u00e1l\u00f3 sikeres, azonnal \u00e9rtes\u00edt\u00e9st kap, ami cs\u00f6kkenti annak sz\u00fcks\u00e9gess\u00e9g\u00e9t, hogy egy szem\u00e9ly k\u00e9zzel ellen\u0151rizze az eredm\u00e9nyeket.<\/p>\n<h2>Indul\u00e1s: L\u00e9p\u00e9sr\u0151l l\u00e9p\u00e9sre \u00fatmutat\u00f3<\/h2>\n<p>Felt\u00e9telezve, hogy megl\u00e1togatja a weboldalt, a megadott linket k\u00f6vetve jut el a RedFoxLotto New York-i lott\u00f3 oldal\u00e1ra. https:\/\/redfoxlotto.com\/results\/new-york-lottery\/.<\/p>\n<p>A felhaszn\u00e1l\u00f3i fi\u00f3k l\u00e9trehoz\u00e1sa \u00e9rdek\u00e9ben a regisztr\u00e1ci\u00f3val hozz\u00e1f\u00e9r\u00e9st kaphat az \u00f6sszes szolg\u00e1ltat\u00e1shoz, bele\u00e9rtve a szelv\u00e9nyv\u00e1s\u00e1rl\u00e1si lehet\u0151s\u00e9geket \u00e9s az eredm\u00e9nyekr\u0151l sz\u00f3l\u00f3 \u00e9rtes\u00edt\u00e9sek fogad\u00e1s\u00e1t.<\/p>\n<p>A k\u00f6zelg\u0151 sorsol\u00e1sok szelv\u00e9nyeinek megv\u00e1s\u00e1rl\u00e1s\u00e1hoz vagy kiv\u00e1laszthatja a k\u00edv\u00e1nt sz\u00e1mokat, vagy haszn\u00e1lhatja a gyorskiad\u00e1s opci\u00f3t. Ezen k\u00edv\u00fcl lehet\u0151s\u00e9ge van a quick-pick opci\u00f3 kiv\u00e1laszt\u00e1s\u00e1ra is.<\/p>\n<p>A sorsol\u00e1s lebonyol\u00edt\u00e1sa ut\u00e1n vissza kell t\u00e9rnie a weboldalra, hogy ellen\u0151rizze a legfrissebb nyer\u0151sz\u00e1mokat, \u00e9s eld\u00f6ntse, hogy \u00d6n nyertes-e vagy sem.<\/p>\n<p>Az\u00e1ltal, hogy megb\u00edzhat\u00f3 \u00e9s hat\u00e9kony eszk\u00f6zt biztos\u00edt a legfrissebb eredm\u00e9nyek nyomon k\u00f6vet\u00e9s\u00e9re \u00e9s a lott\u00f3val kapcsolatos m\u0171veleteinek kezel\u00e9s\u00e9re, a RedFoxLotto egyszer\u0171bb\u00e9 teszi a New York-i lott\u00f3n val\u00f3 r\u00e9szv\u00e9tel folyamat\u00e1t.<\/p>\n","protected":false},"excerpt":{"rendered":"<p>\ud83d\uddfdA legfrissebb eredm\u00e9nyek a New York-i lott\u00f3 sorsol\u00e1son. Azok a lott\u00f3j\u00e1t\u00e9kosok, akiket a New York-i lott\u00f3 legfrissebb eredm\u00e9nyei \u00e9rdekelnek, kihaszn\u00e1lhatj\u00e1k a RedFoxLotto platformj\u00e1t, amely nemcsak \u00e1tfog\u00f3, hanem egyszer\u0171en haszn\u00e1lhat\u00f3 is. Annak \u00e9rdek\u00e9ben, hogy mindig naprak\u00e9sz legyen, a RedFoxLotto a legfrissebb inform\u00e1ci\u00f3kat ny\u00fajtja, f\u00fcggetlen\u00fcl att\u00f3l, hogy a legut\u00f3bbi sorsol\u00e1st vagy a m\u00faltban nyertes sz\u00e1mkombin\u00e1ci\u00f3kat n\u00e9zi. \ud83d\udd0dA [&hellip;]<\/p>\n","protected":false},"author":8,"featured_media":0,"parent":55183,"menu_order":18,"comment_status":"closed","ping_status":"closed","template":"newyork-results.php","meta":{"_et_pb_use_builder":"","_et_pb_old_content":"","_et_gb_content_width":"","exclude_from_search":false,"footnotes":""},"class_list":["post-85547","page","type-page","status-publish","hentry"],"yoast_head":"<!-- This site is optimized with the Yoast SEO plugin v23.8 - https:\/\/yoast.com\/wordpress\/plugins\/seo\/ -->\n<title>New York Lott\u00f3 nyer\u0151sz\u00e1mok | Tegnap este New York Lott\u00f3 eredm\u00e9nyek<\/title>\n<meta name=\"description\" content=\"Ha a tegnap esti New York-i lott\u00f3 nyer\u0151sz\u00e1mokat vagy r\u00e9gebbi eredm\u00e9nyeket keresi, mindet megtal\u00e1lja weboldalunkon.\" \/>\n<meta name=\"robots\" content=\"index, follow, max-snippet:-1, max-image-preview:large, max-video-preview:-1\" \/>\n<link rel=\"canonical\" href=\"https:\/\/redfoxlotto.com\/hu\/eredmenyek\/new-york-lotto-eredmenyek\/\" \/>\n<meta property=\"og:locale\" content=\"hu_HU\" \/>\n<meta property=\"og:type\" content=\"article\" \/>\n<meta property=\"og:title\" content=\"New York Lott\u00f3 nyer\u0151sz\u00e1mok | Tegnap este New York Lott\u00f3 eredm\u00e9nyek\" \/>\n<meta property=\"og:description\" content=\"Ha a tegnap esti New York-i lott\u00f3 nyer\u0151sz\u00e1mokat vagy r\u00e9gebbi eredm\u00e9nyeket keresi, mindet megtal\u00e1lja weboldalunkon.\" \/>\n<meta property=\"og:url\" content=\"https:\/\/redfoxlotto.com\/hu\/eredmenyek\/new-york-lotto-eredmenyek\/\" \/>\n<meta property=\"og:site_name\" content=\"Get Tickets for the World\u2019s largest jackpots\" \/>\n<meta property=\"article:modified_time\" content=\"2025-04-21T07:22:44+00:00\" \/>\n<meta property=\"og:image\" content=\"https:\/\/redfoxlotto.com\/wp-content\/uploads\/2023\/04\/powerball-draw-youtube1-300x300-1.jpg\" \/>\n<meta name=\"twitter:card\" content=\"summary_large_image\" \/>\n<meta name=\"twitter:label1\" content=\"Becs\u00fclt olvas\u00e1si id\u0151\" \/>\n\t<meta name=\"twitter:data1\" content=\"2 perc\" \/>\n<script type=\"application\/ld+json\" class=\"yoast-schema-graph\">{\"@context\":\"https:\/\/schema.org\",\"@graph\":[{\"@type\":\"WebPage\",\"@id\":\"https:\/\/redfoxlotto.com\/hu\/eredmenyek\/new-york-lotto-eredmenyek\/\",\"url\":\"https:\/\/redfoxlotto.com\/hu\/eredmenyek\/new-york-lotto-eredmenyek\/\",\"name\":\"New York Lott\u00f3 nyer\u0151sz\u00e1mok | Tegnap este New York Lott\u00f3 eredm\u00e9nyek\",\"isPartOf\":{\"@id\":\"https:\/\/redfoxlotto.com\/hu\/#website\"},\"primaryImageOfPage\":{\"@id\":\"https:\/\/redfoxlotto.com\/hu\/eredmenyek\/new-york-lotto-eredmenyek\/#primaryimage\"},\"image\":{\"@id\":\"https:\/\/redfoxlotto.com\/hu\/eredmenyek\/new-york-lotto-eredmenyek\/#primaryimage\"},\"thumbnailUrl\":\"https:\/\/redfoxlotto.com\/wp-content\/uploads\/2023\/04\/powerball-draw-youtube1-300x300-1.jpg\",\"datePublished\":\"2025-02-25T17:29:04+00:00\",\"dateModified\":\"2025-04-21T07:22:44+00:00\",\"description\":\"Ha a tegnap esti New York-i lott\u00f3 nyer\u0151sz\u00e1mokat vagy r\u00e9gebbi eredm\u00e9nyeket keresi, mindet megtal\u00e1lja weboldalunkon.\",\"breadcrumb\":{\"@id\":\"https:\/\/redfoxlotto.com\/hu\/eredmenyek\/new-york-lotto-eredmenyek\/#breadcrumb\"},\"inLanguage\":\"hu\",\"potentialAction\":[{\"@type\":\"ReadAction\",\"target\":[\"https:\/\/redfoxlotto.com\/hu\/eredmenyek\/new-york-lotto-eredmenyek\/\"]}]},{\"@type\":\"ImageObject\",\"inLanguage\":\"hu\",\"@id\":\"https:\/\/redfoxlotto.com\/hu\/eredmenyek\/new-york-lotto-eredmenyek\/#primaryimage\",\"url\":\"https:\/\/redfoxlotto.com\/wp-content\/uploads\/2023\/04\/powerball-draw-youtube1-300x300-1.jpg\",\"contentUrl\":\"https:\/\/redfoxlotto.com\/wp-content\/uploads\/2023\/04\/powerball-draw-youtube1-300x300-1.jpg\"},{\"@type\":\"BreadcrumbList\",\"@id\":\"https:\/\/redfoxlotto.com\/hu\/eredmenyek\/new-york-lotto-eredmenyek\/#breadcrumb\",\"itemListElement\":[{\"@type\":\"ListItem\",\"position\":1,\"name\":\"Home\",\"item\":\"https:\/\/redfoxlotto.com\/hu\/\"},{\"@type\":\"ListItem\",\"position\":2,\"name\":\"Nemzetk\u00f6zi lott\u00f3 eredm\u00e9nyek\",\"item\":\"https:\/\/redfoxlotto.com\/hu\/eredmenyek\/\"},{\"@type\":\"ListItem\",\"position\":3,\"name\":\"New York lott\u00f3 eredm\u00e9nyek\"}]},{\"@type\":\"WebSite\",\"@id\":\"https:\/\/redfoxlotto.com\/hu\/#website\",\"url\":\"https:\/\/redfoxlotto.com\/hu\/\",\"name\":\"Get Tickets for the World\u2019s largest jackpots\",\"description\":\"Participate in worldwide lottery jackpots from any country\",\"publisher\":{\"@id\":\"https:\/\/redfoxlotto.com\/hu\/#organization\"},\"potentialAction\":[{\"@type\":\"SearchAction\",\"target\":{\"@type\":\"EntryPoint\",\"urlTemplate\":\"https:\/\/redfoxlotto.com\/hu\/?s={search_term_string}\"},\"query-input\":{\"@type\":\"PropertyValueSpecification\",\"valueRequired\":true,\"valueName\":\"search_term_string\"}}],\"inLanguage\":\"hu\"},{\"@type\":\"Organization\",\"@id\":\"https:\/\/redfoxlotto.com\/hu\/#organization\",\"name\":\"Get Tickets for the World\u2019s largest jackpots\",\"url\":\"https:\/\/redfoxlotto.com\/hu\/\",\"logo\":{\"@type\":\"ImageObject\",\"inLanguage\":\"hu\",\"@id\":\"https:\/\/redfoxlotto.com\/hu\/#\/schema\/logo\/image\/\",\"url\":\"https:\/\/redfoxlotto.com\/wp-content\/uploads\/2023\/04\/logo.png\",\"contentUrl\":\"https:\/\/redfoxlotto.com\/wp-content\/uploads\/2023\/04\/logo.png\",\"width\":269,\"height\":53,\"caption\":\"Get Tickets for the World\u2019s largest jackpots\"},\"image\":{\"@id\":\"https:\/\/redfoxlotto.com\/hu\/#\/schema\/logo\/image\/\"}}]}<\/script>\n<!-- \/ Yoast SEO plugin. -->","yoast_head_json":{"title":"New York Lott\u00f3 nyer\u0151sz\u00e1mok | Tegnap este New York Lott\u00f3 eredm\u00e9nyek","description":"Ha a tegnap esti New York-i lott\u00f3 nyer\u0151sz\u00e1mokat vagy r\u00e9gebbi eredm\u00e9nyeket keresi, mindet megtal\u00e1lja weboldalunkon.","robots":{"index":"index","follow":"follow","max-snippet":"max-snippet:-1","max-image-preview":"max-image-preview:large","max-video-preview":"max-video-preview:-1"},"canonical":"https:\/\/redfoxlotto.com\/hu\/eredmenyek\/new-york-lotto-eredmenyek\/","og_locale":"hu_HU","og_type":"article","og_title":"New York Lott\u00f3 nyer\u0151sz\u00e1mok | Tegnap este New York Lott\u00f3 eredm\u00e9nyek","og_description":"Ha a tegnap esti New York-i lott\u00f3 nyer\u0151sz\u00e1mokat vagy r\u00e9gebbi eredm\u00e9nyeket keresi, mindet megtal\u00e1lja weboldalunkon.","og_url":"https:\/\/redfoxlotto.com\/hu\/eredmenyek\/new-york-lotto-eredmenyek\/","og_site_name":"Get Tickets for the World\u2019s largest jackpots","article_modified_time":"2025-04-21T07:22:44+00:00","og_image":[{"url":"https:\/\/redfoxlotto.com\/wp-content\/uploads\/2023\/04\/powerball-draw-youtube1-300x300-1.jpg"}],"twitter_card":"summary_large_image","twitter_misc":{"Becs\u00fclt olvas\u00e1si id\u0151":"2 perc"},"schema":{"@context":"https:\/\/schema.org","@graph":[{"@type":"WebPage","@id":"https:\/\/redfoxlotto.com\/hu\/eredmenyek\/new-york-lotto-eredmenyek\/","url":"https:\/\/redfoxlotto.com\/hu\/eredmenyek\/new-york-lotto-eredmenyek\/","name":"New York Lott\u00f3 nyer\u0151sz\u00e1mok | Tegnap este New York Lott\u00f3 eredm\u00e9nyek","isPartOf":{"@id":"https:\/\/redfoxlotto.com\/hu\/#website"},"primaryImageOfPage":{"@id":"https:\/\/redfoxlotto.com\/hu\/eredmenyek\/new-york-lotto-eredmenyek\/#primaryimage"},"image":{"@id":"https:\/\/redfoxlotto.com\/hu\/eredmenyek\/new-york-lotto-eredmenyek\/#primaryimage"},"thumbnailUrl":"https:\/\/redfoxlotto.com\/wp-content\/uploads\/2023\/04\/powerball-draw-youtube1-300x300-1.jpg","datePublished":"2025-02-25T17:29:04+00:00","dateModified":"2025-04-21T07:22:44+00:00","description":"Ha a tegnap esti New York-i lott\u00f3 nyer\u0151sz\u00e1mokat vagy r\u00e9gebbi eredm\u00e9nyeket keresi, mindet megtal\u00e1lja weboldalunkon.","breadcrumb":{"@id":"https:\/\/redfoxlotto.com\/hu\/eredmenyek\/new-york-lotto-eredmenyek\/#breadcrumb"},"inLanguage":"hu","potentialAction":[{"@type":"ReadAction","target":["https:\/\/redfoxlotto.com\/hu\/eredmenyek\/new-york-lotto-eredmenyek\/"]}]},{"@type":"ImageObject","inLanguage":"hu","@id":"https:\/\/redfoxlotto.com\/hu\/eredmenyek\/new-york-lotto-eredmenyek\/#primaryimage","url":"https:\/\/redfoxlotto.com\/wp-content\/uploads\/2023\/04\/powerball-draw-youtube1-300x300-1.jpg","contentUrl":"https:\/\/redfoxlotto.com\/wp-content\/uploads\/2023\/04\/powerball-draw-youtube1-300x300-1.jpg"},{"@type":"BreadcrumbList","@id":"https:\/\/redfoxlotto.com\/hu\/eredmenyek\/new-york-lotto-eredmenyek\/#breadcrumb","itemListElement":[{"@type":"ListItem","position":1,"name":"Home","item":"https:\/\/redfoxlotto.com\/hu\/"},{"@type":"ListItem","position":2,"name":"Nemzetk\u00f6zi lott\u00f3 eredm\u00e9nyek","item":"https:\/\/redfoxlotto.com\/hu\/eredmenyek\/"},{"@type":"ListItem","position":3,"name":"New York lott\u00f3 eredm\u00e9nyek"}]},{"@type":"WebSite","@id":"https:\/\/redfoxlotto.com\/hu\/#website","url":"https:\/\/redfoxlotto.com\/hu\/","name":"Get Tickets for the World\u2019s largest jackpots","description":"Participate in worldwide lottery jackpots from any country","publisher":{"@id":"https:\/\/redfoxlotto.com\/hu\/#organization"},"potentialAction":[{"@type":"SearchAction","target":{"@type":"EntryPoint","urlTemplate":"https:\/\/redfoxlotto.com\/hu\/?s={search_term_string}"},"query-input":{"@type":"PropertyValueSpecification","valueRequired":true,"valueName":"search_term_string"}}],"inLanguage":"hu"},{"@type":"Organization","@id":"https:\/\/redfoxlotto.com\/hu\/#organization","name":"Get Tickets for the World\u2019s largest jackpots","url":"https:\/\/redfoxlotto.com\/hu\/","logo":{"@type":"ImageObject","inLanguage":"hu","@id":"https:\/\/redfoxlotto.com\/hu\/#\/schema\/logo\/image\/","url":"https:\/\/redfoxlotto.com\/wp-content\/uploads\/2023\/04\/logo.png","contentUrl":"https:\/\/redfoxlotto.com\/wp-content\/uploads\/2023\/04\/logo.png","width":269,"height":53,"caption":"Get Tickets for the World\u2019s largest jackpots"},"image":{"@id":"https:\/\/redfoxlotto.com\/hu\/#\/schema\/logo\/image\/"}}]}},"_links":{"self":[{"href":"https:\/\/redfoxlotto.com\/hu\/wp-json\/wp\/v2\/pages\/85547","targetHints":{"allow":["GET"]}}],"collection":[{"href":"https:\/\/redfoxlotto.com\/hu\/wp-json\/wp\/v2\/pages"}],"about":[{"href":"https:\/\/redfoxlotto.com\/hu\/wp-json\/wp\/v2\/types\/page"}],"author":[{"embeddable":true,"href":"https:\/\/redfoxlotto.com\/hu\/wp-json\/wp\/v2\/users\/8"}],"replies":[{"embeddable":true,"href":"https:\/\/redfoxlotto.com\/hu\/wp-json\/wp\/v2\/comments?post=85547"}],"version-history":[{"count":0,"href":"https:\/\/redfoxlotto.com\/hu\/wp-json\/wp\/v2\/pages\/85547\/revisions"}],"up":[{"embeddable":true,"href":"https:\/\/redfoxlotto.com\/hu\/wp-json\/wp\/v2\/pages\/55183"}],"wp:attachment":[{"href":"https:\/\/redfoxlotto.com\/hu\/wp-json\/wp\/v2\/media?parent=85547"}],"curies":[{"name":"wp","href":"https:\/\/api.w.org\/{rel}","templated":true}]}}