{"id":85483,"date":"2025-02-25T17:25:31","date_gmt":"2025-02-25T17:25:31","guid":{"rendered":"https:\/\/redfoxlotto.com\/?page_id=85483"},"modified":"2025-04-21T06:44:20","modified_gmt":"2025-04-21T06:44:20","slug":"a-new-york-i-lottorol","status":"publish","type":"page","link":"https:\/\/redfoxlotto.com\/hu\/lottojatekok\/a-new-york-i-lottorol\/","title":{"rendered":"A New York-i lott\u00f3r\u00f3l"},"content":{"rendered":"<h2>Hogyan kell v\u00e1s\u00e1rolni New York Lott\u00f3 jegyek<\/h2>\n<p>\u00datmutat\u00f3 a v\u00e1s\u00e1rl\u00e1s jegyek a New York Lott\u00f3 a RedFoxLotto:<\/p>\n<p>Amikor a New York-i lott\u00f3n j\u00e1tszik, fant\u00e1zi\u00e1lt m\u00e1r arr\u00f3l, hogy megnyeri a jackpotot, amely teljesen megv\u00e1ltoztathatja az \u00e9let\u00e9t? A nemzetk\u00f6zi lott\u00f3j\u00e1t\u00e9kokban val\u00f3 r\u00e9szv\u00e9tel, mint p\u00e9ld\u00e1ul a New York-i lott\u00f3, m\u00e9g soha nem volt egyszer\u0171bb, mint a RedFoxLott\u00f3n\u00e1l, m\u00e9g akkor is, ha \u00d6n az Egyes\u00fclt \u00c1llamokon k\u00edv\u00fcl tart\u00f3zkodik.<\/p>\n<p>Ennek a bejegyz\u00e9snek a sor\u00e1n n\u00e9h\u00e1ny egyszer\u0171 l\u00e9p\u00e9sben v\u00e9gigvezetj\u00fck \u00d6nt a New York-i lott\u00f3szelv\u00e9nyek megv\u00e1s\u00e1rl\u00e1s\u00e1nak folyamat\u00e1n a RedFoxLott\u00f3n\u00e1l.<\/p>\n<h2>A RedFoxLotto: Mi ez?<\/h2>\n<p>A RedFoxLott\u00f3val, amely egy j\u00f3 h\u00edr\u0171 online lott\u00f3szolg\u00e1ltat\u00e1s, r\u00e9szt vehet a nagy nemzetk\u00f6zi lott\u00f3j\u00e1t\u00e9kokban. Ezek k\u00f6z\u00e9 a lott\u00f3j\u00e1t\u00e9kok k\u00f6z\u00e9 tartozik a Powerball, a Mega Millions, az EuroMillions \u00e9s term\u00e9szetesen a New York-i lott\u00f3. \u0150k a szelv\u00e9nyk\u00fcld\u0151 szolg\u00e1ltat\u00e1s funkci\u00f3j\u00e1t l\u00e1tj\u00e1k el, ami azt jelenti, hogy az \u00d6n nev\u00e9ben megv\u00e1s\u00e1rolj\u00e1k a val\u00f3di szelv\u00e9nyt, majd beszkennelik azt az \u00d6n \u00e1ltal kijel\u00f6lt online fi\u00f3kba.<\/p>\n<h3>RedFoxLotto: L\u00e9p\u00e9sr\u0151l l\u00e9p\u00e9sre \u00fatmutat\u00f3 a New York-i lott\u00f3program szelv\u00e9nyeinek megv\u00e1s\u00e1rl\u00e1s\u00e1hoz<\/h3>\n<p>1. Regisztr\u00e1ljon. Menjen a RedFoxLotto.com oldalra, hogy elkezdje a regisztr\u00e1ci\u00f3s folyamatot. A \u201eRegisztr\u00e1ci\u00f3\u201d gombra kattintva adja meg az alapvet\u0151 adatait, p\u00e9ld\u00e1ul a nev\u00e9t, az e-mail c\u00edm\u00e9t \u00e9s az orsz\u00e1got, amelyben jelenleg tart\u00f3zkodik.<\/p>\n<p>2. Er\u0151s\u00edtse meg, hogy a fi\u00f3kja jogszer\u0171.<\/p>\n<p>A regisztr\u00e1ci\u00f3s folyamat befejez\u00e9se ut\u00e1n a postal\u00e1d\u00e1j\u00e1ban tal\u00e1l egy ellen\u0151rz\u0151 linket. Erre kattintva ellen\u0151rizheti fi\u00f3kj\u00e1t. Annak ellen\u00e9re, hogy ez egy egyszer\u0171 l\u00e9p\u00e9s, mind a biztons\u00e1g, mind a lehets\u00e9ges j\u00f6v\u0151beli nyerem\u00e9nyek szempontj\u00e1b\u00f3l elengedhetetlen.<\/p>\n<p>3. Vizsg\u00e1lja meg a lott\u00f3j\u00e1t\u00e9kokat<\/p>\n<p>Miut\u00e1n sikeresen csatlakozott, navig\u00e1ljon a honlapra, \u00e9s keresse meg a New York-i lott\u00f3t az el\u00e9rhet\u0151 lott\u00f3j\u00e1t\u00e9kok list\u00e1ja k\u00f6z\u00f6tt. Ha r\u00e1kattint, t\u00f6bbet megtudhat a k\u00f6vetkez\u0151 sorsol\u00e1sr\u00f3l, a jackpot nagys\u00e1g\u00e1r\u00f3l \u00e9s a szelv\u00e9nyek \u00e1r\u00e1r\u00f3l.<\/p>\n<p>4. V\u00e1lassza ki a sz\u00e1mokat<\/p>\n<p>Az \u00d6n feladata az lesz, hogy v\u00e1lasszon hat sz\u00e1mot egyt\u0151l hatvankilencig. Lehet\u0151s\u00e9ge van arra, hogy k\u00e9zzel v\u00e1lassza ki \u0151ket, vagy haszn\u00e1lhatja a Quick Pick opci\u00f3t, hogy a RedFoxLotto v\u00e9letlenszer\u0171 sz\u00e1mokat gener\u00e1ljon \u00f6nnek a semmib\u0151l.<\/p>\n<h2>Kos\u00e1rba helyez\u00e9s \u00e9s fizet\u00e9s<\/h2>\n<p>Amint kiv\u00e1lasztotta a sz\u00e1mokat, adja hozz\u00e1 a szelv\u00e9nyt a kos\u00e1rhoz. Ezt k\u00f6vet\u0151en l\u00e9pjen be a p\u00e9nzt\u00e1rhoz. A RedFoxLotto t\u00f6bbf\u00e9le fizet\u00e9si lehet\u0151s\u00e9get t\u00e1mogat, t\u00f6bbek k\u00f6z\u00f6tt a k\u00f6vetkez\u0151ket:<\/p>\n<ul>\n<li>Hitelk\u00e1rty\u00e1k \u00e9s bet\u00e9ti k\u00e1rty\u00e1k<\/li>\n<li>Banki \u00e1tutal\u00e1s<\/li>\n<li>Elektronikus p\u00e9nzt\u00e1rc\u00e1k, mint p\u00e9ld\u00e1ul a Skrill<\/li>\n<li>Egyes ter\u00fcleteken sz\u00e9les k\u00f6rben haszn\u00e1lj\u00e1k a kriptop\u00e9nzeket.<\/li>\n<\/ul>\n<h2>Visszaigazol\u00e1s \u00e9s szelv\u00e9nyolvas\u00f3<\/h2>\n<p>A RedFoxLotto a p\u00e9nz\u00e9nek feldolgoz\u00e1sa ut\u00e1n azonnal kik\u00fcldi egyik helyi \u00fcgyn\u00f6k\u00e9t az Egyes\u00fclt \u00c1llamokba, hogy megv\u00e1s\u00e1roljon egy val\u00f3di New York-i lott\u00f3szelv\u00e9nyt az \u00d6n \u00e1ltal kiv\u00e1lasztott sz\u00e1mokkal. A v\u00e1s\u00e1rl\u00e1s bizony\u00edt\u00e1s\u00e1ra a szelv\u00e9ny szkennel\u00e9s\u00e9t a sz\u00e1ml\u00e1j\u00e1ra k\u00fcldj\u00fck.<\/p>\n<h2>Mi t\u00f6rt\u00e9nik, ha \u00d6n sikeres?<\/h2>\n<h3>Ha az \u00d6n \u00e1ltal megadott sz\u00e1mokkal nyerem\u00e9nyt nyer:<\/h3>\n<p>A RedFoxLotto sz\u00e1ml\u00e1j\u00e1n azonnal j\u00f3v\u00e1\u00edr\u00e1sra ker\u00fclnek a kisebb vagy k\u00f6zepes m\u00e9ret\u0171 nyerem\u00e9nyek. Ha nagy jackpotot nyert, a RedFoxLotto csapata v\u00e9gigvezeti \u00d6nt a d\u00edj \u00e1tv\u00e9tel\u00e9hez sz\u00fcks\u00e9ges l\u00e9p\u00e9seken. Az \u00f6sszeg nagys\u00e1g\u00e1t\u00f3l \u00e9s az \u00e1llam szab\u00e1lyait\u00f3l f\u00fcgg\u0151en sz\u00fcks\u00e9g lehet az Egyes\u00fclt \u00c1llamokba val\u00f3 utaz\u00e1s\u00e1ra.<\/p>\n<h2>Mi a t\u00f6rv\u00e9ny?<\/h2>\n<p>Val\u00f3ban. A RedFoxLotto nem lott\u00f3sz\u00e1ll\u00edt\u00f3, hanem a sorsjegyek forgalmaz\u00e1s\u00e1t kezeli. \u00d6n val\u00f3di fizikai szelv\u00e9nyt v\u00e1s\u00e1rol egy meghatalmazott \u00fcgyn\u00f6k\u00f6n kereszt\u00fcl, ami biztos\u00edtja, hogy minden t\u00f6rv\u00e9nyes \u00e9s \u00e1tl\u00e1that\u00f3 legyen, m\u00e9g akkor is, ha egy m\u00e1sik nemzetb\u0151l j\u00e1tszik.<\/p>\n<h2>Z\u00e1r\u00f3 megjegyz\u00e9sek<\/h2>\n<p>M\u00e1r nem v\u00e1gy\u00e1lom, hogy a vil\u00e1g b\u00e1rmely pontj\u00e1r\u00f3l v\u00e1s\u00e1rolhasson szelv\u00e9nyt a New York-i lott\u00f3hoz. A RedFoxLotto haszn\u00e1lat\u00e1val ez egyszer\u0171v\u00e9, biztons\u00e1goss\u00e1 \u00e9s el\u00e9rhet\u0151v\u00e9 v\u00e1lik. N\u00e9h\u00e1ny kattint\u00e1ssal t\u00f6bb milli\u00f3 doll\u00e1r\u00e9rt lehet versenyben, \u00e9s m\u00e9g csak ki sem kell sz\u00e1llnia az aut\u00f3j\u00e1b\u00f3l, hogy New Yorkba menjen.<\/p>\n<p>Mi\u00e9rt kellene akkor v\u00e1rnunk? Regisztr\u00e1ljon azonnal, v\u00e1lassza ki a szerencsesz\u00e1mait, \u00e9s k\u00e9sz\u00fclj\u00f6n fel a jackpotra!<\/p>\n","protected":false},"excerpt":{"rendered":"<p>Hogyan kell v\u00e1s\u00e1rolni New York Lott\u00f3 jegyek \u00datmutat\u00f3 a v\u00e1s\u00e1rl\u00e1s jegyek a New York Lott\u00f3 a RedFoxLotto: Amikor a New York-i lott\u00f3n j\u00e1tszik, fant\u00e1zi\u00e1lt m\u00e1r arr\u00f3l, hogy megnyeri a jackpotot, amely teljesen megv\u00e1ltoztathatja az \u00e9let\u00e9t? A nemzetk\u00f6zi lott\u00f3j\u00e1t\u00e9kokban val\u00f3 r\u00e9szv\u00e9tel, mint p\u00e9ld\u00e1ul a New York-i lott\u00f3, m\u00e9g soha nem volt egyszer\u0171bb, mint a RedFoxLott\u00f3n\u00e1l, m\u00e9g [&hellip;]<\/p>\n","protected":false},"author":8,"featured_media":0,"parent":55209,"menu_order":18,"comment_status":"closed","ping_status":"closed","template":"newyork-info.php","meta":{"_et_pb_use_builder":"","_et_pb_old_content":"","_et_gb_content_width":"","exclude_from_search":false,"footnotes":""},"class_list":["post-85483","page","type-page","status-publish","hentry"],"yoast_head":"<!-- This site is optimized with the Yoast SEO plugin v23.8 - https:\/\/yoast.com\/wordpress\/plugins\/seo\/ -->\n<title>Hogyan v\u00e1s\u00e1rolhat New York-i lott\u00f3szelv\u00e9nyeket online az Egyes\u00fclt Kir\u00e1lys\u00e1gb\u00f3l?<\/title>\n<meta name=\"description\" content=\"V\u00e1s\u00e1roljon szelv\u00e9nyt a New York-i lott\u00f3ra itt - ak\u00e1r az Egyes\u00fclt Kir\u00e1lys\u00e1gb\u00f3l is r\u00e9szt vehet a New York-i lott\u00f3n online, \u00e9s perceken bel\u00fcl beszkennelt szelv\u00e9nyt kaphat.\" \/>\n<meta name=\"robots\" content=\"index, follow, max-snippet:-1, max-image-preview:large, max-video-preview:-1\" \/>\n<link rel=\"canonical\" href=\"https:\/\/redfoxlotto.com\/hu\/lottojatekok\/a-new-york-i-lottorol\/\" \/>\n<meta property=\"og:locale\" content=\"hu_HU\" \/>\n<meta property=\"og:type\" content=\"article\" \/>\n<meta property=\"og:title\" content=\"Hogyan v\u00e1s\u00e1rolhat New York-i lott\u00f3szelv\u00e9nyeket online az Egyes\u00fclt Kir\u00e1lys\u00e1gb\u00f3l?\" \/>\n<meta property=\"og:description\" content=\"V\u00e1s\u00e1roljon szelv\u00e9nyt a New York-i lott\u00f3ra itt - ak\u00e1r az Egyes\u00fclt Kir\u00e1lys\u00e1gb\u00f3l is r\u00e9szt vehet a New York-i lott\u00f3n online, \u00e9s perceken bel\u00fcl beszkennelt szelv\u00e9nyt kaphat.\" \/>\n<meta property=\"og:url\" content=\"https:\/\/redfoxlotto.com\/hu\/lottojatekok\/a-new-york-i-lottorol\/\" \/>\n<meta property=\"og:site_name\" content=\"Get Tickets for the World\u2019s largest jackpots\" \/>\n<meta property=\"article:modified_time\" content=\"2025-04-21T06:44:20+00:00\" \/>\n<meta name=\"twitter:card\" content=\"summary_large_image\" \/>\n<meta name=\"twitter:label1\" content=\"Becs\u00fclt olvas\u00e1si id\u0151\" \/>\n\t<meta name=\"twitter:data1\" content=\"3 perc\" \/>\n<script type=\"application\/ld+json\" class=\"yoast-schema-graph\">{\"@context\":\"https:\/\/schema.org\",\"@graph\":[{\"@type\":\"WebPage\",\"@id\":\"https:\/\/redfoxlotto.com\/hu\/lottojatekok\/a-new-york-i-lottorol\/\",\"url\":\"https:\/\/redfoxlotto.com\/hu\/lottojatekok\/a-new-york-i-lottorol\/\",\"name\":\"Hogyan v\u00e1s\u00e1rolhat New York-i lott\u00f3szelv\u00e9nyeket online az Egyes\u00fclt Kir\u00e1lys\u00e1gb\u00f3l?\",\"isPartOf\":{\"@id\":\"https:\/\/redfoxlotto.com\/hu\/#website\"},\"datePublished\":\"2025-02-25T17:25:31+00:00\",\"dateModified\":\"2025-04-21T06:44:20+00:00\",\"description\":\"V\u00e1s\u00e1roljon szelv\u00e9nyt a New York-i lott\u00f3ra itt - ak\u00e1r az Egyes\u00fclt Kir\u00e1lys\u00e1gb\u00f3l is r\u00e9szt vehet a New York-i lott\u00f3n online, \u00e9s perceken bel\u00fcl beszkennelt szelv\u00e9nyt kaphat.\",\"breadcrumb\":{\"@id\":\"https:\/\/redfoxlotto.com\/hu\/lottojatekok\/a-new-york-i-lottorol\/#breadcrumb\"},\"inLanguage\":\"hu\",\"potentialAction\":[{\"@type\":\"ReadAction\",\"target\":[\"https:\/\/redfoxlotto.com\/hu\/lottojatekok\/a-new-york-i-lottorol\/\"]}]},{\"@type\":\"BreadcrumbList\",\"@id\":\"https:\/\/redfoxlotto.com\/hu\/lottojatekok\/a-new-york-i-lottorol\/#breadcrumb\",\"itemListElement\":[{\"@type\":\"ListItem\",\"position\":1,\"name\":\"Home\",\"item\":\"https:\/\/redfoxlotto.com\/hu\/\"},{\"@type\":\"ListItem\",\"position\":2,\"name\":\"Lott\u00f3j\u00e1t\u00e9kok Online &#8211; lott\u00f3 nyerem\u00e9nyek \u00e9s online lotto jackpot\",\"item\":\"https:\/\/redfoxlotto.com\/hu\/lottojatekok\/\"},{\"@type\":\"ListItem\",\"position\":3,\"name\":\"A New York-i lott\u00f3r\u00f3l\"}]},{\"@type\":\"WebSite\",\"@id\":\"https:\/\/redfoxlotto.com\/hu\/#website\",\"url\":\"https:\/\/redfoxlotto.com\/hu\/\",\"name\":\"Get Tickets for the World\u2019s largest jackpots\",\"description\":\"Participate in worldwide lottery jackpots from any country\",\"publisher\":{\"@id\":\"https:\/\/redfoxlotto.com\/hu\/#organization\"},\"potentialAction\":[{\"@type\":\"SearchAction\",\"target\":{\"@type\":\"EntryPoint\",\"urlTemplate\":\"https:\/\/redfoxlotto.com\/hu\/?s={search_term_string}\"},\"query-input\":{\"@type\":\"PropertyValueSpecification\",\"valueRequired\":true,\"valueName\":\"search_term_string\"}}],\"inLanguage\":\"hu\"},{\"@type\":\"Organization\",\"@id\":\"https:\/\/redfoxlotto.com\/hu\/#organization\",\"name\":\"Get Tickets for the World\u2019s largest jackpots\",\"url\":\"https:\/\/redfoxlotto.com\/hu\/\",\"logo\":{\"@type\":\"ImageObject\",\"inLanguage\":\"hu\",\"@id\":\"https:\/\/redfoxlotto.com\/hu\/#\/schema\/logo\/image\/\",\"url\":\"https:\/\/redfoxlotto.com\/wp-content\/uploads\/2023\/04\/logo.png\",\"contentUrl\":\"https:\/\/redfoxlotto.com\/wp-content\/uploads\/2023\/04\/logo.png\",\"width\":269,\"height\":53,\"caption\":\"Get Tickets for the World\u2019s largest jackpots\"},\"image\":{\"@id\":\"https:\/\/redfoxlotto.com\/hu\/#\/schema\/logo\/image\/\"}}]}<\/script>\n<!-- \/ Yoast SEO plugin. -->","yoast_head_json":{"title":"Hogyan v\u00e1s\u00e1rolhat New York-i lott\u00f3szelv\u00e9nyeket online az Egyes\u00fclt Kir\u00e1lys\u00e1gb\u00f3l?","description":"V\u00e1s\u00e1roljon szelv\u00e9nyt a New York-i lott\u00f3ra itt - ak\u00e1r az Egyes\u00fclt Kir\u00e1lys\u00e1gb\u00f3l is r\u00e9szt vehet a New York-i lott\u00f3n online, \u00e9s perceken bel\u00fcl beszkennelt szelv\u00e9nyt kaphat.","robots":{"index":"index","follow":"follow","max-snippet":"max-snippet:-1","max-image-preview":"max-image-preview:large","max-video-preview":"max-video-preview:-1"},"canonical":"https:\/\/redfoxlotto.com\/hu\/lottojatekok\/a-new-york-i-lottorol\/","og_locale":"hu_HU","og_type":"article","og_title":"Hogyan v\u00e1s\u00e1rolhat New York-i lott\u00f3szelv\u00e9nyeket online az Egyes\u00fclt Kir\u00e1lys\u00e1gb\u00f3l?","og_description":"V\u00e1s\u00e1roljon szelv\u00e9nyt a New York-i lott\u00f3ra itt - ak\u00e1r az Egyes\u00fclt Kir\u00e1lys\u00e1gb\u00f3l is r\u00e9szt vehet a New York-i lott\u00f3n online, \u00e9s perceken bel\u00fcl beszkennelt szelv\u00e9nyt kaphat.","og_url":"https:\/\/redfoxlotto.com\/hu\/lottojatekok\/a-new-york-i-lottorol\/","og_site_name":"Get Tickets for the World\u2019s largest jackpots","article_modified_time":"2025-04-21T06:44:20+00:00","twitter_card":"summary_large_image","twitter_misc":{"Becs\u00fclt olvas\u00e1si id\u0151":"3 perc"},"schema":{"@context":"https:\/\/schema.org","@graph":[{"@type":"WebPage","@id":"https:\/\/redfoxlotto.com\/hu\/lottojatekok\/a-new-york-i-lottorol\/","url":"https:\/\/redfoxlotto.com\/hu\/lottojatekok\/a-new-york-i-lottorol\/","name":"Hogyan v\u00e1s\u00e1rolhat New York-i lott\u00f3szelv\u00e9nyeket online az Egyes\u00fclt Kir\u00e1lys\u00e1gb\u00f3l?","isPartOf":{"@id":"https:\/\/redfoxlotto.com\/hu\/#website"},"datePublished":"2025-02-25T17:25:31+00:00","dateModified":"2025-04-21T06:44:20+00:00","description":"V\u00e1s\u00e1roljon szelv\u00e9nyt a New York-i lott\u00f3ra itt - ak\u00e1r az Egyes\u00fclt Kir\u00e1lys\u00e1gb\u00f3l is r\u00e9szt vehet a New York-i lott\u00f3n online, \u00e9s perceken bel\u00fcl beszkennelt szelv\u00e9nyt kaphat.","breadcrumb":{"@id":"https:\/\/redfoxlotto.com\/hu\/lottojatekok\/a-new-york-i-lottorol\/#breadcrumb"},"inLanguage":"hu","potentialAction":[{"@type":"ReadAction","target":["https:\/\/redfoxlotto.com\/hu\/lottojatekok\/a-new-york-i-lottorol\/"]}]},{"@type":"BreadcrumbList","@id":"https:\/\/redfoxlotto.com\/hu\/lottojatekok\/a-new-york-i-lottorol\/#breadcrumb","itemListElement":[{"@type":"ListItem","position":1,"name":"Home","item":"https:\/\/redfoxlotto.com\/hu\/"},{"@type":"ListItem","position":2,"name":"Lott\u00f3j\u00e1t\u00e9kok Online &#8211; lott\u00f3 nyerem\u00e9nyek \u00e9s online lotto jackpot","item":"https:\/\/redfoxlotto.com\/hu\/lottojatekok\/"},{"@type":"ListItem","position":3,"name":"A New York-i lott\u00f3r\u00f3l"}]},{"@type":"WebSite","@id":"https:\/\/redfoxlotto.com\/hu\/#website","url":"https:\/\/redfoxlotto.com\/hu\/","name":"Get Tickets for the World\u2019s largest jackpots","description":"Participate in worldwide lottery jackpots from any country","publisher":{"@id":"https:\/\/redfoxlotto.com\/hu\/#organization"},"potentialAction":[{"@type":"SearchAction","target":{"@type":"EntryPoint","urlTemplate":"https:\/\/redfoxlotto.com\/hu\/?s={search_term_string}"},"query-input":{"@type":"PropertyValueSpecification","valueRequired":true,"valueName":"search_term_string"}}],"inLanguage":"hu"},{"@type":"Organization","@id":"https:\/\/redfoxlotto.com\/hu\/#organization","name":"Get Tickets for the World\u2019s largest jackpots","url":"https:\/\/redfoxlotto.com\/hu\/","logo":{"@type":"ImageObject","inLanguage":"hu","@id":"https:\/\/redfoxlotto.com\/hu\/#\/schema\/logo\/image\/","url":"https:\/\/redfoxlotto.com\/wp-content\/uploads\/2023\/04\/logo.png","contentUrl":"https:\/\/redfoxlotto.com\/wp-content\/uploads\/2023\/04\/logo.png","width":269,"height":53,"caption":"Get Tickets for the World\u2019s largest jackpots"},"image":{"@id":"https:\/\/redfoxlotto.com\/hu\/#\/schema\/logo\/image\/"}}]}},"_links":{"self":[{"href":"https:\/\/redfoxlotto.com\/hu\/wp-json\/wp\/v2\/pages\/85483","targetHints":{"allow":["GET"]}}],"collection":[{"href":"https:\/\/redfoxlotto.com\/hu\/wp-json\/wp\/v2\/pages"}],"about":[{"href":"https:\/\/redfoxlotto.com\/hu\/wp-json\/wp\/v2\/types\/page"}],"author":[{"embeddable":true,"href":"https:\/\/redfoxlotto.com\/hu\/wp-json\/wp\/v2\/users\/8"}],"replies":[{"embeddable":true,"href":"https:\/\/redfoxlotto.com\/hu\/wp-json\/wp\/v2\/comments?post=85483"}],"version-history":[{"count":0,"href":"https:\/\/redfoxlotto.com\/hu\/wp-json\/wp\/v2\/pages\/85483\/revisions"}],"up":[{"embeddable":true,"href":"https:\/\/redfoxlotto.com\/hu\/wp-json\/wp\/v2\/pages\/55209"}],"wp:attachment":[{"href":"https:\/\/redfoxlotto.com\/hu\/wp-json\/wp\/v2\/media?parent=85483"}],"curies":[{"name":"wp","href":"https:\/\/api.w.org\/{rel}","templated":true}]}}