{"id":85267,"date":"2025-03-30T12:21:27","date_gmt":"2025-03-30T12:21:27","guid":{"rendered":"https:\/\/redfoxlotto.com\/?page_id=85267"},"modified":"2025-12-10T16:09:37","modified_gmt":"2025-12-10T16:09:37","slug":"hogyan-vehet-reszt-a-new-york-i-lotton-az-egyesult-kiralysagban","status":"publish","type":"page","link":"https:\/\/redfoxlotto.com\/hu\/jatek\/hogyan-vehet-reszt-a-new-york-i-lotton-az-egyesult-kiralysagban\/","title":{"rendered":"Hogyan j\u00e1tsszon New York Lottery az Egyes\u00fclt Kir\u00e1lys\u00e1gban."},"content":{"rendered":"<p><script type=\"application\/ld+json\">\n{\n\"@context\": \"https:\/\/schema.org\",\n\"@type\": \"Service\",\n\"name\": \"Play New York Lottery\",\n\"url\": \"https:\/\/redfoxlotto.com\/hu\/jatek\/hogyan-vehet-reszt-a-new-york-i-lotton-az-egyesult-kiralysagban\/\",\n\"description\": \"V\u00e1s\u00e1roljon hivatalos New York-i lott\u00f3szelv\u00e9nyeket online a RedFoxLotto-n kereszt\u00fcl. V\u00e1lassza ki a sz\u00e1mait, \u00e9s csatlakozzon a k\u00f6vetkez\u0151 sorsol\u00e1shoz.\",\n\"serviceType\": \"Online lottery ticket purchase\",<\/p>\n<p>\"provider\": {\n\"@type\": \"Organization\",\n\"name\": \"RedFoxLotto\",\n\"url\": \"https:\/\/redfoxlotto.com\",\n\"logo\": \"https:\/\/redfoxlotto.com\/wp-content\/uploads\/logo.png\"\n},<\/p>\n<p>\"areaServed\": \"Worldwide\",\n\"termsOfService\": \"https:\/\/redfoxlotto.com\/terms-and-conditions\",<\/p>\n<p>\"hasOfferCatalog\": {\n\"@type\": \"OfferCatalog\",\n\"name\": \"New York Lottery Offers\",\n\"itemListElement\": [\n{\n\"@type\": \"Offer\",\n\"name\": \"New York Lottery Ticket\",\n\"url\": \"https:\/\/redfoxlotto.com\/hu\/jatek\/hogyan-vehet-reszt-a-new-york-i-lotton-az-egyesult-kiralysagban\/\",\n\"description\": \"Egyetlen szelv\u00e9ny a k\u00f6vetkez\u0151 New York-i lott\u00f3sorsol\u00e1sra.\",\n\"price\": \"1.40\",\n\"priceCurrency\": \"EUR\",\n\"availability\": \"https:\/\/schema.org\/InStock\",<\/p>\n<p>\"itemOffered\": {\n\"@type\": \"Service\",\n\"name\": \"New York Lottery Entry\",\n\"description\": \"Nevezzen a k\u00f6vetkez\u0151 New York-i lott\u00f3 sorsol\u00e1s\u00e1ra a RedFoxLotto-n kereszt\u00fcl.\"\n}\n}\n]\n},<\/p>\n<p>\"mainEntityOfPage\": {\n\"@type\": \"WebPage\",\n\"@id\": \"https:\/\/redfoxlotto.com\/hu\/jatek\/hogyan-vehet-reszt-a-new-york-i-lotton-az-egyesult-kiralysagban\/\"\n}\n}\n<\/script><\/p>\n<h2>Hogyan vehet r\u00e9szt a New York-i lott\u00f3n RedFoxLotto.com az Egyes\u00fclt Kir\u00e1lys\u00e1gban<\/h2>\n<p><img loading=\"lazy\" decoding=\"async\" class=\" wp-image-48802 alignright\" src=\"https:\/\/redfoxlotto.com\/wp-content\/uploads\/2023\/04\/raffle-tickets-online-495x330-1-300x200.jpg\" alt=\"New York Lottery\" width=\"321\" height=\"214\" srcset=\"https:\/\/redfoxlotto.com\/wp-content\/uploads\/2023\/04\/raffle-tickets-online-495x330-1-300x200.jpg 300w, https:\/\/redfoxlotto.com\/wp-content\/uploads\/2023\/04\/raffle-tickets-online-495x330-1.jpg 495w\" sizes=\"auto, (max-width: 321px) 100vw, 321px\" \/><br \/>\nVegy\u00fck p\u00e9ld\u00e1ul azt a forgat\u00f3k\u00f6nyvet, amikor \u00d6n fel\u00e9bred az Egyes\u00fclt Kir\u00e1lys\u00e1gban, elk\u00e9sz\u00edti a reggeli te\u00e1j\u00e1t, majd megn\u00e9zi a telefonj\u00e1t, hogy felfedezze, hogy \u00e9ppen megnyerte a New York-i lott\u00f3t. Ez t\u00falz\u00e1snak hangzik? V\u00e1ltoztassa meg a v\u00e9lem\u00e9ny\u00e9t! Az Amerikai Egyes\u00fclt \u00c1llamok egyik legizgalmasabb lott\u00f3j\u00e1t\u00e9ka a RedFoxLotto.com seg\u00edts\u00e9g\u00e9vel k\u00e9nyelmesen, otthonr\u00f3l, az Egyes\u00fclt Kir\u00e1lys\u00e1gb\u00f3l is megj\u00e1tszhat\u00f3.<\/p>\n<h2>A New York-i lott\u00f3: Mi\u00e9rt \u00e9rdemes j\u00e1tszani?<\/h2>\n<p>A New York-i lott\u00f3 k\u00f6zismert a hatalmas jackpotjair\u00f3l, izgalmas j\u00e1t\u00e9kair\u00f3l \u00e9s nyerem\u00e9nyeir\u0151l, amelyek teljesen megv\u00e1ltoztathatj\u00e1k az ember \u00e9let\u00e9t. Az a t\u00e9ny, hogy minden h\u00e9ten sok sorsol\u00e1st tartanak, azt jelenti, hogy sz\u00e1mtalan lehet\u0151s\u00e9ged van arra, hogy val\u00f3ra v\u00e1ltsd az \u00e1lmaidat. Lehet\u0151s\u00e9g van arra, hogy \u00e9let\u00e9t megv\u00e1ltoztat\u00f3 \u00f6sszeget nyerjen, ha ak\u00e1r a Mega Millions, ak\u00e1r a Powerball lott\u00f3n j\u00e1tszik.<\/p>\n<h2>A RedFoxLotto.com-on val\u00f3 j\u00e1t\u00e9kra vonatkoz\u00f3 \u00fatmutat\u00f3 l\u00e9p\u00e9sr\u0151l l\u00e9p\u00e9sre<\/h2>\n<p>1. L\u00e1togasson el a RedFoxLotto.com weboldalra. Ind\u00edtsa el az \u00d6n \u00e1ltal v\u00e1lasztott webb\u00f6ng\u00e9sz\u0151t, \u00e9s navig\u00e1ljon a RedFoxLotto hivatalos weboldal\u00e1ra.<\/p>\n<p>2. Hozzon l\u00e9tre egy fi\u00f3kot &#8211; A regisztr\u00e1ci\u00f3hoz egy fi\u00f3kot kell l\u00e9trehoznia. Amellett, hogy gyors \u00e9s biztons\u00e1gos, a j\u00e1t\u00e9khoz is sz\u00fcks\u00e9ges.<\/p>\n<p>3. V\u00e1lassza ki a New York-i lott\u00f3t &#8211; Miut\u00e1n \u00e1tn\u00e9zte a k\u00fcl\u00f6nb\u00f6z\u0151 lott\u00f3aj\u00e1nlatokat, v\u00e1lassza ki a New York-i lott\u00f3t vagy b\u00e1rmely m\u00e1s amerikai nyerem\u00e9nyt, amely a keres\u00e9s sor\u00e1n felkeltette \u00e9rdekl\u0151d\u00e9s\u00e9t.<\/p>\n<p>4. V\u00e1lassza ki a sz\u00e1mokat V\u00e1laszthat, hogy manu\u00e1lisan v\u00e1lasztja ki a szerencsesz\u00e1mait, vagy haszn\u00e1lja a gyors kiv\u00e1laszt\u00e1s opci\u00f3t, amely lehet\u0151v\u00e9 teszi, hogy a rendszer automatikusan megtal\u00e1lja azokat az \u00d6n sz\u00e1m\u00e1ra.<\/p>\n<p>5. V\u00e1s\u00e1rolja meg a szelv\u00e9ny\u00e9t &#8211; Menjen tov\u00e1bb a p\u00e9nzt\u00e1r oldalra, \u00e9s fizessen a szelv\u00e9ny\u00e9\u00e9rt biztons\u00e1gos m\u00f3don a sz\u00e1mos rendelkez\u00e9sre \u00e1ll\u00f3 fizet\u00e9si lehet\u0151s\u00e9g egyik\u00e9vel.<\/p>\n<p>6. Am\u00edg a sorsol\u00e1sra v\u00e1r, foglaljon helyet \u00e9s laz\u00edtson. Abban az esetben, ha \u00d6n a nyertes, \u00e9rtes\u00edt\u00e9st kap!<\/p>\n<h2>A RedFoxLotto.com j\u00e1t\u00e9kokban val\u00f3 r\u00e9szv\u00e9tel el\u0151nyei<\/h2>\n<p>\u00cdgy nem kell az Egyes\u00fclt \u00c1llamokba utaznia a szelv\u00e9ny megv\u00e1s\u00e1rl\u00e1s\u00e1hoz.<\/p>\n<p>&#8211; Biztons\u00e1gos \u00e9s biztons\u00e1gos tranzakci\u00f3k &#8211; J\u00e1tsszon teljes lelki nyugalommal, tudva, hogy p\u00e9nze \u00e9s v\u00e1s\u00e1rl\u00e1si adatai biztons\u00e1gban vannak.<\/p>\n<p>&#8211; Automatikusan k\u00fcld\u00f6tt \u00e9rtes\u00edt\u00e9sek &#8211; Soha ne maradjon le egy nyerem\u00e9nyr\u0151l sem! Ha \u00d6n a jackpot szerencs\u00e9s nyertese, azonnal \u00e9rtes\u00edt\u00e9st kap.<\/p>\n<p>A New York-i lott\u00f3n k\u00edv\u00fcl a glob\u00e1lis lott\u00f3j\u00e1t\u00e9kokhoz is hozz\u00e1f\u00e9rhet, ami m\u00e9g t\u00f6bb lehet\u0151s\u00e9get biztos\u00edt \u00d6nnek arra, hogy jelent\u0151s \u00f6sszeget nyerjen.<\/p>\n<h2>Z\u00e1r\u00f3 megjegyz\u00e9sek<\/h2>\n<p>A RedFoxLotto.com haszn\u00e1lat\u00e1val hozz\u00e1f\u00e9rhet a lott\u00f3sz\u00f3rakoztat\u00e1s eg\u00e9sz vil\u00e1g\u00e1hoz. Nem sz\u00e1m\u00edt, hogy hol tal\u00e1lhat\u00f3 az Egyes\u00fclt Kir\u00e1lys\u00e1gban; lehet\u0151s\u00e9ge van az amerikai \u00e1lom megval\u00f3s\u00edt\u00e1s\u00e1ra, \u00e9s esetleg a New York-i lott\u00f3 k\u00f6vetkez\u0151 milliomos\u00e1v\u00e1 v\u00e1lhat. Ez\u00e9rt mi\u00e9rt kellene v\u00e1rni? L\u00e1togasson el a RedFoxLotto.com weboldalra most r\u00f6gt\u00f6n, \u00e9s szerezze be a szelv\u00e9ny\u00e9t; sosem tudhatja, mikor j\u00f6n el \u00d6nh\u00f6z a szerencse.<\/p>\n","protected":false},"excerpt":{"rendered":"<p>Hogyan vehet r\u00e9szt a New York-i lott\u00f3n RedFoxLotto.com az Egyes\u00fclt Kir\u00e1lys\u00e1gban Vegy\u00fck p\u00e9ld\u00e1ul azt a forgat\u00f3k\u00f6nyvet, amikor \u00d6n fel\u00e9bred az Egyes\u00fclt Kir\u00e1lys\u00e1gban, elk\u00e9sz\u00edti a reggeli te\u00e1j\u00e1t, majd megn\u00e9zi a telefonj\u00e1t, hogy felfedezze, hogy \u00e9ppen megnyerte a New York-i lott\u00f3t. Ez t\u00falz\u00e1snak hangzik? V\u00e1ltoztassa meg a v\u00e9lem\u00e9ny\u00e9t! Az Amerikai Egyes\u00fclt \u00c1llamok egyik legizgalmasabb lott\u00f3j\u00e1t\u00e9ka a RedFoxLotto.com [&hellip;]<\/p>\n","protected":false},"author":8,"featured_media":0,"parent":55156,"menu_order":18,"comment_status":"closed","ping_status":"closed","template":"newyork.php","meta":{"_et_pb_use_builder":"","_et_pb_old_content":"","_et_gb_content_width":"","exclude_from_search":false,"footnotes":""},"class_list":["post-85267","page","type-page","status-publish","hentry"],"yoast_head":"<!-- This site is optimized with the Yoast SEO plugin v27.4 - https:\/\/yoast.com\/product\/yoast-seo-wordpress\/ -->\n<title>Hogyan j\u00e1tsszon New York Lottery az Egyes\u00fclt Kir\u00e1lys\u00e1gban. - Get Tickets for the World\u2019s largest jackpots<\/title>\n<meta name=\"robots\" content=\"index, follow, max-snippet:-1, max-image-preview:large, max-video-preview:-1\" \/>\n<link rel=\"canonical\" href=\"https:\/\/redfoxlotto.com\/hu\/jatek\/hogyan-vehet-reszt-a-new-york-i-lotton-az-egyesult-kiralysagban\/\" \/>\n<meta property=\"og:locale\" content=\"hu_HU\" \/>\n<meta property=\"og:type\" content=\"article\" \/>\n<meta property=\"og:title\" content=\"Hogyan j\u00e1tsszon New York Lottery az Egyes\u00fclt Kir\u00e1lys\u00e1gban. - Get Tickets for the World\u2019s largest jackpots\" \/>\n<meta property=\"og:description\" content=\"Hogyan vehet r\u00e9szt a New York-i lott\u00f3n RedFoxLotto.com az Egyes\u00fclt Kir\u00e1lys\u00e1gban Vegy\u00fck p\u00e9ld\u00e1ul azt a forgat\u00f3k\u00f6nyvet, amikor \u00d6n fel\u00e9bred az Egyes\u00fclt Kir\u00e1lys\u00e1gban, elk\u00e9sz\u00edti a reggeli te\u00e1j\u00e1t, majd megn\u00e9zi a telefonj\u00e1t, hogy felfedezze, hogy \u00e9ppen megnyerte a New York-i lott\u00f3t. Ez t\u00falz\u00e1snak hangzik? V\u00e1ltoztassa meg a v\u00e9lem\u00e9ny\u00e9t! Az Amerikai Egyes\u00fclt \u00c1llamok egyik legizgalmasabb lott\u00f3j\u00e1t\u00e9ka a RedFoxLotto.com [&hellip;]\" \/>\n<meta property=\"og:url\" content=\"https:\/\/redfoxlotto.com\/hu\/jatek\/hogyan-vehet-reszt-a-new-york-i-lotton-az-egyesult-kiralysagban\/\" \/>\n<meta property=\"og:site_name\" content=\"Get Tickets for the World\u2019s largest jackpots\" \/>\n<meta property=\"article:modified_time\" content=\"2025-12-10T16:09:37+00:00\" \/>\n<meta property=\"og:image\" content=\"https:\/\/redfoxlotto.com\/wp-content\/uploads\/2023\/04\/raffle-tickets-online-495x330-1-300x200.jpg\" \/>\n<meta name=\"twitter:card\" content=\"summary_large_image\" \/>\n<meta name=\"twitter:label1\" content=\"Becs\u00fclt olvas\u00e1si id\u0151\" \/>\n\t<meta name=\"twitter:data1\" content=\"2 perc\" \/>\n<script type=\"application\/ld+json\" class=\"yoast-schema-graph\">{\"@context\":\"https:\\\/\\\/schema.org\",\"@graph\":[{\"@type\":\"WebPage\",\"@id\":\"https:\\\/\\\/redfoxlotto.com\\\/hu\\\/jatek\\\/hogyan-vehet-reszt-a-new-york-i-lotton-az-egyesult-kiralysagban\\\/\",\"url\":\"https:\\\/\\\/redfoxlotto.com\\\/hu\\\/jatek\\\/hogyan-vehet-reszt-a-new-york-i-lotton-az-egyesult-kiralysagban\\\/\",\"name\":\"Hogyan j\u00e1tsszon New York Lottery az Egyes\u00fclt Kir\u00e1lys\u00e1gban. - Get Tickets for the World\u2019s largest jackpots\",\"isPartOf\":{\"@id\":\"https:\\\/\\\/redfoxlotto.com\\\/hu\\\/#website\"},\"primaryImageOfPage\":{\"@id\":\"https:\\\/\\\/redfoxlotto.com\\\/hu\\\/jatek\\\/hogyan-vehet-reszt-a-new-york-i-lotton-az-egyesult-kiralysagban\\\/#primaryimage\"},\"image\":{\"@id\":\"https:\\\/\\\/redfoxlotto.com\\\/hu\\\/jatek\\\/hogyan-vehet-reszt-a-new-york-i-lotton-az-egyesult-kiralysagban\\\/#primaryimage\"},\"thumbnailUrl\":\"https:\\\/\\\/redfoxlotto.com\\\/wp-content\\\/uploads\\\/2023\\\/04\\\/raffle-tickets-online-495x330-1-300x200.jpg\",\"datePublished\":\"2025-03-30T12:21:27+00:00\",\"dateModified\":\"2025-12-10T16:09:37+00:00\",\"breadcrumb\":{\"@id\":\"https:\\\/\\\/redfoxlotto.com\\\/hu\\\/jatek\\\/hogyan-vehet-reszt-a-new-york-i-lotton-az-egyesult-kiralysagban\\\/#breadcrumb\"},\"inLanguage\":\"hu\",\"potentialAction\":[{\"@type\":\"ReadAction\",\"target\":[\"https:\\\/\\\/redfoxlotto.com\\\/hu\\\/jatek\\\/hogyan-vehet-reszt-a-new-york-i-lotton-az-egyesult-kiralysagban\\\/\"]}]},{\"@type\":\"ImageObject\",\"inLanguage\":\"hu\",\"@id\":\"https:\\\/\\\/redfoxlotto.com\\\/hu\\\/jatek\\\/hogyan-vehet-reszt-a-new-york-i-lotton-az-egyesult-kiralysagban\\\/#primaryimage\",\"url\":\"https:\\\/\\\/redfoxlotto.com\\\/wp-content\\\/uploads\\\/2023\\\/04\\\/raffle-tickets-online-495x330-1-300x200.jpg\",\"contentUrl\":\"https:\\\/\\\/redfoxlotto.com\\\/wp-content\\\/uploads\\\/2023\\\/04\\\/raffle-tickets-online-495x330-1-300x200.jpg\"},{\"@type\":\"BreadcrumbList\",\"@id\":\"https:\\\/\\\/redfoxlotto.com\\\/hu\\\/jatek\\\/hogyan-vehet-reszt-a-new-york-i-lotton-az-egyesult-kiralysagban\\\/#breadcrumb\",\"itemListElement\":[{\"@type\":\"ListItem\",\"position\":1,\"name\":\"Home\",\"item\":\"https:\\\/\\\/redfoxlotto.com\\\/hu\\\/\"},{\"@type\":\"ListItem\",\"position\":2,\"name\":\"Hogyan j\u00e1tszhat m\u00e1s orsz\u00e1gok lott\u00f3j\u00e1t\u00e9kain\",\"item\":\"https:\\\/\\\/redfoxlotto.com\\\/hu\\\/jatek\\\/\"},{\"@type\":\"ListItem\",\"position\":3,\"name\":\"Hogyan j\u00e1tsszon New York Lottery az Egyes\u00fclt Kir\u00e1lys\u00e1gban.\"}]},{\"@type\":\"WebSite\",\"@id\":\"https:\\\/\\\/redfoxlotto.com\\\/hu\\\/#website\",\"url\":\"https:\\\/\\\/redfoxlotto.com\\\/hu\\\/\",\"name\":\"Get Tickets for the World\u2019s largest jackpots\",\"description\":\"Participate in worldwide lottery jackpots from any country\",\"publisher\":{\"@id\":\"https:\\\/\\\/redfoxlotto.com\\\/hu\\\/#organization\"},\"potentialAction\":[{\"@type\":\"SearchAction\",\"target\":{\"@type\":\"EntryPoint\",\"urlTemplate\":\"https:\\\/\\\/redfoxlotto.com\\\/hu\\\/?s={search_term_string}\"},\"query-input\":{\"@type\":\"PropertyValueSpecification\",\"valueRequired\":true,\"valueName\":\"search_term_string\"}}],\"inLanguage\":\"hu\"},{\"@type\":\"Organization\",\"@id\":\"https:\\\/\\\/redfoxlotto.com\\\/hu\\\/#organization\",\"name\":\"Get Tickets for the World\u2019s largest jackpots\",\"url\":\"https:\\\/\\\/redfoxlotto.com\\\/hu\\\/\",\"logo\":{\"@type\":\"ImageObject\",\"inLanguage\":\"hu\",\"@id\":\"https:\\\/\\\/redfoxlotto.com\\\/hu\\\/#\\\/schema\\\/logo\\\/image\\\/\",\"url\":\"https:\\\/\\\/redfoxlotto.com\\\/wp-content\\\/uploads\\\/2023\\\/04\\\/logo.png\",\"contentUrl\":\"https:\\\/\\\/redfoxlotto.com\\\/wp-content\\\/uploads\\\/2023\\\/04\\\/logo.png\",\"width\":269,\"height\":53,\"caption\":\"Get Tickets for the World\u2019s largest jackpots\"},\"image\":{\"@id\":\"https:\\\/\\\/redfoxlotto.com\\\/hu\\\/#\\\/schema\\\/logo\\\/image\\\/\"}}]}<\/script>\n<!-- \/ Yoast SEO plugin. -->","yoast_head_json":{"title":"Hogyan j\u00e1tsszon New York Lottery az Egyes\u00fclt Kir\u00e1lys\u00e1gban. - Get Tickets for the World\u2019s largest jackpots","robots":{"index":"index","follow":"follow","max-snippet":"max-snippet:-1","max-image-preview":"max-image-preview:large","max-video-preview":"max-video-preview:-1"},"canonical":"https:\/\/redfoxlotto.com\/hu\/jatek\/hogyan-vehet-reszt-a-new-york-i-lotton-az-egyesult-kiralysagban\/","og_locale":"hu_HU","og_type":"article","og_title":"Hogyan j\u00e1tsszon New York Lottery az Egyes\u00fclt Kir\u00e1lys\u00e1gban. - Get Tickets for the World\u2019s largest jackpots","og_description":"Hogyan vehet r\u00e9szt a New York-i lott\u00f3n RedFoxLotto.com az Egyes\u00fclt Kir\u00e1lys\u00e1gban Vegy\u00fck p\u00e9ld\u00e1ul azt a forgat\u00f3k\u00f6nyvet, amikor \u00d6n fel\u00e9bred az Egyes\u00fclt Kir\u00e1lys\u00e1gban, elk\u00e9sz\u00edti a reggeli te\u00e1j\u00e1t, majd megn\u00e9zi a telefonj\u00e1t, hogy felfedezze, hogy \u00e9ppen megnyerte a New York-i lott\u00f3t. Ez t\u00falz\u00e1snak hangzik? V\u00e1ltoztassa meg a v\u00e9lem\u00e9ny\u00e9t! Az Amerikai Egyes\u00fclt \u00c1llamok egyik legizgalmasabb lott\u00f3j\u00e1t\u00e9ka a RedFoxLotto.com [&hellip;]","og_url":"https:\/\/redfoxlotto.com\/hu\/jatek\/hogyan-vehet-reszt-a-new-york-i-lotton-az-egyesult-kiralysagban\/","og_site_name":"Get Tickets for the World\u2019s largest jackpots","article_modified_time":"2025-12-10T16:09:37+00:00","og_image":[{"url":"https:\/\/redfoxlotto.com\/wp-content\/uploads\/2023\/04\/raffle-tickets-online-495x330-1-300x200.jpg","type":"","width":"","height":""}],"twitter_card":"summary_large_image","twitter_misc":{"Becs\u00fclt olvas\u00e1si id\u0151":"2 perc"},"schema":{"@context":"https:\/\/schema.org","@graph":[{"@type":"WebPage","@id":"https:\/\/redfoxlotto.com\/hu\/jatek\/hogyan-vehet-reszt-a-new-york-i-lotton-az-egyesult-kiralysagban\/","url":"https:\/\/redfoxlotto.com\/hu\/jatek\/hogyan-vehet-reszt-a-new-york-i-lotton-az-egyesult-kiralysagban\/","name":"Hogyan j\u00e1tsszon New York Lottery az Egyes\u00fclt Kir\u00e1lys\u00e1gban. - Get Tickets for the World\u2019s largest jackpots","isPartOf":{"@id":"https:\/\/redfoxlotto.com\/hu\/#website"},"primaryImageOfPage":{"@id":"https:\/\/redfoxlotto.com\/hu\/jatek\/hogyan-vehet-reszt-a-new-york-i-lotton-az-egyesult-kiralysagban\/#primaryimage"},"image":{"@id":"https:\/\/redfoxlotto.com\/hu\/jatek\/hogyan-vehet-reszt-a-new-york-i-lotton-az-egyesult-kiralysagban\/#primaryimage"},"thumbnailUrl":"https:\/\/redfoxlotto.com\/wp-content\/uploads\/2023\/04\/raffle-tickets-online-495x330-1-300x200.jpg","datePublished":"2025-03-30T12:21:27+00:00","dateModified":"2025-12-10T16:09:37+00:00","breadcrumb":{"@id":"https:\/\/redfoxlotto.com\/hu\/jatek\/hogyan-vehet-reszt-a-new-york-i-lotton-az-egyesult-kiralysagban\/#breadcrumb"},"inLanguage":"hu","potentialAction":[{"@type":"ReadAction","target":["https:\/\/redfoxlotto.com\/hu\/jatek\/hogyan-vehet-reszt-a-new-york-i-lotton-az-egyesult-kiralysagban\/"]}]},{"@type":"ImageObject","inLanguage":"hu","@id":"https:\/\/redfoxlotto.com\/hu\/jatek\/hogyan-vehet-reszt-a-new-york-i-lotton-az-egyesult-kiralysagban\/#primaryimage","url":"https:\/\/redfoxlotto.com\/wp-content\/uploads\/2023\/04\/raffle-tickets-online-495x330-1-300x200.jpg","contentUrl":"https:\/\/redfoxlotto.com\/wp-content\/uploads\/2023\/04\/raffle-tickets-online-495x330-1-300x200.jpg"},{"@type":"BreadcrumbList","@id":"https:\/\/redfoxlotto.com\/hu\/jatek\/hogyan-vehet-reszt-a-new-york-i-lotton-az-egyesult-kiralysagban\/#breadcrumb","itemListElement":[{"@type":"ListItem","position":1,"name":"Home","item":"https:\/\/redfoxlotto.com\/hu\/"},{"@type":"ListItem","position":2,"name":"Hogyan j\u00e1tszhat m\u00e1s orsz\u00e1gok lott\u00f3j\u00e1t\u00e9kain","item":"https:\/\/redfoxlotto.com\/hu\/jatek\/"},{"@type":"ListItem","position":3,"name":"Hogyan j\u00e1tsszon New York Lottery az Egyes\u00fclt Kir\u00e1lys\u00e1gban."}]},{"@type":"WebSite","@id":"https:\/\/redfoxlotto.com\/hu\/#website","url":"https:\/\/redfoxlotto.com\/hu\/","name":"Get Tickets for the World\u2019s largest jackpots","description":"Participate in worldwide lottery jackpots from any country","publisher":{"@id":"https:\/\/redfoxlotto.com\/hu\/#organization"},"potentialAction":[{"@type":"SearchAction","target":{"@type":"EntryPoint","urlTemplate":"https:\/\/redfoxlotto.com\/hu\/?s={search_term_string}"},"query-input":{"@type":"PropertyValueSpecification","valueRequired":true,"valueName":"search_term_string"}}],"inLanguage":"hu"},{"@type":"Organization","@id":"https:\/\/redfoxlotto.com\/hu\/#organization","name":"Get Tickets for the World\u2019s largest jackpots","url":"https:\/\/redfoxlotto.com\/hu\/","logo":{"@type":"ImageObject","inLanguage":"hu","@id":"https:\/\/redfoxlotto.com\/hu\/#\/schema\/logo\/image\/","url":"https:\/\/redfoxlotto.com\/wp-content\/uploads\/2023\/04\/logo.png","contentUrl":"https:\/\/redfoxlotto.com\/wp-content\/uploads\/2023\/04\/logo.png","width":269,"height":53,"caption":"Get Tickets for the World\u2019s largest jackpots"},"image":{"@id":"https:\/\/redfoxlotto.com\/hu\/#\/schema\/logo\/image\/"}}]}},"_links":{"self":[{"href":"https:\/\/redfoxlotto.com\/hu\/wp-json\/wp\/v2\/pages\/85267","targetHints":{"allow":["GET"]}}],"collection":[{"href":"https:\/\/redfoxlotto.com\/hu\/wp-json\/wp\/v2\/pages"}],"about":[{"href":"https:\/\/redfoxlotto.com\/hu\/wp-json\/wp\/v2\/types\/page"}],"author":[{"embeddable":true,"href":"https:\/\/redfoxlotto.com\/hu\/wp-json\/wp\/v2\/users\/8"}],"replies":[{"embeddable":true,"href":"https:\/\/redfoxlotto.com\/hu\/wp-json\/wp\/v2\/comments?post=85267"}],"version-history":[{"count":0,"href":"https:\/\/redfoxlotto.com\/hu\/wp-json\/wp\/v2\/pages\/85267\/revisions"}],"up":[{"embeddable":true,"href":"https:\/\/redfoxlotto.com\/hu\/wp-json\/wp\/v2\/pages\/55156"}],"wp:attachment":[{"href":"https:\/\/redfoxlotto.com\/hu\/wp-json\/wp\/v2\/media?parent=85267"}],"curies":[{"name":"wp","href":"https:\/\/api.w.org\/{rel}","templated":true}]}}