{"id":84491,"date":"2025-03-17T09:46:32","date_gmt":"2025-03-17T09:46:32","guid":{"rendered":"https:\/\/redfoxlotto.com\/?page_id=84491"},"modified":"2025-06-17T08:45:36","modified_gmt":"2025-06-17T08:45:36","slug":"scratchcards","status":"publish","type":"page","link":"https:\/\/redfoxlotto.com\/hu\/scratchcards\/","title":{"rendered":"Kapar\u00f3s sorsjegyek"},"content":{"rendered":"<p>Ha \u00d6n lott\u00f3rajong\u00f3, akkor biztosak vagyunk benne, hogy \u00d6n is<strong>szeretni fogja online kapar\u00f3s sorsjegyeinket j\u00e1tszani!<\/strong><\/p>\n<p>A kapar\u00f3s sorsjegyek mindig is n\u00e9pszer\u0171 kieg\u00e9sz\u00edt\u0151i voltak a lott\u00f3szelv\u00e9ny v\u00e1s\u00e1rl\u00e1s\u00e1nak. Szinte az \u00f6sszes lott\u00f3z\u00f3 kiskereskedelmi \u00fczlet a vil\u00e1gon \u00e1rulja \u0151ket, \u00e9s ennek j\u00f3 oka van. M\u00edg a lott\u00f3z\u00e1ssal szinte mindig j\u00e1r egy kis v\u00e1rakoz\u00e1s az eredm\u00e9nyre, addig a kapar\u00f3s sorsjegyek azonnali eredm\u00e9nyt adnak.<\/p>\n<p>\u00c9s az online kapar\u00f3s sorsjegyeinkkel m\u00e9g csak nem is kell lott\u00f3z\u00f3t keresnie, hogy megv\u00e1s\u00e1rolja \u0151ket &#8211; egyszer\u0171en csak online j\u00e1tszhat kapar\u00f3s sorsjegyeinkkel, \u00e9s nagyon j\u00f3l sz\u00f3rakozhat \u00e9s izgalmasan kapar\u00e1szhat.<\/p>\n<h2><strong>Online kapar\u00f3s sorsjegyek hamarosan a RedFoxLott\u00f3n\u00e1l<\/strong><\/h2>\n<p><img loading=\"lazy\" decoding=\"async\" class=\" wp-image-83601 alignright\" src=\"https:\/\/redfoxlotto.com\/wp-content\/uploads\/2025\/03\/scratch_card_player-300x300.jpg\" alt=\"play scratch cards\" width=\"183\" height=\"183\" srcset=\"https:\/\/redfoxlotto.com\/wp-content\/uploads\/2025\/03\/scratch_card_player-300x300.jpg 300w, https:\/\/redfoxlotto.com\/wp-content\/uploads\/2025\/03\/scratch_card_player-150x150.jpg 150w, https:\/\/redfoxlotto.com\/wp-content\/uploads\/2025\/03\/scratch_card_player-100x100.jpg 100w, https:\/\/redfoxlotto.com\/wp-content\/uploads\/2025\/03\/scratch_card_player.jpg 307w\" sizes=\"auto, (max-width: 183px) 100vw, 183px\" \/><\/p>\n<ul>\n<li>A kapar\u00f3s j\u00e1t\u00e9kokat 2025 \u00e1prilis elej\u00e9n ind\u00edtjuk el.<\/li>\n<li>Ne maradjon le az indul\u00e1sr\u00f3l!<\/li>\n<li>Gy\u0151z\u0151dj\u00f6n meg r\u00f3la, hogy megkapja prom\u00f3ci\u00f3s e-mailjeinket &#8211; ellen\u0151rizze a spam mapp\u00e1j\u00e1t, \u00e9s jel\u00f6lje be a RedFoxLott\u00f3t megb\u00edzhat\u00f3 e-mail k\u00fcld\u0151nek.<\/li>\n<\/ul>\n<p>A fizet\u00e9s is nagyon k\u00e9nyelmes &#8211; k\u00fcl\u00f6n\u00f6sen akkor, ha m\u00e1r rendelkezik sz\u00e1mlaegyenleggel a weboldalunkon. Ez azt jelenti, hogy ha t\u00f6bb kapar\u00f3s sorsjegyet tervez v\u00e1s\u00e1rolni, akkor a kapar\u00f3s j\u00e1t\u00e9k megkezd\u00e9se el\u0151tt befizet\u00e9st kell eszk\u00f6z\u00f6lnie a p\u00e9nzt\u00e1rc\u00e1j\u00e1ba.<\/p>\n<p>Csak v\u00e1lassza ki a legjobban tetsz\u0151 k\u00e1rty\u00e1t, \u00e9s kattintson a v\u00e1s\u00e1rl\u00e1sra. T\u00f6bbf\u00e9le men\u0151 elrendez\u00e9ssel rendelkez\u00fcnk, \u00e9s k\u00fcl\u00f6nb\u00f6z\u0151 \u00e1r\u00fa \u00e9s nyerem\u00e9nytartom\u00e1ny\u00fa kapar\u00f3s sorsjegyek vannak.<\/p>\n<h2>A kapar\u00f3s sorsjegyes j\u00e1t\u00e9kainkkal j\u00e1tszani nagyon egyszer\u0171<\/h2>\n<p>Ezut\u00e1n vagy k\u00e9zzel, az eg\u00e9rrel lekaparod a k\u00e1rtya fels\u0151 r\u00e9teg\u00e9t, vagy a \u201egyorskapar\u00e1s\u201d gombra kattintva felfedheted a k\u00e1rty\u00e1n elrejtett \u00f6sszes inform\u00e1ci\u00f3t.<\/p>\n<p>Az \u00d6n nyerem\u00e9nye a k\u00e1rty\u00e1r\u00f3l a fels\u0151 r\u00e9teg lekapar\u00e1sa ut\u00e1n megjelen\u0151 \u00f6sszegekt\u0151l f\u00fcgg. Ha a kapar\u00f3k\u00e1rty\u00e1don h\u00e1rom azonos \u00f6sszeg szerepel, akkor ezt az \u00f6sszeget nyersz.<\/p>\n<h2>Mi t\u00f6rt\u00e9nik a kapar\u00f3s sorsjegy nyerem\u00e9ny ut\u00e1n?<\/h2>\n<p>Minden nyerem\u00e9nyt azonnal j\u00f3v\u00e1\u00edrunk a sz\u00e1ml\u00e1j\u00e1n. Ha egy k\u00e1rtya nyer, k\u00e9t lehet\u0151s\u00e9ged van:<\/p>\n<ol>\n<li>Maradhatsz a kapar\u00f3s sorsjegy oldalon, \u00e9s folytathatod a nyerem\u00e9nyed felhaszn\u00e1l\u00e1s\u00e1val tov\u00e1bbi online kapar\u00f3s sorsjegyek v\u00e1s\u00e1rl\u00e1s\u00e1t.<\/li>\n<li>Bez\u00e1rja a kapar\u00f3s sorsjegyek oldal\u00e1t, \u00e9s a nyerem\u00e9nye \u00e1tker\u00fcl a RedFoxLotto j\u00e1t\u00e9kosegyenleg\u00e9re.<\/li>\n<\/ol>\n<p>Miut\u00e1n a kapar\u00f3s sorsjegy-nyerem\u00e9nyeket hozz\u00e1adta a j\u00e1t\u00e9kosegyenleg\u00e9hez, azt tetsz\u0151leges m\u00f3don felhaszn\u00e1lhatja &#8211; v\u00e1s\u00e1rolhat hagyom\u00e1nyos lott\u00f3szelv\u00e9nyeket, j\u00e1tszhat Ken\u00f3t, v\u00e1s\u00e1rolhat k\u00e9s\u0151bb tov\u00e1bbi online kapar\u00f3s sorsjegyeket, vagy kiveheti a nyerem\u00e9ny\u00e9t.<\/p>\n<p>Az online kapar\u00f3s sorsjegyek hozz\u00e1ad\u00e1sa olyasmi, amit sok \u00fcgyfel\u00fcnk k\u00e9rt, \u00e9s biztosak vagyunk benne, hogy \u00d6n is \u00e9lvezni fogja ezt az \u00e9lm\u00e9nyt!<\/p>\n","protected":false},"excerpt":{"rendered":"<p>Ha \u00d6n lott\u00f3rajong\u00f3, akkor biztosak vagyunk benne, hogy \u00d6n isszeretni fogja online kapar\u00f3s sorsjegyeinket j\u00e1tszani! A kapar\u00f3s sorsjegyek mindig is n\u00e9pszer\u0171 kieg\u00e9sz\u00edt\u0151i voltak a lott\u00f3szelv\u00e9ny v\u00e1s\u00e1rl\u00e1s\u00e1nak. Szinte az \u00f6sszes lott\u00f3z\u00f3 kiskereskedelmi \u00fczlet a vil\u00e1gon \u00e1rulja \u0151ket, \u00e9s ennek j\u00f3 oka van. M\u00edg a lott\u00f3z\u00e1ssal szinte mindig j\u00e1r egy kis v\u00e1rakoz\u00e1s az eredm\u00e9nyre, addig a kapar\u00f3s [&hellip;]<\/p>\n","protected":false},"author":8,"featured_media":0,"parent":0,"menu_order":7,"comment_status":"closed","ping_status":"closed","template":"","meta":{"_et_pb_use_builder":"","_et_pb_old_content":"","_et_gb_content_width":"","exclude_from_search":false,"footnotes":""},"class_list":["post-84491","page","type-page","status-publish","hentry"],"yoast_head":"<!-- This site is optimized with the Yoast SEO plugin v23.8 - https:\/\/yoast.com\/wordpress\/plugins\/seo\/ -->\n<title>Online kapar\u00f3s sorsjegyek | A legjobb azonnali nyerem\u00e9ny kapar\u00f3s sorsjegyek<\/title>\n<meta name=\"description\" content=\"J\u00e1tsszon itt a legjobb online kapar\u00f3s sorsjegyekkel - vonz\u00f3 kapar\u00f3s j\u00e1t\u00e9kok \u00e9s nagyszer\u0171 nyerem\u00e9nyek azonnal megnyerhet\u0151k\" \/>\n<meta name=\"robots\" content=\"index, follow, max-snippet:-1, max-image-preview:large, max-video-preview:-1\" \/>\n<link rel=\"canonical\" href=\"https:\/\/redfoxlotto.com\/hu\/scratchcards\/\" \/>\n<meta property=\"og:locale\" content=\"hu_HU\" \/>\n<meta property=\"og:type\" content=\"article\" \/>\n<meta property=\"og:title\" content=\"Online kapar\u00f3s sorsjegyek | A legjobb azonnali nyerem\u00e9ny kapar\u00f3s sorsjegyek\" \/>\n<meta property=\"og:description\" content=\"J\u00e1tsszon itt a legjobb online kapar\u00f3s sorsjegyekkel - vonz\u00f3 kapar\u00f3s j\u00e1t\u00e9kok \u00e9s nagyszer\u0171 nyerem\u00e9nyek azonnal megnyerhet\u0151k\" \/>\n<meta property=\"og:url\" content=\"https:\/\/redfoxlotto.com\/hu\/scratchcards\/\" \/>\n<meta property=\"og:site_name\" content=\"Get Tickets for the World\u2019s largest jackpots\" \/>\n<meta property=\"article:modified_time\" content=\"2025-06-17T08:45:36+00:00\" \/>\n<meta property=\"og:image\" content=\"https:\/\/redfoxlotto.com\/wp-content\/uploads\/2025\/03\/scratch_card_player-300x300.jpg\" \/>\n<meta name=\"twitter:card\" content=\"summary_large_image\" \/>\n<meta name=\"twitter:label1\" content=\"Becs\u00fclt olvas\u00e1si id\u0151\" \/>\n\t<meta name=\"twitter:data1\" content=\"2 perc\" \/>\n<script type=\"application\/ld+json\" class=\"yoast-schema-graph\">{\"@context\":\"https:\/\/schema.org\",\"@graph\":[{\"@type\":\"WebPage\",\"@id\":\"https:\/\/redfoxlotto.com\/hu\/scratchcards\/\",\"url\":\"https:\/\/redfoxlotto.com\/hu\/scratchcards\/\",\"name\":\"Online kapar\u00f3s sorsjegyek | A legjobb azonnali nyerem\u00e9ny kapar\u00f3s sorsjegyek\",\"isPartOf\":{\"@id\":\"https:\/\/redfoxlotto.com\/hu\/#website\"},\"primaryImageOfPage\":{\"@id\":\"https:\/\/redfoxlotto.com\/hu\/scratchcards\/#primaryimage\"},\"image\":{\"@id\":\"https:\/\/redfoxlotto.com\/hu\/scratchcards\/#primaryimage\"},\"thumbnailUrl\":\"https:\/\/redfoxlotto.com\/wp-content\/uploads\/2025\/03\/scratch_card_player-300x300.jpg\",\"datePublished\":\"2025-03-17T09:46:32+00:00\",\"dateModified\":\"2025-06-17T08:45:36+00:00\",\"description\":\"J\u00e1tsszon itt a legjobb online kapar\u00f3s sorsjegyekkel - vonz\u00f3 kapar\u00f3s j\u00e1t\u00e9kok \u00e9s nagyszer\u0171 nyerem\u00e9nyek azonnal megnyerhet\u0151k\",\"breadcrumb\":{\"@id\":\"https:\/\/redfoxlotto.com\/hu\/scratchcards\/#breadcrumb\"},\"inLanguage\":\"hu\",\"potentialAction\":[{\"@type\":\"ReadAction\",\"target\":[\"https:\/\/redfoxlotto.com\/hu\/scratchcards\/\"]}]},{\"@type\":\"ImageObject\",\"inLanguage\":\"hu\",\"@id\":\"https:\/\/redfoxlotto.com\/hu\/scratchcards\/#primaryimage\",\"url\":\"https:\/\/redfoxlotto.com\/wp-content\/uploads\/2025\/03\/scratch_card_player-300x300.jpg\",\"contentUrl\":\"https:\/\/redfoxlotto.com\/wp-content\/uploads\/2025\/03\/scratch_card_player-300x300.jpg\"},{\"@type\":\"BreadcrumbList\",\"@id\":\"https:\/\/redfoxlotto.com\/hu\/scratchcards\/#breadcrumb\",\"itemListElement\":[{\"@type\":\"ListItem\",\"position\":1,\"name\":\"Home\",\"item\":\"https:\/\/redfoxlotto.com\/hu\/\"},{\"@type\":\"ListItem\",\"position\":2,\"name\":\"Kapar\u00f3s sorsjegyek\"}]},{\"@type\":\"WebSite\",\"@id\":\"https:\/\/redfoxlotto.com\/hu\/#website\",\"url\":\"https:\/\/redfoxlotto.com\/hu\/\",\"name\":\"Get Tickets for the World\u2019s largest jackpots\",\"description\":\"Participate in worldwide lottery jackpots from any country\",\"publisher\":{\"@id\":\"https:\/\/redfoxlotto.com\/hu\/#organization\"},\"potentialAction\":[{\"@type\":\"SearchAction\",\"target\":{\"@type\":\"EntryPoint\",\"urlTemplate\":\"https:\/\/redfoxlotto.com\/hu\/?s={search_term_string}\"},\"query-input\":{\"@type\":\"PropertyValueSpecification\",\"valueRequired\":true,\"valueName\":\"search_term_string\"}}],\"inLanguage\":\"hu\"},{\"@type\":\"Organization\",\"@id\":\"https:\/\/redfoxlotto.com\/hu\/#organization\",\"name\":\"Get Tickets for the World\u2019s largest jackpots\",\"url\":\"https:\/\/redfoxlotto.com\/hu\/\",\"logo\":{\"@type\":\"ImageObject\",\"inLanguage\":\"hu\",\"@id\":\"https:\/\/redfoxlotto.com\/hu\/#\/schema\/logo\/image\/\",\"url\":\"https:\/\/redfoxlotto.com\/wp-content\/uploads\/2023\/04\/logo.png\",\"contentUrl\":\"https:\/\/redfoxlotto.com\/wp-content\/uploads\/2023\/04\/logo.png\",\"width\":269,\"height\":53,\"caption\":\"Get Tickets for the World\u2019s largest jackpots\"},\"image\":{\"@id\":\"https:\/\/redfoxlotto.com\/hu\/#\/schema\/logo\/image\/\"}}]}<\/script>\n<!-- \/ Yoast SEO plugin. -->","yoast_head_json":{"title":"Online kapar\u00f3s sorsjegyek | A legjobb azonnali nyerem\u00e9ny kapar\u00f3s sorsjegyek","description":"J\u00e1tsszon itt a legjobb online kapar\u00f3s sorsjegyekkel - vonz\u00f3 kapar\u00f3s j\u00e1t\u00e9kok \u00e9s nagyszer\u0171 nyerem\u00e9nyek azonnal megnyerhet\u0151k","robots":{"index":"index","follow":"follow","max-snippet":"max-snippet:-1","max-image-preview":"max-image-preview:large","max-video-preview":"max-video-preview:-1"},"canonical":"https:\/\/redfoxlotto.com\/hu\/scratchcards\/","og_locale":"hu_HU","og_type":"article","og_title":"Online kapar\u00f3s sorsjegyek | A legjobb azonnali nyerem\u00e9ny kapar\u00f3s sorsjegyek","og_description":"J\u00e1tsszon itt a legjobb online kapar\u00f3s sorsjegyekkel - vonz\u00f3 kapar\u00f3s j\u00e1t\u00e9kok \u00e9s nagyszer\u0171 nyerem\u00e9nyek azonnal megnyerhet\u0151k","og_url":"https:\/\/redfoxlotto.com\/hu\/scratchcards\/","og_site_name":"Get Tickets for the World\u2019s largest jackpots","article_modified_time":"2025-06-17T08:45:36+00:00","og_image":[{"url":"https:\/\/redfoxlotto.com\/wp-content\/uploads\/2025\/03\/scratch_card_player-300x300.jpg"}],"twitter_card":"summary_large_image","twitter_misc":{"Becs\u00fclt olvas\u00e1si id\u0151":"2 perc"},"schema":{"@context":"https:\/\/schema.org","@graph":[{"@type":"WebPage","@id":"https:\/\/redfoxlotto.com\/hu\/scratchcards\/","url":"https:\/\/redfoxlotto.com\/hu\/scratchcards\/","name":"Online kapar\u00f3s sorsjegyek | A legjobb azonnali nyerem\u00e9ny kapar\u00f3s sorsjegyek","isPartOf":{"@id":"https:\/\/redfoxlotto.com\/hu\/#website"},"primaryImageOfPage":{"@id":"https:\/\/redfoxlotto.com\/hu\/scratchcards\/#primaryimage"},"image":{"@id":"https:\/\/redfoxlotto.com\/hu\/scratchcards\/#primaryimage"},"thumbnailUrl":"https:\/\/redfoxlotto.com\/wp-content\/uploads\/2025\/03\/scratch_card_player-300x300.jpg","datePublished":"2025-03-17T09:46:32+00:00","dateModified":"2025-06-17T08:45:36+00:00","description":"J\u00e1tsszon itt a legjobb online kapar\u00f3s sorsjegyekkel - vonz\u00f3 kapar\u00f3s j\u00e1t\u00e9kok \u00e9s nagyszer\u0171 nyerem\u00e9nyek azonnal megnyerhet\u0151k","breadcrumb":{"@id":"https:\/\/redfoxlotto.com\/hu\/scratchcards\/#breadcrumb"},"inLanguage":"hu","potentialAction":[{"@type":"ReadAction","target":["https:\/\/redfoxlotto.com\/hu\/scratchcards\/"]}]},{"@type":"ImageObject","inLanguage":"hu","@id":"https:\/\/redfoxlotto.com\/hu\/scratchcards\/#primaryimage","url":"https:\/\/redfoxlotto.com\/wp-content\/uploads\/2025\/03\/scratch_card_player-300x300.jpg","contentUrl":"https:\/\/redfoxlotto.com\/wp-content\/uploads\/2025\/03\/scratch_card_player-300x300.jpg"},{"@type":"BreadcrumbList","@id":"https:\/\/redfoxlotto.com\/hu\/scratchcards\/#breadcrumb","itemListElement":[{"@type":"ListItem","position":1,"name":"Home","item":"https:\/\/redfoxlotto.com\/hu\/"},{"@type":"ListItem","position":2,"name":"Kapar\u00f3s sorsjegyek"}]},{"@type":"WebSite","@id":"https:\/\/redfoxlotto.com\/hu\/#website","url":"https:\/\/redfoxlotto.com\/hu\/","name":"Get Tickets for the World\u2019s largest jackpots","description":"Participate in worldwide lottery jackpots from any country","publisher":{"@id":"https:\/\/redfoxlotto.com\/hu\/#organization"},"potentialAction":[{"@type":"SearchAction","target":{"@type":"EntryPoint","urlTemplate":"https:\/\/redfoxlotto.com\/hu\/?s={search_term_string}"},"query-input":{"@type":"PropertyValueSpecification","valueRequired":true,"valueName":"search_term_string"}}],"inLanguage":"hu"},{"@type":"Organization","@id":"https:\/\/redfoxlotto.com\/hu\/#organization","name":"Get Tickets for the World\u2019s largest jackpots","url":"https:\/\/redfoxlotto.com\/hu\/","logo":{"@type":"ImageObject","inLanguage":"hu","@id":"https:\/\/redfoxlotto.com\/hu\/#\/schema\/logo\/image\/","url":"https:\/\/redfoxlotto.com\/wp-content\/uploads\/2023\/04\/logo.png","contentUrl":"https:\/\/redfoxlotto.com\/wp-content\/uploads\/2023\/04\/logo.png","width":269,"height":53,"caption":"Get Tickets for the World\u2019s largest jackpots"},"image":{"@id":"https:\/\/redfoxlotto.com\/hu\/#\/schema\/logo\/image\/"}}]}},"_links":{"self":[{"href":"https:\/\/redfoxlotto.com\/hu\/wp-json\/wp\/v2\/pages\/84491","targetHints":{"allow":["GET"]}}],"collection":[{"href":"https:\/\/redfoxlotto.com\/hu\/wp-json\/wp\/v2\/pages"}],"about":[{"href":"https:\/\/redfoxlotto.com\/hu\/wp-json\/wp\/v2\/types\/page"}],"author":[{"embeddable":true,"href":"https:\/\/redfoxlotto.com\/hu\/wp-json\/wp\/v2\/users\/8"}],"replies":[{"embeddable":true,"href":"https:\/\/redfoxlotto.com\/hu\/wp-json\/wp\/v2\/comments?post=84491"}],"version-history":[{"count":0,"href":"https:\/\/redfoxlotto.com\/hu\/wp-json\/wp\/v2\/pages\/84491\/revisions"}],"wp:attachment":[{"href":"https:\/\/redfoxlotto.com\/hu\/wp-json\/wp\/v2\/media?parent=84491"}],"curies":[{"name":"wp","href":"https:\/\/api.w.org\/{rel}","templated":true}]}}