{"id":84402,"date":"2025-02-12T11:12:52","date_gmt":"2025-02-12T11:12:52","guid":{"rendered":"https:\/\/redfoxlotto.com\/?page_id=84402"},"modified":"2025-10-09T14:12:35","modified_gmt":"2025-10-09T14:12:35","slug":"keno","status":"publish","type":"page","link":"https:\/\/redfoxlotto.com\/hu\/keno\/","title":{"rendered":"Ken\u00f3"},"content":{"rendered":"<h2>Nem tudja, hogyan kell online Ken\u00f3t j\u00e1tszani?<\/h2>\n<p>Tudod, hogyan m\u0171k\u00f6dik a lott\u00f3, de m\u00e9g sosem j\u00e1tszott\u00e1l Ken\u00f3t? Hadd magyar\u00e1zzam el, hogyan kell online Ken\u00f3t j\u00e1tszani. Nem olyan neh\u00e9z meg\u00e9rteni, \u00e9s a mi platformunk megk\u00f6nny\u00edti a Ken\u00f3 szelv\u00e9ny l\u00e9trehoz\u00e1s\u00e1t.<\/p>\n<div class=\"keno-banner-wrapper\"><img decoding=\"async\" class=\"keno-banner-image\" src=\"https:\/\/redfoxlotto.com\/wp-content\/uploads\/2025\/10\/3-scaled.png\" alt=\"Keno Banner\" \/><br \/>\n<div class=\"keno-banner-overlay\"><div class=\"keno-banner-text\">F\u0151d\u00edj: \u20ac10,000,000<br>Sorsol\u00e1s 30 percenk\u00e9nt<\/div><a href=\"https:\/\/keno.redfoxlotto.com\/play\/diamond-keno\" class=\"keno-banner-button\">J\u00e1tssz Diamond Ken\u00f3t most<\/a><\/div><\/div>\n<div class=\"keno-banner-wrapper\"><img decoding=\"async\" class=\"keno-banner-image\" src=\"https:\/\/redfoxlotto.com\/wp-content\/uploads\/2025\/10\/1-scaled.png\" alt=\"Keno Banner\" \/><br \/>\n<div class=\"keno-banner-overlay\"><div class=\"keno-banner-text\">F\u0151d\u00edj: \u20ac5,000,000<br>Sorsol\u00e1s 8 percenk\u00e9nt<\/div><a href=\"https:\/\/keno.redfoxlotto.com\/play\/platinum-keno\" class=\"keno-banner-button\">J\u00e1tssz Platinum Ken\u00f3t Most<\/a><\/div><\/div>\n<div class=\"keno-banner-wrapper\"><img decoding=\"async\" class=\"keno-banner-image\" src=\"https:\/\/redfoxlotto.com\/wp-content\/uploads\/2025\/10\/2-scaled.png\" alt=\"Keno Banner\" \/><br \/>\n<div class=\"keno-banner-overlay\"><div class=\"keno-banner-text\">F\u0151d\u00edj: \u20ac2,000,000<br>Sorsol\u00e1s 6 percenk\u00e9nt<\/div><a href=\"https:\/\/keno.redfoxlotto.com\/play\/gold-keno\" class=\"keno-banner-button\">J\u00e1tssz  Gold Keno-t most<\/a><\/div><\/div>\n<p><img loading=\"lazy\" decoding=\"async\" class=\"alignright size-medium wp-image-83635\" src=\"https:\/\/redfoxlotto.com\/wp-content\/uploads\/2025\/03\/keno_card-300x300.jpg\" alt=\"play keno online\" width=\"300\" height=\"300\" srcset=\"https:\/\/redfoxlotto.com\/wp-content\/uploads\/2025\/03\/keno_card-300x300.jpg 300w, https:\/\/redfoxlotto.com\/wp-content\/uploads\/2025\/03\/keno_card-150x150.jpg 150w, https:\/\/redfoxlotto.com\/wp-content\/uploads\/2025\/03\/keno_card-100x100.jpg 100w, https:\/\/redfoxlotto.com\/wp-content\/uploads\/2025\/03\/keno_card.jpg 307w\" sizes=\"auto, (max-width: 300px) 100vw, 300px\" \/><\/p>\n<h2>K\u00fcl\u00f6nbs\u00e9gek a hagyom\u00e1nyos lott\u00f3 \u00e9s a Ken\u00f3 k\u00f6z\u00f6tt<\/h2>\n<p>Amikor Ken\u00f3t j\u00e1tszik, nagyobb befoly\u00e1sa van arra, hogy mennyit szeretne k\u00f6lteni egy szelv\u00e9nyre, \u00e9s azt is \u00d6n d\u00f6nti el, hogy h\u00e1ny sz\u00e1mot v\u00e1laszt.<\/p>\n<ul>\n<li><strong>A szorz\u00f3<\/strong> &#8211; minden Ken\u00f3szelv\u00e9nynek van egy alap\u00e1ra (a minimum, amit ki kell fizetned egy szelv\u00e9ny\u00e9rt), de van egy szorz\u00f3 funkci\u00f3 is. Tegy\u00fck fel, hogy az alap\u00e1r 1,00 \u20ac. Ha 5 szorz\u00f3t v\u00e1lasztasz, akkor a szelv\u00e9nyed mostant\u00f3l 5,00 \u20ac-ba fog ker\u00fclni. Ugyanakkor azonban a megnyerhet\u0151 \u00f6sszeg legal\u00e1bb 5-\u00f6s szorz\u00f3val n\u0151. Ahhoz, hogy az egyes kifizet\u00e9si szinteken a maxim\u00e1lis nyerem\u00e9nyt nyerje meg, a maxim\u00e1lis szorz\u00f3t kell kiv\u00e1lasztania. A szorz\u00f3 1 \u00e9s 5, illetve 1 \u00e9s 10 k\u00f6z\u00f6tt mozoghat. A t\u00e9nyleges kifizet\u00e9s megtekint\u00e9s\u00e9hez kattintson a fenti \u201eInfo\u201d f\u00fclre, \u00e9s megjelenik a kifizet\u00e9si t\u00e1bl\u00e1zat.<\/li>\n<li>Kattintson a k\u00edv\u00e1nt szorz\u00f3ra, \u00e9s megjelenik az adott szorz\u00f3ra vonatkoz\u00f3 kifizet\u00e9s.<\/li>\n<li><strong>T\u00f6bb vagy kevesebb sz\u00e1m megj\u00e1tsz\u00e1sa<\/strong> &#8211; eld\u00f6ntheted, hogy t\u00f6bb vagy kevesebb sz\u00e1mot szeretn\u00e9l-e v\u00e1lasztani a szelv\u00e9nyedhez. Ism\u00e9tlem, ha a f\u0151d\u00edjat szeretn\u00e9d megnyerni, akkor mindig a maximumot, azaz 10 sz\u00e1mot kell v\u00e1lasztanod. Ha azonban \u00fagy d\u00f6nt, hogy csak 8 sz\u00e1mot j\u00e1tszik meg, akkor t\u00f6bb p\u00e9nzt nyerhet, ha mindegyik vagy n\u00e9h\u00e1ny k\u00f6z\u00fcl\u00fck megegyezik a kisorsolt sz\u00e1mokkal. Ism\u00e9t az \u201eInfo\u201d oldalon tal\u00e1lhat\u00f3 t\u00e1bl\u00e1zatban l\u00e1thatod a kifizet\u00e9seket.<\/li>\n<li><strong>T\u00f6bb sz\u00e1mot sorsolnak ki a sz\u00e1mtartom\u00e1nyb\u00f3l<\/strong> &#8211; m\u00edg a norm\u00e1l lott\u00f3n 5 vagy 6 sz\u00e1mot sorsolnak ki a 49 vagy 60 sz\u00e1mb\u00f3l, ez m\u00e1sk\u00e9pp van, amikor Ken\u00f3t j\u00e1tszol. El\u0151sz\u00f6r is, a legt\u00f6bb Ken\u00f3 j\u00e1t\u00e9kban 20 sz\u00e1mot sorsolnak ki, de a lehets\u00e9ges sz\u00e1mok t\u00e1rh\u00e1za is nagyobb (\u00e1ltal\u00e1ban valahol 70 \u00e9s 90 sz\u00e1m k\u00f6z\u00f6tt). De 20 nyer\u0151sz\u00e1m eset\u00e9n csak 10 sz\u00e1mmal kell egyeznie, hogy nagy nyerem\u00e9nyt nyerjen. Ez azt jelenti, hogy az \u00e1ltal\u00e1nos es\u00e9lyek, amikor online Ken\u00f3t j\u00e1tszik, jobbak a legt\u00f6bb hagyom\u00e1nyos lott\u00f3j\u00e1t\u00e9khoz k\u00e9pest.<\/li>\n<\/ul>\n<h2>Hogyan j\u00e1tszhatok online Ken\u00f3t?<\/h2>\n<p><strong>Mind\u00f6ssze annyit kell tennie ahhoz, hogy online Ken\u00f3t j\u00e1tsszon, hogy k\u00f6vesse az al\u00e1bbi l\u00e9p\u00e9seket:<\/strong><\/p>\n<ul>\n<li>Kattintson az ezen az oldalon tal\u00e1lhat\u00f3 Keno bannerek egyik\u00e9re.<\/li>\n<li>V\u00e1lassza ki, h\u00e1ny sz\u00e1mot szeretne j\u00e1tszani<\/li>\n<li>V\u00e1lassza ki a szorz\u00f3t \u00e9s ellen\u0151rizze a szelv\u00e9ny \u00e1r\u00e1t (sz\u00fcks\u00e9g eset\u00e9n \u00e1ll\u00edtsa be a szorz\u00f3t)<\/li>\n<li>V\u00e1lassza ki a sz\u00e1mokat (vagy haszn\u00e1lja a Quick Pick funkci\u00f3t a v\u00e9letlenszer\u0171 sz\u00e1mok gener\u00e1l\u00e1s\u00e1hoz).<\/li>\n<li>Adjon hozz\u00e1 t\u00f6bb szelv\u00e9nyt ugyanarra a Ken\u00f3 sorsol\u00e1sra, ha szeretn\u00e9<\/li>\n<li>D\u00f6ntse el, hogy a szelv\u00e9nye vagy szelv\u00e9nyei egy vagy t\u00f6bb sorsol\u00e1son vesznek-e r\u00e9szt<\/li>\n<li>Fizessen a szelv\u00e9nyei\u00e9rt (ha m\u00e9g nem rendelkezik \u00faj fi\u00f3kkal az oldalunkon, vagy jelentkezzen be megl\u00e9v\u0151 fi\u00f3kj\u00e1ba).<\/li>\n<\/ul>\n<h2>Csak n\u00e9h\u00e1ny perc a k\u00f6vetkez\u0151 sorsol\u00e1sig<\/h2>\n<p>A legt\u00f6bb Ken\u00f3 lott\u00f3j\u00e1t\u00e9k n\u00e9h\u00e1ny percenk\u00e9nt sorsol, \u00edgy nem kell sok\u00e1ig v\u00e1rnia, hogy megtudja, nyert-e. Minden alkalommal, amikor egy Ken\u00f3 lott\u00f3 sorsol\u00e1s k\u00f6vetkezik, mik\u00f6zben \u00d6n a weboldalunkon tart\u00f3zkodik, egy felugr\u00f3 ablak jelenik meg, \u00e9s r\u00f6viddel ezut\u00e1n egy sorsol\u00e1si anim\u00e1ci\u00f3s vide\u00f3t l\u00e1that. Amint megjelenik a felugr\u00f3 ablak, m\u00e9g mindig tudnia kell szelv\u00e9nyt v\u00e1s\u00e1rolni, hogy j\u00e1tszhasson az adott k\u00f6zelg\u0151 sorsol\u00e1son. De m\u00e9g ha le is maradsz a k\u00f6vetkez\u0151 sorsol\u00e1sr\u00f3l, b\u00e1rmikor k\u00e9sz\u00edthetsz szelv\u00e9nyt a k\u00f6vetkez\u0151 k\u00f6zelg\u0151 sorsol\u00e1sra, amely m\u00e1r csak percek k\u00e9rd\u00e9se!<\/p>\n<p>A Ken\u00f3 sorsol\u00e1sok virtu\u00e1lis sorsol\u00e1sok, a sz\u00e1mokat egy hiteles\u00edtett v\u00e9letlensz\u00e1m-gener\u00e1tor gener\u00e1lja. \u00cdgy biztos lehet benne, hogy amikor online Ken\u00f3zik a weboldalunkon, a j\u00e1t\u00e9k mindig tisztess\u00e9ges.<\/p>\n<p>Egy\u00e9bk\u00e9nt ez nem egy nyilv\u00e1nos lott\u00f3, amelyben valahol egy lott\u00f3\u00e1rus\u00edt\u00f3helyen v\u00e1s\u00e1rolhatsz szelv\u00e9nyt. \u00c9ppen ez\u00e9rt a Ken\u00f3 j\u00e1t\u00e9kok eset\u00e9ben nem kapsz beolvasott szelv\u00e9nyt, hanem csak egy visszaigazol\u00e1st kapsz a j\u00e1t\u00e9kosfi\u00f3kodba.<\/p>\n","protected":false},"excerpt":{"rendered":"<p>Nem tudja, hogyan kell online Ken\u00f3t j\u00e1tszani? Tudod, hogyan m\u0171k\u00f6dik a lott\u00f3, de m\u00e9g sosem j\u00e1tszott\u00e1l Ken\u00f3t? Hadd magyar\u00e1zzam el, hogyan kell online Ken\u00f3t j\u00e1tszani. Nem olyan neh\u00e9z meg\u00e9rteni, \u00e9s a mi platformunk megk\u00f6nny\u00edti a Ken\u00f3 szelv\u00e9ny l\u00e9trehoz\u00e1s\u00e1t. K\u00fcl\u00f6nbs\u00e9gek a hagyom\u00e1nyos lott\u00f3 \u00e9s a Ken\u00f3 k\u00f6z\u00f6tt Amikor Ken\u00f3t j\u00e1tszik, nagyobb befoly\u00e1sa van arra, hogy mennyit [&hellip;]<\/p>\n","protected":false},"author":8,"featured_media":0,"parent":0,"menu_order":5,"comment_status":"closed","ping_status":"closed","template":"","meta":{"_et_pb_use_builder":"","_et_pb_old_content":"","_et_gb_content_width":"","exclude_from_search":false,"footnotes":""},"class_list":["post-84402","page","type-page","status-publish","hentry"],"yoast_head":"<!-- This site is optimized with the Yoast SEO plugin v23.8 - https:\/\/yoast.com\/wordpress\/plugins\/seo\/ -->\n<title>Hogyan j\u00e1tsszon Ken\u00f3t online | Az online Ken\u00f3 szab\u00e1lyai \u00e9s strat\u00e9gi\u00e1ja<\/title>\n<meta name=\"description\" content=\"Szeretne nagyot nyerni a Ken\u00f3n? Hogyan j\u00e1tsszon online Ken\u00f3t ak\u00e1r 10 milli\u00f3 eur\u00f3s f\u0151nyerem\u00e9nyek\u00e9rt, \u00e9s a sorsol\u00e1sok soha nem maradnak el n\u00e9h\u00e1ny percn\u00e9l tov\u00e1bb.\" \/>\n<meta name=\"robots\" content=\"index, follow, max-snippet:-1, max-image-preview:large, max-video-preview:-1\" \/>\n<link rel=\"canonical\" href=\"https:\/\/redfoxlotto.com\/hu\/keno\/\" \/>\n<meta property=\"og:locale\" content=\"hu_HU\" \/>\n<meta property=\"og:type\" content=\"article\" \/>\n<meta property=\"og:title\" content=\"Hogyan j\u00e1tsszon Ken\u00f3t online | Az online Ken\u00f3 szab\u00e1lyai \u00e9s strat\u00e9gi\u00e1ja\" \/>\n<meta property=\"og:description\" content=\"Szeretne nagyot nyerni a Ken\u00f3n? Hogyan j\u00e1tsszon online Ken\u00f3t ak\u00e1r 10 milli\u00f3 eur\u00f3s f\u0151nyerem\u00e9nyek\u00e9rt, \u00e9s a sorsol\u00e1sok soha nem maradnak el n\u00e9h\u00e1ny percn\u00e9l tov\u00e1bb.\" \/>\n<meta property=\"og:url\" content=\"https:\/\/redfoxlotto.com\/hu\/keno\/\" \/>\n<meta property=\"og:site_name\" content=\"Get Tickets for the World\u2019s largest jackpots\" \/>\n<meta property=\"article:modified_time\" content=\"2025-10-09T14:12:35+00:00\" \/>\n<meta property=\"og:image\" content=\"https:\/\/redfoxlotto.com\/wp-content\/uploads\/2025\/10\/3-scaled.png\" \/>\n<meta name=\"twitter:card\" content=\"summary_large_image\" \/>\n<meta name=\"twitter:label1\" content=\"Becs\u00fclt olvas\u00e1si id\u0151\" \/>\n\t<meta name=\"twitter:data1\" content=\"4 perc\" \/>\n<script type=\"application\/ld+json\" class=\"yoast-schema-graph\">{\"@context\":\"https:\/\/schema.org\",\"@graph\":[{\"@type\":\"WebPage\",\"@id\":\"https:\/\/redfoxlotto.com\/hu\/keno\/\",\"url\":\"https:\/\/redfoxlotto.com\/hu\/keno\/\",\"name\":\"Hogyan j\u00e1tsszon Ken\u00f3t online | Az online Ken\u00f3 szab\u00e1lyai \u00e9s strat\u00e9gi\u00e1ja\",\"isPartOf\":{\"@id\":\"https:\/\/redfoxlotto.com\/hu\/#website\"},\"primaryImageOfPage\":{\"@id\":\"https:\/\/redfoxlotto.com\/hu\/keno\/#primaryimage\"},\"image\":{\"@id\":\"https:\/\/redfoxlotto.com\/hu\/keno\/#primaryimage\"},\"thumbnailUrl\":\"https:\/\/redfoxlotto.com\/wp-content\/uploads\/2025\/10\/3-scaled.png\",\"datePublished\":\"2025-02-12T11:12:52+00:00\",\"dateModified\":\"2025-10-09T14:12:35+00:00\",\"description\":\"Szeretne nagyot nyerni a Ken\u00f3n? Hogyan j\u00e1tsszon online Ken\u00f3t ak\u00e1r 10 milli\u00f3 eur\u00f3s f\u0151nyerem\u00e9nyek\u00e9rt, \u00e9s a sorsol\u00e1sok soha nem maradnak el n\u00e9h\u00e1ny percn\u00e9l tov\u00e1bb.\",\"breadcrumb\":{\"@id\":\"https:\/\/redfoxlotto.com\/hu\/keno\/#breadcrumb\"},\"inLanguage\":\"hu\",\"potentialAction\":[{\"@type\":\"ReadAction\",\"target\":[\"https:\/\/redfoxlotto.com\/hu\/keno\/\"]}]},{\"@type\":\"ImageObject\",\"inLanguage\":\"hu\",\"@id\":\"https:\/\/redfoxlotto.com\/hu\/keno\/#primaryimage\",\"url\":\"https:\/\/redfoxlotto.com\/wp-content\/uploads\/2025\/10\/3-scaled.png\",\"contentUrl\":\"https:\/\/redfoxlotto.com\/wp-content\/uploads\/2025\/10\/3-scaled.png\"},{\"@type\":\"BreadcrumbList\",\"@id\":\"https:\/\/redfoxlotto.com\/hu\/keno\/#breadcrumb\",\"itemListElement\":[{\"@type\":\"ListItem\",\"position\":1,\"name\":\"Home\",\"item\":\"https:\/\/redfoxlotto.com\/hu\/\"},{\"@type\":\"ListItem\",\"position\":2,\"name\":\"Ken\u00f3\"}]},{\"@type\":\"WebSite\",\"@id\":\"https:\/\/redfoxlotto.com\/hu\/#website\",\"url\":\"https:\/\/redfoxlotto.com\/hu\/\",\"name\":\"Get Tickets for the World\u2019s largest jackpots\",\"description\":\"Participate in worldwide lottery jackpots from any country\",\"publisher\":{\"@id\":\"https:\/\/redfoxlotto.com\/hu\/#organization\"},\"potentialAction\":[{\"@type\":\"SearchAction\",\"target\":{\"@type\":\"EntryPoint\",\"urlTemplate\":\"https:\/\/redfoxlotto.com\/hu\/?s={search_term_string}\"},\"query-input\":{\"@type\":\"PropertyValueSpecification\",\"valueRequired\":true,\"valueName\":\"search_term_string\"}}],\"inLanguage\":\"hu\"},{\"@type\":\"Organization\",\"@id\":\"https:\/\/redfoxlotto.com\/hu\/#organization\",\"name\":\"Get Tickets for the World\u2019s largest jackpots\",\"url\":\"https:\/\/redfoxlotto.com\/hu\/\",\"logo\":{\"@type\":\"ImageObject\",\"inLanguage\":\"hu\",\"@id\":\"https:\/\/redfoxlotto.com\/hu\/#\/schema\/logo\/image\/\",\"url\":\"https:\/\/redfoxlotto.com\/wp-content\/uploads\/2023\/04\/logo.png\",\"contentUrl\":\"https:\/\/redfoxlotto.com\/wp-content\/uploads\/2023\/04\/logo.png\",\"width\":269,\"height\":53,\"caption\":\"Get Tickets for the World\u2019s largest jackpots\"},\"image\":{\"@id\":\"https:\/\/redfoxlotto.com\/hu\/#\/schema\/logo\/image\/\"}}]}<\/script>\n<!-- \/ Yoast SEO plugin. -->","yoast_head_json":{"title":"Hogyan j\u00e1tsszon Ken\u00f3t online | Az online Ken\u00f3 szab\u00e1lyai \u00e9s strat\u00e9gi\u00e1ja","description":"Szeretne nagyot nyerni a Ken\u00f3n? Hogyan j\u00e1tsszon online Ken\u00f3t ak\u00e1r 10 milli\u00f3 eur\u00f3s f\u0151nyerem\u00e9nyek\u00e9rt, \u00e9s a sorsol\u00e1sok soha nem maradnak el n\u00e9h\u00e1ny percn\u00e9l tov\u00e1bb.","robots":{"index":"index","follow":"follow","max-snippet":"max-snippet:-1","max-image-preview":"max-image-preview:large","max-video-preview":"max-video-preview:-1"},"canonical":"https:\/\/redfoxlotto.com\/hu\/keno\/","og_locale":"hu_HU","og_type":"article","og_title":"Hogyan j\u00e1tsszon Ken\u00f3t online | Az online Ken\u00f3 szab\u00e1lyai \u00e9s strat\u00e9gi\u00e1ja","og_description":"Szeretne nagyot nyerni a Ken\u00f3n? Hogyan j\u00e1tsszon online Ken\u00f3t ak\u00e1r 10 milli\u00f3 eur\u00f3s f\u0151nyerem\u00e9nyek\u00e9rt, \u00e9s a sorsol\u00e1sok soha nem maradnak el n\u00e9h\u00e1ny percn\u00e9l tov\u00e1bb.","og_url":"https:\/\/redfoxlotto.com\/hu\/keno\/","og_site_name":"Get Tickets for the World\u2019s largest jackpots","article_modified_time":"2025-10-09T14:12:35+00:00","og_image":[{"url":"https:\/\/redfoxlotto.com\/wp-content\/uploads\/2025\/10\/3-scaled.png"}],"twitter_card":"summary_large_image","twitter_misc":{"Becs\u00fclt olvas\u00e1si id\u0151":"4 perc"},"schema":{"@context":"https:\/\/schema.org","@graph":[{"@type":"WebPage","@id":"https:\/\/redfoxlotto.com\/hu\/keno\/","url":"https:\/\/redfoxlotto.com\/hu\/keno\/","name":"Hogyan j\u00e1tsszon Ken\u00f3t online | Az online Ken\u00f3 szab\u00e1lyai \u00e9s strat\u00e9gi\u00e1ja","isPartOf":{"@id":"https:\/\/redfoxlotto.com\/hu\/#website"},"primaryImageOfPage":{"@id":"https:\/\/redfoxlotto.com\/hu\/keno\/#primaryimage"},"image":{"@id":"https:\/\/redfoxlotto.com\/hu\/keno\/#primaryimage"},"thumbnailUrl":"https:\/\/redfoxlotto.com\/wp-content\/uploads\/2025\/10\/3-scaled.png","datePublished":"2025-02-12T11:12:52+00:00","dateModified":"2025-10-09T14:12:35+00:00","description":"Szeretne nagyot nyerni a Ken\u00f3n? Hogyan j\u00e1tsszon online Ken\u00f3t ak\u00e1r 10 milli\u00f3 eur\u00f3s f\u0151nyerem\u00e9nyek\u00e9rt, \u00e9s a sorsol\u00e1sok soha nem maradnak el n\u00e9h\u00e1ny percn\u00e9l tov\u00e1bb.","breadcrumb":{"@id":"https:\/\/redfoxlotto.com\/hu\/keno\/#breadcrumb"},"inLanguage":"hu","potentialAction":[{"@type":"ReadAction","target":["https:\/\/redfoxlotto.com\/hu\/keno\/"]}]},{"@type":"ImageObject","inLanguage":"hu","@id":"https:\/\/redfoxlotto.com\/hu\/keno\/#primaryimage","url":"https:\/\/redfoxlotto.com\/wp-content\/uploads\/2025\/10\/3-scaled.png","contentUrl":"https:\/\/redfoxlotto.com\/wp-content\/uploads\/2025\/10\/3-scaled.png"},{"@type":"BreadcrumbList","@id":"https:\/\/redfoxlotto.com\/hu\/keno\/#breadcrumb","itemListElement":[{"@type":"ListItem","position":1,"name":"Home","item":"https:\/\/redfoxlotto.com\/hu\/"},{"@type":"ListItem","position":2,"name":"Ken\u00f3"}]},{"@type":"WebSite","@id":"https:\/\/redfoxlotto.com\/hu\/#website","url":"https:\/\/redfoxlotto.com\/hu\/","name":"Get Tickets for the World\u2019s largest jackpots","description":"Participate in worldwide lottery jackpots from any country","publisher":{"@id":"https:\/\/redfoxlotto.com\/hu\/#organization"},"potentialAction":[{"@type":"SearchAction","target":{"@type":"EntryPoint","urlTemplate":"https:\/\/redfoxlotto.com\/hu\/?s={search_term_string}"},"query-input":{"@type":"PropertyValueSpecification","valueRequired":true,"valueName":"search_term_string"}}],"inLanguage":"hu"},{"@type":"Organization","@id":"https:\/\/redfoxlotto.com\/hu\/#organization","name":"Get Tickets for the World\u2019s largest jackpots","url":"https:\/\/redfoxlotto.com\/hu\/","logo":{"@type":"ImageObject","inLanguage":"hu","@id":"https:\/\/redfoxlotto.com\/hu\/#\/schema\/logo\/image\/","url":"https:\/\/redfoxlotto.com\/wp-content\/uploads\/2023\/04\/logo.png","contentUrl":"https:\/\/redfoxlotto.com\/wp-content\/uploads\/2023\/04\/logo.png","width":269,"height":53,"caption":"Get Tickets for the World\u2019s largest jackpots"},"image":{"@id":"https:\/\/redfoxlotto.com\/hu\/#\/schema\/logo\/image\/"}}]}},"_links":{"self":[{"href":"https:\/\/redfoxlotto.com\/hu\/wp-json\/wp\/v2\/pages\/84402","targetHints":{"allow":["GET"]}}],"collection":[{"href":"https:\/\/redfoxlotto.com\/hu\/wp-json\/wp\/v2\/pages"}],"about":[{"href":"https:\/\/redfoxlotto.com\/hu\/wp-json\/wp\/v2\/types\/page"}],"author":[{"embeddable":true,"href":"https:\/\/redfoxlotto.com\/hu\/wp-json\/wp\/v2\/users\/8"}],"replies":[{"embeddable":true,"href":"https:\/\/redfoxlotto.com\/hu\/wp-json\/wp\/v2\/comments?post=84402"}],"version-history":[{"count":0,"href":"https:\/\/redfoxlotto.com\/hu\/wp-json\/wp\/v2\/pages\/84402\/revisions"}],"wp:attachment":[{"href":"https:\/\/redfoxlotto.com\/hu\/wp-json\/wp\/v2\/media?parent=84402"}],"curies":[{"name":"wp","href":"https:\/\/api.w.org\/{rel}","templated":true}]}}