{"id":68301,"date":"2024-04-25T08:02:02","date_gmt":"2024-04-25T08:02:02","guid":{"rendered":"https:\/\/redfoxlotto.org\/?page_id=68301"},"modified":"2024-11-24T17:33:01","modified_gmt":"2024-11-24T17:33:01","slug":"purchase-success","status":"publish","type":"page","link":"https:\/\/redfoxlotto.com\/hu\/purchase-success\/","title":{"rendered":"Sikeres v\u00e1s\u00e1rl\u00e1s"},"content":{"rendered":"<p>Sikeresen megv\u00e1s\u00e1rolta a sorsjegyet vagy sorsjegyeket!<\/p><p>A megrendel\u00e9sed r\u00e9szleteit a j\u00e1t\u00e9kosfi\u00f3kodban l\u00e1thatod. El\u0151sz\u00f6r jelentkezzen be, majd kattintson a \u201eSzelv\u00e9nyeim\u201d gombra.<\/p><p>Felh\u00edvjuk figyelm\u00e9t, hogy a sz\u00e1mokat tartalmaz\u00f3 szelv\u00e9ny beolvas\u00e1sa \u00e9s felt\u00f6lt\u00e9se eltarthat egy kis ideig. A jegyek beolvas\u00e1sa felt\u00f6lt\u00e9sre ker\u00fcl a j\u00e1t\u00e9kosfi\u00f3kodba, de nem k\u00fcldj\u00fck el e-mailben.<\/p><p>Most m\u00e1r csak a sorsol\u00e1sra kell v\u00e1rnia &#8211; mi szor\u00edtunk \u00d6nnek, \u00e9s rem\u00e9lj\u00fck, hogy nyer.<\/p><p>Ha a szelv\u00e9nyed nyer, mindig kapsz egy e-mail \u00e9rtes\u00edt\u00e9st. Gy\u0151z\u0151dj meg r\u00f3la, hogy az e-mailjeink nem ker\u00fclnek a \u201eSpam\u201d vagy \u201eIsmeretlen\u201d mapp\u00e1dba!\u201d<\/p>","protected":false},"excerpt":{"rendered":"<p>Sikeresen megv\u00e1s\u00e1rolta a sorsjegyet vagy sorsjegyeket! A megrendel\u00e9sed r\u00e9szleteit a j\u00e1t\u00e9kosfi\u00f3kodban l\u00e1thatod. El\u0151sz\u00f6r jelentkezzen be, majd kattintson a \u201eSzelv\u00e9nyeim\u201d gombra. Felh\u00edvjuk figyelm\u00e9t, hogy a sz\u00e1mokat tartalmaz\u00f3 szelv\u00e9ny beolvas\u00e1sa \u00e9s felt\u00f6lt\u00e9se eltarthat egy kis ideig. A jegyek beolvas\u00e1sa felt\u00f6lt\u00e9sre ker\u00fcl a j\u00e1t\u00e9kosfi\u00f3kodba, de nem k\u00fcldj\u00fck el e-mailben. Most m\u00e1r csak a sorsol\u00e1sra kell v\u00e1rnia &#8211; mi [&hellip;]<\/p>\n","protected":false},"author":1,"featured_media":0,"parent":0,"menu_order":19,"comment_status":"closed","ping_status":"closed","template":"wc_ThankYou.php","meta":{"_et_pb_use_builder":"","_et_pb_old_content":"","_et_gb_content_width":"","exclude_from_search":false,"footnotes":""},"class_list":["post-68301","page","type-page","status-publish","hentry"],"yoast_head":"<!-- This site is optimized with the Yoast SEO plugin v23.8 - https:\/\/yoast.com\/wordpress\/plugins\/seo\/ -->\n<title>Sikeres v\u00e1s\u00e1rl\u00e1s<\/title>\n<meta name=\"robots\" content=\"index, follow, max-snippet:-1, max-image-preview:large, max-video-preview:-1\" \/>\n<link rel=\"canonical\" href=\"https:\/\/redfoxlotto.com\/hu\/purchase-success\/\" \/>\n<meta property=\"og:locale\" content=\"hu_HU\" \/>\n<meta property=\"og:type\" content=\"article\" \/>\n<meta property=\"og:title\" content=\"Sikeres v\u00e1s\u00e1rl\u00e1s\" \/>\n<meta property=\"og:description\" content=\"Sikeresen megv\u00e1s\u00e1rolta a sorsjegyet vagy sorsjegyeket! A megrendel\u00e9sed r\u00e9szleteit a j\u00e1t\u00e9kosfi\u00f3kodban l\u00e1thatod. El\u0151sz\u00f6r jelentkezzen be, majd kattintson a \u201eSzelv\u00e9nyeim\u201d gombra. Felh\u00edvjuk figyelm\u00e9t, hogy a sz\u00e1mokat tartalmaz\u00f3 szelv\u00e9ny beolvas\u00e1sa \u00e9s felt\u00f6lt\u00e9se eltarthat egy kis ideig. A jegyek beolvas\u00e1sa felt\u00f6lt\u00e9sre ker\u00fcl a j\u00e1t\u00e9kosfi\u00f3kodba, de nem k\u00fcldj\u00fck el e-mailben. Most m\u00e1r csak a sorsol\u00e1sra kell v\u00e1rnia &#8211; mi [&hellip;]\" \/>\n<meta property=\"og:url\" content=\"https:\/\/redfoxlotto.com\/hu\/purchase-success\/\" \/>\n<meta property=\"og:site_name\" content=\"Get Tickets for the World\u2019s largest jackpots\" \/>\n<meta property=\"article:modified_time\" content=\"2024-11-24T17:33:01+00:00\" \/>\n<meta name=\"twitter:card\" content=\"summary_large_image\" \/>\n<meta name=\"twitter:label1\" content=\"Becs\u00fclt olvas\u00e1si id\u0151\" \/>\n\t<meta name=\"twitter:data1\" content=\"1 perc\" \/>\n<script type=\"application\/ld+json\" class=\"yoast-schema-graph\">{\"@context\":\"https:\/\/schema.org\",\"@graph\":[{\"@type\":\"WebPage\",\"@id\":\"https:\/\/redfoxlotto.com\/hu\/purchase-success\/\",\"url\":\"https:\/\/redfoxlotto.com\/hu\/purchase-success\/\",\"name\":\"Sikeres v\u00e1s\u00e1rl\u00e1s\",\"isPartOf\":{\"@id\":\"https:\/\/redfoxlotto.com\/hu\/#website\"},\"datePublished\":\"2024-04-25T08:02:02+00:00\",\"dateModified\":\"2024-11-24T17:33:01+00:00\",\"breadcrumb\":{\"@id\":\"https:\/\/redfoxlotto.com\/hu\/purchase-success\/#breadcrumb\"},\"inLanguage\":\"hu\",\"potentialAction\":[{\"@type\":\"ReadAction\",\"target\":[\"https:\/\/redfoxlotto.com\/hu\/purchase-success\/\"]}]},{\"@type\":\"BreadcrumbList\",\"@id\":\"https:\/\/redfoxlotto.com\/hu\/purchase-success\/#breadcrumb\",\"itemListElement\":[{\"@type\":\"ListItem\",\"position\":1,\"name\":\"Home\",\"item\":\"https:\/\/redfoxlotto.com\/hu\/\"},{\"@type\":\"ListItem\",\"position\":2,\"name\":\"Sikeres v\u00e1s\u00e1rl\u00e1s\"}]},{\"@type\":\"WebSite\",\"@id\":\"https:\/\/redfoxlotto.com\/hu\/#website\",\"url\":\"https:\/\/redfoxlotto.com\/hu\/\",\"name\":\"Get Tickets for the World\u2019s largest jackpots\",\"description\":\"Participate in worldwide lottery jackpots from any country\",\"publisher\":{\"@id\":\"https:\/\/redfoxlotto.com\/hu\/#organization\"},\"potentialAction\":[{\"@type\":\"SearchAction\",\"target\":{\"@type\":\"EntryPoint\",\"urlTemplate\":\"https:\/\/redfoxlotto.com\/hu\/?s={search_term_string}\"},\"query-input\":{\"@type\":\"PropertyValueSpecification\",\"valueRequired\":true,\"valueName\":\"search_term_string\"}}],\"inLanguage\":\"hu\"},{\"@type\":\"Organization\",\"@id\":\"https:\/\/redfoxlotto.com\/hu\/#organization\",\"name\":\"Get Tickets for the World\u2019s largest jackpots\",\"url\":\"https:\/\/redfoxlotto.com\/hu\/\",\"logo\":{\"@type\":\"ImageObject\",\"inLanguage\":\"hu\",\"@id\":\"https:\/\/redfoxlotto.com\/hu\/#\/schema\/logo\/image\/\",\"url\":\"https:\/\/redfoxlotto.com\/wp-content\/uploads\/2023\/04\/logo.png\",\"contentUrl\":\"https:\/\/redfoxlotto.com\/wp-content\/uploads\/2023\/04\/logo.png\",\"width\":269,\"height\":53,\"caption\":\"Get Tickets for the World\u2019s largest jackpots\"},\"image\":{\"@id\":\"https:\/\/redfoxlotto.com\/hu\/#\/schema\/logo\/image\/\"}}]}<\/script>\n<!-- \/ Yoast SEO plugin. -->","yoast_head_json":{"title":"Sikeres v\u00e1s\u00e1rl\u00e1s","robots":{"index":"index","follow":"follow","max-snippet":"max-snippet:-1","max-image-preview":"max-image-preview:large","max-video-preview":"max-video-preview:-1"},"canonical":"https:\/\/redfoxlotto.com\/hu\/purchase-success\/","og_locale":"hu_HU","og_type":"article","og_title":"Sikeres v\u00e1s\u00e1rl\u00e1s","og_description":"Sikeresen megv\u00e1s\u00e1rolta a sorsjegyet vagy sorsjegyeket! A megrendel\u00e9sed r\u00e9szleteit a j\u00e1t\u00e9kosfi\u00f3kodban l\u00e1thatod. El\u0151sz\u00f6r jelentkezzen be, majd kattintson a \u201eSzelv\u00e9nyeim\u201d gombra. Felh\u00edvjuk figyelm\u00e9t, hogy a sz\u00e1mokat tartalmaz\u00f3 szelv\u00e9ny beolvas\u00e1sa \u00e9s felt\u00f6lt\u00e9se eltarthat egy kis ideig. A jegyek beolvas\u00e1sa felt\u00f6lt\u00e9sre ker\u00fcl a j\u00e1t\u00e9kosfi\u00f3kodba, de nem k\u00fcldj\u00fck el e-mailben. Most m\u00e1r csak a sorsol\u00e1sra kell v\u00e1rnia &#8211; mi [&hellip;]","og_url":"https:\/\/redfoxlotto.com\/hu\/purchase-success\/","og_site_name":"Get Tickets for the World\u2019s largest jackpots","article_modified_time":"2024-11-24T17:33:01+00:00","twitter_card":"summary_large_image","twitter_misc":{"Becs\u00fclt olvas\u00e1si id\u0151":"1 perc"},"schema":{"@context":"https:\/\/schema.org","@graph":[{"@type":"WebPage","@id":"https:\/\/redfoxlotto.com\/hu\/purchase-success\/","url":"https:\/\/redfoxlotto.com\/hu\/purchase-success\/","name":"Sikeres v\u00e1s\u00e1rl\u00e1s","isPartOf":{"@id":"https:\/\/redfoxlotto.com\/hu\/#website"},"datePublished":"2024-04-25T08:02:02+00:00","dateModified":"2024-11-24T17:33:01+00:00","breadcrumb":{"@id":"https:\/\/redfoxlotto.com\/hu\/purchase-success\/#breadcrumb"},"inLanguage":"hu","potentialAction":[{"@type":"ReadAction","target":["https:\/\/redfoxlotto.com\/hu\/purchase-success\/"]}]},{"@type":"BreadcrumbList","@id":"https:\/\/redfoxlotto.com\/hu\/purchase-success\/#breadcrumb","itemListElement":[{"@type":"ListItem","position":1,"name":"Home","item":"https:\/\/redfoxlotto.com\/hu\/"},{"@type":"ListItem","position":2,"name":"Sikeres v\u00e1s\u00e1rl\u00e1s"}]},{"@type":"WebSite","@id":"https:\/\/redfoxlotto.com\/hu\/#website","url":"https:\/\/redfoxlotto.com\/hu\/","name":"Get Tickets for the World\u2019s largest jackpots","description":"Participate in worldwide lottery jackpots from any country","publisher":{"@id":"https:\/\/redfoxlotto.com\/hu\/#organization"},"potentialAction":[{"@type":"SearchAction","target":{"@type":"EntryPoint","urlTemplate":"https:\/\/redfoxlotto.com\/hu\/?s={search_term_string}"},"query-input":{"@type":"PropertyValueSpecification","valueRequired":true,"valueName":"search_term_string"}}],"inLanguage":"hu"},{"@type":"Organization","@id":"https:\/\/redfoxlotto.com\/hu\/#organization","name":"Get Tickets for the World\u2019s largest jackpots","url":"https:\/\/redfoxlotto.com\/hu\/","logo":{"@type":"ImageObject","inLanguage":"hu","@id":"https:\/\/redfoxlotto.com\/hu\/#\/schema\/logo\/image\/","url":"https:\/\/redfoxlotto.com\/wp-content\/uploads\/2023\/04\/logo.png","contentUrl":"https:\/\/redfoxlotto.com\/wp-content\/uploads\/2023\/04\/logo.png","width":269,"height":53,"caption":"Get Tickets for the World\u2019s largest jackpots"},"image":{"@id":"https:\/\/redfoxlotto.com\/hu\/#\/schema\/logo\/image\/"}}]}},"_links":{"self":[{"href":"https:\/\/redfoxlotto.com\/hu\/wp-json\/wp\/v2\/pages\/68301","targetHints":{"allow":["GET"]}}],"collection":[{"href":"https:\/\/redfoxlotto.com\/hu\/wp-json\/wp\/v2\/pages"}],"about":[{"href":"https:\/\/redfoxlotto.com\/hu\/wp-json\/wp\/v2\/types\/page"}],"author":[{"embeddable":true,"href":"https:\/\/redfoxlotto.com\/hu\/wp-json\/wp\/v2\/users\/1"}],"replies":[{"embeddable":true,"href":"https:\/\/redfoxlotto.com\/hu\/wp-json\/wp\/v2\/comments?post=68301"}],"version-history":[{"count":0,"href":"https:\/\/redfoxlotto.com\/hu\/wp-json\/wp\/v2\/pages\/68301\/revisions"}],"wp:attachment":[{"href":"https:\/\/redfoxlotto.com\/hu\/wp-json\/wp\/v2\/media?parent=68301"}],"curies":[{"name":"wp","href":"https:\/\/api.w.org\/{rel}","templated":true}]}}