{"id":60802,"date":"2020-08-18T09:08:19","date_gmt":"2020-08-18T09:08:19","guid":{"rendered":"https:\/\/redfoxlotto.eu\/?page_id=60802"},"modified":"2023-05-31T05:13:08","modified_gmt":"2023-05-31T05:13:08","slug":"thunderball","status":"publish","type":"page","link":"https:\/\/redfoxlotto.com\/hu\/eredmenyek\/thunderball\/","title":{"rendered":"Thunderball eredm\u00e9nyek"},"content":{"rendered":"<h2>Thunderball UK Lotto nyer\u0151sz\u00e1mok<\/h2>\n<p>Mit tegyen, ha maga is lemaradt a sorsol\u00e1sr\u00f3l, \u00e9s szeretn\u00e9 ellen\u0151rizni az utols\u00f3 nyer\u0151sz\u00e1mokat? Nos, szerencs\u00e9d van, mert a Thunderball UK Lotto nyer\u0151sz\u00e1mainak ellen\u0151rz\u00e9se egyszer\u0171. Ha m\u00e9g nem volt \u00fajabb sorsol\u00e1s, akkor a weboldalon megn\u00e9zheti. Ha volt, akkor az eredm\u00e9nyarch\u00edvumot kell megn\u00e9znie.<\/p>\n<h2>Ellen\u0151rzi az aktu\u00e1lis sz\u00e1mokat?<\/h2>\n<p>Ha m\u00e1r j\u00e1tszott a j\u00e1t\u00e9kban, \u00e9s szeretn\u00e9 megn\u00e9zni a legfrissebb nyer\u0151sz\u00e1mokat, akkor k\u00f6zvetlen\u00fcl a fi\u00f3kj\u00e1ba l\u00e9phet, majd a &#8222;Szelv\u00e9nyeim&#8221; men\u00fcpontra kattintva megn\u00e9zheti. Onnan megn\u00e9zheted, hogy<\/p>\n<p><img loading=\"lazy\" decoding=\"async\" class=\" wp-image alignright\" src=\"https:\/\/content.redfoxlotto.com\/uploads\/sites\/9\/1_online_lotto_results.jpg\" alt=\"thunderball eredm\u00e9nyek\" width=\"193\" height=\"193\" \/><\/p>\n<p>a sz\u00e1maid hogyan viszonyulnak a nyertes sz\u00e1mokhoz. Ez azt jelenti, hogy l\u00e1thatod, mennyit nyert\u00e9l.<\/p>\n<p>Minden olyan sz\u00e1m, amelyik megegyezik a nyer\u0151sz\u00e1mokkal, ki lesz emelve, \u00edgy sokkal k\u00f6nnyebben ellen\u0151rizheted a nyerem\u00e9nyedet. A RedFoxLotto.com-n\u00e1l pedig a kisebb nyerem\u00e9nyek eset\u00e9ben m\u00e1ris ig\u00e9nyelj\u00fck a nyerem\u00e9nyed, \u00edgy az egyenesen a sz\u00e1ml\u00e1dra ker\u00fcl.<\/p>\n<h2>R\u00e9gi Thunderball UK lott\u00f3 nyer\u0151sz\u00e1mok?<\/h2>\n<p>Egyesek sz\u00e1m\u00e1ra a jelenlegi sz\u00e1mok nem el\u00e9gs\u00e9gesek a d\u00f6nt\u00e9shez. Lehet, hogy r\u00e9gebbi sz\u00e1mokra van sz\u00fcks\u00e9ge, hogy eld\u00f6nthesse, hogyan szeretne j\u00e1tszani. Vagy esetleg<\/p>\n<p><img loading=\"lazy\" decoding=\"async\" class=\" wp-image alignright\" src=\"https:\/\/content.redfoxlotto.com\/uploads\/sites\/9\/1_winner_lottery_jackpot.jpg\" alt=\"nyertes lott\u00f3sz\u00e1mok\" width=\"279\" height=\"167\" \/><\/p>\n<p>vannak r\u00e9gebbi szelv\u00e9nyei, amelyeket szeretne \u00f6sszevetni azokkal a j\u00e1t\u00e9kokkal, amelyekre kisorsolt\u00e1k \u0151ket.<br \/>\nHa a Thunderball UK Lotto r\u00e9gi sz\u00e1maira van sz\u00fcks\u00e9ge, akkor az arch\u00edvumban megn\u00e9zheti, hogy t\u00f6bbet megtudjon, \u00e9s b\u00e1rmilyen inform\u00e1ci\u00f3t megn\u00e9zhessen, amire sz\u00fcks\u00e9ge lehet. Ak\u00e1r t\u00f6bb j\u00e1t\u00e9kot is visszamehet, hogy az \u00f6sszes sz\u00e1mot megkapja.<\/p>\n","protected":false},"excerpt":{"rendered":"<p>Thunderball UK Lotto nyer\u0151sz\u00e1mok Mit tegyen, ha maga is lemaradt a sorsol\u00e1sr\u00f3l, \u00e9s szeretn\u00e9 ellen\u0151rizni az utols\u00f3 nyer\u0151sz\u00e1mokat? Nos, szerencs\u00e9d van, mert a Thunderball UK Lotto nyer\u0151sz\u00e1mainak ellen\u0151rz\u00e9se egyszer\u0171. Ha m\u00e9g nem volt \u00fajabb sorsol\u00e1s, akkor a weboldalon megn\u00e9zheti. Ha volt, akkor az eredm\u00e9nyarch\u00edvumot kell megn\u00e9znie. Ellen\u0151rzi az aktu\u00e1lis sz\u00e1mokat? Ha m\u00e1r j\u00e1tszott a j\u00e1t\u00e9kban, [&hellip;]<\/p>\n","protected":false},"author":1,"featured_media":0,"parent":55183,"menu_order":11,"comment_status":"closed","ping_status":"closed","template":"thunderball-results.php","meta":{"_et_pb_use_builder":"","_et_pb_old_content":"","_et_gb_content_width":"","exclude_from_search":false,"footnotes":""},"class_list":["post-60802","page","type-page","status-publish","hentry"],"yoast_head":"<!-- This site is optimized with the Yoast SEO plugin v23.8 - https:\/\/yoast.com\/wordpress\/plugins\/seo\/ -->\n<title>A Thunderball UK jelenlegi \u00e9s legut\u00f3bbi nyerem\u00e9nysz\u00e1mai \u00e9s eredm\u00e9nyei.<\/title>\n<meta name=\"description\" content=\"Hasonl\u00edtsa \u00f6ssze a lott\u00f3szelv\u00e9ny sz\u00e1mait a Thunderball sorsol\u00e1s eredm\u00e9nyeivel itt\" \/>\n<meta name=\"robots\" content=\"index, follow, max-snippet:-1, max-image-preview:large, max-video-preview:-1\" \/>\n<link rel=\"canonical\" href=\"https:\/\/redfoxlotto.com\/hu\/eredmenyek\/thunderball\/\" \/>\n<meta property=\"og:locale\" content=\"hu_HU\" \/>\n<meta property=\"og:type\" content=\"article\" \/>\n<meta property=\"og:title\" content=\"A Thunderball UK jelenlegi \u00e9s legut\u00f3bbi nyerem\u00e9nysz\u00e1mai \u00e9s eredm\u00e9nyei.\" \/>\n<meta property=\"og:description\" content=\"Hasonl\u00edtsa \u00f6ssze a lott\u00f3szelv\u00e9ny sz\u00e1mait a Thunderball sorsol\u00e1s eredm\u00e9nyeivel itt\" \/>\n<meta property=\"og:url\" content=\"https:\/\/redfoxlotto.com\/hu\/eredmenyek\/thunderball\/\" \/>\n<meta property=\"og:site_name\" content=\"Get Tickets for the World\u2019s largest jackpots\" \/>\n<meta property=\"article:modified_time\" content=\"2023-05-31T05:13:08+00:00\" \/>\n<meta property=\"og:image\" content=\"https:\/\/content.redfoxlotto.com\/uploads\/sites\/9\/1_online_lotto_results.jpg\" \/>\n<meta name=\"twitter:card\" content=\"summary_large_image\" \/>\n<meta name=\"twitter:label1\" content=\"Becs\u00fclt olvas\u00e1si id\u0151\" \/>\n\t<meta name=\"twitter:data1\" content=\"2 perc\" \/>\n<script type=\"application\/ld+json\" class=\"yoast-schema-graph\">{\"@context\":\"https:\/\/schema.org\",\"@graph\":[{\"@type\":\"WebPage\",\"@id\":\"https:\/\/redfoxlotto.com\/hu\/eredmenyek\/thunderball\/\",\"url\":\"https:\/\/redfoxlotto.com\/hu\/eredmenyek\/thunderball\/\",\"name\":\"A Thunderball UK jelenlegi \u00e9s legut\u00f3bbi nyerem\u00e9nysz\u00e1mai \u00e9s eredm\u00e9nyei.\",\"isPartOf\":{\"@id\":\"https:\/\/redfoxlotto.com\/hu\/#website\"},\"primaryImageOfPage\":{\"@id\":\"https:\/\/redfoxlotto.com\/hu\/eredmenyek\/thunderball\/#primaryimage\"},\"image\":{\"@id\":\"https:\/\/redfoxlotto.com\/hu\/eredmenyek\/thunderball\/#primaryimage\"},\"thumbnailUrl\":\"https:\/\/content.redfoxlotto.com\/uploads\/sites\/9\/1_online_lotto_results.jpg\",\"datePublished\":\"2020-08-18T09:08:19+00:00\",\"dateModified\":\"2023-05-31T05:13:08+00:00\",\"description\":\"Hasonl\u00edtsa \u00f6ssze a lott\u00f3szelv\u00e9ny sz\u00e1mait a Thunderball sorsol\u00e1s eredm\u00e9nyeivel itt\",\"breadcrumb\":{\"@id\":\"https:\/\/redfoxlotto.com\/hu\/eredmenyek\/thunderball\/#breadcrumb\"},\"inLanguage\":\"hu\",\"potentialAction\":[{\"@type\":\"ReadAction\",\"target\":[\"https:\/\/redfoxlotto.com\/hu\/eredmenyek\/thunderball\/\"]}]},{\"@type\":\"ImageObject\",\"inLanguage\":\"hu\",\"@id\":\"https:\/\/redfoxlotto.com\/hu\/eredmenyek\/thunderball\/#primaryimage\",\"url\":\"https:\/\/content.redfoxlotto.com\/uploads\/sites\/9\/1_online_lotto_results.jpg\",\"contentUrl\":\"https:\/\/content.redfoxlotto.com\/uploads\/sites\/9\/1_online_lotto_results.jpg\"},{\"@type\":\"BreadcrumbList\",\"@id\":\"https:\/\/redfoxlotto.com\/hu\/eredmenyek\/thunderball\/#breadcrumb\",\"itemListElement\":[{\"@type\":\"ListItem\",\"position\":1,\"name\":\"Home\",\"item\":\"https:\/\/redfoxlotto.com\/hu\/\"},{\"@type\":\"ListItem\",\"position\":2,\"name\":\"Nemzetk\u00f6zi lott\u00f3 eredm\u00e9nyek\",\"item\":\"https:\/\/redfoxlotto.com\/hu\/eredmenyek\/\"},{\"@type\":\"ListItem\",\"position\":3,\"name\":\"Thunderball eredm\u00e9nyek\"}]},{\"@type\":\"WebSite\",\"@id\":\"https:\/\/redfoxlotto.com\/hu\/#website\",\"url\":\"https:\/\/redfoxlotto.com\/hu\/\",\"name\":\"Get Tickets for the World\u2019s largest jackpots\",\"description\":\"Participate in worldwide lottery jackpots from any country\",\"publisher\":{\"@id\":\"https:\/\/redfoxlotto.com\/hu\/#organization\"},\"potentialAction\":[{\"@type\":\"SearchAction\",\"target\":{\"@type\":\"EntryPoint\",\"urlTemplate\":\"https:\/\/redfoxlotto.com\/hu\/?s={search_term_string}\"},\"query-input\":{\"@type\":\"PropertyValueSpecification\",\"valueRequired\":true,\"valueName\":\"search_term_string\"}}],\"inLanguage\":\"hu\"},{\"@type\":\"Organization\",\"@id\":\"https:\/\/redfoxlotto.com\/hu\/#organization\",\"name\":\"Get Tickets for the World\u2019s largest jackpots\",\"url\":\"https:\/\/redfoxlotto.com\/hu\/\",\"logo\":{\"@type\":\"ImageObject\",\"inLanguage\":\"hu\",\"@id\":\"https:\/\/redfoxlotto.com\/hu\/#\/schema\/logo\/image\/\",\"url\":\"https:\/\/redfoxlotto.com\/wp-content\/uploads\/2023\/04\/logo.png\",\"contentUrl\":\"https:\/\/redfoxlotto.com\/wp-content\/uploads\/2023\/04\/logo.png\",\"width\":269,\"height\":53,\"caption\":\"Get Tickets for the World\u2019s largest jackpots\"},\"image\":{\"@id\":\"https:\/\/redfoxlotto.com\/hu\/#\/schema\/logo\/image\/\"}}]}<\/script>\n<!-- \/ Yoast SEO plugin. -->","yoast_head_json":{"title":"A Thunderball UK jelenlegi \u00e9s legut\u00f3bbi nyerem\u00e9nysz\u00e1mai \u00e9s eredm\u00e9nyei.","description":"Hasonl\u00edtsa \u00f6ssze a lott\u00f3szelv\u00e9ny sz\u00e1mait a Thunderball sorsol\u00e1s eredm\u00e9nyeivel itt","robots":{"index":"index","follow":"follow","max-snippet":"max-snippet:-1","max-image-preview":"max-image-preview:large","max-video-preview":"max-video-preview:-1"},"canonical":"https:\/\/redfoxlotto.com\/hu\/eredmenyek\/thunderball\/","og_locale":"hu_HU","og_type":"article","og_title":"A Thunderball UK jelenlegi \u00e9s legut\u00f3bbi nyerem\u00e9nysz\u00e1mai \u00e9s eredm\u00e9nyei.","og_description":"Hasonl\u00edtsa \u00f6ssze a lott\u00f3szelv\u00e9ny sz\u00e1mait a Thunderball sorsol\u00e1s eredm\u00e9nyeivel itt","og_url":"https:\/\/redfoxlotto.com\/hu\/eredmenyek\/thunderball\/","og_site_name":"Get Tickets for the World\u2019s largest jackpots","article_modified_time":"2023-05-31T05:13:08+00:00","og_image":[{"url":"https:\/\/content.redfoxlotto.com\/uploads\/sites\/9\/1_online_lotto_results.jpg"}],"twitter_card":"summary_large_image","twitter_misc":{"Becs\u00fclt olvas\u00e1si id\u0151":"2 perc"},"schema":{"@context":"https:\/\/schema.org","@graph":[{"@type":"WebPage","@id":"https:\/\/redfoxlotto.com\/hu\/eredmenyek\/thunderball\/","url":"https:\/\/redfoxlotto.com\/hu\/eredmenyek\/thunderball\/","name":"A Thunderball UK jelenlegi \u00e9s legut\u00f3bbi nyerem\u00e9nysz\u00e1mai \u00e9s eredm\u00e9nyei.","isPartOf":{"@id":"https:\/\/redfoxlotto.com\/hu\/#website"},"primaryImageOfPage":{"@id":"https:\/\/redfoxlotto.com\/hu\/eredmenyek\/thunderball\/#primaryimage"},"image":{"@id":"https:\/\/redfoxlotto.com\/hu\/eredmenyek\/thunderball\/#primaryimage"},"thumbnailUrl":"https:\/\/content.redfoxlotto.com\/uploads\/sites\/9\/1_online_lotto_results.jpg","datePublished":"2020-08-18T09:08:19+00:00","dateModified":"2023-05-31T05:13:08+00:00","description":"Hasonl\u00edtsa \u00f6ssze a lott\u00f3szelv\u00e9ny sz\u00e1mait a Thunderball sorsol\u00e1s eredm\u00e9nyeivel itt","breadcrumb":{"@id":"https:\/\/redfoxlotto.com\/hu\/eredmenyek\/thunderball\/#breadcrumb"},"inLanguage":"hu","potentialAction":[{"@type":"ReadAction","target":["https:\/\/redfoxlotto.com\/hu\/eredmenyek\/thunderball\/"]}]},{"@type":"ImageObject","inLanguage":"hu","@id":"https:\/\/redfoxlotto.com\/hu\/eredmenyek\/thunderball\/#primaryimage","url":"https:\/\/content.redfoxlotto.com\/uploads\/sites\/9\/1_online_lotto_results.jpg","contentUrl":"https:\/\/content.redfoxlotto.com\/uploads\/sites\/9\/1_online_lotto_results.jpg"},{"@type":"BreadcrumbList","@id":"https:\/\/redfoxlotto.com\/hu\/eredmenyek\/thunderball\/#breadcrumb","itemListElement":[{"@type":"ListItem","position":1,"name":"Home","item":"https:\/\/redfoxlotto.com\/hu\/"},{"@type":"ListItem","position":2,"name":"Nemzetk\u00f6zi lott\u00f3 eredm\u00e9nyek","item":"https:\/\/redfoxlotto.com\/hu\/eredmenyek\/"},{"@type":"ListItem","position":3,"name":"Thunderball eredm\u00e9nyek"}]},{"@type":"WebSite","@id":"https:\/\/redfoxlotto.com\/hu\/#website","url":"https:\/\/redfoxlotto.com\/hu\/","name":"Get Tickets for the World\u2019s largest jackpots","description":"Participate in worldwide lottery jackpots from any country","publisher":{"@id":"https:\/\/redfoxlotto.com\/hu\/#organization"},"potentialAction":[{"@type":"SearchAction","target":{"@type":"EntryPoint","urlTemplate":"https:\/\/redfoxlotto.com\/hu\/?s={search_term_string}"},"query-input":{"@type":"PropertyValueSpecification","valueRequired":true,"valueName":"search_term_string"}}],"inLanguage":"hu"},{"@type":"Organization","@id":"https:\/\/redfoxlotto.com\/hu\/#organization","name":"Get Tickets for the World\u2019s largest jackpots","url":"https:\/\/redfoxlotto.com\/hu\/","logo":{"@type":"ImageObject","inLanguage":"hu","@id":"https:\/\/redfoxlotto.com\/hu\/#\/schema\/logo\/image\/","url":"https:\/\/redfoxlotto.com\/wp-content\/uploads\/2023\/04\/logo.png","contentUrl":"https:\/\/redfoxlotto.com\/wp-content\/uploads\/2023\/04\/logo.png","width":269,"height":53,"caption":"Get Tickets for the World\u2019s largest jackpots"},"image":{"@id":"https:\/\/redfoxlotto.com\/hu\/#\/schema\/logo\/image\/"}}]}},"_links":{"self":[{"href":"https:\/\/redfoxlotto.com\/hu\/wp-json\/wp\/v2\/pages\/60802","targetHints":{"allow":["GET"]}}],"collection":[{"href":"https:\/\/redfoxlotto.com\/hu\/wp-json\/wp\/v2\/pages"}],"about":[{"href":"https:\/\/redfoxlotto.com\/hu\/wp-json\/wp\/v2\/types\/page"}],"author":[{"embeddable":true,"href":"https:\/\/redfoxlotto.com\/hu\/wp-json\/wp\/v2\/users\/1"}],"replies":[{"embeddable":true,"href":"https:\/\/redfoxlotto.com\/hu\/wp-json\/wp\/v2\/comments?post=60802"}],"version-history":[{"count":0,"href":"https:\/\/redfoxlotto.com\/hu\/wp-json\/wp\/v2\/pages\/60802\/revisions"}],"up":[{"embeddable":true,"href":"https:\/\/redfoxlotto.com\/hu\/wp-json\/wp\/v2\/pages\/55183"}],"wp:attachment":[{"href":"https:\/\/redfoxlotto.com\/hu\/wp-json\/wp\/v2\/media?parent=60802"}],"curies":[{"name":"wp","href":"https:\/\/api.w.org\/{rel}","templated":true}]}}