{"id":55235,"date":"2018-11-18T08:54:25","date_gmt":"2018-11-18T08:54:25","guid":{"rendered":"https:\/\/redfoxlotto.com\/?page_id=21598"},"modified":"2023-03-13T17:37:23","modified_gmt":"2023-03-13T17:37:23","slug":"lotto-uk","status":"publish","type":"page","link":"https:\/\/redfoxlotto.com\/hu\/lottojatekok\/lotto-uk\/","title":{"rendered":"Az Egyes\u00fclt Kir\u00e1lys\u00e1g lott\u00f3r\u00f3l"},"content":{"rendered":"<p>A UK Lottery a legnagyobb nemzeti lott\u00f3 az Egyes\u00fclt Kir\u00e1lys\u00e1gban, nem sz\u00e1m\u00edtva az olyan p\u00e1neur\u00f3pai lott\u00f3kat, mint az Euromillions \u00e9s az Eurojackpot.<\/p><p>Manaps\u00e1g m\u00e1r az Egyes\u00fclt Kir\u00e1lys\u00e1gon k\u00edv\u00fcli lott\u00f3j\u00e1t\u00e9kosok is es\u00e9lyt kaphatnak ezen a n\u00e9pszer\u0171 lott\u00f3n. Az es\u00e9lyek jobbak, mint a legt\u00f6bb m\u00e1s eur\u00f3pai lott\u00f3n.<\/p><p><img decoding=\"async\" class=\" wp-image alignright\" src=\"https:\/\/content.redfoxlotto.com\/uploads\/sites\/9\/2_ticket_uk_lottery2.jpg\" alt=\"sorsjegyek UK\"><\/p><p>Az Egyes\u00fclt Kir\u00e1lys\u00e1g lott\u00f3ja, ahogy a neve is mutatja, az Egyes\u00fclt Kir\u00e1lys\u00e1g hivatalos lott\u00f3ja. Amikor 1994-ben elkezd\u0151d\u00f6tt a j\u00e1t\u00e9k, m\u00e9g Nemzeti Lott\u00f3 n\u00e9ven ismert\u00e9k, de 2002-ben lott\u00f3ra v\u00e1ltoztatt\u00e1k. A brit lott\u00f3t az Egyes\u00fclt Kir\u00e1lys\u00e1g korm\u00e1nya adja franchise-ba, \u00e9s a lott\u00f3 \u00fczemeltet\u00e9s\u00e9re vonatkoz\u00f3 enged\u00e9lyt a Camelot csoportnak adt\u00e1k, m\u00edg a lott\u00f3 szab\u00e1lyoz\u00e1si tev\u00e9kenys\u00e9g\u00e9t a szerencsej\u00e1t\u00e9k-bizotts\u00e1g v\u00e9gzi.<\/p><p>A brit lott\u00f3n csak olyan szem\u00e9lyek vehetnek r\u00e9szt, akik legal\u00e1bb 16 \u00e9vesek. B\u00e1r a nemzeti lott\u00f3 honlapj\u00e1n online is lehet szelv\u00e9nyeket v\u00e1s\u00e1rolni, csak azok vehetnek r\u00e9szt, akik megfelelnek a fenti felt\u00e9teleknek.<\/p><p>Az Egyes\u00fclt Kir\u00e1lys\u00e1g lott\u00f3j\u00e1t\u00e9k\u00e1ban val\u00f3 r\u00e9szv\u00e9telhez a j\u00e1t\u00e9kosoknak lott\u00f3szelv\u00e9nyt kell v\u00e1s\u00e1rolniuk, \u00e9s 6 sz\u00e1mot v\u00e1laszthatnak az 59 sz\u00e1m k\u00f6z\u00fcl, valamint lehet\u0151s\u00e9g\u00fck van a szerencseszelv\u00e9ny kiv\u00e1laszt\u00e1s\u00e1ra is, amelyben a sz\u00e1mokat v\u00e9letlenszer\u0171en v\u00e1lasztj\u00e1k ki sz\u00e1mukra. A sorsol\u00e1sokat hetente k\u00e9tszer tartj\u00e1k, ahol 6 sz\u00e1mot v\u00e9letlenszer\u0171en v\u00e1lasztanak ki, \u00e9s a fennmarad\u00f3 53 sz\u00e1mb\u00f3l egy b\u00f3nuszsz\u00e1mot is kiv\u00e1lasztanak. Ha a szelv\u00e9ny\u00e9n szerepl\u0151 sz\u00e1mok pontosan megegyeznek a 6 f\u0151 kih\u00fazott sz\u00e1mmal, akkor megnyerte a jackpotot. M\u00e9g ha a szelv\u00e9nye nem is egyezik a kisorsolt 6 sz\u00e1mmal, akkor is van es\u00e9lye nyerni valamit, mivel a kisorsolt sz\u00e1mok k\u00f6z\u00fcl 2, 3, 4 vagy 5 sz\u00e1mmal val\u00f3 egyez\u00e9s\u00e9rt &#8211; a b\u00f3nuszsz\u00e1mot nem sz\u00e1m\u00edtva &#8211; nyerem\u00e9ny j\u00e1r.<\/p><p><img loading=\"lazy\" decoding=\"async\" class=\" wp-image alignright\" src=\"https:\/\/content.redfoxlotto.com\/uploads\/sites\/9\/1_win_lottery_online3.jpg\" alt=\"v\u00e1s\u00e1rolni jegyet UK Lott\u00f3\" width=\"250\" height=\"125\"><\/p><p>A brit lott\u00f3 eddigi legnagyobb jackpotja a 2011. j\u00falius 12-i 161,6 milli\u00f3 fontos nyerem\u00e9ny, amelyet Collins Weir \u00e9s feles\u00e9ge nyert. A jackpot meg\u00fct\u00e9s\u00e9nek val\u00f3sz\u00edn\u0171s\u00e9ge a brit lott\u00f3n 1:45 milli\u00f3.<\/p><p>Szerezze be online szelv\u00e9ny\u00e9t most a brit lott\u00f3hoz!<\/p>","protected":false},"excerpt":{"rendered":"<p>A UK Lottery a legnagyobb nemzeti lott\u00f3 az Egyes\u00fclt Kir\u00e1lys\u00e1gban, nem sz\u00e1m\u00edtva az olyan p\u00e1neur\u00f3pai lott\u00f3kat, mint az Euromillions \u00e9s az Eurojackpot. Manaps\u00e1g m\u00e1r az Egyes\u00fclt Kir\u00e1lys\u00e1gon k\u00edv\u00fcli lott\u00f3j\u00e1t\u00e9kosok is es\u00e9lyt kaphatnak ezen a n\u00e9pszer\u0171 lott\u00f3n. Az es\u00e9lyek jobbak, mint a legt\u00f6bb m\u00e1s eur\u00f3pai lott\u00f3n. Az Egyes\u00fclt Kir\u00e1lys\u00e1g lott\u00f3ja, ahogy a neve is mutatja, az [&hellip;]<\/p>\n","protected":false},"author":1,"featured_media":0,"parent":55209,"menu_order":9,"comment_status":"closed","ping_status":"closed","template":"lotto-uk-info.php","meta":{"_et_pb_use_builder":"","_et_pb_old_content":"","_et_gb_content_width":"","exclude_from_search":false,"footnotes":""},"class_list":["post-55235","page","type-page","status-publish","hentry"],"yoast_head":"<!-- This site is optimized with the Yoast SEO plugin v27.3 - https:\/\/yoast.com\/product\/yoast-seo-wordpress\/ -->\n<title>Az Egyes\u00fclt Kir\u00e1lys\u00e1g lott\u00f3 | inform\u00e1ci\u00f3kra van sz\u00fcks\u00e9ge az Egyes\u00fclt Kir\u00e1lys\u00e1g lott\u00f3.<\/title>\n<meta name=\"description\" content=\"Nagyobb es\u00e9lyed van az Egyes\u00fclt Kir\u00e1lys\u00e1gban a lott\u00f3n, ha tudod ezt az inform\u00e1ci\u00f3t r\u00f3luk.\" \/>\n<meta name=\"robots\" content=\"index, follow, max-snippet:-1, max-image-preview:large, max-video-preview:-1\" \/>\n<link rel=\"canonical\" href=\"https:\/\/redfoxlotto.com\/hu\/lottojatekok\/lotto-uk\/\" \/>\n<meta property=\"og:locale\" content=\"hu_HU\" \/>\n<meta property=\"og:type\" content=\"article\" \/>\n<meta property=\"og:title\" content=\"Az Egyes\u00fclt Kir\u00e1lys\u00e1g lott\u00f3 | inform\u00e1ci\u00f3kra van sz\u00fcks\u00e9ge az Egyes\u00fclt Kir\u00e1lys\u00e1g lott\u00f3.\" \/>\n<meta property=\"og:description\" content=\"Nagyobb es\u00e9lyed van az Egyes\u00fclt Kir\u00e1lys\u00e1gban a lott\u00f3n, ha tudod ezt az inform\u00e1ci\u00f3t r\u00f3luk.\" \/>\n<meta property=\"og:url\" content=\"https:\/\/redfoxlotto.com\/hu\/lottojatekok\/lotto-uk\/\" \/>\n<meta property=\"og:site_name\" content=\"Get Tickets for the World\u2019s largest jackpots\" \/>\n<meta property=\"article:modified_time\" content=\"2023-03-13T17:37:23+00:00\" \/>\n<meta property=\"og:image\" content=\"https:\/\/content.redfoxlotto.com\/uploads\/sites\/9\/2_ticket_uk_lottery2.jpg\" \/>\n<meta name=\"twitter:card\" content=\"summary_large_image\" \/>\n<meta name=\"twitter:label1\" content=\"Becs\u00fclt olvas\u00e1si id\u0151\" \/>\n\t<meta name=\"twitter:data1\" content=\"2 perc\" \/>\n<script type=\"application\/ld+json\" class=\"yoast-schema-graph\">{\"@context\":\"https:\\\/\\\/schema.org\",\"@graph\":[{\"@type\":\"WebPage\",\"@id\":\"https:\\\/\\\/redfoxlotto.com\\\/hu\\\/lottojatekok\\\/lotto-uk\\\/\",\"url\":\"https:\\\/\\\/redfoxlotto.com\\\/hu\\\/lottojatekok\\\/lotto-uk\\\/\",\"name\":\"Az Egyes\u00fclt Kir\u00e1lys\u00e1g lott\u00f3 | inform\u00e1ci\u00f3kra van sz\u00fcks\u00e9ge az Egyes\u00fclt Kir\u00e1lys\u00e1g lott\u00f3.\",\"isPartOf\":{\"@id\":\"https:\\\/\\\/redfoxlotto.com\\\/hu\\\/#website\"},\"primaryImageOfPage\":{\"@id\":\"https:\\\/\\\/redfoxlotto.com\\\/hu\\\/lottojatekok\\\/lotto-uk\\\/#primaryimage\"},\"image\":{\"@id\":\"https:\\\/\\\/redfoxlotto.com\\\/hu\\\/lottojatekok\\\/lotto-uk\\\/#primaryimage\"},\"thumbnailUrl\":\"https:\\\/\\\/content.redfoxlotto.com\\\/uploads\\\/sites\\\/9\\\/2_ticket_uk_lottery2.jpg\",\"datePublished\":\"2018-11-18T08:54:25+00:00\",\"dateModified\":\"2023-03-13T17:37:23+00:00\",\"description\":\"Nagyobb es\u00e9lyed van az Egyes\u00fclt Kir\u00e1lys\u00e1gban a lott\u00f3n, ha tudod ezt az inform\u00e1ci\u00f3t r\u00f3luk.\",\"breadcrumb\":{\"@id\":\"https:\\\/\\\/redfoxlotto.com\\\/hu\\\/lottojatekok\\\/lotto-uk\\\/#breadcrumb\"},\"inLanguage\":\"hu\",\"potentialAction\":[{\"@type\":\"ReadAction\",\"target\":[\"https:\\\/\\\/redfoxlotto.com\\\/hu\\\/lottojatekok\\\/lotto-uk\\\/\"]}]},{\"@type\":\"ImageObject\",\"inLanguage\":\"hu\",\"@id\":\"https:\\\/\\\/redfoxlotto.com\\\/hu\\\/lottojatekok\\\/lotto-uk\\\/#primaryimage\",\"url\":\"https:\\\/\\\/content.redfoxlotto.com\\\/uploads\\\/sites\\\/9\\\/2_ticket_uk_lottery2.jpg\",\"contentUrl\":\"https:\\\/\\\/content.redfoxlotto.com\\\/uploads\\\/sites\\\/9\\\/2_ticket_uk_lottery2.jpg\"},{\"@type\":\"BreadcrumbList\",\"@id\":\"https:\\\/\\\/redfoxlotto.com\\\/hu\\\/lottojatekok\\\/lotto-uk\\\/#breadcrumb\",\"itemListElement\":[{\"@type\":\"ListItem\",\"position\":1,\"name\":\"Home\",\"item\":\"https:\\\/\\\/redfoxlotto.com\\\/hu\\\/\"},{\"@type\":\"ListItem\",\"position\":2,\"name\":\"Lott\u00f3j\u00e1t\u00e9kok Online &#8211; lott\u00f3 nyerem\u00e9nyek \u00e9s online lotto jackpot\",\"item\":\"https:\\\/\\\/redfoxlotto.com\\\/hu\\\/lottojatekok\\\/\"},{\"@type\":\"ListItem\",\"position\":3,\"name\":\"Az Egyes\u00fclt Kir\u00e1lys\u00e1g lott\u00f3r\u00f3l\"}]},{\"@type\":\"WebSite\",\"@id\":\"https:\\\/\\\/redfoxlotto.com\\\/hu\\\/#website\",\"url\":\"https:\\\/\\\/redfoxlotto.com\\\/hu\\\/\",\"name\":\"Get Tickets for the World\u2019s largest jackpots\",\"description\":\"Participate in worldwide lottery jackpots from any country\",\"publisher\":{\"@id\":\"https:\\\/\\\/redfoxlotto.com\\\/hu\\\/#organization\"},\"potentialAction\":[{\"@type\":\"SearchAction\",\"target\":{\"@type\":\"EntryPoint\",\"urlTemplate\":\"https:\\\/\\\/redfoxlotto.com\\\/hu\\\/?s={search_term_string}\"},\"query-input\":{\"@type\":\"PropertyValueSpecification\",\"valueRequired\":true,\"valueName\":\"search_term_string\"}}],\"inLanguage\":\"hu\"},{\"@type\":\"Organization\",\"@id\":\"https:\\\/\\\/redfoxlotto.com\\\/hu\\\/#organization\",\"name\":\"Get Tickets for the World\u2019s largest jackpots\",\"url\":\"https:\\\/\\\/redfoxlotto.com\\\/hu\\\/\",\"logo\":{\"@type\":\"ImageObject\",\"inLanguage\":\"hu\",\"@id\":\"https:\\\/\\\/redfoxlotto.com\\\/hu\\\/#\\\/schema\\\/logo\\\/image\\\/\",\"url\":\"https:\\\/\\\/redfoxlotto.com\\\/wp-content\\\/uploads\\\/2023\\\/04\\\/logo.png\",\"contentUrl\":\"https:\\\/\\\/redfoxlotto.com\\\/wp-content\\\/uploads\\\/2023\\\/04\\\/logo.png\",\"width\":269,\"height\":53,\"caption\":\"Get Tickets for the World\u2019s largest jackpots\"},\"image\":{\"@id\":\"https:\\\/\\\/redfoxlotto.com\\\/hu\\\/#\\\/schema\\\/logo\\\/image\\\/\"}}]}<\/script>\n<!-- \/ Yoast SEO plugin. -->","yoast_head_json":{"title":"Az Egyes\u00fclt Kir\u00e1lys\u00e1g lott\u00f3 | inform\u00e1ci\u00f3kra van sz\u00fcks\u00e9ge az Egyes\u00fclt Kir\u00e1lys\u00e1g lott\u00f3.","description":"Nagyobb es\u00e9lyed van az Egyes\u00fclt Kir\u00e1lys\u00e1gban a lott\u00f3n, ha tudod ezt az inform\u00e1ci\u00f3t r\u00f3luk.","robots":{"index":"index","follow":"follow","max-snippet":"max-snippet:-1","max-image-preview":"max-image-preview:large","max-video-preview":"max-video-preview:-1"},"canonical":"https:\/\/redfoxlotto.com\/hu\/lottojatekok\/lotto-uk\/","og_locale":"hu_HU","og_type":"article","og_title":"Az Egyes\u00fclt Kir\u00e1lys\u00e1g lott\u00f3 | inform\u00e1ci\u00f3kra van sz\u00fcks\u00e9ge az Egyes\u00fclt Kir\u00e1lys\u00e1g lott\u00f3.","og_description":"Nagyobb es\u00e9lyed van az Egyes\u00fclt Kir\u00e1lys\u00e1gban a lott\u00f3n, ha tudod ezt az inform\u00e1ci\u00f3t r\u00f3luk.","og_url":"https:\/\/redfoxlotto.com\/hu\/lottojatekok\/lotto-uk\/","og_site_name":"Get Tickets for the World\u2019s largest jackpots","article_modified_time":"2023-03-13T17:37:23+00:00","og_image":[{"url":"https:\/\/content.redfoxlotto.com\/uploads\/sites\/9\/2_ticket_uk_lottery2.jpg","type":"","width":"","height":""}],"twitter_card":"summary_large_image","twitter_misc":{"Becs\u00fclt olvas\u00e1si id\u0151":"2 perc"},"schema":{"@context":"https:\/\/schema.org","@graph":[{"@type":"WebPage","@id":"https:\/\/redfoxlotto.com\/hu\/lottojatekok\/lotto-uk\/","url":"https:\/\/redfoxlotto.com\/hu\/lottojatekok\/lotto-uk\/","name":"Az Egyes\u00fclt Kir\u00e1lys\u00e1g lott\u00f3 | inform\u00e1ci\u00f3kra van sz\u00fcks\u00e9ge az Egyes\u00fclt Kir\u00e1lys\u00e1g lott\u00f3.","isPartOf":{"@id":"https:\/\/redfoxlotto.com\/hu\/#website"},"primaryImageOfPage":{"@id":"https:\/\/redfoxlotto.com\/hu\/lottojatekok\/lotto-uk\/#primaryimage"},"image":{"@id":"https:\/\/redfoxlotto.com\/hu\/lottojatekok\/lotto-uk\/#primaryimage"},"thumbnailUrl":"https:\/\/content.redfoxlotto.com\/uploads\/sites\/9\/2_ticket_uk_lottery2.jpg","datePublished":"2018-11-18T08:54:25+00:00","dateModified":"2023-03-13T17:37:23+00:00","description":"Nagyobb es\u00e9lyed van az Egyes\u00fclt Kir\u00e1lys\u00e1gban a lott\u00f3n, ha tudod ezt az inform\u00e1ci\u00f3t r\u00f3luk.","breadcrumb":{"@id":"https:\/\/redfoxlotto.com\/hu\/lottojatekok\/lotto-uk\/#breadcrumb"},"inLanguage":"hu","potentialAction":[{"@type":"ReadAction","target":["https:\/\/redfoxlotto.com\/hu\/lottojatekok\/lotto-uk\/"]}]},{"@type":"ImageObject","inLanguage":"hu","@id":"https:\/\/redfoxlotto.com\/hu\/lottojatekok\/lotto-uk\/#primaryimage","url":"https:\/\/content.redfoxlotto.com\/uploads\/sites\/9\/2_ticket_uk_lottery2.jpg","contentUrl":"https:\/\/content.redfoxlotto.com\/uploads\/sites\/9\/2_ticket_uk_lottery2.jpg"},{"@type":"BreadcrumbList","@id":"https:\/\/redfoxlotto.com\/hu\/lottojatekok\/lotto-uk\/#breadcrumb","itemListElement":[{"@type":"ListItem","position":1,"name":"Home","item":"https:\/\/redfoxlotto.com\/hu\/"},{"@type":"ListItem","position":2,"name":"Lott\u00f3j\u00e1t\u00e9kok Online &#8211; lott\u00f3 nyerem\u00e9nyek \u00e9s online lotto jackpot","item":"https:\/\/redfoxlotto.com\/hu\/lottojatekok\/"},{"@type":"ListItem","position":3,"name":"Az Egyes\u00fclt Kir\u00e1lys\u00e1g lott\u00f3r\u00f3l"}]},{"@type":"WebSite","@id":"https:\/\/redfoxlotto.com\/hu\/#website","url":"https:\/\/redfoxlotto.com\/hu\/","name":"Get Tickets for the World\u2019s largest jackpots","description":"Participate in worldwide lottery jackpots from any country","publisher":{"@id":"https:\/\/redfoxlotto.com\/hu\/#organization"},"potentialAction":[{"@type":"SearchAction","target":{"@type":"EntryPoint","urlTemplate":"https:\/\/redfoxlotto.com\/hu\/?s={search_term_string}"},"query-input":{"@type":"PropertyValueSpecification","valueRequired":true,"valueName":"search_term_string"}}],"inLanguage":"hu"},{"@type":"Organization","@id":"https:\/\/redfoxlotto.com\/hu\/#organization","name":"Get Tickets for the World\u2019s largest jackpots","url":"https:\/\/redfoxlotto.com\/hu\/","logo":{"@type":"ImageObject","inLanguage":"hu","@id":"https:\/\/redfoxlotto.com\/hu\/#\/schema\/logo\/image\/","url":"https:\/\/redfoxlotto.com\/wp-content\/uploads\/2023\/04\/logo.png","contentUrl":"https:\/\/redfoxlotto.com\/wp-content\/uploads\/2023\/04\/logo.png","width":269,"height":53,"caption":"Get Tickets for the World\u2019s largest jackpots"},"image":{"@id":"https:\/\/redfoxlotto.com\/hu\/#\/schema\/logo\/image\/"}}]}},"_links":{"self":[{"href":"https:\/\/redfoxlotto.com\/hu\/wp-json\/wp\/v2\/pages\/55235","targetHints":{"allow":["GET"]}}],"collection":[{"href":"https:\/\/redfoxlotto.com\/hu\/wp-json\/wp\/v2\/pages"}],"about":[{"href":"https:\/\/redfoxlotto.com\/hu\/wp-json\/wp\/v2\/types\/page"}],"author":[{"embeddable":true,"href":"https:\/\/redfoxlotto.com\/hu\/wp-json\/wp\/v2\/users\/1"}],"replies":[{"embeddable":true,"href":"https:\/\/redfoxlotto.com\/hu\/wp-json\/wp\/v2\/comments?post=55235"}],"version-history":[{"count":0,"href":"https:\/\/redfoxlotto.com\/hu\/wp-json\/wp\/v2\/pages\/55235\/revisions"}],"up":[{"embeddable":true,"href":"https:\/\/redfoxlotto.com\/hu\/wp-json\/wp\/v2\/pages\/55209"}],"wp:attachment":[{"href":"https:\/\/redfoxlotto.com\/hu\/wp-json\/wp\/v2\/media?parent=55235"}],"curies":[{"name":"wp","href":"https:\/\/api.w.org\/{rel}","templated":true}]}}