{"id":55234,"date":"2022-09-26T12:33:09","date_gmt":"2022-09-26T12:33:09","guid":{"rendered":"https:\/\/redfoxlotto.com\/?page_id=21596"},"modified":"2023-03-13T17:37:23","modified_gmt":"2023-03-13T17:37:23","slug":"thunderball","status":"publish","type":"page","link":"https:\/\/redfoxlotto.com\/hu\/lottojatekok\/thunderball\/","title":{"rendered":"A Thunderballr\u00f3l"},"content":{"rendered":"<h2 class=\"wp-block-heading\">Jegyek v\u00e1s\u00e1rl\u00e1sa Thunderball UK Lotto Online?<\/h2><p>Amikor k\u00e9szen \u00e1ll arra, hogy online v\u00e1s\u00e1roljon jegyeket a Thunderball UK Lotto j\u00e1t\u00e9kra, akkor n\u00e9zze meg k\u00f6zelebbr\u0151l a RedFoxLotto.com lehet\u0151s\u00e9geit. Tal\u00e1n m\u00e9g meg is lep\u0151dik, milyen k\u00f6nny\u0171 j\u00e1tszani. Mind\u00f6ssze annyit kell tennie, hogy kiv\u00e1laszt 5 norm\u00e1l sz\u00e1mot \u00e9s 1 Thunderball sz\u00e1mot. Ezut\u00e1n v\u00e1lassza ki a sorsol\u00e1s id\u0151pontj\u00e1t. \u00cdgy ak\u00e1r m\u00e1r 1 egyez\u0151 sz\u00e1mmal is nyerhet!<\/p><h2 class=\"wp-block-heading\">Megv\u00e1s\u00e1rolja a Thunderball UK Lotto szelv\u00e9nyeit?<\/h2><p>Ha elj\u00f6tt az ideje, hogy online v\u00e1s\u00e1roljon szelv\u00e9nyeket a Thunderball UK Lotto j\u00e1t\u00e9kra, olyan szolg\u00e1ltat\u00e1sra van sz\u00fcks\u00e9ge, amely lehet\u0151v\u00e9 teszi, hogy kiv\u00e1laszthassa a k\u00edv\u00e1nt szelv\u00e9nyeket, b\u00e1rmelyik j\u00e1t\u00e9kb\u00f3l. Itt j\u00f6n a k\u00e9pbe a RedFoxLotto.com. Kiv\u00e1laszthatja b\u00e1rmelyik j\u00e1t\u00e9kot, \u00e9s kiv\u00e1laszthatja a k\u00edv\u00e1nt szelv\u00e9nyeket.<\/p><p><img loading=\"lazy\" decoding=\"async\" class=\" wp-image alignright\" src=\"https:\/\/content.redfoxlotto.com\/uploads\/sites\/9\/1_online_lottery_jackpot_win.jpg\" alt=\"v\u00e1s\u00e1rolni thunderball online\" width=\"266\" height=\"241\"><\/p><p>Kiv\u00e1laszthatja a j\u00e1tszani k\u00edv\u00e1nt sz\u00e1mokat, vagy haszn\u00e1lhatja a Quick Pick funkci\u00f3t, hogy a sz\u00e1mok kiv\u00e1laszt\u00e1sra ker\u00fcljenek \u00d6n helyett. Ezut\u00e1n v\u00e1lassza ki az id\u0151pontokat \u00e9s a k\u00edv\u00e1nt sorsol\u00e1sok sz\u00e1m\u00e1t, valamint a kedvenc fizet\u00e9si m\u00f3dj\u00e1t. Miut\u00e1n megv\u00e1s\u00e1rolta a szelv\u00e9nyeit, m\u00e1r csak a sorsol\u00e1st kell v\u00e1rnia, \u00e9s rem\u00e9lhet\u0151leg az azt k\u00f6vet\u0151 j\u00f3 h\u00edreket.<\/p><h2 class=\"wp-block-heading\">Ellen\u0151rzi a nyer\u0151sz\u00e1mokat?<\/h2><p>Miut\u00e1n a sorsol\u00e1s megt\u00f6rt\u00e9nt, visszal\u00e9phet fi\u00f3kj\u00e1ba a RedFoxLotto.com oldalon, hogy megn\u00e9zze, hogyan viszonyulnak szelv\u00e9nysz\u00e1mai a nyertes sz\u00e1mokhoz. Ez ott lesz a szelv\u00e9nysz\u00e1ml\u00e1j\u00e1n, \u00e9s sokkal egyszer\u0171bb lesz az \u00d6n sz\u00e1m\u00e1ra. Csak annyit kell tennie, hogy megn\u00e9zi, mely sz\u00e1mok vannak kiemelve, hogy l\u00e1ssa, melyek egyeznek.<\/p>","protected":false},"excerpt":{"rendered":"<p>Jegyek v\u00e1s\u00e1rl\u00e1sa Thunderball UK Lotto Online? Amikor k\u00e9szen \u00e1ll arra, hogy online v\u00e1s\u00e1roljon jegyeket a Thunderball UK Lotto j\u00e1t\u00e9kra, akkor n\u00e9zze meg k\u00f6zelebbr\u0151l a RedFoxLotto.com lehet\u0151s\u00e9geit. Tal\u00e1n m\u00e9g meg is lep\u0151dik, milyen k\u00f6nny\u0171 j\u00e1tszani. Mind\u00f6ssze annyit kell tennie, hogy kiv\u00e1laszt 5 norm\u00e1l sz\u00e1mot \u00e9s 1 Thunderball sz\u00e1mot. Ezut\u00e1n v\u00e1lassza ki a sorsol\u00e1s id\u0151pontj\u00e1t. \u00cdgy ak\u00e1r [&hellip;]<\/p>\n","protected":false},"author":1,"featured_media":0,"parent":55209,"menu_order":11,"comment_status":"closed","ping_status":"closed","template":"thunderball-info.php","meta":{"_et_pb_use_builder":"","_et_pb_old_content":"","_et_gb_content_width":"","exclude_from_search":false,"footnotes":""},"class_list":["post-55234","page","type-page","status-publish","hentry"],"yoast_head":"<!-- This site is optimized with the Yoast SEO plugin v27.3 - https:\/\/yoast.com\/product\/yoast-seo-wordpress\/ -->\n<title>jegy thunderball Lotto online<\/title>\n<meta name=\"description\" content=\"V\u00e1s\u00e1roljon szelv\u00e9nyeket a Thunderball lott\u00f3ra akkor is, ha nem az Egyes\u00fclt Kir\u00e1lys\u00e1gban \u00e9l\" \/>\n<meta name=\"robots\" content=\"index, follow, max-snippet:-1, max-image-preview:large, max-video-preview:-1\" \/>\n<link rel=\"canonical\" href=\"https:\/\/redfoxlotto.com\/hu\/lottojatekok\/thunderball\/\" \/>\n<meta property=\"og:locale\" content=\"hu_HU\" \/>\n<meta property=\"og:type\" content=\"article\" \/>\n<meta property=\"og:title\" content=\"jegy thunderball Lotto online\" \/>\n<meta property=\"og:description\" content=\"V\u00e1s\u00e1roljon szelv\u00e9nyeket a Thunderball lott\u00f3ra akkor is, ha nem az Egyes\u00fclt Kir\u00e1lys\u00e1gban \u00e9l\" \/>\n<meta property=\"og:url\" content=\"https:\/\/redfoxlotto.com\/hu\/lottojatekok\/thunderball\/\" \/>\n<meta property=\"og:site_name\" content=\"Get Tickets for the World\u2019s largest jackpots\" \/>\n<meta property=\"article:modified_time\" content=\"2023-03-13T17:37:23+00:00\" \/>\n<meta property=\"og:image\" content=\"https:\/\/content.redfoxlotto.com\/uploads\/sites\/9\/1_online_lottery_jackpot_win.jpg\" \/>\n<meta name=\"twitter:card\" content=\"summary_large_image\" \/>\n<meta name=\"twitter:label1\" content=\"Becs\u00fclt olvas\u00e1si id\u0151\" \/>\n\t<meta name=\"twitter:data1\" content=\"2 perc\" \/>\n<script type=\"application\/ld+json\" class=\"yoast-schema-graph\">{\"@context\":\"https:\\\/\\\/schema.org\",\"@graph\":[{\"@type\":\"WebPage\",\"@id\":\"https:\\\/\\\/redfoxlotto.com\\\/hu\\\/lottojatekok\\\/thunderball\\\/\",\"url\":\"https:\\\/\\\/redfoxlotto.com\\\/hu\\\/lottojatekok\\\/thunderball\\\/\",\"name\":\"jegy thunderball Lotto online\",\"isPartOf\":{\"@id\":\"https:\\\/\\\/redfoxlotto.com\\\/hu\\\/#website\"},\"primaryImageOfPage\":{\"@id\":\"https:\\\/\\\/redfoxlotto.com\\\/hu\\\/lottojatekok\\\/thunderball\\\/#primaryimage\"},\"image\":{\"@id\":\"https:\\\/\\\/redfoxlotto.com\\\/hu\\\/lottojatekok\\\/thunderball\\\/#primaryimage\"},\"thumbnailUrl\":\"https:\\\/\\\/content.redfoxlotto.com\\\/uploads\\\/sites\\\/9\\\/1_online_lottery_jackpot_win.jpg\",\"datePublished\":\"2022-09-26T12:33:09+00:00\",\"dateModified\":\"2023-03-13T17:37:23+00:00\",\"description\":\"V\u00e1s\u00e1roljon szelv\u00e9nyeket a Thunderball lott\u00f3ra akkor is, ha nem az Egyes\u00fclt Kir\u00e1lys\u00e1gban \u00e9l\",\"breadcrumb\":{\"@id\":\"https:\\\/\\\/redfoxlotto.com\\\/hu\\\/lottojatekok\\\/thunderball\\\/#breadcrumb\"},\"inLanguage\":\"hu\",\"potentialAction\":[{\"@type\":\"ReadAction\",\"target\":[\"https:\\\/\\\/redfoxlotto.com\\\/hu\\\/lottojatekok\\\/thunderball\\\/\"]}]},{\"@type\":\"ImageObject\",\"inLanguage\":\"hu\",\"@id\":\"https:\\\/\\\/redfoxlotto.com\\\/hu\\\/lottojatekok\\\/thunderball\\\/#primaryimage\",\"url\":\"https:\\\/\\\/content.redfoxlotto.com\\\/uploads\\\/sites\\\/9\\\/1_online_lottery_jackpot_win.jpg\",\"contentUrl\":\"https:\\\/\\\/content.redfoxlotto.com\\\/uploads\\\/sites\\\/9\\\/1_online_lottery_jackpot_win.jpg\"},{\"@type\":\"BreadcrumbList\",\"@id\":\"https:\\\/\\\/redfoxlotto.com\\\/hu\\\/lottojatekok\\\/thunderball\\\/#breadcrumb\",\"itemListElement\":[{\"@type\":\"ListItem\",\"position\":1,\"name\":\"Home\",\"item\":\"https:\\\/\\\/redfoxlotto.com\\\/hu\\\/\"},{\"@type\":\"ListItem\",\"position\":2,\"name\":\"Lott\u00f3j\u00e1t\u00e9kok Online &#8211; lott\u00f3 nyerem\u00e9nyek \u00e9s online lotto jackpot\",\"item\":\"https:\\\/\\\/redfoxlotto.com\\\/hu\\\/lottojatekok\\\/\"},{\"@type\":\"ListItem\",\"position\":3,\"name\":\"A Thunderballr\u00f3l\"}]},{\"@type\":\"WebSite\",\"@id\":\"https:\\\/\\\/redfoxlotto.com\\\/hu\\\/#website\",\"url\":\"https:\\\/\\\/redfoxlotto.com\\\/hu\\\/\",\"name\":\"Get Tickets for the World\u2019s largest jackpots\",\"description\":\"Participate in worldwide lottery jackpots from any country\",\"publisher\":{\"@id\":\"https:\\\/\\\/redfoxlotto.com\\\/hu\\\/#organization\"},\"potentialAction\":[{\"@type\":\"SearchAction\",\"target\":{\"@type\":\"EntryPoint\",\"urlTemplate\":\"https:\\\/\\\/redfoxlotto.com\\\/hu\\\/?s={search_term_string}\"},\"query-input\":{\"@type\":\"PropertyValueSpecification\",\"valueRequired\":true,\"valueName\":\"search_term_string\"}}],\"inLanguage\":\"hu\"},{\"@type\":\"Organization\",\"@id\":\"https:\\\/\\\/redfoxlotto.com\\\/hu\\\/#organization\",\"name\":\"Get Tickets for the World\u2019s largest jackpots\",\"url\":\"https:\\\/\\\/redfoxlotto.com\\\/hu\\\/\",\"logo\":{\"@type\":\"ImageObject\",\"inLanguage\":\"hu\",\"@id\":\"https:\\\/\\\/redfoxlotto.com\\\/hu\\\/#\\\/schema\\\/logo\\\/image\\\/\",\"url\":\"https:\\\/\\\/redfoxlotto.com\\\/wp-content\\\/uploads\\\/2023\\\/04\\\/logo.png\",\"contentUrl\":\"https:\\\/\\\/redfoxlotto.com\\\/wp-content\\\/uploads\\\/2023\\\/04\\\/logo.png\",\"width\":269,\"height\":53,\"caption\":\"Get Tickets for the World\u2019s largest jackpots\"},\"image\":{\"@id\":\"https:\\\/\\\/redfoxlotto.com\\\/hu\\\/#\\\/schema\\\/logo\\\/image\\\/\"}}]}<\/script>\n<!-- \/ Yoast SEO plugin. -->","yoast_head_json":{"title":"jegy thunderball Lotto online","description":"V\u00e1s\u00e1roljon szelv\u00e9nyeket a Thunderball lott\u00f3ra akkor is, ha nem az Egyes\u00fclt Kir\u00e1lys\u00e1gban \u00e9l","robots":{"index":"index","follow":"follow","max-snippet":"max-snippet:-1","max-image-preview":"max-image-preview:large","max-video-preview":"max-video-preview:-1"},"canonical":"https:\/\/redfoxlotto.com\/hu\/lottojatekok\/thunderball\/","og_locale":"hu_HU","og_type":"article","og_title":"jegy thunderball Lotto online","og_description":"V\u00e1s\u00e1roljon szelv\u00e9nyeket a Thunderball lott\u00f3ra akkor is, ha nem az Egyes\u00fclt Kir\u00e1lys\u00e1gban \u00e9l","og_url":"https:\/\/redfoxlotto.com\/hu\/lottojatekok\/thunderball\/","og_site_name":"Get Tickets for the World\u2019s largest jackpots","article_modified_time":"2023-03-13T17:37:23+00:00","og_image":[{"url":"https:\/\/content.redfoxlotto.com\/uploads\/sites\/9\/1_online_lottery_jackpot_win.jpg","type":"","width":"","height":""}],"twitter_card":"summary_large_image","twitter_misc":{"Becs\u00fclt olvas\u00e1si id\u0151":"2 perc"},"schema":{"@context":"https:\/\/schema.org","@graph":[{"@type":"WebPage","@id":"https:\/\/redfoxlotto.com\/hu\/lottojatekok\/thunderball\/","url":"https:\/\/redfoxlotto.com\/hu\/lottojatekok\/thunderball\/","name":"jegy thunderball Lotto online","isPartOf":{"@id":"https:\/\/redfoxlotto.com\/hu\/#website"},"primaryImageOfPage":{"@id":"https:\/\/redfoxlotto.com\/hu\/lottojatekok\/thunderball\/#primaryimage"},"image":{"@id":"https:\/\/redfoxlotto.com\/hu\/lottojatekok\/thunderball\/#primaryimage"},"thumbnailUrl":"https:\/\/content.redfoxlotto.com\/uploads\/sites\/9\/1_online_lottery_jackpot_win.jpg","datePublished":"2022-09-26T12:33:09+00:00","dateModified":"2023-03-13T17:37:23+00:00","description":"V\u00e1s\u00e1roljon szelv\u00e9nyeket a Thunderball lott\u00f3ra akkor is, ha nem az Egyes\u00fclt Kir\u00e1lys\u00e1gban \u00e9l","breadcrumb":{"@id":"https:\/\/redfoxlotto.com\/hu\/lottojatekok\/thunderball\/#breadcrumb"},"inLanguage":"hu","potentialAction":[{"@type":"ReadAction","target":["https:\/\/redfoxlotto.com\/hu\/lottojatekok\/thunderball\/"]}]},{"@type":"ImageObject","inLanguage":"hu","@id":"https:\/\/redfoxlotto.com\/hu\/lottojatekok\/thunderball\/#primaryimage","url":"https:\/\/content.redfoxlotto.com\/uploads\/sites\/9\/1_online_lottery_jackpot_win.jpg","contentUrl":"https:\/\/content.redfoxlotto.com\/uploads\/sites\/9\/1_online_lottery_jackpot_win.jpg"},{"@type":"BreadcrumbList","@id":"https:\/\/redfoxlotto.com\/hu\/lottojatekok\/thunderball\/#breadcrumb","itemListElement":[{"@type":"ListItem","position":1,"name":"Home","item":"https:\/\/redfoxlotto.com\/hu\/"},{"@type":"ListItem","position":2,"name":"Lott\u00f3j\u00e1t\u00e9kok Online &#8211; lott\u00f3 nyerem\u00e9nyek \u00e9s online lotto jackpot","item":"https:\/\/redfoxlotto.com\/hu\/lottojatekok\/"},{"@type":"ListItem","position":3,"name":"A Thunderballr\u00f3l"}]},{"@type":"WebSite","@id":"https:\/\/redfoxlotto.com\/hu\/#website","url":"https:\/\/redfoxlotto.com\/hu\/","name":"Get Tickets for the World\u2019s largest jackpots","description":"Participate in worldwide lottery jackpots from any country","publisher":{"@id":"https:\/\/redfoxlotto.com\/hu\/#organization"},"potentialAction":[{"@type":"SearchAction","target":{"@type":"EntryPoint","urlTemplate":"https:\/\/redfoxlotto.com\/hu\/?s={search_term_string}"},"query-input":{"@type":"PropertyValueSpecification","valueRequired":true,"valueName":"search_term_string"}}],"inLanguage":"hu"},{"@type":"Organization","@id":"https:\/\/redfoxlotto.com\/hu\/#organization","name":"Get Tickets for the World\u2019s largest jackpots","url":"https:\/\/redfoxlotto.com\/hu\/","logo":{"@type":"ImageObject","inLanguage":"hu","@id":"https:\/\/redfoxlotto.com\/hu\/#\/schema\/logo\/image\/","url":"https:\/\/redfoxlotto.com\/wp-content\/uploads\/2023\/04\/logo.png","contentUrl":"https:\/\/redfoxlotto.com\/wp-content\/uploads\/2023\/04\/logo.png","width":269,"height":53,"caption":"Get Tickets for the World\u2019s largest jackpots"},"image":{"@id":"https:\/\/redfoxlotto.com\/hu\/#\/schema\/logo\/image\/"}}]}},"_links":{"self":[{"href":"https:\/\/redfoxlotto.com\/hu\/wp-json\/wp\/v2\/pages\/55234","targetHints":{"allow":["GET"]}}],"collection":[{"href":"https:\/\/redfoxlotto.com\/hu\/wp-json\/wp\/v2\/pages"}],"about":[{"href":"https:\/\/redfoxlotto.com\/hu\/wp-json\/wp\/v2\/types\/page"}],"author":[{"embeddable":true,"href":"https:\/\/redfoxlotto.com\/hu\/wp-json\/wp\/v2\/users\/1"}],"replies":[{"embeddable":true,"href":"https:\/\/redfoxlotto.com\/hu\/wp-json\/wp\/v2\/comments?post=55234"}],"version-history":[{"count":0,"href":"https:\/\/redfoxlotto.com\/hu\/wp-json\/wp\/v2\/pages\/55234\/revisions"}],"up":[{"embeddable":true,"href":"https:\/\/redfoxlotto.com\/hu\/wp-json\/wp\/v2\/pages\/55209"}],"wp:attachment":[{"href":"https:\/\/redfoxlotto.com\/hu\/wp-json\/wp\/v2\/media?parent=55234"}],"curies":[{"name":"wp","href":"https:\/\/api.w.org\/{rel}","templated":true}]}}