{"id":55233,"date":"2018-11-18T08:54:25","date_gmt":"2018-11-18T08:54:25","guid":{"rendered":"https:\/\/redfoxlotto.com\/?page_id=21594"},"modified":"2023-03-13T17:37:23","modified_gmt":"2023-03-13T17:37:23","slug":"superenalotto","status":"publish","type":"page","link":"https:\/\/redfoxlotto.com\/hu\/lottojatekok\/superenalotto\/","title":{"rendered":"A SuperEnalott\u00f3r\u00f3l"},"content":{"rendered":"<p>Ezt az olaszorsz\u00e1gi lott\u00f3t &#8222;EnaLotto&#8221; n\u00e9ven vezett\u00e9k be az 50-es \u00e9vekben, majd k\u00e9s\u0151bb \u00e1tnevezt\u00e9k SuperEnaLott\u00f3ra. A Superenalotto legnagyobb feljegyzett nyerem\u00e9nye 177 729 043,16 eur\u00f3 volt.<\/p><p><img decoding=\"async\" class=\" wp-image alignright\" src=\"https:\/\/content.redfoxlotto.com\/uploads\/sites\/9\/2_ticket_superenalotto4.jpg\" alt=\"Superenalotto online j\u00e1t\u00e9k\"><\/p><p>Ezen a lott\u00f3n hetente h\u00e1rom sorsol\u00e1st tartanak &#8211; minden kedden, cs\u00fct\u00f6rt\u00f6k\u00f6n \u00e9s szombaton.<\/p><h2 class=\"wp-block-heading\">SuperEnalotto vil\u00e1gszerte<\/h2><p>Az Eurojackpot bevezet\u00e9s\u00e9ig a Superenalotto lott\u00f3 volt az eur\u00f3pai lott\u00f3k kir\u00e1lyn\u0151je. Manaps\u00e1g m\u00e1r nem csak Olaszorsz\u00e1gban j\u00e1tssz\u00e1k, hanem m\u00e1s orsz\u00e1gok j\u00e1t\u00e9kosai is online.<\/p><h2 class=\"wp-block-heading\">Hogyan v\u00e1s\u00e1roljon Superenalotto szelv\u00e9nyt online<\/h2><p>A Superenalotto szelv\u00e9ny online megv\u00e1s\u00e1rl\u00e1s\u00e1nak folyamata nagyon egyszer\u0171. Weboldalunk v\u00e9gigvezeti \u00d6nt a szelv\u00e9nyv\u00e1s\u00e1rl\u00e1son \u00e9s a fizet\u00e9sen.<\/p><p>Ha k\u00e9szen \u00e1ll az online szelv\u00e9nyv\u00e1s\u00e1rl\u00e1sra, k\u00e9tf\u00e9le m\u00f3don teheti meg:<\/p><p>Kezdje azzal, hogy regisztr\u00e1l egy fi\u00f3kot a RedFoxLott\u00f3n\u00e1l (ne felejtsen el r\u00e1kattintani a linkre az \u00e1ltalunk k\u00fcld\u00f6tt ellen\u0151rz\u0151 e-mailben!), majd el\u0151sz\u00f6r fizessen be n\u00e9mi p\u00e9nzt a sz\u00e1ml\u00e1j\u00e1ra. Most, hogy m\u00e1r van p\u00e9nz a sz\u00e1ml\u00e1don, kiv\u00e1laszthatod a lott\u00f3t, kiv\u00e1laszthatod a sz\u00e1mokat, \u00e9s fizethetsz a sz\u00e1ml\u00e1d egyenleg\u00e9vel. Ez a m\u00f3dszer ide\u00e1lis, ha ma szeretne n\u00e9h\u00e1ny szelv\u00e9nyt v\u00e1s\u00e1rolni online, \u00e9s k\u00e9s\u0151bb visszat\u00e9rni, hogy tov\u00e1bbi szelv\u00e9nyeket v\u00e1s\u00e1roljon.<\/p><h2 class=\"wp-block-heading\">Vagy:<\/h2><p>El\u0151sz\u00f6r v\u00e1lasszon egy lott\u00f3t, majd v\u00e1lassza ki a sz\u00e1mokat. Adjon hozz\u00e1 t\u00f6bb lott\u00f3t \u00e9s t\u00f6bb szelv\u00e9nyt, ha szeretn\u00e9. Ezut\u00e1n kattintson a &#8222;most fizetni&#8221; gombra. Ezut\u00e1n megjelenik a bejelentkez\u00e9si k\u00e9perny\u0151. Mivel m\u00e9g nincs fi\u00f3kod, l\u00e9tre kell hoznod egyet a &#8222;Regisztr\u00e1ci\u00f3&#8221; gombra kattintva. Miut\u00e1n regisztr\u00e1lt \u00e9s ellen\u0151rizte az \u00faj fi\u00f3kj\u00e1t, keresse meg a bev\u00e1s\u00e1rl\u00f3kos\u00e1r szimb\u00f3lumot, \u00e9s kattintson r\u00e1. Ezut\u00e1n online fizethetsz, b\u00e1rmilyen, sz\u00e1modra k\u00e9nyelmes m\u00f3dszerrel.<\/p><p>Gy\u0151z\u0151dj\u00f6n meg r\u00f3la, hogy a fizet\u00e9shez sz\u00fcks\u00e9ges \u00f6sszes l\u00e9p\u00e9st elv\u00e9gezte. Ha sikeresen megv\u00e1s\u00e1rolta a jegyeit, kap egy visszaigazol\u00f3 e-mailt. Ezt k\u00f6vet\u0151en m\u00e1r csak a sorsol\u00e1st kell megv\u00e1rnod, hogy megtudd, nyert\u00e9l-e!<\/p><p><img loading=\"lazy\" decoding=\"async\" class=\" wp-image alignright\" src=\"https:\/\/content.redfoxlotto.com\/uploads\/sites\/9\/1_buy_ticket_jackpot.jpg\" alt=\"nyerj Superenalotto\" width=\"220\" height=\"146\"><\/p><h2 class=\"wp-block-heading\">A SuperEnalotto szab\u00e1lyai<\/h2><p>A SuperEnaLotto egy 6 a 90-b\u0151l j\u00e1t\u00e9k, kieg\u00e9sz\u00edt\u0151 sz\u00e1mok n\u00e9lk\u00fcl. A 6 sz\u00e1m eltal\u00e1l\u00e1s\u00e1val megnyeri a jackpotot. Ha legal\u00e1bb 3 sz\u00e1mot helyesen tal\u00e1l el, akkor az alacsonyabb nyerem\u00e9nyek egyik\u00e9re jogosult.<\/p>","protected":false},"excerpt":{"rendered":"<p>Ezt az olaszorsz\u00e1gi lott\u00f3t &#8222;EnaLotto&#8221; n\u00e9ven vezett\u00e9k be az 50-es \u00e9vekben, majd k\u00e9s\u0151bb \u00e1tnevezt\u00e9k SuperEnaLott\u00f3ra. A Superenalotto legnagyobb feljegyzett nyerem\u00e9nye 177 729 043,16 eur\u00f3 volt. Ezen a lott\u00f3n hetente h\u00e1rom sorsol\u00e1st tartanak &#8211; minden kedden, cs\u00fct\u00f6rt\u00f6k\u00f6n \u00e9s szombaton. SuperEnalotto vil\u00e1gszerte Az Eurojackpot bevezet\u00e9s\u00e9ig a Superenalotto lott\u00f3 volt az eur\u00f3pai lott\u00f3k kir\u00e1lyn\u0151je. Manaps\u00e1g m\u00e1r nem csak [&hellip;]<\/p>\n","protected":false},"author":1,"featured_media":0,"parent":55209,"menu_order":5,"comment_status":"closed","ping_status":"closed","template":"superenalotto-info.php","meta":{"_et_pb_use_builder":"","_et_pb_old_content":"","_et_gb_content_width":"","exclude_from_search":false,"footnotes":""},"class_list":["post-55233","page","type-page","status-publish","hentry"],"yoast_head":"<!-- This site is optimized with the Yoast SEO plugin v27.3 - https:\/\/yoast.com\/product\/yoast-seo-wordpress\/ -->\n<title>V\u00e1s\u00e1roljon jegyet a Superenalott\u00f3ra online | Nyerjen \u00d6n is a Superenalott\u00f3n!<\/title>\n<meta name=\"description\" content=\"M\u00e9g ha nem is \u00e9l Olaszorsz\u00e1gban, a Superenalotto jegyek m\u00e1r most megv\u00e1s\u00e1rolhat\u00f3k online!\" \/>\n<meta name=\"robots\" content=\"index, follow, max-snippet:-1, max-image-preview:large, max-video-preview:-1\" \/>\n<link rel=\"canonical\" href=\"https:\/\/redfoxlotto.com\/hu\/lottojatekok\/superenalotto\/\" \/>\n<meta property=\"og:locale\" content=\"hu_HU\" \/>\n<meta property=\"og:type\" content=\"article\" \/>\n<meta property=\"og:title\" content=\"V\u00e1s\u00e1roljon jegyet a Superenalott\u00f3ra online | Nyerjen \u00d6n is a Superenalott\u00f3n!\" \/>\n<meta property=\"og:description\" content=\"M\u00e9g ha nem is \u00e9l Olaszorsz\u00e1gban, a Superenalotto jegyek m\u00e1r most megv\u00e1s\u00e1rolhat\u00f3k online!\" \/>\n<meta property=\"og:url\" content=\"https:\/\/redfoxlotto.com\/hu\/lottojatekok\/superenalotto\/\" \/>\n<meta property=\"og:site_name\" content=\"Get Tickets for the World\u2019s largest jackpots\" \/>\n<meta property=\"article:modified_time\" content=\"2023-03-13T17:37:23+00:00\" \/>\n<meta property=\"og:image\" content=\"https:\/\/content.redfoxlotto.com\/uploads\/sites\/9\/2_ticket_superenalotto4.jpg\" \/>\n<meta name=\"twitter:card\" content=\"summary_large_image\" \/>\n<meta name=\"twitter:label1\" content=\"Becs\u00fclt olvas\u00e1si id\u0151\" \/>\n\t<meta name=\"twitter:data1\" content=\"2 perc\" \/>\n<script type=\"application\/ld+json\" class=\"yoast-schema-graph\">{\"@context\":\"https:\\\/\\\/schema.org\",\"@graph\":[{\"@type\":\"WebPage\",\"@id\":\"https:\\\/\\\/redfoxlotto.com\\\/hu\\\/lottojatekok\\\/superenalotto\\\/\",\"url\":\"https:\\\/\\\/redfoxlotto.com\\\/hu\\\/lottojatekok\\\/superenalotto\\\/\",\"name\":\"V\u00e1s\u00e1roljon jegyet a Superenalott\u00f3ra online | Nyerjen \u00d6n is a Superenalott\u00f3n!\",\"isPartOf\":{\"@id\":\"https:\\\/\\\/redfoxlotto.com\\\/hu\\\/#website\"},\"primaryImageOfPage\":{\"@id\":\"https:\\\/\\\/redfoxlotto.com\\\/hu\\\/lottojatekok\\\/superenalotto\\\/#primaryimage\"},\"image\":{\"@id\":\"https:\\\/\\\/redfoxlotto.com\\\/hu\\\/lottojatekok\\\/superenalotto\\\/#primaryimage\"},\"thumbnailUrl\":\"https:\\\/\\\/content.redfoxlotto.com\\\/uploads\\\/sites\\\/9\\\/2_ticket_superenalotto4.jpg\",\"datePublished\":\"2018-11-18T08:54:25+00:00\",\"dateModified\":\"2023-03-13T17:37:23+00:00\",\"description\":\"M\u00e9g ha nem is \u00e9l Olaszorsz\u00e1gban, a Superenalotto jegyek m\u00e1r most megv\u00e1s\u00e1rolhat\u00f3k online!\",\"breadcrumb\":{\"@id\":\"https:\\\/\\\/redfoxlotto.com\\\/hu\\\/lottojatekok\\\/superenalotto\\\/#breadcrumb\"},\"inLanguage\":\"hu\",\"potentialAction\":[{\"@type\":\"ReadAction\",\"target\":[\"https:\\\/\\\/redfoxlotto.com\\\/hu\\\/lottojatekok\\\/superenalotto\\\/\"]}]},{\"@type\":\"ImageObject\",\"inLanguage\":\"hu\",\"@id\":\"https:\\\/\\\/redfoxlotto.com\\\/hu\\\/lottojatekok\\\/superenalotto\\\/#primaryimage\",\"url\":\"https:\\\/\\\/content.redfoxlotto.com\\\/uploads\\\/sites\\\/9\\\/2_ticket_superenalotto4.jpg\",\"contentUrl\":\"https:\\\/\\\/content.redfoxlotto.com\\\/uploads\\\/sites\\\/9\\\/2_ticket_superenalotto4.jpg\"},{\"@type\":\"BreadcrumbList\",\"@id\":\"https:\\\/\\\/redfoxlotto.com\\\/hu\\\/lottojatekok\\\/superenalotto\\\/#breadcrumb\",\"itemListElement\":[{\"@type\":\"ListItem\",\"position\":1,\"name\":\"Home\",\"item\":\"https:\\\/\\\/redfoxlotto.com\\\/hu\\\/\"},{\"@type\":\"ListItem\",\"position\":2,\"name\":\"Lott\u00f3j\u00e1t\u00e9kok Online &#8211; lott\u00f3 nyerem\u00e9nyek \u00e9s online lotto jackpot\",\"item\":\"https:\\\/\\\/redfoxlotto.com\\\/hu\\\/lottojatekok\\\/\"},{\"@type\":\"ListItem\",\"position\":3,\"name\":\"A SuperEnalott\u00f3r\u00f3l\"}]},{\"@type\":\"WebSite\",\"@id\":\"https:\\\/\\\/redfoxlotto.com\\\/hu\\\/#website\",\"url\":\"https:\\\/\\\/redfoxlotto.com\\\/hu\\\/\",\"name\":\"Get Tickets for the World\u2019s largest jackpots\",\"description\":\"Participate in worldwide lottery jackpots from any country\",\"publisher\":{\"@id\":\"https:\\\/\\\/redfoxlotto.com\\\/hu\\\/#organization\"},\"potentialAction\":[{\"@type\":\"SearchAction\",\"target\":{\"@type\":\"EntryPoint\",\"urlTemplate\":\"https:\\\/\\\/redfoxlotto.com\\\/hu\\\/?s={search_term_string}\"},\"query-input\":{\"@type\":\"PropertyValueSpecification\",\"valueRequired\":true,\"valueName\":\"search_term_string\"}}],\"inLanguage\":\"hu\"},{\"@type\":\"Organization\",\"@id\":\"https:\\\/\\\/redfoxlotto.com\\\/hu\\\/#organization\",\"name\":\"Get Tickets for the World\u2019s largest jackpots\",\"url\":\"https:\\\/\\\/redfoxlotto.com\\\/hu\\\/\",\"logo\":{\"@type\":\"ImageObject\",\"inLanguage\":\"hu\",\"@id\":\"https:\\\/\\\/redfoxlotto.com\\\/hu\\\/#\\\/schema\\\/logo\\\/image\\\/\",\"url\":\"https:\\\/\\\/redfoxlotto.com\\\/wp-content\\\/uploads\\\/2023\\\/04\\\/logo.png\",\"contentUrl\":\"https:\\\/\\\/redfoxlotto.com\\\/wp-content\\\/uploads\\\/2023\\\/04\\\/logo.png\",\"width\":269,\"height\":53,\"caption\":\"Get Tickets for the World\u2019s largest jackpots\"},\"image\":{\"@id\":\"https:\\\/\\\/redfoxlotto.com\\\/hu\\\/#\\\/schema\\\/logo\\\/image\\\/\"}}]}<\/script>\n<!-- \/ Yoast SEO plugin. -->","yoast_head_json":{"title":"V\u00e1s\u00e1roljon jegyet a Superenalott\u00f3ra online | Nyerjen \u00d6n is a Superenalott\u00f3n!","description":"M\u00e9g ha nem is \u00e9l Olaszorsz\u00e1gban, a Superenalotto jegyek m\u00e1r most megv\u00e1s\u00e1rolhat\u00f3k online!","robots":{"index":"index","follow":"follow","max-snippet":"max-snippet:-1","max-image-preview":"max-image-preview:large","max-video-preview":"max-video-preview:-1"},"canonical":"https:\/\/redfoxlotto.com\/hu\/lottojatekok\/superenalotto\/","og_locale":"hu_HU","og_type":"article","og_title":"V\u00e1s\u00e1roljon jegyet a Superenalott\u00f3ra online | Nyerjen \u00d6n is a Superenalott\u00f3n!","og_description":"M\u00e9g ha nem is \u00e9l Olaszorsz\u00e1gban, a Superenalotto jegyek m\u00e1r most megv\u00e1s\u00e1rolhat\u00f3k online!","og_url":"https:\/\/redfoxlotto.com\/hu\/lottojatekok\/superenalotto\/","og_site_name":"Get Tickets for the World\u2019s largest jackpots","article_modified_time":"2023-03-13T17:37:23+00:00","og_image":[{"url":"https:\/\/content.redfoxlotto.com\/uploads\/sites\/9\/2_ticket_superenalotto4.jpg","type":"","width":"","height":""}],"twitter_card":"summary_large_image","twitter_misc":{"Becs\u00fclt olvas\u00e1si id\u0151":"2 perc"},"schema":{"@context":"https:\/\/schema.org","@graph":[{"@type":"WebPage","@id":"https:\/\/redfoxlotto.com\/hu\/lottojatekok\/superenalotto\/","url":"https:\/\/redfoxlotto.com\/hu\/lottojatekok\/superenalotto\/","name":"V\u00e1s\u00e1roljon jegyet a Superenalott\u00f3ra online | Nyerjen \u00d6n is a Superenalott\u00f3n!","isPartOf":{"@id":"https:\/\/redfoxlotto.com\/hu\/#website"},"primaryImageOfPage":{"@id":"https:\/\/redfoxlotto.com\/hu\/lottojatekok\/superenalotto\/#primaryimage"},"image":{"@id":"https:\/\/redfoxlotto.com\/hu\/lottojatekok\/superenalotto\/#primaryimage"},"thumbnailUrl":"https:\/\/content.redfoxlotto.com\/uploads\/sites\/9\/2_ticket_superenalotto4.jpg","datePublished":"2018-11-18T08:54:25+00:00","dateModified":"2023-03-13T17:37:23+00:00","description":"M\u00e9g ha nem is \u00e9l Olaszorsz\u00e1gban, a Superenalotto jegyek m\u00e1r most megv\u00e1s\u00e1rolhat\u00f3k online!","breadcrumb":{"@id":"https:\/\/redfoxlotto.com\/hu\/lottojatekok\/superenalotto\/#breadcrumb"},"inLanguage":"hu","potentialAction":[{"@type":"ReadAction","target":["https:\/\/redfoxlotto.com\/hu\/lottojatekok\/superenalotto\/"]}]},{"@type":"ImageObject","inLanguage":"hu","@id":"https:\/\/redfoxlotto.com\/hu\/lottojatekok\/superenalotto\/#primaryimage","url":"https:\/\/content.redfoxlotto.com\/uploads\/sites\/9\/2_ticket_superenalotto4.jpg","contentUrl":"https:\/\/content.redfoxlotto.com\/uploads\/sites\/9\/2_ticket_superenalotto4.jpg"},{"@type":"BreadcrumbList","@id":"https:\/\/redfoxlotto.com\/hu\/lottojatekok\/superenalotto\/#breadcrumb","itemListElement":[{"@type":"ListItem","position":1,"name":"Home","item":"https:\/\/redfoxlotto.com\/hu\/"},{"@type":"ListItem","position":2,"name":"Lott\u00f3j\u00e1t\u00e9kok Online &#8211; lott\u00f3 nyerem\u00e9nyek \u00e9s online lotto jackpot","item":"https:\/\/redfoxlotto.com\/hu\/lottojatekok\/"},{"@type":"ListItem","position":3,"name":"A SuperEnalott\u00f3r\u00f3l"}]},{"@type":"WebSite","@id":"https:\/\/redfoxlotto.com\/hu\/#website","url":"https:\/\/redfoxlotto.com\/hu\/","name":"Get Tickets for the World\u2019s largest jackpots","description":"Participate in worldwide lottery jackpots from any country","publisher":{"@id":"https:\/\/redfoxlotto.com\/hu\/#organization"},"potentialAction":[{"@type":"SearchAction","target":{"@type":"EntryPoint","urlTemplate":"https:\/\/redfoxlotto.com\/hu\/?s={search_term_string}"},"query-input":{"@type":"PropertyValueSpecification","valueRequired":true,"valueName":"search_term_string"}}],"inLanguage":"hu"},{"@type":"Organization","@id":"https:\/\/redfoxlotto.com\/hu\/#organization","name":"Get Tickets for the World\u2019s largest jackpots","url":"https:\/\/redfoxlotto.com\/hu\/","logo":{"@type":"ImageObject","inLanguage":"hu","@id":"https:\/\/redfoxlotto.com\/hu\/#\/schema\/logo\/image\/","url":"https:\/\/redfoxlotto.com\/wp-content\/uploads\/2023\/04\/logo.png","contentUrl":"https:\/\/redfoxlotto.com\/wp-content\/uploads\/2023\/04\/logo.png","width":269,"height":53,"caption":"Get Tickets for the World\u2019s largest jackpots"},"image":{"@id":"https:\/\/redfoxlotto.com\/hu\/#\/schema\/logo\/image\/"}}]}},"_links":{"self":[{"href":"https:\/\/redfoxlotto.com\/hu\/wp-json\/wp\/v2\/pages\/55233","targetHints":{"allow":["GET"]}}],"collection":[{"href":"https:\/\/redfoxlotto.com\/hu\/wp-json\/wp\/v2\/pages"}],"about":[{"href":"https:\/\/redfoxlotto.com\/hu\/wp-json\/wp\/v2\/types\/page"}],"author":[{"embeddable":true,"href":"https:\/\/redfoxlotto.com\/hu\/wp-json\/wp\/v2\/users\/1"}],"replies":[{"embeddable":true,"href":"https:\/\/redfoxlotto.com\/hu\/wp-json\/wp\/v2\/comments?post=55233"}],"version-history":[{"count":0,"href":"https:\/\/redfoxlotto.com\/hu\/wp-json\/wp\/v2\/pages\/55233\/revisions"}],"up":[{"embeddable":true,"href":"https:\/\/redfoxlotto.com\/hu\/wp-json\/wp\/v2\/pages\/55209"}],"wp:attachment":[{"href":"https:\/\/redfoxlotto.com\/hu\/wp-json\/wp\/v2\/media?parent=55233"}],"curies":[{"name":"wp","href":"https:\/\/api.w.org\/{rel}","templated":true}]}}