{"id":55231,"date":"2018-11-18T08:54:25","date_gmt":"2018-11-18T08:54:25","guid":{"rendered":"https:\/\/redfoxlotto.com\/?page_id=21590"},"modified":"2023-03-13T17:37:23","modified_gmt":"2023-03-13T17:37:23","slug":"saturday-lotto-au","status":"publish","type":"page","link":"https:\/\/redfoxlotto.com\/hu\/lottojatekok\/saturday-lotto-au\/","title":{"rendered":"A szombati lott\u00f3r\u00f3l"},"content":{"rendered":"<p>A szombati lott\u00f3, ahogy a neve is mutatja, egy lott\u00f3, amelyet minden szombat este j\u00e1tszanak Ausztr\u00e1li\u00e1ban. A j\u00e1t\u00e9kot Ausztr\u00e1lia-szerte forgalmazz\u00e1k, \u00e9s az orsz\u00e1g k\u00fcl\u00f6nb\u00f6z\u0151 r\u00e9gi\u00f3iban m\u00e1s-m\u00e1s n\u00e9ven ismert.<\/p><p><img decoding=\"async\" class=\" wp-image alignright\" src=\"https:\/\/content.redfoxlotto.com\/uploads\/sites\/9\/1_online_jackpot_lotto.jpg\" alt=\"Lotto szombat Ausztr\u00e1lia\" width=\"250;\" height=\"125\"><\/p><p>D\u00e9l-Ausztr\u00e1li\u00e1ban X lott\u00f3nak, Queenslandben Gold lott\u00f3nak, Victoria \u00e1llamban, Tasm\u00e1ni\u00e1ban, Ausztr\u00e1lia f\u0151v\u00e1rosi ter\u00fclet\u00e9n \u00e9s az \u00e9szaki ter\u00fcleten Tattslott\u00f3nak h\u00edvj\u00e1k. \u00daj-D\u00e9l-Walesben \u00e9s Nyugat-Ausztr\u00e1li\u00e1ban egyszer\u0171en Lotto vagy Saturday lotto n\u00e9ven ismert.<\/p><p>Kor\u00e1bban a szombati lott\u00f3n\u00e1l 6 f\u0151 sz\u00e1mot v\u00e1lasztanak ki a lehets\u00e9ges 40-b\u0151l, \u00e9s egy kieg\u00e9sz\u00edt\u0151 sz\u00e1mot is hozz\u00e1adnak. Jelenleg azonban ez megv\u00e1ltozott, mivel most 6 f\u0151 sz\u00e1mot v\u00e1lasztanak ki a lehets\u00e9ges 45-b\u0151l, \u00e9s 2 kieg\u00e9sz\u00edt\u0151 sz\u00e1mot is. Ez a v\u00e1ltoz\u00e1s nagym\u00e9rt\u00e9kben cs\u00f6kkentette a szombati lott\u00f3n a nyerem\u00e9ny vagy ink\u00e1bb a jackpot megnyer\u00e9s\u00e9nek lehet\u0151s\u00e9g\u00e9t. A lott\u00f3j\u00e1t\u00e9kban val\u00f3 r\u00e9szv\u00e9telhez a j\u00e1t\u00e9kosoknak 45 sz\u00e1mb\u00f3l legal\u00e1bb 6 sz\u00e1mot kell kiv\u00e1lasztaniuk, \u00e9s a sorsol\u00e1skor, ha az \u00d6n 6 sz\u00e1ma megegyezik a kisorsolt 6 f\u0151 sz\u00e1mmal, akkor megnyerte a jackpotot.<\/p><p><img decoding=\"async\" class=\" wp-image alignright\" src=\"https:\/\/content.redfoxlotto.com\/uploads\/sites\/9\/2_ticket_saturday_lotto_au2.jpg\" alt=\"Jegyet v\u00e1s\u00e1rolni szombat Lotto\"><\/p><p>A szombati lott\u00f3n minden h\u00e9ten k\u00f6r\u00fclbel\u00fcl 4 milli\u00f3 AUD$ a jackpot nyerem\u00e9nye, \u00e9s legfeljebb 4 nyertes oszthatja meg azt. A lott\u00f3szelv\u00e9nyeket online \u00e9s a kijel\u00f6lt \u00fczletekben is lehet kapni Ausztr\u00e1lia-szerte. A szombati lott\u00f3n a jackpot meg\u00fct\u00e9s\u00e9nek val\u00f3sz\u00edn\u0171s\u00e9ge k\u00f6r\u00fclbel\u00fcl 1:8 milli\u00f3hoz.<\/p>","protected":false},"excerpt":{"rendered":"<p>A szombati lott\u00f3, ahogy a neve is mutatja, egy lott\u00f3, amelyet minden szombat este j\u00e1tszanak Ausztr\u00e1li\u00e1ban. A j\u00e1t\u00e9kot Ausztr\u00e1lia-szerte forgalmazz\u00e1k, \u00e9s az orsz\u00e1g k\u00fcl\u00f6nb\u00f6z\u0151 r\u00e9gi\u00f3iban m\u00e1s-m\u00e1s n\u00e9ven ismert. D\u00e9l-Ausztr\u00e1li\u00e1ban X lott\u00f3nak, Queenslandben Gold lott\u00f3nak, Victoria \u00e1llamban, Tasm\u00e1ni\u00e1ban, Ausztr\u00e1lia f\u0151v\u00e1rosi ter\u00fclet\u00e9n \u00e9s az \u00e9szaki ter\u00fcleten Tattslott\u00f3nak h\u00edvj\u00e1k. \u00daj-D\u00e9l-Walesben \u00e9s Nyugat-Ausztr\u00e1li\u00e1ban egyszer\u0171en Lotto vagy Saturday lotto n\u00e9ven [&hellip;]<\/p>\n","protected":false},"author":1,"featured_media":0,"parent":55209,"menu_order":22,"comment_status":"closed","ping_status":"closed","template":"saturday-lotto-info.php","meta":{"_et_pb_use_builder":"","_et_pb_old_content":"","_et_gb_content_width":"","exclude_from_search":false,"footnotes":""},"class_list":["post-55231","page","type-page","status-publish","hentry"],"yoast_head":"<!-- This site is optimized with the Yoast SEO plugin v23.8 - https:\/\/yoast.com\/wordpress\/plugins\/seo\/ -->\n<title>Szombati lott\u00f3 | Amit a szombati lott\u00f3r\u00f3l tudni kell<\/title>\n<meta name=\"description\" content=\"N\u00f6velje nyer\u00e9si es\u00e9lyeit a szombati lott\u00f3n, ha ismeri ezeket az inform\u00e1ci\u00f3kat r\u00f3luk.\" \/>\n<meta name=\"robots\" content=\"index, follow, max-snippet:-1, max-image-preview:large, max-video-preview:-1\" \/>\n<link rel=\"canonical\" href=\"https:\/\/redfoxlotto.com\/hu\/lottojatekok\/saturday-lotto-au\/\" \/>\n<meta property=\"og:locale\" content=\"hu_HU\" \/>\n<meta property=\"og:type\" content=\"article\" \/>\n<meta property=\"og:title\" content=\"Szombati lott\u00f3 | Amit a szombati lott\u00f3r\u00f3l tudni kell\" \/>\n<meta property=\"og:description\" content=\"N\u00f6velje nyer\u00e9si es\u00e9lyeit a szombati lott\u00f3n, ha ismeri ezeket az inform\u00e1ci\u00f3kat r\u00f3luk.\" \/>\n<meta property=\"og:url\" content=\"https:\/\/redfoxlotto.com\/hu\/lottojatekok\/saturday-lotto-au\/\" \/>\n<meta property=\"og:site_name\" content=\"Get Tickets for the World\u2019s largest jackpots\" \/>\n<meta property=\"article:modified_time\" content=\"2023-03-13T17:37:23+00:00\" \/>\n<meta property=\"og:image\" content=\"https:\/\/content.redfoxlotto.com\/uploads\/sites\/9\/1_online_jackpot_lotto.jpg\" \/>\n<meta name=\"twitter:card\" content=\"summary_large_image\" \/>\n<meta name=\"twitter:label1\" content=\"Becs\u00fclt olvas\u00e1si id\u0151\" \/>\n\t<meta name=\"twitter:data1\" content=\"2 perc\" \/>\n<script type=\"application\/ld+json\" class=\"yoast-schema-graph\">{\"@context\":\"https:\/\/schema.org\",\"@graph\":[{\"@type\":\"WebPage\",\"@id\":\"https:\/\/redfoxlotto.com\/hu\/lottojatekok\/saturday-lotto-au\/\",\"url\":\"https:\/\/redfoxlotto.com\/hu\/lottojatekok\/saturday-lotto-au\/\",\"name\":\"Szombati lott\u00f3 | Amit a szombati lott\u00f3r\u00f3l tudni kell\",\"isPartOf\":{\"@id\":\"https:\/\/redfoxlotto.com\/hu\/#website\"},\"primaryImageOfPage\":{\"@id\":\"https:\/\/redfoxlotto.com\/hu\/lottojatekok\/saturday-lotto-au\/#primaryimage\"},\"image\":{\"@id\":\"https:\/\/redfoxlotto.com\/hu\/lottojatekok\/saturday-lotto-au\/#primaryimage\"},\"thumbnailUrl\":\"https:\/\/content.redfoxlotto.com\/uploads\/sites\/9\/1_online_jackpot_lotto.jpg\",\"datePublished\":\"2018-11-18T08:54:25+00:00\",\"dateModified\":\"2023-03-13T17:37:23+00:00\",\"description\":\"N\u00f6velje nyer\u00e9si es\u00e9lyeit a szombati lott\u00f3n, ha ismeri ezeket az inform\u00e1ci\u00f3kat r\u00f3luk.\",\"breadcrumb\":{\"@id\":\"https:\/\/redfoxlotto.com\/hu\/lottojatekok\/saturday-lotto-au\/#breadcrumb\"},\"inLanguage\":\"hu\",\"potentialAction\":[{\"@type\":\"ReadAction\",\"target\":[\"https:\/\/redfoxlotto.com\/hu\/lottojatekok\/saturday-lotto-au\/\"]}]},{\"@type\":\"ImageObject\",\"inLanguage\":\"hu\",\"@id\":\"https:\/\/redfoxlotto.com\/hu\/lottojatekok\/saturday-lotto-au\/#primaryimage\",\"url\":\"https:\/\/content.redfoxlotto.com\/uploads\/sites\/9\/1_online_jackpot_lotto.jpg\",\"contentUrl\":\"https:\/\/content.redfoxlotto.com\/uploads\/sites\/9\/1_online_jackpot_lotto.jpg\"},{\"@type\":\"BreadcrumbList\",\"@id\":\"https:\/\/redfoxlotto.com\/hu\/lottojatekok\/saturday-lotto-au\/#breadcrumb\",\"itemListElement\":[{\"@type\":\"ListItem\",\"position\":1,\"name\":\"Home\",\"item\":\"https:\/\/redfoxlotto.com\/hu\/\"},{\"@type\":\"ListItem\",\"position\":2,\"name\":\"Lott\u00f3j\u00e1t\u00e9kok Online &#8211; lott\u00f3 nyerem\u00e9nyek \u00e9s online lotto jackpot\",\"item\":\"https:\/\/redfoxlotto.com\/hu\/lottojatekok\/\"},{\"@type\":\"ListItem\",\"position\":3,\"name\":\"A szombati lott\u00f3r\u00f3l\"}]},{\"@type\":\"WebSite\",\"@id\":\"https:\/\/redfoxlotto.com\/hu\/#website\",\"url\":\"https:\/\/redfoxlotto.com\/hu\/\",\"name\":\"Get Tickets for the World\u2019s largest jackpots\",\"description\":\"Participate in worldwide lottery jackpots from any country\",\"publisher\":{\"@id\":\"https:\/\/redfoxlotto.com\/hu\/#organization\"},\"potentialAction\":[{\"@type\":\"SearchAction\",\"target\":{\"@type\":\"EntryPoint\",\"urlTemplate\":\"https:\/\/redfoxlotto.com\/hu\/?s={search_term_string}\"},\"query-input\":{\"@type\":\"PropertyValueSpecification\",\"valueRequired\":true,\"valueName\":\"search_term_string\"}}],\"inLanguage\":\"hu\"},{\"@type\":\"Organization\",\"@id\":\"https:\/\/redfoxlotto.com\/hu\/#organization\",\"name\":\"Get Tickets for the World\u2019s largest jackpots\",\"url\":\"https:\/\/redfoxlotto.com\/hu\/\",\"logo\":{\"@type\":\"ImageObject\",\"inLanguage\":\"hu\",\"@id\":\"https:\/\/redfoxlotto.com\/hu\/#\/schema\/logo\/image\/\",\"url\":\"https:\/\/redfoxlotto.com\/wp-content\/uploads\/2023\/04\/logo.png\",\"contentUrl\":\"https:\/\/redfoxlotto.com\/wp-content\/uploads\/2023\/04\/logo.png\",\"width\":269,\"height\":53,\"caption\":\"Get Tickets for the World\u2019s largest jackpots\"},\"image\":{\"@id\":\"https:\/\/redfoxlotto.com\/hu\/#\/schema\/logo\/image\/\"}}]}<\/script>\n<!-- \/ Yoast SEO plugin. -->","yoast_head_json":{"title":"Szombati lott\u00f3 | Amit a szombati lott\u00f3r\u00f3l tudni kell","description":"N\u00f6velje nyer\u00e9si es\u00e9lyeit a szombati lott\u00f3n, ha ismeri ezeket az inform\u00e1ci\u00f3kat r\u00f3luk.","robots":{"index":"index","follow":"follow","max-snippet":"max-snippet:-1","max-image-preview":"max-image-preview:large","max-video-preview":"max-video-preview:-1"},"canonical":"https:\/\/redfoxlotto.com\/hu\/lottojatekok\/saturday-lotto-au\/","og_locale":"hu_HU","og_type":"article","og_title":"Szombati lott\u00f3 | Amit a szombati lott\u00f3r\u00f3l tudni kell","og_description":"N\u00f6velje nyer\u00e9si es\u00e9lyeit a szombati lott\u00f3n, ha ismeri ezeket az inform\u00e1ci\u00f3kat r\u00f3luk.","og_url":"https:\/\/redfoxlotto.com\/hu\/lottojatekok\/saturday-lotto-au\/","og_site_name":"Get Tickets for the World\u2019s largest jackpots","article_modified_time":"2023-03-13T17:37:23+00:00","og_image":[{"url":"https:\/\/content.redfoxlotto.com\/uploads\/sites\/9\/1_online_jackpot_lotto.jpg"}],"twitter_card":"summary_large_image","twitter_misc":{"Becs\u00fclt olvas\u00e1si id\u0151":"2 perc"},"schema":{"@context":"https:\/\/schema.org","@graph":[{"@type":"WebPage","@id":"https:\/\/redfoxlotto.com\/hu\/lottojatekok\/saturday-lotto-au\/","url":"https:\/\/redfoxlotto.com\/hu\/lottojatekok\/saturday-lotto-au\/","name":"Szombati lott\u00f3 | Amit a szombati lott\u00f3r\u00f3l tudni kell","isPartOf":{"@id":"https:\/\/redfoxlotto.com\/hu\/#website"},"primaryImageOfPage":{"@id":"https:\/\/redfoxlotto.com\/hu\/lottojatekok\/saturday-lotto-au\/#primaryimage"},"image":{"@id":"https:\/\/redfoxlotto.com\/hu\/lottojatekok\/saturday-lotto-au\/#primaryimage"},"thumbnailUrl":"https:\/\/content.redfoxlotto.com\/uploads\/sites\/9\/1_online_jackpot_lotto.jpg","datePublished":"2018-11-18T08:54:25+00:00","dateModified":"2023-03-13T17:37:23+00:00","description":"N\u00f6velje nyer\u00e9si es\u00e9lyeit a szombati lott\u00f3n, ha ismeri ezeket az inform\u00e1ci\u00f3kat r\u00f3luk.","breadcrumb":{"@id":"https:\/\/redfoxlotto.com\/hu\/lottojatekok\/saturday-lotto-au\/#breadcrumb"},"inLanguage":"hu","potentialAction":[{"@type":"ReadAction","target":["https:\/\/redfoxlotto.com\/hu\/lottojatekok\/saturday-lotto-au\/"]}]},{"@type":"ImageObject","inLanguage":"hu","@id":"https:\/\/redfoxlotto.com\/hu\/lottojatekok\/saturday-lotto-au\/#primaryimage","url":"https:\/\/content.redfoxlotto.com\/uploads\/sites\/9\/1_online_jackpot_lotto.jpg","contentUrl":"https:\/\/content.redfoxlotto.com\/uploads\/sites\/9\/1_online_jackpot_lotto.jpg"},{"@type":"BreadcrumbList","@id":"https:\/\/redfoxlotto.com\/hu\/lottojatekok\/saturday-lotto-au\/#breadcrumb","itemListElement":[{"@type":"ListItem","position":1,"name":"Home","item":"https:\/\/redfoxlotto.com\/hu\/"},{"@type":"ListItem","position":2,"name":"Lott\u00f3j\u00e1t\u00e9kok Online &#8211; lott\u00f3 nyerem\u00e9nyek \u00e9s online lotto jackpot","item":"https:\/\/redfoxlotto.com\/hu\/lottojatekok\/"},{"@type":"ListItem","position":3,"name":"A szombati lott\u00f3r\u00f3l"}]},{"@type":"WebSite","@id":"https:\/\/redfoxlotto.com\/hu\/#website","url":"https:\/\/redfoxlotto.com\/hu\/","name":"Get Tickets for the World\u2019s largest jackpots","description":"Participate in worldwide lottery jackpots from any country","publisher":{"@id":"https:\/\/redfoxlotto.com\/hu\/#organization"},"potentialAction":[{"@type":"SearchAction","target":{"@type":"EntryPoint","urlTemplate":"https:\/\/redfoxlotto.com\/hu\/?s={search_term_string}"},"query-input":{"@type":"PropertyValueSpecification","valueRequired":true,"valueName":"search_term_string"}}],"inLanguage":"hu"},{"@type":"Organization","@id":"https:\/\/redfoxlotto.com\/hu\/#organization","name":"Get Tickets for the World\u2019s largest jackpots","url":"https:\/\/redfoxlotto.com\/hu\/","logo":{"@type":"ImageObject","inLanguage":"hu","@id":"https:\/\/redfoxlotto.com\/hu\/#\/schema\/logo\/image\/","url":"https:\/\/redfoxlotto.com\/wp-content\/uploads\/2023\/04\/logo.png","contentUrl":"https:\/\/redfoxlotto.com\/wp-content\/uploads\/2023\/04\/logo.png","width":269,"height":53,"caption":"Get Tickets for the World\u2019s largest jackpots"},"image":{"@id":"https:\/\/redfoxlotto.com\/hu\/#\/schema\/logo\/image\/"}}]}},"_links":{"self":[{"href":"https:\/\/redfoxlotto.com\/hu\/wp-json\/wp\/v2\/pages\/55231","targetHints":{"allow":["GET"]}}],"collection":[{"href":"https:\/\/redfoxlotto.com\/hu\/wp-json\/wp\/v2\/pages"}],"about":[{"href":"https:\/\/redfoxlotto.com\/hu\/wp-json\/wp\/v2\/types\/page"}],"author":[{"embeddable":true,"href":"https:\/\/redfoxlotto.com\/hu\/wp-json\/wp\/v2\/users\/1"}],"replies":[{"embeddable":true,"href":"https:\/\/redfoxlotto.com\/hu\/wp-json\/wp\/v2\/comments?post=55231"}],"version-history":[{"count":0,"href":"https:\/\/redfoxlotto.com\/hu\/wp-json\/wp\/v2\/pages\/55231\/revisions"}],"up":[{"embeddable":true,"href":"https:\/\/redfoxlotto.com\/hu\/wp-json\/wp\/v2\/pages\/55209"}],"wp:attachment":[{"href":"https:\/\/redfoxlotto.com\/hu\/wp-json\/wp\/v2\/media?parent=55231"}],"curies":[{"name":"wp","href":"https:\/\/api.w.org\/{rel}","templated":true}]}}