{"id":55229,"date":"2018-11-18T08:54:25","date_gmt":"2018-11-18T08:54:25","guid":{"rendered":"https:\/\/redfoxlotto.com\/?page_id=21586"},"modified":"2025-12-18T10:59:17","modified_gmt":"2025-12-18T10:59:17","slug":"powerball","status":"publish","type":"page","link":"https:\/\/redfoxlotto.com\/hu\/lottojatekok\/powerball\/","title":{"rendered":"A Powerballr\u00f3l"},"content":{"rendered":"<script type=\"application\/ld+json\">\r\n{\r\n  \"@context\": \"https:\/\/schema.org\",\r\n  \"@type\": \"Service\",\r\n  \"name\": \"J\u00e1tsszon Powerball-lal online\",\r\n  \"url\": \"https:\/\/redfoxlotto.com\/hu\/lotteries\/powerball\",\r\n  \"description\": \"V\u00e1s\u00e1roljon hivatalos Powerball lott\u00f3szelv\u00e9nyeket online b\u00e1rmely orsz\u00e1gb\u00f3l. L\u00e1togasson el a RedFoxLotto oldal\u00e1ra, v\u00e1lassza ki a sz\u00e1mait, \u00e9s vegyen r\u00e9szt a k\u00f6vetkez\u0151 sorsol\u00e1son.\",\r\n  \"serviceType\": \"Online lott\u00f3szelv\u00e9ny szolg\u00e1ltat\u00e1s\",\r\n\r\n  \"provider\": {\r\n    \"@type\": \"Organization\",\r\n    \"name\": \"RedFoxLotto\",\r\n    \"url\": \"https:\/\/redfoxlotto.com\/hu\/\",\r\n    \"image\": \"https:\/\/redfoxlotto.com\/wp-content\/uploads\/2025\/12\/ticket_scans.jpg\",\r\n    \"sameAs\": []\r\n  },\r\n\r\n  \"areaServed\": \"Worldwide\",\r\n  \"termsOfService\": \"https:\/\/redfoxlotto.com\/terms-and-conditions\",\r\n\r\n  \"additionalProperty\": {\r\n    \"@type\": \"PropertyValue\",\r\n    \"name\": \"FAQ\",\r\n    \"value\": \"https:\/\/redfoxlotto.com\/hu\/faq\/\"\r\n  },\r\n\r\n  \"hasOfferCatalog\": {\r\n    \"@type\": \"OfferCatalog\",\r\n    \"name\": \"Powerball lott\u00f3szelv\u00e9nyek\",\r\n    \"itemListElement\": [\r\n      {\r\n        \"@type\": \"Offer\",\r\n        \"name\": \"Powerball szelv\u00e9nyek\",\r\n        \"url\": \"https:\/\/redfoxlotto.com\/hu\/lotteries\/powerball\",\r\n        \"description\": \"V\u00e1s\u00e1roljon val\u00f3di szelv\u00e9nyeket online a k\u00f6vetkez\u0151 Powerball sorsol\u00e1shoz a RedFoxLotto-n\u00e1l.\",\r\n        \"price\": \"5.90\",\r\n        \"priceCurrency\": \"\u20ac\",\r\n        \"availability\": \"https:\/\/schema.org\/InStock\",\r\n\r\n        \"itemOffered\": {\r\n          \"@type\": \"Service\",\r\n          \"name\": \"Powerball lott\u00f3szelv\u00e9nyek\",\r\n          \"description\": \"Vegyen r\u00e9szt a k\u00f6vetkez\u0151 Powerball sorsol\u00e1son \u2013 v\u00e1s\u00e1rolja meg szelv\u00e9nyeit online a RedFoxLotto-n kereszt\u00fcl.\"\r\n        }\r\n      }\r\n    ]\r\n  },\r\n\r\n  \"mainEntityOfPage\": {\r\n    \"@type\": \"WebPage\",\r\n    \"@id\": \"https:\/\/redfoxlotto.com\/hu\/lotteries\/powerball\"\r\n  }\r\n}\r\n<\/script><p>A Powerball val\u00f3sz\u00edn\u0171leg a legismertebb lott\u00f3j\u00e1t\u00e9k vil\u00e1gszerte, \u00e9s ennek van n\u00e9h\u00e1ny igaz\u00e1n j\u00f3 oka.<\/p>\r\n<p>A vil\u00e1g minden t\u00e1j\u00e1r\u00f3l j\u00e1t\u00e9kosok milli\u00f3i vesznek r\u00e9szt a j\u00e1t\u00e9kban. S\u0151t, nem csak az Egyes\u00fclt \u00c1llamokban, hanem online m\u00e1s orsz\u00e1gokb\u00f3l is, mint p\u00e9ld\u00e1ul \u00c9sztorsz\u00e1gb\u00f3l is v\u00e1laszthatja a Powerball szelv\u00e9nyek online v\u00e1s\u00e1rl\u00e1s\u00e1t.<\/p>\r\n<p><img decoding=\"async\" class=\"wp-image alignright\" src=\"https:\/\/redfoxlotto.com\/wp-content\/uploads\/sites\/9\/ticket_powerball3.jpg\" alt=\"Powerball lott\u00f3\" \/><\/p>\r\n<p>A sorsol\u00e1sokra minden szombaton \u00e9s szerd\u00e1n ker\u00fcl sor, ami azt jelenti, hogy k\u00e9tszer annyi lehet\u0151s\u00e9ged lesz r\u00e9szt venni \u00e9s szelv\u00e9nyt v\u00e1s\u00e1rolni. Ami igaz\u00e1n izgalmas, hogy a Powerballban valaha el\u00e9rt legnagyobb jackpot 1 586 400 000 doll\u00e1r volt!<\/p>\r\n<h2>Powerball lott\u00f3 vil\u00e1gszerte<\/h2>\r\n<p>Weboldalunk seg\u00edts\u00e9g\u00e9vel most \u00d6n is Powerball-multimilliomoss\u00e1 v\u00e1lhat. Lehet\u0151s\u00e9get biztos\u00edtunk \u00d6nnek arra, hogy online v\u00e1s\u00e1roljon Powerball szelv\u00e9nyeket. \u00d6nnek pedig csak annyit kell tennie, hogy megn\u00e9zi, mit tartalmaz a rendszer\u00fcnk. Megl\u00e1tja majd, hogy a weboldalunkon val\u00f3 egyszer\u0171 bejelentkez\u00e9st\u0151l n\u00e9h\u00e1ny egyszer\u0171 l\u00e9p\u00e9sben eljuthat od\u00e1ig, hogy az els\u0151 szelv\u00e9nye m\u00e1r a sz\u00e1ml\u00e1j\u00e1n v\u00e1rja. N\u00e9zz\u00fck meg teh\u00e1t k\u00f6zelebbr\u0151l, hogy mit kell tennie.<\/p>\r\n<h2>Hogyan v\u00e1s\u00e1rolhatsz Powerball szelv\u00e9nyt online Magyarorsz\u00e1gr\u00f3l<\/h2>\r\n<p>Az els\u0151 l\u00e9p\u00e9s egyszer\u0171en az, hogy megn\u00e9zz\u00fck a k\u00fcl\u00f6nb\u00f6z\u0151 lott\u00f3j\u00e1t\u00e9kokat, amelyek el\u00e9rhet\u0151ek n\u00e1lunk. Szerencs\u00e9dre sz\u00e1mos nagyszer\u0171 szelv\u00e9ny \u00e9s j\u00e1t\u00e9k \u00e1ll rendelkez\u00e9sedre, mert szeretn\u00e9nk, ha az \u00f6sszes top jackpotb\u00f3l r\u00e9szes\u00fclhetn\u00e9l. Teh\u00e1t a vil\u00e1g \u00f6sszes legnagyobb j\u00e1t\u00e9ka el\u00e9rhet\u0151 \u00c9sztorsz\u00e1gb\u00f3l, a weboldalunkon kereszt\u00fcl. \u00d6n csak vet egy pillant\u00e1st a rendelkez\u00e9sre \u00e1ll\u00f3 j\u00e1t\u00e9kokra, majd eld\u00f6nti, hogy melyiket szeretn\u00e9 j\u00e1tszani.<\/p>\r\n<p>Miut\u00e1n d\u00f6nt\u00f6tt\u00e9l egy j\u00e1t\u00e9k mellett (jelen esetben a Powerball), csak kattints a linkre, \u00e9s l\u00e9pj be az oldalra. Tov\u00e1bbi inform\u00e1ci\u00f3kat fogsz l\u00e1tni a j\u00e1t\u00e9kr\u00f3l, \u00e9s inform\u00e1ci\u00f3kat fogsz l\u00e1tni arr\u00f3l, hogyan szerezheted meg a saj\u00e1t szelv\u00e9nyedet. M\u00e1r csak ki kell v\u00e1lasztani a k\u00edv\u00e1nt sz\u00e1mokat. Term\u00e9szetesen v\u00e1laszthatsz egy gyors tippet is, ha nem tudod, milyen sz\u00e1mokat szeretn\u00e9l.<\/p>\r\n<p>Weboldalunkon, amikor elkezdi kiv\u00e1lasztani a sz\u00e1mokat, pontosan megmondjuk, hogy h\u00e1nyra van sz\u00fcks\u00e9ge, \u00e9s gondoskodunk arr\u00f3l, hogy ne legyen t\u00fal sok vagy t\u00fal kev\u00e9s ahhoz, hogy \u00e9rv\u00e9nyes szelv\u00e9nyt kapjon. Lehet\u0151s\u00e9ge lesz arra is, hogy a v\u00e9letlenszer\u0171en kiv\u00e1lasztott \u00e9s a szem\u00e9lyesen kiv\u00e1lasztott sz\u00e1mok kombin\u00e1ci\u00f3j\u00e1t v\u00e1lassza, ahogyan szeretn\u00e9. T\u00f6bb jegyet is v\u00e1laszthatsz a j\u00e1t\u00e9khoz.<\/p>\r\n<p>Innen a szelv\u00e9nyeket a kosaradba teheted, majd tov\u00e1bbi szelv\u00e9nyeket v\u00e1laszthatsz a Powerballb\u00f3l vagy m\u00e1s j\u00e1t\u00e9kokb\u00f3l, amelyeken j\u00e1tszani szeretn\u00e9l. Ezut\u00e1n m\u00e1r csak a saj\u00e1t fi\u00f3kodat kell l\u00e9trehoznod. Amikor ezt megteszed, n\u00e9h\u00e1ny szem\u00e9lyes adatot fogunk k\u00e9rdezni t\u0151led, amelyekkel biztons\u00e1gosabb lesz, amikor szelv\u00e9nyeket akarsz v\u00e1s\u00e1rolni, \u00e9s amikor p\u00e9nzt akarsz kivenni a sz\u00e1ml\u00e1dr\u00f3l. Emellett minden olyan sz\u00e1ml\u00e1t be tudsz majd \u00e1ll\u00edtani, amit csak szeretn\u00e9l.<\/p>\r\n<h2>Az online Powerball szelv\u00e9nyek szab\u00e1lyai<\/h2>\r\n<p>Amikor a Powerball szelv\u00e9ny be\u00e1ll\u00edt\u00e1s\u00e1r\u00f3l van sz\u00f3, tudni akarsz mindent a szab\u00e1lyokr\u00f3l, amelyeket be kell tartanod, \u00e9s arr\u00f3l, hogy hogyan fogod kiv\u00e1lasztani a szelv\u00e9nyt. Sz\u00f3val, mit kell tennie?<\/p>\r\n<p>5 sz\u00e1mot kell kiv\u00e1lasztania 1 \u00e9s 69 k\u00f6z\u00f6tt, valamint egy Powerball-sz\u00e1mot 1 \u00e9s 26 k\u00f6z\u00f6tt. A szelv\u00e9nyen mind a hat sz\u00e1mnak egyeznie kell. Ezut\u00e1n megnyerte a jackpotot. Ha csak az els\u0151 5 sz\u00e1mot tal\u00e1lja el helyesen, akkor a szelv\u00e9nye a m\u00e1sodoszt\u00e1ly\u00fa nyerem\u00e9nyt nyeri. Ezzel m\u00e9g mindig 1 milli\u00f3 doll\u00e1rral leszel gazdagabb. A Powerball jackpot nyerem\u00e9nye egyszeri kifizet\u00e9sk\u00e9nt vagy 30 \u00e9ves r\u00e9szletekben is kifizethet\u0151.<\/p>\r\n<h2>V\u00e1s\u00e1roljon Powerball szelv\u00e9nyt online \u00e9s nyerjen!<\/h2>\r\n<p>Mi t\u00f6rt\u00e9nik akkor, ha val\u00f3ban megnyeri a Powerball jackpotot? Nagyon j\u00f3 m\u00f3ka lesz, \u00e9s biztosan szuper izgatott leszel. Nos, akkor is tervezned kell egy utaz\u00e1st az Egyes\u00fclt \u00c1llamokba, mert szeretnek nagy \u00fcgyet csin\u00e1lni azokb\u00f3l az emberekb\u0151l, akik t\u00e9nyleg nyernek.<\/p>\r\n<p>Ez azt jelenti, hogy f\u00e9nyk\u00e9peket k\u00e9sz\u00edtenek, \u00e1tadnak neked egy nagy csekket \u00e9s m\u00e9g sok minden m\u00e1st, \u00e9s mi gondoskodunk r\u00f3la, hogy felk\u00e9sz\u00fclj erre a szelv\u00e9nnyel \u00e9s a nyerem\u00e9nyed \u00e1tv\u00e9tel\u00e9hez sz\u00fcks\u00e9ges inform\u00e1ci\u00f3kkal.<\/p>\r\n<p><img decoding=\"async\" class=\"size-full wp-image alignright\" src=\"https:\/\/content.redfoxlotto.com\/uploads\/sites\/9\/1_buy_lottery_online.jpg\" alt=\"szelv\u00e9nyt v\u00e1s\u00e1rolni online\" \/><\/p>\r\n<p>Ha alacsonyabb szint\u0171 nyerem\u00e9nyt nyersz, a p\u00e9nzt k\u00f6zvetlen\u00fcl a sz\u00e1ml\u00e1dra tudjuk utalni, \u00edgy azt a sz\u00e1ml\u00e1dra veheted fel, vagy felhaszn\u00e1lhatod tov\u00e1bbi szelv\u00e9nyek v\u00e1s\u00e1rl\u00e1s\u00e1ra. Azok sz\u00e1m\u00e1ra, akik nagyobb nyerem\u00e9nyt nyernek, de nem a jackpotot, lehet\u0151s\u00e9g\u00fck lesz k\u00f6zvetlen \u00e1tutal\u00e1sra a sz\u00e1ml\u00e1jukra, mi pedig felvessz\u00fck \u00f6nnel a kapcsolatot, hogy t\u00e1j\u00e9koztassuk, mit kell tennie, \u00e9s hogyan tudja mindezt be\u00e1ll\u00edtani. De honnan fogod tudni?<\/p>\r\n<p>Ha folyamatosan ellen\u0151rz\u00f6d a sz\u00e1ml\u00e1dat, akkor l\u00e1thatod a jegyed friss\u00edt\u00e9seit, \u00e9s l\u00e1thatod az egyez\u0151 sz\u00e1mokat. A kisebb \u00f6sszegek\u00e9rt j\u00e1r\u00f3 p\u00e9nzt is azonnal \u00e1tutalj\u00e1k a sz\u00e1ml\u00e1dra. B\u00e1rmilyen \u00f6sszeg, amit nyersz, viszont megjelenik az e-mailben. Ez azt jelenti, hogy egyszer\u0171en csak megn\u00e9zheted az e-mailt, \u00e9s l\u00e1thatod, hogy nyert\u00e9l, \u00edgy azonnal \u00e1tmehetsz a sz\u00e1ml\u00e1dra.<\/p>\r\n<h2>\u00daj j\u00e1t\u00e9kok j\u00e1tsz\u00e1sa<\/h2>\r\n<p>Ha k\u00e9szen \u00e1llsz arra, hogy elkezdj j\u00e1tszani, \u00e9s szeretn\u00e9l Powerball szelv\u00e9nyeket v\u00e1s\u00e1rolni online, akkor mindenk\u00e9ppen meg akarsz n\u00e9zni n\u00e9h\u00e1ny m\u00e1s lehet\u0151s\u00e9get is. Val\u00f3j\u00e1ban n\u00e1lunk a legmen\u0151bb lott\u00f3j\u00e1t\u00e9kok zajlanak b\u00e1rhol a vil\u00e1gon, \u00e9s neked csak el kell d\u00f6ntened, hogy melyik lesz a kedvenced, \u00e9s melyiket szeretn\u00e9d legk\u00f6zelebb kipr\u00f3b\u00e1lni.<\/p>\r\n<p>N\u00e9zze meg teh\u00e1t gyorsan, hogy mi \u00e1ll rendelkez\u00e9sre, \u00e9s hogyan veheti fel az \u00f6sszes szelv\u00e9nyt, amit szeretne. \u00c9s gy\u0151z\u0151dj\u00f6n meg arr\u00f3l is, hogy minden inform\u00e1ci\u00f3t megn\u00e9z, amit az egyes j\u00e1t\u00e9kokr\u00f3l tal\u00e1l, hogy mikor lesz a sorsol\u00e1s, mennyit nyerhet, \u00e9s m\u00e9g sok minden m\u00e1st.<\/p>\r\n<p>Szeretne online j\u00e1tszani \u00e9s Powerball szelv\u00e9nyeket szerezni? Kezdje el most, itt.<\/p>","protected":false},"excerpt":{"rendered":"<p>A Powerball val\u00f3sz\u00edn\u0171leg a legismertebb lott\u00f3j\u00e1t\u00e9k vil\u00e1gszerte, \u00e9s ennek van n\u00e9h\u00e1ny igaz\u00e1n j\u00f3 oka. A vil\u00e1g minden t\u00e1j\u00e1r\u00f3l j\u00e1t\u00e9kosok milli\u00f3i vesznek r\u00e9szt a j\u00e1t\u00e9kban. S\u0151t, nem csak az Egyes\u00fclt \u00c1llamokban, hanem online m\u00e1s orsz\u00e1gokb\u00f3l is, mint p\u00e9ld\u00e1ul \u00c9sztorsz\u00e1gb\u00f3l is v\u00e1laszthatja a Powerball szelv\u00e9nyek online v\u00e1s\u00e1rl\u00e1s\u00e1t. A sorsol\u00e1sokra minden szombaton \u00e9s szerd\u00e1n ker\u00fcl sor, ami azt [&hellip;]<\/p>\n","protected":false},"author":1,"featured_media":0,"parent":55209,"menu_order":1,"comment_status":"closed","ping_status":"closed","template":"powerball-usa-info.php","meta":{"_et_pb_use_builder":"","_et_pb_old_content":"","_et_gb_content_width":"","exclude_from_search":false,"footnotes":""},"class_list":["post-55229","page","type-page","status-publish","hentry"],"yoast_head":"<!-- This site is optimized with the Yoast SEO plugin v23.8 - https:\/\/yoast.com\/wordpress\/plugins\/seo\/ -->\n<title>V\u00e1s\u00e1roljon online Powerball szelv\u00e9nyeket a Magyarorsz\u00e1gr\u00f3l| Nyerjen Powerballt itt<\/title>\n<meta name=\"description\" content=\"Hogyan lehet online szelv\u00e9nyt v\u00e1s\u00e1rolni a Powerball Lotto USA-ra? Szolg\u00e1ltat\u00e1sunk c\u00e9lja, hogy \u00d6n Magyarorsz\u00e1gr\u00f3l is r\u00e9szt vehessen a Powerball USA lott\u00f3versenyen.\" \/>\n<meta name=\"robots\" content=\"index, follow, max-snippet:-1, max-image-preview:large, max-video-preview:-1\" \/>\n<link rel=\"canonical\" href=\"https:\/\/redfoxlotto.com\/hu\/lottojatekok\/powerball\/\" \/>\n<meta property=\"og:locale\" content=\"hu_HU\" \/>\n<meta property=\"og:type\" content=\"article\" \/>\n<meta property=\"og:title\" content=\"V\u00e1s\u00e1roljon online Powerball szelv\u00e9nyeket a Magyarorsz\u00e1gr\u00f3l| Nyerjen Powerballt itt\" \/>\n<meta property=\"og:description\" content=\"Hogyan lehet online szelv\u00e9nyt v\u00e1s\u00e1rolni a Powerball Lotto USA-ra? Szolg\u00e1ltat\u00e1sunk c\u00e9lja, hogy \u00d6n Magyarorsz\u00e1gr\u00f3l is r\u00e9szt vehessen a Powerball USA lott\u00f3versenyen.\" \/>\n<meta property=\"og:url\" content=\"https:\/\/redfoxlotto.com\/hu\/lottojatekok\/powerball\/\" \/>\n<meta property=\"og:site_name\" content=\"Get Tickets for the World\u2019s largest jackpots\" \/>\n<meta property=\"article:modified_time\" content=\"2025-12-18T10:59:17+00:00\" \/>\n<meta property=\"og:image\" content=\"https:\/\/redfoxlotto.com\/wp-content\/uploads\/sites\/9\/ticket_powerball3.jpg\" \/>\n<meta name=\"twitter:card\" content=\"summary_large_image\" \/>\n<meta name=\"twitter:label1\" content=\"Becs\u00fclt olvas\u00e1si id\u0151\" \/>\n\t<meta name=\"twitter:data1\" content=\"4 perc\" \/>\n<script type=\"application\/ld+json\" class=\"yoast-schema-graph\">{\"@context\":\"https:\/\/schema.org\",\"@graph\":[{\"@type\":\"WebPage\",\"@id\":\"https:\/\/redfoxlotto.com\/hu\/lottojatekok\/powerball\/\",\"url\":\"https:\/\/redfoxlotto.com\/hu\/lottojatekok\/powerball\/\",\"name\":\"V\u00e1s\u00e1roljon online Powerball szelv\u00e9nyeket a Magyarorsz\u00e1gr\u00f3l| Nyerjen Powerballt itt\",\"isPartOf\":{\"@id\":\"https:\/\/redfoxlotto.com\/hu\/#website\"},\"primaryImageOfPage\":{\"@id\":\"https:\/\/redfoxlotto.com\/hu\/lottojatekok\/powerball\/#primaryimage\"},\"image\":{\"@id\":\"https:\/\/redfoxlotto.com\/hu\/lottojatekok\/powerball\/#primaryimage\"},\"thumbnailUrl\":\"https:\/\/redfoxlotto.com\/wp-content\/uploads\/sites\/9\/ticket_powerball3.jpg\",\"datePublished\":\"2018-11-18T08:54:25+00:00\",\"dateModified\":\"2025-12-18T10:59:17+00:00\",\"description\":\"Hogyan lehet online szelv\u00e9nyt v\u00e1s\u00e1rolni a Powerball Lotto USA-ra? Szolg\u00e1ltat\u00e1sunk c\u00e9lja, hogy \u00d6n Magyarorsz\u00e1gr\u00f3l is r\u00e9szt vehessen a Powerball USA lott\u00f3versenyen.\",\"breadcrumb\":{\"@id\":\"https:\/\/redfoxlotto.com\/hu\/lottojatekok\/powerball\/#breadcrumb\"},\"inLanguage\":\"hu\",\"potentialAction\":[{\"@type\":\"ReadAction\",\"target\":[\"https:\/\/redfoxlotto.com\/hu\/lottojatekok\/powerball\/\"]}]},{\"@type\":\"ImageObject\",\"inLanguage\":\"hu\",\"@id\":\"https:\/\/redfoxlotto.com\/hu\/lottojatekok\/powerball\/#primaryimage\",\"url\":\"https:\/\/redfoxlotto.com\/wp-content\/uploads\/sites\/9\/ticket_powerball3.jpg\",\"contentUrl\":\"https:\/\/redfoxlotto.com\/wp-content\/uploads\/sites\/9\/ticket_powerball3.jpg\"},{\"@type\":\"BreadcrumbList\",\"@id\":\"https:\/\/redfoxlotto.com\/hu\/lottojatekok\/powerball\/#breadcrumb\",\"itemListElement\":[{\"@type\":\"ListItem\",\"position\":1,\"name\":\"Home\",\"item\":\"https:\/\/redfoxlotto.com\/hu\/\"},{\"@type\":\"ListItem\",\"position\":2,\"name\":\"Lott\u00f3j\u00e1t\u00e9kok Online &#8211; lott\u00f3 nyerem\u00e9nyek \u00e9s online lotto jackpot\",\"item\":\"https:\/\/redfoxlotto.com\/hu\/lottojatekok\/\"},{\"@type\":\"ListItem\",\"position\":3,\"name\":\"A Powerballr\u00f3l\"}]},{\"@type\":\"WebSite\",\"@id\":\"https:\/\/redfoxlotto.com\/hu\/#website\",\"url\":\"https:\/\/redfoxlotto.com\/hu\/\",\"name\":\"Get Tickets for the World\u2019s largest jackpots\",\"description\":\"Participate in worldwide lottery jackpots from any country\",\"publisher\":{\"@id\":\"https:\/\/redfoxlotto.com\/hu\/#organization\"},\"potentialAction\":[{\"@type\":\"SearchAction\",\"target\":{\"@type\":\"EntryPoint\",\"urlTemplate\":\"https:\/\/redfoxlotto.com\/hu\/?s={search_term_string}\"},\"query-input\":{\"@type\":\"PropertyValueSpecification\",\"valueRequired\":true,\"valueName\":\"search_term_string\"}}],\"inLanguage\":\"hu\"},{\"@type\":\"Organization\",\"@id\":\"https:\/\/redfoxlotto.com\/hu\/#organization\",\"name\":\"Get Tickets for the World\u2019s largest jackpots\",\"url\":\"https:\/\/redfoxlotto.com\/hu\/\",\"logo\":{\"@type\":\"ImageObject\",\"inLanguage\":\"hu\",\"@id\":\"https:\/\/redfoxlotto.com\/hu\/#\/schema\/logo\/image\/\",\"url\":\"https:\/\/redfoxlotto.com\/wp-content\/uploads\/2023\/04\/logo.png\",\"contentUrl\":\"https:\/\/redfoxlotto.com\/wp-content\/uploads\/2023\/04\/logo.png\",\"width\":269,\"height\":53,\"caption\":\"Get Tickets for the World\u2019s largest jackpots\"},\"image\":{\"@id\":\"https:\/\/redfoxlotto.com\/hu\/#\/schema\/logo\/image\/\"}}]}<\/script>\n<!-- \/ Yoast SEO plugin. -->","yoast_head_json":{"title":"V\u00e1s\u00e1roljon online Powerball szelv\u00e9nyeket a Magyarorsz\u00e1gr\u00f3l| Nyerjen Powerballt itt","description":"Hogyan lehet online szelv\u00e9nyt v\u00e1s\u00e1rolni a Powerball Lotto USA-ra? Szolg\u00e1ltat\u00e1sunk c\u00e9lja, hogy \u00d6n Magyarorsz\u00e1gr\u00f3l is r\u00e9szt vehessen a Powerball USA lott\u00f3versenyen.","robots":{"index":"index","follow":"follow","max-snippet":"max-snippet:-1","max-image-preview":"max-image-preview:large","max-video-preview":"max-video-preview:-1"},"canonical":"https:\/\/redfoxlotto.com\/hu\/lottojatekok\/powerball\/","og_locale":"hu_HU","og_type":"article","og_title":"V\u00e1s\u00e1roljon online Powerball szelv\u00e9nyeket a Magyarorsz\u00e1gr\u00f3l| Nyerjen Powerballt itt","og_description":"Hogyan lehet online szelv\u00e9nyt v\u00e1s\u00e1rolni a Powerball Lotto USA-ra? Szolg\u00e1ltat\u00e1sunk c\u00e9lja, hogy \u00d6n Magyarorsz\u00e1gr\u00f3l is r\u00e9szt vehessen a Powerball USA lott\u00f3versenyen.","og_url":"https:\/\/redfoxlotto.com\/hu\/lottojatekok\/powerball\/","og_site_name":"Get Tickets for the World\u2019s largest jackpots","article_modified_time":"2025-12-18T10:59:17+00:00","og_image":[{"url":"https:\/\/redfoxlotto.com\/wp-content\/uploads\/sites\/9\/ticket_powerball3.jpg"}],"twitter_card":"summary_large_image","twitter_misc":{"Becs\u00fclt olvas\u00e1si id\u0151":"4 perc"},"schema":{"@context":"https:\/\/schema.org","@graph":[{"@type":"WebPage","@id":"https:\/\/redfoxlotto.com\/hu\/lottojatekok\/powerball\/","url":"https:\/\/redfoxlotto.com\/hu\/lottojatekok\/powerball\/","name":"V\u00e1s\u00e1roljon online Powerball szelv\u00e9nyeket a Magyarorsz\u00e1gr\u00f3l| Nyerjen Powerballt itt","isPartOf":{"@id":"https:\/\/redfoxlotto.com\/hu\/#website"},"primaryImageOfPage":{"@id":"https:\/\/redfoxlotto.com\/hu\/lottojatekok\/powerball\/#primaryimage"},"image":{"@id":"https:\/\/redfoxlotto.com\/hu\/lottojatekok\/powerball\/#primaryimage"},"thumbnailUrl":"https:\/\/redfoxlotto.com\/wp-content\/uploads\/sites\/9\/ticket_powerball3.jpg","datePublished":"2018-11-18T08:54:25+00:00","dateModified":"2025-12-18T10:59:17+00:00","description":"Hogyan lehet online szelv\u00e9nyt v\u00e1s\u00e1rolni a Powerball Lotto USA-ra? Szolg\u00e1ltat\u00e1sunk c\u00e9lja, hogy \u00d6n Magyarorsz\u00e1gr\u00f3l is r\u00e9szt vehessen a Powerball USA lott\u00f3versenyen.","breadcrumb":{"@id":"https:\/\/redfoxlotto.com\/hu\/lottojatekok\/powerball\/#breadcrumb"},"inLanguage":"hu","potentialAction":[{"@type":"ReadAction","target":["https:\/\/redfoxlotto.com\/hu\/lottojatekok\/powerball\/"]}]},{"@type":"ImageObject","inLanguage":"hu","@id":"https:\/\/redfoxlotto.com\/hu\/lottojatekok\/powerball\/#primaryimage","url":"https:\/\/redfoxlotto.com\/wp-content\/uploads\/sites\/9\/ticket_powerball3.jpg","contentUrl":"https:\/\/redfoxlotto.com\/wp-content\/uploads\/sites\/9\/ticket_powerball3.jpg"},{"@type":"BreadcrumbList","@id":"https:\/\/redfoxlotto.com\/hu\/lottojatekok\/powerball\/#breadcrumb","itemListElement":[{"@type":"ListItem","position":1,"name":"Home","item":"https:\/\/redfoxlotto.com\/hu\/"},{"@type":"ListItem","position":2,"name":"Lott\u00f3j\u00e1t\u00e9kok Online &#8211; lott\u00f3 nyerem\u00e9nyek \u00e9s online lotto jackpot","item":"https:\/\/redfoxlotto.com\/hu\/lottojatekok\/"},{"@type":"ListItem","position":3,"name":"A Powerballr\u00f3l"}]},{"@type":"WebSite","@id":"https:\/\/redfoxlotto.com\/hu\/#website","url":"https:\/\/redfoxlotto.com\/hu\/","name":"Get Tickets for the World\u2019s largest jackpots","description":"Participate in worldwide lottery jackpots from any country","publisher":{"@id":"https:\/\/redfoxlotto.com\/hu\/#organization"},"potentialAction":[{"@type":"SearchAction","target":{"@type":"EntryPoint","urlTemplate":"https:\/\/redfoxlotto.com\/hu\/?s={search_term_string}"},"query-input":{"@type":"PropertyValueSpecification","valueRequired":true,"valueName":"search_term_string"}}],"inLanguage":"hu"},{"@type":"Organization","@id":"https:\/\/redfoxlotto.com\/hu\/#organization","name":"Get Tickets for the World\u2019s largest jackpots","url":"https:\/\/redfoxlotto.com\/hu\/","logo":{"@type":"ImageObject","inLanguage":"hu","@id":"https:\/\/redfoxlotto.com\/hu\/#\/schema\/logo\/image\/","url":"https:\/\/redfoxlotto.com\/wp-content\/uploads\/2023\/04\/logo.png","contentUrl":"https:\/\/redfoxlotto.com\/wp-content\/uploads\/2023\/04\/logo.png","width":269,"height":53,"caption":"Get Tickets for the World\u2019s largest jackpots"},"image":{"@id":"https:\/\/redfoxlotto.com\/hu\/#\/schema\/logo\/image\/"}}]}},"_links":{"self":[{"href":"https:\/\/redfoxlotto.com\/hu\/wp-json\/wp\/v2\/pages\/55229","targetHints":{"allow":["GET"]}}],"collection":[{"href":"https:\/\/redfoxlotto.com\/hu\/wp-json\/wp\/v2\/pages"}],"about":[{"href":"https:\/\/redfoxlotto.com\/hu\/wp-json\/wp\/v2\/types\/page"}],"author":[{"embeddable":true,"href":"https:\/\/redfoxlotto.com\/hu\/wp-json\/wp\/v2\/users\/1"}],"replies":[{"embeddable":true,"href":"https:\/\/redfoxlotto.com\/hu\/wp-json\/wp\/v2\/comments?post=55229"}],"version-history":[{"count":0,"href":"https:\/\/redfoxlotto.com\/hu\/wp-json\/wp\/v2\/pages\/55229\/revisions"}],"up":[{"embeddable":true,"href":"https:\/\/redfoxlotto.com\/hu\/wp-json\/wp\/v2\/pages\/55209"}],"wp:attachment":[{"href":"https:\/\/redfoxlotto.com\/hu\/wp-json\/wp\/v2\/media?parent=55229"}],"curies":[{"name":"wp","href":"https:\/\/api.w.org\/{rel}","templated":true}]}}