{"id":55228,"date":"2018-11-18T08:54:25","date_gmt":"2018-11-18T08:54:25","guid":{"rendered":"https:\/\/redfoxlotto.com\/?page_id=21584"},"modified":"2023-04-29T07:30:01","modified_gmt":"2023-04-29T07:30:01","slug":"powerball-au","status":"publish","type":"page","link":"https:\/\/redfoxlotto.com\/hu\/lottojatekok\/powerball-au\/","title":{"rendered":"A Powerballr\u00f3l Ausztr\u00e1lia"},"content":{"rendered":"<p>Az ausztr\u00e1l Powerball egy lott\u00f3 Ausztr\u00e1li\u00e1ban. A Powerball m\u0171k\u00f6dtet\u00e9s\u00e9t a Tatts-csoport n\u00e9ven ismert csoport v\u00e9gzi. A Lott\u00f3 a Tatts-csoporthoz tartoz\u00f3 m\u00e1rka, amely a lott\u00f3 lebonyol\u00edt\u00e1s\u00e1ra kapott enged\u00e9lyt az \u00f6sszes ausztr\u00e1l \u00e1llamban, kiv\u00e9ve a nyugat-ausztr\u00e1liai &#8222;Lotterywest&#8221; \u00e1llamot, amely \u00e1llami tulajdonban van \u00e9s fel\u00fcgyeli a lott\u00f3t.<\/p><p><img decoding=\"async\" class=\" wp-image alignright\" src=\"https:\/\/content.redfoxlotto.com\/uploads\/sites\/9\/2_ticket_powerball_au2.jpg\" alt=\"Powerball Ausztr\u00e1lia\" \/><\/p><p>A Powerball sorsol\u00e1s\u00e1ra minden cs\u00fct\u00f6rt\u00f6k\u00f6n 21:00 \u00f3rakor ker\u00fcl sor (AEST). Az 1-35-ig terjed\u0151 sz\u00e1mokat tartalmaz\u00f3 alapb\u00f3l 7 sz\u00e1mot h\u00faznak ki, m\u00edg egy Powerball-sz\u00e1mot az 1-20-ig terjed\u0151 sz\u00e1mokat tartalmaz\u00f3 m\u00e1sik alapb\u00f3l h\u00faznak ki. A jackpot megnyer\u00e9s\u00e9hez a j\u00e1t\u00e9kosoknak meg kell egyezni\u00fck az els\u0151 csoportb\u00f3l nyert h\u00e9t sz\u00e1mmal, valamint a m\u00e1sodik csoportb\u00f3l nyert Powerball-sz\u00e1mmal.<\/p><p>Az ausztr\u00e1l Powerball szelv\u00e9nyeket fizikailag vagy online is meg lehet szerezni, \u00edgy a lott\u00f3n val\u00f3 r\u00e9szv\u00e9telnek nincs korl\u00e1tja, mivel a vil\u00e1g b\u00e1rmely pontj\u00e1r\u00f3l beszerezheti a szelv\u00e9nyeket. A j\u00e1t\u00e9kosoknak legal\u00e1bb 18 \u00e9vesnek kell lenni\u00fck ahhoz, hogy r\u00e9szt vehessenek a lott\u00f3n.<\/p><p><img loading=\"lazy\" decoding=\"async\" class=\" wp-image-5380 alignright\" src=\"https:\/\/content.redfoxlotto.com\/uploads\/sites\/9\/1_buy_ticket_online.jpg\" alt=\"V\u00e1s\u00e1rl\u00e1s Powerball Ausztr\u00e1lia\" width=\"251\" height=\"188\" \/><\/p><p>Nemr\u00e9g t\u00f6rt\u00e9nelmet \u00edrtak az ausztr\u00e1l Powerball lott\u00f3n, amikor egy Sydney-i anyuka megnyerte a Powerball t\u00f6rt\u00e9net\u00e9nek legnagyobb egy\u00e9ni nyerem\u00e9ny\u00e9t. A h\u00f6lgy 107 milli\u00f3 ausztr\u00e1l doll\u00e1rt nyert. \u0150t val\u00f3ban a szerencse t\u00f6k\u00e9letes defin\u00edci\u00f3j\u00e1nak nevezhetj\u00fck, hiszen a Powerball jackpot megnyer\u00e9s\u00e9nek val\u00f3sz\u00edn\u0171s\u00e9ge 1:134,4 milli\u00f3hoz.<\/p>","protected":false},"excerpt":{"rendered":"<p>Az ausztr\u00e1l Powerball egy lott\u00f3 Ausztr\u00e1li\u00e1ban. A Powerball m\u0171k\u00f6dtet\u00e9s\u00e9t a Tatts-csoport n\u00e9ven ismert csoport v\u00e9gzi. A Lott\u00f3 a Tatts-csoporthoz tartoz\u00f3 m\u00e1rka, amely a lott\u00f3 lebonyol\u00edt\u00e1s\u00e1ra kapott enged\u00e9lyt az \u00f6sszes ausztr\u00e1l \u00e1llamban, kiv\u00e9ve a nyugat-ausztr\u00e1liai &#8222;Lotterywest&#8221; \u00e1llamot, amely \u00e1llami tulajdonban van \u00e9s fel\u00fcgyeli a lott\u00f3t. A Powerball sorsol\u00e1s\u00e1ra minden cs\u00fct\u00f6rt\u00f6k\u00f6n 21:00 \u00f3rakor ker\u00fcl sor (AEST). Az [&hellip;]<\/p>\n","protected":false},"author":1,"featured_media":0,"parent":55209,"menu_order":20,"comment_status":"closed","ping_status":"closed","template":"powerball-au-info.php","meta":{"_et_pb_use_builder":"","_et_pb_old_content":"","_et_gb_content_width":"","exclude_from_search":false,"footnotes":""},"class_list":["post-55228","page","type-page","status-publish","hentry"],"yoast_head":"<!-- This site is optimized with the Yoast SEO plugin v23.8 - https:\/\/yoast.com\/wordpress\/plugins\/seo\/ -->\n<title>Amit az ausztr\u00e1l Powerball j\u00e1t\u00e9khoz tudni kell<\/title>\n<meta name=\"description\" content=\"Az ausztr\u00e1l Powerball b\u00fcszk\u00e9lkedhet az ausztr\u00e1l lott\u00f3 legnagyobb jackpotjaival, ez az inform\u00e1ci\u00f3 egy l\u00e9p\u00e9ssel k\u00f6zelebb viheti \u00d6nt a jackpot megnyer\u00e9s\u00e9hez.\" \/>\n<meta name=\"robots\" content=\"index, follow, max-snippet:-1, max-image-preview:large, max-video-preview:-1\" \/>\n<link rel=\"canonical\" href=\"https:\/\/redfoxlotto.com\/hu\/lottojatekok\/powerball-au\/\" \/>\n<meta property=\"og:locale\" content=\"hu_HU\" \/>\n<meta property=\"og:type\" content=\"article\" \/>\n<meta property=\"og:title\" content=\"Amit az ausztr\u00e1l Powerball j\u00e1t\u00e9khoz tudni kell\" \/>\n<meta property=\"og:description\" content=\"Az ausztr\u00e1l Powerball b\u00fcszk\u00e9lkedhet az ausztr\u00e1l lott\u00f3 legnagyobb jackpotjaival, ez az inform\u00e1ci\u00f3 egy l\u00e9p\u00e9ssel k\u00f6zelebb viheti \u00d6nt a jackpot megnyer\u00e9s\u00e9hez.\" \/>\n<meta property=\"og:url\" content=\"https:\/\/redfoxlotto.com\/hu\/lottojatekok\/powerball-au\/\" \/>\n<meta property=\"og:site_name\" content=\"Get Tickets for the World\u2019s largest jackpots\" \/>\n<meta property=\"article:modified_time\" content=\"2023-04-29T07:30:01+00:00\" \/>\n<meta property=\"og:image\" content=\"https:\/\/content.redfoxlotto.com\/uploads\/sites\/9\/2_ticket_powerball_au2.jpg\" \/>\n<meta name=\"twitter:card\" content=\"summary_large_image\" \/>\n<meta name=\"twitter:label1\" content=\"Becs\u00fclt olvas\u00e1si id\u0151\" \/>\n\t<meta name=\"twitter:data1\" content=\"2 perc\" \/>\n<script type=\"application\/ld+json\" class=\"yoast-schema-graph\">{\"@context\":\"https:\/\/schema.org\",\"@graph\":[{\"@type\":\"WebPage\",\"@id\":\"https:\/\/redfoxlotto.com\/hu\/lottojatekok\/powerball-au\/\",\"url\":\"https:\/\/redfoxlotto.com\/hu\/lottojatekok\/powerball-au\/\",\"name\":\"Amit az ausztr\u00e1l Powerball j\u00e1t\u00e9khoz tudni kell\",\"isPartOf\":{\"@id\":\"https:\/\/redfoxlotto.com\/hu\/#website\"},\"primaryImageOfPage\":{\"@id\":\"https:\/\/redfoxlotto.com\/hu\/lottojatekok\/powerball-au\/#primaryimage\"},\"image\":{\"@id\":\"https:\/\/redfoxlotto.com\/hu\/lottojatekok\/powerball-au\/#primaryimage\"},\"thumbnailUrl\":\"https:\/\/content.redfoxlotto.com\/uploads\/sites\/9\/2_ticket_powerball_au2.jpg\",\"datePublished\":\"2018-11-18T08:54:25+00:00\",\"dateModified\":\"2023-04-29T07:30:01+00:00\",\"description\":\"Az ausztr\u00e1l Powerball b\u00fcszk\u00e9lkedhet az ausztr\u00e1l lott\u00f3 legnagyobb jackpotjaival, ez az inform\u00e1ci\u00f3 egy l\u00e9p\u00e9ssel k\u00f6zelebb viheti \u00d6nt a jackpot megnyer\u00e9s\u00e9hez.\",\"breadcrumb\":{\"@id\":\"https:\/\/redfoxlotto.com\/hu\/lottojatekok\/powerball-au\/#breadcrumb\"},\"inLanguage\":\"hu\",\"potentialAction\":[{\"@type\":\"ReadAction\",\"target\":[\"https:\/\/redfoxlotto.com\/hu\/lottojatekok\/powerball-au\/\"]}]},{\"@type\":\"ImageObject\",\"inLanguage\":\"hu\",\"@id\":\"https:\/\/redfoxlotto.com\/hu\/lottojatekok\/powerball-au\/#primaryimage\",\"url\":\"https:\/\/content.redfoxlotto.com\/uploads\/sites\/9\/2_ticket_powerball_au2.jpg\",\"contentUrl\":\"https:\/\/content.redfoxlotto.com\/uploads\/sites\/9\/2_ticket_powerball_au2.jpg\"},{\"@type\":\"BreadcrumbList\",\"@id\":\"https:\/\/redfoxlotto.com\/hu\/lottojatekok\/powerball-au\/#breadcrumb\",\"itemListElement\":[{\"@type\":\"ListItem\",\"position\":1,\"name\":\"Home\",\"item\":\"https:\/\/redfoxlotto.com\/hu\/\"},{\"@type\":\"ListItem\",\"position\":2,\"name\":\"Lott\u00f3j\u00e1t\u00e9kok Online &#8211; lott\u00f3 nyerem\u00e9nyek \u00e9s online lotto jackpot\",\"item\":\"https:\/\/redfoxlotto.com\/hu\/lottojatekok\/\"},{\"@type\":\"ListItem\",\"position\":3,\"name\":\"A Powerballr\u00f3l Ausztr\u00e1lia\"}]},{\"@type\":\"WebSite\",\"@id\":\"https:\/\/redfoxlotto.com\/hu\/#website\",\"url\":\"https:\/\/redfoxlotto.com\/hu\/\",\"name\":\"Get Tickets for the World\u2019s largest jackpots\",\"description\":\"Participate in worldwide lottery jackpots from any country\",\"publisher\":{\"@id\":\"https:\/\/redfoxlotto.com\/hu\/#organization\"},\"potentialAction\":[{\"@type\":\"SearchAction\",\"target\":{\"@type\":\"EntryPoint\",\"urlTemplate\":\"https:\/\/redfoxlotto.com\/hu\/?s={search_term_string}\"},\"query-input\":{\"@type\":\"PropertyValueSpecification\",\"valueRequired\":true,\"valueName\":\"search_term_string\"}}],\"inLanguage\":\"hu\"},{\"@type\":\"Organization\",\"@id\":\"https:\/\/redfoxlotto.com\/hu\/#organization\",\"name\":\"Get Tickets for the World\u2019s largest jackpots\",\"url\":\"https:\/\/redfoxlotto.com\/hu\/\",\"logo\":{\"@type\":\"ImageObject\",\"inLanguage\":\"hu\",\"@id\":\"https:\/\/redfoxlotto.com\/hu\/#\/schema\/logo\/image\/\",\"url\":\"https:\/\/redfoxlotto.com\/wp-content\/uploads\/2023\/04\/logo.png\",\"contentUrl\":\"https:\/\/redfoxlotto.com\/wp-content\/uploads\/2023\/04\/logo.png\",\"width\":269,\"height\":53,\"caption\":\"Get Tickets for the World\u2019s largest jackpots\"},\"image\":{\"@id\":\"https:\/\/redfoxlotto.com\/hu\/#\/schema\/logo\/image\/\"}}]}<\/script>\n<!-- \/ Yoast SEO plugin. -->","yoast_head_json":{"title":"Amit az ausztr\u00e1l Powerball j\u00e1t\u00e9khoz tudni kell","description":"Az ausztr\u00e1l Powerball b\u00fcszk\u00e9lkedhet az ausztr\u00e1l lott\u00f3 legnagyobb jackpotjaival, ez az inform\u00e1ci\u00f3 egy l\u00e9p\u00e9ssel k\u00f6zelebb viheti \u00d6nt a jackpot megnyer\u00e9s\u00e9hez.","robots":{"index":"index","follow":"follow","max-snippet":"max-snippet:-1","max-image-preview":"max-image-preview:large","max-video-preview":"max-video-preview:-1"},"canonical":"https:\/\/redfoxlotto.com\/hu\/lottojatekok\/powerball-au\/","og_locale":"hu_HU","og_type":"article","og_title":"Amit az ausztr\u00e1l Powerball j\u00e1t\u00e9khoz tudni kell","og_description":"Az ausztr\u00e1l Powerball b\u00fcszk\u00e9lkedhet az ausztr\u00e1l lott\u00f3 legnagyobb jackpotjaival, ez az inform\u00e1ci\u00f3 egy l\u00e9p\u00e9ssel k\u00f6zelebb viheti \u00d6nt a jackpot megnyer\u00e9s\u00e9hez.","og_url":"https:\/\/redfoxlotto.com\/hu\/lottojatekok\/powerball-au\/","og_site_name":"Get Tickets for the World\u2019s largest jackpots","article_modified_time":"2023-04-29T07:30:01+00:00","og_image":[{"url":"https:\/\/content.redfoxlotto.com\/uploads\/sites\/9\/2_ticket_powerball_au2.jpg"}],"twitter_card":"summary_large_image","twitter_misc":{"Becs\u00fclt olvas\u00e1si id\u0151":"2 perc"},"schema":{"@context":"https:\/\/schema.org","@graph":[{"@type":"WebPage","@id":"https:\/\/redfoxlotto.com\/hu\/lottojatekok\/powerball-au\/","url":"https:\/\/redfoxlotto.com\/hu\/lottojatekok\/powerball-au\/","name":"Amit az ausztr\u00e1l Powerball j\u00e1t\u00e9khoz tudni kell","isPartOf":{"@id":"https:\/\/redfoxlotto.com\/hu\/#website"},"primaryImageOfPage":{"@id":"https:\/\/redfoxlotto.com\/hu\/lottojatekok\/powerball-au\/#primaryimage"},"image":{"@id":"https:\/\/redfoxlotto.com\/hu\/lottojatekok\/powerball-au\/#primaryimage"},"thumbnailUrl":"https:\/\/content.redfoxlotto.com\/uploads\/sites\/9\/2_ticket_powerball_au2.jpg","datePublished":"2018-11-18T08:54:25+00:00","dateModified":"2023-04-29T07:30:01+00:00","description":"Az ausztr\u00e1l Powerball b\u00fcszk\u00e9lkedhet az ausztr\u00e1l lott\u00f3 legnagyobb jackpotjaival, ez az inform\u00e1ci\u00f3 egy l\u00e9p\u00e9ssel k\u00f6zelebb viheti \u00d6nt a jackpot megnyer\u00e9s\u00e9hez.","breadcrumb":{"@id":"https:\/\/redfoxlotto.com\/hu\/lottojatekok\/powerball-au\/#breadcrumb"},"inLanguage":"hu","potentialAction":[{"@type":"ReadAction","target":["https:\/\/redfoxlotto.com\/hu\/lottojatekok\/powerball-au\/"]}]},{"@type":"ImageObject","inLanguage":"hu","@id":"https:\/\/redfoxlotto.com\/hu\/lottojatekok\/powerball-au\/#primaryimage","url":"https:\/\/content.redfoxlotto.com\/uploads\/sites\/9\/2_ticket_powerball_au2.jpg","contentUrl":"https:\/\/content.redfoxlotto.com\/uploads\/sites\/9\/2_ticket_powerball_au2.jpg"},{"@type":"BreadcrumbList","@id":"https:\/\/redfoxlotto.com\/hu\/lottojatekok\/powerball-au\/#breadcrumb","itemListElement":[{"@type":"ListItem","position":1,"name":"Home","item":"https:\/\/redfoxlotto.com\/hu\/"},{"@type":"ListItem","position":2,"name":"Lott\u00f3j\u00e1t\u00e9kok Online &#8211; lott\u00f3 nyerem\u00e9nyek \u00e9s online lotto jackpot","item":"https:\/\/redfoxlotto.com\/hu\/lottojatekok\/"},{"@type":"ListItem","position":3,"name":"A Powerballr\u00f3l Ausztr\u00e1lia"}]},{"@type":"WebSite","@id":"https:\/\/redfoxlotto.com\/hu\/#website","url":"https:\/\/redfoxlotto.com\/hu\/","name":"Get Tickets for the World\u2019s largest jackpots","description":"Participate in worldwide lottery jackpots from any country","publisher":{"@id":"https:\/\/redfoxlotto.com\/hu\/#organization"},"potentialAction":[{"@type":"SearchAction","target":{"@type":"EntryPoint","urlTemplate":"https:\/\/redfoxlotto.com\/hu\/?s={search_term_string}"},"query-input":{"@type":"PropertyValueSpecification","valueRequired":true,"valueName":"search_term_string"}}],"inLanguage":"hu"},{"@type":"Organization","@id":"https:\/\/redfoxlotto.com\/hu\/#organization","name":"Get Tickets for the World\u2019s largest jackpots","url":"https:\/\/redfoxlotto.com\/hu\/","logo":{"@type":"ImageObject","inLanguage":"hu","@id":"https:\/\/redfoxlotto.com\/hu\/#\/schema\/logo\/image\/","url":"https:\/\/redfoxlotto.com\/wp-content\/uploads\/2023\/04\/logo.png","contentUrl":"https:\/\/redfoxlotto.com\/wp-content\/uploads\/2023\/04\/logo.png","width":269,"height":53,"caption":"Get Tickets for the World\u2019s largest jackpots"},"image":{"@id":"https:\/\/redfoxlotto.com\/hu\/#\/schema\/logo\/image\/"}}]}},"_links":{"self":[{"href":"https:\/\/redfoxlotto.com\/hu\/wp-json\/wp\/v2\/pages\/55228","targetHints":{"allow":["GET"]}}],"collection":[{"href":"https:\/\/redfoxlotto.com\/hu\/wp-json\/wp\/v2\/pages"}],"about":[{"href":"https:\/\/redfoxlotto.com\/hu\/wp-json\/wp\/v2\/types\/page"}],"author":[{"embeddable":true,"href":"https:\/\/redfoxlotto.com\/hu\/wp-json\/wp\/v2\/users\/1"}],"replies":[{"embeddable":true,"href":"https:\/\/redfoxlotto.com\/hu\/wp-json\/wp\/v2\/comments?post=55228"}],"version-history":[{"count":0,"href":"https:\/\/redfoxlotto.com\/hu\/wp-json\/wp\/v2\/pages\/55228\/revisions"}],"up":[{"embeddable":true,"href":"https:\/\/redfoxlotto.com\/hu\/wp-json\/wp\/v2\/pages\/55209"}],"wp:attachment":[{"href":"https:\/\/redfoxlotto.com\/hu\/wp-json\/wp\/v2\/media?parent=55228"}],"curies":[{"name":"wp","href":"https:\/\/api.w.org\/{rel}","templated":true}]}}