{"id":55225,"date":"2020-07-20T08:54:27","date_gmt":"2020-07-20T08:54:27","guid":{"rendered":"https:\/\/redfoxlotto.com\/?page_id=21576"},"modified":"2023-03-13T17:37:23","modified_gmt":"2023-03-13T17:37:23","slug":"mega-sena","status":"publish","type":"page","link":"https:\/\/redfoxlotto.com\/hu\/lottojatekok\/mega-sena\/","title":{"rendered":"Mega-Sena nyerem\u00e9nyj\u00e1t\u00e9k \u2013 jackpot \u00e9s lott\u00f3 nyerem\u00e9nyek"},"content":{"rendered":"<p>K\u00e9szen \u00e1ll arra, hogy online jegyet v\u00e1s\u00e1roljon a Mega Sena Brazilra? Akkor j\u00f3 helyen j\u00e1rsz. Ez val\u00f3j\u00e1ban nagyon egyszer\u0171, mert csak egy fi\u00f3kot kell l\u00e9trehoznia a RedFoxLotto.com oldalon.<\/p><h2 class=\"wp-block-heading\">A sz\u00e1mok kiv\u00e1laszt\u00e1sa<\/h2><p><img loading=\"lazy\" decoding=\"async\" class=\" wp-image alignright\" src=\"https:\/\/content.redfoxlotto.com\/uploads\/sites\/9\/1_winning_numbers_lottery.jpg\" alt=\"Mega Sena\" width=\"226\" height=\"194\"><\/p><p>A sz\u00e1maidnak mind az 1 \u00e9s 60 k\u00f6z\u00f6tti tartom\u00e1nyba kell esni\u00fck. A jackpot megnyer\u00e9s\u00e9hez mind a 6 kih\u00fazott sz\u00e1mnak meg kell egyeznie, de kisebb nyerem\u00e9nyeket nyerhet 4 vagy 5 sz\u00e1mmal val\u00f3 egyez\u00e9ssel is.<\/p><h2 class=\"wp-block-heading\">A jegyek megv\u00e1s\u00e1rl\u00e1sa<\/h2><p>Ha k\u00e9szen \u00e1ll a Mega Sena Brazil online szelv\u00e9nyv\u00e1s\u00e1rl\u00e1sra, csak ki kell v\u00e1lasztania a k\u00edv\u00e1nt sz\u00e1mokat, valamint a sorsol\u00e1sok sz\u00e1m\u00e1t. Ezut\u00e1n fizethet a szelv\u00e9ny\u00e9\u00e9rt.<\/p><p>A szelv\u00e9ny kifizet\u00e9se egyszer\u0171, mert csak kiv\u00e1lasztja a k\u00edv\u00e1nt m\u00f3dszert, \u00e9s be\u00edrja az adatokat. Ha m\u00e1r rendelkezik sz\u00e1ml\u00e1val, akkor haszn\u00e1lhatja a t\u00e1rolt m\u00f3dszert, majd h\u00e1trad\u0151lhet \u00e9s v\u00e1rhatja az eredm\u00e9nyeket.<\/p><p><img decoding=\"async\" class=\"size-full wp-image alignright\" src=\"https:\/\/content.redfoxlotto.com\/uploads\/sites\/9\/1_buy_lottery_ticket_online1.jpg\" alt=\"online jegyek v\u00e1s\u00e1rl\u00e1sa\"><\/p><h2 class=\"wp-block-heading\">Az eredm\u00e9nyek ellen\u0151rz\u00e9se<\/h2><p>A sorsol\u00e1s v\u00e9gezt\u00e9vel m\u00e1r csak annyi van h\u00e1tra, hogy ellen\u0151rizze a sz\u00e1mokat, hogy megtudja, nyert-e. Ezt megteheti a RedFoxLotto.com weboldalon, \u00e9s ellen\u0151rizheti a sz\u00e1ml\u00e1j\u00e1t. Az \u00d6n \u00e1ltal megj\u00e1tszott j\u00e1t\u00e9kok nyertes sz\u00e1mai ott lesznek, \u00e9s azokat az \u00d6n sz\u00e1maival is \u00f6ssze fogj\u00e1k hasonl\u00edtani.<\/p>","protected":false},"excerpt":{"rendered":"<p>K\u00e9szen \u00e1ll arra, hogy online jegyet v\u00e1s\u00e1roljon a Mega Sena Brazilra? Akkor j\u00f3 helyen j\u00e1rsz. Ez val\u00f3j\u00e1ban nagyon egyszer\u0171, mert csak egy fi\u00f3kot kell l\u00e9trehoznia a RedFoxLotto.com oldalon. A sz\u00e1mok kiv\u00e1laszt\u00e1sa A sz\u00e1maidnak mind az 1 \u00e9s 60 k\u00f6z\u00f6tti tartom\u00e1nyba kell esni\u00fck. A jackpot megnyer\u00e9s\u00e9hez mind a 6 kih\u00fazott sz\u00e1mnak meg kell egyeznie, de kisebb [&hellip;]<\/p>\n","protected":false},"author":1,"featured_media":0,"parent":55209,"menu_order":13,"comment_status":"closed","ping_status":"closed","template":"megasena-info.php","meta":{"_et_pb_use_builder":"","_et_pb_old_content":"","_et_gb_content_width":"","exclude_from_search":false,"footnotes":""},"class_list":["post-55225","page","type-page","status-publish","hentry"],"yoast_head":"<!-- This site is optimized with the Yoast SEO plugin v23.8 - https:\/\/yoast.com\/wordpress\/plugins\/seo\/ -->\n<title>Online jegyv\u00e1s\u00e1rl\u00e1s Mega Sena-ra<\/title>\n<meta name=\"description\" content=\"V\u00e1s\u00e1rolja meg szelv\u00e9nyeit a brazil Mega Sena lott\u00f3ra itt!\" \/>\n<meta name=\"robots\" content=\"index, follow, max-snippet:-1, max-image-preview:large, max-video-preview:-1\" \/>\n<link rel=\"canonical\" href=\"https:\/\/redfoxlotto.com\/hu\/lottojatekok\/mega-sena\/\" \/>\n<meta property=\"og:locale\" content=\"hu_HU\" \/>\n<meta property=\"og:type\" content=\"article\" \/>\n<meta property=\"og:title\" content=\"Online jegyv\u00e1s\u00e1rl\u00e1s Mega Sena-ra\" \/>\n<meta property=\"og:description\" content=\"V\u00e1s\u00e1rolja meg szelv\u00e9nyeit a brazil Mega Sena lott\u00f3ra itt!\" \/>\n<meta property=\"og:url\" content=\"https:\/\/redfoxlotto.com\/hu\/lottojatekok\/mega-sena\/\" \/>\n<meta property=\"og:site_name\" content=\"Get Tickets for the World\u2019s largest jackpots\" \/>\n<meta property=\"article:modified_time\" content=\"2023-03-13T17:37:23+00:00\" \/>\n<meta property=\"og:image\" content=\"https:\/\/content.redfoxlotto.com\/uploads\/sites\/9\/1_winning_numbers_lottery.jpg\" \/>\n<meta name=\"twitter:card\" content=\"summary_large_image\" \/>\n<meta name=\"twitter:label1\" content=\"Becs\u00fclt olvas\u00e1si id\u0151\" \/>\n\t<meta name=\"twitter:data1\" content=\"2 perc\" \/>\n<script type=\"application\/ld+json\" class=\"yoast-schema-graph\">{\"@context\":\"https:\/\/schema.org\",\"@graph\":[{\"@type\":\"WebPage\",\"@id\":\"https:\/\/redfoxlotto.com\/hu\/lottojatekok\/mega-sena\/\",\"url\":\"https:\/\/redfoxlotto.com\/hu\/lottojatekok\/mega-sena\/\",\"name\":\"Online jegyv\u00e1s\u00e1rl\u00e1s Mega Sena-ra\",\"isPartOf\":{\"@id\":\"https:\/\/redfoxlotto.com\/hu\/#website\"},\"primaryImageOfPage\":{\"@id\":\"https:\/\/redfoxlotto.com\/hu\/lottojatekok\/mega-sena\/#primaryimage\"},\"image\":{\"@id\":\"https:\/\/redfoxlotto.com\/hu\/lottojatekok\/mega-sena\/#primaryimage\"},\"thumbnailUrl\":\"https:\/\/content.redfoxlotto.com\/uploads\/sites\/9\/1_winning_numbers_lottery.jpg\",\"datePublished\":\"2020-07-20T08:54:27+00:00\",\"dateModified\":\"2023-03-13T17:37:23+00:00\",\"description\":\"V\u00e1s\u00e1rolja meg szelv\u00e9nyeit a brazil Mega Sena lott\u00f3ra itt!\",\"breadcrumb\":{\"@id\":\"https:\/\/redfoxlotto.com\/hu\/lottojatekok\/mega-sena\/#breadcrumb\"},\"inLanguage\":\"hu\",\"potentialAction\":[{\"@type\":\"ReadAction\",\"target\":[\"https:\/\/redfoxlotto.com\/hu\/lottojatekok\/mega-sena\/\"]}]},{\"@type\":\"ImageObject\",\"inLanguage\":\"hu\",\"@id\":\"https:\/\/redfoxlotto.com\/hu\/lottojatekok\/mega-sena\/#primaryimage\",\"url\":\"https:\/\/content.redfoxlotto.com\/uploads\/sites\/9\/1_winning_numbers_lottery.jpg\",\"contentUrl\":\"https:\/\/content.redfoxlotto.com\/uploads\/sites\/9\/1_winning_numbers_lottery.jpg\"},{\"@type\":\"BreadcrumbList\",\"@id\":\"https:\/\/redfoxlotto.com\/hu\/lottojatekok\/mega-sena\/#breadcrumb\",\"itemListElement\":[{\"@type\":\"ListItem\",\"position\":1,\"name\":\"Home\",\"item\":\"https:\/\/redfoxlotto.com\/hu\/\"},{\"@type\":\"ListItem\",\"position\":2,\"name\":\"Lott\u00f3j\u00e1t\u00e9kok Online &#8211; lott\u00f3 nyerem\u00e9nyek \u00e9s online lotto jackpot\",\"item\":\"https:\/\/redfoxlotto.com\/hu\/lottojatekok\/\"},{\"@type\":\"ListItem\",\"position\":3,\"name\":\"Mega-Sena nyerem\u00e9nyj\u00e1t\u00e9k \u2013 jackpot \u00e9s lott\u00f3 nyerem\u00e9nyek\"}]},{\"@type\":\"WebSite\",\"@id\":\"https:\/\/redfoxlotto.com\/hu\/#website\",\"url\":\"https:\/\/redfoxlotto.com\/hu\/\",\"name\":\"Get Tickets for the World\u2019s largest jackpots\",\"description\":\"Participate in worldwide lottery jackpots from any country\",\"publisher\":{\"@id\":\"https:\/\/redfoxlotto.com\/hu\/#organization\"},\"potentialAction\":[{\"@type\":\"SearchAction\",\"target\":{\"@type\":\"EntryPoint\",\"urlTemplate\":\"https:\/\/redfoxlotto.com\/hu\/?s={search_term_string}\"},\"query-input\":{\"@type\":\"PropertyValueSpecification\",\"valueRequired\":true,\"valueName\":\"search_term_string\"}}],\"inLanguage\":\"hu\"},{\"@type\":\"Organization\",\"@id\":\"https:\/\/redfoxlotto.com\/hu\/#organization\",\"name\":\"Get Tickets for the World\u2019s largest jackpots\",\"url\":\"https:\/\/redfoxlotto.com\/hu\/\",\"logo\":{\"@type\":\"ImageObject\",\"inLanguage\":\"hu\",\"@id\":\"https:\/\/redfoxlotto.com\/hu\/#\/schema\/logo\/image\/\",\"url\":\"https:\/\/redfoxlotto.com\/wp-content\/uploads\/2023\/04\/logo.png\",\"contentUrl\":\"https:\/\/redfoxlotto.com\/wp-content\/uploads\/2023\/04\/logo.png\",\"width\":269,\"height\":53,\"caption\":\"Get Tickets for the World\u2019s largest jackpots\"},\"image\":{\"@id\":\"https:\/\/redfoxlotto.com\/hu\/#\/schema\/logo\/image\/\"}}]}<\/script>\n<!-- \/ Yoast SEO plugin. -->","yoast_head_json":{"title":"Online jegyv\u00e1s\u00e1rl\u00e1s Mega Sena-ra","description":"V\u00e1s\u00e1rolja meg szelv\u00e9nyeit a brazil Mega Sena lott\u00f3ra itt!","robots":{"index":"index","follow":"follow","max-snippet":"max-snippet:-1","max-image-preview":"max-image-preview:large","max-video-preview":"max-video-preview:-1"},"canonical":"https:\/\/redfoxlotto.com\/hu\/lottojatekok\/mega-sena\/","og_locale":"hu_HU","og_type":"article","og_title":"Online jegyv\u00e1s\u00e1rl\u00e1s Mega Sena-ra","og_description":"V\u00e1s\u00e1rolja meg szelv\u00e9nyeit a brazil Mega Sena lott\u00f3ra itt!","og_url":"https:\/\/redfoxlotto.com\/hu\/lottojatekok\/mega-sena\/","og_site_name":"Get Tickets for the World\u2019s largest jackpots","article_modified_time":"2023-03-13T17:37:23+00:00","og_image":[{"url":"https:\/\/content.redfoxlotto.com\/uploads\/sites\/9\/1_winning_numbers_lottery.jpg"}],"twitter_card":"summary_large_image","twitter_misc":{"Becs\u00fclt olvas\u00e1si id\u0151":"2 perc"},"schema":{"@context":"https:\/\/schema.org","@graph":[{"@type":"WebPage","@id":"https:\/\/redfoxlotto.com\/hu\/lottojatekok\/mega-sena\/","url":"https:\/\/redfoxlotto.com\/hu\/lottojatekok\/mega-sena\/","name":"Online jegyv\u00e1s\u00e1rl\u00e1s Mega Sena-ra","isPartOf":{"@id":"https:\/\/redfoxlotto.com\/hu\/#website"},"primaryImageOfPage":{"@id":"https:\/\/redfoxlotto.com\/hu\/lottojatekok\/mega-sena\/#primaryimage"},"image":{"@id":"https:\/\/redfoxlotto.com\/hu\/lottojatekok\/mega-sena\/#primaryimage"},"thumbnailUrl":"https:\/\/content.redfoxlotto.com\/uploads\/sites\/9\/1_winning_numbers_lottery.jpg","datePublished":"2020-07-20T08:54:27+00:00","dateModified":"2023-03-13T17:37:23+00:00","description":"V\u00e1s\u00e1rolja meg szelv\u00e9nyeit a brazil Mega Sena lott\u00f3ra itt!","breadcrumb":{"@id":"https:\/\/redfoxlotto.com\/hu\/lottojatekok\/mega-sena\/#breadcrumb"},"inLanguage":"hu","potentialAction":[{"@type":"ReadAction","target":["https:\/\/redfoxlotto.com\/hu\/lottojatekok\/mega-sena\/"]}]},{"@type":"ImageObject","inLanguage":"hu","@id":"https:\/\/redfoxlotto.com\/hu\/lottojatekok\/mega-sena\/#primaryimage","url":"https:\/\/content.redfoxlotto.com\/uploads\/sites\/9\/1_winning_numbers_lottery.jpg","contentUrl":"https:\/\/content.redfoxlotto.com\/uploads\/sites\/9\/1_winning_numbers_lottery.jpg"},{"@type":"BreadcrumbList","@id":"https:\/\/redfoxlotto.com\/hu\/lottojatekok\/mega-sena\/#breadcrumb","itemListElement":[{"@type":"ListItem","position":1,"name":"Home","item":"https:\/\/redfoxlotto.com\/hu\/"},{"@type":"ListItem","position":2,"name":"Lott\u00f3j\u00e1t\u00e9kok Online &#8211; lott\u00f3 nyerem\u00e9nyek \u00e9s online lotto jackpot","item":"https:\/\/redfoxlotto.com\/hu\/lottojatekok\/"},{"@type":"ListItem","position":3,"name":"Mega-Sena nyerem\u00e9nyj\u00e1t\u00e9k \u2013 jackpot \u00e9s lott\u00f3 nyerem\u00e9nyek"}]},{"@type":"WebSite","@id":"https:\/\/redfoxlotto.com\/hu\/#website","url":"https:\/\/redfoxlotto.com\/hu\/","name":"Get Tickets for the World\u2019s largest jackpots","description":"Participate in worldwide lottery jackpots from any country","publisher":{"@id":"https:\/\/redfoxlotto.com\/hu\/#organization"},"potentialAction":[{"@type":"SearchAction","target":{"@type":"EntryPoint","urlTemplate":"https:\/\/redfoxlotto.com\/hu\/?s={search_term_string}"},"query-input":{"@type":"PropertyValueSpecification","valueRequired":true,"valueName":"search_term_string"}}],"inLanguage":"hu"},{"@type":"Organization","@id":"https:\/\/redfoxlotto.com\/hu\/#organization","name":"Get Tickets for the World\u2019s largest jackpots","url":"https:\/\/redfoxlotto.com\/hu\/","logo":{"@type":"ImageObject","inLanguage":"hu","@id":"https:\/\/redfoxlotto.com\/hu\/#\/schema\/logo\/image\/","url":"https:\/\/redfoxlotto.com\/wp-content\/uploads\/2023\/04\/logo.png","contentUrl":"https:\/\/redfoxlotto.com\/wp-content\/uploads\/2023\/04\/logo.png","width":269,"height":53,"caption":"Get Tickets for the World\u2019s largest jackpots"},"image":{"@id":"https:\/\/redfoxlotto.com\/hu\/#\/schema\/logo\/image\/"}}]}},"_links":{"self":[{"href":"https:\/\/redfoxlotto.com\/hu\/wp-json\/wp\/v2\/pages\/55225","targetHints":{"allow":["GET"]}}],"collection":[{"href":"https:\/\/redfoxlotto.com\/hu\/wp-json\/wp\/v2\/pages"}],"about":[{"href":"https:\/\/redfoxlotto.com\/hu\/wp-json\/wp\/v2\/types\/page"}],"author":[{"embeddable":true,"href":"https:\/\/redfoxlotto.com\/hu\/wp-json\/wp\/v2\/users\/1"}],"replies":[{"embeddable":true,"href":"https:\/\/redfoxlotto.com\/hu\/wp-json\/wp\/v2\/comments?post=55225"}],"version-history":[{"count":0,"href":"https:\/\/redfoxlotto.com\/hu\/wp-json\/wp\/v2\/pages\/55225\/revisions"}],"up":[{"embeddable":true,"href":"https:\/\/redfoxlotto.com\/hu\/wp-json\/wp\/v2\/pages\/55209"}],"wp:attachment":[{"href":"https:\/\/redfoxlotto.com\/hu\/wp-json\/wp\/v2\/media?parent=55225"}],"curies":[{"name":"wp","href":"https:\/\/api.w.org\/{rel}","templated":true}]}}