{"id":55224,"date":"2018-11-18T08:54:25","date_gmt":"2018-11-18T08:54:25","guid":{"rendered":"https:\/\/redfoxlotto.com\/?page_id=21574"},"modified":"2025-12-18T13:01:28","modified_gmt":"2025-12-18T13:01:28","slug":"mega-millions","status":"publish","type":"page","link":"https:\/\/redfoxlotto.com\/hu\/lottojatekok\/mega-millions\/","title":{"rendered":"A Mega Millionsr\u00f3l"},"content":{"rendered":"<script type=\"application\/ld+json\">\r\n{\r\n  \"@context\": \"https:\/\/schema.org\",\r\n  \"@type\": \"Service\",\r\n  \"name\": \"J\u00e1tssz a Mega Millions lott\u00f3n online\",\r\n  \"url\": \"https:\/\/redfoxlotto.com\/hu\/lotteries\/mega-millions\",\r\n  \"description\": \"V\u00e1s\u00e1roljon hivatalos Mega Millions szelv\u00e9nyeket online b\u00e1rmely orsz\u00e1gb\u00f3l. L\u00e1togassa meg a RedFoxLotto oldalt, v\u00e1lassza ki sz\u00e1mait \u00e9s vegyen r\u00e9szt a k\u00f6vetkez\u0151 sorsol\u00e1son.\",\r\n  \"serviceType\": \"Online lott\u00f3szelv\u00e9ny-k\u00f6zvet\u00edt\u0151 szolg\u00e1ltat\u00e1s\",\r\n\r\n  \"provider\": {\r\n    \"@type\": \"Organization\",\r\n    \"name\": \"RedFoxLotto\",\r\n    \"url\": \"https:\/\/redfoxlotto.com\/hu\",\r\n    \"image\": \"https:\/\/redfoxlotto.com\/hu\/wp-content\/uploads\/2025\/12\/ticket_scans.jpg\",\r\n    \"sameAs\": []\r\n  },\r\n\r\n  \"areaServed\": \"Worldwide\",\r\n  \"termsOfService\": \"https:\/\/redfoxlotto.com\/terms-and-conditions\",\r\n\r\n  \"additionalProperty\": {\r\n    \"@type\": \"PropertyValue\",\r\n    \"name\": \"GYIK\",\r\n    \"value\": \"https:\/\/redfoxlotto.com\/hu\/faq\/\"\r\n  },\r\n\r\n  \"hasOfferCatalog\": {\r\n    \"@type\": \"OfferCatalog\",\r\n    \"name\": \"Mega Millions szelv\u00e9nyek\",\r\n    \"itemListElement\": [\r\n      {\r\n        \"@type\": \"Offer\",\r\n        \"name\": \"Mega Millions jegyek\",\r\n        \"url\": \"https:\/\/redfoxlotto.com\/hu\/lotteries\/powerball\",\r\n        \"description\": \"V\u00e1s\u00e1roljon val\u00f3di szelv\u00e9nyeket online a k\u00f6vetkez\u0151 Mega Millions sorsol\u00e1sra a RedFoxLotto oldal\u00e1n.\",\r\n        \"price\": \"13.00\",\r\n        \"priceCurrency\": \"\u20ac\",\r\n        \"availability\": \"https:\/\/schema.org\/InStock\",\r\n\r\n        \"itemOffered\": {\r\n          \"@type\": \"Service\",\r\n          \"name\": \"Mega Millions lott\u00f3szelv\u00e9nyek\",\r\n          \"description\": \"Vegyen r\u00e9szt a k\u00f6vetkez\u0151 Mega Millions sorsol\u00e1son \u2013 v\u00e1s\u00e1roljon szelv\u00e9nyeket online a RedFoxLotto seg\u00edts\u00e9g\u00e9vel.\"\r\n        }\r\n      }\r\n    ]\r\n  },\r\n\r\n  \"mainEntityOfPage\": {\r\n    \"@type\": \"WebPage\",\r\n    \"@id\": \"https:\/\/redfoxlotto.com\/hu\/lotteries\/mega-millions\"\r\n  }\r\n}\r\n<\/script><p>A 2002-ig &#8222;The Big Game&#8221; n\u00e9ven ismert, 44 amerikai \u00e1llam lott\u00f3j\u00e1t\u00e9ka ma m\u00e1r Mega Millions n\u00e9ven ismert az eg\u00e9sz vil\u00e1gon. Hetente k\u00e9t sorsol\u00e1st tartanak (minden kedden \u00e9s p\u00e9nteken). Ha m\u00e9g nem hallott\u00e1l err\u0151l a j\u00e1t\u00e9kr\u00f3l, vagy ha eddig nem igaz\u00e1n figyelt\u00e9l oda, akkor mindenk\u00e9ppen \u00e9rdemes k\u00f6zelebbr\u0151l megn\u00e9zned, hogy mit tudsz ebb\u0151l a j\u00e1t\u00e9kb\u00f3l kihozni.<\/p>\r\n<p><img loading=\"lazy\" decoding=\"async\" class=\"alignright wp-image\" src=\"https:\/\/content.redfoxlotto.com\/uploads\/sites\/9\/2_ticket_mega_millions2.jpg\" alt=\"Mega Millions online\" width=\"200\" height=\"207\" \/><\/p>\r\n<p>Ez biztosan egy olyan nyerem\u00e9ny lesz, amit meg akarsz nyerni, \u00e9s ez egy szuper egyszer\u0171 j\u00e1t\u00e9k, amit te is j\u00e1tszhatsz. Ez\u00e1ltal a magyarorsz\u00e1gi Mega Millions szelv\u00e9nyek online megv\u00e1s\u00e1rl\u00e1sa mindenki sz\u00e1m\u00e1ra el\u0151ny\u00f6s.<\/p>\r\n<h2>Mega Millions Jackpot<\/h2>\r\n<p>A Mega Millions a nagy jackpotjair\u00f3l ismert. A 2018-as \u00e9vben t\u00f6bb mint 1,5 milli\u00e1rd doll\u00e1ros rekord jackpotot nyert egyetlen szerencs\u00e9s. Ez biztosan olyan jackpot, amit te is szeretn\u00e9l megnyerni, nem igaz? \u00c9s az es\u00e9lyek biztosan nem olyan rosszak, mint egyes jackpot-nyerem\u00e9nyekn\u00e9l.<\/p>\r\n<p>Ami m\u00e9g jobb a Mega Millionsban, hogy a jackpotok mindig magasak lesznek. Val\u00f3j\u00e1ban a jackpot 40 milli\u00f3 doll\u00e1rn\u00e1l kezd\u0151dik. Teh\u00e1t m\u00e9g ha meg is nyeri az alap jackpotot, miel\u0151tt az emelkedni kezdene (ami ritk\u00e1n fordul el\u0151), akkor is nagyszer\u0171 kifizet\u00e9st kap.<\/p>\r\n<p>Ha k\u00e9s\u0151bb nyered meg a jackpotot, amikor az emelkedni kezd, sokkal t\u00f6bbet nyerhetsz. M\u00e9g jobb, hogy ezek a jackpotok el\u00e9g gyorsan emelkednek. \u00cdgy ami ma 40 milli\u00f3 doll\u00e1rral kezd\u0151dik, k\u00f6nnyen lehet, hogy egy h\u00e9ten bel\u00fcl 100 milli\u00f3 doll\u00e1r f\u00f6l\u00e9 emelkedik. Onnan pedig ak\u00e1r t\u00f6bb sz\u00e1zmilli\u00f3s nagys\u00e1grend\u0171re is emelkedhet, \u00e9s lehet, hogy egy \u00fajabb milli\u00e1rd doll\u00e1ros sorsol\u00e1son is r\u00e9szt vehetsz. Ez mindenk\u00e9ppen meg\u00e9rn\u00e9 a n\u00e9h\u00e1ny doll\u00e1ros befektet\u00e9st a jegyek\u00e9rt, nem igaz?<\/p>\r\n<p>Weboldalunkon lehet\u0151s\u00e9ged van arra, hogy online v\u00e1s\u00e1rolj Mega Millions szelv\u00e9nyeket, m\u00e9g akkor is, ha Magyarorsz\u00e1gon \u00e9lsz. Csak v\u00e1lassza ki a sz\u00e1mokat, vegye meg a szelv\u00e9ny\u00e9t, \u00e9s v\u00e1rja a sorsol\u00e1s eredm\u00e9ny\u00e9t! Egy perc m\u00falva v\u00e9gigmegy\u00fcnk n\u00e9h\u00e1ny \u00e1ltal\u00e1nos l\u00e9p\u00e9sen \u00e9s azon, hogy mi kell ahhoz, hogy elkezdhess\u00fck, de el\u0151bb koncentr\u00e1ljunk mag\u00e1ra a Mega Millionsra, j\u00f3?<\/p>\r\n<h2>A Mega Millions szab\u00e1lyai<\/h2>\r\n<p>A Mega Millions szab\u00e1lyai egyszer\u0171ek. Ki kell v\u00e1lasztania 5 sz\u00e1mot 1 \u00e9s 70 k\u00f6z\u00f6tt, valamint egy tov\u00e1bbi MegaBall sz\u00e1mot. A jackpot megnyer\u00e9s\u00e9hez minden sz\u00e1mnak egyeznie kell. Ez nem jelenti azt, hogy nem nyerhetsz semmit, ha nem siker\u00fcl a jackpotot megnyerned. Val\u00f3j\u00e1ban sz\u00e1mos k\u00fcl\u00f6nb\u00f6z\u0151 nyerem\u00e9nyt lehet nyerni. A Mega Millionsban kilenc nyerem\u00e9nytartom\u00e1nyban nyerhet.<\/p>\r\n<p>Ami igaz\u00e1n nagyszer\u0171, hogy val\u00f3j\u00e1ban csak egyetlen sz\u00e1mmal is nyerhetsz, felt\u00e9ve, hogy az a sz\u00e1m a MegaBall. Ha egyezik ez a sz\u00e1m, akkor automatikusan nyer egy nyerem\u00e9nyt, \u00e9s ez m\u00e9g csak a kezdet. Nyerhetsz igaz\u00e1n kis nyerem\u00e9nyeket, amelyekkel csak a szelv\u00e9ny megv\u00e1s\u00e1rl\u00e1s\u00e1ra k\u00f6lt\u00f6tt p\u00e9nzedet kapod vissza, vagy nyerhetsz nagy nyerem\u00e9nyeket, amelyek m\u00e9g mindig kisebbek, mint a t\u00e9nyleges jackpot.<br \/>R\u00e1ad\u00e1sul a jackpot alatti minden nyerem\u00e9nyt k\u00fcl\u00f6n-k\u00fcl\u00f6n lehet megnyerni. Ez azt jelenti, hogy nem kell osztoznod a p\u00e9nzen, ha valaki m\u00e1s is megnyeri azt a nyerem\u00e9nyt.<\/p>\r\n<h2>Mega Millions szelv\u00e9ny online v\u00e1s\u00e1rl\u00e1sa Magyarorsz\u00e1gon<\/h2>\r\n<p>K\u00e9szen \u00e1ll arra, hogy megv\u00e1s\u00e1rolja els\u0151 Mega Millions szelv\u00e9ny\u00e9t online? Ha igen, akkor mindenk\u00e9ppen szeretn\u00e9 megn\u00e9zni a folyamat l\u00e9p\u00e9seit. Mi a lehet\u0151 legegyszer\u0171bb\u00e9 tessz\u00fck, mert tudjuk, hogy \u00d6n t\u00e9nyleg szeretn\u00e9 megvenni a szelv\u00e9ny\u00e9t, r\u00e9szt venni a sorsol\u00e1son, \u00e9s azt\u00e1n tov\u00e1bbl\u00e9pni a t\u00f6bbi dologgal, ami az \u00e9let\u00e9ben t\u00f6rt\u00e9nik. Ez\u00e9rt csak n\u00e9h\u00e1ny l\u00e9p\u00e9st tesz\u00fcnk meg.<\/p>\r\n<p>Az els\u0151 l\u00e9p\u00e9s annak eld\u00f6nt\u00e9se, hogy mit fog v\u00e1s\u00e1rolni. Ha Mega Millions szelv\u00e9nyeket szeretne v\u00e1s\u00e1rolni online, akkor ez egyszer\u0171 lesz. Csak meg kell keresni a j\u00e1t\u00e9kot, \u00e9s bel\u00e9pni a kifejezetten erre az oldalra.<\/p>\r\n<p>Ha m\u00e1s j\u00e1t\u00e9kok jegyeit szeretn\u00e9 megv\u00e1s\u00e1rolni, akkor ugyanezen a k\u00e9perny\u0151n l\u00e1thatja az egyes j\u00e1t\u00e9kokat, valamint az aktu\u00e1lis jackpotjaikat, \u00e9s ezek mindegyik\u00e9re k\u00fcl\u00f6n-k\u00fcl\u00f6n is bel\u00e9phet. \u00cdgy igaz\u00e1n k\u00f6nnyen eld\u00f6ntheted, hogy mit fogsz csin\u00e1lni, \u00e9s kiv\u00e1laszthatod a k\u00edv\u00e1nt jegyeket.<\/p>\r\n<p>Ha m\u00e1r az oldalon van, t\u00f6bbet megtudhat a Mega Millionsr\u00f3l, majd kiv\u00e1laszthatja a megj\u00e1tszani k\u00edv\u00e1nt sz\u00e1mokat. Ha konkr\u00e9t sz\u00e1mokat szeretne, akkor azokat m\u00e1r a k\u00e9perny\u0151n kiv\u00e1laszthatja. Ha csak n\u00e9h\u00e1ny sz\u00e1mod van, \u00e9s azt szeretn\u00e9d, hogy a t\u00f6bbit v\u00e9letlenszer\u0171en ossz\u00e1k ki, ez is egy lehet\u0151s\u00e9g. Vagy v\u00e1laszthatsz egy teljesen v\u00e9letlenszer\u0171 szelv\u00e9nyt is. Ez teljesen rajtad m\u00falik. B\u00e1rhogy is legyen, tudni fogod, hogy el\u00e9g, t\u00fal kev\u00e9s vagy t\u00fal sok sz\u00e1mod van-e, mert m\u00e9g a k\u00f6vetkez\u0151 oldalra l\u00e9p\u00e9s el\u0151tt megbizonyosodunk arr\u00f3l, hogy a szelv\u00e9nyed \u00e9rv\u00e9nyes.<\/p>\r\n<h2>Fizet\u00e9si folyamat<\/h2>\r\n<p>Miut\u00e1n kiv\u00e1lasztotta a k\u00edv\u00e1nt Mega Millions szelv\u00e9nyeket, hozz\u00e1adhatja azokat a kosar\u00e1hoz, \u00e9s tov\u00e1bbi szelv\u00e9nyeket v\u00e1laszthat, ha szeretn\u00e9, vagy tov\u00e1bbl\u00e9phet a p\u00e9nzt\u00e1rhoz. A fizet\u00e9skor sz\u00fcks\u00e9ged lesz egy fi\u00f3kra n\u00e1lunk, de ezt is szuper egyszer\u0171v\u00e9 tessz\u00fck.<\/p>\r\n<p><img loading=\"lazy\" decoding=\"async\" class=\"alignright wp-image\" src=\"https:\/\/content.redfoxlotto.com\/uploads\/sites\/9\/1_buy_mega_millions_lottery_tickets.jpg\" alt=\"online szelv\u00e9nyv\u00e1s\u00e1rl\u00e1s\" width=\"287\" height=\"202\" \/><\/p>\r\n<p>Csak n\u00e9h\u00e1ny alapvet\u0151 inform\u00e1ci\u00f3t kell kit\u00f6ltened magadr\u00f3l, hogy sz\u00fcks\u00e9g eset\u00e9n ig\u00e9nyt tarthass a nyerem\u00e9nyekre.<\/p>\r\n<p>Ennyi az eg\u00e9sz. Meger\u0151s\u00edted a v\u00e1s\u00e1rl\u00e1sodat, mi pedig megszerezz\u00fck neked a jegyeket, \u00e9s azok megjelennek a fi\u00f3kodban, \u00edgy megn\u00e9zheted, hogy nyert\u00e9l-e. M\u00e9g e-mailt is k\u00fcld\u00fcnk, ha a szelv\u00e9nyed nyert, \u00e9s a sz\u00e1ml\u00e1don k\u00f6zvetlen\u00fcl megmutatjuk, hogy mely sz\u00e1mok egyeztek a sorsol\u00e1son. Nem lesz gondja azzal, hogy nagyszer\u0171 \u00e9lm\u00e9nyt szerezzen a Mega Millions j\u00e1t\u00e9kkal, \u00e9s minden egyes j\u00e1t\u00e9kkal folytatni akarja majd a j\u00e1t\u00e9kot.<\/p>","protected":false},"excerpt":{"rendered":"<p>A 2002-ig &#8222;The Big Game&#8221; n\u00e9ven ismert, 44 amerikai \u00e1llam lott\u00f3j\u00e1t\u00e9ka ma m\u00e1r Mega Millions n\u00e9ven ismert az eg\u00e9sz vil\u00e1gon. Hetente k\u00e9t sorsol\u00e1st tartanak (minden kedden \u00e9s p\u00e9nteken). Ha m\u00e9g nem hallott\u00e1l err\u0151l a j\u00e1t\u00e9kr\u00f3l, vagy ha eddig nem igaz\u00e1n figyelt\u00e9l oda, akkor mindenk\u00e9ppen \u00e9rdemes k\u00f6zelebbr\u0151l megn\u00e9zned, hogy mit tudsz ebb\u0151l a j\u00e1t\u00e9kb\u00f3l kihozni. Ez [&hellip;]<\/p>\n","protected":false},"author":1,"featured_media":0,"parent":55209,"menu_order":2,"comment_status":"closed","ping_status":"closed","template":"megamillion-info.php","meta":{"_et_pb_use_builder":"","_et_pb_old_content":"","_et_gb_content_width":"","exclude_from_search":false,"footnotes":""},"class_list":["post-55224","page","type-page","status-publish","hentry"],"yoast_head":"<!-- This site is optimized with the Yoast SEO plugin v23.8 - https:\/\/yoast.com\/wordpress\/plugins\/seo\/ -->\n<title>Mega Millions szelv\u00e9nyek online v\u00e1s\u00e1rl\u00e1sa | A Mega Millions m\u00e1r el\u00e9rhet\u0151 a Magyarorsz\u00e1gr\u00f3l is<\/title>\n<meta name=\"description\" content=\"Tudjon meg t\u00f6bbet a Mega Millions Lotto USA-r\u00f3l \u00e9s arr\u00f3l, hogyan v\u00e1s\u00e1rolhat Mega Millions szelv\u00e9nyeket online, Magyarorsz\u00e1gr\u00f3l vagy a vil\u00e1g b\u00e1rmely orsz\u00e1g\u00e1b\u00f3l\" \/>\n<meta name=\"robots\" content=\"index, follow, max-snippet:-1, max-image-preview:large, max-video-preview:-1\" \/>\n<link rel=\"canonical\" href=\"https:\/\/redfoxlotto.com\/hu\/lotteries\/mega-millions\/\" \/>\n<meta property=\"og:locale\" content=\"hu_HU\" \/>\n<meta property=\"og:type\" content=\"article\" \/>\n<meta property=\"og:title\" content=\"Mega Millions szelv\u00e9nyek online v\u00e1s\u00e1rl\u00e1sa | A Mega Millions m\u00e1r el\u00e9rhet\u0151 a Magyarorsz\u00e1gr\u00f3l is\" \/>\n<meta property=\"og:description\" content=\"Tudjon meg t\u00f6bbet a Mega Millions Lotto USA-r\u00f3l \u00e9s arr\u00f3l, hogyan v\u00e1s\u00e1rolhat Mega Millions szelv\u00e9nyeket online, Magyarorsz\u00e1gr\u00f3l vagy a vil\u00e1g b\u00e1rmely orsz\u00e1g\u00e1b\u00f3l\" \/>\n<meta property=\"og:url\" content=\"https:\/\/redfoxlotto.com\/lotteries\/mega-millions\/\" \/>\n<meta property=\"og:site_name\" content=\"Get Tickets for the World\u2019s largest jackpots\" \/>\n<meta property=\"article:modified_time\" content=\"2025-12-18T13:01:28+00:00\" \/>\n<meta property=\"og:image\" content=\"https:\/\/content.redfoxlotto.com\/uploads\/sites\/9\/2_ticket_mega_millions2.jpg\" \/>\n<meta name=\"twitter:card\" content=\"summary_large_image\" \/>\n<meta name=\"twitter:label1\" content=\"Becs\u00fclt olvas\u00e1si id\u0151\" \/>\n\t<meta name=\"twitter:data1\" content=\"4 perc\" \/>\n<script type=\"application\/ld+json\" class=\"yoast-schema-graph\">{\"@context\":\"https:\/\/schema.org\",\"@graph\":[{\"@type\":\"WebPage\",\"@id\":\"https:\/\/redfoxlotto.com\/hu\/lottojatekok\/mega-millions\/\",\"url\":\"https:\/\/redfoxlotto.com\/lotteries\/mega-millions\/\",\"name\":\"Mega Millions szelv\u00e9nyek online v\u00e1s\u00e1rl\u00e1sa | A Mega Millions m\u00e1r el\u00e9rhet\u0151 a Magyarorsz\u00e1gr\u00f3l is\",\"isPartOf\":{\"@id\":\"https:\/\/redfoxlotto.com\/hu\/#website\"},\"primaryImageOfPage\":{\"@id\":\"https:\/\/redfoxlotto.com\/lotteries\/mega-millions\/#primaryimage\"},\"image\":{\"@id\":\"https:\/\/redfoxlotto.com\/lotteries\/mega-millions\/#primaryimage\"},\"thumbnailUrl\":\"https:\/\/content.redfoxlotto.com\/uploads\/sites\/9\/2_ticket_mega_millions2.jpg\",\"datePublished\":\"2018-11-18T08:54:25+00:00\",\"dateModified\":\"2025-12-18T13:01:28+00:00\",\"description\":\"Tudjon meg t\u00f6bbet a Mega Millions Lotto USA-r\u00f3l \u00e9s arr\u00f3l, hogyan v\u00e1s\u00e1rolhat Mega Millions szelv\u00e9nyeket online, Magyarorsz\u00e1gr\u00f3l vagy a vil\u00e1g b\u00e1rmely orsz\u00e1g\u00e1b\u00f3l\",\"breadcrumb\":{\"@id\":\"https:\/\/redfoxlotto.com\/lotteries\/mega-millions\/#breadcrumb\"},\"inLanguage\":\"hu\",\"potentialAction\":[{\"@type\":\"ReadAction\",\"target\":[\"https:\/\/redfoxlotto.com\/lotteries\/mega-millions\/\"]}]},{\"@type\":\"ImageObject\",\"inLanguage\":\"hu\",\"@id\":\"https:\/\/redfoxlotto.com\/lotteries\/mega-millions\/#primaryimage\",\"url\":\"https:\/\/content.redfoxlotto.com\/uploads\/sites\/9\/2_ticket_mega_millions2.jpg\",\"contentUrl\":\"https:\/\/content.redfoxlotto.com\/uploads\/sites\/9\/2_ticket_mega_millions2.jpg\"},{\"@type\":\"BreadcrumbList\",\"@id\":\"https:\/\/redfoxlotto.com\/lotteries\/mega-millions\/#breadcrumb\",\"itemListElement\":[{\"@type\":\"ListItem\",\"position\":1,\"name\":\"Home\",\"item\":\"https:\/\/redfoxlotto.com\/hu\/\"},{\"@type\":\"ListItem\",\"position\":2,\"name\":\"Lott\u00f3j\u00e1t\u00e9kok Online &#8211; lott\u00f3 nyerem\u00e9nyek \u00e9s online lotto jackpot\",\"item\":\"https:\/\/redfoxlotto.com\/hu\/lottojatekok\/\"},{\"@type\":\"ListItem\",\"position\":3,\"name\":\"A Mega Millionsr\u00f3l\"}]},{\"@type\":\"WebSite\",\"@id\":\"https:\/\/redfoxlotto.com\/hu\/#website\",\"url\":\"https:\/\/redfoxlotto.com\/hu\/\",\"name\":\"Get Tickets for the World\u2019s largest jackpots\",\"description\":\"Participate in worldwide lottery jackpots from any country\",\"publisher\":{\"@id\":\"https:\/\/redfoxlotto.com\/hu\/#organization\"},\"potentialAction\":[{\"@type\":\"SearchAction\",\"target\":{\"@type\":\"EntryPoint\",\"urlTemplate\":\"https:\/\/redfoxlotto.com\/hu\/?s={search_term_string}\"},\"query-input\":{\"@type\":\"PropertyValueSpecification\",\"valueRequired\":true,\"valueName\":\"search_term_string\"}}],\"inLanguage\":\"hu\"},{\"@type\":\"Organization\",\"@id\":\"https:\/\/redfoxlotto.com\/hu\/#organization\",\"name\":\"Get Tickets for the World\u2019s largest jackpots\",\"url\":\"https:\/\/redfoxlotto.com\/hu\/\",\"logo\":{\"@type\":\"ImageObject\",\"inLanguage\":\"hu\",\"@id\":\"https:\/\/redfoxlotto.com\/hu\/#\/schema\/logo\/image\/\",\"url\":\"https:\/\/redfoxlotto.com\/wp-content\/uploads\/2023\/04\/logo.png\",\"contentUrl\":\"https:\/\/redfoxlotto.com\/wp-content\/uploads\/2023\/04\/logo.png\",\"width\":269,\"height\":53,\"caption\":\"Get Tickets for the World\u2019s largest jackpots\"},\"image\":{\"@id\":\"https:\/\/redfoxlotto.com\/hu\/#\/schema\/logo\/image\/\"}}]}<\/script>\n<!-- \/ Yoast SEO plugin. -->","yoast_head_json":{"title":"Mega Millions szelv\u00e9nyek online v\u00e1s\u00e1rl\u00e1sa | A Mega Millions m\u00e1r el\u00e9rhet\u0151 a Magyarorsz\u00e1gr\u00f3l is","description":"Tudjon meg t\u00f6bbet a Mega Millions Lotto USA-r\u00f3l \u00e9s arr\u00f3l, hogyan v\u00e1s\u00e1rolhat Mega Millions szelv\u00e9nyeket online, Magyarorsz\u00e1gr\u00f3l vagy a vil\u00e1g b\u00e1rmely orsz\u00e1g\u00e1b\u00f3l","robots":{"index":"index","follow":"follow","max-snippet":"max-snippet:-1","max-image-preview":"max-image-preview:large","max-video-preview":"max-video-preview:-1"},"canonical":"https:\/\/redfoxlotto.com\/hu\/lotteries\/mega-millions\/","og_locale":"hu_HU","og_type":"article","og_title":"Mega Millions szelv\u00e9nyek online v\u00e1s\u00e1rl\u00e1sa | A Mega Millions m\u00e1r el\u00e9rhet\u0151 a Magyarorsz\u00e1gr\u00f3l is","og_description":"Tudjon meg t\u00f6bbet a Mega Millions Lotto USA-r\u00f3l \u00e9s arr\u00f3l, hogyan v\u00e1s\u00e1rolhat Mega Millions szelv\u00e9nyeket online, Magyarorsz\u00e1gr\u00f3l vagy a vil\u00e1g b\u00e1rmely orsz\u00e1g\u00e1b\u00f3l","og_url":"https:\/\/redfoxlotto.com\/lotteries\/mega-millions\/","og_site_name":"Get Tickets for the World\u2019s largest jackpots","article_modified_time":"2025-12-18T13:01:28+00:00","og_image":[{"url":"https:\/\/content.redfoxlotto.com\/uploads\/sites\/9\/2_ticket_mega_millions2.jpg"}],"twitter_card":"summary_large_image","twitter_misc":{"Becs\u00fclt olvas\u00e1si id\u0151":"4 perc"},"schema":{"@context":"https:\/\/schema.org","@graph":[{"@type":"WebPage","@id":"https:\/\/redfoxlotto.com\/hu\/lottojatekok\/mega-millions\/","url":"https:\/\/redfoxlotto.com\/lotteries\/mega-millions\/","name":"Mega Millions szelv\u00e9nyek online v\u00e1s\u00e1rl\u00e1sa | A Mega Millions m\u00e1r el\u00e9rhet\u0151 a Magyarorsz\u00e1gr\u00f3l is","isPartOf":{"@id":"https:\/\/redfoxlotto.com\/hu\/#website"},"primaryImageOfPage":{"@id":"https:\/\/redfoxlotto.com\/lotteries\/mega-millions\/#primaryimage"},"image":{"@id":"https:\/\/redfoxlotto.com\/lotteries\/mega-millions\/#primaryimage"},"thumbnailUrl":"https:\/\/content.redfoxlotto.com\/uploads\/sites\/9\/2_ticket_mega_millions2.jpg","datePublished":"2018-11-18T08:54:25+00:00","dateModified":"2025-12-18T13:01:28+00:00","description":"Tudjon meg t\u00f6bbet a Mega Millions Lotto USA-r\u00f3l \u00e9s arr\u00f3l, hogyan v\u00e1s\u00e1rolhat Mega Millions szelv\u00e9nyeket online, Magyarorsz\u00e1gr\u00f3l vagy a vil\u00e1g b\u00e1rmely orsz\u00e1g\u00e1b\u00f3l","breadcrumb":{"@id":"https:\/\/redfoxlotto.com\/lotteries\/mega-millions\/#breadcrumb"},"inLanguage":"hu","potentialAction":[{"@type":"ReadAction","target":["https:\/\/redfoxlotto.com\/lotteries\/mega-millions\/"]}]},{"@type":"ImageObject","inLanguage":"hu","@id":"https:\/\/redfoxlotto.com\/lotteries\/mega-millions\/#primaryimage","url":"https:\/\/content.redfoxlotto.com\/uploads\/sites\/9\/2_ticket_mega_millions2.jpg","contentUrl":"https:\/\/content.redfoxlotto.com\/uploads\/sites\/9\/2_ticket_mega_millions2.jpg"},{"@type":"BreadcrumbList","@id":"https:\/\/redfoxlotto.com\/lotteries\/mega-millions\/#breadcrumb","itemListElement":[{"@type":"ListItem","position":1,"name":"Home","item":"https:\/\/redfoxlotto.com\/hu\/"},{"@type":"ListItem","position":2,"name":"Lott\u00f3j\u00e1t\u00e9kok Online &#8211; lott\u00f3 nyerem\u00e9nyek \u00e9s online lotto jackpot","item":"https:\/\/redfoxlotto.com\/hu\/lottojatekok\/"},{"@type":"ListItem","position":3,"name":"A Mega Millionsr\u00f3l"}]},{"@type":"WebSite","@id":"https:\/\/redfoxlotto.com\/hu\/#website","url":"https:\/\/redfoxlotto.com\/hu\/","name":"Get Tickets for the World\u2019s largest jackpots","description":"Participate in worldwide lottery jackpots from any country","publisher":{"@id":"https:\/\/redfoxlotto.com\/hu\/#organization"},"potentialAction":[{"@type":"SearchAction","target":{"@type":"EntryPoint","urlTemplate":"https:\/\/redfoxlotto.com\/hu\/?s={search_term_string}"},"query-input":{"@type":"PropertyValueSpecification","valueRequired":true,"valueName":"search_term_string"}}],"inLanguage":"hu"},{"@type":"Organization","@id":"https:\/\/redfoxlotto.com\/hu\/#organization","name":"Get Tickets for the World\u2019s largest jackpots","url":"https:\/\/redfoxlotto.com\/hu\/","logo":{"@type":"ImageObject","inLanguage":"hu","@id":"https:\/\/redfoxlotto.com\/hu\/#\/schema\/logo\/image\/","url":"https:\/\/redfoxlotto.com\/wp-content\/uploads\/2023\/04\/logo.png","contentUrl":"https:\/\/redfoxlotto.com\/wp-content\/uploads\/2023\/04\/logo.png","width":269,"height":53,"caption":"Get Tickets for the World\u2019s largest jackpots"},"image":{"@id":"https:\/\/redfoxlotto.com\/hu\/#\/schema\/logo\/image\/"}}]}},"_links":{"self":[{"href":"https:\/\/redfoxlotto.com\/hu\/wp-json\/wp\/v2\/pages\/55224","targetHints":{"allow":["GET"]}}],"collection":[{"href":"https:\/\/redfoxlotto.com\/hu\/wp-json\/wp\/v2\/pages"}],"about":[{"href":"https:\/\/redfoxlotto.com\/hu\/wp-json\/wp\/v2\/types\/page"}],"author":[{"embeddable":true,"href":"https:\/\/redfoxlotto.com\/hu\/wp-json\/wp\/v2\/users\/1"}],"replies":[{"embeddable":true,"href":"https:\/\/redfoxlotto.com\/hu\/wp-json\/wp\/v2\/comments?post=55224"}],"version-history":[{"count":0,"href":"https:\/\/redfoxlotto.com\/hu\/wp-json\/wp\/v2\/pages\/55224\/revisions"}],"up":[{"embeddable":true,"href":"https:\/\/redfoxlotto.com\/hu\/wp-json\/wp\/v2\/pages\/55209"}],"wp:attachment":[{"href":"https:\/\/redfoxlotto.com\/hu\/wp-json\/wp\/v2\/media?parent=55224"}],"curies":[{"name":"wp","href":"https:\/\/api.w.org\/{rel}","templated":true}]}}