{"id":55223,"date":"2020-08-18T09:13:31","date_gmt":"2020-08-18T09:13:31","guid":{"rendered":"https:\/\/redfoxlotto.com\/?page_id=21570"},"modified":"2023-04-29T07:50:08","modified_gmt":"2023-04-29T07:50:08","slug":"lotto-at","status":"publish","type":"page","link":"https:\/\/redfoxlotto.com\/hu\/lottojatekok\/lotto-at\/","title":{"rendered":"Az osztr\u00e1k lott\u00f3r\u00f3l"},"content":{"rendered":"<h2 class=\"wp-block-heading\">Jegyek v\u00e1s\u00e1rl\u00e1sa az osztr\u00e1k lott\u00f3ra online<\/h2><p>Amikor elj\u00f6n az ideje, hogy v\u00e1s\u00e1roljon jegyet az osztr\u00e1k lott\u00f3 online kell tudni, hogy hogyan kell csin\u00e1lni, igaz? De el\u0151sz\u00f6r is tudnia kell, hogy mi\u00e9rt is fog ezzel foglalkozni. Erre a k\u00e9rd\u00e9sre tulajdonk\u00e9ppen egyszer\u0171 a v\u00e1lasz, mert ez a j\u00e1t\u00e9k hat\u00e1rozottan sz\u00f3rakoztat\u00f3.<\/p><p>Kiv\u00e1laszthat 6 sz\u00e1mot, amelyeknek meg kell egyeznie ahhoz, hogy megszerezze a jackpotot. De akkor is nyerhetsz valamit, ha legal\u00e1bb 2 sz\u00e1mmal egyezik a sorsol\u00e1son. Ha m\u00e9g t\u00f6bb sz\u00e1mot tal\u00e1lsz el, akkor m\u00e9g magasabb nyerem\u00e9nyt kapsz, a legmagasabb tal\u00e1latokn\u00e1l pedig m\u00e9g jobb nyerem\u00e9nyeket.<\/p><p><img decoding=\"async\" class=\"size-full wp-image alignright\" src=\"https:\/\/content.redfoxlotto.com\/uploads\/sites\/9\/1_buy_lotto_to_win.jpg\" alt=\"lotto ausztria szelv\u00e9nyek online\" \/><\/p><h2 class=\"wp-block-heading\">Hogyan v\u00e1s\u00e1roljon jegyeket az osztr\u00e1k lott\u00f3ra online<\/h2><p>Ha k\u00e9szen \u00e1ll a szelv\u00e9nyek megv\u00e1s\u00e1rl\u00e1s\u00e1ra, el\u0151sz\u00f6r is meg kell tal\u00e1lnia egy olyan weboldalt, ahol ezeket a szelv\u00e9nyeket k\u00edn\u00e1lj\u00e1k. Szerencs\u00e9j\u00e9re a RedFoxLotto.com a legjobb hely a szelv\u00e9nyek megv\u00e1s\u00e1rl\u00e1s\u00e1ra, \u00e9s megk\u00f6nny\u00edti, hogy gyorsan kiv\u00e1laszthassa, amit keres.<\/p><p>\u00d6n v\u00e1laszthatja ki a sz\u00e1mokat, vagy v\u00e1laszthat egy egyszer\u0171 szelv\u00e9nyt, ahol a sz\u00e1mokat kiv\u00e1lasztj\u00e1k \u00d6nnek. Ezut\u00e1n a fizet\u00e9st a kedvenc fizet\u00e9si m\u00f3doddal v\u00e9gzed el. A fizet\u00e9s \u00e9s a megrendel\u00e9s meger\u0151s\u00edt\u00e9se egy pillanat alatt megt\u00f6rt\u00e9nik. Ezut\u00e1n m\u00e1r csak a nyer\u0151sz\u00e1mokra kell v\u00e1rnod.<\/p><h2 class=\"wp-block-heading\">Mik a nyer\u0151sz\u00e1mok?<\/h2><p>Miut\u00e1n online v\u00e1s\u00e1rolt\u00e1l szelv\u00e9nyt az osztr\u00e1k lott\u00f3ra, \u00e9s a sorsol\u00e1s megt\u00f6rt\u00e9nt, megn\u00e9zheted a szelv\u00e9nyeidet tartalmaz\u00f3 r\u00e9szt, ahol l\u00e1thatod az \u00f6sszes sz\u00e1mot, amelyek megegyeztek a nyer\u0151sz\u00e1mokkal, \u00e9s azt is, hogy mit nyerhett\u00e9l.<\/p>","protected":false},"excerpt":{"rendered":"<p>Jegyek v\u00e1s\u00e1rl\u00e1sa az osztr\u00e1k lott\u00f3ra online Amikor elj\u00f6n az ideje, hogy v\u00e1s\u00e1roljon jegyet az osztr\u00e1k lott\u00f3 online kell tudni, hogy hogyan kell csin\u00e1lni, igaz? De el\u0151sz\u00f6r is tudnia kell, hogy mi\u00e9rt is fog ezzel foglalkozni. Erre a k\u00e9rd\u00e9sre tulajdonk\u00e9ppen egyszer\u0171 a v\u00e1lasz, mert ez a j\u00e1t\u00e9k hat\u00e1rozottan sz\u00f3rakoztat\u00f3. Kiv\u00e1laszthat 6 sz\u00e1mot, amelyeknek meg kell egyeznie [&hellip;]<\/p>\n","protected":false},"author":1,"featured_media":0,"parent":55209,"menu_order":16,"comment_status":"closed","ping_status":"closed","template":"","meta":{"_et_pb_use_builder":"","_et_pb_old_content":"","_et_gb_content_width":"","exclude_from_search":false,"footnotes":""},"class_list":["post-55223","page","type-page","status-publish","hentry"],"yoast_head":"<!-- This site is optimized with the Yoast SEO plugin v27.4 - https:\/\/yoast.com\/product\/yoast-seo-wordpress\/ -->\n<title>Vegye meg szelv\u00e9ny\u00e9t az osztr\u00e1k lott\u00f3ra online<\/title>\n<meta name=\"description\" content=\"Hallott m\u00e1r az osztr\u00e1k lott\u00f3r\u00f3l? Itt v\u00e1s\u00e1rolhat online szelv\u00e9nyeket!\" \/>\n<meta name=\"robots\" content=\"index, follow, max-snippet:-1, max-image-preview:large, max-video-preview:-1\" \/>\n<link rel=\"canonical\" href=\"https:\/\/redfoxlotto.com\/hu\/lottojatekok\/lotto-at\/\" \/>\n<meta property=\"og:locale\" content=\"hu_HU\" \/>\n<meta property=\"og:type\" content=\"article\" \/>\n<meta property=\"og:title\" content=\"Vegye meg szelv\u00e9ny\u00e9t az osztr\u00e1k lott\u00f3ra online\" \/>\n<meta property=\"og:description\" content=\"Hallott m\u00e1r az osztr\u00e1k lott\u00f3r\u00f3l? Itt v\u00e1s\u00e1rolhat online szelv\u00e9nyeket!\" \/>\n<meta property=\"og:url\" content=\"https:\/\/redfoxlotto.com\/hu\/lottojatekok\/lotto-at\/\" \/>\n<meta property=\"og:site_name\" content=\"Get Tickets for the World\u2019s largest jackpots\" \/>\n<meta property=\"article:modified_time\" content=\"2023-04-29T07:50:08+00:00\" \/>\n<meta property=\"og:image\" content=\"https:\/\/content.redfoxlotto.com\/uploads\/sites\/9\/1_buy_lotto_to_win.jpg\" \/>\n<meta name=\"twitter:card\" content=\"summary_large_image\" \/>\n<meta name=\"twitter:label1\" content=\"Becs\u00fclt olvas\u00e1si id\u0151\" \/>\n\t<meta name=\"twitter:data1\" content=\"2 perc\" \/>\n<script type=\"application\/ld+json\" class=\"yoast-schema-graph\">{\"@context\":\"https:\\\/\\\/schema.org\",\"@graph\":[{\"@type\":\"WebPage\",\"@id\":\"https:\\\/\\\/redfoxlotto.com\\\/hu\\\/lottojatekok\\\/lotto-at\\\/\",\"url\":\"https:\\\/\\\/redfoxlotto.com\\\/hu\\\/lottojatekok\\\/lotto-at\\\/\",\"name\":\"Vegye meg szelv\u00e9ny\u00e9t az osztr\u00e1k lott\u00f3ra online\",\"isPartOf\":{\"@id\":\"https:\\\/\\\/redfoxlotto.com\\\/hu\\\/#website\"},\"primaryImageOfPage\":{\"@id\":\"https:\\\/\\\/redfoxlotto.com\\\/hu\\\/lottojatekok\\\/lotto-at\\\/#primaryimage\"},\"image\":{\"@id\":\"https:\\\/\\\/redfoxlotto.com\\\/hu\\\/lottojatekok\\\/lotto-at\\\/#primaryimage\"},\"thumbnailUrl\":\"https:\\\/\\\/content.redfoxlotto.com\\\/uploads\\\/sites\\\/9\\\/1_buy_lotto_to_win.jpg\",\"datePublished\":\"2020-08-18T09:13:31+00:00\",\"dateModified\":\"2023-04-29T07:50:08+00:00\",\"description\":\"Hallott m\u00e1r az osztr\u00e1k lott\u00f3r\u00f3l? Itt v\u00e1s\u00e1rolhat online szelv\u00e9nyeket!\",\"breadcrumb\":{\"@id\":\"https:\\\/\\\/redfoxlotto.com\\\/hu\\\/lottojatekok\\\/lotto-at\\\/#breadcrumb\"},\"inLanguage\":\"hu\",\"potentialAction\":[{\"@type\":\"ReadAction\",\"target\":[\"https:\\\/\\\/redfoxlotto.com\\\/hu\\\/lottojatekok\\\/lotto-at\\\/\"]}]},{\"@type\":\"ImageObject\",\"inLanguage\":\"hu\",\"@id\":\"https:\\\/\\\/redfoxlotto.com\\\/hu\\\/lottojatekok\\\/lotto-at\\\/#primaryimage\",\"url\":\"https:\\\/\\\/content.redfoxlotto.com\\\/uploads\\\/sites\\\/9\\\/1_buy_lotto_to_win.jpg\",\"contentUrl\":\"https:\\\/\\\/content.redfoxlotto.com\\\/uploads\\\/sites\\\/9\\\/1_buy_lotto_to_win.jpg\"},{\"@type\":\"BreadcrumbList\",\"@id\":\"https:\\\/\\\/redfoxlotto.com\\\/hu\\\/lottojatekok\\\/lotto-at\\\/#breadcrumb\",\"itemListElement\":[{\"@type\":\"ListItem\",\"position\":1,\"name\":\"Home\",\"item\":\"https:\\\/\\\/redfoxlotto.com\\\/hu\\\/\"},{\"@type\":\"ListItem\",\"position\":2,\"name\":\"Lott\u00f3j\u00e1t\u00e9kok Online &#8211; lott\u00f3 nyerem\u00e9nyek \u00e9s online lotto jackpot\",\"item\":\"https:\\\/\\\/redfoxlotto.com\\\/hu\\\/lottojatekok\\\/\"},{\"@type\":\"ListItem\",\"position\":3,\"name\":\"Az osztr\u00e1k lott\u00f3r\u00f3l\"}]},{\"@type\":\"WebSite\",\"@id\":\"https:\\\/\\\/redfoxlotto.com\\\/hu\\\/#website\",\"url\":\"https:\\\/\\\/redfoxlotto.com\\\/hu\\\/\",\"name\":\"Get Tickets for the World\u2019s largest jackpots\",\"description\":\"Participate in worldwide lottery jackpots from any country\",\"publisher\":{\"@id\":\"https:\\\/\\\/redfoxlotto.com\\\/hu\\\/#organization\"},\"potentialAction\":[{\"@type\":\"SearchAction\",\"target\":{\"@type\":\"EntryPoint\",\"urlTemplate\":\"https:\\\/\\\/redfoxlotto.com\\\/hu\\\/?s={search_term_string}\"},\"query-input\":{\"@type\":\"PropertyValueSpecification\",\"valueRequired\":true,\"valueName\":\"search_term_string\"}}],\"inLanguage\":\"hu\"},{\"@type\":\"Organization\",\"@id\":\"https:\\\/\\\/redfoxlotto.com\\\/hu\\\/#organization\",\"name\":\"Get Tickets for the World\u2019s largest jackpots\",\"url\":\"https:\\\/\\\/redfoxlotto.com\\\/hu\\\/\",\"logo\":{\"@type\":\"ImageObject\",\"inLanguage\":\"hu\",\"@id\":\"https:\\\/\\\/redfoxlotto.com\\\/hu\\\/#\\\/schema\\\/logo\\\/image\\\/\",\"url\":\"https:\\\/\\\/redfoxlotto.com\\\/wp-content\\\/uploads\\\/2023\\\/04\\\/logo.png\",\"contentUrl\":\"https:\\\/\\\/redfoxlotto.com\\\/wp-content\\\/uploads\\\/2023\\\/04\\\/logo.png\",\"width\":269,\"height\":53,\"caption\":\"Get Tickets for the World\u2019s largest jackpots\"},\"image\":{\"@id\":\"https:\\\/\\\/redfoxlotto.com\\\/hu\\\/#\\\/schema\\\/logo\\\/image\\\/\"}}]}<\/script>\n<!-- \/ Yoast SEO plugin. -->","yoast_head_json":{"title":"Vegye meg szelv\u00e9ny\u00e9t az osztr\u00e1k lott\u00f3ra online","description":"Hallott m\u00e1r az osztr\u00e1k lott\u00f3r\u00f3l? Itt v\u00e1s\u00e1rolhat online szelv\u00e9nyeket!","robots":{"index":"index","follow":"follow","max-snippet":"max-snippet:-1","max-image-preview":"max-image-preview:large","max-video-preview":"max-video-preview:-1"},"canonical":"https:\/\/redfoxlotto.com\/hu\/lottojatekok\/lotto-at\/","og_locale":"hu_HU","og_type":"article","og_title":"Vegye meg szelv\u00e9ny\u00e9t az osztr\u00e1k lott\u00f3ra online","og_description":"Hallott m\u00e1r az osztr\u00e1k lott\u00f3r\u00f3l? Itt v\u00e1s\u00e1rolhat online szelv\u00e9nyeket!","og_url":"https:\/\/redfoxlotto.com\/hu\/lottojatekok\/lotto-at\/","og_site_name":"Get Tickets for the World\u2019s largest jackpots","article_modified_time":"2023-04-29T07:50:08+00:00","og_image":[{"url":"https:\/\/content.redfoxlotto.com\/uploads\/sites\/9\/1_buy_lotto_to_win.jpg","type":"","width":"","height":""}],"twitter_card":"summary_large_image","twitter_misc":{"Becs\u00fclt olvas\u00e1si id\u0151":"2 perc"},"schema":{"@context":"https:\/\/schema.org","@graph":[{"@type":"WebPage","@id":"https:\/\/redfoxlotto.com\/hu\/lottojatekok\/lotto-at\/","url":"https:\/\/redfoxlotto.com\/hu\/lottojatekok\/lotto-at\/","name":"Vegye meg szelv\u00e9ny\u00e9t az osztr\u00e1k lott\u00f3ra online","isPartOf":{"@id":"https:\/\/redfoxlotto.com\/hu\/#website"},"primaryImageOfPage":{"@id":"https:\/\/redfoxlotto.com\/hu\/lottojatekok\/lotto-at\/#primaryimage"},"image":{"@id":"https:\/\/redfoxlotto.com\/hu\/lottojatekok\/lotto-at\/#primaryimage"},"thumbnailUrl":"https:\/\/content.redfoxlotto.com\/uploads\/sites\/9\/1_buy_lotto_to_win.jpg","datePublished":"2020-08-18T09:13:31+00:00","dateModified":"2023-04-29T07:50:08+00:00","description":"Hallott m\u00e1r az osztr\u00e1k lott\u00f3r\u00f3l? Itt v\u00e1s\u00e1rolhat online szelv\u00e9nyeket!","breadcrumb":{"@id":"https:\/\/redfoxlotto.com\/hu\/lottojatekok\/lotto-at\/#breadcrumb"},"inLanguage":"hu","potentialAction":[{"@type":"ReadAction","target":["https:\/\/redfoxlotto.com\/hu\/lottojatekok\/lotto-at\/"]}]},{"@type":"ImageObject","inLanguage":"hu","@id":"https:\/\/redfoxlotto.com\/hu\/lottojatekok\/lotto-at\/#primaryimage","url":"https:\/\/content.redfoxlotto.com\/uploads\/sites\/9\/1_buy_lotto_to_win.jpg","contentUrl":"https:\/\/content.redfoxlotto.com\/uploads\/sites\/9\/1_buy_lotto_to_win.jpg"},{"@type":"BreadcrumbList","@id":"https:\/\/redfoxlotto.com\/hu\/lottojatekok\/lotto-at\/#breadcrumb","itemListElement":[{"@type":"ListItem","position":1,"name":"Home","item":"https:\/\/redfoxlotto.com\/hu\/"},{"@type":"ListItem","position":2,"name":"Lott\u00f3j\u00e1t\u00e9kok Online &#8211; lott\u00f3 nyerem\u00e9nyek \u00e9s online lotto jackpot","item":"https:\/\/redfoxlotto.com\/hu\/lottojatekok\/"},{"@type":"ListItem","position":3,"name":"Az osztr\u00e1k lott\u00f3r\u00f3l"}]},{"@type":"WebSite","@id":"https:\/\/redfoxlotto.com\/hu\/#website","url":"https:\/\/redfoxlotto.com\/hu\/","name":"Get Tickets for the World\u2019s largest jackpots","description":"Participate in worldwide lottery jackpots from any country","publisher":{"@id":"https:\/\/redfoxlotto.com\/hu\/#organization"},"potentialAction":[{"@type":"SearchAction","target":{"@type":"EntryPoint","urlTemplate":"https:\/\/redfoxlotto.com\/hu\/?s={search_term_string}"},"query-input":{"@type":"PropertyValueSpecification","valueRequired":true,"valueName":"search_term_string"}}],"inLanguage":"hu"},{"@type":"Organization","@id":"https:\/\/redfoxlotto.com\/hu\/#organization","name":"Get Tickets for the World\u2019s largest jackpots","url":"https:\/\/redfoxlotto.com\/hu\/","logo":{"@type":"ImageObject","inLanguage":"hu","@id":"https:\/\/redfoxlotto.com\/hu\/#\/schema\/logo\/image\/","url":"https:\/\/redfoxlotto.com\/wp-content\/uploads\/2023\/04\/logo.png","contentUrl":"https:\/\/redfoxlotto.com\/wp-content\/uploads\/2023\/04\/logo.png","width":269,"height":53,"caption":"Get Tickets for the World\u2019s largest jackpots"},"image":{"@id":"https:\/\/redfoxlotto.com\/hu\/#\/schema\/logo\/image\/"}}]}},"_links":{"self":[{"href":"https:\/\/redfoxlotto.com\/hu\/wp-json\/wp\/v2\/pages\/55223","targetHints":{"allow":["GET"]}}],"collection":[{"href":"https:\/\/redfoxlotto.com\/hu\/wp-json\/wp\/v2\/pages"}],"about":[{"href":"https:\/\/redfoxlotto.com\/hu\/wp-json\/wp\/v2\/types\/page"}],"author":[{"embeddable":true,"href":"https:\/\/redfoxlotto.com\/hu\/wp-json\/wp\/v2\/users\/1"}],"replies":[{"embeddable":true,"href":"https:\/\/redfoxlotto.com\/hu\/wp-json\/wp\/v2\/comments?post=55223"}],"version-history":[{"count":0,"href":"https:\/\/redfoxlotto.com\/hu\/wp-json\/wp\/v2\/pages\/55223\/revisions"}],"up":[{"embeddable":true,"href":"https:\/\/redfoxlotto.com\/hu\/wp-json\/wp\/v2\/pages\/55209"}],"wp:attachment":[{"href":"https:\/\/redfoxlotto.com\/hu\/wp-json\/wp\/v2\/media?parent=55223"}],"curies":[{"name":"wp","href":"https:\/\/api.w.org\/{rel}","templated":true}]}}