{"id":55222,"date":"2020-08-18T09:10:34","date_gmt":"2020-08-18T09:10:34","guid":{"rendered":"https:\/\/redfoxlotto.com\/?page_id=21568"},"modified":"2023-04-29T07:28:11","modified_gmt":"2023-04-29T07:28:11","slug":"lotto-america","status":"publish","type":"page","link":"https:\/\/redfoxlotto.com\/hu\/lottojatekok\/lotto-america\/","title":{"rendered":"A Lotto Amerik\u00e1r\u00f3l"},"content":{"rendered":"<h2 class=\"wp-block-heading\">Jegyek v\u00e1s\u00e1rl\u00e1sa Lotto America Online<\/h2><p>Amikor online lott\u00f3szelv\u00e9nyeket v\u00e1s\u00e1rol, biztos akar lenni benne, hogy a legjobb j\u00e1t\u00e9kokon vesz r\u00e9szt. De hallott\u00e1l m\u00e1r valaha a k\u00fcl\u00f6nb\u00f6z\u0151 j\u00e1t\u00e9kokr\u00f3l, amelyek l\u00e9teznek? Val\u00f3sz\u00edn\u0171leg nem. K\u00fcl\u00f6n\u00f6sen az\u00e9rt, mert m\u00e1s orsz\u00e1gokban is vannak olyan j\u00e1t\u00e9kok, amelyeket online j\u00e1tszhatsz. Olyan j\u00e1t\u00e9kok, mint a Lotto America.<\/p><h2 class=\"wp-block-heading\">Mi ez?<\/h2><p>A<\/p>\r\n<p><img loading=\"lazy\" decoding=\"async\" class=\" wp-image alignright\" src=\"https:\/\/content.redfoxlotto.com\/uploads\/sites\/9\/1_ticket_online_buying.jpg\" alt=\"amerikai lott\u00f3 szelv\u00e9ny online \" width=\"241\" height=\"163\" \/><\/p>\r\n<p>\u00a0Lotto America egy t\u00f6bb \u00e1llamot \u00e9rint\u0151 j\u00e1t\u00e9k, amelyet az Egyes\u00fclt \u00c1llamokban j\u00e1tszanak. Pontosabban az orsz\u00e1g 13 \u00e1llam\u00e1ban j\u00e1tssz\u00e1k. De nem kell az egyik \u00e1llamban \u00e9lned ahhoz, hogy j\u00e1tszhass. Tulajdonk\u00e9ppen a vil\u00e1g b\u00e1rmely pontj\u00e1r\u00f3l j\u00e1tszhatsz. \u00c9s itt j\u00f6n a m\u00f3ka. Mert ez a j\u00e1t\u00e9k es\u00e9lyt ad arra, hogy multimilliomoss\u00e1 v\u00e1lj, \u00e9s ez egy szuperegyszer\u0171 j\u00e1t\u00e9k.<\/p><h2 class=\"wp-block-heading\">A Lotto America szelv\u00e9nyek megv\u00e1s\u00e1rl\u00e1sa<\/h2><p>Ha \u00e9rdekli a Lotto America j\u00e1t\u00e9k, csak azt kell tudnia, hogy hol szerezze be a szelv\u00e9nyeket. De hogyan is v\u00e1s\u00e1rolhatsz online szelv\u00e9nyeket a Lotto America j\u00e1t\u00e9kra? Sz\u00fcks\u00e9ge van egy szolg\u00e1ltat\u00e1sra, amely seg\u00edt \u00d6nnek, \u00e9s itt j\u00f6n a k\u00e9pbe a RedFoxLotto. Seg\u00edt\u00fcnk \u00d6nnek beszerezni a szelv\u00e9nyeket erre a j\u00e1t\u00e9kra, vagy b\u00e1rmely m\u00e1s lott\u00f3j\u00e1t\u00e9kra, amit a vil\u00e1g minden t\u00e1j\u00e1n szeretne j\u00e1tszani. Rajtunk kereszt\u00fcl szelv\u00e9nyeket szerezhet az Euromillionsra, az Eurojackpotra \u00e9s sok m\u00e1s lott\u00f3j\u00e1t\u00e9kra, amennyiben nagykor\u00fa.<\/p><p>Mind\u00f6ssze n\u00e9h\u00e1ny l\u00e9p\u00e9st kell tennie ahhoz, hogy elkezdhesse. Az els\u0151 az, hogy l\u00e9tre kell hoznia egy fi\u00f3kot a RedFoxLott\u00f3n\u00e1l. Ez k\u00f6nnyen elv\u00e9gezhet\u0151, \u00e9s csak n\u00e9h\u00e1ny percet vesz ig\u00e9nybe, hogy teljesen be\u00e1ll\u00edtson \u00e9s k\u00e9szen \u00e1lljon az indul\u00e1sra. Onnan kezdve elkezdhet b\u00f6ng\u00e9szni a k\u00fcl\u00f6nb\u00f6z\u0151 lott\u00f3j\u00e1t\u00e9kok k\u00f6z\u00f6tt, amelyek el\u00e9rhet\u0151ek. Lehet, hogy a Lotto America-t vagy valami m\u00e1st (vagy t\u00f6bb k\u00fcl\u00f6nb\u00f6z\u0151 j\u00e1t\u00e9kot) szeretne.<br \/>Ha eld\u00f6nt\u00f6tted, hogy melyik j\u00e1t\u00e9kot v\u00e1lasztod, \u00e9s k\u00e9szen \u00e1llsz a Lotto America j\u00e1t\u00e9kra, itt az ideje, hogy elkezdj kiv\u00e1lasztani a sz\u00e1mokat. Ez az a pont, ahol rengeteg k\u00fcl\u00f6nb\u00f6z\u0151 lehet\u0151s\u00e9ged lesz, \u00e9s itt fog igaz\u00e1n elkezd\u0151dni a m\u00f3ka.<\/p><h2 class=\"wp-block-heading\">A szelv\u00e9ny kiv\u00e1laszt\u00e1sa<\/h2><p>A Lotto America j\u00e1t\u00e9kban \u00f6t alapsz\u00e1m \u00e9s egy b\u00f3nuszsz\u00e1m van. \u00d6n v\u00e1laszthatja ki, hogy melyiket szeretn\u00e9, \u00edgy olyan kombin\u00e1ci\u00f3t kaphat, amelyet szerencs\u00e9snek tart, vagy amely jelent valamit az \u00d6n sz\u00e1m\u00e1ra. \u00c9s miut\u00e1n kiv\u00e1lasztotta a sz\u00e1mokat, eld\u00f6ntheti, hogy meg akarja-e j\u00e1tszani az All Star b\u00f3nuszt.<br \/>Ez a b\u00f3nusz a nyerem\u00e9nyed t\u00f6bbsz\u00f6r\u00f6s\u00e9t adhatja, ha a jackpoton k\u00edv\u00fcl b\u00e1rmi m\u00e1st is nyersz. Ez azt jelenti, hogy m\u00e9g nagyobb \u00e9s jobb nyerem\u00e9nyekre sz\u00e1m\u00edthatsz, \u00e9s ez az a r\u00e9sz, ahol a sz\u00f3rakoz\u00e1s hat\u00e1rozottan be fog k\u00f6vetkezni. Elv\u00e9gre a lehet\u0151 legnagyobbat akarod nyerni, nem igaz?<br \/>De mi van akkor, ha nem tudod a k\u00edv\u00e1nt sz\u00e1mokat? Vagy mi van, ha csak n\u00e9h\u00e1ny k\u00fcl\u00f6nleges sz\u00e1mot szeretn\u00e9l megj\u00e1tszani? Ez sem probl\u00e9ma, mert kiv\u00e1laszthatod, hogy mely sz\u00e1mokat szeretn\u00e9d, \u00e9s v\u00e9letlenszer\u0171 sz\u00e1mokkal t\u00f6ltheted ki. Vagy haszn\u00e1lhatod a sz\u00e1mgener\u00e1tort, hogy az \u00f6sszes sz\u00e1mot kiv\u00e1lassza helyetted.<\/p><h2 class=\"wp-block-heading\">V\u00e1rjon az eredm\u00e9nyekre<\/h2><p><img decoding=\"async\" class=\"size-full wp-image alignright\" src=\"https:\/\/content.redfoxlotto.com\/uploads\/sites\/9\/1_usa_lottery_win.jpg\" alt=\"amerikai lott\u00f3\" \/><\/p><p>Miut\u00e1n kiv\u00e1lasztotta a sz\u00e1mokat, kiv\u00e1laszthatja, hogy h\u00e1ny szelv\u00e9nyt szeretne \u00e9s milyen j\u00e1t\u00e9kokra. Ezut\u00e1n m\u00e1r csak ki kell fizetnie a szelv\u00e9nyeket, \u00e9s v\u00e1rnia kell a k\u00f6vetkez\u0151 sorsol\u00e1sra. Tov\u00e1bbi szelv\u00e9nyeket is kiv\u00e1laszthatsz n\u00e9h\u00e1ny m\u00e1s j\u00e1t\u00e9kra, amelyek vil\u00e1gszerte zajlanak, ha m\u00e9g nagyobb es\u00e9lyt szeretn\u00e9l arra, hogy valahol nyerem\u00e9nyt nyerj.<\/p><p>Emellett ellen\u0151rizheti az \u00f6sszes ilyen lott\u00f3 eredm\u00e9ny\u00e9t is. P\u00e9ld\u00e1ul ellen\u0151rizheti az Euromillions eredm\u00e9nyeit, majd ezeket a sz\u00e1mokat felhaszn\u00e1lhatja egy m\u00e1sik lott\u00f3 k\u00f6vetkez\u0151 szelv\u00e9ny\u00e9hez.<br \/>Amint meg\u00e9rkeznek a j\u00e1t\u00e9k eredm\u00e9nyei, azonnal l\u00e1thatja a nyertes sz\u00e1mokat, \u00e9s azt is, hogy a saj\u00e1t sz\u00e1mai hogyan \u00e1llnak. Nem csak ezt, hanem azt is l\u00e1thatja, hogy mit nyert, \u00e9s a nyerem\u00e9ny\u00e9t is ugyanilyen gyorsan megkapja. Ez egyszer\u0171, sz\u00f3rakoztat\u00f3, \u00e9s pillanatok alatt k\u00e9szen \u00e1llsz majd a k\u00f6vetkez\u0151 szelv\u00e9nyed kiv\u00e1laszt\u00e1s\u00e1ra. \u00c9s mivel ez ilyen egyszer\u0171, pontosan ezt fogod tenni. M\u00e1r csak azt kell eld\u00f6ntenie, hogy mely j\u00e1t\u00e9kokat szeretn\u00e9 j\u00e1tszani.<\/p>","protected":false},"excerpt":{"rendered":"<p>Jegyek v\u00e1s\u00e1rl\u00e1sa Lotto America Online Amikor online lott\u00f3szelv\u00e9nyeket v\u00e1s\u00e1rol, biztos akar lenni benne, hogy a legjobb j\u00e1t\u00e9kokon vesz r\u00e9szt. De hallott\u00e1l m\u00e1r valaha a k\u00fcl\u00f6nb\u00f6z\u0151 j\u00e1t\u00e9kokr\u00f3l, amelyek l\u00e9teznek? Val\u00f3sz\u00edn\u0171leg nem. K\u00fcl\u00f6n\u00f6sen az\u00e9rt, mert m\u00e1s orsz\u00e1gokban is vannak olyan j\u00e1t\u00e9kok, amelyeket online j\u00e1tszhatsz. Olyan j\u00e1t\u00e9kok, mint a Lotto America. Mi ez? A \u00a0Lotto America egy t\u00f6bb [&hellip;]<\/p>\n","protected":false},"author":1,"featured_media":0,"parent":55209,"menu_order":12,"comment_status":"closed","ping_status":"closed","template":"lotto-america-info.php","meta":{"_et_pb_use_builder":"","_et_pb_old_content":"","_et_gb_content_width":"","exclude_from_search":false,"footnotes":""},"class_list":["post-55222","page","type-page","status-publish","hentry"],"yoast_head":"<!-- This site is optimized with the Yoast SEO plugin v27.3 - https:\/\/yoast.com\/product\/yoast-seo-wordpress\/ -->\n<title>Lotto America jegyek online v\u00e1s\u00e1rl\u00e1sa<\/title>\n<meta name=\"description\" content=\"Ha szeretne nyerni a Lotto America j\u00e1t\u00e9kon, v\u00e1s\u00e1roljon szelv\u00e9nyt online most!\" \/>\n<meta name=\"robots\" content=\"index, follow, max-snippet:-1, max-image-preview:large, max-video-preview:-1\" \/>\n<link rel=\"canonical\" href=\"https:\/\/redfoxlotto.com\/hu\/lottojatekok\/lotto-america\/\" \/>\n<meta property=\"og:locale\" content=\"hu_HU\" \/>\n<meta property=\"og:type\" content=\"article\" \/>\n<meta property=\"og:title\" content=\"Lotto America jegyek online v\u00e1s\u00e1rl\u00e1sa\" \/>\n<meta property=\"og:description\" content=\"Ha szeretne nyerni a Lotto America j\u00e1t\u00e9kon, v\u00e1s\u00e1roljon szelv\u00e9nyt online most!\" \/>\n<meta property=\"og:url\" content=\"https:\/\/redfoxlotto.com\/hu\/lottojatekok\/lotto-america\/\" \/>\n<meta property=\"og:site_name\" content=\"Get Tickets for the World\u2019s largest jackpots\" \/>\n<meta property=\"article:modified_time\" content=\"2023-04-29T07:28:11+00:00\" \/>\n<meta property=\"og:image\" content=\"https:\/\/content.redfoxlotto.com\/uploads\/sites\/9\/1_ticket_online_buying.jpg\" \/>\n<meta name=\"twitter:card\" content=\"summary_large_image\" \/>\n<meta name=\"twitter:label1\" content=\"Becs\u00fclt olvas\u00e1si id\u0151\" \/>\n\t<meta name=\"twitter:data1\" content=\"3 perc\" \/>\n<script type=\"application\/ld+json\" class=\"yoast-schema-graph\">{\"@context\":\"https:\\\/\\\/schema.org\",\"@graph\":[{\"@type\":\"WebPage\",\"@id\":\"https:\\\/\\\/redfoxlotto.com\\\/hu\\\/lottojatekok\\\/lotto-america\\\/\",\"url\":\"https:\\\/\\\/redfoxlotto.com\\\/hu\\\/lottojatekok\\\/lotto-america\\\/\",\"name\":\"Lotto America jegyek online v\u00e1s\u00e1rl\u00e1sa\",\"isPartOf\":{\"@id\":\"https:\\\/\\\/redfoxlotto.com\\\/hu\\\/#website\"},\"primaryImageOfPage\":{\"@id\":\"https:\\\/\\\/redfoxlotto.com\\\/hu\\\/lottojatekok\\\/lotto-america\\\/#primaryimage\"},\"image\":{\"@id\":\"https:\\\/\\\/redfoxlotto.com\\\/hu\\\/lottojatekok\\\/lotto-america\\\/#primaryimage\"},\"thumbnailUrl\":\"https:\\\/\\\/content.redfoxlotto.com\\\/uploads\\\/sites\\\/9\\\/1_ticket_online_buying.jpg\",\"datePublished\":\"2020-08-18T09:10:34+00:00\",\"dateModified\":\"2023-04-29T07:28:11+00:00\",\"description\":\"Ha szeretne nyerni a Lotto America j\u00e1t\u00e9kon, v\u00e1s\u00e1roljon szelv\u00e9nyt online most!\",\"breadcrumb\":{\"@id\":\"https:\\\/\\\/redfoxlotto.com\\\/hu\\\/lottojatekok\\\/lotto-america\\\/#breadcrumb\"},\"inLanguage\":\"hu\",\"potentialAction\":[{\"@type\":\"ReadAction\",\"target\":[\"https:\\\/\\\/redfoxlotto.com\\\/hu\\\/lottojatekok\\\/lotto-america\\\/\"]}]},{\"@type\":\"ImageObject\",\"inLanguage\":\"hu\",\"@id\":\"https:\\\/\\\/redfoxlotto.com\\\/hu\\\/lottojatekok\\\/lotto-america\\\/#primaryimage\",\"url\":\"https:\\\/\\\/content.redfoxlotto.com\\\/uploads\\\/sites\\\/9\\\/1_ticket_online_buying.jpg\",\"contentUrl\":\"https:\\\/\\\/content.redfoxlotto.com\\\/uploads\\\/sites\\\/9\\\/1_ticket_online_buying.jpg\"},{\"@type\":\"BreadcrumbList\",\"@id\":\"https:\\\/\\\/redfoxlotto.com\\\/hu\\\/lottojatekok\\\/lotto-america\\\/#breadcrumb\",\"itemListElement\":[{\"@type\":\"ListItem\",\"position\":1,\"name\":\"Home\",\"item\":\"https:\\\/\\\/redfoxlotto.com\\\/hu\\\/\"},{\"@type\":\"ListItem\",\"position\":2,\"name\":\"Lott\u00f3j\u00e1t\u00e9kok Online &#8211; lott\u00f3 nyerem\u00e9nyek \u00e9s online lotto jackpot\",\"item\":\"https:\\\/\\\/redfoxlotto.com\\\/hu\\\/lottojatekok\\\/\"},{\"@type\":\"ListItem\",\"position\":3,\"name\":\"A Lotto Amerik\u00e1r\u00f3l\"}]},{\"@type\":\"WebSite\",\"@id\":\"https:\\\/\\\/redfoxlotto.com\\\/hu\\\/#website\",\"url\":\"https:\\\/\\\/redfoxlotto.com\\\/hu\\\/\",\"name\":\"Get Tickets for the World\u2019s largest jackpots\",\"description\":\"Participate in worldwide lottery jackpots from any country\",\"publisher\":{\"@id\":\"https:\\\/\\\/redfoxlotto.com\\\/hu\\\/#organization\"},\"potentialAction\":[{\"@type\":\"SearchAction\",\"target\":{\"@type\":\"EntryPoint\",\"urlTemplate\":\"https:\\\/\\\/redfoxlotto.com\\\/hu\\\/?s={search_term_string}\"},\"query-input\":{\"@type\":\"PropertyValueSpecification\",\"valueRequired\":true,\"valueName\":\"search_term_string\"}}],\"inLanguage\":\"hu\"},{\"@type\":\"Organization\",\"@id\":\"https:\\\/\\\/redfoxlotto.com\\\/hu\\\/#organization\",\"name\":\"Get Tickets for the World\u2019s largest jackpots\",\"url\":\"https:\\\/\\\/redfoxlotto.com\\\/hu\\\/\",\"logo\":{\"@type\":\"ImageObject\",\"inLanguage\":\"hu\",\"@id\":\"https:\\\/\\\/redfoxlotto.com\\\/hu\\\/#\\\/schema\\\/logo\\\/image\\\/\",\"url\":\"https:\\\/\\\/redfoxlotto.com\\\/wp-content\\\/uploads\\\/2023\\\/04\\\/logo.png\",\"contentUrl\":\"https:\\\/\\\/redfoxlotto.com\\\/wp-content\\\/uploads\\\/2023\\\/04\\\/logo.png\",\"width\":269,\"height\":53,\"caption\":\"Get Tickets for the World\u2019s largest jackpots\"},\"image\":{\"@id\":\"https:\\\/\\\/redfoxlotto.com\\\/hu\\\/#\\\/schema\\\/logo\\\/image\\\/\"}}]}<\/script>\n<!-- \/ Yoast SEO plugin. -->","yoast_head_json":{"title":"Lotto America jegyek online v\u00e1s\u00e1rl\u00e1sa","description":"Ha szeretne nyerni a Lotto America j\u00e1t\u00e9kon, v\u00e1s\u00e1roljon szelv\u00e9nyt online most!","robots":{"index":"index","follow":"follow","max-snippet":"max-snippet:-1","max-image-preview":"max-image-preview:large","max-video-preview":"max-video-preview:-1"},"canonical":"https:\/\/redfoxlotto.com\/hu\/lottojatekok\/lotto-america\/","og_locale":"hu_HU","og_type":"article","og_title":"Lotto America jegyek online v\u00e1s\u00e1rl\u00e1sa","og_description":"Ha szeretne nyerni a Lotto America j\u00e1t\u00e9kon, v\u00e1s\u00e1roljon szelv\u00e9nyt online most!","og_url":"https:\/\/redfoxlotto.com\/hu\/lottojatekok\/lotto-america\/","og_site_name":"Get Tickets for the World\u2019s largest jackpots","article_modified_time":"2023-04-29T07:28:11+00:00","og_image":[{"url":"https:\/\/content.redfoxlotto.com\/uploads\/sites\/9\/1_ticket_online_buying.jpg","type":"","width":"","height":""}],"twitter_card":"summary_large_image","twitter_misc":{"Becs\u00fclt olvas\u00e1si id\u0151":"3 perc"},"schema":{"@context":"https:\/\/schema.org","@graph":[{"@type":"WebPage","@id":"https:\/\/redfoxlotto.com\/hu\/lottojatekok\/lotto-america\/","url":"https:\/\/redfoxlotto.com\/hu\/lottojatekok\/lotto-america\/","name":"Lotto America jegyek online v\u00e1s\u00e1rl\u00e1sa","isPartOf":{"@id":"https:\/\/redfoxlotto.com\/hu\/#website"},"primaryImageOfPage":{"@id":"https:\/\/redfoxlotto.com\/hu\/lottojatekok\/lotto-america\/#primaryimage"},"image":{"@id":"https:\/\/redfoxlotto.com\/hu\/lottojatekok\/lotto-america\/#primaryimage"},"thumbnailUrl":"https:\/\/content.redfoxlotto.com\/uploads\/sites\/9\/1_ticket_online_buying.jpg","datePublished":"2020-08-18T09:10:34+00:00","dateModified":"2023-04-29T07:28:11+00:00","description":"Ha szeretne nyerni a Lotto America j\u00e1t\u00e9kon, v\u00e1s\u00e1roljon szelv\u00e9nyt online most!","breadcrumb":{"@id":"https:\/\/redfoxlotto.com\/hu\/lottojatekok\/lotto-america\/#breadcrumb"},"inLanguage":"hu","potentialAction":[{"@type":"ReadAction","target":["https:\/\/redfoxlotto.com\/hu\/lottojatekok\/lotto-america\/"]}]},{"@type":"ImageObject","inLanguage":"hu","@id":"https:\/\/redfoxlotto.com\/hu\/lottojatekok\/lotto-america\/#primaryimage","url":"https:\/\/content.redfoxlotto.com\/uploads\/sites\/9\/1_ticket_online_buying.jpg","contentUrl":"https:\/\/content.redfoxlotto.com\/uploads\/sites\/9\/1_ticket_online_buying.jpg"},{"@type":"BreadcrumbList","@id":"https:\/\/redfoxlotto.com\/hu\/lottojatekok\/lotto-america\/#breadcrumb","itemListElement":[{"@type":"ListItem","position":1,"name":"Home","item":"https:\/\/redfoxlotto.com\/hu\/"},{"@type":"ListItem","position":2,"name":"Lott\u00f3j\u00e1t\u00e9kok Online &#8211; lott\u00f3 nyerem\u00e9nyek \u00e9s online lotto jackpot","item":"https:\/\/redfoxlotto.com\/hu\/lottojatekok\/"},{"@type":"ListItem","position":3,"name":"A Lotto Amerik\u00e1r\u00f3l"}]},{"@type":"WebSite","@id":"https:\/\/redfoxlotto.com\/hu\/#website","url":"https:\/\/redfoxlotto.com\/hu\/","name":"Get Tickets for the World\u2019s largest jackpots","description":"Participate in worldwide lottery jackpots from any country","publisher":{"@id":"https:\/\/redfoxlotto.com\/hu\/#organization"},"potentialAction":[{"@type":"SearchAction","target":{"@type":"EntryPoint","urlTemplate":"https:\/\/redfoxlotto.com\/hu\/?s={search_term_string}"},"query-input":{"@type":"PropertyValueSpecification","valueRequired":true,"valueName":"search_term_string"}}],"inLanguage":"hu"},{"@type":"Organization","@id":"https:\/\/redfoxlotto.com\/hu\/#organization","name":"Get Tickets for the World\u2019s largest jackpots","url":"https:\/\/redfoxlotto.com\/hu\/","logo":{"@type":"ImageObject","inLanguage":"hu","@id":"https:\/\/redfoxlotto.com\/hu\/#\/schema\/logo\/image\/","url":"https:\/\/redfoxlotto.com\/wp-content\/uploads\/2023\/04\/logo.png","contentUrl":"https:\/\/redfoxlotto.com\/wp-content\/uploads\/2023\/04\/logo.png","width":269,"height":53,"caption":"Get Tickets for the World\u2019s largest jackpots"},"image":{"@id":"https:\/\/redfoxlotto.com\/hu\/#\/schema\/logo\/image\/"}}]}},"_links":{"self":[{"href":"https:\/\/redfoxlotto.com\/hu\/wp-json\/wp\/v2\/pages\/55222","targetHints":{"allow":["GET"]}}],"collection":[{"href":"https:\/\/redfoxlotto.com\/hu\/wp-json\/wp\/v2\/pages"}],"about":[{"href":"https:\/\/redfoxlotto.com\/hu\/wp-json\/wp\/v2\/types\/page"}],"author":[{"embeddable":true,"href":"https:\/\/redfoxlotto.com\/hu\/wp-json\/wp\/v2\/users\/1"}],"replies":[{"embeddable":true,"href":"https:\/\/redfoxlotto.com\/hu\/wp-json\/wp\/v2\/comments?post=55222"}],"version-history":[{"count":0,"href":"https:\/\/redfoxlotto.com\/hu\/wp-json\/wp\/v2\/pages\/55222\/revisions"}],"up":[{"embeddable":true,"href":"https:\/\/redfoxlotto.com\/hu\/wp-json\/wp\/v2\/pages\/55209"}],"wp:attachment":[{"href":"https:\/\/redfoxlotto.com\/hu\/wp-json\/wp\/v2\/media?parent=55222"}],"curies":[{"name":"wp","href":"https:\/\/api.w.org\/{rel}","templated":true}]}}