{"id":55221,"date":"2020-08-18T09:19:26","date_gmt":"2020-08-18T09:19:26","guid":{"rendered":"https:\/\/redfoxlotto.com\/?page_id=21566"},"modified":"2023-04-29T07:29:05","modified_gmt":"2023-04-29T07:29:05","slug":"lotto-6aus49","status":"publish","type":"page","link":"https:\/\/redfoxlotto.com\/hu\/lottojatekok\/lotto-6aus49\/","title":{"rendered":"A n\u00e9met Lotto 6 aus 49-r\u0151l"},"content":{"rendered":"<h2 class=\"wp-block-heading\">Jegyek v\u00e1s\u00e1rl\u00e1sa a n\u00e9met Lotto 6aus49 online<\/h2><p>Miut\u00e1n eld\u00f6nt\u00f6tte, hogy j\u00e1tszani szeretne a n\u00e9met lott\u00f3n, itt az ideje, hogy megv\u00e1s\u00e1rolja a szelv\u00e9nyeket. De hogyan v\u00e1s\u00e1rolhat szelv\u00e9nyeket a n\u00e9met lott\u00f3 6aus49 online? Ez val\u00f3j\u00e1ban egyszer\u0171bb, mint gondoln\u00e1. Mind\u00f6ssze annyit kell tennie, hogy ell\u00e1togat a RedFoxLotto.com oldalra, hogy elkezdhesse.<\/p><h2 class=\"wp-block-heading\">A sz\u00e1mok kiv\u00e1laszt\u00e1sa<\/h2><p><img loading=\"lazy\" decoding=\"async\" class=\" wp-image alignright\" src=\"https:\/\/content.redfoxlotto.com\/uploads\/sites\/9\/1_buy_lottery_tickets_online4.jpg\" alt=\"n\u00e9met lott\u00f3szelv\u00e9nyek\" width=\"231\" height=\"231\" \/><\/p><p>Ha k\u00e9szen \u00e1ll a j\u00e1t\u00e9kra, csak v\u00e1lasszon ki 6 sz\u00e1mot 1 \u00e9s 49 k\u00f6z\u00f6tt \u00e9s egyet 0 \u00e9s 9 k\u00f6z\u00f6tt. Ez minden, amire sz\u00fcks\u00e9ged van. Ezut\u00e1n, ha legal\u00e1bb 3 sz\u00e1mmal megegyezik, akkor a j\u00e1t\u00e9k sor\u00e1n nyerni fogsz valamit. Ha m\u00e9g t\u00f6bb sz\u00e1mot tal\u00e1lsz el, m\u00e9g t\u00f6bbet nyersz.<\/p><h2 class=\"wp-block-heading\">Jegyek v\u00e1s\u00e1rl\u00e1sa<\/h2><p>Most m\u00e1r tudod, hogyan v\u00e1laszd ki a sz\u00e1mokat, de hogyan fogod megvenni a szelv\u00e9nyeket? Ez egyszer\u0171. Jelentkezz be a RedFoxLotto.com oldalra, \u00e9s v\u00e1laszd ki a k\u00edv\u00e1nt sz\u00e1mokat a k\u00edv\u00e1nt j\u00e1t\u00e9khoz. Ez lehet ez vagy b\u00e1rmelyik m\u00e1sik j\u00e1t\u00e9k. Ezut\u00e1n v\u00e1lassza ki, hogy h\u00e1ny sorsol\u00e1sra szeretn\u00e9, hogy a szelv\u00e9nyei \u00e9rv\u00e9nyesek legyenek, \u00e9s adja meg a k\u00edv\u00e1nt fizet\u00e9si m\u00f3dot.<\/p><p>Miut\u00e1n megadta a fizet\u00e9si adatait \u00e9s v\u00e9gleges\u00edtette a v\u00e1s\u00e1rl\u00e1st, m\u00e1r csak annyi a dolga, hogy megv\u00e1rja, hogy megtudja, nyert-e valamit.<\/p><p><!--more--><img loading=\"lazy\" decoding=\"async\" class=\" wp-image alignright\" src=\"https:\/\/content.redfoxlotto.com\/uploads\/sites\/9\/1_buylottery_online.jpg\" alt=\"nyerj lott\u00f3t online\" width=\"234\" height=\"155\" \/><\/p><h2 class=\"wp-block-heading\">Nyert\u00e9l?<\/h2><p>Ha online v\u00e1s\u00e1rol szelv\u00e9nyeket a n\u00e9met Lotto 6aus49-re, akkor azt is szeretn\u00e9 megtudni, hogy nyert-e online, \u00e9s ez egyszer\u0171bb, mint gondoln\u00e1. Mind\u00f6ssze annyit kell tennie, hogy bejelentkezik a fi\u00f3kj\u00e1ba, \u00e9s megn\u00e9zi a szelv\u00e9nyekre vonatkoz\u00f3 r\u00e9szt, hogy megn\u00e9zze a nyertes sz\u00e1mokat \u00e9s azt, hogy az \u00d6n sz\u00e1mai hogyan viszonyulnak egym\u00e1shoz.<\/p>","protected":false},"excerpt":{"rendered":"<p>Jegyek v\u00e1s\u00e1rl\u00e1sa a n\u00e9met Lotto 6aus49 online Miut\u00e1n eld\u00f6nt\u00f6tte, hogy j\u00e1tszani szeretne a n\u00e9met lott\u00f3n, itt az ideje, hogy megv\u00e1s\u00e1rolja a szelv\u00e9nyeket. De hogyan v\u00e1s\u00e1rolhat szelv\u00e9nyeket a n\u00e9met lott\u00f3 6aus49 online? Ez val\u00f3j\u00e1ban egyszer\u0171bb, mint gondoln\u00e1. Mind\u00f6ssze annyit kell tennie, hogy ell\u00e1togat a RedFoxLotto.com oldalra, hogy elkezdhesse. A sz\u00e1mok kiv\u00e1laszt\u00e1sa Ha k\u00e9szen \u00e1ll a j\u00e1t\u00e9kra, [&hellip;]<\/p>\n","protected":false},"author":1,"featured_media":0,"parent":55209,"menu_order":15,"comment_status":"closed","ping_status":"closed","template":"lotto-german-info.php","meta":{"_et_pb_use_builder":"","_et_pb_old_content":"","_et_gb_content_width":"","exclude_from_search":false,"footnotes":""},"class_list":["post-55221","page","type-page","status-publish","hentry"],"yoast_head":"<!-- This site is optimized with the Yoast SEO plugin v23.8 - https:\/\/yoast.com\/wordpress\/plugins\/seo\/ -->\n<title>Szelv\u00e9nyek a n\u00e9met lott\u00f3ra online<\/title>\n<meta name=\"description\" content=\"A N\u00e9metorsz\u00e1gon k\u00edv\u00fcli lott\u00f3rajong\u00f3k mostant\u00f3l online is kaphatnak szelv\u00e9nyeket a &quot;6 aus 49&quot; j\u00e1t\u00e9kra\" \/>\n<meta name=\"robots\" content=\"index, follow, max-snippet:-1, max-image-preview:large, max-video-preview:-1\" \/>\n<link rel=\"canonical\" href=\"https:\/\/redfoxlotto.eu\/play\/lotto-6aus49\/\" \/>\n<meta property=\"og:locale\" content=\"hu_HU\" \/>\n<meta property=\"og:type\" content=\"article\" \/>\n<meta property=\"og:title\" content=\"Szelv\u00e9nyek a n\u00e9met lott\u00f3ra online\" \/>\n<meta property=\"og:description\" content=\"A N\u00e9metorsz\u00e1gon k\u00edv\u00fcli lott\u00f3rajong\u00f3k mostant\u00f3l online is kaphatnak szelv\u00e9nyeket a &quot;6 aus 49&quot; j\u00e1t\u00e9kra\" \/>\n<meta property=\"og:url\" content=\"https:\/\/redfoxlotto.eu\/play\/lotto-6aus49\/\" \/>\n<meta property=\"og:site_name\" content=\"Get Tickets for the World\u2019s largest jackpots\" \/>\n<meta property=\"article:modified_time\" content=\"2023-04-29T07:29:05+00:00\" \/>\n<meta property=\"og:image\" content=\"https:\/\/content.redfoxlotto.com\/uploads\/sites\/9\/1_buy_lottery_tickets_online4.jpg\" \/>\n<meta name=\"twitter:card\" content=\"summary_large_image\" \/>\n<meta name=\"twitter:label1\" content=\"Becs\u00fclt olvas\u00e1si id\u0151\" \/>\n\t<meta name=\"twitter:data1\" content=\"2 perc\" \/>\n<script type=\"application\/ld+json\" class=\"yoast-schema-graph\">{\"@context\":\"https:\/\/schema.org\",\"@graph\":[{\"@type\":\"WebPage\",\"@id\":\"https:\/\/redfoxlotto.com\/hu\/lottojatekok\/lotto-6aus49\/\",\"url\":\"https:\/\/redfoxlotto.eu\/play\/lotto-6aus49\/\",\"name\":\"Szelv\u00e9nyek a n\u00e9met lott\u00f3ra online\",\"isPartOf\":{\"@id\":\"https:\/\/redfoxlotto.com\/hu\/#website\"},\"primaryImageOfPage\":{\"@id\":\"https:\/\/redfoxlotto.eu\/play\/lotto-6aus49\/#primaryimage\"},\"image\":{\"@id\":\"https:\/\/redfoxlotto.eu\/play\/lotto-6aus49\/#primaryimage\"},\"thumbnailUrl\":\"https:\/\/content.redfoxlotto.com\/uploads\/sites\/9\/1_buy_lottery_tickets_online4.jpg\",\"datePublished\":\"2020-08-18T09:19:26+00:00\",\"dateModified\":\"2023-04-29T07:29:05+00:00\",\"description\":\"A N\u00e9metorsz\u00e1gon k\u00edv\u00fcli lott\u00f3rajong\u00f3k mostant\u00f3l online is kaphatnak szelv\u00e9nyeket a \\\"6 aus 49\\\" j\u00e1t\u00e9kra\",\"breadcrumb\":{\"@id\":\"https:\/\/redfoxlotto.eu\/play\/lotto-6aus49\/#breadcrumb\"},\"inLanguage\":\"hu\",\"potentialAction\":[{\"@type\":\"ReadAction\",\"target\":[\"https:\/\/redfoxlotto.eu\/play\/lotto-6aus49\/\"]}]},{\"@type\":\"ImageObject\",\"inLanguage\":\"hu\",\"@id\":\"https:\/\/redfoxlotto.eu\/play\/lotto-6aus49\/#primaryimage\",\"url\":\"https:\/\/content.redfoxlotto.com\/uploads\/sites\/9\/1_buy_lottery_tickets_online4.jpg\",\"contentUrl\":\"https:\/\/content.redfoxlotto.com\/uploads\/sites\/9\/1_buy_lottery_tickets_online4.jpg\"},{\"@type\":\"BreadcrumbList\",\"@id\":\"https:\/\/redfoxlotto.eu\/play\/lotto-6aus49\/#breadcrumb\",\"itemListElement\":[{\"@type\":\"ListItem\",\"position\":1,\"name\":\"Home\",\"item\":\"https:\/\/redfoxlotto.com\/hu\/\"},{\"@type\":\"ListItem\",\"position\":2,\"name\":\"Lott\u00f3j\u00e1t\u00e9kok Online &#8211; lott\u00f3 nyerem\u00e9nyek \u00e9s online lotto jackpot\",\"item\":\"https:\/\/redfoxlotto.com\/hu\/lottojatekok\/\"},{\"@type\":\"ListItem\",\"position\":3,\"name\":\"A n\u00e9met Lotto 6 aus 49-r\u0151l\"}]},{\"@type\":\"WebSite\",\"@id\":\"https:\/\/redfoxlotto.com\/hu\/#website\",\"url\":\"https:\/\/redfoxlotto.com\/hu\/\",\"name\":\"Get Tickets for the World\u2019s largest jackpots\",\"description\":\"Participate in worldwide lottery jackpots from any country\",\"publisher\":{\"@id\":\"https:\/\/redfoxlotto.com\/hu\/#organization\"},\"potentialAction\":[{\"@type\":\"SearchAction\",\"target\":{\"@type\":\"EntryPoint\",\"urlTemplate\":\"https:\/\/redfoxlotto.com\/hu\/?s={search_term_string}\"},\"query-input\":{\"@type\":\"PropertyValueSpecification\",\"valueRequired\":true,\"valueName\":\"search_term_string\"}}],\"inLanguage\":\"hu\"},{\"@type\":\"Organization\",\"@id\":\"https:\/\/redfoxlotto.com\/hu\/#organization\",\"name\":\"Get Tickets for the World\u2019s largest jackpots\",\"url\":\"https:\/\/redfoxlotto.com\/hu\/\",\"logo\":{\"@type\":\"ImageObject\",\"inLanguage\":\"hu\",\"@id\":\"https:\/\/redfoxlotto.com\/hu\/#\/schema\/logo\/image\/\",\"url\":\"https:\/\/redfoxlotto.com\/wp-content\/uploads\/2023\/04\/logo.png\",\"contentUrl\":\"https:\/\/redfoxlotto.com\/wp-content\/uploads\/2023\/04\/logo.png\",\"width\":269,\"height\":53,\"caption\":\"Get Tickets for the World\u2019s largest jackpots\"},\"image\":{\"@id\":\"https:\/\/redfoxlotto.com\/hu\/#\/schema\/logo\/image\/\"}}]}<\/script>\n<!-- \/ Yoast SEO plugin. -->","yoast_head_json":{"title":"Szelv\u00e9nyek a n\u00e9met lott\u00f3ra online","description":"A N\u00e9metorsz\u00e1gon k\u00edv\u00fcli lott\u00f3rajong\u00f3k mostant\u00f3l online is kaphatnak szelv\u00e9nyeket a \"6 aus 49\" j\u00e1t\u00e9kra","robots":{"index":"index","follow":"follow","max-snippet":"max-snippet:-1","max-image-preview":"max-image-preview:large","max-video-preview":"max-video-preview:-1"},"canonical":"https:\/\/redfoxlotto.eu\/play\/lotto-6aus49\/","og_locale":"hu_HU","og_type":"article","og_title":"Szelv\u00e9nyek a n\u00e9met lott\u00f3ra online","og_description":"A N\u00e9metorsz\u00e1gon k\u00edv\u00fcli lott\u00f3rajong\u00f3k mostant\u00f3l online is kaphatnak szelv\u00e9nyeket a \"6 aus 49\" j\u00e1t\u00e9kra","og_url":"https:\/\/redfoxlotto.eu\/play\/lotto-6aus49\/","og_site_name":"Get Tickets for the World\u2019s largest jackpots","article_modified_time":"2023-04-29T07:29:05+00:00","og_image":[{"url":"https:\/\/content.redfoxlotto.com\/uploads\/sites\/9\/1_buy_lottery_tickets_online4.jpg"}],"twitter_card":"summary_large_image","twitter_misc":{"Becs\u00fclt olvas\u00e1si id\u0151":"2 perc"},"schema":{"@context":"https:\/\/schema.org","@graph":[{"@type":"WebPage","@id":"https:\/\/redfoxlotto.com\/hu\/lottojatekok\/lotto-6aus49\/","url":"https:\/\/redfoxlotto.eu\/play\/lotto-6aus49\/","name":"Szelv\u00e9nyek a n\u00e9met lott\u00f3ra online","isPartOf":{"@id":"https:\/\/redfoxlotto.com\/hu\/#website"},"primaryImageOfPage":{"@id":"https:\/\/redfoxlotto.eu\/play\/lotto-6aus49\/#primaryimage"},"image":{"@id":"https:\/\/redfoxlotto.eu\/play\/lotto-6aus49\/#primaryimage"},"thumbnailUrl":"https:\/\/content.redfoxlotto.com\/uploads\/sites\/9\/1_buy_lottery_tickets_online4.jpg","datePublished":"2020-08-18T09:19:26+00:00","dateModified":"2023-04-29T07:29:05+00:00","description":"A N\u00e9metorsz\u00e1gon k\u00edv\u00fcli lott\u00f3rajong\u00f3k mostant\u00f3l online is kaphatnak szelv\u00e9nyeket a \"6 aus 49\" j\u00e1t\u00e9kra","breadcrumb":{"@id":"https:\/\/redfoxlotto.eu\/play\/lotto-6aus49\/#breadcrumb"},"inLanguage":"hu","potentialAction":[{"@type":"ReadAction","target":["https:\/\/redfoxlotto.eu\/play\/lotto-6aus49\/"]}]},{"@type":"ImageObject","inLanguage":"hu","@id":"https:\/\/redfoxlotto.eu\/play\/lotto-6aus49\/#primaryimage","url":"https:\/\/content.redfoxlotto.com\/uploads\/sites\/9\/1_buy_lottery_tickets_online4.jpg","contentUrl":"https:\/\/content.redfoxlotto.com\/uploads\/sites\/9\/1_buy_lottery_tickets_online4.jpg"},{"@type":"BreadcrumbList","@id":"https:\/\/redfoxlotto.eu\/play\/lotto-6aus49\/#breadcrumb","itemListElement":[{"@type":"ListItem","position":1,"name":"Home","item":"https:\/\/redfoxlotto.com\/hu\/"},{"@type":"ListItem","position":2,"name":"Lott\u00f3j\u00e1t\u00e9kok Online &#8211; lott\u00f3 nyerem\u00e9nyek \u00e9s online lotto jackpot","item":"https:\/\/redfoxlotto.com\/hu\/lottojatekok\/"},{"@type":"ListItem","position":3,"name":"A n\u00e9met Lotto 6 aus 49-r\u0151l"}]},{"@type":"WebSite","@id":"https:\/\/redfoxlotto.com\/hu\/#website","url":"https:\/\/redfoxlotto.com\/hu\/","name":"Get Tickets for the World\u2019s largest jackpots","description":"Participate in worldwide lottery jackpots from any country","publisher":{"@id":"https:\/\/redfoxlotto.com\/hu\/#organization"},"potentialAction":[{"@type":"SearchAction","target":{"@type":"EntryPoint","urlTemplate":"https:\/\/redfoxlotto.com\/hu\/?s={search_term_string}"},"query-input":{"@type":"PropertyValueSpecification","valueRequired":true,"valueName":"search_term_string"}}],"inLanguage":"hu"},{"@type":"Organization","@id":"https:\/\/redfoxlotto.com\/hu\/#organization","name":"Get Tickets for the World\u2019s largest jackpots","url":"https:\/\/redfoxlotto.com\/hu\/","logo":{"@type":"ImageObject","inLanguage":"hu","@id":"https:\/\/redfoxlotto.com\/hu\/#\/schema\/logo\/image\/","url":"https:\/\/redfoxlotto.com\/wp-content\/uploads\/2023\/04\/logo.png","contentUrl":"https:\/\/redfoxlotto.com\/wp-content\/uploads\/2023\/04\/logo.png","width":269,"height":53,"caption":"Get Tickets for the World\u2019s largest jackpots"},"image":{"@id":"https:\/\/redfoxlotto.com\/hu\/#\/schema\/logo\/image\/"}}]}},"_links":{"self":[{"href":"https:\/\/redfoxlotto.com\/hu\/wp-json\/wp\/v2\/pages\/55221","targetHints":{"allow":["GET"]}}],"collection":[{"href":"https:\/\/redfoxlotto.com\/hu\/wp-json\/wp\/v2\/pages"}],"about":[{"href":"https:\/\/redfoxlotto.com\/hu\/wp-json\/wp\/v2\/types\/page"}],"author":[{"embeddable":true,"href":"https:\/\/redfoxlotto.com\/hu\/wp-json\/wp\/v2\/users\/1"}],"replies":[{"embeddable":true,"href":"https:\/\/redfoxlotto.com\/hu\/wp-json\/wp\/v2\/comments?post=55221"}],"version-history":[{"count":0,"href":"https:\/\/redfoxlotto.com\/hu\/wp-json\/wp\/v2\/pages\/55221\/revisions"}],"up":[{"embeddable":true,"href":"https:\/\/redfoxlotto.com\/hu\/wp-json\/wp\/v2\/pages\/55209"}],"wp:attachment":[{"href":"https:\/\/redfoxlotto.com\/hu\/wp-json\/wp\/v2\/media?parent=55221"}],"curies":[{"name":"wp","href":"https:\/\/api.w.org\/{rel}","templated":true}]}}