{"id":55220,"date":"2018-11-18T08:54:25","date_gmt":"2018-11-18T08:54:25","guid":{"rendered":"https:\/\/redfoxlotto.com\/?page_id=21564"},"modified":"2023-04-29T07:27:27","modified_gmt":"2023-04-29T07:27:27","slug":"la-primitiva","status":"publish","type":"page","link":"https:\/\/redfoxlotto.com\/hu\/lottojatekok\/la-primitiva\/","title":{"rendered":"A La Primitiva online jegyv\u00e1s\u00e1rl\u00e1sr\u00f3l"},"content":{"rendered":"<p>Ez Spanyolorsz\u00e1g legnagyobb lott\u00f3j\u00e1t\u00e9ka. Tal\u00e1n hallotta m\u00e1r, hogy ezt a lott\u00f3t El Gordo n\u00e9ven is emlegetik, de ez technikailag nem helyes. Az El Gordo a spanyol La Primitiva lott\u00f3 kar\u00e1csonyi kiad\u00e1sa, \u00e9s teljesen m\u00e1sk\u00e9pp m\u0171k\u00f6dik. Olvassa el az El Gord\u00f3r\u00f3l sz\u00f3l\u00f3 cikk\u00fcnket.<\/p><p>A La Primitiva a heti spanyol lott\u00f3. A jackpot minim\u00e1lis \u00f6sszege 5 milli\u00f3 eur\u00f3. De ez a jackpot a m\u00faltban m\u00e1r el\u00e9rte a 100 milli\u00f3 eur\u00f3hoz k\u00f6zeli \u00f6sszeget is. A sorsol\u00e1st minden vas\u00e1rnap tartj\u00e1k.<\/p><p><img decoding=\"async\" class=\" wp-image alignright\" src=\"https:\/\/content.redfoxlotto.com\/uploads\/sites\/9\/2_ticket_la_primitiva2.jpg\" alt=\"La Primitiva online jegy\" \/><\/p><p>B\u00e1r eredetileg nemzeti lott\u00f3nak sz\u00e1nt\u00e1k, ma m\u00e1r \u00d6n is kaphat szelv\u00e9nyt a La Primitiva-ra online. Nem kell spanyolorsz\u00e1gi lakosnak lennie. Csak v\u00e1lassza ki a sz\u00e1mokat az oldalunkon, majd hozzon l\u00e9tre egy fi\u00f3kot n\u00e1lunk, \u00e9s fizessen online. Mi pedig megrendelj\u00fck \u00d6nnek a teljesen leg\u00e1lis La Primitiva szelv\u00e9nyt.<\/p><p>Ahhoz, hogy r\u00e9szt vegyen a lott\u00f3n, csak egy sorsjegyet kell v\u00e1s\u00e1rolnia az \u00d6n \u00e1ltal kiv\u00e1lasztott sz\u00e1mokkal. A La Primitiva sorsjegyek 0-49 sz\u00e1mokat tartalmaznak. A j\u00e1t\u00e9kosok b\u00e1rmelyik 6 sz\u00e1mot kiv\u00e1laszthatj\u00e1k, \u00e9s a v\u00e1s\u00e1rl\u00e1s ut\u00e1n automatikusan egy 0-9 k\u00f6z\u00f6tti sz\u00e1mot rendelnek az adott szelv\u00e9nyhez. A sorsol\u00e1s napj\u00e1n 6 sz\u00e1mot v\u00e9letlenszer\u0171en v\u00e1lasztanak ki 0-49-b\u0151l \u00e9s 1 sz\u00e1mot 0-9-b\u0151l, \u00edgy b\u00e1rmelyik szelv\u00e9ny, amelynek sz\u00e1ma pontosan megegyezik a kisorsolt sz\u00e1mokkal, megnyeri a jackpotot.<\/p><p><img loading=\"lazy\" decoding=\"async\" class=\" wp-image alignright\" src=\"https:\/\/content.redfoxlotto.com\/uploads\/sites\/9\/1_buy_ticket_lotto_online2.jpg\" alt=\"La Primitiva jegyek v\u00e1s\u00e1rl\u00e1sa\" width=\"180\" height=\"271\" \/><\/p><p>A La Primitiva lott\u00f3 eddigi legnagyobb jackpotja a 2015. okt\u00f3ber 17-i, 101,7 milli\u00f3 eur\u00f3s jackpot megnyer\u00e9se. Ezt megel\u0151z\u0151en a 2014. febru\u00e1ri 73 milli\u00f3 eur\u00f3s jackpot volt a legnagyobb. A v\u00e9gs\u0151 jackpot megnyer\u00e9s\u00e9ben minden bizonnyal a szerencse a f\u0151 meghat\u00e1roz\u00f3, hiszen a jackpot meg\u00fct\u00e9s\u00e9nek val\u00f3sz\u00edn\u0171s\u00e9ge 1:14 milli\u00f3, de ha figyelembe vessz\u00fck azt a kis \u00f6szt\u00f6nd\u00edjat, amibe a szelv\u00e9ny megv\u00e1s\u00e1rl\u00e1sa ker\u00fcl, \u00e9s a hatalmas \u00f6sszeget, amit es\u00e9lye van megnyerni, akkor e<\/p><p>&nbsp;<\/p>","protected":false},"excerpt":{"rendered":"<p>Ez Spanyolorsz\u00e1g legnagyobb lott\u00f3j\u00e1t\u00e9ka. Tal\u00e1n hallotta m\u00e1r, hogy ezt a lott\u00f3t El Gordo n\u00e9ven is emlegetik, de ez technikailag nem helyes. Az El Gordo a spanyol La Primitiva lott\u00f3 kar\u00e1csonyi kiad\u00e1sa, \u00e9s teljesen m\u00e1sk\u00e9pp m\u0171k\u00f6dik. Olvassa el az El Gord\u00f3r\u00f3l sz\u00f3l\u00f3 cikk\u00fcnket. A La Primitiva a heti spanyol lott\u00f3. A jackpot minim\u00e1lis \u00f6sszege 5 milli\u00f3 [&hellip;]<\/p>\n","protected":false},"author":1,"featured_media":0,"parent":55209,"menu_order":7,"comment_status":"closed","ping_status":"closed","template":"la-primitiva-info.php","meta":{"_et_pb_use_builder":"","_et_pb_old_content":"","_et_gb_content_width":"","exclude_from_search":false,"footnotes":""},"class_list":["post-55220","page","type-page","status-publish","hentry"],"yoast_head":"<!-- This site is optimized with the Yoast SEO plugin v23.8 - https:\/\/yoast.com\/wordpress\/plugins\/seo\/ -->\n<title>Szerezd meg a La Primitiva jegyeket b\u00e1rhonnan<\/title>\n<meta name=\"description\" content=\"Nem sz\u00e1m\u00edt, hol \u00e9lsz - a La Primitiva Lotto szelv\u00e9nyeihez hozz\u00e1juthatsz.\" \/>\n<meta name=\"robots\" content=\"index, follow, max-snippet:-1, max-image-preview:large, max-video-preview:-1\" \/>\n<link rel=\"canonical\" href=\"https:\/\/redfoxlotto.com\/hu\/lottojatekok\/la-primitiva\/\" \/>\n<meta property=\"og:locale\" content=\"hu_HU\" \/>\n<meta property=\"og:type\" content=\"article\" \/>\n<meta property=\"og:title\" content=\"Szerezd meg a La Primitiva jegyeket b\u00e1rhonnan\" \/>\n<meta property=\"og:description\" content=\"Nem sz\u00e1m\u00edt, hol \u00e9lsz - a La Primitiva Lotto szelv\u00e9nyeihez hozz\u00e1juthatsz.\" \/>\n<meta property=\"og:url\" content=\"https:\/\/redfoxlotto.com\/hu\/lottojatekok\/la-primitiva\/\" \/>\n<meta property=\"og:site_name\" content=\"Get Tickets for the World\u2019s largest jackpots\" \/>\n<meta property=\"article:modified_time\" content=\"2023-04-29T07:27:27+00:00\" \/>\n<meta property=\"og:image\" content=\"https:\/\/content.redfoxlotto.com\/uploads\/sites\/9\/2_ticket_la_primitiva2.jpg\" \/>\n<meta name=\"twitter:card\" content=\"summary_large_image\" \/>\n<meta name=\"twitter:label1\" content=\"Becs\u00fclt olvas\u00e1si id\u0151\" \/>\n\t<meta name=\"twitter:data1\" content=\"2 perc\" \/>\n<script type=\"application\/ld+json\" class=\"yoast-schema-graph\">{\"@context\":\"https:\/\/schema.org\",\"@graph\":[{\"@type\":\"WebPage\",\"@id\":\"https:\/\/redfoxlotto.com\/hu\/lottojatekok\/la-primitiva\/\",\"url\":\"https:\/\/redfoxlotto.com\/hu\/lottojatekok\/la-primitiva\/\",\"name\":\"Szerezd meg a La Primitiva jegyeket b\u00e1rhonnan\",\"isPartOf\":{\"@id\":\"https:\/\/redfoxlotto.com\/hu\/#website\"},\"primaryImageOfPage\":{\"@id\":\"https:\/\/redfoxlotto.com\/hu\/lottojatekok\/la-primitiva\/#primaryimage\"},\"image\":{\"@id\":\"https:\/\/redfoxlotto.com\/hu\/lottojatekok\/la-primitiva\/#primaryimage\"},\"thumbnailUrl\":\"https:\/\/content.redfoxlotto.com\/uploads\/sites\/9\/2_ticket_la_primitiva2.jpg\",\"datePublished\":\"2018-11-18T08:54:25+00:00\",\"dateModified\":\"2023-04-29T07:27:27+00:00\",\"description\":\"Nem sz\u00e1m\u00edt, hol \u00e9lsz - a La Primitiva Lotto szelv\u00e9nyeihez hozz\u00e1juthatsz.\",\"breadcrumb\":{\"@id\":\"https:\/\/redfoxlotto.com\/hu\/lottojatekok\/la-primitiva\/#breadcrumb\"},\"inLanguage\":\"hu\",\"potentialAction\":[{\"@type\":\"ReadAction\",\"target\":[\"https:\/\/redfoxlotto.com\/hu\/lottojatekok\/la-primitiva\/\"]}]},{\"@type\":\"ImageObject\",\"inLanguage\":\"hu\",\"@id\":\"https:\/\/redfoxlotto.com\/hu\/lottojatekok\/la-primitiva\/#primaryimage\",\"url\":\"https:\/\/content.redfoxlotto.com\/uploads\/sites\/9\/2_ticket_la_primitiva2.jpg\",\"contentUrl\":\"https:\/\/content.redfoxlotto.com\/uploads\/sites\/9\/2_ticket_la_primitiva2.jpg\"},{\"@type\":\"BreadcrumbList\",\"@id\":\"https:\/\/redfoxlotto.com\/hu\/lottojatekok\/la-primitiva\/#breadcrumb\",\"itemListElement\":[{\"@type\":\"ListItem\",\"position\":1,\"name\":\"Home\",\"item\":\"https:\/\/redfoxlotto.com\/hu\/\"},{\"@type\":\"ListItem\",\"position\":2,\"name\":\"Lott\u00f3j\u00e1t\u00e9kok Online &#8211; lott\u00f3 nyerem\u00e9nyek \u00e9s online lotto jackpot\",\"item\":\"https:\/\/redfoxlotto.com\/hu\/lottojatekok\/\"},{\"@type\":\"ListItem\",\"position\":3,\"name\":\"A La Primitiva online jegyv\u00e1s\u00e1rl\u00e1sr\u00f3l\"}]},{\"@type\":\"WebSite\",\"@id\":\"https:\/\/redfoxlotto.com\/hu\/#website\",\"url\":\"https:\/\/redfoxlotto.com\/hu\/\",\"name\":\"Get Tickets for the World\u2019s largest jackpots\",\"description\":\"Participate in worldwide lottery jackpots from any country\",\"publisher\":{\"@id\":\"https:\/\/redfoxlotto.com\/hu\/#organization\"},\"potentialAction\":[{\"@type\":\"SearchAction\",\"target\":{\"@type\":\"EntryPoint\",\"urlTemplate\":\"https:\/\/redfoxlotto.com\/hu\/?s={search_term_string}\"},\"query-input\":{\"@type\":\"PropertyValueSpecification\",\"valueRequired\":true,\"valueName\":\"search_term_string\"}}],\"inLanguage\":\"hu\"},{\"@type\":\"Organization\",\"@id\":\"https:\/\/redfoxlotto.com\/hu\/#organization\",\"name\":\"Get Tickets for the World\u2019s largest jackpots\",\"url\":\"https:\/\/redfoxlotto.com\/hu\/\",\"logo\":{\"@type\":\"ImageObject\",\"inLanguage\":\"hu\",\"@id\":\"https:\/\/redfoxlotto.com\/hu\/#\/schema\/logo\/image\/\",\"url\":\"https:\/\/redfoxlotto.com\/wp-content\/uploads\/2023\/04\/logo.png\",\"contentUrl\":\"https:\/\/redfoxlotto.com\/wp-content\/uploads\/2023\/04\/logo.png\",\"width\":269,\"height\":53,\"caption\":\"Get Tickets for the World\u2019s largest jackpots\"},\"image\":{\"@id\":\"https:\/\/redfoxlotto.com\/hu\/#\/schema\/logo\/image\/\"}}]}<\/script>\n<!-- \/ Yoast SEO plugin. -->","yoast_head_json":{"title":"Szerezd meg a La Primitiva jegyeket b\u00e1rhonnan","description":"Nem sz\u00e1m\u00edt, hol \u00e9lsz - a La Primitiva Lotto szelv\u00e9nyeihez hozz\u00e1juthatsz.","robots":{"index":"index","follow":"follow","max-snippet":"max-snippet:-1","max-image-preview":"max-image-preview:large","max-video-preview":"max-video-preview:-1"},"canonical":"https:\/\/redfoxlotto.com\/hu\/lottojatekok\/la-primitiva\/","og_locale":"hu_HU","og_type":"article","og_title":"Szerezd meg a La Primitiva jegyeket b\u00e1rhonnan","og_description":"Nem sz\u00e1m\u00edt, hol \u00e9lsz - a La Primitiva Lotto szelv\u00e9nyeihez hozz\u00e1juthatsz.","og_url":"https:\/\/redfoxlotto.com\/hu\/lottojatekok\/la-primitiva\/","og_site_name":"Get Tickets for the World\u2019s largest jackpots","article_modified_time":"2023-04-29T07:27:27+00:00","og_image":[{"url":"https:\/\/content.redfoxlotto.com\/uploads\/sites\/9\/2_ticket_la_primitiva2.jpg"}],"twitter_card":"summary_large_image","twitter_misc":{"Becs\u00fclt olvas\u00e1si id\u0151":"2 perc"},"schema":{"@context":"https:\/\/schema.org","@graph":[{"@type":"WebPage","@id":"https:\/\/redfoxlotto.com\/hu\/lottojatekok\/la-primitiva\/","url":"https:\/\/redfoxlotto.com\/hu\/lottojatekok\/la-primitiva\/","name":"Szerezd meg a La Primitiva jegyeket b\u00e1rhonnan","isPartOf":{"@id":"https:\/\/redfoxlotto.com\/hu\/#website"},"primaryImageOfPage":{"@id":"https:\/\/redfoxlotto.com\/hu\/lottojatekok\/la-primitiva\/#primaryimage"},"image":{"@id":"https:\/\/redfoxlotto.com\/hu\/lottojatekok\/la-primitiva\/#primaryimage"},"thumbnailUrl":"https:\/\/content.redfoxlotto.com\/uploads\/sites\/9\/2_ticket_la_primitiva2.jpg","datePublished":"2018-11-18T08:54:25+00:00","dateModified":"2023-04-29T07:27:27+00:00","description":"Nem sz\u00e1m\u00edt, hol \u00e9lsz - a La Primitiva Lotto szelv\u00e9nyeihez hozz\u00e1juthatsz.","breadcrumb":{"@id":"https:\/\/redfoxlotto.com\/hu\/lottojatekok\/la-primitiva\/#breadcrumb"},"inLanguage":"hu","potentialAction":[{"@type":"ReadAction","target":["https:\/\/redfoxlotto.com\/hu\/lottojatekok\/la-primitiva\/"]}]},{"@type":"ImageObject","inLanguage":"hu","@id":"https:\/\/redfoxlotto.com\/hu\/lottojatekok\/la-primitiva\/#primaryimage","url":"https:\/\/content.redfoxlotto.com\/uploads\/sites\/9\/2_ticket_la_primitiva2.jpg","contentUrl":"https:\/\/content.redfoxlotto.com\/uploads\/sites\/9\/2_ticket_la_primitiva2.jpg"},{"@type":"BreadcrumbList","@id":"https:\/\/redfoxlotto.com\/hu\/lottojatekok\/la-primitiva\/#breadcrumb","itemListElement":[{"@type":"ListItem","position":1,"name":"Home","item":"https:\/\/redfoxlotto.com\/hu\/"},{"@type":"ListItem","position":2,"name":"Lott\u00f3j\u00e1t\u00e9kok Online &#8211; lott\u00f3 nyerem\u00e9nyek \u00e9s online lotto jackpot","item":"https:\/\/redfoxlotto.com\/hu\/lottojatekok\/"},{"@type":"ListItem","position":3,"name":"A La Primitiva online jegyv\u00e1s\u00e1rl\u00e1sr\u00f3l"}]},{"@type":"WebSite","@id":"https:\/\/redfoxlotto.com\/hu\/#website","url":"https:\/\/redfoxlotto.com\/hu\/","name":"Get Tickets for the World\u2019s largest jackpots","description":"Participate in worldwide lottery jackpots from any country","publisher":{"@id":"https:\/\/redfoxlotto.com\/hu\/#organization"},"potentialAction":[{"@type":"SearchAction","target":{"@type":"EntryPoint","urlTemplate":"https:\/\/redfoxlotto.com\/hu\/?s={search_term_string}"},"query-input":{"@type":"PropertyValueSpecification","valueRequired":true,"valueName":"search_term_string"}}],"inLanguage":"hu"},{"@type":"Organization","@id":"https:\/\/redfoxlotto.com\/hu\/#organization","name":"Get Tickets for the World\u2019s largest jackpots","url":"https:\/\/redfoxlotto.com\/hu\/","logo":{"@type":"ImageObject","inLanguage":"hu","@id":"https:\/\/redfoxlotto.com\/hu\/#\/schema\/logo\/image\/","url":"https:\/\/redfoxlotto.com\/wp-content\/uploads\/2023\/04\/logo.png","contentUrl":"https:\/\/redfoxlotto.com\/wp-content\/uploads\/2023\/04\/logo.png","width":269,"height":53,"caption":"Get Tickets for the World\u2019s largest jackpots"},"image":{"@id":"https:\/\/redfoxlotto.com\/hu\/#\/schema\/logo\/image\/"}}]}},"_links":{"self":[{"href":"https:\/\/redfoxlotto.com\/hu\/wp-json\/wp\/v2\/pages\/55220","targetHints":{"allow":["GET"]}}],"collection":[{"href":"https:\/\/redfoxlotto.com\/hu\/wp-json\/wp\/v2\/pages"}],"about":[{"href":"https:\/\/redfoxlotto.com\/hu\/wp-json\/wp\/v2\/types\/page"}],"author":[{"embeddable":true,"href":"https:\/\/redfoxlotto.com\/hu\/wp-json\/wp\/v2\/users\/1"}],"replies":[{"embeddable":true,"href":"https:\/\/redfoxlotto.com\/hu\/wp-json\/wp\/v2\/comments?post=55220"}],"version-history":[{"count":0,"href":"https:\/\/redfoxlotto.com\/hu\/wp-json\/wp\/v2\/pages\/55220\/revisions"}],"up":[{"embeddable":true,"href":"https:\/\/redfoxlotto.com\/hu\/wp-json\/wp\/v2\/pages\/55209"}],"wp:attachment":[{"href":"https:\/\/redfoxlotto.com\/hu\/wp-json\/wp\/v2\/media?parent=55220"}],"curies":[{"name":"wp","href":"https:\/\/api.w.org\/{rel}","templated":true}]}}