{"id":55215,"date":"2019-08-09T14:33:52","date_gmt":"2019-08-09T14:33:52","guid":{"rendered":"https:\/\/redfoxlotto.com\/?page_id=21552"},"modified":"2023-04-29T07:27:15","modified_gmt":"2023-04-29T07:27:15","slug":"lotto-fr","status":"publish","type":"page","link":"https:\/\/redfoxlotto.com\/hu\/lottojatekok\/lotto-fr\/","title":{"rendered":"A francia lott\u00f3r\u00f3l"},"content":{"rendered":"<p>\u00daj j\u00e1t\u00e9kot keresel, de nem vagy biztos benne, hogy melyik legyen az? Nos, ha m\u00e9g mindig bizonytalan vagy, akkor \u00e9rdemes megn\u00e9zned, hogyan v\u00e1s\u00e1rolhatsz szelv\u00e9nyt a francia lott\u00f3ra online.<\/p><p>Ez lesz az egyik legjobb v\u00e1laszt\u00e1sod, ha m\u00e1r tudod, hogyan m\u0171k\u00f6dik, mert egyszer\u0171, k\u00f6nny\u0171 \u00e9s sz\u00f3rakoztat\u00f3 lesz mindenkinek, aki szereti a lott\u00f3t. V\u00e9g\u00fcl is, az eg\u00e9sz arr\u00f3l sz\u00f3l, hogy megkapjuk a nagy sz\u00e1mokat \u00e9s esetleg megnyerj\u00fck a nagy jackpotot, igaz?<\/p><h2 class=\"wp-block-heading\">Hol kezd\u0151d\u00f6tt<\/h2><p>Tal\u00e1n meglep\u0151dik, ha megtudja, hogy a lott\u00f3 Franciaorsz\u00e1gban eg\u00e9szen 1505-ig ny\u00falik vissza. I. Ferenc kir\u00e1ly ind\u00edtotta el a polg\u00e1raival, de a j\u00e1t\u00e9k az id\u0151k sor\u00e1n sokat v\u00e1ltozott. Az \u00e1ltal\u00e1nos folyamat m\u00e9gis el\u00e9gg\u00e9 hasonl\u00edt ahhoz, amit val\u00f3sz\u00edn\u0171leg b\u00e1rmely m\u00e1s lott\u00f3j\u00e1t\u00e9kban is l\u00e1tt\u00e1l m\u00e1r. \u00c9s lehet\u0151s\u00e9ged lesz arra, hogy n\u00e9h\u00e1ny el\u00e9g j\u00f3 nyerem\u00e9ny\u00e9rt j\u00e1tssz, ami mindenk\u00e9ppen fontos szempont lesz, nem gondolod?<\/p><h2 class=\"wp-block-heading\">Hogyan m\u0171k\u00f6dik<\/h2><p>A francia lott\u00f3 eset\u00e9ben a h\u00e9t h\u00e1rom napj\u00e1n vannak sorsol\u00e1sok, \u00edgy rengeteg lehet\u0151s\u00e9ged lesz j\u00e1tszani. Minden h\u00e9tf\u0151n, szerd\u00e1n \u00e9s szombaton \u00faj sorsol\u00e1st tartanak, \u00e9s ez teszi az egyik leggyakoribb jackpotot. Ez m\u00e9g fontosabb, ha arra gondolsz, hogy a jackpot itt az egyik legnagyobb lesz. M\u00edg egy tipikus napi lott\u00f3 jackpot el\u00e9g kicsi, \u00e9s a heti vagy k\u00e9thetenk\u00e9nti sorsol\u00e1sok el\u00e9g nagyok, addig ez a lott\u00f3 a nagy kateg\u00f3ri\u00e1hoz fog k\u00f6zelebb ker\u00fclni, ami a sorsol\u00e1s gyakoris\u00e1g\u00e1t illeti.<\/p><p>A sorsol\u00e1sok gyakoris\u00e1g\u00e1n fel\u00fcl a j\u00e1t\u00e9k szuper egyszer\u0171. Akkor fogsz nyerni, ha mind az \u00f6t sz\u00e1mot helyesen tal\u00e1lod el, \u00e9s a helyes b\u00f3nuszgoly\u00f3t is eltal\u00e1lod. Teh\u00e1t hat k\u00fcl\u00f6nb\u00f6z\u0151 sz\u00e1mot fognak kih\u00fazni, \u00e9s a v\u00e9g\u00e9n a nagy jackpotot is megnyerheted, ami \u00e1ltal\u00e1ban 2 000 000 eur\u00f3 lesz. Ez hat\u00e1rozottan egy sz\u00e9p \u00f6sszeg lesz, nem igaz? \u00c9s itt kezd\u0151dik a jackpot, \u00e9s onnant\u00f3l kezdve folyamatosan emelkedik. Ez azt jelenti, hogy mindig j\u00f3 es\u00e9ly van arra, hogy enn\u00e9l t\u00f6bbet nyerj.<\/p><h2 class=\"wp-block-heading\">A sz\u00e1mok kiv\u00e1laszt\u00e1sa<\/h2><p>T\u00f6bbf\u00e9lek\u00e9ppen is kiv\u00e1laszthatod, hogy mely sz\u00e1mokat szeretn\u00e9d megj\u00e1tszani. Val\u00f3j\u00e1ban ez teljesen rajtad m\u00falik, ugyan\u00fagy, mintha lemenne a sarki kisboltba j\u00e1tszani. Kit\u00f6lthetsz egy &#8222;c\u00e9dul\u00e1t&#8221; a k\u00edv\u00e1nt sz\u00e1mokkal, vagy v\u00e1laszthatsz csak egy &#8222;k\u00f6nny\u0171 v\u00e1laszt\u00e1st&#8221;. Ha kit\u00f6lt\u00f6d a saj\u00e1t sz\u00e1maidat, akkor garant\u00e1ltan azokat a sz\u00e1mokat kapod, amelyeket akart\u00e1l. M\u00e1sr\u00e9szt az &#8222;easy pick&#8221; azt jelenti, hogy a g\u00e9p automatikusan gener\u00e1l sz\u00e1mokat az \u00d6n sz\u00e1m\u00e1ra.<\/p><h2 class=\"wp-block-heading\">Hogyan nyerhetsz<\/h2><p>Amikor arr\u00f3l van sz\u00f3, hogy val\u00f3ban nyerhetsz valamit, akkor k\u00f6zelebbr\u0151l meg kell vizsg\u00e1lnod ezeket a sz\u00e1mokat. Am\u00edg a b\u00f3nuszsz\u00e1mot kapod, addig nyerni fogsz valamit. Ha a norm\u00e1l sz\u00e1mok k\u00f6z\u00fcl kett\u0151t eltal\u00e1lsz, de a b\u00f3nusz sz\u00e1mot nem, akkor is nyersz valamit. \u00c9s minden tov\u00e1bbi sz\u00e1mmal, amit ezen fel\u00fcl kapsz, egy kicsit t\u00f6bbet \u00e9s egy kicsit t\u00f6bbet fogsz nyerni. A legjobban akkor nyerhetsz, ha n\u00e9gy sz\u00e1mot \u00e9s a b\u00f3nuszsz\u00e1mot vagy mind az \u00f6t sz\u00e1mot \u00e9s a b\u00f3nuszsz\u00e1mot megj\u00e1tszod. Ha csak \u00f6t sz\u00e1mmal j\u00e1tszol b\u00f3nusz n\u00e9lk\u00fcl, az val\u00f3j\u00e1ban nem olyan j\u00f3 nyerem\u00e9ny.<\/p><h2 class=\"wp-block-heading\">Hogyan v\u00e1s\u00e1roljon jegyeket a francia lott\u00f3hoz online<\/h2><p>Amikor k\u00e9szen \u00e1ll a v\u00e1s\u00e1rl\u00e1sra, az els\u0151 dolog, amire sz\u00fcks\u00e9ge van, az egy hely, ahol ezt megteheti. Nem fogsz tudni \u00fagy bes\u00e9t\u00e1lni a saj\u00e1t helyi kisboltodba, mint amikor kedvet kapt\u00e1l n\u00e9h\u00e1ny helyi j\u00e1t\u00e9khoz. Ehelyett az interneten kell majd keresned egy j\u00f3 h\u00edr\u0171 keresked\u0151t, aki seg\u00edthet neked (ami nem jelenthet gondot sz\u00e1modra, igaz, m\u00e1r itt vagy). Ugyanazokat az el\u0151ny\u00f6ket \u00e9lvezheted, mintha t\u00f6rt\u00e9netesen Franciaorsz\u00e1gban \u00e9ln\u00e9l, \u00e9s helyben tudn\u00e1d megvenni a jegyeket. Teh\u00e1t nem kell semmit sem fel\u00e1ldoznod.<\/p>","protected":false},"excerpt":{"rendered":"<p>\u00daj j\u00e1t\u00e9kot keresel, de nem vagy biztos benne, hogy melyik legyen az? Nos, ha m\u00e9g mindig bizonytalan vagy, akkor \u00e9rdemes megn\u00e9zned, hogyan v\u00e1s\u00e1rolhatsz szelv\u00e9nyt a francia lott\u00f3ra online. Ez lesz az egyik legjobb v\u00e1laszt\u00e1sod, ha m\u00e1r tudod, hogyan m\u0171k\u00f6dik, mert egyszer\u0171, k\u00f6nny\u0171 \u00e9s sz\u00f3rakoztat\u00f3 lesz mindenkinek, aki szereti a lott\u00f3t. V\u00e9g\u00fcl is, az eg\u00e9sz arr\u00f3l [&hellip;]<\/p>\n","protected":false},"author":1,"featured_media":0,"parent":55209,"menu_order":31,"comment_status":"closed","ping_status":"closed","template":"lotto-fr-info.php","meta":{"_et_pb_use_builder":"","_et_pb_old_content":"","_et_gb_content_width":"","exclude_from_search":false,"footnotes":""},"class_list":["post-55215","page","type-page","status-publish","hentry"],"yoast_head":"<!-- This site is optimized with the Yoast SEO plugin v27.3 - https:\/\/yoast.com\/product\/yoast-seo-wordpress\/ -->\n<title>Hogyan v\u00e1s\u00e1roljon jegyeket a francia lott\u00f3 online<\/title>\n<meta name=\"description\" content=\"K\u00e9szen \u00e1ll a francia lott\u00f3 szelv\u00e9nyeinek online megv\u00e1s\u00e1rl\u00e1s\u00e1ra? Itt mindent megtal\u00e1l, amit tudni kell r\u00f3la!\" \/>\n<meta name=\"robots\" content=\"index, follow, max-snippet:-1, max-image-preview:large, max-video-preview:-1\" \/>\n<link rel=\"canonical\" href=\"https:\/\/redfoxlotto.com\/hu\/lottojatekok\/lotto-fr\/\" \/>\n<meta property=\"og:locale\" content=\"hu_HU\" \/>\n<meta property=\"og:type\" content=\"article\" \/>\n<meta property=\"og:title\" content=\"Hogyan v\u00e1s\u00e1roljon jegyeket a francia lott\u00f3 online\" \/>\n<meta property=\"og:description\" content=\"K\u00e9szen \u00e1ll a francia lott\u00f3 szelv\u00e9nyeinek online megv\u00e1s\u00e1rl\u00e1s\u00e1ra? Itt mindent megtal\u00e1l, amit tudni kell r\u00f3la!\" \/>\n<meta property=\"og:url\" content=\"https:\/\/redfoxlotto.com\/hu\/lottojatekok\/lotto-fr\/\" \/>\n<meta property=\"og:site_name\" content=\"Get Tickets for the World\u2019s largest jackpots\" \/>\n<meta property=\"article:modified_time\" content=\"2023-04-29T07:27:15+00:00\" \/>\n<meta name=\"twitter:card\" content=\"summary_large_image\" \/>\n<meta name=\"twitter:label1\" content=\"Becs\u00fclt olvas\u00e1si id\u0151\" \/>\n\t<meta name=\"twitter:data1\" content=\"3 perc\" \/>\n<script type=\"application\/ld+json\" class=\"yoast-schema-graph\">{\"@context\":\"https:\\\/\\\/schema.org\",\"@graph\":[{\"@type\":\"WebPage\",\"@id\":\"https:\\\/\\\/redfoxlotto.com\\\/hu\\\/lottojatekok\\\/lotto-fr\\\/\",\"url\":\"https:\\\/\\\/redfoxlotto.com\\\/hu\\\/lottojatekok\\\/lotto-fr\\\/\",\"name\":\"Hogyan v\u00e1s\u00e1roljon jegyeket a francia lott\u00f3 online\",\"isPartOf\":{\"@id\":\"https:\\\/\\\/redfoxlotto.com\\\/hu\\\/#website\"},\"datePublished\":\"2019-08-09T14:33:52+00:00\",\"dateModified\":\"2023-04-29T07:27:15+00:00\",\"description\":\"K\u00e9szen \u00e1ll a francia lott\u00f3 szelv\u00e9nyeinek online megv\u00e1s\u00e1rl\u00e1s\u00e1ra? Itt mindent megtal\u00e1l, amit tudni kell r\u00f3la!\",\"breadcrumb\":{\"@id\":\"https:\\\/\\\/redfoxlotto.com\\\/hu\\\/lottojatekok\\\/lotto-fr\\\/#breadcrumb\"},\"inLanguage\":\"hu\",\"potentialAction\":[{\"@type\":\"ReadAction\",\"target\":[\"https:\\\/\\\/redfoxlotto.com\\\/hu\\\/lottojatekok\\\/lotto-fr\\\/\"]}]},{\"@type\":\"BreadcrumbList\",\"@id\":\"https:\\\/\\\/redfoxlotto.com\\\/hu\\\/lottojatekok\\\/lotto-fr\\\/#breadcrumb\",\"itemListElement\":[{\"@type\":\"ListItem\",\"position\":1,\"name\":\"Home\",\"item\":\"https:\\\/\\\/redfoxlotto.com\\\/hu\\\/\"},{\"@type\":\"ListItem\",\"position\":2,\"name\":\"Lott\u00f3j\u00e1t\u00e9kok Online &#8211; lott\u00f3 nyerem\u00e9nyek \u00e9s online lotto jackpot\",\"item\":\"https:\\\/\\\/redfoxlotto.com\\\/hu\\\/lottojatekok\\\/\"},{\"@type\":\"ListItem\",\"position\":3,\"name\":\"A francia lott\u00f3r\u00f3l\"}]},{\"@type\":\"WebSite\",\"@id\":\"https:\\\/\\\/redfoxlotto.com\\\/hu\\\/#website\",\"url\":\"https:\\\/\\\/redfoxlotto.com\\\/hu\\\/\",\"name\":\"Get Tickets for the World\u2019s largest jackpots\",\"description\":\"Participate in worldwide lottery jackpots from any country\",\"publisher\":{\"@id\":\"https:\\\/\\\/redfoxlotto.com\\\/hu\\\/#organization\"},\"potentialAction\":[{\"@type\":\"SearchAction\",\"target\":{\"@type\":\"EntryPoint\",\"urlTemplate\":\"https:\\\/\\\/redfoxlotto.com\\\/hu\\\/?s={search_term_string}\"},\"query-input\":{\"@type\":\"PropertyValueSpecification\",\"valueRequired\":true,\"valueName\":\"search_term_string\"}}],\"inLanguage\":\"hu\"},{\"@type\":\"Organization\",\"@id\":\"https:\\\/\\\/redfoxlotto.com\\\/hu\\\/#organization\",\"name\":\"Get Tickets for the World\u2019s largest jackpots\",\"url\":\"https:\\\/\\\/redfoxlotto.com\\\/hu\\\/\",\"logo\":{\"@type\":\"ImageObject\",\"inLanguage\":\"hu\",\"@id\":\"https:\\\/\\\/redfoxlotto.com\\\/hu\\\/#\\\/schema\\\/logo\\\/image\\\/\",\"url\":\"https:\\\/\\\/redfoxlotto.com\\\/wp-content\\\/uploads\\\/2023\\\/04\\\/logo.png\",\"contentUrl\":\"https:\\\/\\\/redfoxlotto.com\\\/wp-content\\\/uploads\\\/2023\\\/04\\\/logo.png\",\"width\":269,\"height\":53,\"caption\":\"Get Tickets for the World\u2019s largest jackpots\"},\"image\":{\"@id\":\"https:\\\/\\\/redfoxlotto.com\\\/hu\\\/#\\\/schema\\\/logo\\\/image\\\/\"}}]}<\/script>\n<!-- \/ Yoast SEO plugin. -->","yoast_head_json":{"title":"Hogyan v\u00e1s\u00e1roljon jegyeket a francia lott\u00f3 online","description":"K\u00e9szen \u00e1ll a francia lott\u00f3 szelv\u00e9nyeinek online megv\u00e1s\u00e1rl\u00e1s\u00e1ra? Itt mindent megtal\u00e1l, amit tudni kell r\u00f3la!","robots":{"index":"index","follow":"follow","max-snippet":"max-snippet:-1","max-image-preview":"max-image-preview:large","max-video-preview":"max-video-preview:-1"},"canonical":"https:\/\/redfoxlotto.com\/hu\/lottojatekok\/lotto-fr\/","og_locale":"hu_HU","og_type":"article","og_title":"Hogyan v\u00e1s\u00e1roljon jegyeket a francia lott\u00f3 online","og_description":"K\u00e9szen \u00e1ll a francia lott\u00f3 szelv\u00e9nyeinek online megv\u00e1s\u00e1rl\u00e1s\u00e1ra? Itt mindent megtal\u00e1l, amit tudni kell r\u00f3la!","og_url":"https:\/\/redfoxlotto.com\/hu\/lottojatekok\/lotto-fr\/","og_site_name":"Get Tickets for the World\u2019s largest jackpots","article_modified_time":"2023-04-29T07:27:15+00:00","twitter_card":"summary_large_image","twitter_misc":{"Becs\u00fclt olvas\u00e1si id\u0151":"3 perc"},"schema":{"@context":"https:\/\/schema.org","@graph":[{"@type":"WebPage","@id":"https:\/\/redfoxlotto.com\/hu\/lottojatekok\/lotto-fr\/","url":"https:\/\/redfoxlotto.com\/hu\/lottojatekok\/lotto-fr\/","name":"Hogyan v\u00e1s\u00e1roljon jegyeket a francia lott\u00f3 online","isPartOf":{"@id":"https:\/\/redfoxlotto.com\/hu\/#website"},"datePublished":"2019-08-09T14:33:52+00:00","dateModified":"2023-04-29T07:27:15+00:00","description":"K\u00e9szen \u00e1ll a francia lott\u00f3 szelv\u00e9nyeinek online megv\u00e1s\u00e1rl\u00e1s\u00e1ra? Itt mindent megtal\u00e1l, amit tudni kell r\u00f3la!","breadcrumb":{"@id":"https:\/\/redfoxlotto.com\/hu\/lottojatekok\/lotto-fr\/#breadcrumb"},"inLanguage":"hu","potentialAction":[{"@type":"ReadAction","target":["https:\/\/redfoxlotto.com\/hu\/lottojatekok\/lotto-fr\/"]}]},{"@type":"BreadcrumbList","@id":"https:\/\/redfoxlotto.com\/hu\/lottojatekok\/lotto-fr\/#breadcrumb","itemListElement":[{"@type":"ListItem","position":1,"name":"Home","item":"https:\/\/redfoxlotto.com\/hu\/"},{"@type":"ListItem","position":2,"name":"Lott\u00f3j\u00e1t\u00e9kok Online &#8211; lott\u00f3 nyerem\u00e9nyek \u00e9s online lotto jackpot","item":"https:\/\/redfoxlotto.com\/hu\/lottojatekok\/"},{"@type":"ListItem","position":3,"name":"A francia lott\u00f3r\u00f3l"}]},{"@type":"WebSite","@id":"https:\/\/redfoxlotto.com\/hu\/#website","url":"https:\/\/redfoxlotto.com\/hu\/","name":"Get Tickets for the World\u2019s largest jackpots","description":"Participate in worldwide lottery jackpots from any country","publisher":{"@id":"https:\/\/redfoxlotto.com\/hu\/#organization"},"potentialAction":[{"@type":"SearchAction","target":{"@type":"EntryPoint","urlTemplate":"https:\/\/redfoxlotto.com\/hu\/?s={search_term_string}"},"query-input":{"@type":"PropertyValueSpecification","valueRequired":true,"valueName":"search_term_string"}}],"inLanguage":"hu"},{"@type":"Organization","@id":"https:\/\/redfoxlotto.com\/hu\/#organization","name":"Get Tickets for the World\u2019s largest jackpots","url":"https:\/\/redfoxlotto.com\/hu\/","logo":{"@type":"ImageObject","inLanguage":"hu","@id":"https:\/\/redfoxlotto.com\/hu\/#\/schema\/logo\/image\/","url":"https:\/\/redfoxlotto.com\/wp-content\/uploads\/2023\/04\/logo.png","contentUrl":"https:\/\/redfoxlotto.com\/wp-content\/uploads\/2023\/04\/logo.png","width":269,"height":53,"caption":"Get Tickets for the World\u2019s largest jackpots"},"image":{"@id":"https:\/\/redfoxlotto.com\/hu\/#\/schema\/logo\/image\/"}}]}},"_links":{"self":[{"href":"https:\/\/redfoxlotto.com\/hu\/wp-json\/wp\/v2\/pages\/55215","targetHints":{"allow":["GET"]}}],"collection":[{"href":"https:\/\/redfoxlotto.com\/hu\/wp-json\/wp\/v2\/pages"}],"about":[{"href":"https:\/\/redfoxlotto.com\/hu\/wp-json\/wp\/v2\/types\/page"}],"author":[{"embeddable":true,"href":"https:\/\/redfoxlotto.com\/hu\/wp-json\/wp\/v2\/users\/1"}],"replies":[{"embeddable":true,"href":"https:\/\/redfoxlotto.com\/hu\/wp-json\/wp\/v2\/comments?post=55215"}],"version-history":[{"count":0,"href":"https:\/\/redfoxlotto.com\/hu\/wp-json\/wp\/v2\/pages\/55215\/revisions"}],"up":[{"embeddable":true,"href":"https:\/\/redfoxlotto.com\/hu\/wp-json\/wp\/v2\/pages\/55209"}],"wp:attachment":[{"href":"https:\/\/redfoxlotto.com\/hu\/wp-json\/wp\/v2\/media?parent=55215"}],"curies":[{"name":"wp","href":"https:\/\/api.w.org\/{rel}","templated":true}]}}