{"id":55214,"date":"2018-11-18T08:54:25","date_gmt":"2018-11-18T08:54:25","guid":{"rendered":"https:\/\/redfoxlotto.com\/?page_id=21548"},"modified":"2025-12-18T14:33:56","modified_gmt":"2025-12-18T14:33:56","slug":"euromillions","status":"publish","type":"page","link":"https:\/\/redfoxlotto.com\/hu\/lottojatekok\/euromillions\/","title":{"rendered":"Az EuroMillionsr\u00f3l"},"content":{"rendered":"<script type=\"application\/ld+json\">\r\n{\r\n  \"@context\": \"https:\/\/schema.org\",\r\n  \"@type\": \"Service\",\r\n  \"name\": \"J\u00e1tssz Euromillions-t online\",\r\n  \"url\": \"https:\/\/redfoxlotto.com\/hu\/lotteries\/euromillions\/\",\r\n  \"description\": \"V\u00e1s\u00e1roljon hivatalos Euromillions lott\u00f3szelv\u00e9nyeket online b\u00e1rmely orsz\u00e1gb\u00f3l. L\u00e1togasson el a RedFoxLotto oldalra, v\u00e1lassza ki sz\u00e1mait \u00e9s vegyen r\u00e9szt a k\u00f6vetkez\u0151 sorsol\u00e1son.\",\r\n  \"serviceType\": \"Online lott\u00f3szelv\u00e9ny-k\u00f6zvet\u00edt\u0151 szolg\u00e1ltat\u00e1s\",\r\n  \"provider\": {\r\n    \"@type\": \"Organization\",\r\n    \"name\": \"RedFoxLotto\",\r\n    \"url\": \"https:\/\/redfoxlotto.com\/hu\",\r\n    \"image\": \"https:\/\/redfoxlotto.com\/hu\/wp-content\/uploads\/2025\/12\/ticket_scans.jpg\",\r\n    \"sameAs\": []\r\n  },\r\n  \"areaServed\": \"Worldwide\",\r\n  \"termsOfService\": \"https:\/\/redfoxlotto.com\/terms-and-conditions\",\r\n  \"additionalProperty\": {\r\n    \"@type\": \"PropertyValue\",\r\n    \"name\": \"FAQ\",\r\n    \"value\": \"https:\/\/redfoxlotto.com\/hu\/faq\/\"\r\n  },\r\n  \"hasOfferCatalog\": {\r\n    \"@type\": \"OfferCatalog\",\r\n    \"name\": \"Euromillions lott\u00f3szelv\u00e9nyek\",\r\n    \"itemListElement\": [\r\n      {\r\n        \"@type\": \"Offer\",\r\n        \"name\": \"Euromillions szelv\u00e9nyek\",\r\n        \"url\": \"https:\/\/redfoxlotto.com\/hu\/lotteries\/euromillions\",\r\n        \"description\": \"V\u00e1s\u00e1roljon val\u00f3s szelv\u00e9nyeket a k\u00f6vetkez\u0151 Euromillions sorsol\u00e1shoz a RedFoxLotto-n kereszt\u00fcl.\",\r\n        \"price\": \"7.00\",\r\n        \"priceCurrency\": \"\u20ac\",\r\n        \"availability\": \"https:\/\/schema.org\/InStock\",\r\n        \"itemOffered\": {\r\n          \"@type\": \"Service\",\r\n          \"name\": \"Euromillions lott\u00f3szelv\u00e9nyek\",\r\n          \"description\": \"Vegyen r\u00e9szt a k\u00f6vetkez\u0151 Euromillions sorsol\u00e1son \u2013 v\u00e1s\u00e1rolja meg szelv\u00e9nyeit online a RedFoxLotto-n kereszt\u00fcl.\"\r\n        }\r\n      }\r\n    ]\r\n  },\r\n  \"mainEntityOfPage\": {\r\n    \"@type\": \"WebPage\",\r\n    \"@id\": \"https:\/\/redfoxlotto.com\/hu\/lotteries\/euromillions\"\r\n  }\r\n}\r\n<\/script><p>Az Euro Millions Eur\u00f3pa legnagyobb lott\u00f3j\u00e1t\u00e9ka. A 2004-ben ind\u00edtott szelv\u00e9nyeket kilenc eur\u00f3pai orsz\u00e1gban lehet megv\u00e1s\u00e1rolni &#8211; vagy, ha Magyarorsz\u00e1gr\u00f3l \u00e9rkezt\u00e9l, itt v\u00e1s\u00e1rolhatod meg online a szelv\u00e9nyeidet.<\/p>\r\n<h2>Szerezze be EuroMillions szelv\u00e9ny\u00e9t Magyarorsz\u00e1gr\u00f3l<\/h2>\r\n<p>K\u00e9szen \u00e1ll arra, hogy elkezdje \u00e9s online v\u00e1s\u00e1roljon EuroMillions szelv\u00e9nyeket? Ha igen, akkor szeretne tudni n\u00e9h\u00e1ny dolgot a j\u00e1t\u00e9kr\u00f3l, miel\u0151tt belev\u00e1gna, igaz? Biztos akar lenni benne, hogy felk\u00e9sz\u00fclt, \u00e9s mindent tud a j\u00e1t\u00e9kr\u00f3l, amit csak tud. Nos, az els\u0151 dolog, amit tudnod kell, hogy mikor lesznek a sorsol\u00e1sok, mert biztos akarsz lenni benne, hogy a k\u00f6vetkez\u0151 sorsol\u00e1s el\u0151tt megkapod a sorsjegyedet. Az EuroMillions sorsol\u00e1sokat minden kedden \u00e9s p\u00e9nteken tartj\u00e1k P\u00e1rizsban.<\/p>\r\n<p>A sz\u00e1mokr\u00f3l, amelyek k\u00f6z\u00fcl v\u00e1laszthat, \u00e9s arr\u00f3l, hogy mik\u00e9nt juthat hozz\u00e1 a k\u00edv\u00e1nt szelv\u00e9nyhez, egy perc m\u00falva b\u0151vebben is besz\u00e9l\u00fcnk, de most n\u00e9zz\u00fck meg k\u00f6zelebbr\u0151l a jackpotot, amelyet megnyerhet. V\u00e9g\u00fcl is ez az egyik oka annak, hogy j\u00e1tszani akarsz az EuroMillionson.<\/p>\r\n<p><img loading=\"lazy\" decoding=\"async\" class=\"alignright wp-image\" src=\"https:\/\/content.redfoxlotto.com\/uploads\/sites\/9\/1_buy_euromillions_online.jpg\" alt=\"Euromillions jackpot\" width=\"284\" height=\"190\" \/><\/p>\r\n<h2>EuroMillions Jackpot<\/h2>\r\n<p>Eur\u00f3pa legnagyobb lott\u00f3j\u00e1t\u00e9kak\u00e9nt az EuroMillions is hatalmas jackpotokkal rendelkezik. Val\u00f3j\u00e1ban a jackpotok gyakran j\u00f3val t\u00f6bb milli\u00f3 doll\u00e1ros nagys\u00e1grend\u0171ek, \u00e9s a legnagyobbak biztosan a fels\u0151 hat\u00e1ron is mozognak. Az eddigi legmagasabb jackpot ebben a lott\u00f3j\u00e1t\u00e9kban 190 000 000 eur\u00f3 volt. Ezt egy n\u00e9vtelen j\u00e1t\u00e9kos nyerte 2014. okt\u00f3ber 24-\u00e9n.<\/p>\r\n<p>M\u00e1r ez is el\u00e9g j\u00f3 ok arra, hogy k\u00f6zelebbr\u0151l is megn\u00e9zze ezt a j\u00e1t\u00e9kot, \u00e9s elgondolkodjon azon, hogy v\u00e1s\u00e1roljon egy szelv\u00e9nyt mag\u00e1nak, nem igaz? Nos, im\u00e1dni fogod az \u00f6tletet, hogy megnyerheted ezt a p\u00e9nzt, \u00e9s val\u00f3j\u00e1ban m\u00e9g akkor is sz\u00e9p \u00f6sszeget nyerhetsz, ha nem \u00e9red el a jackpotot. Ez az\u00e9rt van, mert a kezd\u0151\u00f6sszeg m\u00e9g egy nagyszer\u0171 nyerem\u00e9ny, \u00e9s azok is nagyszer\u0171ek lesznek, amelyek eg\u00e9szen a legalacsonyabb \u00e9s a legmagasabb szintek k\u00f6z\u00f6tti k\u00f6z\u00e9pen vannak.<\/p>\r\n<h2>Az EuroMillions szab\u00e1lyai<\/h2>\r\n<p>K\u00e9szen \u00e1llsz arra, hogy online v\u00e1s\u00e1rolj EuroMillions szelv\u00e9nyt, de nem vagy benne biztos, hogy hol \u00e9s hogyan &#8211; tal\u00e1n az\u00e9rt, mert Magyarorsz\u00e1gon \u00e9lsz? Nos, mi most \u00e1tn\u00e9zz\u00fck, hogy pontosan mit kell tenned, \u00e9s hogyan v\u00e1laszd ki azokat a sz\u00e1mokat, amelyeket szeretn\u00e9l, hogy a lehet\u0151 legjobb es\u00e9lyed legyen a j\u00e1t\u00e9k t\u00e9nyleges megnyer\u00e9s\u00e9re.<\/p>\r\n<h2>Sz\u00f3val, mit kell tenned?<\/h2>\r\n<p>Itt 5 f\u0151 sz\u00e1mot v\u00e1lasztasz 1 \u00e9s 50 k\u00f6z\u00f6tt, valamint k\u00e9t tov\u00e1bbi sz\u00e1mot, az \u00fagynevezett Lucky Star-t, 1 \u00e9s 12 k\u00f6z\u00f6tt. A legalacsonyabb \u00e1rkateg\u00f3ri\u00e1j\u00fa nyerem\u00e9nyhez csak k\u00e9t f\u0151 sz\u00e1mnak kell egyeznie. Ez azt jelenti, hogy sok olyan es\u00e9lyed lesz, ahol nyerhetsz, b\u00e1r nem fogsz sok p\u00e9nzt nyerni, ha csak n\u00e9h\u00e1ny sz\u00e1mot tal\u00e1lsz el.<\/p>\r\n<p>Ha t\u00f6bb sz\u00e1mmal is egyezik, \u00e9s k\u00fcl\u00f6n\u00f6sen, ha a szerencsecsillag sz\u00e1mokkal, akkor jobb nyerem\u00e9nyt kaphat. Ez mindenk\u00e9ppen j\u00f3 el\u0151ny lesz, nem igaz? Val\u00f3j\u00e1ban jav\u00edthatod az es\u00e9lyeidet, \u00e9s hat\u00e1rozottan \u00e9lvezheted a j\u00e1t\u00e9kot.<\/p>\r\n<h2>V\u00e1lassza ki a jegy\u00e9t<\/h2>\r\n<p>K\u00e9szen \u00e1ll a jegy kiv\u00e1laszt\u00e1s\u00e1ra? Mindenk\u00e9ppen \u00e9rdemes megn\u00e9zned a folyamatunkat, mert nagyon megk\u00f6nny\u00edtj\u00fck a dolgodat. Tudjuk, hogy nincs sok id\u0151d, \u00e9s szeretn\u00e9d, ha a lehet\u0151 legt\u00f6bbet hozn\u00e1d ki bel\u0151le. De ett\u0151l m\u00e9g szeretne j\u00f3l sz\u00f3rakozni az EuroMillions j\u00e1t\u00e9kon, \u00e9s ez azt jelenti, hogy online kell megv\u00e1s\u00e1rolnia az EuroMillions szelv\u00e9nyeket.<\/p>\r\n<p>A folyamatunk els\u0151 l\u00e9p\u00e9se, hogy eld\u00f6ntse, melyik szelv\u00e9nyt szeretn\u00e9 megvenni. Ha m\u00e1r eld\u00f6nt\u00f6tte, hogy az EuroMillions-t v\u00e1lasztja, akkor m\u00e1r k\u00e9szen \u00e1ll. De ha m\u00e9g nem vagy eg\u00e9szen biztos benne, akkor mindenk\u00e9ppen \u00e9rdemes megn\u00e9zned a f\u0151oldalunkat, ahol megmutatjuk neked az \u00f6sszes legjobb jackpotot, \u00e9s azt, hogy mely j\u00e1t\u00e9kokkal \u00e9rdemes foglalkoznod. Ezek azok a j\u00e1t\u00e9kok, amelyekre jegyeket k\u00edn\u00e1lunk.<\/p>\r\n<p>Miut\u00e1n eld\u00f6nt\u00f6tted, hogy milyen szelv\u00e9nyt szeretn\u00e9l, bel\u00e9psz az oldalra, \u00e9s elkezded kiv\u00e1lasztani a sz\u00e1mokat a szelv\u00e9nyedhez. Ha akarod, abszol\u00fat az \u00f6sszes sz\u00e1mot kiv\u00e1laszthatod, \u00edgy olyan szem\u00e9lyre szabott szelv\u00e9nyt kapsz, amelyik a legjobban illik ahhoz, amit a legjobban szeretsz.<\/p>\r\n<p>V\u00e1laszthatod azt is, hogy olyan jegyeket v\u00e1s\u00e1rolsz, amelyeket v\u00e9letlenszer\u0171en v\u00e1lasztanak ki neked. Ez\u00e1ltal igaz\u00e1n k\u00f6nnyen szerezhetsz szelv\u00e9nyt an\u00e9lk\u00fcl, hogy sok id\u0151t kellene t\u00f6ltened vele. \u00c9s azt is eld\u00f6ntheted, hogy h\u00e1ny szelv\u00e9nyt szeretn\u00e9l v\u00e1s\u00e1rolni, \u00edgy mindened meglesz, amire sz\u00fcks\u00e9ged van ahhoz, hogy potenci\u00e1lisan megnyerj egy nagy jackpotot.<\/p>\r\n<h2>Az EuroMillions v\u00e1s\u00e1rl\u00e1si folyamata<\/h2>\r\n<p>Amikor v\u00e9gigm\u00e9sz \u00e9s kiv\u00e1lasztod a szelv\u00e9nyeidet, az utols\u00f3 dolog, amit meg kell tenned, az az, hogy gy\u0151z\u0151dj meg r\u00f3la, hogy kit\u00f6lt\u00f6d a sz\u00e1mlaadataidat. Azonnal v\u00e9gigvezetj\u00fck a fi\u00f3k l\u00e9trehoz\u00e1s\u00e1nak folyamat\u00e1n, hogy biztosan megkaphassa a k\u00edv\u00e1nt szelv\u00e9nyeket, amikor csak akarja. Itt m\u00e9g a haszn\u00e1lni k\u00edv\u00e1nt fizet\u00e9si sz\u00e1ml\u00e1kat is be\u00e1ll\u00edthatja.<\/p>\r\n<p>Ha mindent be\u00e1ll\u00edtott\u00e1l, csak a k\u00edv\u00e1nt jegyeket kell a kosaradba tenned, \u00e9s m\u00e1ris megv\u00e1s\u00e1rolhatod az \u00f6sszeset egyszerre. A kosaradba ak\u00e1r k\u00fcl\u00f6nb\u00f6z\u0151 j\u00e1t\u00e9kok jegyeit is hozz\u00e1adhatod, \u00e9s \u00edgy mindent meg tudsz v\u00e1s\u00e1rolni, amire sz\u00fcks\u00e9ged van.<\/p>\r\n<p><img loading=\"lazy\" decoding=\"async\" class=\"alignright wp-image\" src=\"https:\/\/content.redfoxlotto.com\/uploads\/sites\/9\/1_buy_lottery_ticket.jpg\" alt=\"online jegyv\u00e1s\u00e1rl\u00e1s\" width=\"312\" height=\"107\" \/><\/p>\r\n<p>Ha m\u00e1r d\u00f6nt\u00f6tt a jegyek mellett, akkor minden k\u00e9szen \u00e1ll, \u00e9s v\u00e1rhatod, hogy mi t\u00f6rt\u00e9nik a jegyeiddel. A megv\u00e1s\u00e1roltak azonnal megjelennek a sz\u00e1ml\u00e1don, \u00e9s k\u00e9s\u0151bb visszan\u00e9zheted, hogy nyert\u00e9l-e.<\/p>\r\n<p>Ha nyert\u00e9l, k\u00fcld\u00fcnk neked egy e-mailt, \u00e9s a fi\u00f3kodban megn\u00e9zheted, hogy milyen sz\u00e1mok vannak, amelyek megegyeznek a kisorsolt sz\u00e1mokkal. \u00cdgy k\u00f6nnyebben tudod majd, hogy mikor kell bev\u00e1ltanod a szelv\u00e9nyt.<\/p>\r\n<h2>EuroMillions \u00e9s a brit Millionaire Maker<\/h2>\r\n<p>A j\u00e1t\u00e9kosok egy kicsit t\u00f6bbet fizetnek, mert az EuroMillions szelv\u00e9nyeket az Egyes\u00fclt Kir\u00e1lys\u00e1gban v\u00e1s\u00e1rolj\u00e1k. Ez annak k\u00f6sz\u00f6nhet\u0151, hogy a brit szelv\u00e9nyek automatikusan r\u00e9szt vesznek a Millionaire Maker sorsol\u00e1son, amely tov\u00e1bbi lehet\u0151s\u00e9get biztos\u00edt az 1 milli\u00f3 font jutalom megnyer\u00e9s\u00e9re.<\/p>\r\n<p>A Millionaire Maker \u00fagy m\u0171k\u00f6dik, hogy minden egyes megv\u00e1s\u00e1rolt szelv\u00e9nyhez egyedi k\u00f3dot gener\u00e1l. Ez a k\u00f3d n\u00e9gy bet\u0171b\u0151l \u00e9s \u00f6t sz\u00e1mb\u00f3l \u00e1ll (pl. ABCD12345). Minden sorsol\u00e1son v\u00e9letlenszer\u0171en kiv\u00e1lasztanak egy vagy t\u00f6bb ilyen k\u00f3dot, \u00e9s a megfelel\u0151 k\u00f3dot tartalmaz\u00f3 szelv\u00e9ny tulajdonosa azonnal 1 milli\u00f3 fontot nyer, f\u00fcggetlen\u00fcl az EuroMillions f\u0151 sz\u00e1mainak sorsol\u00e1s\u00e1t\u00f3l.<\/p>\r\n<p>Ez a funkci\u00f3 k\u00fcl\u00f6n\u00f6sen vonz\u00f3v\u00e1 teszi az EuroMillions j\u00e1t\u00e9kot az Egyes\u00fclt Kir\u00e1lys\u00e1gban, mivel a szok\u00e1sos jackpoton \u00e9s az alacsonyabb szint\u0171 jutalmakon t\u00fal tov\u00e1bbi lehet\u0151s\u00e9get biztos\u00edt egy jelent\u0151s nyerem\u00e9ny megnyer\u00e9s\u00e9re.<\/p>","protected":false},"excerpt":{"rendered":"<p>Az Euro Millions Eur\u00f3pa legnagyobb lott\u00f3j\u00e1t\u00e9ka. A 2004-ben ind\u00edtott szelv\u00e9nyeket kilenc eur\u00f3pai orsz\u00e1gban lehet megv\u00e1s\u00e1rolni &#8211; vagy, ha Magyarorsz\u00e1gr\u00f3l \u00e9rkezt\u00e9l, itt v\u00e1s\u00e1rolhatod meg online a szelv\u00e9nyeidet. Szerezze be EuroMillions szelv\u00e9ny\u00e9t Magyarorsz\u00e1gr\u00f3l K\u00e9szen \u00e1ll arra, hogy elkezdje \u00e9s online v\u00e1s\u00e1roljon EuroMillions szelv\u00e9nyeket? Ha igen, akkor szeretne tudni n\u00e9h\u00e1ny dolgot a j\u00e1t\u00e9kr\u00f3l, miel\u0151tt belev\u00e1gna, igaz? Biztos akar [&hellip;]<\/p>\n","protected":false},"author":1,"featured_media":0,"parent":55209,"menu_order":3,"comment_status":"closed","ping_status":"closed","template":"euromillions-info.php","meta":{"_et_pb_use_builder":"","_et_pb_old_content":"","_et_gb_content_width":"","exclude_from_search":false,"footnotes":""},"class_list":["post-55214","page","type-page","status-publish","hentry"],"yoast_head":"<!-- This site is optimized with the Yoast SEO plugin v27.4 - https:\/\/yoast.com\/product\/yoast-seo-wordpress\/ -->\n<title>EuroMillions szelv\u00e9nyek online v\u00e1s\u00e1rl\u00e1sa Magyarorsz\u00e1gr\u00f3l<\/title>\n<meta name=\"description\" content=\"Inform\u00e1ci\u00f3 arr\u00f3l, hogy a magyarorsz\u00e1gi lakosok hogyan v\u00e1s\u00e1rolhatnak online Euromillions szelv\u00e9nyeket. Az Euromillions lott\u00f3 Eur\u00f3pa legnagyobb jackpotj\u00e1val rendelkezik.\" \/>\n<meta name=\"robots\" content=\"index, follow, max-snippet:-1, max-image-preview:large, max-video-preview:-1\" \/>\n<link rel=\"canonical\" href=\"https:\/\/redfoxlotto.com\/hu\/lottojatekok\/euromillions\/\" \/>\n<meta property=\"og:locale\" content=\"hu_HU\" \/>\n<meta property=\"og:type\" content=\"article\" \/>\n<meta property=\"og:title\" content=\"EuroMillions szelv\u00e9nyek online v\u00e1s\u00e1rl\u00e1sa Magyarorsz\u00e1gr\u00f3l\" \/>\n<meta property=\"og:description\" content=\"Inform\u00e1ci\u00f3 arr\u00f3l, hogy a magyarorsz\u00e1gi lakosok hogyan v\u00e1s\u00e1rolhatnak online Euromillions szelv\u00e9nyeket. Az Euromillions lott\u00f3 Eur\u00f3pa legnagyobb jackpotj\u00e1val rendelkezik.\" \/>\n<meta property=\"og:url\" content=\"https:\/\/redfoxlotto.com\/hu\/lottojatekok\/euromillions\/\" \/>\n<meta property=\"og:site_name\" content=\"Get Tickets for the World\u2019s largest jackpots\" \/>\n<meta property=\"article:modified_time\" content=\"2025-12-18T14:33:56+00:00\" \/>\n<meta property=\"og:image\" content=\"https:\/\/content.redfoxlotto.com\/uploads\/sites\/9\/1_buy_euromillions_online.jpg\" \/>\n<meta name=\"twitter:card\" content=\"summary_large_image\" \/>\n<meta name=\"twitter:label1\" content=\"Becs\u00fclt olvas\u00e1si id\u0151\" \/>\n\t<meta name=\"twitter:data1\" content=\"5 perc\" \/>\n<script type=\"application\/ld+json\" class=\"yoast-schema-graph\">{\"@context\":\"https:\\\/\\\/schema.org\",\"@graph\":[{\"@type\":\"WebPage\",\"@id\":\"https:\\\/\\\/redfoxlotto.com\\\/hu\\\/lottojatekok\\\/euromillions\\\/\",\"url\":\"https:\\\/\\\/redfoxlotto.com\\\/hu\\\/lottojatekok\\\/euromillions\\\/\",\"name\":\"EuroMillions szelv\u00e9nyek online v\u00e1s\u00e1rl\u00e1sa Magyarorsz\u00e1gr\u00f3l\",\"isPartOf\":{\"@id\":\"https:\\\/\\\/redfoxlotto.com\\\/hu\\\/#website\"},\"primaryImageOfPage\":{\"@id\":\"https:\\\/\\\/redfoxlotto.com\\\/hu\\\/lottojatekok\\\/euromillions\\\/#primaryimage\"},\"image\":{\"@id\":\"https:\\\/\\\/redfoxlotto.com\\\/hu\\\/lottojatekok\\\/euromillions\\\/#primaryimage\"},\"thumbnailUrl\":\"https:\\\/\\\/content.redfoxlotto.com\\\/uploads\\\/sites\\\/9\\\/1_buy_euromillions_online.jpg\",\"datePublished\":\"2018-11-18T08:54:25+00:00\",\"dateModified\":\"2025-12-18T14:33:56+00:00\",\"description\":\"Inform\u00e1ci\u00f3 arr\u00f3l, hogy a magyarorsz\u00e1gi lakosok hogyan v\u00e1s\u00e1rolhatnak online Euromillions szelv\u00e9nyeket. Az Euromillions lott\u00f3 Eur\u00f3pa legnagyobb jackpotj\u00e1val rendelkezik.\",\"breadcrumb\":{\"@id\":\"https:\\\/\\\/redfoxlotto.com\\\/hu\\\/lottojatekok\\\/euromillions\\\/#breadcrumb\"},\"inLanguage\":\"hu\",\"potentialAction\":[{\"@type\":\"ReadAction\",\"target\":[\"https:\\\/\\\/redfoxlotto.com\\\/hu\\\/lottojatekok\\\/euromillions\\\/\"]}]},{\"@type\":\"ImageObject\",\"inLanguage\":\"hu\",\"@id\":\"https:\\\/\\\/redfoxlotto.com\\\/hu\\\/lottojatekok\\\/euromillions\\\/#primaryimage\",\"url\":\"https:\\\/\\\/content.redfoxlotto.com\\\/uploads\\\/sites\\\/9\\\/1_buy_euromillions_online.jpg\",\"contentUrl\":\"https:\\\/\\\/content.redfoxlotto.com\\\/uploads\\\/sites\\\/9\\\/1_buy_euromillions_online.jpg\"},{\"@type\":\"BreadcrumbList\",\"@id\":\"https:\\\/\\\/redfoxlotto.com\\\/hu\\\/lottojatekok\\\/euromillions\\\/#breadcrumb\",\"itemListElement\":[{\"@type\":\"ListItem\",\"position\":1,\"name\":\"Home\",\"item\":\"https:\\\/\\\/redfoxlotto.com\\\/hu\\\/\"},{\"@type\":\"ListItem\",\"position\":2,\"name\":\"Lott\u00f3j\u00e1t\u00e9kok Online &#8211; lott\u00f3 nyerem\u00e9nyek \u00e9s online lotto jackpot\",\"item\":\"https:\\\/\\\/redfoxlotto.com\\\/hu\\\/lottojatekok\\\/\"},{\"@type\":\"ListItem\",\"position\":3,\"name\":\"Az EuroMillionsr\u00f3l\"}]},{\"@type\":\"WebSite\",\"@id\":\"https:\\\/\\\/redfoxlotto.com\\\/hu\\\/#website\",\"url\":\"https:\\\/\\\/redfoxlotto.com\\\/hu\\\/\",\"name\":\"Get Tickets for the World\u2019s largest jackpots\",\"description\":\"Participate in worldwide lottery jackpots from any country\",\"publisher\":{\"@id\":\"https:\\\/\\\/redfoxlotto.com\\\/hu\\\/#organization\"},\"potentialAction\":[{\"@type\":\"SearchAction\",\"target\":{\"@type\":\"EntryPoint\",\"urlTemplate\":\"https:\\\/\\\/redfoxlotto.com\\\/hu\\\/?s={search_term_string}\"},\"query-input\":{\"@type\":\"PropertyValueSpecification\",\"valueRequired\":true,\"valueName\":\"search_term_string\"}}],\"inLanguage\":\"hu\"},{\"@type\":\"Organization\",\"@id\":\"https:\\\/\\\/redfoxlotto.com\\\/hu\\\/#organization\",\"name\":\"Get Tickets for the World\u2019s largest jackpots\",\"url\":\"https:\\\/\\\/redfoxlotto.com\\\/hu\\\/\",\"logo\":{\"@type\":\"ImageObject\",\"inLanguage\":\"hu\",\"@id\":\"https:\\\/\\\/redfoxlotto.com\\\/hu\\\/#\\\/schema\\\/logo\\\/image\\\/\",\"url\":\"https:\\\/\\\/redfoxlotto.com\\\/wp-content\\\/uploads\\\/2023\\\/04\\\/logo.png\",\"contentUrl\":\"https:\\\/\\\/redfoxlotto.com\\\/wp-content\\\/uploads\\\/2023\\\/04\\\/logo.png\",\"width\":269,\"height\":53,\"caption\":\"Get Tickets for the World\u2019s largest jackpots\"},\"image\":{\"@id\":\"https:\\\/\\\/redfoxlotto.com\\\/hu\\\/#\\\/schema\\\/logo\\\/image\\\/\"}}]}<\/script>\n<!-- \/ Yoast SEO plugin. -->","yoast_head_json":{"title":"EuroMillions szelv\u00e9nyek online v\u00e1s\u00e1rl\u00e1sa Magyarorsz\u00e1gr\u00f3l","description":"Inform\u00e1ci\u00f3 arr\u00f3l, hogy a magyarorsz\u00e1gi lakosok hogyan v\u00e1s\u00e1rolhatnak online Euromillions szelv\u00e9nyeket. Az Euromillions lott\u00f3 Eur\u00f3pa legnagyobb jackpotj\u00e1val rendelkezik.","robots":{"index":"index","follow":"follow","max-snippet":"max-snippet:-1","max-image-preview":"max-image-preview:large","max-video-preview":"max-video-preview:-1"},"canonical":"https:\/\/redfoxlotto.com\/hu\/lottojatekok\/euromillions\/","og_locale":"hu_HU","og_type":"article","og_title":"EuroMillions szelv\u00e9nyek online v\u00e1s\u00e1rl\u00e1sa Magyarorsz\u00e1gr\u00f3l","og_description":"Inform\u00e1ci\u00f3 arr\u00f3l, hogy a magyarorsz\u00e1gi lakosok hogyan v\u00e1s\u00e1rolhatnak online Euromillions szelv\u00e9nyeket. Az Euromillions lott\u00f3 Eur\u00f3pa legnagyobb jackpotj\u00e1val rendelkezik.","og_url":"https:\/\/redfoxlotto.com\/hu\/lottojatekok\/euromillions\/","og_site_name":"Get Tickets for the World\u2019s largest jackpots","article_modified_time":"2025-12-18T14:33:56+00:00","og_image":[{"url":"https:\/\/content.redfoxlotto.com\/uploads\/sites\/9\/1_buy_euromillions_online.jpg","type":"","width":"","height":""}],"twitter_card":"summary_large_image","twitter_misc":{"Becs\u00fclt olvas\u00e1si id\u0151":"5 perc"},"schema":{"@context":"https:\/\/schema.org","@graph":[{"@type":"WebPage","@id":"https:\/\/redfoxlotto.com\/hu\/lottojatekok\/euromillions\/","url":"https:\/\/redfoxlotto.com\/hu\/lottojatekok\/euromillions\/","name":"EuroMillions szelv\u00e9nyek online v\u00e1s\u00e1rl\u00e1sa Magyarorsz\u00e1gr\u00f3l","isPartOf":{"@id":"https:\/\/redfoxlotto.com\/hu\/#website"},"primaryImageOfPage":{"@id":"https:\/\/redfoxlotto.com\/hu\/lottojatekok\/euromillions\/#primaryimage"},"image":{"@id":"https:\/\/redfoxlotto.com\/hu\/lottojatekok\/euromillions\/#primaryimage"},"thumbnailUrl":"https:\/\/content.redfoxlotto.com\/uploads\/sites\/9\/1_buy_euromillions_online.jpg","datePublished":"2018-11-18T08:54:25+00:00","dateModified":"2025-12-18T14:33:56+00:00","description":"Inform\u00e1ci\u00f3 arr\u00f3l, hogy a magyarorsz\u00e1gi lakosok hogyan v\u00e1s\u00e1rolhatnak online Euromillions szelv\u00e9nyeket. Az Euromillions lott\u00f3 Eur\u00f3pa legnagyobb jackpotj\u00e1val rendelkezik.","breadcrumb":{"@id":"https:\/\/redfoxlotto.com\/hu\/lottojatekok\/euromillions\/#breadcrumb"},"inLanguage":"hu","potentialAction":[{"@type":"ReadAction","target":["https:\/\/redfoxlotto.com\/hu\/lottojatekok\/euromillions\/"]}]},{"@type":"ImageObject","inLanguage":"hu","@id":"https:\/\/redfoxlotto.com\/hu\/lottojatekok\/euromillions\/#primaryimage","url":"https:\/\/content.redfoxlotto.com\/uploads\/sites\/9\/1_buy_euromillions_online.jpg","contentUrl":"https:\/\/content.redfoxlotto.com\/uploads\/sites\/9\/1_buy_euromillions_online.jpg"},{"@type":"BreadcrumbList","@id":"https:\/\/redfoxlotto.com\/hu\/lottojatekok\/euromillions\/#breadcrumb","itemListElement":[{"@type":"ListItem","position":1,"name":"Home","item":"https:\/\/redfoxlotto.com\/hu\/"},{"@type":"ListItem","position":2,"name":"Lott\u00f3j\u00e1t\u00e9kok Online &#8211; lott\u00f3 nyerem\u00e9nyek \u00e9s online lotto jackpot","item":"https:\/\/redfoxlotto.com\/hu\/lottojatekok\/"},{"@type":"ListItem","position":3,"name":"Az EuroMillionsr\u00f3l"}]},{"@type":"WebSite","@id":"https:\/\/redfoxlotto.com\/hu\/#website","url":"https:\/\/redfoxlotto.com\/hu\/","name":"Get Tickets for the World\u2019s largest jackpots","description":"Participate in worldwide lottery jackpots from any country","publisher":{"@id":"https:\/\/redfoxlotto.com\/hu\/#organization"},"potentialAction":[{"@type":"SearchAction","target":{"@type":"EntryPoint","urlTemplate":"https:\/\/redfoxlotto.com\/hu\/?s={search_term_string}"},"query-input":{"@type":"PropertyValueSpecification","valueRequired":true,"valueName":"search_term_string"}}],"inLanguage":"hu"},{"@type":"Organization","@id":"https:\/\/redfoxlotto.com\/hu\/#organization","name":"Get Tickets for the World\u2019s largest jackpots","url":"https:\/\/redfoxlotto.com\/hu\/","logo":{"@type":"ImageObject","inLanguage":"hu","@id":"https:\/\/redfoxlotto.com\/hu\/#\/schema\/logo\/image\/","url":"https:\/\/redfoxlotto.com\/wp-content\/uploads\/2023\/04\/logo.png","contentUrl":"https:\/\/redfoxlotto.com\/wp-content\/uploads\/2023\/04\/logo.png","width":269,"height":53,"caption":"Get Tickets for the World\u2019s largest jackpots"},"image":{"@id":"https:\/\/redfoxlotto.com\/hu\/#\/schema\/logo\/image\/"}}]}},"_links":{"self":[{"href":"https:\/\/redfoxlotto.com\/hu\/wp-json\/wp\/v2\/pages\/55214","targetHints":{"allow":["GET"]}}],"collection":[{"href":"https:\/\/redfoxlotto.com\/hu\/wp-json\/wp\/v2\/pages"}],"about":[{"href":"https:\/\/redfoxlotto.com\/hu\/wp-json\/wp\/v2\/types\/page"}],"author":[{"embeddable":true,"href":"https:\/\/redfoxlotto.com\/hu\/wp-json\/wp\/v2\/users\/1"}],"replies":[{"embeddable":true,"href":"https:\/\/redfoxlotto.com\/hu\/wp-json\/wp\/v2\/comments?post=55214"}],"version-history":[{"count":0,"href":"https:\/\/redfoxlotto.com\/hu\/wp-json\/wp\/v2\/pages\/55214\/revisions"}],"up":[{"embeddable":true,"href":"https:\/\/redfoxlotto.com\/hu\/wp-json\/wp\/v2\/pages\/55209"}],"wp:attachment":[{"href":"https:\/\/redfoxlotto.com\/hu\/wp-json\/wp\/v2\/media?parent=55214"}],"curies":[{"name":"wp","href":"https:\/\/api.w.org\/{rel}","templated":true}]}}