{"id":55213,"date":"2018-11-18T08:54:25","date_gmt":"2018-11-18T08:54:25","guid":{"rendered":"https:\/\/redfoxlotto.com\/?page_id=21546"},"modified":"2025-12-18T13:47:32","modified_gmt":"2025-12-18T13:47:32","slug":"eurojackpot","status":"publish","type":"page","link":"https:\/\/redfoxlotto.com\/hu\/lottojatekok\/eurojackpot\/","title":{"rendered":"Az Eurojackpotr\u00f3l"},"content":{"rendered":"<script type=\"application\/ld+json\">\r\n{\r\n  \"@context\": \"https:\/\/schema.org\",\r\n  \"@type\": \"Service\",\r\n  \"name\": \"Eurojackpot online j\u00e1t\u00e9k\",\r\n  \"url\": \"https:\/\/redfoxlotto.com\/hu\/lotteries\/eurojackpot\/\",\r\n  \"description\": \"V\u00e1s\u00e1roljon hivatalos Eurojackpot lott\u00f3szelv\u00e9nyeket online b\u00e1rmely orsz\u00e1gb\u00f3l. L\u00e1togassa meg a RedFoxLotto oldalt, v\u00e1lassza ki sz\u00e1mait \u00e9s csatlakozzon a k\u00f6vetkez\u0151 sorsol\u00e1shoz.\",\r\n  \"serviceType\": \"Online lott\u00f3szelv\u00e9ny-k\u00f6zvet\u00edt\u0151 szolg\u00e1ltat\u00e1s\",\r\n\r\n  \"provider\": {\r\n    \"@type\": \"Organization\",\r\n    \"name\": \"RedFoxLotto\",\r\n    \"url\": \"https:\/\/redfoxlotto.com\/hu\",\r\n    \"image\": \"https:\/\/redfoxlotto.com\/hu\/wp-content\/uploads\/2025\/12\/ticket_scans.jpg\",\r\n    \"sameAs\": []\r\n  },\r\n\r\n  \"areaServed\": \"Worldwide\",\r\n  \"termsOfService\": \"https:\/\/redfoxlotto.com\/terms-and-conditions\",\r\n\r\n  \"additionalProperty\": {\r\n    \"@type\": \"PropertyValue\",\r\n    \"name\": \"GYIK\",\r\n    \"value\": \"https:\/\/redfoxlotto.com\/hu\/faq\/\"\r\n  },\r\n\r\n  \"hasOfferCatalog\": {\r\n    \"@type\": \"OfferCatalog\",\r\n    \"name\": \"Eurojackpot szelv\u00e9nyek\",\r\n    \"itemListElement\": [\r\n      {\r\n        \"@type\": \"Offer\",\r\n        \"name\": \"Eurojackpot szelv\u00e9nyek\",\r\n        \"url\": \"https:\/\/redfoxlotto.com\/hu\/lotteries\/eurojackpot\",\r\n        \"description\": \"V\u00e1s\u00e1roljon val\u00f3di szelv\u00e9nyeket online a k\u00f6vetkez\u0151 Eurojackpot sorsol\u00e1shoz a RedFoxLotto-n.\",\r\n        \"price\": \"6.00\",\r\n        \"priceCurrency\": \"\u20ac\",\r\n        \"availability\": \"https:\/\/schema.org\/InStock\",\r\n\r\n        \"itemOffered\": {\r\n          \"@type\": \"Service\",\r\n          \"name\": \"Eurojackpot lott\u00f3szelv\u00e9nyek\",\r\n          \"description\": \"Vegyen r\u00e9szt a k\u00f6vetkez\u0151 Eurojackpot sorsol\u00e1son \u2013 v\u00e1s\u00e1roljon szelv\u00e9nyeket online a RedFoxLotto-n kereszt\u00fcl.\"\r\n        }\r\n      }\r\n    ]\r\n  },\r\n\r\n  \"mainEntityOfPage\": {\r\n    \"@type\": \"WebPage\",\r\n    \"@id\": \"https:\/\/redfoxlotto.com\/hu\/lotteries\/eurojackpot\/\"\r\n  }\r\n}\r\n<\/script><p>Az Eurojackpot 2012 \u00f3ta l\u00e9tezik, \u00e9s az\u00f3ta csak tov\u00e1bb n\u0151tt a n\u00e9pszer\u0171s\u00e9ge. Ennek egyik oka az, hogy hat\u00e1rozottan elkezdett valamennyit nyerni, amikor a jackpotokr\u00f3l van sz\u00f3, \u00e9s val\u00f3ban tisztess\u00e9ges \u00f6sszeget lehet nyerni (err\u0151l azonban k\u00e9s\u0151bb m\u00e9g besz\u00e9l\u00fcnk).<\/p>\r\n<p>A szelv\u00e9nyeket 17 r\u00e9szt vev\u0151 eur\u00f3pai orsz\u00e1gban lehet megv\u00e1s\u00e1rolni, ami igaz\u00e1n nagyszer\u0171v\u00e9 teszi a j\u00e1t\u00e9kot azok sz\u00e1m\u00e1ra, akik m\u00e1r az adott r\u00e9gi\u00f3ban vannak.<\/p>\r\n<p>De mi a helyzet azokkal, akik Magyarorsz\u00e1gon \u00e9lnek &#8211; \u0151k nem tudnak csak \u00fagy bemenni egy boltba, hogy Eurojackpot szelv\u00e9nyeket v\u00e1s\u00e1roljanak? Ha Magyarorsz\u00e1gon \u00e9lsz, akkor az online v\u00e1s\u00e1rl\u00e1s a megold\u00e1s. Akkor is megv\u00e1s\u00e1rolhatja t\u0151l\u00fcnk online a jegyeit, ha nem az eml\u00edtett eur\u00f3pai orsz\u00e1gok egyik\u00e9ben \u00e9l.<\/p>\r\n<h2>A jackpot<\/h2>\r\n<p><img decoding=\"async\" class=\" wp-image alignright\" src=\"https:\/\/content.redfoxlotto.com\/uploads\/sites\/9\/1_ticket_eurojackpot2.jpg\" alt=\"eurojackpot\" \/><\/p>\r\n<p>Az Eurojackpot lott\u00f3n a jackpot \u00f6sszege minimum 10 000 000 eur\u00f3. Ez minden bizonnyal hatalmas el\u0151ny lesz az \u00d6n sz\u00e1m\u00e1ra, \u00e9s nagy v\u00e1ltoz\u00e1st hozhat az \u00e9let\u00e9be, igaz? Nos, biztosan nem fog gondot okozni, hogy ebb\u0151l a p\u00e9nzb\u0151l igaz\u00e1n klassz dolgokat szerezzen, vagy hogy kifizesse az ad\u00f3ss\u00e1gait, vagy b\u00e1rmi m\u00e1st. De ez csak a minimum. Az \u00f6sszeg sokkal nagyobb is lehet. Val\u00f3j\u00e1ban a maxim\u00e1lis kifizet\u00e9s el\u00e9rheti a 120 000 000 eur\u00f3t. Ez t\u00e9nyleg hatalmas \u00f6sszeg lesz, \u00e9s nagy v\u00e1ltoz\u00e1st hozhat az \u00e9letedbe, de mi van, ha senki sem nyer? Minden ezen az \u00f6sszegen fel\u00fcli \u00f6sszeg a m\u00e1sodik nyerem\u00e9nyoszt\u00e1lyba ker\u00fcl.<\/p>\r\n<p>Ez azt jelenti, hogy eg\u00e9szen addig lesz lehet\u0151s\u00e9ged megnyerni ezt az \u00f3ri\u00e1si jackpotot, am\u00edg el nem \u00e9ri ezt a hat\u00e1rt. Onnant\u00f3l kezdve a m\u00e1sodik legmagasabb \u00f6sszeg egyre feljebb \u00e9s feljebb fog emelkedni. Ez azt jelenti, hogy kevesebb sz\u00e1mmal val\u00f3 egyez\u00e9ssel hatalmas jackpotot nyerhetsz, mivel a m\u00e1sodik szint\u0171 nyerem\u00e9ny egy igaz\u00e1n nagyszer\u0171 b\u00f3nusz lesz, \u00e9s egy m\u00e1sodik es\u00e9lyt ad a nagy nyerem\u00e9nyre.<\/p>\r\n<h2>Az Eurojackpot szab\u00e1lyai<\/h2>\r\n<p>Ha szeretn\u00e9l j\u00e1tszani a magyarorsz\u00e1gi Eurojackpoton, akkor meg kell gy\u0151z\u0151dn\u00f6d arr\u00f3l, hogy a megfelel\u0151 folyamatot k\u00f6veted. Meg akarsz gy\u0151z\u0151dni arr\u00f3l, hogy helyesen j\u00e1tszol, \u00e9s hogy a szelv\u00e9nyedet a megfelel\u0151 m\u00f3don v\u00e1lasztottad ki. Nos, szerencs\u00e9d van, mert ezeket a szelv\u00e9nyeket szuper egyszer\u0171 kiv\u00e1lasztani, \u00e9s nem lesz gondod azzal, hogy pontosan azt v\u00e1laszd ki, amit szeretn\u00e9l.<\/p>\r\n<p>Kiv\u00e1lasztasz 5 f\u0151 sz\u00e1mot 1 \u00e9s 50 k\u00f6z\u00f6tt, majd k\u00e9t tov\u00e1bbi sz\u00e1mot 1 \u00e9s 12 k\u00f6z\u00f6tt. Teh\u00e1t az 5 f\u0151 sz\u00e1m akkor is nyerem\u00e9nyt hoz neked, ha nem tal\u00e1lod el a kieg\u00e9sz\u00edt\u0151 sz\u00e1mokat vagy a csillagsz\u00e1mokat. 12 nyerem\u00e9nyszint van.<\/p>\r\n<p>Ez azt jelenti, hogy az egyez\u0151 sz\u00e1mok sz\u00e1mos k\u00fcl\u00f6nb\u00f6z\u0151 kombin\u00e1ci\u00f3ja l\u00e9tezik, amelyekkel rendelkezhet, \u00e9s ezek\u00e9rt valamilyen nyerem\u00e9nyt kaphat. Lehet, hogy csak annyit nyerhet, hogy fedezze a szelv\u00e9nye \u00e1r\u00e1t, de az is lehet, hogy milli\u00f3kat nyerhet an\u00e9lk\u00fcl, hogy minden sz\u00e1mmal egyeznie kellene.<\/p>\r\n<p>Term\u00e9szetesen ahhoz, hogy megnyerje a f\u0151d\u00edjat, mind az 5 f\u0151 \u00e9s a 2 kieg\u00e9sz\u00edt\u0151 sz\u00e1mot helyesen kell eltal\u00e1lnia. Ez bonyolult lesz, \u00e9s nagyon ritka dolog, de mindenk\u00e9ppen lehets\u00e9ges. V\u00e9g\u00fcl is, valaki \u00fagyis megnyeri, nem igaz? Mi\u00e9rt nem lehetsz te az a valaki? \u00dagy gondoljuk, hogy abszol\u00fat lehet, \u00e9s csak annyit kell tennie, hogy megn\u00e9zi a jegy kiv\u00e1laszt\u00e1s\u00e1nak folyamat\u00e1t, majd felk\u00e9sz\u00fcl a v\u00e1s\u00e1rl\u00e1sra.<\/p>\r\n<h2>Eurojackpot szelv\u00e9ny v\u00e1s\u00e1rl\u00e1sa<\/h2>\r\n<p>Ha k\u00e9szen \u00e1ll arra, hogy online j\u00e1tsszon Eurojackpotot, akkor k\u00e9szen \u00e1ll arra, hogy megn\u00e9zze a rendszer\u00fcnket \u00e9s a weboldalunkat. Mind\u00f6ssze annyit kell tennie, hogy felker\u00fcl az internetre \u00e9s megn\u00e9zi, de m\u00e1ris ott van. Sz\u00f3val, mihez fogsz most kezdeni? Meg akarja n\u00e9zni a k\u00fcl\u00f6nb\u00f6z\u0151 jegyeket, amelyek el\u00e9rhet\u0151ek n\u00e1lunk.<\/p>\r\n<p>A legjobb szelv\u00e9nyeket \u00e9s a legn\u00e9pszer\u0171bb j\u00e1t\u00e9kokat k\u00edn\u00e1ljuk, amelyek a legnagyobb jackpotokat biztos\u00edtj\u00e1k \u00d6nnek. Miut\u00e1n megn\u00e9zte, eld\u00f6ntheti, hogy Eurojackpot jegyeket szeretne v\u00e1s\u00e1rolni, \u00e9s egy k\u00fcl\u00f6n oldalra ker\u00fcl.<\/p>\r\n<p>Ezen az oldalon tov\u00e1bbi inform\u00e1ci\u00f3kat kap az Eurojackpotr\u00f3l, \u00e9s kiv\u00e1laszthatja a k\u00edv\u00e1nt jegyeket. B\u00e1rmennyi szelv\u00e9ny k\u00f6z\u00fcl v\u00e1laszthat, \u00e9s kiv\u00e1laszthatja a szelv\u00e9nyen szerepl\u0151 sz\u00e1mokat. Am\u00edg a sz\u00e1mok megfelelnek a fent eml\u00edtett szab\u00e1lyoknak, addig a szelv\u00e9nyeken b\u00e1rmilyen sz\u00e1mkombin\u00e1ci\u00f3t v\u00e1laszthatsz.<\/p>\r\n<p>Term\u00e9szetesen, ha nem tudod, hogy milyen sz\u00e1mokat szeretn\u00e9l v\u00e1lasztani, akkor v\u00e1laszthatsz helyette egy gyors szelv\u00e9nyt is.<\/p>\r\n<p>A gyorsszelv\u00e9nnyel v\u00e9letlenszer\u0171en kapod meg a sz\u00e1mokat, amelyek megfelelnek a k\u00f6vetelm\u00e9nyeknek. \u00cdgy kaphatsz egy szelv\u00e9nyt, de semmi m\u00e1s miatt nem kell agg\u00f3dnod. Ha ki akarsz v\u00e1lasztani n\u00e9h\u00e1ny lehet\u0151s\u00e9get, de nem akarod az \u00f6sszes sz\u00e1mot kiv\u00e1lasztani, akkor tulajdonk\u00e9ppen a kett\u0151 kombin\u00e1ci\u00f3j\u00e1t is megteheted, ami mindenk\u00e9ppen megk\u00f6nny\u00edti a szelv\u00e9nyv\u00e1s\u00e1rl\u00e1st.<\/p>\r\n<h2>Hozzon l\u00e9tre fi\u00f3kot<\/h2>\r\n<p><img loading=\"lazy\" decoding=\"async\" class=\" wp-image alignright\" src=\"https:\/\/content.redfoxlotto.com\/uploads\/sites\/9\/1_eurojackpot_buy_ticket.jpg\" alt=\"eurojackpot jegyet v\u00e1s\u00e1rolni\" width=\"229\" height=\"152\" \/><\/p>\r\n<p>Ha m\u00e1r minden sz\u00e1mot kital\u00e1lt\u00e1l, akkor m\u00e1r csak a fi\u00f3k l\u00e9trehoz\u00e1s\u00e1nak folyamat\u00e1n kell v\u00e9gigmenned. Amikor elkezdi l\u00e9trehozni a fi\u00f3kj\u00e1t, az val\u00f3j\u00e1ban szuper egyszer\u0171, \u00e9s csak n\u00e9h\u00e1ny szem\u00e9lyes adatot kell kit\u00f6ltenie. Ezek az inform\u00e1ci\u00f3k nagyon megk\u00f6nny\u00edtik, hogy p\u00e9nzt tegy\u00e9l a sz\u00e1ml\u00e1dra, amivel fizethetsz a szelv\u00e9nyeid\u00e9rt, \u00e9s nagyon megk\u00f6nny\u00edtik azt is, hogy p\u00e9nzt vegy\u00e9l ki a sz\u00e1ml\u00e1dr\u00f3l, ha nyersz. Ez is szuper egyszer\u0171 \u00e9s k\u00f6nny\u0171.<\/p>\r\n<p>Amikor k\u00e9szen \u00e1llsz arra, hogy kiv\u00e1laszd a szelv\u00e9nyeidet, csak vissza kell jelentkezned a fi\u00f3kodba, \u00e9s m\u00e1ris kiv\u00e1laszthatod a k\u00edv\u00e1nt szelv\u00e9nyeket. Ha gyorsan szeretn\u00e9l v\u00e1lasztani, m\u00e9g egyszer\u0171bb, \u00e9s ak\u00e1r be is \u00e1ll\u00edthatod, hogy t\u00f6bb sorsol\u00e1sra is k\u00e9szen \u00e1lljanak a szelv\u00e9nyeid. Ez azt jelenti, hogy nem kell agg\u00f3dnia amiatt, hogy a k\u00f6vetkez\u0151 sorsol\u00e1sra tov\u00e1bbi szelv\u00e9nyeket v\u00e1s\u00e1roljon. Csak megtartja ugyanazt a szelv\u00e9nyt, \u00e9s m\u00e1ris k\u00e9szen \u00e1ll.<br \/><br \/><\/p>","protected":false},"excerpt":{"rendered":"<p>Az Eurojackpot 2012 \u00f3ta l\u00e9tezik, \u00e9s az\u00f3ta csak tov\u00e1bb n\u0151tt a n\u00e9pszer\u0171s\u00e9ge. Ennek egyik oka az, hogy hat\u00e1rozottan elkezdett valamennyit nyerni, amikor a jackpotokr\u00f3l van sz\u00f3, \u00e9s val\u00f3ban tisztess\u00e9ges \u00f6sszeget lehet nyerni (err\u0151l azonban k\u00e9s\u0151bb m\u00e9g besz\u00e9l\u00fcnk). A szelv\u00e9nyeket 17 r\u00e9szt vev\u0151 eur\u00f3pai orsz\u00e1gban lehet megv\u00e1s\u00e1rolni, ami igaz\u00e1n nagyszer\u0171v\u00e9 teszi a j\u00e1t\u00e9kot azok sz\u00e1m\u00e1ra, akik [&hellip;]<\/p>\n","protected":false},"author":1,"featured_media":0,"parent":55209,"menu_order":4,"comment_status":"closed","ping_status":"closed","template":"eurojackpot-info.php","meta":{"_et_pb_use_builder":"","_et_pb_old_content":"","_et_gb_content_width":"","exclude_from_search":false,"footnotes":""},"class_list":["post-55213","page","type-page","status-publish","hentry"],"yoast_head":"<!-- This site is optimized with the Yoast SEO plugin v23.8 - https:\/\/yoast.com\/wordpress\/plugins\/seo\/ -->\n<title>A magyarorsz\u00e1gi lakosok m\u00e1r online is v\u00e1s\u00e1rolhatnak szelv\u00e9nyeket az Eurojackpotra<\/title>\n<meta name=\"description\" content=\"Eurojackpot jegyek online v\u00e1s\u00e1rl\u00e1sa, ha Magyarorsz\u00e1gon \u00e9l. Haszn\u00e1lja szolg\u00e1ltat\u00e1sunkat, hogy es\u00e9lyt kapjon a nyer\u00e9sre, egy hivatalos Eurojackpot szelv\u00e9nnyel..\" \/>\n<meta name=\"robots\" content=\"index, follow, max-snippet:-1, max-image-preview:large, max-video-preview:-1\" \/>\n<link rel=\"canonical\" href=\"https:\/\/redfoxlotto.com\/hu\/lottojatekok\/eurojackpot\/\" \/>\n<meta property=\"og:locale\" content=\"hu_HU\" \/>\n<meta property=\"og:type\" content=\"article\" \/>\n<meta property=\"og:title\" content=\"A magyarorsz\u00e1gi lakosok m\u00e1r online is v\u00e1s\u00e1rolhatnak szelv\u00e9nyeket az Eurojackpotra\" \/>\n<meta property=\"og:description\" content=\"Eurojackpot jegyek online v\u00e1s\u00e1rl\u00e1sa, ha Magyarorsz\u00e1gon \u00e9l. Haszn\u00e1lja szolg\u00e1ltat\u00e1sunkat, hogy es\u00e9lyt kapjon a nyer\u00e9sre, egy hivatalos Eurojackpot szelv\u00e9nnyel..\" \/>\n<meta property=\"og:url\" content=\"https:\/\/redfoxlotto.com\/hu\/lottojatekok\/eurojackpot\/\" \/>\n<meta property=\"og:site_name\" content=\"Get Tickets for the World\u2019s largest jackpots\" \/>\n<meta property=\"article:modified_time\" content=\"2025-12-18T13:47:32+00:00\" \/>\n<meta property=\"og:image\" content=\"https:\/\/content.redfoxlotto.com\/uploads\/sites\/9\/1_ticket_eurojackpot2.jpg\" \/>\n<meta name=\"twitter:card\" content=\"summary_large_image\" \/>\n<meta name=\"twitter:label1\" content=\"Becs\u00fclt olvas\u00e1si id\u0151\" \/>\n\t<meta name=\"twitter:data1\" content=\"4 perc\" \/>\n<script type=\"application\/ld+json\" class=\"yoast-schema-graph\">{\"@context\":\"https:\/\/schema.org\",\"@graph\":[{\"@type\":\"WebPage\",\"@id\":\"https:\/\/redfoxlotto.com\/hu\/lottojatekok\/eurojackpot\/\",\"url\":\"https:\/\/redfoxlotto.com\/hu\/lottojatekok\/eurojackpot\/\",\"name\":\"A magyarorsz\u00e1gi lakosok m\u00e1r online is v\u00e1s\u00e1rolhatnak szelv\u00e9nyeket az Eurojackpotra\",\"isPartOf\":{\"@id\":\"https:\/\/redfoxlotto.com\/hu\/#website\"},\"primaryImageOfPage\":{\"@id\":\"https:\/\/redfoxlotto.com\/hu\/lottojatekok\/eurojackpot\/#primaryimage\"},\"image\":{\"@id\":\"https:\/\/redfoxlotto.com\/hu\/lottojatekok\/eurojackpot\/#primaryimage\"},\"thumbnailUrl\":\"https:\/\/content.redfoxlotto.com\/uploads\/sites\/9\/1_ticket_eurojackpot2.jpg\",\"datePublished\":\"2018-11-18T08:54:25+00:00\",\"dateModified\":\"2025-12-18T13:47:32+00:00\",\"description\":\"Eurojackpot jegyek online v\u00e1s\u00e1rl\u00e1sa, ha Magyarorsz\u00e1gon \u00e9l. Haszn\u00e1lja szolg\u00e1ltat\u00e1sunkat, hogy es\u00e9lyt kapjon a nyer\u00e9sre, egy hivatalos Eurojackpot szelv\u00e9nnyel..\",\"breadcrumb\":{\"@id\":\"https:\/\/redfoxlotto.com\/hu\/lottojatekok\/eurojackpot\/#breadcrumb\"},\"inLanguage\":\"hu\",\"potentialAction\":[{\"@type\":\"ReadAction\",\"target\":[\"https:\/\/redfoxlotto.com\/hu\/lottojatekok\/eurojackpot\/\"]}]},{\"@type\":\"ImageObject\",\"inLanguage\":\"hu\",\"@id\":\"https:\/\/redfoxlotto.com\/hu\/lottojatekok\/eurojackpot\/#primaryimage\",\"url\":\"https:\/\/content.redfoxlotto.com\/uploads\/sites\/9\/1_ticket_eurojackpot2.jpg\",\"contentUrl\":\"https:\/\/content.redfoxlotto.com\/uploads\/sites\/9\/1_ticket_eurojackpot2.jpg\"},{\"@type\":\"BreadcrumbList\",\"@id\":\"https:\/\/redfoxlotto.com\/hu\/lottojatekok\/eurojackpot\/#breadcrumb\",\"itemListElement\":[{\"@type\":\"ListItem\",\"position\":1,\"name\":\"Home\",\"item\":\"https:\/\/redfoxlotto.com\/hu\/\"},{\"@type\":\"ListItem\",\"position\":2,\"name\":\"Lott\u00f3j\u00e1t\u00e9kok Online &#8211; lott\u00f3 nyerem\u00e9nyek \u00e9s online lotto jackpot\",\"item\":\"https:\/\/redfoxlotto.com\/hu\/lottojatekok\/\"},{\"@type\":\"ListItem\",\"position\":3,\"name\":\"Az Eurojackpotr\u00f3l\"}]},{\"@type\":\"WebSite\",\"@id\":\"https:\/\/redfoxlotto.com\/hu\/#website\",\"url\":\"https:\/\/redfoxlotto.com\/hu\/\",\"name\":\"Get Tickets for the World\u2019s largest jackpots\",\"description\":\"Participate in worldwide lottery jackpots from any country\",\"publisher\":{\"@id\":\"https:\/\/redfoxlotto.com\/hu\/#organization\"},\"potentialAction\":[{\"@type\":\"SearchAction\",\"target\":{\"@type\":\"EntryPoint\",\"urlTemplate\":\"https:\/\/redfoxlotto.com\/hu\/?s={search_term_string}\"},\"query-input\":{\"@type\":\"PropertyValueSpecification\",\"valueRequired\":true,\"valueName\":\"search_term_string\"}}],\"inLanguage\":\"hu\"},{\"@type\":\"Organization\",\"@id\":\"https:\/\/redfoxlotto.com\/hu\/#organization\",\"name\":\"Get Tickets for the World\u2019s largest jackpots\",\"url\":\"https:\/\/redfoxlotto.com\/hu\/\",\"logo\":{\"@type\":\"ImageObject\",\"inLanguage\":\"hu\",\"@id\":\"https:\/\/redfoxlotto.com\/hu\/#\/schema\/logo\/image\/\",\"url\":\"https:\/\/redfoxlotto.com\/wp-content\/uploads\/2023\/04\/logo.png\",\"contentUrl\":\"https:\/\/redfoxlotto.com\/wp-content\/uploads\/2023\/04\/logo.png\",\"width\":269,\"height\":53,\"caption\":\"Get Tickets for the World\u2019s largest jackpots\"},\"image\":{\"@id\":\"https:\/\/redfoxlotto.com\/hu\/#\/schema\/logo\/image\/\"}}]}<\/script>\n<!-- \/ Yoast SEO plugin. -->","yoast_head_json":{"title":"A magyarorsz\u00e1gi lakosok m\u00e1r online is v\u00e1s\u00e1rolhatnak szelv\u00e9nyeket az Eurojackpotra","description":"Eurojackpot jegyek online v\u00e1s\u00e1rl\u00e1sa, ha Magyarorsz\u00e1gon \u00e9l. Haszn\u00e1lja szolg\u00e1ltat\u00e1sunkat, hogy es\u00e9lyt kapjon a nyer\u00e9sre, egy hivatalos Eurojackpot szelv\u00e9nnyel..","robots":{"index":"index","follow":"follow","max-snippet":"max-snippet:-1","max-image-preview":"max-image-preview:large","max-video-preview":"max-video-preview:-1"},"canonical":"https:\/\/redfoxlotto.com\/hu\/lottojatekok\/eurojackpot\/","og_locale":"hu_HU","og_type":"article","og_title":"A magyarorsz\u00e1gi lakosok m\u00e1r online is v\u00e1s\u00e1rolhatnak szelv\u00e9nyeket az Eurojackpotra","og_description":"Eurojackpot jegyek online v\u00e1s\u00e1rl\u00e1sa, ha Magyarorsz\u00e1gon \u00e9l. Haszn\u00e1lja szolg\u00e1ltat\u00e1sunkat, hogy es\u00e9lyt kapjon a nyer\u00e9sre, egy hivatalos Eurojackpot szelv\u00e9nnyel..","og_url":"https:\/\/redfoxlotto.com\/hu\/lottojatekok\/eurojackpot\/","og_site_name":"Get Tickets for the World\u2019s largest jackpots","article_modified_time":"2025-12-18T13:47:32+00:00","og_image":[{"url":"https:\/\/content.redfoxlotto.com\/uploads\/sites\/9\/1_ticket_eurojackpot2.jpg"}],"twitter_card":"summary_large_image","twitter_misc":{"Becs\u00fclt olvas\u00e1si id\u0151":"4 perc"},"schema":{"@context":"https:\/\/schema.org","@graph":[{"@type":"WebPage","@id":"https:\/\/redfoxlotto.com\/hu\/lottojatekok\/eurojackpot\/","url":"https:\/\/redfoxlotto.com\/hu\/lottojatekok\/eurojackpot\/","name":"A magyarorsz\u00e1gi lakosok m\u00e1r online is v\u00e1s\u00e1rolhatnak szelv\u00e9nyeket az Eurojackpotra","isPartOf":{"@id":"https:\/\/redfoxlotto.com\/hu\/#website"},"primaryImageOfPage":{"@id":"https:\/\/redfoxlotto.com\/hu\/lottojatekok\/eurojackpot\/#primaryimage"},"image":{"@id":"https:\/\/redfoxlotto.com\/hu\/lottojatekok\/eurojackpot\/#primaryimage"},"thumbnailUrl":"https:\/\/content.redfoxlotto.com\/uploads\/sites\/9\/1_ticket_eurojackpot2.jpg","datePublished":"2018-11-18T08:54:25+00:00","dateModified":"2025-12-18T13:47:32+00:00","description":"Eurojackpot jegyek online v\u00e1s\u00e1rl\u00e1sa, ha Magyarorsz\u00e1gon \u00e9l. Haszn\u00e1lja szolg\u00e1ltat\u00e1sunkat, hogy es\u00e9lyt kapjon a nyer\u00e9sre, egy hivatalos Eurojackpot szelv\u00e9nnyel..","breadcrumb":{"@id":"https:\/\/redfoxlotto.com\/hu\/lottojatekok\/eurojackpot\/#breadcrumb"},"inLanguage":"hu","potentialAction":[{"@type":"ReadAction","target":["https:\/\/redfoxlotto.com\/hu\/lottojatekok\/eurojackpot\/"]}]},{"@type":"ImageObject","inLanguage":"hu","@id":"https:\/\/redfoxlotto.com\/hu\/lottojatekok\/eurojackpot\/#primaryimage","url":"https:\/\/content.redfoxlotto.com\/uploads\/sites\/9\/1_ticket_eurojackpot2.jpg","contentUrl":"https:\/\/content.redfoxlotto.com\/uploads\/sites\/9\/1_ticket_eurojackpot2.jpg"},{"@type":"BreadcrumbList","@id":"https:\/\/redfoxlotto.com\/hu\/lottojatekok\/eurojackpot\/#breadcrumb","itemListElement":[{"@type":"ListItem","position":1,"name":"Home","item":"https:\/\/redfoxlotto.com\/hu\/"},{"@type":"ListItem","position":2,"name":"Lott\u00f3j\u00e1t\u00e9kok Online &#8211; lott\u00f3 nyerem\u00e9nyek \u00e9s online lotto jackpot","item":"https:\/\/redfoxlotto.com\/hu\/lottojatekok\/"},{"@type":"ListItem","position":3,"name":"Az Eurojackpotr\u00f3l"}]},{"@type":"WebSite","@id":"https:\/\/redfoxlotto.com\/hu\/#website","url":"https:\/\/redfoxlotto.com\/hu\/","name":"Get Tickets for the World\u2019s largest jackpots","description":"Participate in worldwide lottery jackpots from any country","publisher":{"@id":"https:\/\/redfoxlotto.com\/hu\/#organization"},"potentialAction":[{"@type":"SearchAction","target":{"@type":"EntryPoint","urlTemplate":"https:\/\/redfoxlotto.com\/hu\/?s={search_term_string}"},"query-input":{"@type":"PropertyValueSpecification","valueRequired":true,"valueName":"search_term_string"}}],"inLanguage":"hu"},{"@type":"Organization","@id":"https:\/\/redfoxlotto.com\/hu\/#organization","name":"Get Tickets for the World\u2019s largest jackpots","url":"https:\/\/redfoxlotto.com\/hu\/","logo":{"@type":"ImageObject","inLanguage":"hu","@id":"https:\/\/redfoxlotto.com\/hu\/#\/schema\/logo\/image\/","url":"https:\/\/redfoxlotto.com\/wp-content\/uploads\/2023\/04\/logo.png","contentUrl":"https:\/\/redfoxlotto.com\/wp-content\/uploads\/2023\/04\/logo.png","width":269,"height":53,"caption":"Get Tickets for the World\u2019s largest jackpots"},"image":{"@id":"https:\/\/redfoxlotto.com\/hu\/#\/schema\/logo\/image\/"}}]}},"_links":{"self":[{"href":"https:\/\/redfoxlotto.com\/hu\/wp-json\/wp\/v2\/pages\/55213","targetHints":{"allow":["GET"]}}],"collection":[{"href":"https:\/\/redfoxlotto.com\/hu\/wp-json\/wp\/v2\/pages"}],"about":[{"href":"https:\/\/redfoxlotto.com\/hu\/wp-json\/wp\/v2\/types\/page"}],"author":[{"embeddable":true,"href":"https:\/\/redfoxlotto.com\/hu\/wp-json\/wp\/v2\/users\/1"}],"replies":[{"embeddable":true,"href":"https:\/\/redfoxlotto.com\/hu\/wp-json\/wp\/v2\/comments?post=55213"}],"version-history":[{"count":0,"href":"https:\/\/redfoxlotto.com\/hu\/wp-json\/wp\/v2\/pages\/55213\/revisions"}],"up":[{"embeddable":true,"href":"https:\/\/redfoxlotto.com\/hu\/wp-json\/wp\/v2\/pages\/55209"}],"wp:attachment":[{"href":"https:\/\/redfoxlotto.com\/hu\/wp-json\/wp\/v2\/media?parent=55213"}],"curies":[{"name":"wp","href":"https:\/\/api.w.org\/{rel}","templated":true}]}}