{"id":55212,"date":"2018-11-18T08:54:25","date_gmt":"2018-11-18T08:54:25","guid":{"rendered":"https:\/\/redfoxlotto.com\/?page_id=21544"},"modified":"2023-03-13T17:37:23","modified_gmt":"2023-03-13T17:37:23","slug":"el-gordo-primitiva","status":"publish","type":"page","link":"https:\/\/redfoxlotto.com\/hu\/lottojatekok\/el-gordo-primitiva\/","title":{"rendered":"Inform\u00e1ci\u00f3k az El Gordo-r\u00f3l"},"content":{"rendered":"<p>A spanyol kar\u00e1csonyi lott\u00f3 vagy Loteria de Navidad, ahogyan szeretettel h\u00edvj\u00e1k, az egyik legr\u00e9gebbi lott\u00f3 a vil\u00e1gon, mivel 1812 \u00f3ta l\u00e9tezik, \u00e9s a mai napig minden \u00e9vben megrendezik. A Loteria de Navidad a m\u00e1sodik leghosszabb ideje folyamatosan m\u0171k\u00f6d\u0151 lott\u00f3 a vil\u00e1gon, mivel m\u00e9g a spanyolorsz\u00e1gi polg\u00e1rh\u00e1bor\u00fa idej\u00e9n is fennmaradt.<\/p><p>A nem spanyolul besz\u00e9l\u0151 orsz\u00e1gok gyakran felt\u00e9telezik, hogy az El Gordo a lott\u00f3 neve, val\u00f3j\u00e1ban azonban az El Gordo csak a jackpotnyerem\u00e9nyre vagy sz\u00f3 szerint a nagy nyerem\u00e9nyre utal.<\/p><h2 class=\"wp-block-heading\">El Gordo heti sorsol\u00e1s<\/h2><p>Az El Gordo heti sorsol\u00e1st is tartanak, amelyre itt a RedFoxLott\u00f3n\u00e1l v\u00e1s\u00e1rolhat szelv\u00e9nyeket.<\/p><h2 class=\"wp-block-heading\">Az El Gordo kar\u00e1csonyi kiad\u00e1sa<\/h2><p><img loading=\"lazy\" decoding=\"async\" class=\" wp-image alignright\" src=\"https:\/\/content.redfoxlotto.com\/uploads\/sites\/9\/1_buy_ticket_lotto_online.jpg\" alt=\"online v\u00e1s\u00e1rolni El Gord\" width=\"242\" height=\"161\"><\/p><p>A spanyol kar\u00e1csonyi lott\u00f3 a vil\u00e1g egyik legnagyobb lott\u00f3nyerem\u00e9ny\u00e9t k\u00edn\u00e1lja, hiszen a j\u00e1t\u00e9kosok ak\u00e1r 2,5 milli\u00e1rd eur\u00f3s nyerem\u00e9nyre is es\u00e9lyesek, m\u00edg a jackpot nyerem\u00e9ny vagy az El Gordo 4 milli\u00f3 eur\u00f3, a sorsol\u00e1sra minden \u00e9vben egyszer ker\u00fcl sor kar\u00e1csony napj\u00e1hoz k\u00f6zel, hiszen minden december 22-\u00e9n tartj\u00e1k.<\/p><p>A spanyol kar\u00e1csonyi lott\u00f3n val\u00f3 r\u00e9szv\u00e9telhez legal\u00e1bb 18 \u00e9vesnek kell lennie, \u00e9s a szelv\u00e9nyeken m\u00e1r 5 sz\u00e1msorozat van felt\u00fcntetve, \u00edgy a sorsol\u00e1skor a kih\u00fazott nyer\u0151sz\u00e1mokat tartalmaz\u00f3 szelv\u00e9nyek jogosultak a lott\u00f3nyerem\u00e9nyre. &#8222;El mayor premio es compartilo&#8221; &#8211; ez a spanyol kar\u00e1csonyi lott\u00f3hoz kapcsol\u00f3d\u00f3 szlogen, amelynek angol ford\u00edt\u00e1sa &#8222;a legnagyobb nyerem\u00e9ny a megoszt\u00e1s&#8221;, \u00e9s ez teszi k\u00fcl\u00f6nlegess\u00e9 a lott\u00f3t. A szelv\u00e9nysorozatok gyakran ugyanazokat a sz\u00e1mokat tartalmazz\u00e1k, \u00edgy ha az a sz\u00e1m nyer, akkor a nyerem\u00e9nyt megosztj\u00e1k mindazok k\u00f6z\u00f6tt, akiknek ez a sz\u00e1m van. A sorsol\u00e1s sor\u00e1n egy 5 sz\u00e1mjegy\u0171 sz\u00e1mot tartalmaz\u00f3 goly\u00f3t h\u00faznak ki a t\u00f6bbi sz\u00e1m k\u00f6z\u00fcl, \u00e9s minden egyes nyertes sz\u00e1mhoz hozz\u00e1rendelik a nyerem\u00e9nyt.<\/p><p><img decoding=\"async\" class=\" wp-image alignright\" src=\"https:\/\/content.redfoxlotto.com\/uploads\/sites\/9\/2_ticket_el_gordo.jpg\" alt=\"El Gordo jegy\"><\/p><p>A spanyol kar\u00e1csonyi lott\u00f3 m\u00e1r ink\u00e1bb hagyom\u00e1ny a spanyol emberek sz\u00e1m\u00e1ra, mivel minden kar\u00e1csonyi id\u0151szakban a lott\u00f3 boldogs\u00e1got hoz a spanyol emberek sz\u00e1m\u00e1ra, mivel mindannyian arra sz\u00e1m\u00edtanak, hogy a h\u00edres Loteria de Navidad nyertesei lesznek. Az El Gordo nyer\u00e9si es\u00e9lye m\u00e1s lott\u00f3j\u00e1t\u00e9kokhoz k\u00e9pest val\u00f3ban magas, mivel mind\u00f6ssze 1 a 100 000-hez.<\/p>","protected":false},"excerpt":{"rendered":"<p>A spanyol kar\u00e1csonyi lott\u00f3 vagy Loteria de Navidad, ahogyan szeretettel h\u00edvj\u00e1k, az egyik legr\u00e9gebbi lott\u00f3 a vil\u00e1gon, mivel 1812 \u00f3ta l\u00e9tezik, \u00e9s a mai napig minden \u00e9vben megrendezik. A Loteria de Navidad a m\u00e1sodik leghosszabb ideje folyamatosan m\u0171k\u00f6d\u0151 lott\u00f3 a vil\u00e1gon, mivel m\u00e9g a spanyolorsz\u00e1gi polg\u00e1rh\u00e1bor\u00fa idej\u00e9n is fennmaradt. A nem spanyolul besz\u00e9l\u0151 orsz\u00e1gok gyakran [&hellip;]<\/p>\n","protected":false},"author":1,"featured_media":0,"parent":55209,"menu_order":6,"comment_status":"closed","ping_status":"closed","template":"el-gordo-info.php","meta":{"_et_pb_use_builder":"","_et_pb_old_content":"","_et_gb_content_width":"","exclude_from_search":false,"footnotes":""},"class_list":["post-55212","page","type-page","status-publish","hentry"],"yoast_head":"<!-- This site is optimized with the Yoast SEO plugin v23.8 - https:\/\/yoast.com\/wordpress\/plugins\/seo\/ -->\n<title>Spanyol kar\u00e1csonyi lott\u00f3 El Gordo | El Gordo online szelv\u00e9ny v\u00e1s\u00e1rl\u00e1sa<\/title>\n<meta name=\"description\" content=\"N\u00e9zze meg ezt az inform\u00e1ci\u00f3t az El Gordo Loteria de Navidadr\u00f3l, a spanyol kar\u00e1csonyi lott\u00f3r\u00f3l.\" \/>\n<meta name=\"robots\" content=\"index, follow, max-snippet:-1, max-image-preview:large, max-video-preview:-1\" \/>\n<link rel=\"canonical\" href=\"https:\/\/redfoxlotto.com\/hu\/lottojatekok\/el-gordo-primitiva\/\" \/>\n<meta property=\"og:locale\" content=\"hu_HU\" \/>\n<meta property=\"og:type\" content=\"article\" \/>\n<meta property=\"og:title\" content=\"Spanyol kar\u00e1csonyi lott\u00f3 El Gordo | El Gordo online szelv\u00e9ny v\u00e1s\u00e1rl\u00e1sa\" \/>\n<meta property=\"og:description\" content=\"N\u00e9zze meg ezt az inform\u00e1ci\u00f3t az El Gordo Loteria de Navidadr\u00f3l, a spanyol kar\u00e1csonyi lott\u00f3r\u00f3l.\" \/>\n<meta property=\"og:url\" content=\"https:\/\/redfoxlotto.com\/hu\/lottojatekok\/el-gordo-primitiva\/\" \/>\n<meta property=\"og:site_name\" content=\"Get Tickets for the World\u2019s largest jackpots\" \/>\n<meta property=\"article:modified_time\" content=\"2023-03-13T17:37:23+00:00\" \/>\n<meta property=\"og:image\" content=\"https:\/\/content.redfoxlotto.com\/uploads\/sites\/9\/1_buy_ticket_lotto_online.jpg\" \/>\n<meta name=\"twitter:card\" content=\"summary_large_image\" \/>\n<meta name=\"twitter:label1\" content=\"Becs\u00fclt olvas\u00e1si id\u0151\" \/>\n\t<meta name=\"twitter:data1\" content=\"3 perc\" \/>\n<script type=\"application\/ld+json\" class=\"yoast-schema-graph\">{\"@context\":\"https:\/\/schema.org\",\"@graph\":[{\"@type\":\"WebPage\",\"@id\":\"https:\/\/redfoxlotto.com\/hu\/lottojatekok\/el-gordo-primitiva\/\",\"url\":\"https:\/\/redfoxlotto.com\/hu\/lottojatekok\/el-gordo-primitiva\/\",\"name\":\"Spanyol kar\u00e1csonyi lott\u00f3 El Gordo | El Gordo online szelv\u00e9ny v\u00e1s\u00e1rl\u00e1sa\",\"isPartOf\":{\"@id\":\"https:\/\/redfoxlotto.com\/hu\/#website\"},\"primaryImageOfPage\":{\"@id\":\"https:\/\/redfoxlotto.com\/hu\/lottojatekok\/el-gordo-primitiva\/#primaryimage\"},\"image\":{\"@id\":\"https:\/\/redfoxlotto.com\/hu\/lottojatekok\/el-gordo-primitiva\/#primaryimage\"},\"thumbnailUrl\":\"https:\/\/content.redfoxlotto.com\/uploads\/sites\/9\/1_buy_ticket_lotto_online.jpg\",\"datePublished\":\"2018-11-18T08:54:25+00:00\",\"dateModified\":\"2023-03-13T17:37:23+00:00\",\"description\":\"N\u00e9zze meg ezt az inform\u00e1ci\u00f3t az El Gordo Loteria de Navidadr\u00f3l, a spanyol kar\u00e1csonyi lott\u00f3r\u00f3l.\",\"breadcrumb\":{\"@id\":\"https:\/\/redfoxlotto.com\/hu\/lottojatekok\/el-gordo-primitiva\/#breadcrumb\"},\"inLanguage\":\"hu\",\"potentialAction\":[{\"@type\":\"ReadAction\",\"target\":[\"https:\/\/redfoxlotto.com\/hu\/lottojatekok\/el-gordo-primitiva\/\"]}]},{\"@type\":\"ImageObject\",\"inLanguage\":\"hu\",\"@id\":\"https:\/\/redfoxlotto.com\/hu\/lottojatekok\/el-gordo-primitiva\/#primaryimage\",\"url\":\"https:\/\/content.redfoxlotto.com\/uploads\/sites\/9\/1_buy_ticket_lotto_online.jpg\",\"contentUrl\":\"https:\/\/content.redfoxlotto.com\/uploads\/sites\/9\/1_buy_ticket_lotto_online.jpg\"},{\"@type\":\"BreadcrumbList\",\"@id\":\"https:\/\/redfoxlotto.com\/hu\/lottojatekok\/el-gordo-primitiva\/#breadcrumb\",\"itemListElement\":[{\"@type\":\"ListItem\",\"position\":1,\"name\":\"Home\",\"item\":\"https:\/\/redfoxlotto.com\/hu\/\"},{\"@type\":\"ListItem\",\"position\":2,\"name\":\"Lott\u00f3j\u00e1t\u00e9kok Online &#8211; lott\u00f3 nyerem\u00e9nyek \u00e9s online lotto jackpot\",\"item\":\"https:\/\/redfoxlotto.com\/hu\/lottojatekok\/\"},{\"@type\":\"ListItem\",\"position\":3,\"name\":\"Inform\u00e1ci\u00f3k az El Gordo-r\u00f3l\"}]},{\"@type\":\"WebSite\",\"@id\":\"https:\/\/redfoxlotto.com\/hu\/#website\",\"url\":\"https:\/\/redfoxlotto.com\/hu\/\",\"name\":\"Get Tickets for the World\u2019s largest jackpots\",\"description\":\"Participate in worldwide lottery jackpots from any country\",\"publisher\":{\"@id\":\"https:\/\/redfoxlotto.com\/hu\/#organization\"},\"potentialAction\":[{\"@type\":\"SearchAction\",\"target\":{\"@type\":\"EntryPoint\",\"urlTemplate\":\"https:\/\/redfoxlotto.com\/hu\/?s={search_term_string}\"},\"query-input\":{\"@type\":\"PropertyValueSpecification\",\"valueRequired\":true,\"valueName\":\"search_term_string\"}}],\"inLanguage\":\"hu\"},{\"@type\":\"Organization\",\"@id\":\"https:\/\/redfoxlotto.com\/hu\/#organization\",\"name\":\"Get Tickets for the World\u2019s largest jackpots\",\"url\":\"https:\/\/redfoxlotto.com\/hu\/\",\"logo\":{\"@type\":\"ImageObject\",\"inLanguage\":\"hu\",\"@id\":\"https:\/\/redfoxlotto.com\/hu\/#\/schema\/logo\/image\/\",\"url\":\"https:\/\/redfoxlotto.com\/wp-content\/uploads\/2023\/04\/logo.png\",\"contentUrl\":\"https:\/\/redfoxlotto.com\/wp-content\/uploads\/2023\/04\/logo.png\",\"width\":269,\"height\":53,\"caption\":\"Get Tickets for the World\u2019s largest jackpots\"},\"image\":{\"@id\":\"https:\/\/redfoxlotto.com\/hu\/#\/schema\/logo\/image\/\"}}]}<\/script>\n<!-- \/ Yoast SEO plugin. -->","yoast_head_json":{"title":"Spanyol kar\u00e1csonyi lott\u00f3 El Gordo | El Gordo online szelv\u00e9ny v\u00e1s\u00e1rl\u00e1sa","description":"N\u00e9zze meg ezt az inform\u00e1ci\u00f3t az El Gordo Loteria de Navidadr\u00f3l, a spanyol kar\u00e1csonyi lott\u00f3r\u00f3l.","robots":{"index":"index","follow":"follow","max-snippet":"max-snippet:-1","max-image-preview":"max-image-preview:large","max-video-preview":"max-video-preview:-1"},"canonical":"https:\/\/redfoxlotto.com\/hu\/lottojatekok\/el-gordo-primitiva\/","og_locale":"hu_HU","og_type":"article","og_title":"Spanyol kar\u00e1csonyi lott\u00f3 El Gordo | El Gordo online szelv\u00e9ny v\u00e1s\u00e1rl\u00e1sa","og_description":"N\u00e9zze meg ezt az inform\u00e1ci\u00f3t az El Gordo Loteria de Navidadr\u00f3l, a spanyol kar\u00e1csonyi lott\u00f3r\u00f3l.","og_url":"https:\/\/redfoxlotto.com\/hu\/lottojatekok\/el-gordo-primitiva\/","og_site_name":"Get Tickets for the World\u2019s largest jackpots","article_modified_time":"2023-03-13T17:37:23+00:00","og_image":[{"url":"https:\/\/content.redfoxlotto.com\/uploads\/sites\/9\/1_buy_ticket_lotto_online.jpg"}],"twitter_card":"summary_large_image","twitter_misc":{"Becs\u00fclt olvas\u00e1si id\u0151":"3 perc"},"schema":{"@context":"https:\/\/schema.org","@graph":[{"@type":"WebPage","@id":"https:\/\/redfoxlotto.com\/hu\/lottojatekok\/el-gordo-primitiva\/","url":"https:\/\/redfoxlotto.com\/hu\/lottojatekok\/el-gordo-primitiva\/","name":"Spanyol kar\u00e1csonyi lott\u00f3 El Gordo | El Gordo online szelv\u00e9ny v\u00e1s\u00e1rl\u00e1sa","isPartOf":{"@id":"https:\/\/redfoxlotto.com\/hu\/#website"},"primaryImageOfPage":{"@id":"https:\/\/redfoxlotto.com\/hu\/lottojatekok\/el-gordo-primitiva\/#primaryimage"},"image":{"@id":"https:\/\/redfoxlotto.com\/hu\/lottojatekok\/el-gordo-primitiva\/#primaryimage"},"thumbnailUrl":"https:\/\/content.redfoxlotto.com\/uploads\/sites\/9\/1_buy_ticket_lotto_online.jpg","datePublished":"2018-11-18T08:54:25+00:00","dateModified":"2023-03-13T17:37:23+00:00","description":"N\u00e9zze meg ezt az inform\u00e1ci\u00f3t az El Gordo Loteria de Navidadr\u00f3l, a spanyol kar\u00e1csonyi lott\u00f3r\u00f3l.","breadcrumb":{"@id":"https:\/\/redfoxlotto.com\/hu\/lottojatekok\/el-gordo-primitiva\/#breadcrumb"},"inLanguage":"hu","potentialAction":[{"@type":"ReadAction","target":["https:\/\/redfoxlotto.com\/hu\/lottojatekok\/el-gordo-primitiva\/"]}]},{"@type":"ImageObject","inLanguage":"hu","@id":"https:\/\/redfoxlotto.com\/hu\/lottojatekok\/el-gordo-primitiva\/#primaryimage","url":"https:\/\/content.redfoxlotto.com\/uploads\/sites\/9\/1_buy_ticket_lotto_online.jpg","contentUrl":"https:\/\/content.redfoxlotto.com\/uploads\/sites\/9\/1_buy_ticket_lotto_online.jpg"},{"@type":"BreadcrumbList","@id":"https:\/\/redfoxlotto.com\/hu\/lottojatekok\/el-gordo-primitiva\/#breadcrumb","itemListElement":[{"@type":"ListItem","position":1,"name":"Home","item":"https:\/\/redfoxlotto.com\/hu\/"},{"@type":"ListItem","position":2,"name":"Lott\u00f3j\u00e1t\u00e9kok Online &#8211; lott\u00f3 nyerem\u00e9nyek \u00e9s online lotto jackpot","item":"https:\/\/redfoxlotto.com\/hu\/lottojatekok\/"},{"@type":"ListItem","position":3,"name":"Inform\u00e1ci\u00f3k az El Gordo-r\u00f3l"}]},{"@type":"WebSite","@id":"https:\/\/redfoxlotto.com\/hu\/#website","url":"https:\/\/redfoxlotto.com\/hu\/","name":"Get Tickets for the World\u2019s largest jackpots","description":"Participate in worldwide lottery jackpots from any country","publisher":{"@id":"https:\/\/redfoxlotto.com\/hu\/#organization"},"potentialAction":[{"@type":"SearchAction","target":{"@type":"EntryPoint","urlTemplate":"https:\/\/redfoxlotto.com\/hu\/?s={search_term_string}"},"query-input":{"@type":"PropertyValueSpecification","valueRequired":true,"valueName":"search_term_string"}}],"inLanguage":"hu"},{"@type":"Organization","@id":"https:\/\/redfoxlotto.com\/hu\/#organization","name":"Get Tickets for the World\u2019s largest jackpots","url":"https:\/\/redfoxlotto.com\/hu\/","logo":{"@type":"ImageObject","inLanguage":"hu","@id":"https:\/\/redfoxlotto.com\/hu\/#\/schema\/logo\/image\/","url":"https:\/\/redfoxlotto.com\/wp-content\/uploads\/2023\/04\/logo.png","contentUrl":"https:\/\/redfoxlotto.com\/wp-content\/uploads\/2023\/04\/logo.png","width":269,"height":53,"caption":"Get Tickets for the World\u2019s largest jackpots"},"image":{"@id":"https:\/\/redfoxlotto.com\/hu\/#\/schema\/logo\/image\/"}}]}},"_links":{"self":[{"href":"https:\/\/redfoxlotto.com\/hu\/wp-json\/wp\/v2\/pages\/55212","targetHints":{"allow":["GET"]}}],"collection":[{"href":"https:\/\/redfoxlotto.com\/hu\/wp-json\/wp\/v2\/pages"}],"about":[{"href":"https:\/\/redfoxlotto.com\/hu\/wp-json\/wp\/v2\/types\/page"}],"author":[{"embeddable":true,"href":"https:\/\/redfoxlotto.com\/hu\/wp-json\/wp\/v2\/users\/1"}],"replies":[{"embeddable":true,"href":"https:\/\/redfoxlotto.com\/hu\/wp-json\/wp\/v2\/comments?post=55212"}],"version-history":[{"count":0,"href":"https:\/\/redfoxlotto.com\/hu\/wp-json\/wp\/v2\/pages\/55212\/revisions"}],"up":[{"embeddable":true,"href":"https:\/\/redfoxlotto.com\/hu\/wp-json\/wp\/v2\/pages\/55209"}],"wp:attachment":[{"href":"https:\/\/redfoxlotto.com\/hu\/wp-json\/wp\/v2\/media?parent=55212"}],"curies":[{"name":"wp","href":"https:\/\/api.w.org\/{rel}","templated":true}]}}