{"id":55209,"date":"2023-04-24T14:12:24","date_gmt":"2023-04-24T14:12:24","guid":{"rendered":"https:\/\/redfoxlotto.com\/?page_id=21540"},"modified":"2025-12-18T09:44:07","modified_gmt":"2025-12-18T09:44:07","slug":"lottojatekok","status":"publish","type":"page","link":"https:\/\/redfoxlotto.com\/hu\/lottojatekok\/","title":{"rendered":"Lott\u00f3j\u00e1t\u00e9kok Online &#8211; lott\u00f3 nyerem\u00e9nyek \u00e9s online lotto jackpot"},"content":{"rendered":"<script type=\"application\/ld+json\">\r\n{\r\n  \"@context\": \"https:\/\/schema.org\",\r\n  \"@type\": \"Service\",\r\n  \"name\": \"Lott\u00f3szelv\u00e9nyek online v\u00e1s\u00e1rl\u00e1sa\",\r\n  \"url\": \"https:\/\/redfoxlotto.com\/hu\/lotteries\/\",\r\n  \"description\": \"V\u00e1s\u00e1roljon lott\u00f3szelv\u00e9nyeket online \u2013 a bolyg\u00f3 legjobb lott\u00f3i el\u00e9rhet\u0151k itt.\",\r\n  \"serviceType\": \"Online lott\u00f3szelv\u00e9ny k\u00e9zbes\u00edt\u0151 szolg\u00e1ltat\u00e1s\",\r\n\r\n  \"provider\": {\r\n    \"@type\": \"Organization\",\r\n    \"name\": \"RedFoxLotto\",\r\n    \"url\": \"https:\/\/redfoxlotto.com\/hu\/\",\r\n    \"image\": \"https:\/\/redfoxlotto.com\/wp-content\/uploads\/2025\/12\/ticket_scans.jpg\"\r\n  },\r\n\r\n  \"areaServed\": \"Worldwide\",\r\n  \"termsOfService\": \"https:\/\/redfoxlotto.com\/terms-and-conditions\",\r\n\r\n  \"additionalProperty\": {\r\n    \"@type\": \"PropertyValue\",\r\n    \"name\": \"FAQ\",\r\n    \"value\": \"https:\/\/redfoxlotto.com\/hu\/faq\/\"\r\n  },\r\n\r\n  \"hasOfferCatalog\": {\r\n    \"@type\": \"OfferCatalog\",\r\n    \"name\": \"Vil\u00e1gszerte lott\u00f3szelv\u00e9nyek\",\r\n    \"itemListElement\": [\r\n      {\r\n        \"@type\": \"Offer\",\r\n        \"name\": \"Lott\u00f3szelv\u00e9nyek\",\r\n        \"url\": \"https:\/\/redfoxlotto.com\/hu\/lotteries\/\",\r\n        \"description\": \"A vil\u00e1g \u00f6sszes lott\u00f3szelv\u00e9ny\u00e9nek online v\u00e1s\u00e1rl\u00e1sa biztons\u00e1gos \u00e9s egyszer\u0171 \u2013 \u00edgy m\u0171k\u00f6dik.\",\r\n        \"availability\": \"https:\/\/schema.org\/InStock\",\r\n\r\n        \"itemOffered\": {\r\n          \"@type\": \"Service\",\r\n          \"name\": \"Online lott\u00f3szelv\u00e9nyek\",\r\n          \"description\": \"Vegyen r\u00e9szt a vil\u00e1g legnagyobb jackpot-lott\u00f3in \u2013 v\u00e1s\u00e1rolja meg szelv\u00e9nyeit online a RedFoxLotto-n kereszt\u00fcl.\"\r\n        }\r\n      }\r\n    ]\r\n  },\r\n\r\n  \"mainEntityOfPage\": {\r\n    \"@type\": \"WebPage\",\r\n    \"@id\": \"https:\/\/redfoxlotto.com\/hu\/lotteries\/\"\r\n  }\r\n}\r\n<\/script><p>K\u00e9szen \u00e1ll arra, hogy sorsjegyet v\u00e1s\u00e1roljon a vil\u00e1g b\u00e1rmely pontj\u00e1r\u00f3l? Vagy tal\u00e1n m\u00e9g nem vagy biztos benne, hogy k\u00e9szen \u00e1llsz-e r\u00e1. Tal\u00e1n m\u00e9g nem vagy biztos benne, hogy ez t\u00e9nyleg sz\u00f3rakoztat\u00f3 lesz sz\u00e1modra. Vagy tal\u00e1n nem tudja, milyen lesz a folyamat.<\/p><p>Weboldalunkon online v\u00e1s\u00e1rolhat lott\u00f3szelv\u00e9nyeket a vil\u00e1g legnagyobb lott\u00f3j\u00e1t\u00e9kaira. \u00c9s amikor azt mondjuk, hogy a vil\u00e1g, akkor a t\u00e9nyleges vil\u00e1gra gondolunk, nem csak azokra a szelv\u00e9nyekre, amelyeket a sz\u00fcl\u0151v\u00e1ros\u00e1ban szokott v\u00e1s\u00e1rolni. Sz\u00e1munkra ide tartozik a Mega Millions \u00e9s a Powerball az Egyes\u00fclt \u00c1llamokb\u00f3l, az EuroMillions, az Eurojackpot, az El Gordo \u00e9s a La Primitiva Spanyolorsz\u00e1gb\u00f3l, a SuperEna Olaszorsz\u00e1gb\u00f3l \u00e9s m\u00e9g sok m\u00e1s.<\/p><p>Ami m\u00e9g jobb abban, hogy ezeket a szelv\u00e9nyeket online rendszer\u00fcnkb\u0151l v\u00e1s\u00e1rolhatja meg, az az, hogy mind\u00f6ssze n\u00e9gy egyszer\u0171 l\u00e9p\u00e9sben hozz\u00e1juthat a szelv\u00e9nyeihez. Nem kell agg\u00f3dnia amiatt, hogy egy csom\u00f3 neh\u00e9z munk\u00e1n kell kereszt\u00fclmennie, csak az\u00e9rt, hogy egy teljesen m\u00e1s orsz\u00e1gb\u00f3l sz\u00e1rmaz\u00f3 jegyet szerezzen. Az online v\u00e1s\u00e1rl\u00e1ssal mindez egy szempillant\u00e1s alatt megtehet\u0151.<\/p><h2 class=\"wp-block-heading\">\u00cdgy m\u0171k\u00f6dik az online jegyv\u00e1s\u00e1rl\u00e1s n\u00e9gy egyszer\u0171 l\u00e9p\u00e9sben:<\/h2><ol class=\"wp-block-list\"><li><strong>l\u00e9p\u00e9s &#8211; A lott\u00f3 kiv\u00e1laszt\u00e1sa<\/strong><\/li><\/ol><p>A RedFoxLotto.com oldalon v\u00e1lassza ki azt a lott\u00f3t, amelyre szelv\u00e9nyt szeretne v\u00e1s\u00e1rolni. A honlapunkon az aktu\u00e1lis jackpot \u00f6sszege szerint rendezve l\u00e1thatja a lott\u00f3kat. \u00cdgy eld\u00f6ntheti, hogy melyiket \u00e9rdemes val\u00f3ban megvennie, \u00e9s m\u00e9g a k\u00fcl\u00f6nb\u00f6z\u0151 lott\u00f3kat is megn\u00e9zheti, hogy tov\u00e1bbi inform\u00e1ci\u00f3kat tudjon meg r\u00f3luk.<\/p><p>Ha bel\u00e9psz az egyes oldalakra, l\u00e1thatod, hogy mikor sorsolnak, mennyi a nyerem\u00e9ny, \u00e9s hogy milyen folyamatot jelent a sz\u00e1mok kiv\u00e1laszt\u00e1sa. \u00cdgy sosem fogsz vakon belev\u00e1gni.<\/p><ol class=\"wp-block-list\" start=\"2\"><li><strong>l\u00e9p\u00e9s &#8211; V\u00e1lassza ki a sz\u00e1mokat<\/strong><\/li><\/ol><p>Az eg\u00e9rrel v\u00e1laszd ki a k\u00edv\u00e1nt sz\u00e1mokat. A dobozok megmondj\u00e1k, hogy pontosan h\u00e1ny sz\u00e1mra van sz\u00fcks\u00e9ged, \u00e9s azt is, hogy sz\u00fcks\u00e9ged van-e valamilyen speci\u00e1lis sz\u00e1mra (p\u00e9ld\u00e1ul a Powerball vagy a Mega sz\u00e1mra az \u00e1ltalad megszokott lott\u00f3k eset\u00e9ben). Ha nem akarod magad kiv\u00e1lasztani a sz\u00e1mokat, akkor a &#8222;Quick Pick&#8221; funkci\u00f3t is haszn\u00e1lhatod a v\u00e9letlenszer\u0171 sz\u00e1mok kiv\u00e1laszt\u00e1s\u00e1hoz.<\/p><p>Miut\u00e1n kiv\u00e1lasztotta ezeket a v\u00e9letlen sz\u00e1mokat, m\u00e9g mindig \u00d6n\u00e9 a v\u00e9gs\u0151 sz\u00f3. Ha teh\u00e1t 2 olyan sz\u00e1mot v\u00e1lasztasz, ami nem tetszik, akkor azokat kicser\u00e9lheted m\u00e1sra. Azt is megteheti, hogy el\u0151sz\u00f6r saj\u00e1t sz\u00e1mait adja meg, majd a t\u00f6bbit v\u00e9letlenszer\u0171en v\u00e1lasztja ki.<\/p><p>Nem kell agg\u00f3dnod amiatt, hogy nem v\u00e1lasztott\u00e1l el\u00e9g vagy t\u00fal sok sz\u00e1mot. Ilyen esetben a rendszer figyelmeztetni fog, \u00e9s felsz\u00f3l\u00edtja, hogy adjon hozz\u00e1 vagy t\u00e1vol\u00edtson el sz\u00e1mokat, miel\u0151tt megv\u00e1s\u00e1roln\u00e1 a szelv\u00e9nyeket. Ez t\u00e9nyleg ilyen egyszer\u0171.<\/p><p><img decoding=\"async\" class=\"size-full wp-image alignright\" src=\"https:\/\/content.redfoxlotto.com\/uploads\/sites\/9\/1_lottery_ticket.jpg\" alt=\"hogyan v\u00e1s\u00e1rolhat online lott\u00f3szelv\u00e9nyeket\"><\/p><p>Ezut\u00e1n tov\u00e1bbi szelv\u00e9nyeket v\u00e1s\u00e1rolhat m\u00e1s lott\u00f3j\u00e1t\u00e9kokhoz, \u00e9s hozz\u00e1adhatja \u0151ket a megrendel\u00e9s\u00e9hez. Amikor az \u00f6sszes szelv\u00e9nyt megv\u00e1s\u00e1rolta, kattintson a &#8222;Fizet\u00e9s most&#8221; gombra. A folyamat v\u00e9g\u00e9n t\u00f6bb szelv\u00e9nyt is v\u00e1s\u00e1rolhat egy lott\u00f3b\u00f3l, vagy a kosar\u00e1ban l\u00e9v\u0151 lott\u00f3k b\u00e1rmilyen kombin\u00e1ci\u00f3j\u00e1b\u00f3l sz\u00e1rmaz\u00f3 szelv\u00e9nyeket, \u00e9s az \u00f6sszeset egyszerre, egyetlen megrendel\u00e9ssel fizetheti ki.<\/p><ol class=\"wp-block-list\" start=\"3\"><li><strong>l\u00e9p\u00e9s &#8211; Regisztr\u00e1ci\u00f3 vagy bejelentkez\u00e9s<\/strong><\/li><\/ol><p>Most m\u00e1r regisztr\u00e1lnia kell egy \u00fcgyf\u00e9lsz\u00e1ml\u00e1t n\u00e1lunk, hogy online v\u00e1s\u00e1rolhasson lott\u00f3szelv\u00e9nyeket. Ehhez sz\u00fcks\u00e9g\u00fcnk van n\u00e9h\u00e1ny inform\u00e1ci\u00f3ra \u00d6nt\u0151l. Ez az \u00d6n biztons\u00e1ga \u00e9rdek\u00e9ben t\u00f6rt\u00e9nik, mert szeretn\u00e9, ha nyerem\u00e9ny eset\u00e9n \u00e9rtes\u00edt\u00e9st kapna. Ha m\u00e1r regisztr\u00e1lt n\u00e1lunk, akkor csak be kell jelentkeznie a bel\u00e9p\u00e9si adataival. Ha elfelejtette jelszav\u00e1t, k\u00e9rj\u00fck, haszn\u00e1lja a &#8222;Jelsz\u00f3 elfelejt\u00e9se&#8221; funkci\u00f3t.<\/p><ol class=\"wp-block-list\" start=\"4\"><li><strong>l\u00e9p\u00e9s &#8211; Fizet\u00e9s<\/strong><\/li><\/ol><p>Az \u00fcgyf\u00e9lfi\u00f3kj\u00e1ban v\u00e1lassza ki az \u00d6n \u00e1ltal prefer\u00e1lt fizet\u00e9si m\u00f3dot. Az \u00d6n rendelkez\u00e9s\u00e9re \u00e1ll\u00f3 lehet\u0151s\u00e9gek a lak\u00f3helye szerinti orsz\u00e1gt\u00f3l f\u00fcgg\u0151en v\u00e1ltozhatnak. Mastercard, Visa, azonnali banki \u00e1tutal\u00e1s, Bitcoin, Neteller, Skrill \u00e9s Paysafecard csak n\u00e9h\u00e1ny a fizet\u00e9si lehet\u0151s\u00e9gek k\u00f6z\u00fcl. Csak v\u00e1lassza ki a k\u00edv\u00e1ntat, majd kattintson a v\u00e1s\u00e1rl\u00e1s gombra.<\/p><p>A fizet\u00e9s ut\u00e1n a regisztr\u00e1lt e-mail c\u00edm\u00e9re kap egy e-mailt, amely meger\u0151s\u00edti a v\u00e1s\u00e1rl\u00e1st. \u00cdgy megbizonyosodhatsz r\u00f3la, hogy a rendel\u00e9sed megt\u00f6rt\u00e9nt, \u00e9s k\u00e9szen \u00e1llsz a sorsol\u00e1sra.<\/p><p>Miut\u00e1n regisztr\u00e1lt\u00e1l, p\u00e9nzt is befizethetsz a sz\u00e1ml\u00e1dra, hogy k\u00e9s\u0151bb megvehesd a k\u00edv\u00e1nt jegyeket. Ez egy szuper egyszer\u0171 folyamat, mert szeretn\u00e9nk biztos\u00edtani, hogy pillanatok alatt hozz\u00e1juthatsz a k\u00edv\u00e1nt jegyekhez. Term\u00e9szetesen azt is megteheti, hogy egyszer\u0171en hozz\u00e1ad n\u00e9h\u00e1ny lott\u00f3szelv\u00e9nyt a kosar\u00e1hoz, majd kifizeti azokat a szelv\u00e9nyeket, hogy teljes legyen a megrendel\u00e9se.<\/p><h2 class=\"wp-block-heading\">Miut\u00e1n online megv\u00e1s\u00e1rolta a szelv\u00e9nyeit<\/h2><p>N\u00e9gy l\u00e9p\u00e9s \u00e9s mind\u00f6ssze n\u00e9h\u00e1ny perc, \u00e9s m\u00e1ris k\u00e9szen \u00e1ll a sorsol\u00e1sra. \u00c9s amiatt sem kell agg\u00f3dnia, hogy lemarad valamir\u0151l, mert azonnal \u00e9rtes\u00edtj\u00fck, ha nyer valamit a sorsol\u00e1son.<\/p><p>Term\u00e9szetesen, ha ellen\u0151rizni szeretn\u00e9d magad, b\u00e1rmikor bel\u00e9phetsz a fi\u00f3kodba, amikor csak akarod, \u00e9s l\u00e1thatod, hogy milyen szelv\u00e9nyeket v\u00e1s\u00e1rolt\u00e1l, \u00e9s milyen j\u00e1t\u00e9kokra.<\/p><p><img decoding=\"async\" class=\"size-full wp-image alignright\" src=\"https:\/\/content.redfoxlotto.com\/uploads\/sites\/9\/1_buy_lottery_online.jpg\" alt=\"szelv\u00e9nyt online fizetni\"><\/p>\r\n<p>Ha nyert\u00e9l valamit, vagy egy sorsol\u00e1st k\u00f6vet\u0151en b\u00e1rmilyen sz\u00e1mmal megegyezett, megmutatjuk a megfelel\u0151 sz\u00e1mokat, \u00e9s k\u00f6zvetlen\u00fcl a fi\u00f3kod oldal\u00e1n tudatni fogjuk veled, hogy nyert\u00e9l-e. Arr\u00f3l is t\u00e1j\u00e9koztatjuk, hogy mit kell tennie ahhoz, hogy ig\u00e9nyelje a nyerem\u00e9ny\u00e9t, \u00edgy nem kell agg\u00f3dnia, hogy lemarad valamir\u0151l.<\/p>\r\n<p><!-- \/wp:post-content --><\/p>\r\n<p><!-- wp:paragraph --><\/p>\r\n<p>Vel\u00fcnk lott\u00f3zni ilyen egyszer\u0171, \u00e9s sokkal sz\u00f3rakoztat\u00f3bb lesz, mint b\u00e1rmi, amit eddig j\u00e1tszott\u00e1l, mert sokkal t\u00f6bb lehet\u0151s\u00e9ged lesz. Ez hat\u00e1rozottan be fogja vinni \u00d6nt a lott\u00f3szelv\u00e9nyek online v\u00e1s\u00e1rl\u00e1s\u00e1nak lehet\u0151s\u00e9g\u00e9be.<\/p>\r\n<p><!-- \/wp:paragraph --><\/p>","protected":false},"excerpt":{"rendered":"<p>K\u00e9szen \u00e1ll arra, hogy sorsjegyet v\u00e1s\u00e1roljon a vil\u00e1g b\u00e1rmely pontj\u00e1r\u00f3l? Vagy tal\u00e1n m\u00e9g nem vagy biztos benne, hogy k\u00e9szen \u00e1llsz-e r\u00e1. Tal\u00e1n m\u00e9g nem vagy biztos benne, hogy ez t\u00e9nyleg sz\u00f3rakoztat\u00f3 lesz sz\u00e1modra. Vagy tal\u00e1n nem tudja, milyen lesz a folyamat. Weboldalunkon online v\u00e1s\u00e1rolhat lott\u00f3szelv\u00e9nyeket a vil\u00e1g legnagyobb lott\u00f3j\u00e1t\u00e9kaira. \u00c9s amikor azt mondjuk, hogy a [&hellip;]<\/p>\n","protected":false},"author":1,"featured_media":0,"parent":0,"menu_order":3,"comment_status":"closed","ping_status":"closed","template":"Information.php","meta":{"_et_pb_use_builder":"","_et_pb_old_content":"","_et_gb_content_width":"","exclude_from_search":false,"footnotes":""},"class_list":["post-55209","page","type-page","status-publish","hentry"],"yoast_head":"<!-- This site is optimized with the Yoast SEO plugin v27.4 - https:\/\/yoast.com\/product\/yoast-seo-wordpress\/ -->\n<title>V\u00e1s\u00e1roljon online lott\u00f3szelv\u00e9nyeket - a bolyg\u00f3 legjobb lott\u00f3szelv\u00e9nyei itt el\u00e9rhet\u0151ek!<\/title>\n<meta name=\"description\" content=\"A vil\u00e1gm\u00e9ret\u0171 lott\u00f3szelv\u00e9nyek online v\u00e1s\u00e1rl\u00e1sa biztons\u00e1gos \u00e9s egyszer\u0171 - \u00edgy m\u0171k\u00f6dik!\" \/>\n<meta name=\"robots\" content=\"index, follow, max-snippet:-1, max-image-preview:large, max-video-preview:-1\" \/>\n<link rel=\"canonical\" href=\"https:\/\/redfoxlotto.com\/hu\/lottojatekok\/\" \/>\n<meta property=\"og:locale\" content=\"hu_HU\" \/>\n<meta property=\"og:type\" content=\"article\" \/>\n<meta property=\"og:title\" content=\"V\u00e1s\u00e1roljon online lott\u00f3szelv\u00e9nyeket - a bolyg\u00f3 legjobb lott\u00f3szelv\u00e9nyei itt el\u00e9rhet\u0151ek!\" \/>\n<meta property=\"og:description\" content=\"A vil\u00e1gm\u00e9ret\u0171 lott\u00f3szelv\u00e9nyek online v\u00e1s\u00e1rl\u00e1sa biztons\u00e1gos \u00e9s egyszer\u0171 - \u00edgy m\u0171k\u00f6dik!\" \/>\n<meta property=\"og:url\" content=\"https:\/\/redfoxlotto.com\/hu\/lottojatekok\/\" \/>\n<meta property=\"og:site_name\" content=\"Get Tickets for the World\u2019s largest jackpots\" \/>\n<meta property=\"article:modified_time\" content=\"2025-12-18T09:44:07+00:00\" \/>\n<meta property=\"og:image\" content=\"https:\/\/content.redfoxlotto.com\/uploads\/sites\/9\/1_lottery_ticket.jpg\" \/>\n<meta name=\"twitter:card\" content=\"summary_large_image\" \/>\n<meta name=\"twitter:label1\" content=\"Becs\u00fclt olvas\u00e1si id\u0151\" \/>\n\t<meta name=\"twitter:data1\" content=\"4 perc\" \/>\n<script type=\"application\/ld+json\" class=\"yoast-schema-graph\">{\"@context\":\"https:\\\/\\\/schema.org\",\"@graph\":[{\"@type\":\"WebPage\",\"@id\":\"https:\\\/\\\/redfoxlotto.com\\\/hu\\\/lottojatekok\\\/\",\"url\":\"https:\\\/\\\/redfoxlotto.com\\\/hu\\\/lottojatekok\\\/\",\"name\":\"V\u00e1s\u00e1roljon online lott\u00f3szelv\u00e9nyeket - a bolyg\u00f3 legjobb lott\u00f3szelv\u00e9nyei itt el\u00e9rhet\u0151ek!\",\"isPartOf\":{\"@id\":\"https:\\\/\\\/redfoxlotto.com\\\/hu\\\/#website\"},\"primaryImageOfPage\":{\"@id\":\"https:\\\/\\\/redfoxlotto.com\\\/hu\\\/lottojatekok\\\/#primaryimage\"},\"image\":{\"@id\":\"https:\\\/\\\/redfoxlotto.com\\\/hu\\\/lottojatekok\\\/#primaryimage\"},\"thumbnailUrl\":\"https:\\\/\\\/content.redfoxlotto.com\\\/uploads\\\/sites\\\/9\\\/1_lottery_ticket.jpg\",\"datePublished\":\"2023-04-24T14:12:24+00:00\",\"dateModified\":\"2025-12-18T09:44:07+00:00\",\"description\":\"A vil\u00e1gm\u00e9ret\u0171 lott\u00f3szelv\u00e9nyek online v\u00e1s\u00e1rl\u00e1sa biztons\u00e1gos \u00e9s egyszer\u0171 - \u00edgy m\u0171k\u00f6dik!\",\"breadcrumb\":{\"@id\":\"https:\\\/\\\/redfoxlotto.com\\\/hu\\\/lottojatekok\\\/#breadcrumb\"},\"inLanguage\":\"hu\",\"potentialAction\":[{\"@type\":\"ReadAction\",\"target\":[\"https:\\\/\\\/redfoxlotto.com\\\/hu\\\/lottojatekok\\\/\"]}]},{\"@type\":\"ImageObject\",\"inLanguage\":\"hu\",\"@id\":\"https:\\\/\\\/redfoxlotto.com\\\/hu\\\/lottojatekok\\\/#primaryimage\",\"url\":\"https:\\\/\\\/content.redfoxlotto.com\\\/uploads\\\/sites\\\/9\\\/1_lottery_ticket.jpg\",\"contentUrl\":\"https:\\\/\\\/content.redfoxlotto.com\\\/uploads\\\/sites\\\/9\\\/1_lottery_ticket.jpg\"},{\"@type\":\"BreadcrumbList\",\"@id\":\"https:\\\/\\\/redfoxlotto.com\\\/hu\\\/lottojatekok\\\/#breadcrumb\",\"itemListElement\":[{\"@type\":\"ListItem\",\"position\":1,\"name\":\"Home\",\"item\":\"https:\\\/\\\/redfoxlotto.com\\\/hu\\\/\"},{\"@type\":\"ListItem\",\"position\":2,\"name\":\"Lott\u00f3j\u00e1t\u00e9kok Online &#8211; lott\u00f3 nyerem\u00e9nyek \u00e9s online lotto jackpot\"}]},{\"@type\":\"WebSite\",\"@id\":\"https:\\\/\\\/redfoxlotto.com\\\/hu\\\/#website\",\"url\":\"https:\\\/\\\/redfoxlotto.com\\\/hu\\\/\",\"name\":\"Get Tickets for the World\u2019s largest jackpots\",\"description\":\"Participate in worldwide lottery jackpots from any country\",\"publisher\":{\"@id\":\"https:\\\/\\\/redfoxlotto.com\\\/hu\\\/#organization\"},\"potentialAction\":[{\"@type\":\"SearchAction\",\"target\":{\"@type\":\"EntryPoint\",\"urlTemplate\":\"https:\\\/\\\/redfoxlotto.com\\\/hu\\\/?s={search_term_string}\"},\"query-input\":{\"@type\":\"PropertyValueSpecification\",\"valueRequired\":true,\"valueName\":\"search_term_string\"}}],\"inLanguage\":\"hu\"},{\"@type\":\"Organization\",\"@id\":\"https:\\\/\\\/redfoxlotto.com\\\/hu\\\/#organization\",\"name\":\"Get Tickets for the World\u2019s largest jackpots\",\"url\":\"https:\\\/\\\/redfoxlotto.com\\\/hu\\\/\",\"logo\":{\"@type\":\"ImageObject\",\"inLanguage\":\"hu\",\"@id\":\"https:\\\/\\\/redfoxlotto.com\\\/hu\\\/#\\\/schema\\\/logo\\\/image\\\/\",\"url\":\"https:\\\/\\\/redfoxlotto.com\\\/wp-content\\\/uploads\\\/2023\\\/04\\\/logo.png\",\"contentUrl\":\"https:\\\/\\\/redfoxlotto.com\\\/wp-content\\\/uploads\\\/2023\\\/04\\\/logo.png\",\"width\":269,\"height\":53,\"caption\":\"Get Tickets for the World\u2019s largest jackpots\"},\"image\":{\"@id\":\"https:\\\/\\\/redfoxlotto.com\\\/hu\\\/#\\\/schema\\\/logo\\\/image\\\/\"}}]}<\/script>\n<!-- \/ Yoast SEO plugin. -->","yoast_head_json":{"title":"V\u00e1s\u00e1roljon online lott\u00f3szelv\u00e9nyeket - a bolyg\u00f3 legjobb lott\u00f3szelv\u00e9nyei itt el\u00e9rhet\u0151ek!","description":"A vil\u00e1gm\u00e9ret\u0171 lott\u00f3szelv\u00e9nyek online v\u00e1s\u00e1rl\u00e1sa biztons\u00e1gos \u00e9s egyszer\u0171 - \u00edgy m\u0171k\u00f6dik!","robots":{"index":"index","follow":"follow","max-snippet":"max-snippet:-1","max-image-preview":"max-image-preview:large","max-video-preview":"max-video-preview:-1"},"canonical":"https:\/\/redfoxlotto.com\/hu\/lottojatekok\/","og_locale":"hu_HU","og_type":"article","og_title":"V\u00e1s\u00e1roljon online lott\u00f3szelv\u00e9nyeket - a bolyg\u00f3 legjobb lott\u00f3szelv\u00e9nyei itt el\u00e9rhet\u0151ek!","og_description":"A vil\u00e1gm\u00e9ret\u0171 lott\u00f3szelv\u00e9nyek online v\u00e1s\u00e1rl\u00e1sa biztons\u00e1gos \u00e9s egyszer\u0171 - \u00edgy m\u0171k\u00f6dik!","og_url":"https:\/\/redfoxlotto.com\/hu\/lottojatekok\/","og_site_name":"Get Tickets for the World\u2019s largest jackpots","article_modified_time":"2025-12-18T09:44:07+00:00","og_image":[{"url":"https:\/\/content.redfoxlotto.com\/uploads\/sites\/9\/1_lottery_ticket.jpg","type":"","width":"","height":""}],"twitter_card":"summary_large_image","twitter_misc":{"Becs\u00fclt olvas\u00e1si id\u0151":"4 perc"},"schema":{"@context":"https:\/\/schema.org","@graph":[{"@type":"WebPage","@id":"https:\/\/redfoxlotto.com\/hu\/lottojatekok\/","url":"https:\/\/redfoxlotto.com\/hu\/lottojatekok\/","name":"V\u00e1s\u00e1roljon online lott\u00f3szelv\u00e9nyeket - a bolyg\u00f3 legjobb lott\u00f3szelv\u00e9nyei itt el\u00e9rhet\u0151ek!","isPartOf":{"@id":"https:\/\/redfoxlotto.com\/hu\/#website"},"primaryImageOfPage":{"@id":"https:\/\/redfoxlotto.com\/hu\/lottojatekok\/#primaryimage"},"image":{"@id":"https:\/\/redfoxlotto.com\/hu\/lottojatekok\/#primaryimage"},"thumbnailUrl":"https:\/\/content.redfoxlotto.com\/uploads\/sites\/9\/1_lottery_ticket.jpg","datePublished":"2023-04-24T14:12:24+00:00","dateModified":"2025-12-18T09:44:07+00:00","description":"A vil\u00e1gm\u00e9ret\u0171 lott\u00f3szelv\u00e9nyek online v\u00e1s\u00e1rl\u00e1sa biztons\u00e1gos \u00e9s egyszer\u0171 - \u00edgy m\u0171k\u00f6dik!","breadcrumb":{"@id":"https:\/\/redfoxlotto.com\/hu\/lottojatekok\/#breadcrumb"},"inLanguage":"hu","potentialAction":[{"@type":"ReadAction","target":["https:\/\/redfoxlotto.com\/hu\/lottojatekok\/"]}]},{"@type":"ImageObject","inLanguage":"hu","@id":"https:\/\/redfoxlotto.com\/hu\/lottojatekok\/#primaryimage","url":"https:\/\/content.redfoxlotto.com\/uploads\/sites\/9\/1_lottery_ticket.jpg","contentUrl":"https:\/\/content.redfoxlotto.com\/uploads\/sites\/9\/1_lottery_ticket.jpg"},{"@type":"BreadcrumbList","@id":"https:\/\/redfoxlotto.com\/hu\/lottojatekok\/#breadcrumb","itemListElement":[{"@type":"ListItem","position":1,"name":"Home","item":"https:\/\/redfoxlotto.com\/hu\/"},{"@type":"ListItem","position":2,"name":"Lott\u00f3j\u00e1t\u00e9kok Online &#8211; lott\u00f3 nyerem\u00e9nyek \u00e9s online lotto jackpot"}]},{"@type":"WebSite","@id":"https:\/\/redfoxlotto.com\/hu\/#website","url":"https:\/\/redfoxlotto.com\/hu\/","name":"Get Tickets for the World\u2019s largest jackpots","description":"Participate in worldwide lottery jackpots from any country","publisher":{"@id":"https:\/\/redfoxlotto.com\/hu\/#organization"},"potentialAction":[{"@type":"SearchAction","target":{"@type":"EntryPoint","urlTemplate":"https:\/\/redfoxlotto.com\/hu\/?s={search_term_string}"},"query-input":{"@type":"PropertyValueSpecification","valueRequired":true,"valueName":"search_term_string"}}],"inLanguage":"hu"},{"@type":"Organization","@id":"https:\/\/redfoxlotto.com\/hu\/#organization","name":"Get Tickets for the World\u2019s largest jackpots","url":"https:\/\/redfoxlotto.com\/hu\/","logo":{"@type":"ImageObject","inLanguage":"hu","@id":"https:\/\/redfoxlotto.com\/hu\/#\/schema\/logo\/image\/","url":"https:\/\/redfoxlotto.com\/wp-content\/uploads\/2023\/04\/logo.png","contentUrl":"https:\/\/redfoxlotto.com\/wp-content\/uploads\/2023\/04\/logo.png","width":269,"height":53,"caption":"Get Tickets for the World\u2019s largest jackpots"},"image":{"@id":"https:\/\/redfoxlotto.com\/hu\/#\/schema\/logo\/image\/"}}]}},"_links":{"self":[{"href":"https:\/\/redfoxlotto.com\/hu\/wp-json\/wp\/v2\/pages\/55209","targetHints":{"allow":["GET"]}}],"collection":[{"href":"https:\/\/redfoxlotto.com\/hu\/wp-json\/wp\/v2\/pages"}],"about":[{"href":"https:\/\/redfoxlotto.com\/hu\/wp-json\/wp\/v2\/types\/page"}],"author":[{"embeddable":true,"href":"https:\/\/redfoxlotto.com\/hu\/wp-json\/wp\/v2\/users\/1"}],"replies":[{"embeddable":true,"href":"https:\/\/redfoxlotto.com\/hu\/wp-json\/wp\/v2\/comments?post=55209"}],"version-history":[{"count":0,"href":"https:\/\/redfoxlotto.com\/hu\/wp-json\/wp\/v2\/pages\/55209\/revisions"}],"wp:attachment":[{"href":"https:\/\/redfoxlotto.com\/hu\/wp-json\/wp\/v2\/media?parent=55209"}],"curies":[{"name":"wp","href":"https:\/\/api.w.org\/{rel}","templated":true}]}}