{"id":55208,"date":"2018-11-18T08:54:25","date_gmt":"2018-11-18T08:54:25","guid":{"rendered":"https:\/\/redfoxlotto.com\/?page_id=21538"},"modified":"2023-03-13T17:37:23","modified_gmt":"2023-03-13T17:37:23","slug":"lotto-uk","status":"publish","type":"page","link":"https:\/\/redfoxlotto.com\/hu\/eredmenyek\/lotto-uk\/","title":{"rendered":"UK lott\u00f3 eredm\u00e9nyek"},"content":{"rendered":"<p>\u00cdme az Egyes\u00fclt Kir\u00e1lys\u00e1g lott\u00f3 aktu\u00e1lis eredm\u00e9nyei. A brit lott\u00f3 sorsol\u00e1si eredm\u00e9nyeinek arch\u00edvum\u00e1ban megtekintheti az elm\u00falt heteket \u00e9s azok eredm\u00e9nyeit.<\/p><p>K\u00e9szen \u00e1llsz a brit lott\u00f3j\u00e1t\u00e9kra? Ha igen, akkor \u00f6r\u00f6mmel fogja hallani, hogy a jackpotok t\u00f6bb milli\u00f3 eur\u00f3sak is lehetnek, \u00e9s el\u00e9g j\u00f3 es\u00e9lye lehet a jackpot megnyer\u00e9s\u00e9re. Mind\u00f6ssze annyit kell tennie, hogy egy kis p\u00e9nzt k\u00f6lt egy szelv\u00e9ny megv\u00e1s\u00e1rl\u00e1s\u00e1ra, \u00e9s m\u00e1ris van es\u00e9lye. Nem kell az Egyes\u00fclt Kir\u00e1lys\u00e1gban vagy annak k\u00f6zel\u00e9ben \u00e9lnie ahhoz, hogy es\u00e9lye legyen. Csak fel kell keresned az egyik online jegy\u00e9rt\u00e9kes\u00edt\u0151 oldalt, hogy t\u00f6bbet tudj meg.<\/p><h2 class=\"wp-block-heading\">Minden az Egyes\u00fclt Kir\u00e1lys\u00e1g lott\u00f3r\u00f3l<\/h2><p><img loading=\"lazy\" decoding=\"async\" class=\" wp-image alignright\" src=\"https:\/\/content.redfoxlotto.com\/uploads\/sites\/9\/1_results_tickets_lotto.jpg\" alt=\"UK Lotto\" width=\"241\" height=\"170\"><\/p><p>Amikor az Egyes\u00fclt Kir\u00e1lys\u00e1g lott\u00f3r\u00f3l van sz\u00f3, val\u00f3j\u00e1ban 6 k\u00fcl\u00f6nb\u00f6z\u0151 sz\u00e1mot fog v\u00e1lasztani 1 \u00e9s 59 k\u00f6z\u00f6tt. Kiv\u00e1laszthatod az \u00f6sszes sz\u00e1mot, vagy v\u00e1laszthatsz egy gyors tippet, ha szeretn\u00e9d, hogy valaki m\u00e1s v\u00e1lassza ki helyetted a sz\u00e1mokat. Egy sz\u00e1m\u00edt\u00f3g\u00e9p ugyanis v\u00e9letlenszer\u0171en v\u00e1lasztja ki a sz\u00e1mokat, te pedig csak h\u00e1trad\u0151lhetsz \u00e9s v\u00e1rhatod, hogy a te sz\u00e1maid j\u00f6nnek-e ki. Ha csak n\u00e9h\u00e1ny sz\u00e1mot tal\u00e1lsz el, akkor gyorsan a nyerem\u00e9nyhez juthatsz. A jackpot megnyer\u00e9s\u00e9hez azonban az \u00f6sszes sz\u00e1mot meg kell tal\u00e1lnia.<\/p><p>Nos, ez a jackpot val\u00f3j\u00e1ban meglehet\u0151sen j\u00f3 es\u00e9lyekkel rendelkezik a nyer\u00e9sre, \u00f6sszehasonl\u00edtva m\u00e1s j\u00e1t\u00e9kokkal, amelyeket j\u00e1tszani szeretne. Emellett t\u00f6bb k\u00fcl\u00f6nb\u00f6z\u0151 nyerem\u00e9nyre is lehet\u0151s\u00e9ged lesz. Nyerhetsz nagy nyerem\u00e9nyeket, kis nyerem\u00e9nyeket, \u00e9s a kett\u0151 k\u00f6z\u00f6tt t\u00f6bbf\u00e9l\u00e9t is. Ez m\u00e9g val\u00f3sz\u00edn\u0171bb\u00e9 teszi, hogy nyerni fogsz valamit. Emellett k\u00f6nnyen l\u00e1thatja, hogy mik a nyer\u0151sz\u00e1mok, ha egy online platformon kereszt\u00fcl v\u00e1s\u00e1rolja meg a szelv\u00e9ny\u00e9t. Az olyan lehet\u0151s\u00e9gek, mint a RedFoxLotto.com szuperegyszer\u0171v\u00e9 teszik ezt az \u00d6n sz\u00e1m\u00e1ra.<\/p><h2 class=\"wp-block-heading\">Online v\u00e1s\u00e1rl\u00e1s<\/h2><p>Ha a legk\u00e9nyelmesebb m\u00f3dj\u00e1t keresi a lott\u00f3szelv\u00e9nyek megv\u00e1s\u00e1rl\u00e1s\u00e1nak, akkor mindenk\u00e9ppen az interneten kell keresnie. Az online szolg\u00e1ltat\u00e1sok ugyanis ugyanazokat az el\u0151ny\u00f6ket ny\u00fajtj\u00e1k, mintha k\u00f6zvetlen\u00fcl egy \u00fczletben v\u00e1s\u00e1rolna, de an\u00e9lk\u00fcl, hogy el kellene hagynia otthon\u00e1t. Azok sz\u00e1m\u00e1ra, akik abban a r\u00e9gi\u00f3ban \u00e9lnek, ahol ezeket a szelv\u00e9nyeket \u00e1rulj\u00e1k, egyszer\u0171en sz\u00f3rakoztat\u00f3bb \u00e9s k\u00e9nyelmesebb \u00edgy v\u00e1s\u00e1rolni. Ki akarja elhagyni az otthona k\u00e9nyelm\u00e9t, ha nem musz\u00e1j? De azok sz\u00e1m\u00e1ra, akik nem a megfelel\u0151 ter\u00fcleten \u00e9lnek, m\u00e9g nagyobb okok sz\u00f3lnak az online v\u00e1s\u00e1rl\u00e1s mellett.<\/p><p>Azok, akik nem az Egyes\u00fclt Kir\u00e1lys\u00e1gban \u00e9lnek, teljes eg\u00e9sz\u00e9ben online v\u00e1s\u00e1rolhatnak jegyet an\u00e9lk\u00fcl, hogy valaha is el kellene l\u00e1togatniuk az Egyes\u00fclt Kir\u00e1lys\u00e1gba. Ez m\u00e9g egyszer\u0171bb\u00e9 teszi a j\u00e1t\u00e9kot. Elv\u00e9gre nem tudt\u00e1l j\u00e1tszani az Egyes\u00fclt Kir\u00e1lys\u00e1g lott\u00f3n, miel\u0151tt az online el\u00e9rhet\u0151 lett volna, igaz? De ha most megn\u00e9zi a lehet\u0151s\u00e9geket, akkor l\u00e1thatja, hogy hol v\u00e1s\u00e1rolhatja meg a szelv\u00e9ny\u00e9t, \u00e9s \u00edgy m\u00e1ris versenybe sz\u00e1llhat a jackpot\u00e9rt. Ez\u00e1ltal m\u00e9g t\u00f6bb es\u00e9lyed van a nyer\u00e9sre, mintha csak a szok\u00e1sos lehet\u0151s\u00e9gek k\u00f6z\u00fcl v\u00e1lasztan\u00e1l.<\/p><h2 class=\"wp-block-heading\">Az Egyes\u00fclt Kir\u00e1lys\u00e1g lott\u00f3 eredm\u00e9nyek ellen\u0151rz\u00e9se<\/h2><p><img loading=\"lazy\" decoding=\"async\" class=\" wp-image alignright\" src=\"https:\/\/content.redfoxlotto.com\/uploads\/sites\/9\/1_lucky_lottery_winner.jpg\" alt=\"nyer\u0151sz\u00e1mok\" width=\"216\" height=\"295\"><\/p><p>Sz\u00f3val, mit tegyen, amikor elj\u00f6tt az ideje, hogy t\u00e9nylegesen ellen\u0151rizze az Egyes\u00fclt Kir\u00e1lys\u00e1g lott\u00f3 eredm\u00e9nyeit? Meg kell n\u00e9znie a sok k\u00fcl\u00f6nb\u00f6z\u0151 weboldal \u00e9s szolg\u00e1ltat\u00e1s egyik\u00e9t, amelyek az eredm\u00e9nyeket biztos\u00edtj\u00e1k az \u00d6n sz\u00e1m\u00e1ra. Az egyik ilyen a helyi \u00fajs\u00e1g. Term\u00e9szetesen ez csak akkor fog m\u0171k\u00f6dni, ha olyan ter\u00fcleten \u00e9l, ahol ezeket a szelv\u00e9nyeket \u00e1ltal\u00e1ban \u00e1rulj\u00e1k. A nemzetk\u00f6zi lott\u00f3sz\u00e1mok nem fognak megjelenni m\u00e1s orsz\u00e1gok \u00fajs\u00e1gjaiban. Az \u00e9l\u0151 sorsol\u00e1sokat is megn\u00e9zheti, ha olyan ter\u00fcleten \u00e9l, ahol a sorsol\u00e1sok online vagy a telev\u00edzi\u00f3ban zajlanak, teljesen \u00e9l\u0151ben.<\/p><p>V\u00e9g\u00fcl pedig olyan k\u00fcl\u00f6nb\u00f6z\u0151 online szolg\u00e1ltat\u00e1sokat n\u00e9zhet meg k\u00f6zelebbr\u0151l, amelyek a lott\u00f3sz\u00e1mokat vagy k\u00f6zvetlen\u00fcl a sorsol\u00e1st k\u00f6vet\u0151en, vagy legal\u00e1bb n\u00e9h\u00e1ny \u00f3r\u00e1val az adott sorsol\u00e1st k\u00f6vet\u0151en k\u00edn\u00e1lj\u00e1k fel. Az egyik ilyen hely a RedFoxLotto lesz, ahol szint\u00e9n v\u00e1s\u00e1rolhat szelv\u00e9nyeket a j\u00e1tszani k\u00edv\u00e1nt j\u00e1t\u00e9kokra. Ami igaz\u00e1n nagyszer\u0171, hogy a nyertes sz\u00e1mokat a t\u00e9nyleges nyer\u0151sz\u00e1mokkal \u00f6sszehasonl\u00edtva l\u00e1thatod, \u00edgy m\u00e9g gyorsabban ig\u00e9nyelheted a nyerem\u00e9nyedet.<\/p><p>Ha online lott\u00f3zni szeretn\u00e9l, mindenk\u00e9ppen n\u00e9zd meg az Egyes\u00fclt Kir\u00e1lys\u00e1g lott\u00f3j\u00e1t, de a vil\u00e1g sz\u00e1mos m\u00e1s lott\u00f3j\u00e1t\u00e9k\u00e1t is megn\u00e9zheted. Nincs okod arra, hogy h\u00e1trad\u0151lj \u00e9s csak az orsz\u00e1godban l\u00e9tez\u0151 j\u00e1t\u00e9kokat j\u00e1tssz, amikor annyi minden van odakint.<\/p>","protected":false},"excerpt":{"rendered":"<p>\u00cdme az Egyes\u00fclt Kir\u00e1lys\u00e1g lott\u00f3 aktu\u00e1lis eredm\u00e9nyei. A brit lott\u00f3 sorsol\u00e1si eredm\u00e9nyeinek arch\u00edvum\u00e1ban megtekintheti az elm\u00falt heteket \u00e9s azok eredm\u00e9nyeit. K\u00e9szen \u00e1llsz a brit lott\u00f3j\u00e1t\u00e9kra? Ha igen, akkor \u00f6r\u00f6mmel fogja hallani, hogy a jackpotok t\u00f6bb milli\u00f3 eur\u00f3sak is lehetnek, \u00e9s el\u00e9g j\u00f3 es\u00e9lye lehet a jackpot megnyer\u00e9s\u00e9re. Mind\u00f6ssze annyit kell tennie, hogy egy kis p\u00e9nzt [&hellip;]<\/p>\n","protected":false},"author":1,"featured_media":0,"parent":55183,"menu_order":9,"comment_status":"closed","ping_status":"closed","template":"lotto-uk-results.php","meta":{"_et_pb_use_builder":"","_et_pb_old_content":"","_et_gb_content_width":"","exclude_from_search":false,"footnotes":""},"class_list":["post-55208","page","type-page","status-publish","hentry"],"yoast_head":"<!-- This site is optimized with the Yoast SEO plugin v27.4 - https:\/\/yoast.com\/product\/yoast-seo-wordpress\/ -->\n<title>Nyer\u0151 sz\u00e1mok \u00e9s eredm\u00e9nyek a UK Lottery<\/title>\n<meta name=\"description\" content=\"Elhozzuk \u00d6nnek az Egyes\u00fclt Kir\u00e1lys\u00e1g lott\u00f3 eredm\u00e9nyeit \u00e9s a kor\u00e1bbi nyertes sz\u00e1mok arch\u00edvum\u00e1t.\" \/>\n<meta name=\"robots\" content=\"index, follow, max-snippet:-1, max-image-preview:large, max-video-preview:-1\" \/>\n<link rel=\"canonical\" href=\"https:\/\/redfoxlotto.com\/hu\/eredmenyek\/lotto-uk\/\" \/>\n<meta property=\"og:locale\" content=\"hu_HU\" \/>\n<meta property=\"og:type\" content=\"article\" \/>\n<meta property=\"og:title\" content=\"Nyer\u0151 sz\u00e1mok \u00e9s eredm\u00e9nyek a UK Lottery\" \/>\n<meta property=\"og:description\" content=\"Elhozzuk \u00d6nnek az Egyes\u00fclt Kir\u00e1lys\u00e1g lott\u00f3 eredm\u00e9nyeit \u00e9s a kor\u00e1bbi nyertes sz\u00e1mok arch\u00edvum\u00e1t.\" \/>\n<meta property=\"og:url\" content=\"https:\/\/redfoxlotto.com\/hu\/eredmenyek\/lotto-uk\/\" \/>\n<meta property=\"og:site_name\" content=\"Get Tickets for the World\u2019s largest jackpots\" \/>\n<meta property=\"article:modified_time\" content=\"2023-03-13T17:37:23+00:00\" \/>\n<meta property=\"og:image\" content=\"https:\/\/content.redfoxlotto.com\/uploads\/sites\/9\/1_results_tickets_lotto.jpg\" \/>\n<meta name=\"twitter:card\" content=\"summary_large_image\" \/>\n<meta name=\"twitter:label1\" content=\"Becs\u00fclt olvas\u00e1si id\u0151\" \/>\n\t<meta name=\"twitter:data1\" content=\"4 perc\" \/>\n<script type=\"application\/ld+json\" class=\"yoast-schema-graph\">{\"@context\":\"https:\\\/\\\/schema.org\",\"@graph\":[{\"@type\":\"WebPage\",\"@id\":\"https:\\\/\\\/redfoxlotto.com\\\/hu\\\/eredmenyek\\\/lotto-uk\\\/\",\"url\":\"https:\\\/\\\/redfoxlotto.com\\\/hu\\\/eredmenyek\\\/lotto-uk\\\/\",\"name\":\"Nyer\u0151 sz\u00e1mok \u00e9s eredm\u00e9nyek a UK Lottery\",\"isPartOf\":{\"@id\":\"https:\\\/\\\/redfoxlotto.com\\\/hu\\\/#website\"},\"primaryImageOfPage\":{\"@id\":\"https:\\\/\\\/redfoxlotto.com\\\/hu\\\/eredmenyek\\\/lotto-uk\\\/#primaryimage\"},\"image\":{\"@id\":\"https:\\\/\\\/redfoxlotto.com\\\/hu\\\/eredmenyek\\\/lotto-uk\\\/#primaryimage\"},\"thumbnailUrl\":\"https:\\\/\\\/content.redfoxlotto.com\\\/uploads\\\/sites\\\/9\\\/1_results_tickets_lotto.jpg\",\"datePublished\":\"2018-11-18T08:54:25+00:00\",\"dateModified\":\"2023-03-13T17:37:23+00:00\",\"description\":\"Elhozzuk \u00d6nnek az Egyes\u00fclt Kir\u00e1lys\u00e1g lott\u00f3 eredm\u00e9nyeit \u00e9s a kor\u00e1bbi nyertes sz\u00e1mok arch\u00edvum\u00e1t.\",\"breadcrumb\":{\"@id\":\"https:\\\/\\\/redfoxlotto.com\\\/hu\\\/eredmenyek\\\/lotto-uk\\\/#breadcrumb\"},\"inLanguage\":\"hu\",\"potentialAction\":[{\"@type\":\"ReadAction\",\"target\":[\"https:\\\/\\\/redfoxlotto.com\\\/hu\\\/eredmenyek\\\/lotto-uk\\\/\"]}]},{\"@type\":\"ImageObject\",\"inLanguage\":\"hu\",\"@id\":\"https:\\\/\\\/redfoxlotto.com\\\/hu\\\/eredmenyek\\\/lotto-uk\\\/#primaryimage\",\"url\":\"https:\\\/\\\/content.redfoxlotto.com\\\/uploads\\\/sites\\\/9\\\/1_results_tickets_lotto.jpg\",\"contentUrl\":\"https:\\\/\\\/content.redfoxlotto.com\\\/uploads\\\/sites\\\/9\\\/1_results_tickets_lotto.jpg\"},{\"@type\":\"BreadcrumbList\",\"@id\":\"https:\\\/\\\/redfoxlotto.com\\\/hu\\\/eredmenyek\\\/lotto-uk\\\/#breadcrumb\",\"itemListElement\":[{\"@type\":\"ListItem\",\"position\":1,\"name\":\"Home\",\"item\":\"https:\\\/\\\/redfoxlotto.com\\\/hu\\\/\"},{\"@type\":\"ListItem\",\"position\":2,\"name\":\"Nemzetk\u00f6zi lott\u00f3 eredm\u00e9nyek\",\"item\":\"https:\\\/\\\/redfoxlotto.com\\\/hu\\\/eredmenyek\\\/\"},{\"@type\":\"ListItem\",\"position\":3,\"name\":\"UK lott\u00f3 eredm\u00e9nyek\"}]},{\"@type\":\"WebSite\",\"@id\":\"https:\\\/\\\/redfoxlotto.com\\\/hu\\\/#website\",\"url\":\"https:\\\/\\\/redfoxlotto.com\\\/hu\\\/\",\"name\":\"Get Tickets for the World\u2019s largest jackpots\",\"description\":\"Participate in worldwide lottery jackpots from any country\",\"publisher\":{\"@id\":\"https:\\\/\\\/redfoxlotto.com\\\/hu\\\/#organization\"},\"potentialAction\":[{\"@type\":\"SearchAction\",\"target\":{\"@type\":\"EntryPoint\",\"urlTemplate\":\"https:\\\/\\\/redfoxlotto.com\\\/hu\\\/?s={search_term_string}\"},\"query-input\":{\"@type\":\"PropertyValueSpecification\",\"valueRequired\":true,\"valueName\":\"search_term_string\"}}],\"inLanguage\":\"hu\"},{\"@type\":\"Organization\",\"@id\":\"https:\\\/\\\/redfoxlotto.com\\\/hu\\\/#organization\",\"name\":\"Get Tickets for the World\u2019s largest jackpots\",\"url\":\"https:\\\/\\\/redfoxlotto.com\\\/hu\\\/\",\"logo\":{\"@type\":\"ImageObject\",\"inLanguage\":\"hu\",\"@id\":\"https:\\\/\\\/redfoxlotto.com\\\/hu\\\/#\\\/schema\\\/logo\\\/image\\\/\",\"url\":\"https:\\\/\\\/redfoxlotto.com\\\/wp-content\\\/uploads\\\/2023\\\/04\\\/logo.png\",\"contentUrl\":\"https:\\\/\\\/redfoxlotto.com\\\/wp-content\\\/uploads\\\/2023\\\/04\\\/logo.png\",\"width\":269,\"height\":53,\"caption\":\"Get Tickets for the World\u2019s largest jackpots\"},\"image\":{\"@id\":\"https:\\\/\\\/redfoxlotto.com\\\/hu\\\/#\\\/schema\\\/logo\\\/image\\\/\"}}]}<\/script>\n<!-- \/ Yoast SEO plugin. -->","yoast_head_json":{"title":"Nyer\u0151 sz\u00e1mok \u00e9s eredm\u00e9nyek a UK Lottery","description":"Elhozzuk \u00d6nnek az Egyes\u00fclt Kir\u00e1lys\u00e1g lott\u00f3 eredm\u00e9nyeit \u00e9s a kor\u00e1bbi nyertes sz\u00e1mok arch\u00edvum\u00e1t.","robots":{"index":"index","follow":"follow","max-snippet":"max-snippet:-1","max-image-preview":"max-image-preview:large","max-video-preview":"max-video-preview:-1"},"canonical":"https:\/\/redfoxlotto.com\/hu\/eredmenyek\/lotto-uk\/","og_locale":"hu_HU","og_type":"article","og_title":"Nyer\u0151 sz\u00e1mok \u00e9s eredm\u00e9nyek a UK Lottery","og_description":"Elhozzuk \u00d6nnek az Egyes\u00fclt Kir\u00e1lys\u00e1g lott\u00f3 eredm\u00e9nyeit \u00e9s a kor\u00e1bbi nyertes sz\u00e1mok arch\u00edvum\u00e1t.","og_url":"https:\/\/redfoxlotto.com\/hu\/eredmenyek\/lotto-uk\/","og_site_name":"Get Tickets for the World\u2019s largest jackpots","article_modified_time":"2023-03-13T17:37:23+00:00","og_image":[{"url":"https:\/\/content.redfoxlotto.com\/uploads\/sites\/9\/1_results_tickets_lotto.jpg","type":"","width":"","height":""}],"twitter_card":"summary_large_image","twitter_misc":{"Becs\u00fclt olvas\u00e1si id\u0151":"4 perc"},"schema":{"@context":"https:\/\/schema.org","@graph":[{"@type":"WebPage","@id":"https:\/\/redfoxlotto.com\/hu\/eredmenyek\/lotto-uk\/","url":"https:\/\/redfoxlotto.com\/hu\/eredmenyek\/lotto-uk\/","name":"Nyer\u0151 sz\u00e1mok \u00e9s eredm\u00e9nyek a UK Lottery","isPartOf":{"@id":"https:\/\/redfoxlotto.com\/hu\/#website"},"primaryImageOfPage":{"@id":"https:\/\/redfoxlotto.com\/hu\/eredmenyek\/lotto-uk\/#primaryimage"},"image":{"@id":"https:\/\/redfoxlotto.com\/hu\/eredmenyek\/lotto-uk\/#primaryimage"},"thumbnailUrl":"https:\/\/content.redfoxlotto.com\/uploads\/sites\/9\/1_results_tickets_lotto.jpg","datePublished":"2018-11-18T08:54:25+00:00","dateModified":"2023-03-13T17:37:23+00:00","description":"Elhozzuk \u00d6nnek az Egyes\u00fclt Kir\u00e1lys\u00e1g lott\u00f3 eredm\u00e9nyeit \u00e9s a kor\u00e1bbi nyertes sz\u00e1mok arch\u00edvum\u00e1t.","breadcrumb":{"@id":"https:\/\/redfoxlotto.com\/hu\/eredmenyek\/lotto-uk\/#breadcrumb"},"inLanguage":"hu","potentialAction":[{"@type":"ReadAction","target":["https:\/\/redfoxlotto.com\/hu\/eredmenyek\/lotto-uk\/"]}]},{"@type":"ImageObject","inLanguage":"hu","@id":"https:\/\/redfoxlotto.com\/hu\/eredmenyek\/lotto-uk\/#primaryimage","url":"https:\/\/content.redfoxlotto.com\/uploads\/sites\/9\/1_results_tickets_lotto.jpg","contentUrl":"https:\/\/content.redfoxlotto.com\/uploads\/sites\/9\/1_results_tickets_lotto.jpg"},{"@type":"BreadcrumbList","@id":"https:\/\/redfoxlotto.com\/hu\/eredmenyek\/lotto-uk\/#breadcrumb","itemListElement":[{"@type":"ListItem","position":1,"name":"Home","item":"https:\/\/redfoxlotto.com\/hu\/"},{"@type":"ListItem","position":2,"name":"Nemzetk\u00f6zi lott\u00f3 eredm\u00e9nyek","item":"https:\/\/redfoxlotto.com\/hu\/eredmenyek\/"},{"@type":"ListItem","position":3,"name":"UK lott\u00f3 eredm\u00e9nyek"}]},{"@type":"WebSite","@id":"https:\/\/redfoxlotto.com\/hu\/#website","url":"https:\/\/redfoxlotto.com\/hu\/","name":"Get Tickets for the World\u2019s largest jackpots","description":"Participate in worldwide lottery jackpots from any country","publisher":{"@id":"https:\/\/redfoxlotto.com\/hu\/#organization"},"potentialAction":[{"@type":"SearchAction","target":{"@type":"EntryPoint","urlTemplate":"https:\/\/redfoxlotto.com\/hu\/?s={search_term_string}"},"query-input":{"@type":"PropertyValueSpecification","valueRequired":true,"valueName":"search_term_string"}}],"inLanguage":"hu"},{"@type":"Organization","@id":"https:\/\/redfoxlotto.com\/hu\/#organization","name":"Get Tickets for the World\u2019s largest jackpots","url":"https:\/\/redfoxlotto.com\/hu\/","logo":{"@type":"ImageObject","inLanguage":"hu","@id":"https:\/\/redfoxlotto.com\/hu\/#\/schema\/logo\/image\/","url":"https:\/\/redfoxlotto.com\/wp-content\/uploads\/2023\/04\/logo.png","contentUrl":"https:\/\/redfoxlotto.com\/wp-content\/uploads\/2023\/04\/logo.png","width":269,"height":53,"caption":"Get Tickets for the World\u2019s largest jackpots"},"image":{"@id":"https:\/\/redfoxlotto.com\/hu\/#\/schema\/logo\/image\/"}}]}},"_links":{"self":[{"href":"https:\/\/redfoxlotto.com\/hu\/wp-json\/wp\/v2\/pages\/55208","targetHints":{"allow":["GET"]}}],"collection":[{"href":"https:\/\/redfoxlotto.com\/hu\/wp-json\/wp\/v2\/pages"}],"about":[{"href":"https:\/\/redfoxlotto.com\/hu\/wp-json\/wp\/v2\/types\/page"}],"author":[{"embeddable":true,"href":"https:\/\/redfoxlotto.com\/hu\/wp-json\/wp\/v2\/users\/1"}],"replies":[{"embeddable":true,"href":"https:\/\/redfoxlotto.com\/hu\/wp-json\/wp\/v2\/comments?post=55208"}],"version-history":[{"count":0,"href":"https:\/\/redfoxlotto.com\/hu\/wp-json\/wp\/v2\/pages\/55208\/revisions"}],"up":[{"embeddable":true,"href":"https:\/\/redfoxlotto.com\/hu\/wp-json\/wp\/v2\/pages\/55183"}],"wp:attachment":[{"href":"https:\/\/redfoxlotto.com\/hu\/wp-json\/wp\/v2\/media?parent=55208"}],"curies":[{"name":"wp","href":"https:\/\/api.w.org\/{rel}","templated":true}]}}